{"id":17454,"date":"2026-01-19T04:12:27","date_gmt":"2026-01-19T03:12:27","guid":{"rendered":"https:\/\/oponypoint.shop\/xef5\/produkt\/2x-opona-zimowa-kumho-wintercraft-wp72-275-30r19-96w-xl-fr\/"},"modified":"2026-01-19T04:12:28","modified_gmt":"2026-01-19T03:12:28","slug":"2x-opona-zimowa-kumho-wintercraft-wp72-275-30r19-96w-xl-fr","status":"publish","type":"product","link":"https:\/\/oponixo.shop\/tire\/produkt\/2x-opona-zimowa-kumho-wintercraft-wp72-275-30r19-96w-xl-fr\/","title":{"rendered":"2x Opona zimowa Kumho WINTERCRAFT WP72 275\/30R19 96W XL FR"},"content":{"rendered":"<div style=\"font-family: Arial, sans-serif; line-height: 1.6; color: #333; padding: 20px; clear: both; display: block; width: 100%; float: none; position: static; overflow: hidden;\">\n<div style=\"clear: both; display: block; margin: 10px 0;\">\n<div style=\"clear: both; display: block; margin: 10px 0;\">\n<div style=\"clear: both; display: block; margin: 10px 0;\">\n<h3 style=\"color: #2c5aa0; font-size: 18px; margin: 30px 0 15px 0; font-weight: bold; clear: both; display: block; width: 100%; float: none; position: static;\">2x Opona zimowa Kumho WINTERCRAFT WP72 275\/30R19 96W XL FR<\/h3>\n<\/div>\n<\/div>\n<\/div>\n<div style=\"clear: both; display: block; margin: 10px 0;\">\n<div style=\"clear: both; display: block; margin: 10px 0;\">\n<div style=\"clear: both; display: block; margin: 10px 0;\">\n<div  style=\"max-width:500px;max-height:500px\">\n<div style=\"clear: both; display: block; margin: 10px 0;\">\n<div style=\"clear: both; width: 100%; display: block; margin: 20px 0; padding: 0; float: none; position: static; text-align: center;\"><img decoding=\"async\"  src=\"https:\/\/a.allegroimg.com\/original\/116e3c\/ccbcfd6e446b8050fca603a15f82\/2x-Opona-zimowa-Kumho-WINTERCRAFT-WP72-275-30R19-96W-XL-FR\" srcset=\"https:\/\/a.allegroimg.com\/original\/116e3c\/ccbcfd6e446b8050fca603a15f82\/2x-Opona-zimowa-Kumho-WINTERCRAFT-WP72-275-30R19-96W-XL-FR 360w,https:\/\/a.allegroimg.com\/original\/116e3c\/ccbcfd6e446b8050fca603a15f82\/2x-Opona-zimowa-Kumho-WINTERCRAFT-WP72-275-30R19-96W-XL-FR 500w,https:\/\/a.allegroimg.com\/original\/116e3c\/ccbcfd6e446b8050fca603a15f82\/2x-Opona-zimowa-Kumho-WINTERCRAFT-WP72-275-30R19-96W-XL-FR 500w\" sizes=\"(min-width: 1200px) 560px, (min-width: 992px) 50vw, 100vw\" width=\"500px\" alt=\"2x Opona zimowa Kumho WINTERCRAFT WP72 275\/30R19 96W XL FR\" style=\"max-width: 100%; height: auto; display: block; margin: 0 auto;\"><\/div>\n<\/div>\n<\/div>\n<\/div>\n<\/div>\n<div style=\"clear: both; display: block; margin: 10px 0;\">\n<div style=\"clear: both; display: block; margin: 10px 0;\">\n<ul style=\"margin: 15px 0; padding-left: 20px; clear: both; display: block; width: 100%; float: none; position: static;\">\n<li style=\"margin: 5px 0; padding: 2px 0; clear: both; display: list-item; float: none; position: static;\">Marka: <b>Kumho<\/b><\/li>\n<li style=\"margin: 5px 0; padding: 2px 0; clear: both; display: list-item; float: none; position: static;\">Liczba opon w ofercie: <b>2 szt.<\/b><\/li>\n<li style=\"margin: 5px 0; padding: 2px 0; clear: both; display: list-item; float: none; position: static;\">Sezon: <b>Zimowe<\/b><\/li>\n<li style=\"margin: 5px 0; padding: 2px 0; clear: both; display: list-item; float: none; position: static;\">Model: <b>WinterCraft WP72<\/b><\/li>\n<li style=\"margin: 5px 0; padding: 2px 0; clear: both; display: list-item; float: none; position: static;\">Szeroko\u015b\u0107: <b>275<\/b><\/li>\n<li style=\"margin: 5px 0; padding: 2px 0; clear: both; display: list-item; float: none; position: static;\">Profil: <b>30<\/b><\/li>\n<li style=\"margin: 5px 0; padding: 2px 0; clear: both; display: list-item; float: none; position: static;\">\u015arednica: <b>19<\/b><\/li>\n<li style=\"margin: 5px 0; padding: 2px 0; clear: both; display: list-item; float: none; position: static;\">Index no\u015bno\u015bci: <b>96<\/b><\/li>\n<li style=\"margin: 5px 0; padding: 2px 0; clear: both; display: list-item; float: none; position: static;\">Index pr\u0119dko\u015bci: <b>W<\/b><\/li>\n<li style=\"margin: 5px 0; padding: 2px 0; clear: both; display: list-item; float: none; position: static;\">Hamowanie na mokrym: <b>C<\/b><\/li>\n<li style=\"margin: 5px 0; padding: 2px 0; clear: both; display: list-item; float: none; position: static;\">Op\u00f3r toczenia: <b>D<\/b><\/li>\n<li style=\"margin: 5px 0; padding: 2px 0; clear: both; display: list-item; float: none; position: static;\">Ha\u0142as zewn\u0119trzny: <b>73dB<\/b><\/li>\n<li style=\"margin: 5px 0; padding: 2px 0; clear: both; display: list-item; float: none; position: static;\">SAP: <b>2392533<\/b><\/li>\n<li style=\"margin: 5px 0; padding: 2px 0; clear: both; display: list-item; float: none; position: static;\">EAN: <b>8808956665234<\/b><\/li>\n<\/ul>\n<\/div>\n<\/div>\n<\/div>\n<div style=\"clear: both; display: block; margin: 10px 0;\">\n<div style=\"clear: both; display: block; margin: 10px 0;\">\n<div style=\"clear: both; display: block; margin: 10px 0;\">\n<h3 style=\"color: #2c5aa0; font-size: 18px; margin: 30px 0 15px 0; font-weight: bold; clear: both; display: block; width: 100%; float: none; position: static;\">Rok produkcji (DOT): 2025\/2024 &#8211; kupuj\u0105c z tej oferty otrzymasz opony fabrycznie nowe.<\/h3>\n<p style=\"margin: 15px 0; line-height: 1.8; clear: both; display: block; width: 100%; float: none; position: static;\">Specjali\u015bci z Polskiego Zwi\u0105zku Przemys\u0142u Oponiarskiego (PZPO) podkre\u015blaj\u0105, \u017ce nowe opony, przechowywane w odpowiednich warunkach, zachowuj\u0105 pe\u0142n\u0105 warto\u015b\u0107 i nie r\u00f3\u017cni\u0105 si\u0119 jako\u015bciowo od tych pochodz\u0105cych z bie\u017c\u0105cej produkcji. Wynika to z faktu, \u017ce proces starzenia si\u0119 opon nast\u0119puje wy\u0142\u0105cznie podczas ich eksploatacji, a nie w trakcie przechowywania.<\/p>\n<\/div>\n<\/div>\n<\/div>\n<div style=\"clear: both; display: block; margin: 10px 0;\">\n<div style=\"clear: both; display: block; margin: 10px 0;\">\n<div style=\"clear: both; display: block; margin: 10px 0;\">\n<h3 style=\"color: #2c5aa0; font-size: 18px; margin: 30px 0 15px 0; font-weight: bold; clear: both; display: block; width: 100%; float: none; position: static;\">Rok produkcji opony znajdziesz na jej boku, przy oznaczeniu DOT. Cztery ostatnie cyfry m\u00f3wi\u0105, kiedy opona zosta\u0142a wyprodukowana:<\/h3>\n<ul style=\"margin: 15px 0; padding-left: 20px; clear: both; display: block; width: 100%; float: none; position: static;\">\n<li style=\"margin: 5px 0; padding: 2px 0; clear: both; display: list-item; float: none; position: static;\">Pierwsze dwie \u2013 tydzie\u0144 produkcji,<\/li>\n<li style=\"margin: 5px 0; padding: 2px 0; clear: both; display: list-item; float: none; position: static;\">Ostatnie dwie \u2013 rok produkcji.&nbsp;<\/li>\n<\/ul>\n<p style=\"margin: 15px 0; line-height: 1.8; clear: both; display: block; width: 100%; float: none; position: static;\">Przyk\u0142ad: 1924 oznacza, \u017ce opona zosta\u0142a wyprodukowana w 19 tygodniu 2024 roku.<\/p>\n<\/div>\n<\/div>\n<\/div>\n<div style=\"clear: both; display: block; margin: 10px 0;\">\n<div style=\"clear: both; display: block; margin: 10px 0;\">\n<div style=\"clear: both; display: block; margin: 10px 0;\">\n<h3 style=\"color: #2c5aa0; font-size: 18px; margin: 30px 0 15px 0; font-weight: bold; clear: both; display: block; width: 100%; float: none; position: static;\">Pewno\u015b\u0107 przez ca\u0142y rok.<\/h3>\n<ul style=\"margin: 15px 0; padding-left: 20px; clear: both; display: block; width: 100%; float: none; position: static;\">\n<li style=\"margin: 5px 0; padding: 2px 0; clear: both; display: list-item; float: none; position: static;\">Zygzakowate rowki w bie\u017cniku KUMHO WP72 zwi\u0119kszaj\u0105 przyczepno\u015b\u0107 na oblodzonych drogach, co pozwala kierowcom na pewniejsze prowadzenie pojazdu w ekstremalnych warunkach zimowych.<\/li>\n<li style=\"margin: 5px 0; padding: 2px 0; clear: both; display: list-item; float: none; position: static;\">Specjalnie zaprojektowane pod\u0142u\u017cne i boczne szczeliny skutecznie odprowadzaj\u0105 wod\u0119, co minimalizuje ryzyko po\u015blizgu na mokrej nawierzchni i zapewnia stabilno\u015b\u0107 jazdy w deszczowe dni.Elastyczno\u015b\u0107 gumy pozwala tak\u017ce na r\u00f3wnomierne zu\u017cycie bie\u017cnika, co wyd\u0142u\u017ca \u017cywotno\u015b\u0107 opony i sprawia, \u017ce Kumho WP72 jest op\u0142acalnym wyborem na d\u0142u\u017cszy czas.<\/li>\n<\/ul>\n<p style=\"margin: 15px 0; line-height: 1.8; clear: both; display: block; width: 100%; float: none; position: static;\"><b>Skr\u00f3cona droga hamowania.<\/b>Ten efekt uzyskano dzi\u0119ki innowacyjnej konstrukcji, kt\u00f3ra zapewnia lepsz\u0105 trakcj\u0119 i skuteczniejsze wyhamowanie na za\u015bnie\u017conych i oblodzonych drogach. Sprawia to, \u017ce KUMHO WP72 wyr\u00f3\u017cnia si\u0119 wyj\u0105tkowym poziomem bezpiecze\u0144stwa.<b>Elastyczno\u015b\u0107 mieszanki gumowej w ekstremalnych temperaturach.<\/b>Mieszanka gumowa zastosowana w KUMHO WP72 jest zaprojektowana tak, aby zachowa\u0107 elastyczno\u015b\u0107 nawet w najni\u017cszych temperaturach. Dzi\u0119ki temu opona lepiej przylega do nawierzchni, co poprawia przyczepno\u015b\u0107 i zapewnia p\u0142ynn\u0105 jazd\u0119 w mro\u017ane dni.<b>Presti\u017cowe wyr\u00f3\u017cnienie.<\/b>Opona Kumho WP72 zdoby\u0142a presti\u017cow\u0105 japo\u0144sk\u0105 nagrod\u0119 Good Design Award, co podkre\u015bla nie tylko jej wyj\u0105tkow\u0105 jako\u015b\u0107 i innowacyjno\u015b\u0107, ale tak\u017ce zaawansowan\u0105 estetyk\u0119 projektu. To wyr\u00f3\u017cnienie potwierdza, \u017ce opona \u0142\u0105czy wysokie standardy techniczne z eleganckim wygl\u0105dem.<\/p>\n<\/div>\n<\/div>\n<\/div>\n<\/div>\n<\/div>\n<\/div>\n<div style=\"clear: both; display: block; margin: 10px 0;\">\n","protected":false},"excerpt":{"rendered":"<p>2x Opona zimowa Kumho WINTERCRAFT WP72 275\/30R19 96W XL FR<\/p>\n<p>Marka: Kumho<\/p>\n<p>Liczba opon w ofercie: 2 szt.<\/p>\n<p>Sezon: Zimowe<\/p>\n<p>Model: WinterCraft WP72<\/p>\n<p>Szeroko\u015b\u0107: 275<\/p>\n<p>Profil: 30<\/p>\n<p>\u015arednica: 19<\/p>\n","protected":false},"featured_media":17455,"template":"","meta":{"_uag_custom_page_level_css":""},"product_brand":[390],"product_cat":[414,413,412,415],"product_tag":[],"class_list":{"0":"post-17454","1":"product","2":"type-product","3":"status-publish","4":"has-post-thumbnail","6":"product_brand-kumho","7":"product_cat-do-samochodow-osobowych-i-suv","8":"product_cat-opony","9":"product_cat-opony-i-felgi","10":"product_cat-zimowe","12":"first","13":"instock","14":"shipping-taxable","15":"purchasable","16":"product-type-simple"},"uagb_featured_image_src":{"full":["https:\/\/oponixo.shop\/tire\/wp-content\/uploads\/2026\/01\/allegro-image-17454.jpg",500,500,false],"thumbnail":["https:\/\/oponixo.shop\/tire\/wp-content\/uploads\/2026\/01\/allegro-image-17454-150x150.jpg",150,150,true],"medium":["https:\/\/oponixo.shop\/tire\/wp-content\/uploads\/2026\/01\/allegro-image-17454-300x300.jpg",300,300,true],"medium_large":["https:\/\/oponixo.shop\/tire\/wp-content\/uploads\/2026\/01\/allegro-image-17454.jpg",500,500,false],"large":["https:\/\/oponixo.shop\/tire\/wp-content\/uploads\/2026\/01\/allegro-image-17454.jpg",500,500,false],"1536x1536":["https:\/\/oponixo.shop\/tire\/wp-content\/uploads\/2026\/01\/allegro-image-17454.jpg",500,500,false],"2048x2048":["https:\/\/oponixo.shop\/tire\/wp-content\/uploads\/2026\/01\/allegro-image-17454.jpg",500,500,false],"woocommerce_thumbnail":["https:\/\/oponixo.shop\/tire\/wp-content\/uploads\/2026\/01\/allegro-image-17454-300x300.jpg",300,300,true],"woocommerce_single":["https:\/\/oponixo.shop\/tire\/wp-content\/uploads\/2026\/01\/allegro-image-17454.jpg",500,500,false],"woocommerce_gallery_thumbnail":["https:\/\/oponixo.shop\/tire\/wp-content\/uploads\/2026\/01\/allegro-image-17454-100x100.jpg",100,100,true]},"uagb_author_info":{"display_name":"admin","author_link":"https:\/\/oponixo.shop\/tire\/author\/"},"uagb_comment_info":0,"uagb_excerpt":"2x Opona zimowa Kumho WINTERCRAFT WP72 275\/30R19 96W XL FR Marka: Kumho Liczba opon w ofercie: 2 szt. Sezon: Zimowe Model: WinterCraft WP72 Szeroko\u015b\u0107: 275 Profil: 30 \u015arednica: 19","_links":{"self":[{"href":"https:\/\/oponixo.shop\/tire\/wp-json\/wp\/v2\/product\/17454","targetHints":{"allow":["GET"]}}],"collection":[{"href":"https:\/\/oponixo.shop\/tire\/wp-json\/wp\/v2\/product"}],"about":[{"href":"https:\/\/oponixo.shop\/tire\/wp-json\/wp\/v2\/types\/product"}],"wp:featuredmedia":[{"embeddable":true,"href":"https:\/\/oponixo.shop\/tire\/wp-json\/wp\/v2\/media\/17455"}],"wp:attachment":[{"href":"https:\/\/oponixo.shop\/tire\/wp-json\/wp\/v2\/media?parent=17454"}],"wp:term":[{"taxonomy":"product_brand","embeddable":true,"href":"https:\/\/oponixo.shop\/tire\/wp-json\/wp\/v2\/product_brand?post=17454"},{"taxonomy":"product_cat","embeddable":true,"href":"https:\/\/oponixo.shop\/tire\/wp-json\/wp\/v2\/product_cat?post=17454"},{"taxonomy":"product_tag","embeddable":true,"href":"https:\/\/oponixo.shop\/tire\/wp-json\/wp\/v2\/product_tag?post=17454"}],"curies":[{"name":"wp","href":"https:\/\/api.w.org\/{rel}","templated":true}]}}