{"id":17470,"date":"2026-01-19T04:12:32","date_gmt":"2026-01-19T03:12:32","guid":{"rendered":"https:\/\/oponypoint.shop\/xef5\/produkt\/2x-nexen-nfera-sport-275-30r19-96y-xl-rpb\/"},"modified":"2026-01-19T04:12:32","modified_gmt":"2026-01-19T03:12:32","slug":"2x-nexen-nfera-sport-275-30r19-96y-xl-rpb","status":"publish","type":"product","link":"https:\/\/oponixo.shop\/tire\/produkt\/2x-nexen-nfera-sport-275-30r19-96y-xl-rpb\/","title":{"rendered":"2x NEXEN N&#8217;Fera Sport 275\/30R19 96Y XL RPB"},"content":{"rendered":"<div style=\"font-family: Arial, sans-serif; line-height: 1.6; color: #333; padding: 20px; clear: both; display: block; width: 100%; float: none; position: static; overflow: hidden;\">\n<div style=\"clear: both; display: block; margin: 10px 0;\">\n<div style=\"clear: both; display: block; margin: 10px 0;\">\n<div style=\"clear: both; display: block; margin: 10px 0;\">\n<h1>Rok produkcji: 2023<\/h1>\n<p style=\"margin: 15px 0; line-height: 1.8; clear: both; display: block; width: 100%; float: none; position: static;\">Jeste\u015bmy ekspertami od opon i wraz z Producentem gwarantujemy, \u017ce wybieraj\u0105c model z wcze\u015bniejsz\u0105 dat\u0105 produkcji, otrzymujesz pe\u0142nowarto\u015bciowy produkt. Dbamy o Twoje bezpiecze\u0144stwo &#8211; nasze opony s\u0105 przechowywane w idealnych warunkach.<\/p>\n<\/div>\n<\/div>\n<\/div>\n<div style=\"clear: both; display: block; margin: 10px 0;\">\n<div style=\"clear: both; display: block; margin: 10px 0;\">\n<div style=\"clear: both; display: block; margin: 10px 0;\">\n<div  style=\"max-width:1200px;max-height:1126px\">\n<div style=\"clear: both; display: block; margin: 10px 0;\">\n<div style=\"clear: both; width: 100%; display: block; margin: 20px 0; padding: 0; float: none; position: static; text-align: center;\"><img decoding=\"async\"  src=\"https:\/\/a.allegroimg.com\/original\/119113\/404666594f6b85d6ca6c34a93780\/2x-NEXEN-N-Fera-Sport-275-30R19-96Y-XL-RPB\" srcset=\"https:\/\/a.allegroimg.com\/original\/119113\/404666594f6b85d6ca6c34a93780\/2x-NEXEN-N-Fera-Sport-275-30R19-96Y-XL-RPB 360w,https:\/\/a.allegroimg.com\/original\/119113\/404666594f6b85d6ca6c34a93780\/2x-NEXEN-N-Fera-Sport-275-30R19-96Y-XL-RPB 720w,https:\/\/a.allegroimg.com\/original\/119113\/404666594f6b85d6ca6c34a93780\/2x-NEXEN-N-Fera-Sport-275-30R19-96Y-XL-RPB 1024w,https:\/\/a.allegroimg.com\/original\/119113\/404666594f6b85d6ca6c34a93780\/2x-NEXEN-N-Fera-Sport-275-30R19-96Y-XL-RPB 1200w,https:\/\/a.allegroimg.com\/original\/119113\/404666594f6b85d6ca6c34a93780\/2x-NEXEN-N-Fera-Sport-275-30R19-96Y-XL-RPB 1200w\" sizes=\"(min-width: 1200px) 560px, (min-width: 992px) 50vw, 100vw\" width=\"1200px\" alt=\"2x NEXEN N'Fera Sport 275\/30R19 96Y XL RPB\" style=\"max-width: 100%; height: auto; display: block; margin: 0 auto;\"><\/div>\n<\/div>\n<\/div>\n<\/div>\n<\/div>\n<div style=\"clear: both; display: block; margin: 10px 0;\">\n<div style=\"clear: both; display: block; margin: 10px 0;\">\n<h1>NEXEN N&#8217;Fera Sport 275\/30R19 96Y XL RPB<\/h1>\n<h2>H11JAC<\/h2>\n<ul style=\"margin: 15px 0; padding-left: 20px; clear: both; display: block; width: 100%; float: none; position: static;\">\n<li style=\"margin: 5px 0; padding: 2px 0; clear: both; display: list-item; float: none; position: static;\"><b>Data produkcji :<\/b> 2023<\/li>\n<li style=\"margin: 5px 0; padding: 2px 0; clear: both; display: list-item; float: none; position: static;\"><b>Hamowanie na mokrej nawierzchni :<\/b> A<\/li>\n<li style=\"margin: 5px 0; padding: 2px 0; clear: both; display: list-item; float: none; position: static;\"><b>Indeks :<\/b> 275\/30R19 LONE 96Y NSP#23<\/li>\n<li style=\"margin: 5px 0; padding: 2px 0; clear: both; display: list-item; float: none; position: static;\"><b>Indeks no\u015bno\u015bci :<\/b> 96<\/li>\n<li style=\"margin: 5px 0; padding: 2px 0; clear: both; display: list-item; float: none; position: static;\"><b>Indeks pr\u0119dko\u015bci :<\/b> Y &#8211; 300 km\/h<\/li>\n<li style=\"margin: 5px 0; padding: 2px 0; clear: both; display: list-item; float: none; position: static;\"><b>Karta informacyjna produktu :<\/b> https:\/\/eprel.ec.europa.eu\/qr\/456761<\/li>\n<li style=\"margin: 5px 0; padding: 2px 0; clear: both; display: list-item; float: none; position: static;\"><b>Kl. efekt. paliwowej :<\/b> E<\/li>\n<li style=\"margin: 5px 0; padding: 2px 0; clear: both; display: list-item; float: none; position: static;\"><b>Kl. przycz. na mokrej naw. :<\/b> A<\/li>\n<li style=\"margin: 5px 0; padding: 2px 0; clear: both; display: list-item; float: none; position: static;\"><b>Kl. zew. ha\u0142asu tocz. :<\/b> 2<\/li>\n<li style=\"margin: 5px 0; padding: 2px 0; clear: both; display: list-item; float: none; position: static;\"><b>Klasa opony :<\/b> \u015brednia<\/li>\n<li style=\"margin: 5px 0; padding: 2px 0; clear: both; display: list-item; float: none; position: static;\"><b>Kod EAN :<\/b> 8807622202902<\/li>\n<li style=\"margin: 5px 0; padding: 2px 0; clear: both; display: list-item; float: none; position: static;\"><b>Kod producenta :<\/b> 17463NX<\/li>\n<li style=\"margin: 5px 0; padding: 2px 0; clear: both; display: list-item; float: none; position: static;\"><b>Liczba decybeli :<\/b> 73 dB<\/li>\n<li style=\"margin: 5px 0; padding: 2px 0; clear: both; display: list-item; float: none; position: static;\"><b>Model bie\u017cnika :<\/b> N&#8217;FERA Sport<\/li>\n<li style=\"margin: 5px 0; padding: 2px 0; clear: both; display: list-item; float: none; position: static;\"><b>Nazwa produktu :<\/b> NEXEN N&#8217;Fera Sport 275\/30R19 96Y XL RPB<\/li>\n<li style=\"margin: 5px 0; padding: 2px 0; clear: both; display: list-item; float: none; position: static;\"><b>No\u015bno\u015b\u0107 opony :<\/b> XL<\/li>\n<li style=\"margin: 5px 0; padding: 2px 0; clear: both; display: list-item; float: none; position: static;\"><b>opona na dedykowan\u0105 o\u015b :<\/b> Prz\u00f3d\/Ty\u0142<\/li>\n<li style=\"margin: 5px 0; padding: 2px 0; clear: both; display: list-item; float: none; position: static;\"><b>Op\u00f3r toczenia :<\/b> D<\/li>\n<li style=\"margin: 5px 0; padding: 2px 0; clear: both; display: list-item; float: none; position: static;\"><b>Poziom emisji ha\u0142asu :<\/b> B<\/li>\n<li style=\"margin: 5px 0; padding: 2px 0; clear: both; display: list-item; float: none; position: static;\"><b>Producent :<\/b> NEXEN<\/li>\n<li style=\"margin: 5px 0; padding: 2px 0; clear: both; display: list-item; float: none; position: static;\"><b>Profil :<\/b> 30<\/li>\n<li style=\"margin: 5px 0; padding: 2px 0; clear: both; display: list-item; float: none; position: static;\"><b>Przeznaczenie :<\/b> samochody osobowe, SUV\/4&#215;4<\/li>\n<li style=\"margin: 5px 0; padding: 2px 0; clear: both; display: list-item; float: none; position: static;\"><b>Przyczepno\u015b\u0107 na lodzie :<\/b> Nie<\/li>\n<li style=\"margin: 5px 0; padding: 2px 0; clear: both; display: list-item; float: none; position: static;\"><b>Przyczepno\u015b\u0107 na \u015bniegu :<\/b> Nie<\/li>\n<li style=\"margin: 5px 0; padding: 2px 0; clear: both; display: list-item; float: none; position: static;\"><b>QR kod :<\/b> https:\/\/eprel.ec.europa.eu\/qr\/456761<\/li>\n<li style=\"margin: 5px 0; padding: 2px 0; clear: both; display: list-item; float: none; position: static;\"><b>Rant opony :<\/b> RPB<\/li>\n<li style=\"margin: 5px 0; padding: 2px 0; clear: both; display: list-item; float: none; position: static;\"><b>Sezon :<\/b> letnia<\/li>\n<li style=\"margin: 5px 0; padding: 2px 0; clear: both; display: list-item; float: none; position: static;\"><b>\u015arednica :<\/b> 19&#8243;<\/li>\n<li style=\"margin: 5px 0; padding: 2px 0; clear: both; display: list-item; float: none; position: static;\"><b>Szeroko\u015b\u0107 :<\/b> 275<\/li>\n<li style=\"margin: 5px 0; padding: 2px 0; clear: both; display: list-item; float: none; position: static;\"><b>Wart. pom. i kl. zew. ha\u0142asu tocz. [dB] :<\/b> 73<\/li>\n<\/ul>\n<\/div>\n<\/div>\n<\/div>\n<div style=\"clear: both; display: block; margin: 10px 0;\">\n<div style=\"clear: both; display: block; margin: 10px 0;\">\n<div style=\"clear: both; display: block; margin: 10px 0;\">\n<p style=\"margin: 15px 0; line-height: 1.8; clear: both; display: block; width: 100%; float: none; position: static;\"> NEXEN N&amp;#39;FERA Sport to letnia opona \u015bredniej klasy, kt\u00f3ra oferuje ultra wysokie osi\u0105gi, charakterystyczne dla modeli z segmentu sport &#8211; premium. <\/p>\n<p style=\"margin: 15px 0; line-height: 1.8; clear: both; display: block; width: 100%; float: none; position: static;\"> NEXEN N&amp;#39;FERA Sport zosta\u0142a zaprojektowana z my\u015bl\u0105 o autach posiadaj\u0105cych wi\u0119ksz\u0105 moc silnika oraz o dynamicznych pojazdach miejskich. <\/p>\n<p style=\"margin: 15px 0; line-height: 1.8; clear: both; display: block; width: 100%; float: none; position: static;\"> Sztywny blok centralny zwi\u0119ksza reakcj\u0119 uk\u0142adu kierowniczego i jej wzorowe przekazanie na drog\u0119, dlatego manewrowanie jest szybsze i bardziej precyzyjne. Szerokie bloki w strefie barkowej dbaj\u0105 o stabilno\u015b\u0107 toru jazdy oraz pewne pokonywanie zakr\u0119t\u00f3w. <\/p>\n<p style=\"margin: 15px 0; line-height: 1.8; clear: both; display: block; width: 100%; float: none; position: static;\"> Szerokie rowki obwodowe oraz naci\u0119cia boczne zwi\u0119kszaj\u0105 wydajno\u015b\u0107 drena\u017cu podczas deszczowych warunk\u00f3w pogodowych, dzi\u0119ki czemu opona utrzymuje pewn\u0105 przyczepno\u015b\u0107 z nawierzchni\u0105 oraz pozwala skr\u00f3ci\u0107 drog\u0119 hamowania, aby zapewni\u0107 bezpiecze\u0144stwo jazdy. <\/p>\n<p style=\"margin: 15px 0; line-height: 1.8; clear: both; display: block; width: 100%; float: none; position: static;\"> NEXEN N&amp;#39;FERA Sport to model wyr\u00f3\u017cniaj\u0105cy si\u0119 zachowaniem na mokrej nawierzchni i oferuj\u0105cym pe\u0142nie osi\u0105g\u00f3w r\u00f3wnie\u017c w trudniejszych warunkach pogodowych, dlatego jest polecany kierowcom, kt\u00f3rzy oczekuj\u0105 wysokiej wydajno\u015bci jezdnej bez wzgl\u0119du na pogod\u0119 a tak\u017ce zr\u00f3wnowa\u017conego komfortu i w\u0142asno\u015bci akustycznych. <\/p>\n<\/div>\n<\/div>\n<div style=\"clear: both; display: block; margin: 10px 0;\">\n<div style=\"clear: both; display: block; margin: 10px 0;\">\n<div  style=\"max-width:886px;max-height:1299px\">\n<div style=\"clear: both; display: block; margin: 10px 0;\">\n<div style=\"clear: both; width: 100%; display: block; margin: 20px 0; padding: 0; float: none; position: static; text-align: center;\"><img decoding=\"async\"  src=\"https:\/\/a.allegroimg.com\/original\/11e2f6\/44f219664883a9d86fddb9b88da0\/2x-NEXEN-N-Fera-Sport-275-30R19-96Y-XL-RPB-Marka-Nexen\" srcset=\"https:\/\/a.allegroimg.com\/original\/11e2f6\/44f219664883a9d86fddb9b88da0\/2x-NEXEN-N-Fera-Sport-275-30R19-96Y-XL-RPB-Marka-Nexen 245w,https:\/\/a.allegroimg.com\/original\/11e2f6\/44f219664883a9d86fddb9b88da0\/2x-NEXEN-N-Fera-Sport-275-30R19-96Y-XL-RPB-Marka-Nexen 491w,https:\/\/a.allegroimg.com\/original\/11e2f6\/44f219664883a9d86fddb9b88da0\/2x-NEXEN-N-Fera-Sport-275-30R19-96Y-XL-RPB-Marka-Nexen 698w,https:\/\/a.allegroimg.com\/original\/11e2f6\/44f219664883a9d86fddb9b88da0\/2x-NEXEN-N-Fera-Sport-275-30R19-96Y-XL-RPB-Marka-Nexen 886w,https:\/\/a.allegroimg.com\/original\/11e2f6\/44f219664883a9d86fddb9b88da0\/2x-NEXEN-N-Fera-Sport-275-30R19-96Y-XL-RPB-Marka-Nexen 886w\" sizes=\"(min-width: 1200px) 560px, (min-width: 992px) 50vw, 100vw\" width=\"886px\" alt=\"2x NEXEN N'Fera Sport 275\/30R19 96Y XL RPB Marka Nexen\" style=\"max-width: 100%; height: auto; display: block; margin: 0 auto;\"><\/div>\n<\/div>\n<\/div>\n<\/div>\n<\/div>\n<\/div>\n<div style=\"clear: both; display: block; margin: 10px 0;\">\n<div style=\"clear: both; display: block; margin: 10px 0;\">\n<div style=\"clear: both; display: block; margin: 10px 0;\">\n<p style=\"margin: 15px 0; line-height: 1.8; clear: both; display: block; width: 100%; float: none; position: static;\">Wychodz\u0105c naprzeciw oczekiwaniom Klient\u00f3w i chc\u0105c spe\u0142nia\u0107 jak najwy\u017csze standardy obs\u0142ugi dok\u0142adamy wszelkich stara\u0144, aby podawa\u0107 precyzyjn\u0105 dat\u0119 produkcji opony (DOT). Niestety, w wyj\u0105tkowych przypadkach, mo\u017ce zdarzy\u0107 si\u0119, \u017ce opony, kt\u00f3re wy\u015blemy b\u0119d\u0105 mia\u0142y inn\u0105 dat\u0119 produkcji ni\u017c podana. Sytuacja mo\u017ce dotyczy\u0107 zar\u00f3wno opon z DOT-em wcze\u015bniejszym jak i p\u00f3\u017aniejszym. Chcieliby\u015bmy podkre\u015bli\u0107, \u017ce warunki przechowywania opon w naszych magazynach spe\u0142niaj\u0105 Polsk\u0105 Norm\u0119 PN-C-94300-7 dzi\u0119ki czemu nawet opona przechowywana 24 miesi\u0105ce ma parametry takie same jak opona z bie\u017c\u0105cego roku. Warto pami\u0119ta\u0107 tak\u017ce o fakcie, \u017ce w przypadku wielu rozmiar\u00f3w i producent\u00f3w plany produkcyjne fabryk uniemo\u017cliwiaj\u0105 zakup opony z bie\u017c\u0105cego roku.<\/p>\n<p style=\"margin: 15px 0; line-height: 1.8; clear: both; display: block; width: 100%; float: none; position: static;\">Przy zakupie opon pami\u0119taj o sprawdzeniu w instrukcji samochodu lub na w\u0142a\u015bciwej stronie internetowej, jakie ogumienie zaleca producent Twojego auta. \u0179le dobrane opony mog\u0105 negatywnie wp\u0142yn\u0105\u0107 na poziom Twojego bezpiecze\u0144stwa. Kupuj\u0105c opony zwr\u00f3\u0107 uwag\u0119 na rozmiar oraz indeksy no\u015bno\u015bci i pr\u0119dko\u015bci jakie homologowane s\u0105 do Twojego pojazdu.<\/p>\n<p style=\"margin: 15px 0; line-height: 1.8; clear: both; display: block; width: 100%; float: none; position: static;\">Zamieszczone zdj\u0119cia pe\u0142ni\u0105 funkcj\u0119 pogl\u0105dow\u0105. W zale\u017cno\u015bci od szeroko\u015bci opon, mog\u0105 wyst\u0119powa\u0107 niewielkie r\u00f3\u017cnice w wygl\u0105dzie bie\u017cnika (w obr\u0119bie jednego modelu) na przyk\u0142ad w ilo\u015bci rowk\u00f3w obwodowych lub rozmieszczeniu blok\u00f3w bie\u017cnika, co nie stanowi wady produktu.<\/p>\n<p style=\"margin: 15px 0; line-height: 1.8; clear: both; display: block; width: 100%; float: none; position: static;\">Je\u017celi otrzymane przez Ciebie opony nie spe\u0142niaj\u0105 Twoich oczekiwa\u0144 masz mo\u017cliwo\u015b\u0107 zwrotu lub wymiany nieu\u017cywanego (niemontowanego) ogumienia.<\/p>\n<\/div>\n<\/div>\n<\/div>\n<div style=\"clear: both; display: block; margin: 10px 0;\">\n<div style=\"clear: both; display: block; margin: 10px 0;\">\n<div style=\"clear: both; display: block; margin: 10px 0;\">\n<div  style=\"max-width:640px;max-height:444px\">\n<div style=\"clear: both; display: block; margin: 10px 0;\">\n<div style=\"clear: both; width: 100%; display: block; margin: 20px 0; padding: 0; float: none; position: static; text-align: center;\"><img decoding=\"async\"  src=\"https:\/\/a.allegroimg.com\/original\/11f618\/9ce7f35443a69d24b347ea803c7b\/2x-NEXEN-N-Fera-Sport-275-30R19-96Y-XL-RPB-Szerokosc-opony-275-mm\" srcset=\"https:\/\/a.allegroimg.com\/original\/11f618\/9ce7f35443a69d24b347ea803c7b\/2x-NEXEN-N-Fera-Sport-275-30R19-96Y-XL-RPB-Szerokosc-opony-275-mm 360w,https:\/\/a.allegroimg.com\/original\/11f618\/9ce7f35443a69d24b347ea803c7b\/2x-NEXEN-N-Fera-Sport-275-30R19-96Y-XL-RPB-Szerokosc-opony-275-mm 640w,https:\/\/a.allegroimg.com\/original\/11f618\/9ce7f35443a69d24b347ea803c7b\/2x-NEXEN-N-Fera-Sport-275-30R19-96Y-XL-RPB-Szerokosc-opony-275-mm 640w\" sizes=\"(min-width: 1200px) 560px, (min-width: 992px) 50vw, 100vw\" width=\"640px\" alt=\"2x NEXEN N'Fera Sport 275\/30R19 96Y XL RPB Szeroko\u015b\u0107 opony 275 mm\" style=\"max-width: 100%; height: auto; display: block; margin: 0 auto;\"><\/div>\n<\/div>\n<\/div>\n<\/div>\n<\/div>\n<div style=\"clear: both; display: block; margin: 10px 0;\">\n<div style=\"clear: both; display: block; margin: 10px 0;\">\n<h1>Nexen<\/h1>\n<p style=\"margin: 15px 0; line-height: 1.8; clear: both; display: block; width: 100%; float: none; position: static;\">Nexen Tires jako jeden z pierwszych korea\u0144skich producent\u00f3w opon do samochod\u00f3w osobowych, od ko\u0144ca XX wieku dynamicznie rozwija swoj\u0105 ofert\u0119 na rynku. Pocz\u0105tki firmy si\u0119gaj\u0105 lat 40-tych ubieg\u0142ego wieku, kiedy pod szyldem Heung-Ah Tire zajmowa\u0142a si\u0119 produkcj\u0105 opon na potrzeby armii. Po dekadzie zacz\u0119\u0142a produkcj\u0119 opon najpierw dla motocykli, a nast\u0119pnie dla samochod\u00f3w osobowych. W mi\u0119dzy czasie zmieni\u0142a si\u0119 nazwa firmy na Woosung Tire. Jako pierwsza wprowadzi\u0142a na rynek korea\u0144ski opony z bie\u017cnikiem w kszta\u0142cie litery \u201eV\u201d. Po 2000 roku zmieniaj\u0105c nazw\u0119 na Nexen Tire, firma odnotowa\u0142a ogromny wzrost sprzeda\u017cy, co uplasowa\u0142o j\u0105 wysoko na \u015bwiatowej li\u015bcie lider\u00f3w w przemy\u015ble oponiarskim. Intensywny rozw\u00f3j spowodowa\u0142, \u017ce opony firmy Nexen sprzedawane s\u0105 w ponad 130 krajach na ca\u0142ym \u015bwiecie. Firma Nexen przy produkcji opon kieruje si\u0119 jako\u015bci\u0105 i wysok\u0105 wydajno\u015bci\u0105, dlatego uzyskuje ona uznanie w\u015br\u00f3d u\u017cytkownik\u00f3w pojazd\u00f3w. Doceniona jest przez zawodnik\u00f3w motosport\u00f3w za produkcj\u0119 najwy\u017cszej jako\u015bci opon profesjonalnych i UHP. Nexen Tire dostarcza swoje opony na pierwszy monta\u017c do Porsche Cayenne.<\/p>\n<\/div>\n<\/div>\n<\/div>\n<\/div>\n<\/div>\n<\/div>\n<div style=\"clear: both; display: block; margin: 10px 0;\">\n","protected":false},"excerpt":{"rendered":"<p>Rok produkcji: 2023<\/p>\n<p>Jeste\u015bmy ekspertami od opon i wraz z Producentem gwarantujemy, \u017ce wybieraj\u0105c model z wcze\u015bniejsz\u0105 dat\u0105 produkcji, otrzymujesz pe\u0142nowarto\u015bciowy produkt. Dbamy o Twoje bezpiecze\u0144stwo &#8211; nasze opony s\u0105 przechowywane w idealnych warunkach.<\/p>\n<p>NEXEN N&#039;Fera Sport 275\/30R19 96Y XL RPB<\/p>\n<p>H11JAC<\/p>\n<p>Data produkcji : 2023<\/p>\n<p>Hamowanie na mokrej nawierzchni : A<\/p>\n<p>Indeks : 275\/30R19 LONE 96Y NSP#23<\/p>\n<p>Indeks no\u015bno\u015bci : 96<\/p>\n","protected":false},"featured_media":17471,"template":"","meta":{"_uag_custom_page_level_css":""},"product_brand":[392],"product_cat":[414,418,413,412],"product_tag":[],"class_list":{"0":"post-17470","1":"product","2":"type-product","3":"status-publish","4":"has-post-thumbnail","6":"product_brand-nexen","7":"product_cat-do-samochodow-osobowych-i-suv","8":"product_cat-letnie","9":"product_cat-opony","10":"product_cat-opony-i-felgi","12":"first","13":"instock","14":"shipping-taxable","15":"purchasable","16":"product-type-simple"},"uagb_featured_image_src":{"full":["https:\/\/oponixo.shop\/tire\/wp-content\/uploads\/2026\/01\/allegro-image-17470.jpg",1200,1126,false],"thumbnail":["https:\/\/oponixo.shop\/tire\/wp-content\/uploads\/2026\/01\/allegro-image-17470-150x150.jpg",150,150,true],"medium":["https:\/\/oponixo.shop\/tire\/wp-content\/uploads\/2026\/01\/allegro-image-17470-300x282.jpg",300,282,true],"medium_large":["https:\/\/oponixo.shop\/tire\/wp-content\/uploads\/2026\/01\/allegro-image-17470-768x721.jpg",768,721,true],"large":["https:\/\/oponixo.shop\/tire\/wp-content\/uploads\/2026\/01\/allegro-image-17470-1024x961.jpg",1024,961,true],"1536x1536":["https:\/\/oponixo.shop\/tire\/wp-content\/uploads\/2026\/01\/allegro-image-17470.jpg",1200,1126,false],"2048x2048":["https:\/\/oponixo.shop\/tire\/wp-content\/uploads\/2026\/01\/allegro-image-17470.jpg",1200,1126,false],"woocommerce_thumbnail":["https:\/\/oponixo.shop\/tire\/wp-content\/uploads\/2026\/01\/allegro-image-17470-300x300.jpg",300,300,true],"woocommerce_single":["https:\/\/oponixo.shop\/tire\/wp-content\/uploads\/2026\/01\/allegro-image-17470-600x563.jpg",600,563,true],"woocommerce_gallery_thumbnail":["https:\/\/oponixo.shop\/tire\/wp-content\/uploads\/2026\/01\/allegro-image-17470-100x100.jpg",100,100,true]},"uagb_author_info":{"display_name":"admin","author_link":"https:\/\/oponixo.shop\/tire\/author\/"},"uagb_comment_info":0,"uagb_excerpt":"Rok produkcji: 2023 Jeste\u015bmy ekspertami od opon i wraz z Producentem gwarantujemy, \u017ce wybieraj\u0105c model z wcze\u015bniejsz\u0105 dat\u0105 produkcji, otrzymujesz pe\u0142nowarto\u015bciowy produkt. Dbamy o Twoje bezpiecze\u0144stwo - nasze opony s\u0105 przechowywane w idealnych warunkach. NEXEN N&#039;Fera Sport 275\/30R19 96Y XL RPB H11JAC Data produkcji : 2023 Hamowanie na mokrej nawierzchni : A Indeks : 275\/30R19&hellip;","_links":{"self":[{"href":"https:\/\/oponixo.shop\/tire\/wp-json\/wp\/v2\/product\/17470","targetHints":{"allow":["GET"]}}],"collection":[{"href":"https:\/\/oponixo.shop\/tire\/wp-json\/wp\/v2\/product"}],"about":[{"href":"https:\/\/oponixo.shop\/tire\/wp-json\/wp\/v2\/types\/product"}],"wp:featuredmedia":[{"embeddable":true,"href":"https:\/\/oponixo.shop\/tire\/wp-json\/wp\/v2\/media\/17471"}],"wp:attachment":[{"href":"https:\/\/oponixo.shop\/tire\/wp-json\/wp\/v2\/media?parent=17470"}],"wp:term":[{"taxonomy":"product_brand","embeddable":true,"href":"https:\/\/oponixo.shop\/tire\/wp-json\/wp\/v2\/product_brand?post=17470"},{"taxonomy":"product_cat","embeddable":true,"href":"https:\/\/oponixo.shop\/tire\/wp-json\/wp\/v2\/product_cat?post=17470"},{"taxonomy":"product_tag","embeddable":true,"href":"https:\/\/oponixo.shop\/tire\/wp-json\/wp\/v2\/product_tag?post=17470"}],"curies":[{"name":"wp","href":"https:\/\/api.w.org\/{rel}","templated":true}]}}