{"id":17490,"date":"2026-01-19T04:12:37","date_gmt":"2026-01-19T03:12:37","guid":{"rendered":"https:\/\/oponypoint.shop\/xef5\/produkt\/2x-opony-zimowe-pirelli-winter-sottozero-3-285-30r21-100w-xl-ro1-rant-2025\/"},"modified":"2026-01-19T04:12:38","modified_gmt":"2026-01-19T03:12:38","slug":"2x-opony-zimowe-pirelli-winter-sottozero-3-285-30r21-100w-xl-ro1-rant-2025","status":"publish","type":"product","link":"https:\/\/oponixo.shop\/tire\/produkt\/2x-opony-zimowe-pirelli-winter-sottozero-3-285-30r21-100w-xl-ro1-rant-2025\/","title":{"rendered":"2x opony zimowe Pirelli Winter SottoZero 3 285\/30R21 100W XL RO1 rant 2025"},"content":{"rendered":"<div style=\"font-family: Arial, sans-serif; line-height: 1.6; color: #333; padding: 20px; clear: both; display: block; width: 100%; float: none; position: static; overflow: hidden;\">\n<div style=\"clear: both; display: block; margin: 10px 0;\">\n<div style=\"clear: both; display: block; margin: 10px 0;\">\n<div style=\"clear: both; display: block; margin: 10px 0;\">\n<div  style=\"max-width:500px;max-height:127px\">\n<div style=\"clear: both; display: block; margin: 10px 0;\">\n<div style=\"clear: both; width: 100%; display: block; margin: 20px 0; padding: 0; float: none; position: static; text-align: center;\"><img decoding=\"async\"  src=\"https:\/\/a.allegroimg.com\/original\/1105f4\/1314d7064e76a08190728c7a56aa\/2x-opony-zimowe-Pirelli-Winter-SottoZero-3-285-30R21-100W-XL-RO1-rant-2025-Rok-produkcji-2025\" srcset=\"https:\/\/a.allegroimg.com\/original\/1105f4\/1314d7064e76a08190728c7a56aa\/2x-opony-zimowe-Pirelli-Winter-SottoZero-3-285-30R21-100W-XL-RO1-rant-2025-Rok-produkcji-2025 360w,https:\/\/a.allegroimg.com\/original\/1105f4\/1314d7064e76a08190728c7a56aa\/2x-opony-zimowe-Pirelli-Winter-SottoZero-3-285-30R21-100W-XL-RO1-rant-2025-Rok-produkcji-2025 500w,https:\/\/a.allegroimg.com\/original\/1105f4\/1314d7064e76a08190728c7a56aa\/2x-opony-zimowe-Pirelli-Winter-SottoZero-3-285-30R21-100W-XL-RO1-rant-2025-Rok-produkcji-2025 500w\" sizes=\"100vw\" width=\"500px\" alt=\"2x opony zimowe Pirelli Winter SottoZero 3 285\/30R21 100W XL RO1 rant 2025 Rok produkcji 2025\" style=\"max-width: 100%; height: auto; display: block; margin: 0 auto;\"><\/div>\n<\/div>\n<\/div>\n<\/div>\n<\/div>\n<\/div>\n<div style=\"clear: both; display: block; margin: 10px 0;\">\n<div style=\"clear: both; display: block; margin: 10px 0;\">\n<div style=\"clear: both; display: block; margin: 10px 0;\">\n<h1>zestaw 2 sztuk nowych opon zimowych<\/h1>\n<h1>Pirelli Winter SottoZero 3 285\/30R21 100W XL FR RO1 PNCS<\/h1>\n<p style=\"margin: 15px 0; line-height: 1.8; clear: both; display: block; width: 100%; float: none; position: static;\">\n<\/div>\n<\/div>\n<\/div>\n<div style=\"clear: both; display: block; margin: 10px 0;\">\n<div style=\"clear: both; display: block; margin: 10px 0;\">\n<div style=\"clear: both; display: block; margin: 10px 0;\">\n<div  style=\"max-width:402px;max-height:600px\">\n<div style=\"clear: both; display: block; margin: 10px 0;\">\n<div style=\"clear: both; width: 100%; display: block; margin: 20px 0; padding: 0; float: none; position: static; text-align: center;\"><img decoding=\"async\"  src=\"https:\/\/a.allegroimg.com\/original\/113329\/0c60cbcd47678d29822ddbaa8d01\/2x-opony-zimowe-Pirelli-Winter-SottoZero-3-285-30R21-100W-XL-RO1-rant-2025\" srcset=\"https:\/\/a.allegroimg.com\/original\/113329\/0c60cbcd47678d29822ddbaa8d01\/2x-opony-zimowe-Pirelli-Winter-SottoZero-3-285-30R21-100W-XL-RO1-rant-2025 241w,https:\/\/a.allegroimg.com\/original\/113329\/0c60cbcd47678d29822ddbaa8d01\/2x-opony-zimowe-Pirelli-Winter-SottoZero-3-285-30R21-100W-XL-RO1-rant-2025 402w,https:\/\/a.allegroimg.com\/original\/113329\/0c60cbcd47678d29822ddbaa8d01\/2x-opony-zimowe-Pirelli-Winter-SottoZero-3-285-30R21-100W-XL-RO1-rant-2025 402w\" sizes=\"(min-width: 1200px) 560px, (min-width: 992px) 50vw, 100vw\" width=\"402px\" alt=\"2x opony zimowe Pirelli Winter SottoZero 3 285\/30R21 100W XL RO1 rant 2025\" style=\"max-width: 100%; height: auto; display: block; margin: 0 auto;\"><\/div>\n<\/div>\n<\/div>\n<\/div>\n<\/div>\n<div style=\"clear: both; display: block; margin: 10px 0;\">\n<div style=\"clear: both; display: block; margin: 10px 0;\">\n<p style=\"margin: 15px 0; line-height: 1.8; clear: both; display: block; width: 100%; float: none; position: static;\"><b>Pirelli Winter SottoZero 3<\/b> to opony <b>zimowe<\/b> przeznaczone do samochod\u00f3w <b>osobowych<\/b> oraz suv-\u00f3w. Oryginalny produkt klasy <b>premium<\/b> renomowanej marki <b>Pirelli<\/b>. Bezkompromisowa jako\u015b\u0107. <\/p>\n<ul style=\"margin: 15px 0; padding-left: 20px; clear: both; display: block; width: 100%; float: none; position: static;\">\n<li style=\"margin: 5px 0; padding: 2px 0; clear: both; display: list-item; float: none; position: static;\">rok produkcji: <b>2025<\/b><\/li>\n<li style=\"margin: 5px 0; padding: 2px 0; clear: both; display: list-item; float: none; position: static;\">opony <b>nowe<\/b>, oryginalne, z gwarancj\u0105<\/li>\n<li style=\"margin: 5px 0; padding: 2px 0; clear: both; display: list-item; float: none; position: static;\"><b>FR<\/b> &#8211; opony posiadaj\u0105 rant chroni\u0105cy felg\u0119<\/li>\n<li style=\"margin: 5px 0; padding: 2px 0; clear: both; display: list-item; float: none; position: static;\">opony wzmocnione <b>XL<\/b><\/li>\n<li style=\"margin: 5px 0; padding: 2px 0; clear: both; display: list-item; float: none; position: static;\">homologacja <b>RO1 &#8211; Audi<\/b><\/li>\n<li style=\"margin: 5px 0; padding: 2px 0; clear: both; display: list-item; float: none; position: static;\">PNCS &#8211; system wyciszaj\u0105cy<\/li>\n<li style=\"margin: 5px 0; padding: 2px 0; clear: both; display: list-item; float: none; position: static;\">zapewniaj\u0105 cich\u0105 i p\u0142ynn\u0105 prac\u0119<\/li>\n<li style=\"margin: 5px 0; padding: 2px 0; clear: both; display: list-item; float: none; position: static;\">skutecznie niweluj\u0105 wp\u0142yw nier\u00f3wno\u015bci na drodze na komfort jazdy<\/li>\n<li style=\"margin: 5px 0; padding: 2px 0; clear: both; display: list-item; float: none; position: static;\">dostosowane do du\u017cych pr\u0119dko\u015bci<\/li>\n<li style=\"margin: 5px 0; padding: 2px 0; clear: both; display: list-item; float: none; position: static;\">doskona\u0142a trakcja, precyzyjne sterowanie<\/li>\n<li style=\"margin: 5px 0; padding: 2px 0; clear: both; display: list-item; float: none; position: static;\">bie\u017cnik zu\u017cywa si\u0119 r\u00f3wnomiernie<\/li>\n<li style=\"margin: 5px 0; padding: 2px 0; clear: both; display: list-item; float: none; position: static;\">znakomita przyczepno\u015b\u0107 i trakcja w trudnych, zimowych warunkach<\/li>\n<li style=\"margin: 5px 0; padding: 2px 0; clear: both; display: list-item; float: none; position: static;\">pe\u0142na homologacja zimowa 3PMSF (opony z tym oznaczeniem musz\u0105 spe\u0142nia\u0107 rygorystyczne normy dot. przyczepno\u015bci i hamowania na \u015bniegu i lodzie)<\/li>\n<li style=\"margin: 5px 0; padding: 2px 0; clear: both; display: list-item; float: none; position: static;\">skuteczne odprowadzanie wody i b\u0142ota, system antypo\u015blizgowy<\/li>\n<\/ul>\n<\/div>\n<\/div>\n<\/div>\n<div style=\"clear: both; display: block; margin: 10px 0;\">\n<div style=\"clear: both; display: block; margin: 10px 0;\">\n<div style=\"clear: both; display: block; margin: 10px 0;\">\n<div  style=\"max-width:480px;max-height:733px\">\n<div style=\"clear: both; display: block; margin: 10px 0;\">\n<div style=\"clear: both; width: 100%; display: block; margin: 20px 0; padding: 0; float: none; position: static; text-align: center;\"><img decoding=\"async\"  src=\"https:\/\/a.allegroimg.com\/original\/114de3\/79f1fa924d0985017181e0e6596a\/2x-opony-zimowe-Pirelli-Winter-SottoZero-3-285-30R21-100W-XL-RO1-rant-2025-Liczba-opon-w-ofercie-2-szt\" srcset=\"https:\/\/a.allegroimg.com\/original\/114de3\/79f1fa924d0985017181e0e6596a\/2x-opony-zimowe-Pirelli-Winter-SottoZero-3-285-30R21-100W-XL-RO1-rant-2025-Liczba-opon-w-ofercie-2-szt 235w,https:\/\/a.allegroimg.com\/original\/114de3\/79f1fa924d0985017181e0e6596a\/2x-opony-zimowe-Pirelli-Winter-SottoZero-3-285-30R21-100W-XL-RO1-rant-2025-Liczba-opon-w-ofercie-2-szt 471w,https:\/\/a.allegroimg.com\/original\/114de3\/79f1fa924d0985017181e0e6596a\/2x-opony-zimowe-Pirelli-Winter-SottoZero-3-285-30R21-100W-XL-RO1-rant-2025-Liczba-opon-w-ofercie-2-szt 480w,https:\/\/a.allegroimg.com\/original\/114de3\/79f1fa924d0985017181e0e6596a\/2x-opony-zimowe-Pirelli-Winter-SottoZero-3-285-30R21-100W-XL-RO1-rant-2025-Liczba-opon-w-ofercie-2-szt 480w\" sizes=\"100vw\" width=\"480px\" alt=\"2x opony zimowe Pirelli Winter SottoZero 3 285\/30R21 100W XL RO1 rant 2025 Liczba opon w ofercie 2 szt.\" style=\"max-width: 100%; height: auto; display: block; margin: 0 auto;\"><\/div>\n<\/div>\n<\/div>\n<\/div>\n<\/div>\n<\/div>\n<\/div>\n<\/div>\n<\/div>\n<div style=\"clear: both; display: block; margin: 10px 0;\">\n","protected":false},"excerpt":{"rendered":"<p>zestaw 2 sztuk nowych opon zimowych<\/p>\n<p>Pirelli Winter SottoZero 3 285\/30R21 100W XL FR RO1 PNCS<\/p>\n<p>Pirelli Winter SottoZero 3 to opony zimowe przeznaczone do samochod\u00f3w osobowych oraz suv-\u00f3w. Oryginalny produkt klasy premium renomowanej marki Pirelli. Bezkompromisowa jako\u015b\u0107.<\/p>\n<p>rok produkcji: 2025<\/p>\n<p>opony nowe, oryginalne, z gwarancj\u0105<\/p>\n<p>FR &#8211; opony posiadaj\u0105 rant chroni\u0105cy felg\u0119<\/p>\n<p>opony wzmocnione XL<\/p>\n<p>homologacja RO1 &#8211; Audi<\/p>\n","protected":false},"featured_media":17491,"template":"","meta":{"_uag_custom_page_level_css":""},"product_brand":[433],"product_cat":[414,413,412,415],"product_tag":[],"class_list":{"0":"post-17490","1":"product","2":"type-product","3":"status-publish","4":"has-post-thumbnail","6":"product_brand-pirelli","7":"product_cat-do-samochodow-osobowych-i-suv","8":"product_cat-opony","9":"product_cat-opony-i-felgi","10":"product_cat-zimowe","12":"first","13":"instock","14":"shipping-taxable","15":"purchasable","16":"product-type-simple"},"uagb_featured_image_src":{"full":["https:\/\/oponixo.shop\/tire\/wp-content\/uploads\/2026\/01\/allegro-image-17490.jpg",402,600,false],"thumbnail":["https:\/\/oponixo.shop\/tire\/wp-content\/uploads\/2026\/01\/allegro-image-17490-150x150.jpg",150,150,true],"medium":["https:\/\/oponixo.shop\/tire\/wp-content\/uploads\/2026\/01\/allegro-image-17490-201x300.jpg",201,300,true],"medium_large":["https:\/\/oponixo.shop\/tire\/wp-content\/uploads\/2026\/01\/allegro-image-17490.jpg",402,600,false],"large":["https:\/\/oponixo.shop\/tire\/wp-content\/uploads\/2026\/01\/allegro-image-17490.jpg",402,600,false],"1536x1536":["https:\/\/oponixo.shop\/tire\/wp-content\/uploads\/2026\/01\/allegro-image-17490.jpg",402,600,false],"2048x2048":["https:\/\/oponixo.shop\/tire\/wp-content\/uploads\/2026\/01\/allegro-image-17490.jpg",402,600,false],"woocommerce_thumbnail":["https:\/\/oponixo.shop\/tire\/wp-content\/uploads\/2026\/01\/allegro-image-17490-300x300.jpg",300,300,true],"woocommerce_single":["https:\/\/oponixo.shop\/tire\/wp-content\/uploads\/2026\/01\/allegro-image-17490.jpg",402,600,false],"woocommerce_gallery_thumbnail":["https:\/\/oponixo.shop\/tire\/wp-content\/uploads\/2026\/01\/allegro-image-17490-100x100.jpg",100,100,true]},"uagb_author_info":{"display_name":"admin","author_link":"https:\/\/oponixo.shop\/tire\/author\/"},"uagb_comment_info":0,"uagb_excerpt":"zestaw 2 sztuk nowych opon zimowych Pirelli Winter SottoZero 3 285\/30R21 100W XL FR RO1 PNCS Pirelli Winter SottoZero 3 to opony zimowe przeznaczone do samochod\u00f3w osobowych oraz suv-\u00f3w. Oryginalny produkt klasy premium renomowanej marki Pirelli. Bezkompromisowa jako\u015b\u0107. rok produkcji: 2025 opony nowe, oryginalne, z gwarancj\u0105 FR - opony posiadaj\u0105 rant chroni\u0105cy felg\u0119 opony wzmocnione&hellip;","_links":{"self":[{"href":"https:\/\/oponixo.shop\/tire\/wp-json\/wp\/v2\/product\/17490","targetHints":{"allow":["GET"]}}],"collection":[{"href":"https:\/\/oponixo.shop\/tire\/wp-json\/wp\/v2\/product"}],"about":[{"href":"https:\/\/oponixo.shop\/tire\/wp-json\/wp\/v2\/types\/product"}],"wp:featuredmedia":[{"embeddable":true,"href":"https:\/\/oponixo.shop\/tire\/wp-json\/wp\/v2\/media\/17491"}],"wp:attachment":[{"href":"https:\/\/oponixo.shop\/tire\/wp-json\/wp\/v2\/media?parent=17490"}],"wp:term":[{"taxonomy":"product_brand","embeddable":true,"href":"https:\/\/oponixo.shop\/tire\/wp-json\/wp\/v2\/product_brand?post=17490"},{"taxonomy":"product_cat","embeddable":true,"href":"https:\/\/oponixo.shop\/tire\/wp-json\/wp\/v2\/product_cat?post=17490"},{"taxonomy":"product_tag","embeddable":true,"href":"https:\/\/oponixo.shop\/tire\/wp-json\/wp\/v2\/product_tag?post=17490"}],"curies":[{"name":"wp","href":"https:\/\/api.w.org\/{rel}","templated":true}]}}