{"id":17492,"date":"2026-01-19T04:12:38","date_gmt":"2026-01-19T03:12:38","guid":{"rendered":"https:\/\/oponypoint.shop\/xef5\/produkt\/opony-zimowe-pirelli-winter-sottozero-3-285-30r21-100-w-xl-ro1-2025\/"},"modified":"2026-01-19T04:12:38","modified_gmt":"2026-01-19T03:12:38","slug":"opony-zimowe-pirelli-winter-sottozero-3-285-30r21-100-w-xl-ro1-2025","status":"publish","type":"product","link":"https:\/\/oponixo.shop\/tire\/produkt\/opony-zimowe-pirelli-winter-sottozero-3-285-30r21-100-w-xl-ro1-2025\/","title":{"rendered":"Opony zimowe Pirelli Winter SottoZero 3 285\/30R21 100 W (XL) RO1 2025"},"content":{"rendered":"<div style=\"font-family: Arial, sans-serif; line-height: 1.6; color: #333; padding: 20px; clear: both; display: block; width: 100%; float: none; position: static; overflow: hidden;\">\n<div style=\"clear: both; display: block; margin: 10px 0;\">\n<div style=\"clear: both; display: block; margin: 10px 0;\">\n<div style=\"clear: both; display: block; margin: 10px 0;\">\n<p style=\"margin: 15px 0; line-height: 1.8; clear: both; display: block; width: 100%; float: none; position: static;\">Opona zimowa Pirelli Winter SottoZero 3 285\/30R21 100 W<\/p>\n<p style=\"margin: 15px 0; line-height: 1.8; clear: both; display: block; width: 100%; float: none; position: static;\">Cechy produktu:<\/p>\n<ul style=\"margin: 15px 0; padding-left: 20px; clear: both; display: block; width: 100%; float: none; position: static;\">\n<li style=\"margin: 5px 0; padding: 2px 0; clear: both; display: list-item; float: none; position: static;\">sezon: zimowe<\/li>\n<li style=\"margin: 5px 0; padding: 2px 0; clear: both; display: list-item; float: none; position: static;\">szeroko\u015b\u0107\/profil\/\u015brednica: 285\/30R21<\/li>\n<li style=\"margin: 5px 0; padding: 2px 0; clear: both; display: list-item; float: none; position: static;\">indeks pr\u0119dko\u015bci: W do 270 km\/h<\/li>\n<li style=\"margin: 5px 0; padding: 2px 0; clear: both; display: list-item; float: none; position: static;\">indeks no\u015bno\u015bci: 100 &#8211; 800 kg<\/li>\n<li style=\"margin: 5px 0; padding: 2px 0; clear: both; display: list-item; float: none; position: static;\">wzmocnienie (XL)<\/li>\n<li style=\"margin: 5px 0; padding: 2px 0; clear: both; display: list-item; float: none; position: static;\">homologacja: RO1<\/li>\n<\/ul>\n<\/div>\n<\/div>\n<div style=\"clear: both; display: block; margin: 10px 0;\">\n<div style=\"clear: both; display: block; margin: 10px 0;\">\n<div  style=\"max-width:992px;max-height:992px\">\n<div style=\"clear: both; display: block; margin: 10px 0;\">\n<div style=\"clear: both; width: 100%; display: block; margin: 20px 0; padding: 0; float: none; position: static; text-align: center;\"><img decoding=\"async\"  src=\"https:\/\/a.allegroimg.com\/original\/11659d\/3a409e6046a7935bffd2aca2abfd\/Opony-zimowe-Pirelli-Winter-SottoZero-3-285-30R21-100-W-XL-RO1-2025\" srcset=\"https:\/\/a.allegroimg.com\/original\/11659d\/3a409e6046a7935bffd2aca2abfd\/Opony-zimowe-Pirelli-Winter-SottoZero-3-285-30R21-100-W-XL-RO1-2025 360w,https:\/\/a.allegroimg.com\/original\/11659d\/3a409e6046a7935bffd2aca2abfd\/Opony-zimowe-Pirelli-Winter-SottoZero-3-285-30R21-100-W-XL-RO1-2025 720w,https:\/\/a.allegroimg.com\/original\/11659d\/3a409e6046a7935bffd2aca2abfd\/Opony-zimowe-Pirelli-Winter-SottoZero-3-285-30R21-100-W-XL-RO1-2025 992w,https:\/\/a.allegroimg.com\/original\/11659d\/3a409e6046a7935bffd2aca2abfd\/Opony-zimowe-Pirelli-Winter-SottoZero-3-285-30R21-100-W-XL-RO1-2025 992w\" sizes=\"(min-width: 1200px) 560px, (min-width: 992px) 50vw, 100vw\" width=\"992px\" alt=\"Opony zimowe Pirelli Winter SottoZero 3 285\/30R21 100 W (XL) RO1 2025\" style=\"max-width: 100%; height: auto; display: block; margin: 0 auto;\"><\/div>\n<\/div>\n<\/div>\n<\/div>\n<\/div>\n<\/div>\n<div style=\"clear: both; display: block; margin: 10px 0;\">\n<div style=\"clear: both; display: block; margin: 10px 0;\">\n<div style=\"clear: both; display: block; margin: 10px 0;\">\n<p style=\"margin: 15px 0; line-height: 1.8; clear: both; display: block; width: 100%; float: none; position: static;\">Pirelli SottoZero Serie III to opona zimowa przeznaczona do pojazd\u00f3w osobowych. Posiada bie\u017cnik kierunkowy, kt\u00f3ry w strefie centralnej uk\u0142ada si\u0119 we wz\u00f3r podw\u00f3jnej strza\u0142ki. Taka konstrukcja sprawia, \u017ce zwi\u0119kszeniu ulega liczba element\u00f3w odpowiadaj\u0105cych za dobr\u0105 trakcyjno\u015b\u0107 w szczeg\u00f3lno\u015bci na \u015bliskiej lub o\u015bnie\u017conej drodze. Elementy te odpowiadaj\u0105 r\u00f3wnie\u017c za skuteczniejsze przenoszenie si\u0142 hamuj\u0105cych, co wp\u0142ywa korzystnie na bezpiecze\u0144stwo poprzez skr\u00f3cenie drogi hamowania, zw\u0142aszcza w czasie trudnych warunk\u00f3w drogowych.<\/p>\n<p style=\"margin: 15px 0; line-height: 1.8; clear: both; display: block; width: 100%; float: none; position: static;\">Dwa rowki obwodowe o zwi\u0119kszonej szeroko\u015bci s\u0105 po\u0142\u0105czone z g\u0119sto rozmieszczonymi rowkami poprzecznym, dzi\u0119ki czemu znacznie poprawia si\u0119 efektywno\u015b\u0107 usuwania wody i b\u0142ota po\u015bniegowego na zewn\u0105trz opony. Zwi\u0119ksza to odporno\u015b\u0107 na wyst\u0105pienie aquaplaningu, co przek\u0142ada si\u0119 na bezpiecze\u0144stwo, poprzez optymalizacj\u0119 przyczepno\u015bci i precyzji prowadzenia pojazdu w trudnych warunkach pogodowych.<\/p>\n<p style=\"margin: 15px 0; line-height: 1.8; clear: both; display: block; width: 100%; float: none; position: static;\">Technologia lameli 3D opiera si\u0119 na zr\u00f3\u017cnicowanym kszta\u0142cie i odpowiedniej g\u0119sto\u015bci ich rozmieszczenia na klockach bie\u017cnika, co pozwala oponie na jeszcze lepsz\u0105 adaptacj\u0119 do zmiennych warunk\u00f3w drogowych, zapewniaj\u0105c optymalne osi\u0105gi w r\u00f3\u017cnorodnych warunkach pogodowych i przy r\u00f3\u017cnych stanach nawierzchni drogi, kt\u00f3re wyst\u0119puj\u0105 szczeg\u00f3lnie podczas zimowej pory roku.<\/p>\n<p style=\"margin: 15px 0; line-height: 1.8; clear: both; display: block; width: 100%; float: none; position: static;\">Gumowa mieszanka funkcjonalna, z kt\u00f3rej wyprodukowano opon\u0119, zachowuje odpowiedni\u0105 elastyczno\u015b\u0107 i optymalne parametry w szerszym zakresie temperatur ze szczeg\u00f3lnym uwzgl\u0119dnieniem niskich temperatur zimowych. Zapewnia to lepsz\u0105 przyczepno\u015b\u0107 i zwi\u0119kszenie bezpiecze\u0144stwa jazdy dzi\u0119ki bardziej efektywnemu przenoszeniu si\u0142 nap\u0119dowych i hamuj\u0105cych.<\/p>\n<\/div>\n<\/div>\n<\/div>\n<\/div>\n<\/div>\n<\/div>\n<div style=\"clear: both; display: block; margin: 10px 0;\">\n","protected":false},"excerpt":{"rendered":"<p>Opona zimowa Pirelli Winter SottoZero 3 285\/30R21 100 W<\/p>\n<p>Cechy produktu:<\/p>\n<p>sezon: zimowe<\/p>\n<p>szeroko\u015b\u0107\/profil\/\u015brednica: 285\/30R21<\/p>\n<p>indeks pr\u0119dko\u015bci: W do 270 km\/h<\/p>\n<p>indeks no\u015bno\u015bci: 100 &#8211; 800 kg<\/p>\n<p>wzmocnienie (XL)<\/p>\n<p>homologacja: RO1<\/p>\n","protected":false},"featured_media":17493,"template":"","meta":{"_uag_custom_page_level_css":""},"product_brand":[433],"product_cat":[414,413,412,415],"product_tag":[],"class_list":{"0":"post-17492","1":"product","2":"type-product","3":"status-publish","4":"has-post-thumbnail","6":"product_brand-pirelli","7":"product_cat-do-samochodow-osobowych-i-suv","8":"product_cat-opony","9":"product_cat-opony-i-felgi","10":"product_cat-zimowe","12":"first","13":"instock","14":"shipping-taxable","15":"purchasable","16":"product-type-simple"},"uagb_featured_image_src":{"full":["https:\/\/oponixo.shop\/tire\/wp-content\/uploads\/2026\/01\/allegro-image-17492.jpg",992,992,false],"thumbnail":["https:\/\/oponixo.shop\/tire\/wp-content\/uploads\/2026\/01\/allegro-image-17492-150x150.jpg",150,150,true],"medium":["https:\/\/oponixo.shop\/tire\/wp-content\/uploads\/2026\/01\/allegro-image-17492-300x300.jpg",300,300,true],"medium_large":["https:\/\/oponixo.shop\/tire\/wp-content\/uploads\/2026\/01\/allegro-image-17492-768x768.jpg",768,768,true],"large":["https:\/\/oponixo.shop\/tire\/wp-content\/uploads\/2026\/01\/allegro-image-17492.jpg",992,992,false],"1536x1536":["https:\/\/oponixo.shop\/tire\/wp-content\/uploads\/2026\/01\/allegro-image-17492.jpg",992,992,false],"2048x2048":["https:\/\/oponixo.shop\/tire\/wp-content\/uploads\/2026\/01\/allegro-image-17492.jpg",992,992,false],"woocommerce_thumbnail":["https:\/\/oponixo.shop\/tire\/wp-content\/uploads\/2026\/01\/allegro-image-17492-300x300.jpg",300,300,true],"woocommerce_single":["https:\/\/oponixo.shop\/tire\/wp-content\/uploads\/2026\/01\/allegro-image-17492-600x600.jpg",600,600,true],"woocommerce_gallery_thumbnail":["https:\/\/oponixo.shop\/tire\/wp-content\/uploads\/2026\/01\/allegro-image-17492-100x100.jpg",100,100,true]},"uagb_author_info":{"display_name":"admin","author_link":"https:\/\/oponixo.shop\/tire\/author\/"},"uagb_comment_info":0,"uagb_excerpt":"Opona zimowa Pirelli Winter SottoZero 3 285\/30R21 100 W Cechy produktu: sezon: zimowe szeroko\u015b\u0107\/profil\/\u015brednica: 285\/30R21 indeks pr\u0119dko\u015bci: W do 270 km\/h indeks no\u015bno\u015bci: 100 - 800 kg wzmocnienie (XL) homologacja: RO1","_links":{"self":[{"href":"https:\/\/oponixo.shop\/tire\/wp-json\/wp\/v2\/product\/17492","targetHints":{"allow":["GET"]}}],"collection":[{"href":"https:\/\/oponixo.shop\/tire\/wp-json\/wp\/v2\/product"}],"about":[{"href":"https:\/\/oponixo.shop\/tire\/wp-json\/wp\/v2\/types\/product"}],"wp:featuredmedia":[{"embeddable":true,"href":"https:\/\/oponixo.shop\/tire\/wp-json\/wp\/v2\/media\/17493"}],"wp:attachment":[{"href":"https:\/\/oponixo.shop\/tire\/wp-json\/wp\/v2\/media?parent=17492"}],"wp:term":[{"taxonomy":"product_brand","embeddable":true,"href":"https:\/\/oponixo.shop\/tire\/wp-json\/wp\/v2\/product_brand?post=17492"},{"taxonomy":"product_cat","embeddable":true,"href":"https:\/\/oponixo.shop\/tire\/wp-json\/wp\/v2\/product_cat?post=17492"},{"taxonomy":"product_tag","embeddable":true,"href":"https:\/\/oponixo.shop\/tire\/wp-json\/wp\/v2\/product_tag?post=17492"}],"curies":[{"name":"wp","href":"https:\/\/api.w.org\/{rel}","templated":true}]}}