{"id":17506,"date":"2026-01-19T04:12:42","date_gmt":"2026-01-19T03:12:42","guid":{"rendered":"https:\/\/oponypoint.shop\/xef5\/produkt\/2x-continental-wintercontact-ts-860-s-285-30r21-100w-xl-fr\/"},"modified":"2026-01-19T04:12:43","modified_gmt":"2026-01-19T03:12:43","slug":"2x-continental-wintercontact-ts-860-s-285-30r21-100w-xl-fr","status":"publish","type":"product","link":"https:\/\/oponixo.shop\/tire\/produkt\/2x-continental-wintercontact-ts-860-s-285-30r21-100w-xl-fr\/","title":{"rendered":"2x CONTINENTAL WinterContact TS 860 S 285\/30R21 100W XL FR"},"content":{"rendered":"<div style=\"font-family: Arial, sans-serif; line-height: 1.6; color: #333; padding: 20px; clear: both; display: block; width: 100%; float: none; position: static; overflow: hidden;\">\n<div style=\"clear: both; display: block; margin: 10px 0;\">\n<div style=\"clear: both; display: block; margin: 10px 0;\">\n<div style=\"clear: both; display: block; margin: 10px 0;\">\n<h1>Rok produkcji: 2023<\/h1>\n<p style=\"margin: 15px 0; line-height: 1.8; clear: both; display: block; width: 100%; float: none; position: static;\">Jeste\u015bmy ekspertami od opon i wraz z Producentem gwarantujemy, \u017ce wybieraj\u0105c model z wcze\u015bniejsz\u0105 dat\u0105 produkcji, otrzymujesz pe\u0142nowarto\u015bciowy produkt. Dbamy o Twoje bezpiecze\u0144stwo &#8211; nasze opony s\u0105 przechowywane w idealnych warunkach.<\/p>\n<\/div>\n<\/div>\n<\/div>\n<div style=\"clear: both; display: block; margin: 10px 0;\">\n<div style=\"clear: both; display: block; margin: 10px 0;\">\n<div style=\"clear: both; display: block; margin: 10px 0;\">\n<div  style=\"max-width:1200px;max-height:1126px\">\n<div style=\"clear: both; display: block; margin: 10px 0;\">\n<div style=\"clear: both; width: 100%; display: block; margin: 20px 0; padding: 0; float: none; position: static; text-align: center;\"><img decoding=\"async\"  src=\"https:\/\/a.allegroimg.com\/original\/1175f1\/f4701bc148228d5295255ebe0c5a\/2x-CONTINENTAL-WinterContact-TS-860-S-285-30R21-100W-XL-FR\" srcset=\"https:\/\/a.allegroimg.com\/original\/1175f1\/f4701bc148228d5295255ebe0c5a\/2x-CONTINENTAL-WinterContact-TS-860-S-285-30R21-100W-XL-FR 360w,https:\/\/a.allegroimg.com\/original\/1175f1\/f4701bc148228d5295255ebe0c5a\/2x-CONTINENTAL-WinterContact-TS-860-S-285-30R21-100W-XL-FR 720w,https:\/\/a.allegroimg.com\/original\/1175f1\/f4701bc148228d5295255ebe0c5a\/2x-CONTINENTAL-WinterContact-TS-860-S-285-30R21-100W-XL-FR 1024w,https:\/\/a.allegroimg.com\/original\/1175f1\/f4701bc148228d5295255ebe0c5a\/2x-CONTINENTAL-WinterContact-TS-860-S-285-30R21-100W-XL-FR 1200w,https:\/\/a.allegroimg.com\/original\/1175f1\/f4701bc148228d5295255ebe0c5a\/2x-CONTINENTAL-WinterContact-TS-860-S-285-30R21-100W-XL-FR 1200w\" sizes=\"(min-width: 1200px) 560px, (min-width: 992px) 50vw, 100vw\" width=\"1200px\" alt=\"2x CONTINENTAL WinterContact TS 860 S 285\/30R21 100W XL FR\" style=\"max-width: 100%; height: auto; display: block; margin: 0 auto;\"><\/div>\n<\/div>\n<\/div>\n<\/div>\n<\/div>\n<div style=\"clear: both; display: block; margin: 10px 0;\">\n<div style=\"clear: both; display: block; margin: 10px 0;\">\n<h1>CONTINENTAL WinterContact TS 860 S 285\/30R21 100W XL FR<\/h1>\n<h2>H11O31<\/h2>\n<ul style=\"margin: 15px 0; padding-left: 20px; clear: both; display: block; width: 100%; float: none; position: static;\">\n<li style=\"margin: 5px 0; padding: 2px 0; clear: both; display: list-item; float: none; position: static;\"><b>Data produkcji :<\/b> 2023<\/li>\n<li style=\"margin: 5px 0; padding: 2px 0; clear: both; display: list-item; float: none; position: static;\"><b>Hamowanie na mokrej nawierzchni :<\/b> C<\/li>\n<li style=\"margin: 5px 0; padding: 2px 0; clear: both; display: list-item; float: none; position: static;\"><b>Indeks :<\/b> 285\/30R21 ZOCO 100W 86#23<\/li>\n<li style=\"margin: 5px 0; padding: 2px 0; clear: both; display: list-item; float: none; position: static;\"><b>Indeks no\u015bno\u015bci :<\/b> 100<\/li>\n<li style=\"margin: 5px 0; padding: 2px 0; clear: both; display: list-item; float: none; position: static;\"><b>Indeks pr\u0119dko\u015bci :<\/b> W &#8211; 270 km\/h<\/li>\n<li style=\"margin: 5px 0; padding: 2px 0; clear: both; display: list-item; float: none; position: static;\"><b>Karta informacyjna produktu :<\/b> https:\/\/eprel.ec.europa.eu\/qr\/481576<\/li>\n<li style=\"margin: 5px 0; padding: 2px 0; clear: both; display: list-item; float: none; position: static;\"><b>Kl. efekt. paliwowej :<\/b> B<\/li>\n<li style=\"margin: 5px 0; padding: 2px 0; clear: both; display: list-item; float: none; position: static;\"><b>Kl. przycz. na mokrej naw. :<\/b> C<\/li>\n<li style=\"margin: 5px 0; padding: 2px 0; clear: both; display: list-item; float: none; position: static;\"><b>Kl. zew. ha\u0142asu tocz. :<\/b> 2<\/li>\n<li style=\"margin: 5px 0; padding: 2px 0; clear: both; display: list-item; float: none; position: static;\"><b>Klasa opony :<\/b> premium<\/li>\n<li style=\"margin: 5px 0; padding: 2px 0; clear: both; display: list-item; float: none; position: static;\"><b>Kod EAN :<\/b> 4019238003765<\/li>\n<li style=\"margin: 5px 0; padding: 2px 0; clear: both; display: list-item; float: none; position: static;\"><b>Kod producenta :<\/b> 3551810000<\/li>\n<li style=\"margin: 5px 0; padding: 2px 0; clear: both; display: list-item; float: none; position: static;\"><b>Liczba decybeli :<\/b> 75 dB<\/li>\n<li style=\"margin: 5px 0; padding: 2px 0; clear: both; display: list-item; float: none; position: static;\"><b>Model bie\u017cnika :<\/b> WinterContact TS 860 S<\/li>\n<li style=\"margin: 5px 0; padding: 2px 0; clear: both; display: list-item; float: none; position: static;\"><b>Nazwa produktu :<\/b> CONTINENTAL WinterContact TS 860 S 285\/30R21 100W XL FR<\/li>\n<li style=\"margin: 5px 0; padding: 2px 0; clear: both; display: list-item; float: none; position: static;\"><b>No\u015bno\u015b\u0107 opony :<\/b> XL<\/li>\n<li style=\"margin: 5px 0; padding: 2px 0; clear: both; display: list-item; float: none; position: static;\"><b>opona na dedykowan\u0105 o\u015b :<\/b> Prz\u00f3d\/Ty\u0142<\/li>\n<li style=\"margin: 5px 0; padding: 2px 0; clear: both; display: list-item; float: none; position: static;\"><b>Op\u00f3r toczenia :<\/b> B<\/li>\n<li style=\"margin: 5px 0; padding: 2px 0; clear: both; display: list-item; float: none; position: static;\"><b>Poziom emisji ha\u0142asu :<\/b> B<\/li>\n<li style=\"margin: 5px 0; padding: 2px 0; clear: both; display: list-item; float: none; position: static;\"><b>Producent :<\/b> CONTINENTAL<\/li>\n<li style=\"margin: 5px 0; padding: 2px 0; clear: both; display: list-item; float: none; position: static;\"><b>Profil :<\/b> 30<\/li>\n<li style=\"margin: 5px 0; padding: 2px 0; clear: both; display: list-item; float: none; position: static;\"><b>Przeznaczenie :<\/b> samochody osobowe, SUV\/4&#215;4<\/li>\n<li style=\"margin: 5px 0; padding: 2px 0; clear: both; display: list-item; float: none; position: static;\"><b>Przyczepno\u015b\u0107 na lodzie :<\/b> Nie<\/li>\n<li style=\"margin: 5px 0; padding: 2px 0; clear: both; display: list-item; float: none; position: static;\"><b>Przyczepno\u015b\u0107 na \u015bniegu :<\/b> Tak<\/li>\n<li style=\"margin: 5px 0; padding: 2px 0; clear: both; display: list-item; float: none; position: static;\"><b>QR kod :<\/b> https:\/\/eprel.ec.europa.eu\/qr\/481576<\/li>\n<li style=\"margin: 5px 0; padding: 2px 0; clear: both; display: list-item; float: none; position: static;\"><b>Rant opony :<\/b> FR<\/li>\n<li style=\"margin: 5px 0; padding: 2px 0; clear: both; display: list-item; float: none; position: static;\"><b>Sezon :<\/b> zimowa<\/li>\n<li style=\"margin: 5px 0; padding: 2px 0; clear: both; display: list-item; float: none; position: static;\"><b>\u015arednica :<\/b> 21&#8243;<\/li>\n<li style=\"margin: 5px 0; padding: 2px 0; clear: both; display: list-item; float: none; position: static;\"><b>Szeroko\u015b\u0107 :<\/b> 285<\/li>\n<li style=\"margin: 5px 0; padding: 2px 0; clear: both; display: list-item; float: none; position: static;\"><b>Wart. pom. i kl. zew. ha\u0142asu tocz. [dB] :<\/b> 75<\/li>\n<\/ul>\n<\/div>\n<\/div>\n<\/div>\n<div style=\"clear: both; display: block; margin: 10px 0;\">\n<div style=\"clear: both; display: block; margin: 10px 0;\">\n<div style=\"clear: both; display: block; margin: 10px 0;\">\n<p style=\"margin: 15px 0; line-height: 1.8; clear: both; display: block; width: 100%; float: none; position: static;\">Opona zimowa klasy premium CONTINENTAL WinterContact TS 860 S to opona ultra high performance (UHP) adresowana specjalnie do samochod\u00f3w sportowych z segmentu premium. To znakomite rozwi\u0105zanie tak\u017ce dla samochod\u00f3w osobowych i pojazd\u00f3w typu SUV o zwi\u0119kszonych mocach silnika. Posiada oznaczenia M+S (b\u0142oto i \u015bnieg) i 3PMSF (trzy szczyty g\u00f3rskie i p\u0142atek \u015bniegu), \u015bwiadcz\u0105ce o tym, \u017ce opona WinterContact TS 860 S spe\u0142nia surowe europejskie wymogi dotycz\u0105ce opon zimowych. Opona zapewni Tobie wysokie bezpiecze\u0144stwo w czasie podr\u00f3\u017cy i najwy\u017cszy komfort jazdy w ka\u017cdych warunkach zimowych. Wysoka przyczepno\u015b\u0107 na \u015bniegu Specjalna konstrukcja lameli zastosowana w bie\u017cniku zapewnia optymaln\u0105 elastyczno\u015b\u0107 opony, natomiast obecno\u015b\u0107 rowk\u00f3w obwodowych zwi\u0119ksza znacznie przyczepno\u015b\u0107 na \u015bniegu, poprawiaj\u0105 komfort prowadzenia pojazdu na bardzo za\u015bnie\u017conych drogach. Kr\u00f3tsza droga hamowania Bloczki \u017cebra w bie\u017cniku porozdzielane s\u0105 cienkimi rowkami, powoduj\u0105c wzmocnienie \u017cebra podczas hamowania. Taka konstrukcja opony CONTINENTAL WinterContact TS 860 S skraca drog\u0119 hamowania, szczeg\u00f3lnie w czasie sportowej jazdy w sezonie zimowym. Precyzja prowadzenia pojazdu Poszerzone bloki na barku zewn\u0119trznym opony zwi\u0119kszaj\u0105 powierzchni\u0119 kontaktu bie\u017cnika z nawierzchni\u0105, co przek\u0142ada si\u0119 na zmaksymalizowan\u0105 kontrol\u0119 oraz precyzj\u0119 kierowania i pokonywania zakr\u0119t\u00f3w na suchych drogach. Ni\u017csze zu\u017cycie paliwa Zastosowanie innowacyjnej mieszanki gumowej wraz z po\u0142\u0105czeniem zoptymalizowanej konstrukcji opony, przyczyni\u0142y si\u0119 do redukcji oporu toczenia, zmniejszaj\u0105c tym samym zu\u017cycie paliwa.<\/p>\n<\/div>\n<\/div>\n<div style=\"clear: both; display: block; margin: 10px 0;\">\n<div style=\"clear: both; display: block; margin: 10px 0;\">\n<div  style=\"max-width:886px;max-height:1299px\">\n<div style=\"clear: both; display: block; margin: 10px 0;\">\n<div style=\"clear: both; width: 100%; display: block; margin: 20px 0; padding: 0; float: none; position: static; text-align: center;\"><img decoding=\"async\"  src=\"https:\/\/a.allegroimg.com\/original\/116e27\/3442b5384ed7937982898a342402\/2x-CONTINENTAL-WinterContact-TS-860-S-285-30R21-100W-XL-FR-Marka-Continental\" srcset=\"https:\/\/a.allegroimg.com\/original\/116e27\/3442b5384ed7937982898a342402\/2x-CONTINENTAL-WinterContact-TS-860-S-285-30R21-100W-XL-FR-Marka-Continental 245w,https:\/\/a.allegroimg.com\/original\/116e27\/3442b5384ed7937982898a342402\/2x-CONTINENTAL-WinterContact-TS-860-S-285-30R21-100W-XL-FR-Marka-Continental 491w,https:\/\/a.allegroimg.com\/original\/116e27\/3442b5384ed7937982898a342402\/2x-CONTINENTAL-WinterContact-TS-860-S-285-30R21-100W-XL-FR-Marka-Continental 698w,https:\/\/a.allegroimg.com\/original\/116e27\/3442b5384ed7937982898a342402\/2x-CONTINENTAL-WinterContact-TS-860-S-285-30R21-100W-XL-FR-Marka-Continental 886w,https:\/\/a.allegroimg.com\/original\/116e27\/3442b5384ed7937982898a342402\/2x-CONTINENTAL-WinterContact-TS-860-S-285-30R21-100W-XL-FR-Marka-Continental 886w\" sizes=\"(min-width: 1200px) 560px, (min-width: 992px) 50vw, 100vw\" width=\"886px\" alt=\"2x CONTINENTAL WinterContact TS 860 S 285\/30R21 100W XL FR Marka Continental\" style=\"max-width: 100%; height: auto; display: block; margin: 0 auto;\"><\/div>\n<\/div>\n<\/div>\n<\/div>\n<\/div>\n<\/div>\n<div style=\"clear: both; display: block; margin: 10px 0;\">\n<div style=\"clear: both; display: block; margin: 10px 0;\">\n<div style=\"clear: both; display: block; margin: 10px 0;\">\n<p style=\"margin: 15px 0; line-height: 1.8; clear: both; display: block; width: 100%; float: none; position: static;\">Wychodz\u0105c naprzeciw oczekiwaniom Klient\u00f3w i chc\u0105c spe\u0142nia\u0107 jak najwy\u017csze standardy obs\u0142ugi dok\u0142adamy wszelkich stara\u0144, aby podawa\u0107 precyzyjn\u0105 dat\u0119 produkcji opony (DOT). Niestety, w wyj\u0105tkowych przypadkach, mo\u017ce zdarzy\u0107 si\u0119, \u017ce opony, kt\u00f3re wy\u015blemy b\u0119d\u0105 mia\u0142y inn\u0105 dat\u0119 produkcji ni\u017c podana. Sytuacja mo\u017ce dotyczy\u0107 zar\u00f3wno opon z DOT-em wcze\u015bniejszym jak i p\u00f3\u017aniejszym. Chcieliby\u015bmy podkre\u015bli\u0107, \u017ce warunki przechowywania opon w naszych magazynach spe\u0142niaj\u0105 Polsk\u0105 Norm\u0119 PN-C-94300-7 dzi\u0119ki czemu nawet opona przechowywana 24 miesi\u0105ce ma parametry takie same jak opona z bie\u017c\u0105cego roku. Warto pami\u0119ta\u0107 tak\u017ce o fakcie, \u017ce w przypadku wielu rozmiar\u00f3w i producent\u00f3w plany produkcyjne fabryk uniemo\u017cliwiaj\u0105 zakup opony z bie\u017c\u0105cego roku.<\/p>\n<p style=\"margin: 15px 0; line-height: 1.8; clear: both; display: block; width: 100%; float: none; position: static;\">Przy zakupie opon pami\u0119taj o sprawdzeniu w instrukcji samochodu lub na w\u0142a\u015bciwej stronie internetowej, jakie ogumienie zaleca producent Twojego auta. \u0179le dobrane opony mog\u0105 negatywnie wp\u0142yn\u0105\u0107 na poziom Twojego bezpiecze\u0144stwa. Kupuj\u0105c opony zwr\u00f3\u0107 uwag\u0119 na rozmiar oraz indeksy no\u015bno\u015bci i pr\u0119dko\u015bci jakie homologowane s\u0105 do Twojego pojazdu.<\/p>\n<p style=\"margin: 15px 0; line-height: 1.8; clear: both; display: block; width: 100%; float: none; position: static;\">Zamieszczone zdj\u0119cia pe\u0142ni\u0105 funkcj\u0119 pogl\u0105dow\u0105. W zale\u017cno\u015bci od szeroko\u015bci opon, mog\u0105 wyst\u0119powa\u0107 niewielkie r\u00f3\u017cnice w wygl\u0105dzie bie\u017cnika (w obr\u0119bie jednego modelu) na przyk\u0142ad w ilo\u015bci rowk\u00f3w obwodowych lub rozmieszczeniu blok\u00f3w bie\u017cnika, co nie stanowi wady produktu.<\/p>\n<p style=\"margin: 15px 0; line-height: 1.8; clear: both; display: block; width: 100%; float: none; position: static;\">Je\u017celi otrzymane przez Ciebie opony nie spe\u0142niaj\u0105 Twoich oczekiwa\u0144 masz mo\u017cliwo\u015b\u0107 zwrotu lub wymiany nieu\u017cywanego (niemontowanego) ogumienia.<\/p>\n<\/div>\n<\/div>\n<\/div>\n<div style=\"clear: both; display: block; margin: 10px 0;\">\n<div style=\"clear: both; display: block; margin: 10px 0;\">\n<div style=\"clear: both; display: block; margin: 10px 0;\">\n<div  style=\"max-width:2000px;max-height:614px\">\n<div style=\"clear: both; display: block; margin: 10px 0;\">\n<div style=\"clear: both; width: 100%; display: block; margin: 20px 0; padding: 0; float: none; position: static; text-align: center;\"><img decoding=\"async\"  src=\"https:\/\/a.allegroimg.com\/original\/114dc4\/e4079fdc403eb23652e399715e7b\/2x-CONTINENTAL-WinterContact-TS-860-S-285-30R21-100W-XL-FR-Szerokosc-opony-285-mm\" srcset=\"https:\/\/a.allegroimg.com\/original\/114dc4\/e4079fdc403eb23652e399715e7b\/2x-CONTINENTAL-WinterContact-TS-860-S-285-30R21-100W-XL-FR-Szerokosc-opony-285-mm 360w,https:\/\/a.allegroimg.com\/original\/114dc4\/e4079fdc403eb23652e399715e7b\/2x-CONTINENTAL-WinterContact-TS-860-S-285-30R21-100W-XL-FR-Szerokosc-opony-285-mm 720w,https:\/\/a.allegroimg.com\/original\/114dc4\/e4079fdc403eb23652e399715e7b\/2x-CONTINENTAL-WinterContact-TS-860-S-285-30R21-100W-XL-FR-Szerokosc-opony-285-mm 1024w,https:\/\/a.allegroimg.com\/original\/114dc4\/e4079fdc403eb23652e399715e7b\/2x-CONTINENTAL-WinterContact-TS-860-S-285-30R21-100W-XL-FR-Szerokosc-opony-285-mm 1440w,https:\/\/a.allegroimg.com\/original\/114dc4\/e4079fdc403eb23652e399715e7b\/2x-CONTINENTAL-WinterContact-TS-860-S-285-30R21-100W-XL-FR-Szerokosc-opony-285-mm 2000w\" sizes=\"(min-width: 1200px) 560px, (min-width: 992px) 50vw, 100vw\" width=\"2000px\" alt=\"2x CONTINENTAL WinterContact TS 860 S 285\/30R21 100W XL FR Szeroko\u015b\u0107 opony 285 mm\" style=\"max-width: 100%; height: auto; display: block; margin: 0 auto;\"><\/div>\n<\/div>\n<\/div>\n<\/div>\n<\/div>\n<div style=\"clear: both; display: block; margin: 10px 0;\">\n<div style=\"clear: both; display: block; margin: 10px 0;\">\n<h1>Continental<\/h1>\n<p style=\"margin: 15px 0; line-height: 1.8; clear: both; display: block; width: 100%; float: none; position: static;\">Continental AG to globalny dostawca opon, inteligentnych element\u00f3w zawieszenia i system\u00f3w bezpiecze\u0144stwa. Bior\u0105c pod uwag\u0119 produkcj\u0119 opon, koncern zajmuje pierwsz\u0105 pozycje w Niemczech, drug\u0105 w Europie i czwart\u0105 na \u015bwiecie<\/p>\n<\/div>\n<\/div>\n<\/div>\n<\/div>\n<\/div>\n<\/div>\n<div style=\"clear: both; display: block; margin: 10px 0;\">\n","protected":false},"excerpt":{"rendered":"<p>Rok produkcji: 2023<\/p>\n<p>Jeste\u015bmy ekspertami od opon i wraz z Producentem gwarantujemy, \u017ce wybieraj\u0105c model z wcze\u015bniejsz\u0105 dat\u0105 produkcji, otrzymujesz pe\u0142nowarto\u015bciowy produkt. Dbamy o Twoje bezpiecze\u0144stwo &#8211; nasze opony s\u0105 przechowywane w idealnych warunkach.<\/p>\n<p>CONTINENTAL WinterContact TS 860 S 285\/30R21 100W XL FR<\/p>\n<p>H11O31<\/p>\n<p>Data produkcji : 2023<\/p>\n<p>Hamowanie na mokrej nawierzchni : C<\/p>\n<p>Indeks : 285\/30R21 ZOCO 100W 86#23<\/p>\n<p>Indeks no\u015bno\u015bci : 100<\/p>\n","protected":false},"featured_media":17507,"template":"","meta":{"_uag_custom_page_level_css":""},"product_brand":[396],"product_cat":[414,413,412,415],"product_tag":[],"class_list":{"0":"post-17506","1":"product","2":"type-product","3":"status-publish","4":"has-post-thumbnail","6":"product_brand-continental","7":"product_cat-do-samochodow-osobowych-i-suv","8":"product_cat-opony","9":"product_cat-opony-i-felgi","10":"product_cat-zimowe","12":"first","13":"instock","14":"shipping-taxable","15":"purchasable","16":"product-type-simple"},"uagb_featured_image_src":{"full":["https:\/\/oponixo.shop\/tire\/wp-content\/uploads\/2026\/01\/allegro-image-17506.jpg",1200,1126,false],"thumbnail":["https:\/\/oponixo.shop\/tire\/wp-content\/uploads\/2026\/01\/allegro-image-17506-150x150.jpg",150,150,true],"medium":["https:\/\/oponixo.shop\/tire\/wp-content\/uploads\/2026\/01\/allegro-image-17506-300x282.jpg",300,282,true],"medium_large":["https:\/\/oponixo.shop\/tire\/wp-content\/uploads\/2026\/01\/allegro-image-17506-768x721.jpg",768,721,true],"large":["https:\/\/oponixo.shop\/tire\/wp-content\/uploads\/2026\/01\/allegro-image-17506-1024x961.jpg",1024,961,true],"1536x1536":["https:\/\/oponixo.shop\/tire\/wp-content\/uploads\/2026\/01\/allegro-image-17506.jpg",1200,1126,false],"2048x2048":["https:\/\/oponixo.shop\/tire\/wp-content\/uploads\/2026\/01\/allegro-image-17506.jpg",1200,1126,false],"woocommerce_thumbnail":["https:\/\/oponixo.shop\/tire\/wp-content\/uploads\/2026\/01\/allegro-image-17506-300x300.jpg",300,300,true],"woocommerce_single":["https:\/\/oponixo.shop\/tire\/wp-content\/uploads\/2026\/01\/allegro-image-17506-600x563.jpg",600,563,true],"woocommerce_gallery_thumbnail":["https:\/\/oponixo.shop\/tire\/wp-content\/uploads\/2026\/01\/allegro-image-17506-100x100.jpg",100,100,true]},"uagb_author_info":{"display_name":"admin","author_link":"https:\/\/oponixo.shop\/tire\/author\/"},"uagb_comment_info":0,"uagb_excerpt":"Rok produkcji: 2023 Jeste\u015bmy ekspertami od opon i wraz z Producentem gwarantujemy, \u017ce wybieraj\u0105c model z wcze\u015bniejsz\u0105 dat\u0105 produkcji, otrzymujesz pe\u0142nowarto\u015bciowy produkt. Dbamy o Twoje bezpiecze\u0144stwo - nasze opony s\u0105 przechowywane w idealnych warunkach. CONTINENTAL WinterContact TS 860 S 285\/30R21 100W XL FR H11O31 Data produkcji : 2023 Hamowanie na mokrej nawierzchni : C Indeks&hellip;","_links":{"self":[{"href":"https:\/\/oponixo.shop\/tire\/wp-json\/wp\/v2\/product\/17506","targetHints":{"allow":["GET"]}}],"collection":[{"href":"https:\/\/oponixo.shop\/tire\/wp-json\/wp\/v2\/product"}],"about":[{"href":"https:\/\/oponixo.shop\/tire\/wp-json\/wp\/v2\/types\/product"}],"wp:featuredmedia":[{"embeddable":true,"href":"https:\/\/oponixo.shop\/tire\/wp-json\/wp\/v2\/media\/17507"}],"wp:attachment":[{"href":"https:\/\/oponixo.shop\/tire\/wp-json\/wp\/v2\/media?parent=17506"}],"wp:term":[{"taxonomy":"product_brand","embeddable":true,"href":"https:\/\/oponixo.shop\/tire\/wp-json\/wp\/v2\/product_brand?post=17506"},{"taxonomy":"product_cat","embeddable":true,"href":"https:\/\/oponixo.shop\/tire\/wp-json\/wp\/v2\/product_cat?post=17506"},{"taxonomy":"product_tag","embeddable":true,"href":"https:\/\/oponixo.shop\/tire\/wp-json\/wp\/v2\/product_tag?post=17506"}],"curies":[{"name":"wp","href":"https:\/\/api.w.org\/{rel}","templated":true}]}}