{"id":17524,"date":"2026-01-19T04:12:47","date_gmt":"2026-01-19T03:12:47","guid":{"rendered":"https:\/\/oponypoint.shop\/xef5\/produkt\/1x-285-30r21-continental-sportcontact-7-100y-nowe-lato\/"},"modified":"2026-01-19T04:12:47","modified_gmt":"2026-01-19T03:12:47","slug":"1x-285-30r21-continental-sportcontact-7-100y-nowe-lato","status":"publish","type":"product","link":"https:\/\/oponixo.shop\/tire\/produkt\/1x-285-30r21-continental-sportcontact-7-100y-nowe-lato\/","title":{"rendered":"1x 285\/30R21 CONTINENTAL SportContact 7 100Y NOWE LATO"},"content":{"rendered":"<div style=\"font-family: Arial, sans-serif; line-height: 1.6; color: #333; padding: 20px; clear: both; display: block; width: 100%; float: none; position: static; overflow: hidden;\">\n<div style=\"clear: both; display: block; margin: 10px 0;\">\n<div style=\"clear: both; display: block; margin: 10px 0;\">\n<div style=\"clear: both; display: block; margin: 10px 0;\">\n<div  style=\"max-width:2560px;max-height:456px\">\n<div style=\"clear: both; display: block; margin: 10px 0;\">\n<div style=\"clear: both; width: 100%; display: block; margin: 20px 0; padding: 0; float: none; position: static; text-align: center;\"><img decoding=\"async\"  src=\"https:\/\/a.allegroimg.com\/original\/112cf4\/fe17c257452d81d1fa78e488bca2\/1x-285-30R21-CONTINENTAL-SportContact-7-100Y-NOWE-LATO-Marka-Continental\" srcset=\"https:\/\/a.allegroimg.com\/original\/112cf4\/fe17c257452d81d1fa78e488bca2\/1x-285-30R21-CONTINENTAL-SportContact-7-100Y-NOWE-LATO-Marka-Continental 360w,https:\/\/a.allegroimg.com\/original\/112cf4\/fe17c257452d81d1fa78e488bca2\/1x-285-30R21-CONTINENTAL-SportContact-7-100Y-NOWE-LATO-Marka-Continental 720w,https:\/\/a.allegroimg.com\/original\/112cf4\/fe17c257452d81d1fa78e488bca2\/1x-285-30R21-CONTINENTAL-SportContact-7-100Y-NOWE-LATO-Marka-Continental 1024w,https:\/\/a.allegroimg.com\/original\/112cf4\/fe17c257452d81d1fa78e488bca2\/1x-285-30R21-CONTINENTAL-SportContact-7-100Y-NOWE-LATO-Marka-Continental 1440w,https:\/\/a.allegroimg.com\/original\/112cf4\/fe17c257452d81d1fa78e488bca2\/1x-285-30R21-CONTINENTAL-SportContact-7-100Y-NOWE-LATO-Marka-Continental 2560w\" sizes=\"100vw\" width=\"2560px\" alt=\"1x 285\/30R21 CONTINENTAL SportContact 7 100Y NOWE LATO Marka Continental\" style=\"max-width: 100%; height: auto; display: block; margin: 0 auto;\"><\/div>\n<\/div>\n<\/div>\n<\/div>\n<\/div>\n<\/div>\n<div style=\"clear: both; display: block; margin: 10px 0;\">\n<div style=\"clear: both; display: block; margin: 10px 0;\">\n<div style=\"clear: both; display: block; margin: 10px 0;\">\n<div  style=\"max-width:235px;max-height:305px\">\n<div style=\"clear: both; display: block; margin: 10px 0;\">\n<div style=\"clear: both; width: 100%; display: block; margin: 20px 0; padding: 0; float: none; position: static; text-align: center;\"><img decoding=\"async\"  src=\"https:\/\/a.allegroimg.com\/original\/11ce9f\/e20f92a942c28893797549cc9790\/1x-285-30R21-CONTINENTAL-SportContact-7-100Y-NOWE-LATO\" srcset=\"https:\/\/a.allegroimg.com\/original\/11ce9f\/e20f92a942c28893797549cc9790\/1x-285-30R21-CONTINENTAL-SportContact-7-100Y-NOWE-LATO 235w,https:\/\/a.allegroimg.com\/original\/11ce9f\/e20f92a942c28893797549cc9790\/1x-285-30R21-CONTINENTAL-SportContact-7-100Y-NOWE-LATO 235w\" sizes=\"(min-width: 1200px) 560px, (min-width: 992px) 50vw, 100vw\" width=\"235px\" alt=\"1x 285\/30R21 CONTINENTAL SportContact 7 100Y NOWE LATO\" style=\"max-width: 100%; height: auto; display: block; margin: 0 auto;\"><\/div>\n<\/div>\n<\/div>\n<\/div>\n<\/div>\n<div style=\"clear: both; display: block; margin: 10px 0;\">\n<div style=\"clear: both; display: block; margin: 10px 0;\">\n<h3 style=\"color: #2c5aa0; font-size: 18px; margin: 30px 0 15px 0; font-weight: bold; clear: both; display: block; width: 100%; float: none; position: static;\">PARAMETRY OPON:<\/h3>\n<p style=\"margin: 15px 0; line-height: 1.8; clear: both; display: block; width: 100%; float: none; position: static;\">Producent: CONTINENTAL<\/p>\n<p style=\"margin: 15px 0; line-height: 1.8; clear: both; display: block; width: 100%; float: none; position: static;\">Kod producenta: 03158520000<\/p>\n<p style=\"margin: 15px 0; line-height: 1.8; clear: both; display: block; width: 100%; float: none; position: static;\">EAN (GTIN): 4019238313406<\/p>\n<p style=\"margin: 15px 0; line-height: 1.8; clear: both; display: block; width: 100%; float: none; position: static;\">Rozmiar: 285\/30R21<\/p>\n<p style=\"margin: 15px 0; line-height: 1.8; clear: both; display: block; width: 100%; float: none; position: static;\">Model: SportContact 7<\/p>\n<p style=\"margin: 15px 0; line-height: 1.8; clear: both; display: block; width: 100%; float: none; position: static;\">Indeks no\u015bno\u015bci: 100 &#8211; 800 kg<\/p>\n<p style=\"margin: 15px 0; line-height: 1.8; clear: both; display: block; width: 100%; float: none; position: static;\">Indeks pr\u0119dko\u015bci: Y do 300 km\/h<\/p>\n<p style=\"margin: 15px 0; line-height: 1.8; clear: both; display: block; width: 100%; float: none; position: static;\">Homologacja: MGT<\/p>\n<\/div>\n<\/div>\n<\/div>\n<div style=\"clear: both; display: block; margin: 10px 0;\">\n<div style=\"clear: both; display: block; margin: 10px 0;\">\n<div style=\"clear: both; display: block; margin: 10px 0;\">\n<h3 style=\"color: #2c5aa0; font-size: 18px; margin: 30px 0 15px 0; font-weight: bold; clear: both; display: block; width: 100%; float: none; position: static;\">CONTINENTAL SPORTCONTACT\u2122 7 \u2013 SPORTOWE OSI\u0104GI NA NAJWY\u017bSZYM POZIOMIE<\/h3>\n<h3 style=\"color: #2c5aa0; font-size: 18px; margin: 30px 0 15px 0; font-weight: bold; clear: both; display: block; width: 100%; float: none; position: static;\">DLACZEGO WARTO WYBRA\u0106 SPORTCONTACT\u2122 7?<\/h3>\n<ul style=\"margin: 15px 0; padding-left: 20px; clear: both; display: block; width: 100%; float: none; position: static;\">\n<li style=\"margin: 5px 0; padding: 2px 0; clear: both; display: list-item; float: none; position: static;\"><b>Pewno\u015b\u0107 prowadzenia:<\/b> Stabilno\u015b\u0107 i bezpiecze\u0144stwo na mokrej oraz suchej nawierzchni, nawet przy wy\u017cszych pr\u0119dko\u015bciach.<\/li>\n<li style=\"margin: 5px 0; padding: 2px 0; clear: both; display: list-item; float: none; position: static;\"><b>Wyj\u0105tkowa mieszanka BlackChili:<\/b> Po\u0142\u0105czenie mi\u0119kkiej mieszanki i innowacyjnego blokowego wzoru bie\u017cnika gwarantuje wspania\u0142e osi\u0105gi sportowe i niezr\u00f3wnan\u0105 przyjemno\u015b\u0107 z jazdy.<\/li>\n<li style=\"margin: 5px 0; padding: 2px 0; clear: both; display: list-item; float: none; position: static;\"><b>Dopasowanie do pojazdu:<\/b> Konstrukcja opony dostosowana do rozmiaru i wagi auta zapewnia idealne w\u0142a\u015bciwo\u015bci jezdne niezale\u017cnie od klasy pojazdu.<\/li>\n<\/ul>\n<h3 style=\"color: #2c5aa0; font-size: 18px; margin: 30px 0 15px 0; font-weight: bold; clear: both; display: block; width: 100%; float: none; position: static;\">BEZPIECZE\u0143STWO I PEWNO\u015a\u0106 W KA\u017bDYCH WARUNKACH<\/h3>\n<p style=\"margin: 15px 0; line-height: 1.8; clear: both; display: block; width: 100%; float: none; position: static;\">Opony SportContact\u2122 7 zosta\u0142y wyposa\u017cone w adaptacyjny wz\u00f3r bie\u017cnika, kt\u00f3ry dostosowuje powierzchni\u0119 styku do stylu jazdy. Dzi\u0119ki temu zapewniaj\u0105 dodatkow\u0105 przyczepno\u015b\u0107 oraz stabilne prowadzenie, nawet przy nag\u0142ych zmianach warunk\u00f3w drogowych.<\/p>\n<h3 style=\"color: #2c5aa0; font-size: 18px; margin: 30px 0 15px 0; font-weight: bold; clear: both; display: block; width: 100%; float: none; position: static;\">MAKSYMALNA PRZYJEMNO\u015a\u0106 Z JAZDY<\/h3>\n<p style=\"margin: 15px 0; line-height: 1.8; clear: both; display: block; width: 100%; float: none; position: static;\">Dzi\u0119ki mieszance BlackChili i innowacyjnej konstrukcji bie\u017cnika, SportContact\u2122 7 oferuj\u0105 doskona\u0142e osi\u0105gi sportowe oraz lepsz\u0105 wytrzyma\u0142o\u015b\u0107 na przebiegi w por\u00f3wnaniu do poprzedniego modelu. To idealne rozwi\u0105zanie dla kierowc\u00f3w, kt\u00f3rzy oczekuj\u0105 najwy\u017cszej wydajno\u015bci i d\u0142ugotrwa\u0142ej przyjemno\u015bci z jazdy.<\/p>\n<h3 style=\"color: #2c5aa0; font-size: 18px; margin: 30px 0 15px 0; font-weight: bold; clear: both; display: block; width: 100%; float: none; position: static;\">SPORTOWE EMOCJE NA WYCI\u0104GNI\u0118CIE R\u0118KI<\/h3>\n<p style=\"margin: 15px 0; line-height: 1.8; clear: both; display: block; width: 100%; float: none; position: static;\">Konstrukcja opon SportContact\u2122 7 jest precyzyjnie dopasowana do rozmiaru i wagi pojazdu, dzi\u0119ki czemu zapewniaj\u0105 one sportowe emocje i optymalne w\u0142a\u015bciwo\u015bci jezdne w ka\u017cdym rodzaju auta. Niezale\u017cnie od klasy pojazdu, mo\u017cesz cieszy\u0107 si\u0119 pe\u0142ni\u0105 sportowej dynamiki.<\/p>\n<h3 style=\"color: #2c5aa0; font-size: 18px; margin: 30px 0 15px 0; font-weight: bold; clear: both; display: block; width: 100%; float: none; position: static;\">WYBIERZ CONTINENTAL SPORTCONTACT\u2122 7 \u2013 EMOCJE I BEZPIECZE\u0143STWO W JEDNYM!<\/h3>\n<\/div>\n<\/div>\n<\/div>\n<\/div>\n<\/div>\n<\/div>\n<div style=\"clear: both; display: block; margin: 10px 0;\">\n","protected":false},"excerpt":{"rendered":"<p>PARAMETRY OPON:<\/p>\n<p>Producent: CONTINENTAL<\/p>\n<p>Kod producenta: 03158520000<\/p>\n<p>EAN (GTIN): 4019238313406<\/p>\n<p>Rozmiar: 285\/30R21<\/p>\n<p>Model: SportContact 7<\/p>\n<p>Indeks no\u015bno\u015bci: 100 &#8211; 800 kg<\/p>\n<p>Indeks pr\u0119dko\u015bci: Y do 300 km\/h<\/p>\n","protected":false},"featured_media":17525,"template":"","meta":{"_uag_custom_page_level_css":""},"product_brand":[396],"product_cat":[414,418,413,412],"product_tag":[],"class_list":{"0":"post-17524","1":"product","2":"type-product","3":"status-publish","4":"has-post-thumbnail","6":"product_brand-continental","7":"product_cat-do-samochodow-osobowych-i-suv","8":"product_cat-letnie","9":"product_cat-opony","10":"product_cat-opony-i-felgi","12":"first","13":"instock","14":"shipping-taxable","15":"purchasable","16":"product-type-simple"},"uagb_featured_image_src":{"full":["https:\/\/oponixo.shop\/tire\/wp-content\/uploads\/2026\/01\/allegro-image-17524.jpg",235,305,false],"thumbnail":["https:\/\/oponixo.shop\/tire\/wp-content\/uploads\/2026\/01\/allegro-image-17524-150x150.jpg",150,150,true],"medium":["https:\/\/oponixo.shop\/tire\/wp-content\/uploads\/2026\/01\/allegro-image-17524-231x300.jpg",231,300,true],"medium_large":["https:\/\/oponixo.shop\/tire\/wp-content\/uploads\/2026\/01\/allegro-image-17524.jpg",235,305,false],"large":["https:\/\/oponixo.shop\/tire\/wp-content\/uploads\/2026\/01\/allegro-image-17524.jpg",235,305,false],"1536x1536":["https:\/\/oponixo.shop\/tire\/wp-content\/uploads\/2026\/01\/allegro-image-17524.jpg",235,305,false],"2048x2048":["https:\/\/oponixo.shop\/tire\/wp-content\/uploads\/2026\/01\/allegro-image-17524.jpg",235,305,false],"woocommerce_thumbnail":["https:\/\/oponixo.shop\/tire\/wp-content\/uploads\/2026\/01\/allegro-image-17524-235x300.jpg",235,300,true],"woocommerce_single":["https:\/\/oponixo.shop\/tire\/wp-content\/uploads\/2026\/01\/allegro-image-17524.jpg",235,305,false],"woocommerce_gallery_thumbnail":["https:\/\/oponixo.shop\/tire\/wp-content\/uploads\/2026\/01\/allegro-image-17524-100x100.jpg",100,100,true]},"uagb_author_info":{"display_name":"admin","author_link":"https:\/\/oponixo.shop\/tire\/author\/"},"uagb_comment_info":0,"uagb_excerpt":"PARAMETRY OPON: Producent: CONTINENTAL Kod producenta: 03158520000 EAN (GTIN): 4019238313406 Rozmiar: 285\/30R21 Model: SportContact 7 Indeks no\u015bno\u015bci: 100 - 800 kg Indeks pr\u0119dko\u015bci: Y do 300 km\/h","_links":{"self":[{"href":"https:\/\/oponixo.shop\/tire\/wp-json\/wp\/v2\/product\/17524","targetHints":{"allow":["GET"]}}],"collection":[{"href":"https:\/\/oponixo.shop\/tire\/wp-json\/wp\/v2\/product"}],"about":[{"href":"https:\/\/oponixo.shop\/tire\/wp-json\/wp\/v2\/types\/product"}],"wp:featuredmedia":[{"embeddable":true,"href":"https:\/\/oponixo.shop\/tire\/wp-json\/wp\/v2\/media\/17525"}],"wp:attachment":[{"href":"https:\/\/oponixo.shop\/tire\/wp-json\/wp\/v2\/media?parent=17524"}],"wp:term":[{"taxonomy":"product_brand","embeddable":true,"href":"https:\/\/oponixo.shop\/tire\/wp-json\/wp\/v2\/product_brand?post=17524"},{"taxonomy":"product_cat","embeddable":true,"href":"https:\/\/oponixo.shop\/tire\/wp-json\/wp\/v2\/product_cat?post=17524"},{"taxonomy":"product_tag","embeddable":true,"href":"https:\/\/oponixo.shop\/tire\/wp-json\/wp\/v2\/product_tag?post=17524"}],"curies":[{"name":"wp","href":"https:\/\/api.w.org\/{rel}","templated":true}]}}