{"id":17652,"date":"2026-01-23T21:47:22","date_gmt":"2026-01-23T20:47:22","guid":{"rendered":"https:\/\/oponypoint.shop\/xef5\/produkt\/4x-opony-zimowe-bridgestone-blizzak-dm-v3-285-60r18-116r\/"},"modified":"2026-01-23T21:47:22","modified_gmt":"2026-01-23T20:47:22","slug":"4x-opony-zimowe-bridgestone-blizzak-dm-v3-285-60r18-116r","status":"publish","type":"product","link":"https:\/\/oponixo.shop\/tire\/produkt\/4x-opony-zimowe-bridgestone-blizzak-dm-v3-285-60r18-116r\/","title":{"rendered":"4x opony zimowe Bridgestone Blizzak DM-V3 285\/60R18 116R"},"content":{"rendered":"<div style=\"font-family: Arial, sans-serif; line-height: 1.6; color: #333; padding: 20px; clear: both; display: block; width: 100%; float: none; position: static; overflow: hidden;\">\n<div style=\"clear: both; display: block; margin: 10px 0;\">\n<div style=\"clear: both; display: block; margin: 10px 0;\">\n<div style=\"clear: both; display: block; margin: 10px 0;\">\n<div  style=\"max-width:500px;max-height:71px\">\n<div style=\"clear: both; display: block; margin: 10px 0;\">\n<div style=\"clear: both; width: 100%; display: block; margin: 20px 0; padding: 0; float: none; position: static; text-align: center;\"><img decoding=\"async\"  src=\"https:\/\/a.allegroimg.com\/original\/11d9dd\/b32ea6be491f862b037db39c8af0\/4x-opony-zimowe-Bridgestone-Blizzak-DM-V3-285-60R18-116R-Rok-produkcji-2023\" srcset=\"https:\/\/a.allegroimg.com\/original\/11d9dd\/b32ea6be491f862b037db39c8af0\/4x-opony-zimowe-Bridgestone-Blizzak-DM-V3-285-60R18-116R-Rok-produkcji-2023 360w,https:\/\/a.allegroimg.com\/original\/11d9dd\/b32ea6be491f862b037db39c8af0\/4x-opony-zimowe-Bridgestone-Blizzak-DM-V3-285-60R18-116R-Rok-produkcji-2023 500w,https:\/\/a.allegroimg.com\/original\/11d9dd\/b32ea6be491f862b037db39c8af0\/4x-opony-zimowe-Bridgestone-Blizzak-DM-V3-285-60R18-116R-Rok-produkcji-2023 500w\" sizes=\"100vw\" width=\"500px\" alt=\"4x opony zimowe Bridgestone Blizzak DM-V3 285\/60R18 116R Rok produkcji 2023\" style=\"max-width: 100%; height: auto; display: block; margin: 0 auto;\"><\/div>\n<\/div>\n<\/div>\n<\/div>\n<\/div>\n<\/div>\n<div style=\"clear: both; display: block; margin: 10px 0;\">\n<div style=\"clear: both; display: block; margin: 10px 0;\">\n<div style=\"clear: both; display: block; margin: 10px 0;\">\n<h1>zestaw 4 sztuk nowych opon zimowych<\/h1>\n<h1>Bridgestone Blizzak DM-V3 285\/60R18 116R<\/h1>\n<p style=\"margin: 15px 0; line-height: 1.8; clear: both; display: block; width: 100%; float: none; position: static;\">\n<\/div>\n<\/div>\n<\/div>\n<div style=\"clear: both; display: block; margin: 10px 0;\">\n<div style=\"clear: both; display: block; margin: 10px 0;\">\n<div style=\"clear: both; display: block; margin: 10px 0;\">\n<div  style=\"max-width:424px;max-height:599px\">\n<div style=\"clear: both; display: block; margin: 10px 0;\">\n<div style=\"clear: both; width: 100%; display: block; margin: 20px 0; padding: 0; float: none; position: static; text-align: center;\"><img decoding=\"async\"  src=\"https:\/\/a.allegroimg.com\/original\/113247\/387421d24398bc5d1ae7c1bf7f14\/4x-opony-zimowe-Bridgestone-Blizzak-DM-V3-285-60R18-116R\" srcset=\"https:\/\/a.allegroimg.com\/original\/113247\/387421d24398bc5d1ae7c1bf7f14\/4x-opony-zimowe-Bridgestone-Blizzak-DM-V3-285-60R18-116R 254w,https:\/\/a.allegroimg.com\/original\/113247\/387421d24398bc5d1ae7c1bf7f14\/4x-opony-zimowe-Bridgestone-Blizzak-DM-V3-285-60R18-116R 424w,https:\/\/a.allegroimg.com\/original\/113247\/387421d24398bc5d1ae7c1bf7f14\/4x-opony-zimowe-Bridgestone-Blizzak-DM-V3-285-60R18-116R 424w\" sizes=\"(min-width: 1200px) 560px, (min-width: 992px) 50vw, 100vw\" width=\"424px\" alt=\"4x opony zimowe Bridgestone Blizzak DM-V3 285\/60R18 116R\" style=\"max-width: 100%; height: auto; display: block; margin: 0 auto;\"><\/div>\n<\/div>\n<\/div>\n<\/div>\n<\/div>\n<div style=\"clear: both; display: block; margin: 10px 0;\">\n<div style=\"clear: both; display: block; margin: 10px 0;\">\n<p style=\"margin: 15px 0; line-height: 1.8; clear: both; display: block; width: 100%; float: none; position: static;\"><b>Bridgestone Blizzak DM-V3<\/b> to opony <b>zimowe<\/b> przeznaczone do samochod\u00f3w typu <b>SUV\/terenowe<\/b>. Oryginalny produkt klasy <b>premium<\/b> renomowanej marki <b>Bridgestone<\/b>. Bezkompromisowa jako\u015b\u0107. Przeznaczone do trudnych warunk\u00f3w zimowych, dedykowane na drogi gorszej jako\u015bci, za\u015bniezone, oblodzone, obszary wiejskie, g\u00f3rskie itp.<\/p>\n<ul style=\"margin: 15px 0; padding-left: 20px; clear: both; display: block; width: 100%; float: none; position: static;\">\n<li style=\"margin: 5px 0; padding: 2px 0; clear: both; display: list-item; float: none; position: static;\">rok produkcji: nie starsze ni\u017c <b>2023<\/b><\/li>\n<li style=\"margin: 5px 0; padding: 2px 0; clear: both; display: list-item; float: none; position: static;\">opony <b>nowe<\/b>, oryginalne, z gwarancj\u0105<\/li>\n<li style=\"margin: 5px 0; padding: 2px 0; clear: both; display: list-item; float: none; position: static;\">maksymalna przyczepno\u015b\u0107 na \u015bniegu i lodzie, r\u00f3wnie\u017c na drogach gorszej jako\u015bci<\/li>\n<li style=\"margin: 5px 0; padding: 2px 0; clear: both; display: list-item; float: none; position: static;\">d\u0142ugie przebiegi<\/li>\n<li style=\"margin: 5px 0; padding: 2px 0; clear: both; display: list-item; float: none; position: static;\">bie\u017cnik zu\u017cywa si\u0119 r\u00f3wnomiernie<\/li>\n<\/ul>\n<\/div>\n<\/div>\n<\/div>\n<div style=\"clear: both; display: block; margin: 10px 0;\">\n<div style=\"clear: both; display: block; margin: 10px 0;\">\n<div style=\"clear: both; display: block; margin: 10px 0;\">\n<div  style=\"max-width:480px;max-height:733px\">\n<div style=\"clear: both; display: block; margin: 10px 0;\">\n<div style=\"clear: both; width: 100%; display: block; margin: 20px 0; padding: 0; float: none; position: static; text-align: center;\"><img decoding=\"async\"  src=\"https:\/\/a.allegroimg.com\/original\/11b295\/4dc2c6bd4a389a99be6fe9077bc3\/4x-opony-zimowe-Bridgestone-Blizzak-DM-V3-285-60R18-116R-Liczba-opon-w-ofercie-Komplet-4-szt\" srcset=\"https:\/\/a.allegroimg.com\/original\/11b295\/4dc2c6bd4a389a99be6fe9077bc3\/4x-opony-zimowe-Bridgestone-Blizzak-DM-V3-285-60R18-116R-Liczba-opon-w-ofercie-Komplet-4-szt 235w,https:\/\/a.allegroimg.com\/original\/11b295\/4dc2c6bd4a389a99be6fe9077bc3\/4x-opony-zimowe-Bridgestone-Blizzak-DM-V3-285-60R18-116R-Liczba-opon-w-ofercie-Komplet-4-szt 471w,https:\/\/a.allegroimg.com\/original\/11b295\/4dc2c6bd4a389a99be6fe9077bc3\/4x-opony-zimowe-Bridgestone-Blizzak-DM-V3-285-60R18-116R-Liczba-opon-w-ofercie-Komplet-4-szt 480w,https:\/\/a.allegroimg.com\/original\/11b295\/4dc2c6bd4a389a99be6fe9077bc3\/4x-opony-zimowe-Bridgestone-Blizzak-DM-V3-285-60R18-116R-Liczba-opon-w-ofercie-Komplet-4-szt 480w\" sizes=\"100vw\" width=\"480px\" alt=\"4x opony zimowe Bridgestone Blizzak DM-V3 285\/60R18 116R Liczba opon w ofercie Komplet 4 szt.\" style=\"max-width: 100%; height: auto; display: block; margin: 0 auto;\"><\/div>\n<\/div>\n<\/div>\n<\/div>\n<\/div>\n<\/div>\n<\/div>\n<\/div>\n<\/div>\n<div style=\"clear: both; display: block; margin: 10px 0;\">\n","protected":false},"excerpt":{"rendered":"<p>zestaw 4 sztuk nowych opon zimowych<\/p>\n<p>Bridgestone Blizzak DM-V3 285\/60R18 116R<\/p>\n<p>Bridgestone Blizzak DM-V3 to opony zimowe przeznaczone do samochod\u00f3w typu SUV\/terenowe. Oryginalny produkt klasy premium renomowanej marki Bridgestone. Bezkompromisowa jako\u015b\u0107. Przeznaczone do trudnych warunk\u00f3w zimowych, dedykowane na drogi gorszej jako\u015bci, za\u015bniezone, oblodzone, obszary wiejskie, g\u00f3rskie itp.<\/p>\n<p>rok produkcji: nie starsze ni\u017c 2023<\/p>\n<p>opony nowe, oryginalne, z gwarancj\u0105<\/p>\n<p>maksymalna przyczepno\u015b\u0107 na \u015bniegu i lodzie, r\u00f3wnie\u017c na drogach gorszej jako\u015bci<\/p>\n<p>d\u0142ugie przebiegi<\/p>\n<p>bie\u017cnik zu\u017cywa si\u0119 r\u00f3wnomiernie<\/p>\n","protected":false},"featured_media":17653,"template":"","meta":{"_uag_custom_page_level_css":""},"product_brand":[397],"product_cat":[414,413,412,415],"product_tag":[],"class_list":{"0":"post-17652","1":"product","2":"type-product","3":"status-publish","4":"has-post-thumbnail","6":"product_brand-bridgestone","7":"product_cat-do-samochodow-osobowych-i-suv","8":"product_cat-opony","9":"product_cat-opony-i-felgi","10":"product_cat-zimowe","12":"first","13":"instock","14":"shipping-taxable","15":"purchasable","16":"product-type-simple"},"uagb_featured_image_src":{"full":["https:\/\/oponixo.shop\/tire\/wp-content\/uploads\/2026\/01\/allegro-image-17652.jpg",424,599,false],"thumbnail":["https:\/\/oponixo.shop\/tire\/wp-content\/uploads\/2026\/01\/allegro-image-17652-150x150.jpg",150,150,true],"medium":["https:\/\/oponixo.shop\/tire\/wp-content\/uploads\/2026\/01\/allegro-image-17652-212x300.jpg",212,300,true],"medium_large":["https:\/\/oponixo.shop\/tire\/wp-content\/uploads\/2026\/01\/allegro-image-17652.jpg",424,599,false],"large":["https:\/\/oponixo.shop\/tire\/wp-content\/uploads\/2026\/01\/allegro-image-17652.jpg",424,599,false],"1536x1536":["https:\/\/oponixo.shop\/tire\/wp-content\/uploads\/2026\/01\/allegro-image-17652.jpg",424,599,false],"2048x2048":["https:\/\/oponixo.shop\/tire\/wp-content\/uploads\/2026\/01\/allegro-image-17652.jpg",424,599,false],"woocommerce_thumbnail":["https:\/\/oponixo.shop\/tire\/wp-content\/uploads\/2026\/01\/allegro-image-17652-300x300.jpg",300,300,true],"woocommerce_single":["https:\/\/oponixo.shop\/tire\/wp-content\/uploads\/2026\/01\/allegro-image-17652.jpg",424,599,false],"woocommerce_gallery_thumbnail":["https:\/\/oponixo.shop\/tire\/wp-content\/uploads\/2026\/01\/allegro-image-17652-100x100.jpg",100,100,true]},"uagb_author_info":{"display_name":"admin","author_link":"https:\/\/oponixo.shop\/tire\/author\/"},"uagb_comment_info":0,"uagb_excerpt":"zestaw 4 sztuk nowych opon zimowych Bridgestone Blizzak DM-V3 285\/60R18 116R Bridgestone Blizzak DM-V3 to opony zimowe przeznaczone do samochod\u00f3w typu SUV\/terenowe. Oryginalny produkt klasy premium renomowanej marki Bridgestone. Bezkompromisowa jako\u015b\u0107. Przeznaczone do trudnych warunk\u00f3w zimowych, dedykowane na drogi gorszej jako\u015bci, za\u015bniezone, oblodzone, obszary wiejskie, g\u00f3rskie itp. rok produkcji: nie starsze ni\u017c 2023 opony nowe,&hellip;","_links":{"self":[{"href":"https:\/\/oponixo.shop\/tire\/wp-json\/wp\/v2\/product\/17652","targetHints":{"allow":["GET"]}}],"collection":[{"href":"https:\/\/oponixo.shop\/tire\/wp-json\/wp\/v2\/product"}],"about":[{"href":"https:\/\/oponixo.shop\/tire\/wp-json\/wp\/v2\/types\/product"}],"wp:featuredmedia":[{"embeddable":true,"href":"https:\/\/oponixo.shop\/tire\/wp-json\/wp\/v2\/media\/17653"}],"wp:attachment":[{"href":"https:\/\/oponixo.shop\/tire\/wp-json\/wp\/v2\/media?parent=17652"}],"wp:term":[{"taxonomy":"product_brand","embeddable":true,"href":"https:\/\/oponixo.shop\/tire\/wp-json\/wp\/v2\/product_brand?post=17652"},{"taxonomy":"product_cat","embeddable":true,"href":"https:\/\/oponixo.shop\/tire\/wp-json\/wp\/v2\/product_cat?post=17652"},{"taxonomy":"product_tag","embeddable":true,"href":"https:\/\/oponixo.shop\/tire\/wp-json\/wp\/v2\/product_tag?post=17652"}],"curies":[{"name":"wp","href":"https:\/\/api.w.org\/{rel}","templated":true}]}}