{"id":17656,"date":"2026-01-23T21:47:23","date_gmt":"2026-01-23T20:47:23","guid":{"rendered":"https:\/\/oponypoint.shop\/xef5\/produkt\/opony-285-60r18-roadcruza-ra7000-x-t-caloroczne-biale-litery-3pmsf\/"},"modified":"2026-01-23T21:47:24","modified_gmt":"2026-01-23T20:47:24","slug":"opony-285-60r18-roadcruza-ra7000-x-t-caloroczne-biale-litery-3pmsf","status":"publish","type":"product","link":"https:\/\/oponixo.shop\/tire\/produkt\/opony-285-60r18-roadcruza-ra7000-x-t-caloroczne-biale-litery-3pmsf\/","title":{"rendered":"OPONY 285\/60R18 ROADCRUZA RA7000 X\/T CA\u0141OROCZNE BIA\u0141E LITERY 3PMSF"},"content":{"rendered":"<div style=\"font-family: Arial, sans-serif; line-height: 1.6; color: #333; padding: 20px; clear: both; display: block; width: 100%; float: none; position: static; overflow: hidden;\">\n<div style=\"clear: both; display: block; margin: 10px 0;\">\n<div style=\"clear: both; display: block; margin: 10px 0;\">\n<div style=\"clear: both; display: block; margin: 10px 0;\">\n<div  style=\"max-width:1243px;max-height:1600px\">\n<div style=\"clear: both; display: block; margin: 10px 0;\">\n<div style=\"clear: both; width: 100%; display: block; margin: 20px 0; padding: 0; float: none; position: static; text-align: center;\"><img decoding=\"async\"  src=\"https:\/\/a.allegroimg.com\/original\/113eae\/d4fe035e409db2c0f1dc9f75e4ef\/OPONY-285-60R18-ROADCRUZA-RA7000-X-T-CALOROCZNE-BIALE-LITERY-3PMSF\" srcset=\"https:\/\/a.allegroimg.com\/original\/113eae\/d4fe035e409db2c0f1dc9f75e4ef\/OPONY-285-60R18-ROADCRUZA-RA7000-X-T-CALOROCZNE-BIALE-LITERY-3PMSF 279w,https:\/\/a.allegroimg.com\/original\/113eae\/d4fe035e409db2c0f1dc9f75e4ef\/OPONY-285-60R18-ROADCRUZA-RA7000-X-T-CALOROCZNE-BIALE-LITERY-3PMSF 559w,https:\/\/a.allegroimg.com\/original\/113eae\/d4fe035e409db2c0f1dc9f75e4ef\/OPONY-285-60R18-ROADCRUZA-RA7000-X-T-CALOROCZNE-BIALE-LITERY-3PMSF 795w,https:\/\/a.allegroimg.com\/original\/113eae\/d4fe035e409db2c0f1dc9f75e4ef\/OPONY-285-60R18-ROADCRUZA-RA7000-X-T-CALOROCZNE-BIALE-LITERY-3PMSF 1118w,https:\/\/a.allegroimg.com\/original\/113eae\/d4fe035e409db2c0f1dc9f75e4ef\/OPONY-285-60R18-ROADCRUZA-RA7000-X-T-CALOROCZNE-BIALE-LITERY-3PMSF 1243w\" sizes=\"(min-width: 1200px) 560px, (min-width: 992px) 50vw, 100vw\" width=\"1243px\" alt=\"OPONY 285\/60R18 ROADCRUZA RA7000 X\/T CA\u0141OROCZNE BIA\u0141E LITERY 3PMSF\" style=\"max-width: 100%; height: auto; display: block; margin: 0 auto;\"><\/div>\n<\/div>\n<\/div>\n<\/div>\n<\/div>\n<div style=\"clear: both; display: block; margin: 10px 0;\">\n<div style=\"clear: both; display: block; margin: 10px 0;\">\n<h1>CENA ZA 4 SZTUKI BRUTTO<\/h1>\n<h1>BIA\u0141E NAPISY NA BOKU OPONY !!!<\/h1>\n<p style=\"margin: 15px 0; line-height: 1.8; clear: both; display: block; width: 100%; float: none; position: static;\">NIEBIESKI NALOT TO POW\u0141OKA OCHRONNA<\/p>\n<h3 style=\"color: #2c5aa0; font-size: 18px; margin: 30px 0 15px 0; font-weight: bold; clear: both; display: block; width: 100%; float: none; position: static;\">PRODUCENT:<\/h3>\n<p style=\"margin: 15px 0; line-height: 1.8; clear: both; display: block; width: 100%; float: none; position: static;\">ROADCRUZA<\/p>\n<h3 style=\"color: #2c5aa0; font-size: 18px; margin: 30px 0 15px 0; font-weight: bold; clear: both; display: block; width: 100%; float: none; position: static;\">MODEL:<\/h3>\n<p style=\"margin: 15px 0; line-height: 1.8; clear: both; display: block; width: 100%; float: none; position: static;\">RA7000 X\/T<\/p>\n<h3 style=\"color: #2c5aa0; font-size: 18px; margin: 30px 0 15px 0; font-weight: bold; clear: both; display: block; width: 100%; float: none; position: static;\">ROZMIAR:<\/h3>\n<p style=\"margin: 15px 0; line-height: 1.8; clear: both; display: block; width: 100%; float: none; position: static;\">285\/60 R18<\/p>\n<h3 style=\"color: #2c5aa0; font-size: 18px; margin: 30px 0 15px 0; font-weight: bold; clear: both; display: block; width: 100%; float: none; position: static;\">INDEKS:<\/h3>\n<p style=\"margin: 15px 0; line-height: 1.8; clear: both; display: block; width: 100%; float: none; position: static;\">116T<\/p>\n<h3 style=\"color: #2c5aa0; font-size: 18px; margin: 30px 0 15px 0; font-weight: bold; clear: both; display: block; width: 100%; float: none; position: static;\">SEZON:<\/h3>\n<p style=\"margin: 15px 0; line-height: 1.8; clear: both; display: block; width: 100%; float: none; position: static;\">CA\u0141OROCZNE <b>3PMSF&nbsp; M+S<\/b><\/p>\n<h3 style=\"color: #2c5aa0; font-size: 18px; margin: 30px 0 15px 0; font-weight: bold; clear: both; display: block; width: 100%; float: none; position: static;\">ROK 2025<\/h3>\n<\/div>\n<\/div>\n<\/div>\n<div style=\"clear: both; display: block; margin: 10px 0;\">\n<div style=\"clear: both; display: block; margin: 10px 0;\">\n<div style=\"clear: both; display: block; margin: 10px 0;\">\n<h3 style=\"color: #2c5aa0; font-size: 18px; margin: 30px 0 15px 0; font-weight: bold; clear: both; display: block; width: 100%; float: none; position: static;\">Opony terenowe z oznaczeniem XT (Extreme Terrain) to opony hybrydowe (nazywane te\u017c &#8222;crossover&#8221;) stanowi\u0105ce po\u0142\u0105czenie opon terenowych (A\/T &#8211; All Terrain) i b\u0142otnych (M\/T &#8211; Mud Terrain), oferuj\u0105ce zr\u00f3wnowa\u017cone osi\u0105gi zar\u00f3wno na drodze, jak i w ekstremalnym terenie.<\/h3>\n<h3 style=\"color: #2c5aa0; font-size: 18px; margin: 30px 0 15px 0; font-weight: bold; clear: both; display: block; width: 100%; float: none; position: static;\">Charakterystyka i zastosowanie<\/h3>\n<h3 style=\"color: #2c5aa0; font-size: 18px; margin: 30px 0 15px 0; font-weight: bold; clear: both; display: block; width: 100%; float: none; position: static;\">Opony XT s\u0105 projektowane z my\u015bl\u0105 o kierowcach, kt\u00f3rzy potrzebuj\u0105 jednej opony do r\u00f3\u017cnorodnych zastosowa\u0144 \u2013 od codziennej jazdy po drogach utwardzonych, po wymagaj\u0105ce warunki terenowe, takie jak b\u0142oto, ska\u0142y i trudne szlaki.<\/h3>\n<ul style=\"margin: 15px 0; padding-left: 20px; clear: both; display: block; width: 100%; float: none; position: static;\">\n<li style=\"margin: 5px 0; padding: 2px 0; clear: both; display: list-item; float: none; position: static;\"><b>Bie\u017cnik: Posiadaj\u0105 odwa\u017cny, agresywny bie\u017cnik z wi\u0119kszymi pustkami (rowkami) ni\u017c opony A\/T, ale mniejszymi ni\u017c M\/T. Agresywne kraw\u0119dzie boczne poprawiaj\u0105 przyczepno\u015b\u0107 w g\u0142\u0119bokim terenie.<\/b><\/li>\n<li style=\"margin: 5px 0; padding: 2px 0; clear: both; display: list-item; float: none; position: static;\"><b>Osi\u0105gi w terenie: Zapewniaj\u0105 bardzo dobr\u0105 trakcj\u0119 w trudnych warunkach off-road, skutecznie odprowadzaj\u0105c b\u0142oto i brud, co jest ich g\u0142\u00f3wn\u0105 przewag\u0105 nad oponami A\/T.<\/b><\/li>\n<\/ul>\n<p style=\"margin: 15px 0; line-height: 1.8; clear: both; display: block; width: 100%; float: none; position: static;\">.<\/p>\n<\/div>\n<\/div>\n<div style=\"clear: both; display: block; margin: 10px 0;\">\n<div style=\"clear: both; display: block; margin: 10px 0;\">\n<div  style=\"max-width:2560px;max-height:1920px\">\n<div style=\"clear: both; display: block; margin: 10px 0;\">\n<div style=\"clear: both; width: 100%; display: block; margin: 20px 0; padding: 0; float: none; position: static; text-align: center;\"><img decoding=\"async\"  src=\"https:\/\/a.allegroimg.com\/original\/11935d\/a389e9154e9385727cc9f53a1bbc\/OPONY-285-60R18-ROADCRUZA-RA7000-X-T-CALOROCZNE-BIALE-LITERY-3PMSF-Rok-produkcji-2025\" srcset=\"https:\/\/a.allegroimg.com\/original\/11935d\/a389e9154e9385727cc9f53a1bbc\/OPONY-285-60R18-ROADCRUZA-RA7000-X-T-CALOROCZNE-BIALE-LITERY-3PMSF-Rok-produkcji-2025 360w,https:\/\/a.allegroimg.com\/original\/11935d\/a389e9154e9385727cc9f53a1bbc\/OPONY-285-60R18-ROADCRUZA-RA7000-X-T-CALOROCZNE-BIALE-LITERY-3PMSF-Rok-produkcji-2025 720w,https:\/\/a.allegroimg.com\/original\/11935d\/a389e9154e9385727cc9f53a1bbc\/OPONY-285-60R18-ROADCRUZA-RA7000-X-T-CALOROCZNE-BIALE-LITERY-3PMSF-Rok-produkcji-2025 1024w,https:\/\/a.allegroimg.com\/original\/11935d\/a389e9154e9385727cc9f53a1bbc\/OPONY-285-60R18-ROADCRUZA-RA7000-X-T-CALOROCZNE-BIALE-LITERY-3PMSF-Rok-produkcji-2025 1440w,https:\/\/a.allegroimg.com\/original\/11935d\/a389e9154e9385727cc9f53a1bbc\/OPONY-285-60R18-ROADCRUZA-RA7000-X-T-CALOROCZNE-BIALE-LITERY-3PMSF-Rok-produkcji-2025 2560w\" sizes=\"(min-width: 1200px) 560px, (min-width: 992px) 50vw, 100vw\" width=\"2560px\" alt=\"OPONY 285\/60R18 ROADCRUZA RA7000 X\/T CA\u0141OROCZNE BIA\u0141E LITERY 3PMSF Rok produkcji 2025\" style=\"max-width: 100%; height: auto; display: block; margin: 0 auto;\"><\/div>\n<\/div>\n<\/div>\n<\/div>\n<\/div>\n<\/div>\n<div style=\"clear: both; display: block; margin: 10px 0;\">\n<div style=\"clear: both; display: block; margin: 10px 0;\">\n<div style=\"clear: both; display: block; margin: 10px 0;\">\n<div  style=\"max-width:720px;max-height:720px\">\n<div style=\"clear: both; display: block; margin: 10px 0;\">\n<div style=\"clear: both; width: 100%; display: block; margin: 20px 0; padding: 0; float: none; position: static; text-align: center;\"><img decoding=\"async\"  src=\"https:\/\/a.allegroimg.com\/original\/11a3c8\/e440770e46afa4dd6f9792b98299\/OPONY-285-60R18-ROADCRUZA-RA7000-X-T-CALOROCZNE-BIALE-LITERY-3PMSF-Klasa-pozostale-marki\" srcset=\"https:\/\/a.allegroimg.com\/original\/11a3c8\/e440770e46afa4dd6f9792b98299\/OPONY-285-60R18-ROADCRUZA-RA7000-X-T-CALOROCZNE-BIALE-LITERY-3PMSF-Klasa-pozostale-marki 360w,https:\/\/a.allegroimg.com\/original\/11a3c8\/e440770e46afa4dd6f9792b98299\/OPONY-285-60R18-ROADCRUZA-RA7000-X-T-CALOROCZNE-BIALE-LITERY-3PMSF-Klasa-pozostale-marki 720w,https:\/\/a.allegroimg.com\/original\/11a3c8\/e440770e46afa4dd6f9792b98299\/OPONY-285-60R18-ROADCRUZA-RA7000-X-T-CALOROCZNE-BIALE-LITERY-3PMSF-Klasa-pozostale-marki 720w\" sizes=\"(min-width: 1200px) 560px, (min-width: 992px) 50vw, 100vw\" width=\"720px\" alt=\"OPONY 285\/60R18 ROADCRUZA RA7000 X\/T CA\u0141OROCZNE BIA\u0141E LITERY 3PMSF Klasa pozosta\u0142e marki\" style=\"max-width: 100%; height: auto; display: block; margin: 0 auto;\"><\/div>\n<\/div>\n<\/div>\n<\/div>\n<\/div>\n<div style=\"clear: both; display: block; margin: 10px 0;\">\n<div style=\"clear: both; display: block; margin: 10px 0;\">\n<p style=\"margin: 15px 0; line-height: 1.8; clear: both; display: block; width: 100%; float: none; position: static;\"><b>Oznaczenie<\/b>&nbsp;<b>3PMSF (Three Peak Mountain Snow Flake) to \u0142atwo rozpoznawalny symbol \u015bnie\u017cynki na tle trzech szczyt\u00f3w<\/b>.<\/p>\n<p style=\"margin: 15px 0; line-height: 1.8; clear: both; display: block; width: 100%; float: none; position: static;\">Model opon kt\u00f3re posiadaj\u0105 taki znak s\u0105 przystosowane do wymagaj\u0105cej pogody i nie trac\u0105 swoich parametr\u00f3w przy ujemnej temperaturze.<\/p>\n<p style=\"margin: 15px 0; line-height: 1.8; clear: both; display: block; width: 100%; float: none; position: static;\"><b>Zdecydowanie powinni\u015bmy kierowa\u0107 si\u0119 symbolem \u015bnie\u017cynki na tle trzech szczyt\u00f3w<\/b>.<\/p>\n<p style=\"margin: 15px 0; line-height: 1.8; clear: both; display: block; width: 100%; float: none; position: static;\">Opony&nbsp;<b>M+S<\/b>&nbsp;mog\u0105 nie wystarczy\u0107 zim\u0105, dlatego warto zwr\u00f3ci\u0107 uwag\u0119 na dodatkowe oznakowanie&nbsp;<b>3PMSF<\/b>.<\/p>\n<p style=\"margin: 15px 0; line-height: 1.8; clear: both; display: block; width: 100%; float: none; position: static;\">Chc\u0105c mie\u0107 pewno\u015b\u0107, \u017ce b\u0119dziemy bezpieczni podczas jazdy w czasie niskich temperatur, wybieraj opony zaopatrzone w ten symbol.<\/p>\n<h3 style=\"color: #2c5aa0; font-size: 18px; margin: 30px 0 15px 0; font-weight: bold; clear: both; display: block; width: 100%; float: none; position: static;\">Wielu kierowc\u00f3w b\u0142\u0119dnie uwa\u017ca, \u017ce M+S to oznaczenia opon ca\u0142orocznych.<\/h3>\n<p style=\"margin: 15px 0; line-height: 1.8; clear: both; display: block; width: 100%; float: none; position: static;\">Oznaczenie to mo\u017ce si\u0119 pojawi\u0107 zar\u00f3wno na oponie ca\u0142orocznej, jak i oponie sezonowej.<\/p>\n<h3 style=\"color: #2c5aa0; font-size: 18px; margin: 30px 0 15px 0; font-weight: bold; clear: both; display: block; width: 100%; float: none; position: static;\">Najwa\u017cniejsza r\u00f3\u017cnica polega na tym, \u017ce opony wielosezonowe poza oznaczeniem M+S zawieraj\u0105 r\u00f3wnie\u017c znak 3PMSF (p\u0142atek \u015bniegu na tle trzech szczyt\u00f3w)<\/h3>\n<\/div>\n<\/div>\n<\/div>\n<div style=\"clear: both; display: block; margin: 10px 0;\">\n<div style=\"clear: both; display: block; margin: 10px 0;\">\n<div style=\"clear: both; display: block; margin: 10px 0;\">\n<div  style=\"max-width:1920px;max-height:2560px\">\n<div style=\"clear: both; display: block; margin: 10px 0;\">\n<div style=\"clear: both; width: 100%; display: block; margin: 20px 0; padding: 0; float: none; position: static; text-align: center;\"><img decoding=\"async\"  src=\"https:\/\/a.allegroimg.com\/original\/112af0\/bea387f74ea8852800d1092de2ac\/OPONY-285-60R18-ROADCRUZA-RA7000-X-T-CALOROCZNE-BIALE-LITERY-3PMSF-Liczba-opon-w-ofercie-Komplet-4-szt\" srcset=\"https:\/\/a.allegroimg.com\/original\/112af0\/bea387f74ea8852800d1092de2ac\/OPONY-285-60R18-ROADCRUZA-RA7000-X-T-CALOROCZNE-BIALE-LITERY-3PMSF-Liczba-opon-w-ofercie-Komplet-4-szt 270w,https:\/\/a.allegroimg.com\/original\/112af0\/bea387f74ea8852800d1092de2ac\/OPONY-285-60R18-ROADCRUZA-RA7000-X-T-CALOROCZNE-BIALE-LITERY-3PMSF-Liczba-opon-w-ofercie-Komplet-4-szt 540w,https:\/\/a.allegroimg.com\/original\/112af0\/bea387f74ea8852800d1092de2ac\/OPONY-285-60R18-ROADCRUZA-RA7000-X-T-CALOROCZNE-BIALE-LITERY-3PMSF-Liczba-opon-w-ofercie-Komplet-4-szt 768w,https:\/\/a.allegroimg.com\/original\/112af0\/bea387f74ea8852800d1092de2ac\/OPONY-285-60R18-ROADCRUZA-RA7000-X-T-CALOROCZNE-BIALE-LITERY-3PMSF-Liczba-opon-w-ofercie-Komplet-4-szt 1080w,https:\/\/a.allegroimg.com\/original\/112af0\/bea387f74ea8852800d1092de2ac\/OPONY-285-60R18-ROADCRUZA-RA7000-X-T-CALOROCZNE-BIALE-LITERY-3PMSF-Liczba-opon-w-ofercie-Komplet-4-szt 1920w\" sizes=\"100vw\" width=\"1920px\" alt=\"OPONY 285\/60R18 ROADCRUZA RA7000 X\/T CA\u0141OROCZNE BIA\u0141E LITERY 3PMSF Liczba opon w ofercie Komplet 4 szt.\" style=\"max-width: 100%; height: auto; display: block; margin: 0 auto;\"><\/div>\n<\/div>\n<\/div>\n<\/div>\n<\/div>\n<\/div>\n<div style=\"clear: both; display: block; margin: 10px 0;\">\n<div style=\"clear: both; display: block; margin: 10px 0;\">\n<div style=\"clear: both; display: block; margin: 10px 0;\">\n<div  style=\"max-width:2560px;max-height:1920px\">\n<div style=\"clear: both; display: block; margin: 10px 0;\">\n<div style=\"clear: both; width: 100%; display: block; margin: 20px 0; padding: 0; float: none; position: static; text-align: center;\"><img decoding=\"async\"  src=\"https:\/\/a.allegroimg.com\/original\/11935d\/a389e9154e9385727cc9f53a1bbc\/OPONY-285-60R18-ROADCRUZA-RA7000-X-T-CALOROCZNE-BIALE-LITERY-3PMSF-Rok-produkcji-2025\" srcset=\"https:\/\/a.allegroimg.com\/original\/11935d\/a389e9154e9385727cc9f53a1bbc\/OPONY-285-60R18-ROADCRUZA-RA7000-X-T-CALOROCZNE-BIALE-LITERY-3PMSF-Rok-produkcji-2025 360w,https:\/\/a.allegroimg.com\/original\/11935d\/a389e9154e9385727cc9f53a1bbc\/OPONY-285-60R18-ROADCRUZA-RA7000-X-T-CALOROCZNE-BIALE-LITERY-3PMSF-Rok-produkcji-2025 720w,https:\/\/a.allegroimg.com\/original\/11935d\/a389e9154e9385727cc9f53a1bbc\/OPONY-285-60R18-ROADCRUZA-RA7000-X-T-CALOROCZNE-BIALE-LITERY-3PMSF-Rok-produkcji-2025 1024w,https:\/\/a.allegroimg.com\/original\/11935d\/a389e9154e9385727cc9f53a1bbc\/OPONY-285-60R18-ROADCRUZA-RA7000-X-T-CALOROCZNE-BIALE-LITERY-3PMSF-Rok-produkcji-2025 1440w,https:\/\/a.allegroimg.com\/original\/11935d\/a389e9154e9385727cc9f53a1bbc\/OPONY-285-60R18-ROADCRUZA-RA7000-X-T-CALOROCZNE-BIALE-LITERY-3PMSF-Rok-produkcji-2025 2560w\" sizes=\"100vw\" width=\"2560px\" alt=\"OPONY 285\/60R18 ROADCRUZA RA7000 X\/T CA\u0141OROCZNE BIA\u0141E LITERY 3PMSF Rok produkcji 2025\" style=\"max-width: 100%; height: auto; display: block; margin: 0 auto;\"><\/div>\n<\/div>\n<\/div>\n<\/div>\n<\/div>\n<\/div>\n<div style=\"clear: both; display: block; margin: 10px 0;\">\n<div style=\"clear: both; display: block; margin: 10px 0;\">\n<div style=\"clear: both; display: block; margin: 10px 0;\">\n<div  style=\"max-width:2560px;max-height:1920px\">\n<div style=\"clear: both; display: block; margin: 10px 0;\">\n<div style=\"clear: both; width: 100%; display: block; margin: 20px 0; padding: 0; float: none; position: static; text-align: center;\"><img decoding=\"async\"  src=\"https:\/\/a.allegroimg.com\/original\/11a5d8\/3158d97c4ba6be70b182f501a496\/OPONY-285-60R18-ROADCRUZA-RA7000-X-T-CALOROCZNE-BIALE-LITERY-3PMSF-Marka-Roadcruza\" srcset=\"https:\/\/a.allegroimg.com\/original\/11a5d8\/3158d97c4ba6be70b182f501a496\/OPONY-285-60R18-ROADCRUZA-RA7000-X-T-CALOROCZNE-BIALE-LITERY-3PMSF-Marka-Roadcruza 360w,https:\/\/a.allegroimg.com\/original\/11a5d8\/3158d97c4ba6be70b182f501a496\/OPONY-285-60R18-ROADCRUZA-RA7000-X-T-CALOROCZNE-BIALE-LITERY-3PMSF-Marka-Roadcruza 720w,https:\/\/a.allegroimg.com\/original\/11a5d8\/3158d97c4ba6be70b182f501a496\/OPONY-285-60R18-ROADCRUZA-RA7000-X-T-CALOROCZNE-BIALE-LITERY-3PMSF-Marka-Roadcruza 1024w,https:\/\/a.allegroimg.com\/original\/11a5d8\/3158d97c4ba6be70b182f501a496\/OPONY-285-60R18-ROADCRUZA-RA7000-X-T-CALOROCZNE-BIALE-LITERY-3PMSF-Marka-Roadcruza 1440w,https:\/\/a.allegroimg.com\/original\/11a5d8\/3158d97c4ba6be70b182f501a496\/OPONY-285-60R18-ROADCRUZA-RA7000-X-T-CALOROCZNE-BIALE-LITERY-3PMSF-Marka-Roadcruza 2560w\" sizes=\"100vw\" width=\"2560px\" alt=\"OPONY 285\/60R18 ROADCRUZA RA7000 X\/T CA\u0141OROCZNE BIA\u0141E LITERY 3PMSF Marka Roadcruza\" style=\"max-width: 100%; height: auto; display: block; margin: 0 auto;\"><\/div>\n<\/div>\n<\/div>\n<\/div>\n<\/div>\n<\/div>\n<div style=\"clear: both; display: block; margin: 10px 0;\">\n<div style=\"clear: both; display: block; margin: 10px 0;\">\n<div style=\"clear: both; display: block; margin: 10px 0;\">\n<div  style=\"max-width:2560px;max-height:1920px\">\n<div style=\"clear: both; display: block; margin: 10px 0;\">\n<div style=\"clear: both; width: 100%; display: block; margin: 20px 0; padding: 0; float: none; position: static; text-align: center;\"><img decoding=\"async\"  src=\"https:\/\/a.allegroimg.com\/original\/11d71b\/db75c1f048669873543fd6fa4767\/OPONY-285-60R18-ROADCRUZA-RA7000-X-T-CALOROCZNE-BIALE-LITERY-3PMSF-Model-inny\" srcset=\"https:\/\/a.allegroimg.com\/original\/11d71b\/db75c1f048669873543fd6fa4767\/OPONY-285-60R18-ROADCRUZA-RA7000-X-T-CALOROCZNE-BIALE-LITERY-3PMSF-Model-inny 360w,https:\/\/a.allegroimg.com\/original\/11d71b\/db75c1f048669873543fd6fa4767\/OPONY-285-60R18-ROADCRUZA-RA7000-X-T-CALOROCZNE-BIALE-LITERY-3PMSF-Model-inny 720w,https:\/\/a.allegroimg.com\/original\/11d71b\/db75c1f048669873543fd6fa4767\/OPONY-285-60R18-ROADCRUZA-RA7000-X-T-CALOROCZNE-BIALE-LITERY-3PMSF-Model-inny 1024w,https:\/\/a.allegroimg.com\/original\/11d71b\/db75c1f048669873543fd6fa4767\/OPONY-285-60R18-ROADCRUZA-RA7000-X-T-CALOROCZNE-BIALE-LITERY-3PMSF-Model-inny 1440w,https:\/\/a.allegroimg.com\/original\/11d71b\/db75c1f048669873543fd6fa4767\/OPONY-285-60R18-ROADCRUZA-RA7000-X-T-CALOROCZNE-BIALE-LITERY-3PMSF-Model-inny 2560w\" sizes=\"100vw\" width=\"2560px\" alt=\"OPONY 285\/60R18 ROADCRUZA RA7000 X\/T CA\u0141OROCZNE BIA\u0141E LITERY 3PMSF Model inny\" style=\"max-width: 100%; height: auto; display: block; margin: 0 auto;\"><\/div>\n<\/div>\n<\/div>\n<\/div>\n<\/div>\n<\/div>\n<div style=\"clear: both; display: block; margin: 10px 0;\">\n<div style=\"clear: both; display: block; margin: 10px 0;\">\n<div style=\"clear: both; display: block; margin: 10px 0;\">\n<div  style=\"max-width:405px;max-height:595px\">\n<div style=\"clear: both; display: block; margin: 10px 0;\">\n<div style=\"clear: both; width: 100%; display: block; margin: 20px 0; padding: 0; float: none; position: static; text-align: center;\"><img decoding=\"async\"  src=\"https:\/\/a.allegroimg.com\/original\/11e2d1\/fec2abd440a2a9eb30d4cbeadd56\/OPONY-285-60R18-ROADCRUZA-RA7000-X-T-CALOROCZNE-BIALE-LITERY-3PMSF-Szerokosc-opony-285-mm\" srcset=\"https:\/\/a.allegroimg.com\/original\/11e2d1\/fec2abd440a2a9eb30d4cbeadd56\/OPONY-285-60R18-ROADCRUZA-RA7000-X-T-CALOROCZNE-BIALE-LITERY-3PMSF-Szerokosc-opony-285-mm 245w,https:\/\/a.allegroimg.com\/original\/11e2d1\/fec2abd440a2a9eb30d4cbeadd56\/OPONY-285-60R18-ROADCRUZA-RA7000-X-T-CALOROCZNE-BIALE-LITERY-3PMSF-Szerokosc-opony-285-mm 405w,https:\/\/a.allegroimg.com\/original\/11e2d1\/fec2abd440a2a9eb30d4cbeadd56\/OPONY-285-60R18-ROADCRUZA-RA7000-X-T-CALOROCZNE-BIALE-LITERY-3PMSF-Szerokosc-opony-285-mm 405w\" sizes=\"100vw\" width=\"405px\" alt=\"OPONY 285\/60R18 ROADCRUZA RA7000 X\/T CA\u0141OROCZNE BIA\u0141E LITERY 3PMSF Szeroko\u015b\u0107 opony 285 mm\" style=\"max-width: 100%; height: auto; display: block; margin: 0 auto;\"><\/div>\n<\/div>\n<\/div>\n<\/div>\n<\/div>\n<\/div>\n<\/div>\n<\/div>\n<\/div>\n<div style=\"clear: both; display: block; margin: 10px 0;\">\n","protected":false},"excerpt":{"rendered":"<p>CENA ZA 4 SZTUKI BRUTTO<\/p>\n<p>BIA\u0141E NAPISY NA BOKU OPONY !!!<\/p>\n<p>NIEBIESKI NALOT TO POW\u0141OKA OCHRONNA<\/p>\n<p>PRODUCENT:<\/p>\n<p>ROADCRUZA<\/p>\n<p>MODEL:<\/p>\n<p>RA7000 X\/T<\/p>\n<p>ROZMIAR:<\/p>\n","protected":false},"featured_media":17657,"template":"","meta":{"_uag_custom_page_level_css":""},"product_brand":[462],"product_cat":[416,428,413,412],"product_tag":[],"class_list":{"0":"post-17656","1":"product","2":"type-product","3":"status-publish","4":"has-post-thumbnail","6":"product_brand-roadcruza","7":"product_cat-caloroczne","8":"product_cat-do-samochodow-terenowych-i-4x4","9":"product_cat-opony","10":"product_cat-opony-i-felgi","12":"first","13":"instock","14":"shipping-taxable","15":"purchasable","16":"product-type-simple"},"uagb_featured_image_src":{"full":["https:\/\/oponixo.shop\/tire\/wp-content\/uploads\/2026\/01\/allegro-image-17656.jpg",1243,1600,false],"thumbnail":["https:\/\/oponixo.shop\/tire\/wp-content\/uploads\/2026\/01\/allegro-image-17656-150x150.jpg",150,150,true],"medium":["https:\/\/oponixo.shop\/tire\/wp-content\/uploads\/2026\/01\/allegro-image-17656-233x300.jpg",233,300,true],"medium_large":["https:\/\/oponixo.shop\/tire\/wp-content\/uploads\/2026\/01\/allegro-image-17656-768x989.jpg",768,989,true],"large":["https:\/\/oponixo.shop\/tire\/wp-content\/uploads\/2026\/01\/allegro-image-17656-796x1024.jpg",796,1024,true],"1536x1536":["https:\/\/oponixo.shop\/tire\/wp-content\/uploads\/2026\/01\/allegro-image-17656-1193x1536.jpg",1193,1536,true],"2048x2048":["https:\/\/oponixo.shop\/tire\/wp-content\/uploads\/2026\/01\/allegro-image-17656.jpg",1243,1600,false],"woocommerce_thumbnail":["https:\/\/oponixo.shop\/tire\/wp-content\/uploads\/2026\/01\/allegro-image-17656-300x300.jpg",300,300,true],"woocommerce_single":["https:\/\/oponixo.shop\/tire\/wp-content\/uploads\/2026\/01\/allegro-image-17656-600x772.jpg",600,772,true],"woocommerce_gallery_thumbnail":["https:\/\/oponixo.shop\/tire\/wp-content\/uploads\/2026\/01\/allegro-image-17656-100x100.jpg",100,100,true]},"uagb_author_info":{"display_name":"admin","author_link":"https:\/\/oponixo.shop\/tire\/author\/"},"uagb_comment_info":0,"uagb_excerpt":"CENA ZA 4 SZTUKI BRUTTO BIA\u0141E NAPISY NA BOKU OPONY !!! NIEBIESKI NALOT TO POW\u0141OKA OCHRONNA PRODUCENT: ROADCRUZA MODEL: RA7000 X\/T ROZMIAR:","_links":{"self":[{"href":"https:\/\/oponixo.shop\/tire\/wp-json\/wp\/v2\/product\/17656","targetHints":{"allow":["GET"]}}],"collection":[{"href":"https:\/\/oponixo.shop\/tire\/wp-json\/wp\/v2\/product"}],"about":[{"href":"https:\/\/oponixo.shop\/tire\/wp-json\/wp\/v2\/types\/product"}],"wp:featuredmedia":[{"embeddable":true,"href":"https:\/\/oponixo.shop\/tire\/wp-json\/wp\/v2\/media\/17657"}],"wp:attachment":[{"href":"https:\/\/oponixo.shop\/tire\/wp-json\/wp\/v2\/media?parent=17656"}],"wp:term":[{"taxonomy":"product_brand","embeddable":true,"href":"https:\/\/oponixo.shop\/tire\/wp-json\/wp\/v2\/product_brand?post=17656"},{"taxonomy":"product_cat","embeddable":true,"href":"https:\/\/oponixo.shop\/tire\/wp-json\/wp\/v2\/product_cat?post=17656"},{"taxonomy":"product_tag","embeddable":true,"href":"https:\/\/oponixo.shop\/tire\/wp-json\/wp\/v2\/product_tag?post=17656"}],"curies":[{"name":"wp","href":"https:\/\/api.w.org\/{rel}","templated":true}]}}