{"id":17672,"date":"2026-01-23T21:47:28","date_gmt":"2026-01-23T20:47:28","guid":{"rendered":"https:\/\/oponypoint.shop\/xef5\/produkt\/2x-bridgestone-blizzak-lm005-265-65r17-116h-xl\/"},"modified":"2026-01-23T21:47:28","modified_gmt":"2026-01-23T20:47:28","slug":"2x-bridgestone-blizzak-lm005-265-65r17-116h-xl","status":"publish","type":"product","link":"https:\/\/oponixo.shop\/tire\/produkt\/2x-bridgestone-blizzak-lm005-265-65r17-116h-xl\/","title":{"rendered":"2x Bridgestone Blizzak LM005 265\/65R17 116H XL"},"content":{"rendered":"<div style=\"font-family: Arial, sans-serif; line-height: 1.6; color: #333; padding: 20px; clear: both; display: block; width: 100%; float: none; position: static; overflow: hidden;\">\n<div style=\"clear: both; display: block; margin: 10px 0;\">\n<div style=\"clear: both; display: block; margin: 10px 0;\">\n<div style=\"clear: both; display: block; margin: 10px 0;\">\n<h1> 2x Opony zimowe Bridgestone Blizzak LM005 265\/65R17 116H XL <\/h1>\n<h2> G\u0142\u00f3wne cechy: <\/h2>\n<ul style=\"margin: 15px 0; padding-left: 20px; clear: both; display: block; width: 100%; float: none; position: static;\">\n<li style=\"margin: 5px 0; padding: 2px 0; clear: both; display: list-item; float: none; position: static;\"><b>Stan:<\/b> nowe<\/li>\n<li style=\"margin: 5px 0; padding: 2px 0; clear: both; display: list-item; float: none; position: static;\"><b>Aukcja dotyczy:<\/b> 2 sztuk (pary opon)<\/li>\n<li style=\"margin: 5px 0; padding: 2px 0; clear: both; display: list-item; float: none; position: static;\"><b>Sezon:<\/b> opony zimowe<\/li>\n<li style=\"margin: 5px 0; padding: 2px 0; clear: both; display: list-item; float: none; position: static;\"><b>Przeznaczenie:<\/b> auta osobowe, SUV, 4&#215;4<\/li>\n<li style=\"margin: 5px 0; padding: 2px 0; clear: both; display: list-item; float: none; position: static;\"><b>Rok produkcji:<\/b> nie starsze jak 2022 (szczeg\u00f3\u0142y w opisie aukcji)<\/li>\n<li style=\"margin: 5px 0; padding: 2px 0; clear: both; display: list-item; float: none; position: static;\"><b>Gwarancia:<\/b> 5 lat<\/li>\n<li style=\"margin: 5px 0; padding: 2px 0; clear: both; display: list-item; float: none; position: static;\"><b>Kod produktu:<\/b> A15042<\/li>\n<li style=\"margin: 5px 0; padding: 2px 0; clear: both; display: list-item; float: none; position: static;\"><b>EAN:<\/b> 3286341504217<\/li>\n<li style=\"margin: 5px 0; padding: 2px 0; clear: both; display: list-item; float: none; position: static;\">Bardzo kr\u00f3tka droga hamowania<\/li>\n<\/ul>\n<h2>Zastosowane technologie:<\/h2>\n<ul style=\"margin: 15px 0; padding-left: 20px; clear: both; display: block; width: 100%; float: none; position: static;\">\n<li style=\"margin: 5px 0; padding: 2px 0; clear: both; display: list-item; float: none; position: static;\"><b>Wzmocnienie:<\/b> TAK (XL)<\/li>\n<\/ul>\n<\/div>\n<\/div>\n<\/div>\n<div style=\"clear: both; display: block; margin: 10px 0;\">\n<div style=\"clear: both; display: block; margin: 10px 0;\">\n<div style=\"clear: both; display: block; margin: 10px 0;\">\n<h2>Parametry opony:<\/h2>\n<ul style=\"margin: 15px 0; padding-left: 20px; clear: both; display: block; width: 100%; float: none; position: static;\">\n<li style=\"margin: 5px 0; padding: 2px 0; clear: both; display: list-item; float: none; position: static;\"><b>Marka:<\/b> Bridgestone<\/li>\n<li style=\"margin: 5px 0; padding: 2px 0; clear: both; display: list-item; float: none; position: static;\"><b>Klasa:<\/b> premium<\/li>\n<li style=\"margin: 5px 0; padding: 2px 0; clear: both; display: list-item; float: none; position: static;\"><b>Model:<\/b> Blizzak LM005<\/li>\n<li style=\"margin: 5px 0; padding: 2px 0; clear: both; display: list-item; float: none; position: static;\"><b>Rozmiar:<\/b> 265\/65R17 (265\/65 R17)<\/li>\n<li style=\"margin: 5px 0; padding: 2px 0; clear: both; display: list-item; float: none; position: static;\"><b>Szeroko\u015b\u0107:<\/b> 265 mm<\/li>\n<li style=\"margin: 5px 0; padding: 2px 0; clear: both; display: list-item; float: none; position: static;\"><b>Wysoko\u015b\u0107:<\/b> 65<\/li>\n<li style=\"margin: 5px 0; padding: 2px 0; clear: both; display: list-item; float: none; position: static;\"><b>\u015arednica:<\/b> R17 (17 cali)<\/li>\n<li style=\"margin: 5px 0; padding: 2px 0; clear: both; display: list-item; float: none; position: static;\"><b>Indeks no\u015bno\u015bci:<\/b> 116<\/li>\n<li style=\"margin: 5px 0; padding: 2px 0; clear: both; display: list-item; float: none; position: static;\"><b>Maks. no\u015bno\u015b\u0107:<\/b> 1250 kg na opon\u0119<\/li>\n<li style=\"margin: 5px 0; padding: 2px 0; clear: both; display: list-item; float: none; position: static;\"><b>Indeks pr\u0119dko\u015bci:<\/b> H<\/li>\n<li style=\"margin: 5px 0; padding: 2px 0; clear: both; display: list-item; float: none; position: static;\"><b>Maks. pr\u0119dko\u015b\u0107:<\/b> 210 km\/h<\/li>\n<li style=\"margin: 5px 0; padding: 2px 0; clear: both; display: list-item; float: none; position: static;\"><b>Inne oznaczenia:<\/b> XL<\/li>\n<\/ul>\n<h2>Oznaczenia dodatkowe:<\/h2>\n<ul style=\"margin: 15px 0; padding-left: 20px; clear: both; display: block; width: 100%; float: none; position: static;\">\n<li style=\"margin: 5px 0; padding: 2px 0; clear: both; display: list-item; float: none; position: static;\"><b>XL:<\/b> Opona wzmacniana co oznacza, \u017ce charakteryzuje si\u0119 zwi\u0119kszon\u0105 no\u015bno\u015bci\u0105 (pozwala na wi\u0119kszy ud\u017awig). Opony wzmacniane rekomendowane s\u0105 do aut o wi\u0119kszej mocy silnika (ponad 120KM), pojazd\u00f3w z nadwoziem kombi oraz samochod\u00f3w segmentu SUV. Opony takie na swoim boku maj\u0105 zapis XL lub extra load.<\/li>\n<\/ul>\n<\/div>\n<\/div>\n<div style=\"clear: both; display: block; margin: 10px 0;\">\n<div style=\"clear: both; display: block; margin: 10px 0;\">\n<div  style=\"max-width:800px;max-height:800px\">\n<div style=\"clear: both; display: block; margin: 10px 0;\">\n<div style=\"clear: both; width: 100%; display: block; margin: 20px 0; padding: 0; float: none; position: static; text-align: center;\"><img decoding=\"async\"  src=\"https:\/\/a.allegroimg.com\/original\/1109af\/7b170f9e4532a70a4d82bbc446c6\/2x-Bridgestone-Blizzak-LM005-265-65R17-116H-XL\" srcset=\"https:\/\/a.allegroimg.com\/original\/1109af\/7b170f9e4532a70a4d82bbc446c6\/2x-Bridgestone-Blizzak-LM005-265-65R17-116H-XL 360w,https:\/\/a.allegroimg.com\/original\/1109af\/7b170f9e4532a70a4d82bbc446c6\/2x-Bridgestone-Blizzak-LM005-265-65R17-116H-XL 720w,https:\/\/a.allegroimg.com\/original\/1109af\/7b170f9e4532a70a4d82bbc446c6\/2x-Bridgestone-Blizzak-LM005-265-65R17-116H-XL 800w,https:\/\/a.allegroimg.com\/original\/1109af\/7b170f9e4532a70a4d82bbc446c6\/2x-Bridgestone-Blizzak-LM005-265-65R17-116H-XL 800w\" sizes=\"(min-width: 1200px) 560px, (min-width: 992px) 50vw, 100vw\" width=\"800px\" alt=\"2x Bridgestone Blizzak LM005 265\/65R17 116H XL\" style=\"max-width: 100%; height: auto; display: block; margin: 0 auto;\"><\/div>\n<\/div>\n<\/div>\n<\/div>\n<\/div>\n<\/div>\n<div style=\"clear: both; display: block; margin: 10px 0;\">\n<div style=\"clear: both; display: block; margin: 10px 0;\">\n<div style=\"clear: both; display: block; margin: 10px 0;\">\n<div  style=\"max-width:886px;max-height:1299px\">\n<div style=\"clear: both; display: block; margin: 10px 0;\">\n<div style=\"clear: both; width: 100%; display: block; margin: 20px 0; padding: 0; float: none; position: static; text-align: center;\"><img decoding=\"async\"  src=\"https:\/\/a.allegroimg.com\/original\/11fd47\/78f60e944ffa97d4b809e502b0b3\/2x-Bridgestone-Blizzak-LM005-265-65R17-116H-XL-Szerokosc-opony-265-mm\" srcset=\"https:\/\/a.allegroimg.com\/original\/11fd47\/78f60e944ffa97d4b809e502b0b3\/2x-Bridgestone-Blizzak-LM005-265-65R17-116H-XL-Szerokosc-opony-265-mm 245w,https:\/\/a.allegroimg.com\/original\/11fd47\/78f60e944ffa97d4b809e502b0b3\/2x-Bridgestone-Blizzak-LM005-265-65R17-116H-XL-Szerokosc-opony-265-mm 491w,https:\/\/a.allegroimg.com\/original\/11fd47\/78f60e944ffa97d4b809e502b0b3\/2x-Bridgestone-Blizzak-LM005-265-65R17-116H-XL-Szerokosc-opony-265-mm 698w,https:\/\/a.allegroimg.com\/original\/11fd47\/78f60e944ffa97d4b809e502b0b3\/2x-Bridgestone-Blizzak-LM005-265-65R17-116H-XL-Szerokosc-opony-265-mm 886w,https:\/\/a.allegroimg.com\/original\/11fd47\/78f60e944ffa97d4b809e502b0b3\/2x-Bridgestone-Blizzak-LM005-265-65R17-116H-XL-Szerokosc-opony-265-mm 886w\" sizes=\"(min-width: 1200px) 560px, (min-width: 992px) 50vw, 100vw\" width=\"886px\" alt=\"2x Bridgestone Blizzak LM005 265\/65R17 116H XL Szeroko\u015b\u0107 opony 265 mm\" style=\"max-width: 100%; height: auto; display: block; margin: 0 auto;\"><\/div>\n<\/div>\n<\/div>\n<\/div>\n<\/div>\n<div style=\"clear: both; display: block; margin: 10px 0;\">\n<div style=\"clear: both; display: block; margin: 10px 0;\">\n<h1> Najnowsza etykieta opony <\/h1>\n<h2> Op\u00f3r toczenia &#8211; klasa B <\/h2>\n<p style=\"margin: 15px 0; line-height: 1.8; clear: both; display: block; width: 100%; float: none; position: static;\"> Zu\u017cycie paliwa odgrywa wa\u017cn\u0105 rol\u0119 z ekonomicznego i ekologicznego punktu widzenia. Im ni\u017csze opory toczenia, tym mniejsza ilo\u015b\u0107 zu\u017cywanej energii oraz ni\u017csze zu\u017cycie paliwa i emisja CO2. Przyk\u0142adowo r\u00f3\u017cnica w spalaniu mi\u0119dzy klas\u0105 E oraz C wynosi 1\/10 litra na 100km. <\/p>\n<h2> Przyczepno\u015b\u0107 na mokrym &#8211; klasa A <\/h2>\n<p style=\"margin: 15px 0; line-height: 1.8; clear: both; display: block; width: 100%; float: none; position: static;\"> Klasyfikacja przyczepno\u015bci wskazuje, jak dobrze opona b\u0119dzie si\u0119 zachowywa\u0107 na mokrej nawierzchni, a jej osi\u0105gi s\u0105 oceniane w skali od klasy A do G. Ocena A oznacza kr\u00f3tk\u0105 drog\u0119 hamowania na mokrej nawierzchni. <\/p>\n<h2> Ha\u0142as zewn\u0119trzny &#8211; klasa B <\/h2>\n<p style=\"margin: 15px 0; line-height: 1.8; clear: both; display: block; width: 100%; float: none; position: static;\"> Poziom ha\u0142asu zewn\u0119trznego (w decybelach) emitowanego przez opon\u0119 auta poruszaj\u0105cego si\u0119 z pr\u0119dko\u015bci\u0105 80km\/h. Opona zimowa 265 65 17 Bridgestone Blizzak LM005 emituje ha\u0142as na poziomie 73 decybeli. <\/p>\n<\/div>\n<\/div>\n<\/div>\n<div style=\"clear: both; display: block; margin: 10px 0;\">\n<div style=\"clear: both; display: block; margin: 10px 0;\">\n<div style=\"clear: both; display: block; margin: 10px 0;\">\n<h1>Wady i zalety modelu Blizzak LM005<\/h1>\n<p style=\"margin: 15px 0; line-height: 1.8; clear: both; display: block; width: 100%; float: none; position: static;\"> Bridgestone Blizzak LM005 to produkt klasy premium, kt\u00f3ry otrzyma\u0142 zaawansowany technologicznie i bardzo stylowy kierunkowy wz\u00f3r bie\u017cnika. Staraj\u0105c si\u0119 stworzy\u0107 opony na ka\u017cd\u0105 nawierzchni\u0119, in\u017cynierowie Bridgestone opracowali specjaln\u0105 konstrukcj\u0119 bie\u017cnika Blizzak LM005. Sk\u0142ada si\u0119 on z du\u017cej liczby blok\u00f3w o r\u00f3\u017cnych rozmiarach i kszta\u0142tach. Stosunkowo ma\u0142e elementy umieszczono w centralnym obszarze opony, podczas gdy du\u017ce bloki o wyd\u0142u\u017conym kszta\u0142cie tworz\u0105 \u015bciany boczne. System drena\u017cowy opony sk\u0142ada si\u0119 z szerokich i w\u0105skich kana\u0142\u00f3w w kszta\u0142cie p\u00f3\u0142ksi\u0119\u017cyca biegn\u0105cych od \u015brodka bie\u017cnika do bark\u00f3w. Taka konstrukcja wskazuje na wysok\u0105 odporno\u015b\u0107 na aquaplaning. Kierowcy decyduj\u0105cy si\u0119 na zakup opon zimowych Bridgestone Blizzak LM005 mog\u0105 liczy\u0107 na natychmiastow\u0105 reakcj\u0119 k\u00f3\u0142 na ruchy kierownicy, a tak\u017ce doskona\u0142\u0105 przyczepno\u015b\u0107 na mokrej i \u015bliskiej nawierzchni.Poniewa\u017c model jest prawdziw\u0105 opon\u0105 zimow\u0105, mo\u017ce pochwali\u0107 si\u0119 ogromn\u0105 liczb\u0105 lameli. P\u0142ytkie, zygzakowate szczeliny w g\u00f3rnej warstwie bie\u017cnika maj\u0105 tendencj\u0119 do otwierania si\u0119 podczas przyspieszania i hamowania. W rezultacie powierzchnia styku jest zwi\u0119kszona, a op\u00f3r na lodzie i mokrym asfalcie wzrasta. In\u017cynierowie Bridgestone wykorzystali do opracowania formu\u0142y mieszanki polimerowej nowoczesn\u0105 technologi\u0119 Nano Pro-tech. Ponadto mieszanka w swoim sk\u0142adzie zawiera imponuj\u0105c\u0105 ilo\u015b\u0107 krzemionki, co jest gwarancj\u0105 wysokiej wytrzyma\u0142o\u015b\u0107 na zimowych drogach. Dzi\u0119ki obecno\u015bci specjalnych mrozoodpornych elastomer\u00f3w guma zachowuje swoj\u0105 elastyczno\u015b\u0107 nawet w ekstremalnie niskich temperaturach. <\/p>\n<\/div>\n<\/div>\n<div style=\"clear: both; display: block; margin: 10px 0;\">\n<div style=\"clear: both; display: block; margin: 10px 0;\">\n<div  style=\"max-width:800px;max-height:800px\">\n<div style=\"clear: both; display: block; margin: 10px 0;\">\n<div style=\"clear: both; width: 100%; display: block; margin: 20px 0; padding: 0; float: none; position: static; text-align: center;\"><img decoding=\"async\"  src=\"https:\/\/a.allegroimg.com\/original\/113a76\/fcfd95f84ac797762f7105672d9c\/2x-Bridgestone-Blizzak-LM005-265-65R17-116H-XL-Liczba-opon-w-ofercie-2-szt\" srcset=\"https:\/\/a.allegroimg.com\/original\/113a76\/fcfd95f84ac797762f7105672d9c\/2x-Bridgestone-Blizzak-LM005-265-65R17-116H-XL-Liczba-opon-w-ofercie-2-szt 360w,https:\/\/a.allegroimg.com\/original\/113a76\/fcfd95f84ac797762f7105672d9c\/2x-Bridgestone-Blizzak-LM005-265-65R17-116H-XL-Liczba-opon-w-ofercie-2-szt 720w,https:\/\/a.allegroimg.com\/original\/113a76\/fcfd95f84ac797762f7105672d9c\/2x-Bridgestone-Blizzak-LM005-265-65R17-116H-XL-Liczba-opon-w-ofercie-2-szt 800w,https:\/\/a.allegroimg.com\/original\/113a76\/fcfd95f84ac797762f7105672d9c\/2x-Bridgestone-Blizzak-LM005-265-65R17-116H-XL-Liczba-opon-w-ofercie-2-szt 800w\" sizes=\"(min-width: 1200px) 560px, (min-width: 992px) 50vw, 100vw\" width=\"800px\" alt=\"2x Bridgestone Blizzak LM005 265\/65R17 116H XL Liczba opon w ofercie 2 szt.\" style=\"max-width: 100%; height: auto; display: block; margin: 0 auto;\"><\/div>\n<\/div>\n<\/div>\n<\/div>\n<\/div>\n<\/div>\n<div style=\"clear: both; display: block; margin: 10px 0;\">\n<div style=\"clear: both; display: block; margin: 10px 0;\">\n<div style=\"clear: both; display: block; margin: 10px 0;\">\n<div  style=\"max-width:500px;max-height:500px\">\n<div style=\"clear: both; display: block; margin: 10px 0;\">\n<div style=\"clear: both; width: 100%; display: block; margin: 20px 0; padding: 0; float: none; position: static; text-align: center;\"><img decoding=\"async\"  src=\"https:\/\/a.allegroimg.com\/original\/11f97e\/fa0ac9b542a5a2581f216506763d\/2x-Bridgestone-Blizzak-LM005-265-65R17-116H-XL-Model-Blizzak-LM005\" srcset=\"https:\/\/a.allegroimg.com\/original\/11f97e\/fa0ac9b542a5a2581f216506763d\/2x-Bridgestone-Blizzak-LM005-265-65R17-116H-XL-Model-Blizzak-LM005 360w,https:\/\/a.allegroimg.com\/original\/11f97e\/fa0ac9b542a5a2581f216506763d\/2x-Bridgestone-Blizzak-LM005-265-65R17-116H-XL-Model-Blizzak-LM005 500w,https:\/\/a.allegroimg.com\/original\/11f97e\/fa0ac9b542a5a2581f216506763d\/2x-Bridgestone-Blizzak-LM005-265-65R17-116H-XL-Model-Blizzak-LM005 500w\" sizes=\"(min-width: 1200px) 560px, (min-width: 992px) 50vw, 100vw\" width=\"500px\" alt=\"2x Bridgestone Blizzak LM005 265\/65R17 116H XL Model Blizzak LM005\" style=\"max-width: 100%; height: auto; display: block; margin: 0 auto;\"><\/div>\n<\/div>\n<\/div>\n<\/div>\n<\/div>\n<div style=\"clear: both; display: block; margin: 10px 0;\">\n<div style=\"clear: both; display: block; margin: 10px 0;\">\n<h1> Dlaczego cena jest taka niska? <\/h1>\n<p style=\"margin: 15px 0; line-height: 1.8; clear: both; display: block; width: 100%; float: none; position: static;\"> W\u0142a\u015bnie przygotowujemy nasz g\u0142\u00f3wny magazyn do kolejnego sezonu, w zwi\u0105zku z czym postanowili\u015bmy znacz\u0105co przeceni\u0107 wybrane pozycje opon marki Bridgestone, oferuj\u0105c je w najlepszych cenach na rynku. Skorzystaj z promocji i kup nowe opony z <b>wyprzeda\u017cy rocznika 2022<\/b> (oferowane na tej aukcji). Obecnie starsze rocznikowo, nieu\u017cywane opony zyskuj\u0105 w\u015br\u00f3d \u015bwiadomych kierowc\u00f3w coraz wi\u0119ksz\u0105 popularno\u015b\u0107, dlatego te\u017c sprzedaj\u0105 si\u0119 praktycznie od razu po ich wystawieniu. Uznali\u015bmy wi\u0119c, \u017ce zasada &#8222;kto pierwszy ten lepszy&#8221; b\u0119dzie zatem najbardziej uczciwa w tej sytuacji. <\/p>\n<h2> Rok produkcji opon &#8211; 2022 (wyprzeda\u017c) <\/h2>\n<p style=\"margin: 15px 0; line-height: 1.8; clear: both; display: block; width: 100%; float: none; position: static;\"> Badania jasno pokazuj\u0105, i\u017c kilkuletnie nowe, przechowywane w odpowiednich warunkach opony s\u0105 pe\u0142nowarto\u015bciowym produktem, kt\u00f3ry jako\u015bci\u0105 <b>niczym nie odbiega od opon z aktualnej produkcji<\/b>. Producenci na ca\u0142ym \u015bwiecie m\u00f3wi\u0105 jednog\u0142o\u015bnie, i\u017c \u017cywotno\u015b\u0107 ka\u017cdej opony ko\u0144czy si\u0119 dopiero po 10 latach od daty jej wyprodukowania. <\/p>\n<p style=\"margin: 15px 0; line-height: 1.8; clear: both; display: block; width: 100%; float: none; position: static;\"> Pami\u0119taj, \u017ce od kilkunastu lat mieszanki gumowe, z kt\u00f3rych wykonane s\u0105 opony zawieraj\u0105 <b>substancje przeciwstarzeniowe<\/b>. Dzi\u0119ki temu masz gwaranci\u0119, \u017ce opona sk\u0142adowana w prawid\u0142owy spos\u00f3b nawet przez wiele lat, dzi\u0119ki swym odpowiednim w\u0142a\u015bciwo\u015bciom, <b>zachowuje cechy nowej opony<\/b>. <\/p>\n<p style=\"margin: 15px 0; line-height: 1.8; clear: both; display: block; width: 100%; float: none; position: static;\"> Opony starzej\u0105 si\u0119 wy\u0142\u0105cznie na skutek fizycznych i chemicznych proces\u00f3w takich jak promieniowanie UV, du\u017ca wilgotno\u015b\u0107, wysoka temperatura czy kontakt z substancjami typu benzyna, oleje, smary czy inne p\u0142yny samochodowe. <b>Nasze opony przechowujemy w suchym, klimatyzowanym i ciemnym magazynie<\/b> z dala od wilgoci, substancji szkodliwych oraz promieniowania s\u0142onecznego (UV). <\/p>\n<\/div>\n<\/div>\n<\/div>\n<div style=\"clear: both; display: block; margin: 10px 0;\">\n<div style=\"clear: both; display: block; margin: 10px 0;\">\n<div style=\"clear: both; display: block; margin: 10px 0;\">\n<h1> O firmie Bridgestone <\/h1>\n<p style=\"margin: 15px 0; line-height: 1.8; clear: both; display: block; width: 100%; float: none; position: static;\"> Producentem modelu opony Blizzak LM005 w rozmiarze 265\/65R17 jest marka Bridgestone. <\/p>\n<p style=\"margin: 15px 0; line-height: 1.8; clear: both; display: block; width: 100%; float: none; position: static;\"> Bridgestone to niekwestowany lider w produkcji opon najwy\u017cszej jako\u015bci. Imponuj\u0105ca historia firmy rozpocz\u0119\u0142a si\u0119 w 1931 roku w Japonii za spraw\u0105 Shojiro Ishibashi-ego. Nazwa firmy pochodzi od angielskiego t\u0142umaczenia nazwiska tw\u00f3rcy i doskonale oddaje ducha i aspiracje przedsi\u0119biorstwa. Ponad 80% asortymentu firmy stanowi\u0105 opony do wszystkich rodzaj\u00f3w transportu, a pozosta\u0142e 20% to materia\u0142y izolacyjne, sprz\u0119t sportowy, w\u0119\u017ce, przeno\u015bniki ta\u015bmowe i inne towary.Koncern posiada 59 fabryk ogumienia. Europejska centrala Bridgestone funkcjonuje od roku 1990, koordynuj\u0105c prac\u0119 20 firm handlowych, dystrybutor\u00f3w, 8 fabryk oraz Centrum Technicznego w Rzymie i Europejskiego Toru Testowego. Opony Bridgestone wyr\u00f3\u017cniaj\u0105 si\u0119 wysokim stopniem bezpiecze\u0144stwa, komfortu i przyjazno\u015bci dla \u015brodowiska. W roku 1997 Bridgestone po raz pierwszy wzi\u0105\u0142 udzia\u0142 w wy\u015bcigach Formu\u0142y 1. Podczas pierwszego sezonu Bolidy wyposa\u017cone w opony Bridgestone Potenza uzyska\u0142y cztery miejsca na podium. Podczas produkcji Bridgestone wykorzystuje najnowocze\u015bniejszy sprz\u0119t high-tech, rewolucyjne rozwi\u0105zania, modelowanie komputerowe, mieszanki bogate w sk\u0142adniki naturalne i innowacyjne komponenty. <\/p>\n<\/div>\n<\/div>\n<div style=\"clear: both; display: block; margin: 10px 0;\">\n<div style=\"clear: both; display: block; margin: 10px 0;\">\n<div  style=\"max-width:500px;max-height:500px\">\n<div style=\"clear: both; display: block; margin: 10px 0;\">\n<div style=\"clear: both; width: 100%; display: block; margin: 20px 0; padding: 0; float: none; position: static; text-align: center;\"><img decoding=\"async\"  src=\"https:\/\/a.allegroimg.com\/original\/11d371\/3e7d8dc2489ba9a94b1de84eae23\/2x-Bridgestone-Blizzak-LM005-265-65R17-116H-XL-Srednica-17\" srcset=\"https:\/\/a.allegroimg.com\/original\/11d371\/3e7d8dc2489ba9a94b1de84eae23\/2x-Bridgestone-Blizzak-LM005-265-65R17-116H-XL-Srednica-17 360w,https:\/\/a.allegroimg.com\/original\/11d371\/3e7d8dc2489ba9a94b1de84eae23\/2x-Bridgestone-Blizzak-LM005-265-65R17-116H-XL-Srednica-17 500w,https:\/\/a.allegroimg.com\/original\/11d371\/3e7d8dc2489ba9a94b1de84eae23\/2x-Bridgestone-Blizzak-LM005-265-65R17-116H-XL-Srednica-17 500w\" sizes=\"(min-width: 1200px) 560px, (min-width: 992px) 50vw, 100vw\" width=\"500px\" alt=\"2x Bridgestone Blizzak LM005 265\/65R17 116H XL \u015arednica 17&quot;\" style=\"max-width: 100%; height: auto; display: block; margin: 0 auto;\"><\/div>\n<\/div>\n<\/div>\n<\/div>\n<\/div>\n<\/div>\n<div style=\"clear: both; display: block; margin: 10px 0;\">\n<div style=\"clear: both; display: block; margin: 10px 0;\">\n<div style=\"clear: both; display: block; margin: 10px 0;\">\n<div  style=\"max-width:500px;max-height:500px\">\n<div style=\"clear: both; display: block; margin: 10px 0;\">\n<div style=\"clear: both; width: 100%; display: block; margin: 20px 0; padding: 0; float: none; position: static; text-align: center;\"><img decoding=\"async\"  src=\"https:\/\/a.allegroimg.com\/original\/11e69f\/1aac436f45a0bd6a4a39d6285698\/2x-Bridgestone-Blizzak-LM005-265-65R17-116H-XL-Profil-opony-65\" srcset=\"https:\/\/a.allegroimg.com\/original\/11e69f\/1aac436f45a0bd6a4a39d6285698\/2x-Bridgestone-Blizzak-LM005-265-65R17-116H-XL-Profil-opony-65 360w,https:\/\/a.allegroimg.com\/original\/11e69f\/1aac436f45a0bd6a4a39d6285698\/2x-Bridgestone-Blizzak-LM005-265-65R17-116H-XL-Profil-opony-65 500w,https:\/\/a.allegroimg.com\/original\/11e69f\/1aac436f45a0bd6a4a39d6285698\/2x-Bridgestone-Blizzak-LM005-265-65R17-116H-XL-Profil-opony-65 500w\" sizes=\"(min-width: 1200px) 560px, (min-width: 992px) 50vw, 100vw\" width=\"500px\" alt=\"2x Bridgestone Blizzak LM005 265\/65R17 116H XL Profil opony 65\" style=\"max-width: 100%; height: auto; display: block; margin: 0 auto;\"><\/div>\n<\/div>\n<\/div>\n<\/div>\n<\/div>\n<div style=\"clear: both; display: block; margin: 10px 0;\">\n<div style=\"clear: both; display: block; margin: 10px 0;\">\n<h1> Opony zimowe Bridgestone <\/h1>\n<h2>\n","protected":false},"excerpt":{"rendered":"<p>2x Opony zimowe Bridgestone Blizzak LM005 265\/65R17 116H XL<\/p>\n<p>G\u0142\u00f3wne cechy:<\/p>\n<p>Stan: nowe<\/p>\n<p>Aukcja dotyczy: 2 sztuk (pary opon)<\/p>\n<p>Sezon: opony zimowe<\/p>\n<p>Przeznaczenie: auta osobowe, SUV, 4&#215;4<\/p>\n<p>Rok produkcji: nie starsze jak 2022 (szczeg\u00f3\u0142y w opisie aukcji)<\/p>\n<p>Gwarancia: 5 lat<\/p>\n","protected":false},"featured_media":17673,"template":"","meta":{"_uag_custom_page_level_css":""},"product_brand":[397],"product_cat":[414,413,412,415],"product_tag":[],"class_list":{"0":"post-17672","1":"product","2":"type-product","3":"status-publish","4":"has-post-thumbnail","6":"product_brand-bridgestone","7":"product_cat-do-samochodow-osobowych-i-suv","8":"product_cat-opony","9":"product_cat-opony-i-felgi","10":"product_cat-zimowe","12":"first","13":"instock","14":"shipping-taxable","15":"purchasable","16":"product-type-simple"},"uagb_featured_image_src":{"full":["https:\/\/oponixo.shop\/tire\/wp-content\/uploads\/2026\/01\/allegro-image-17672.jpg",800,800,false],"thumbnail":["https:\/\/oponixo.shop\/tire\/wp-content\/uploads\/2026\/01\/allegro-image-17672-150x150.jpg",150,150,true],"medium":["https:\/\/oponixo.shop\/tire\/wp-content\/uploads\/2026\/01\/allegro-image-17672-300x300.jpg",300,300,true],"medium_large":["https:\/\/oponixo.shop\/tire\/wp-content\/uploads\/2026\/01\/allegro-image-17672-768x768.jpg",768,768,true],"large":["https:\/\/oponixo.shop\/tire\/wp-content\/uploads\/2026\/01\/allegro-image-17672.jpg",800,800,false],"1536x1536":["https:\/\/oponixo.shop\/tire\/wp-content\/uploads\/2026\/01\/allegro-image-17672.jpg",800,800,false],"2048x2048":["https:\/\/oponixo.shop\/tire\/wp-content\/uploads\/2026\/01\/allegro-image-17672.jpg",800,800,false],"woocommerce_thumbnail":["https:\/\/oponixo.shop\/tire\/wp-content\/uploads\/2026\/01\/allegro-image-17672-300x300.jpg",300,300,true],"woocommerce_single":["https:\/\/oponixo.shop\/tire\/wp-content\/uploads\/2026\/01\/allegro-image-17672-600x600.jpg",600,600,true],"woocommerce_gallery_thumbnail":["https:\/\/oponixo.shop\/tire\/wp-content\/uploads\/2026\/01\/allegro-image-17672-100x100.jpg",100,100,true]},"uagb_author_info":{"display_name":"admin","author_link":"https:\/\/oponixo.shop\/tire\/author\/"},"uagb_comment_info":0,"uagb_excerpt":"2x Opony zimowe Bridgestone Blizzak LM005 265\/65R17 116H XL G\u0142\u00f3wne cechy: Stan: nowe Aukcja dotyczy: 2 sztuk (pary opon) Sezon: opony zimowe Przeznaczenie: auta osobowe, SUV, 4x4 Rok produkcji: nie starsze jak 2022 (szczeg\u00f3\u0142y w opisie aukcji) Gwarancia: 5 lat","_links":{"self":[{"href":"https:\/\/oponixo.shop\/tire\/wp-json\/wp\/v2\/product\/17672","targetHints":{"allow":["GET"]}}],"collection":[{"href":"https:\/\/oponixo.shop\/tire\/wp-json\/wp\/v2\/product"}],"about":[{"href":"https:\/\/oponixo.shop\/tire\/wp-json\/wp\/v2\/types\/product"}],"wp:featuredmedia":[{"embeddable":true,"href":"https:\/\/oponixo.shop\/tire\/wp-json\/wp\/v2\/media\/17673"}],"wp:attachment":[{"href":"https:\/\/oponixo.shop\/tire\/wp-json\/wp\/v2\/media?parent=17672"}],"wp:term":[{"taxonomy":"product_brand","embeddable":true,"href":"https:\/\/oponixo.shop\/tire\/wp-json\/wp\/v2\/product_brand?post=17672"},{"taxonomy":"product_cat","embeddable":true,"href":"https:\/\/oponixo.shop\/tire\/wp-json\/wp\/v2\/product_cat?post=17672"},{"taxonomy":"product_tag","embeddable":true,"href":"https:\/\/oponixo.shop\/tire\/wp-json\/wp\/v2\/product_tag?post=17672"}],"curies":[{"name":"wp","href":"https:\/\/api.w.org\/{rel}","templated":true}]}}