{"id":17698,"date":"2026-01-23T21:47:34","date_gmt":"2026-01-23T20:47:34","guid":{"rendered":"https:\/\/oponypoint.shop\/xef5\/produkt\/2x-hankook-winter-icept-rs-165-65r13-77-t\/"},"modified":"2026-01-23T21:47:35","modified_gmt":"2026-01-23T20:47:35","slug":"2x-hankook-winter-icept-rs-165-65r13-77-t","status":"publish","type":"product","link":"https:\/\/oponixo.shop\/tire\/produkt\/2x-hankook-winter-icept-rs-165-65r13-77-t\/","title":{"rendered":"2x HANKOOK WINTER ICEPT RS 165\/65R13 77 T"},"content":{"rendered":"<div style=\"font-family: Arial, sans-serif; line-height: 1.6; color: #333; padding: 20px; clear: both; display: block; width: 100%; float: none; position: static; overflow: hidden;\">\n<div style=\"clear: both; display: block; margin: 10px 0;\">\n<div style=\"clear: both; display: block; margin: 10px 0;\">\n<div style=\"clear: both; display: block; margin: 10px 0;\">\n<h2>2x HANKOOK WINTER ICEPT RS 165\/65R13 77 T<\/h2>\n<\/div>\n<\/div>\n<\/div>\n<div style=\"clear: both; display: block; margin: 10px 0;\">\n<div style=\"clear: both; display: block; margin: 10px 0;\">\n<div style=\"clear: both; display: block; margin: 10px 0;\">\n<div  style=\"max-width:920px;max-height:1120px\">\n<div style=\"clear: both; display: block; margin: 10px 0;\">\n<div style=\"clear: both; width: 100%; display: block; margin: 20px 0; padding: 0; float: none; position: static; text-align: center;\"><img decoding=\"async\"  src=\"https:\/\/a.allegroimg.com\/original\/11c58c\/e59423714e718e835f031ebe0c70\/2x-HANKOOK-WINTER-ICEPT-RS-165-65R13-77-T\" srcset=\"https:\/\/a.allegroimg.com\/original\/11c58c\/e59423714e718e835f031ebe0c70\/2x-HANKOOK-WINTER-ICEPT-RS-165-65R13-77-T 295w,https:\/\/a.allegroimg.com\/original\/11c58c\/e59423714e718e835f031ebe0c70\/2x-HANKOOK-WINTER-ICEPT-RS-165-65R13-77-T 591w,https:\/\/a.allegroimg.com\/original\/11c58c\/e59423714e718e835f031ebe0c70\/2x-HANKOOK-WINTER-ICEPT-RS-165-65R13-77-T 841w,https:\/\/a.allegroimg.com\/original\/11c58c\/e59423714e718e835f031ebe0c70\/2x-HANKOOK-WINTER-ICEPT-RS-165-65R13-77-T 920w,https:\/\/a.allegroimg.com\/original\/11c58c\/e59423714e718e835f031ebe0c70\/2x-HANKOOK-WINTER-ICEPT-RS-165-65R13-77-T 920w\" sizes=\"(min-width: 1200px) 560px, (min-width: 992px) 50vw, 100vw\" width=\"920px\" alt=\"2x HANKOOK WINTER ICEPT RS 165\/65R13 77 T\" style=\"max-width: 100%; height: auto; display: block; margin: 0 auto;\"><\/div>\n<\/div>\n<\/div>\n<\/div>\n<\/div>\n<div style=\"clear: both; display: block; margin: 10px 0;\">\n<div style=\"clear: both; display: block; margin: 10px 0;\">\n<h2>Zimowe opony HANKOOK WINTER ICEPT RS W442 165\/65 R13 77 T<\/h2>\n<p style=\"margin: 15px 0; line-height: 1.8; clear: both; display: block; width: 100%; float: none; position: static;\">Opony HANKOOK WINTER ICEPT RS W442 to znacz\u0105cy model w portfolio producenta.&nbsp;<\/p>\n<p style=\"margin: 15px 0; line-height: 1.8; clear: both; display: block; width: 100%; float: none; position: static;\"> Opony klasy \u015bredniej cechuj\u0105 si\u0119 najbardziej optymalnymi parametrami jezdnymi przy zachowaniu dobrej ceny.<\/p>\n<ul style=\"margin: 15px 0; padding-left: 20px; clear: both; display: block; width: 100%; float: none; position: static;\">\n<li style=\"margin: 5px 0; padding: 2px 0; clear: both; display: list-item; float: none; position: static;\"><b>Stan:<\/b>&nbsp;Nowy<\/li>\n<li style=\"margin: 5px 0; padding: 2px 0; clear: both; display: list-item; float: none; position: static;\"><b>EAN:<\/b>&nbsp;8808563297118<\/li>\n<li style=\"margin: 5px 0; padding: 2px 0; clear: both; display: list-item; float: none; position: static;\"><b>Producent:<\/b> HANKOOK<\/li>\n<li style=\"margin: 5px 0; padding: 2px 0; clear: both; display: list-item; float: none; position: static;\"><b>Model:<\/b> WINTER ICEPT RS W442<\/li>\n<li style=\"margin: 5px 0; padding: 2px 0; clear: both; display: list-item; float: none; position: static;\"><b>Rozmiar:<\/b> 165\/65 R13<\/li>\n<li style=\"margin: 5px 0; padding: 2px 0; clear: both; display: list-item; float: none; position: static;\"><b>Indeks no\u015bno\u015bci:<\/b> 77<\/li>\n<li style=\"margin: 5px 0; padding: 2px 0; clear: both; display: list-item; float: none; position: static;\"><b>Indeks pr\u0119dko\u015bci:<\/b> T<\/li>\n<li style=\"margin: 5px 0; padding: 2px 0; clear: both; display: list-item; float: none; position: static;\"><b>Ha\u0142as db:<\/b>&nbsp;71<\/li>\n<li style=\"margin: 5px 0; padding: 2px 0; clear: both; display: list-item; float: none; position: static;\"><b>Sezon:<\/b> Zimowe<\/li>\n<li style=\"margin: 5px 0; padding: 2px 0; clear: both; display: list-item; float: none; position: static;\"><b>Rok produkcji:<\/b> nie starsze ni\u017c 36 miesi\u0119cy<\/li>\n<li style=\"margin: 5px 0; padding: 2px 0; clear: both; display: list-item; float: none; position: static;\"><b>Przeznaczenie:<\/b> Osobowe<\/li>\n<li style=\"margin: 5px 0; padding: 2px 0; clear: both; display: list-item; float: none; position: static;\"><b>Kl. przycz. na mokrej naw.:<\/b>&nbsp;C<\/li>\n<li style=\"margin: 5px 0; padding: 2px 0; clear: both; display: list-item; float: none; position: static;\"><b>Kl. efekt. paliwowej:&nbsp;<\/b>E<\/li>\n<\/ul>\n<\/div>\n<\/div>\n<\/div>\n<div style=\"clear: both; display: block; margin: 10px 0;\">\n<div style=\"clear: both; display: block; margin: 10px 0;\">\n<div style=\"clear: both; display: block; margin: 10px 0;\">\n<div  style=\"max-width:2560px;max-height:478px\">\n<div style=\"clear: both; display: block; margin: 10px 0;\">\n<div style=\"clear: both; width: 100%; display: block; margin: 20px 0; padding: 0; float: none; position: static; text-align: center;\"><img decoding=\"async\"  src=\"https:\/\/a.allegroimg.com\/original\/113b23\/81be81464486be1dee56d9548ff4\/2x-HANKOOK-WINTER-ICEPT-RS-165-65R13-77-T-Liczba-opon-w-ofercie-2-szt\" srcset=\"https:\/\/a.allegroimg.com\/original\/113b23\/81be81464486be1dee56d9548ff4\/2x-HANKOOK-WINTER-ICEPT-RS-165-65R13-77-T-Liczba-opon-w-ofercie-2-szt 360w,https:\/\/a.allegroimg.com\/original\/113b23\/81be81464486be1dee56d9548ff4\/2x-HANKOOK-WINTER-ICEPT-RS-165-65R13-77-T-Liczba-opon-w-ofercie-2-szt 720w,https:\/\/a.allegroimg.com\/original\/113b23\/81be81464486be1dee56d9548ff4\/2x-HANKOOK-WINTER-ICEPT-RS-165-65R13-77-T-Liczba-opon-w-ofercie-2-szt 1024w,https:\/\/a.allegroimg.com\/original\/113b23\/81be81464486be1dee56d9548ff4\/2x-HANKOOK-WINTER-ICEPT-RS-165-65R13-77-T-Liczba-opon-w-ofercie-2-szt 1440w,https:\/\/a.allegroimg.com\/original\/113b23\/81be81464486be1dee56d9548ff4\/2x-HANKOOK-WINTER-ICEPT-RS-165-65R13-77-T-Liczba-opon-w-ofercie-2-szt 2560w\" sizes=\"100vw\" width=\"2560px\" alt=\"2x HANKOOK WINTER ICEPT RS 165\/65R13 77 T Liczba opon w ofercie 2 szt.\" style=\"max-width: 100%; height: auto; display: block; margin: 0 auto;\"><\/div>\n<\/div>\n<\/div>\n<\/div>\n<\/div>\n<\/div>\n<div style=\"clear: both; display: block; margin: 10px 0;\">\n<div style=\"clear: both; display: block; margin: 10px 0;\">\n<div style=\"clear: both; display: block; margin: 10px 0;\">\n<p style=\"margin: 15px 0; line-height: 1.8; clear: both; display: block; width: 100%; float: none; position: static;\">Historia marki rozpoczyna si\u0119 w 1941 roku od firmy Chosun Tire Company. Jest to najwi\u0119ksza i najstarsza firma produkuj\u0105ca opony w ca\u0142ej Korei Po\u0142udniowej.<\/p>\n<p style=\"margin: 15px 0; line-height: 1.8; clear: both; display: block; width: 100%; float: none; position: static;\">Hankook to firma, kt\u00f3ra oferuje opony letnie, ca\u0142oroczne oraz zimowe z klasy wy\u017cszej \u015bredniej. Jednak\u017ce od samego pocz\u0105tku mia\u0142a ch\u0119\u0107 rozwoju i wspi\u0119cia si\u0119 szczebel wy\u017cej i zosta\u0107 klas\u0105 premium. Dzi\u0119ki tym aspiracj\u0105 otrzymujemy produkty nie odstaj\u0105ce jako\u015bci\u0105 od znanych producent\u00f3w klasy premium.<\/p>\n<p style=\"margin: 15px 0; line-height: 1.8; clear: both; display: block; width: 100%; float: none; position: static;\">Opony \u015bwietnie radz\u0105 sobie na mokrej i suchej nawierzchni, a wi\u0119c warto zainwestowa\u0107 w ogumienie po\u0142udniowokorea\u0144skiej marki. Opony Hankook przeznaczone s\u0105 zar\u00f3wno do modeli samochod\u00f3w osobowych, jak i do SUV-\u00f3w.<\/p>\n<p style=\"margin: 15px 0; line-height: 1.8; clear: both; display: block; width: 100%; float: none; position: static;\">Stosunek jako\u015bci do ceny opon Hankook jest nad wyraz imponuj\u0105cy. Obecnie marka Hankook mie\u015bci si\u0119 w czo\u0142\u00f3wce najwi\u0119kszych producent\u00f3w ogumienia na \u015bwiecie. Jest to zas\u0142uga ci\u0105g\u0142ego rozwoju i podnoszenia standard\u00f3w jako\u015bci.<\/p>\n<p style=\"margin: 15px 0; line-height: 1.8; clear: both; display: block; width: 100%; float: none; position: static;\">Czo\u0142owi producenci samochod\u00f3w, wybieraj\u0105 opony marki Hankook na oryginalne wyposa\u017cenie swoich nowych aut. Zaufa\u0142y im takie marki jak Opel, Kia, Audi co dodatkowo potwierdza spe\u0142nianie wymaga\u0144 jako\u015bciowych i zaufanie najbardziej wymagaj\u0105cych producent\u00f3w samochod\u00f3w na \u015bwiecie.<\/p>\n<p style=\"margin: 15px 0; line-height: 1.8; clear: both; display: block; width: 100%; float: none; position: static;\">Nokia Corporation zyska\u0142o globaln\u0105 s\u0142aw\u0119 dzi\u0119ki produkcji telefon\u00f3w, lecz r\u00f3wnie\u017c zyskiwa\u0142o rozg\u0142os jako producent wytrzyma\u0142ych i odpornych na \u015bcieranie opon do samochod\u00f3w. Coraz wi\u0119kszy rozg\u0142os marki poskutkowa\u0142 uniezale\u017cnieniem si\u0119 firmy od producenta telefon\u00f3w i tak w\u0142a\u015bnie powsta\u0142a znana na ca\u0142ym \u015bwiecie pod obecn\u0105 nazw\u0105 firma Nokian Tyres.<\/p>\n<p style=\"margin: 15px 0; line-height: 1.8; clear: both; display: block; width: 100%; float: none; position: static;\">Obecnie Nokian skupia si\u0119 na oponach do aut osobowych przeznaczonych do trudnych zimowych warunk\u00f3w, lecz r\u00f3wnie\u017c w swym portfolio ma opony przeznaczone do warunk\u00f3w letnich i ca\u0142orocznych.<\/p>\n<p style=\"margin: 15px 0; line-height: 1.8; clear: both; display: block; width: 100%; float: none; position: static;\">Fi\u0144ski producent plasuj\u0119 si\u0119 w segmencie premium na rynku ogumienie dzi\u0119ki swym osi\u0105gni\u0119ciom w produkcji opon zimowych i niestawianiu na kompromisy przy produkcji opon letnich i ca\u0142orocznych.<\/p>\n<\/div>\n<\/div>\n<\/div>\n<div style=\"clear: both; display: block; margin: 10px 0;\">\n<div style=\"clear: both; display: block; margin: 10px 0;\">\n<div style=\"clear: both; display: block; margin: 10px 0;\">\n<div  style=\"max-width:1200px;max-height:1758px\">\n<div style=\"clear: both; display: block; margin: 10px 0;\">\n<div style=\"clear: both; width: 100%; display: block; margin: 20px 0; padding: 0; float: none; position: static; text-align: center;\"><img decoding=\"async\"  src=\"https:\/\/a.allegroimg.com\/original\/112ffa\/452528fb4a5387393c137e468d29\/2x-HANKOOK-WINTER-ICEPT-RS-165-65R13-77-T-Marka-Hankook\" srcset=\"https:\/\/a.allegroimg.com\/original\/112ffa\/452528fb4a5387393c137e468d29\/2x-HANKOOK-WINTER-ICEPT-RS-165-65R13-77-T-Marka-Hankook 245w,https:\/\/a.allegroimg.com\/original\/112ffa\/452528fb4a5387393c137e468d29\/2x-HANKOOK-WINTER-ICEPT-RS-165-65R13-77-T-Marka-Hankook 491w,https:\/\/a.allegroimg.com\/original\/112ffa\/452528fb4a5387393c137e468d29\/2x-HANKOOK-WINTER-ICEPT-RS-165-65R13-77-T-Marka-Hankook 698w,https:\/\/a.allegroimg.com\/original\/112ffa\/452528fb4a5387393c137e468d29\/2x-HANKOOK-WINTER-ICEPT-RS-165-65R13-77-T-Marka-Hankook 982w,https:\/\/a.allegroimg.com\/original\/112ffa\/452528fb4a5387393c137e468d29\/2x-HANKOOK-WINTER-ICEPT-RS-165-65R13-77-T-Marka-Hankook 1200w\" sizes=\"(min-width: 1200px) 560px, (min-width: 992px) 50vw, 100vw\" width=\"1200px\" alt=\"2x HANKOOK WINTER ICEPT RS 165\/65R13 77 T Marka Hankook\" style=\"max-width: 100%; height: auto; display: block; margin: 0 auto;\"><\/div>\n<\/div>\n<\/div>\n<\/div>\n<\/div>\n<div style=\"clear: both; display: block; margin: 10px 0;\">\n<div style=\"clear: both; display: block; margin: 10px 0;\">\n<p style=\"margin: 15px 0; line-height: 1.8; clear: both; display: block; width: 100%; float: none; position: static;\">Dlaczego warto kupowa\u0107 u Nas ?<\/p>\n<p style=\"margin: 15px 0; line-height: 1.8; clear: both; display: block; width: 100%; float: none; position: static;\">Jeste\u015bmy firm\u0105, kt\u00f3ra na podstawie wieloletniego do\u015bwiadczenia z zaanga\u017cowaniem pomaga klientom w doborze oraz kupnie opon.<\/p>\n<p style=\"margin: 15px 0; line-height: 1.8; clear: both; display: block; width: 100%; float: none; position: static;\">Posiadamy szerok\u0105 game opon do aut osobowych, dostawczych, cie\u017carowych, motocyki jak i opon przemys\u0142owych.<\/p>\n<p style=\"margin: 15px 0; line-height: 1.8; clear: both; display: block; width: 100%; float: none; position: static;\">Gwarancja satysfakcjii oraz bezpiecznie przejechanych kilometr\u00f3w.<\/p>\n<p style=\"margin: 15px 0; line-height: 1.8; clear: both; display: block; width: 100%; float: none; position: static;\">Zosta\u0144 naszym kolejnym zadowolonym klientem.<\/p>\n<p style=\"margin: 15px 0; line-height: 1.8; clear: both; display: block; width: 100%; float: none; position: static;\">ZAPRASZAMY DO ZAKUP\u00d3W.<\/p>\n<\/div>\n<\/div>\n<\/div>\n<\/div>\n<\/div>\n<\/div>\n<div style=\"clear: both; display: block; margin: 10px 0;\">\n","protected":false},"excerpt":{"rendered":"<p>2x HANKOOK WINTER ICEPT RS 165\/65R13 77 T<\/p>\n<p>Zimowe opony HANKOOK WINTER ICEPT RS W442 165\/65 R13 77 T<\/p>\n<p>Opony HANKOOK WINTER ICEPT RS W442 to znacz\u0105cy model w portfolio producenta.&nbsp;<\/p>\n<p>Opony klasy \u015bredniej cechuj\u0105 si\u0119 najbardziej optymalnymi parametrami jezdnymi przy zachowaniu dobrej ceny.<\/p>\n<p>Stan:&nbsp;Nowy<\/p>\n<p>EAN:&nbsp;8808563297118<\/p>\n<p>Producent: HANKOOK<\/p>\n<p>Model: WINTER ICEPT RS W442<\/p>\n","protected":false},"featured_media":17699,"template":"","meta":{"_uag_custom_page_level_css":""},"product_brand":[411],"product_cat":[414,413,412,415],"product_tag":[],"class_list":{"0":"post-17698","1":"product","2":"type-product","3":"status-publish","4":"has-post-thumbnail","6":"product_brand-hankook","7":"product_cat-do-samochodow-osobowych-i-suv","8":"product_cat-opony","9":"product_cat-opony-i-felgi","10":"product_cat-zimowe","12":"first","13":"instock","14":"shipping-taxable","15":"purchasable","16":"product-type-simple"},"uagb_featured_image_src":{"full":["https:\/\/oponixo.shop\/tire\/wp-content\/uploads\/2026\/01\/allegro-image-17698.jpg",920,1120,false],"thumbnail":["https:\/\/oponixo.shop\/tire\/wp-content\/uploads\/2026\/01\/allegro-image-17698-150x150.jpg",150,150,true],"medium":["https:\/\/oponixo.shop\/tire\/wp-content\/uploads\/2026\/01\/allegro-image-17698-246x300.jpg",246,300,true],"medium_large":["https:\/\/oponixo.shop\/tire\/wp-content\/uploads\/2026\/01\/allegro-image-17698-768x935.jpg",768,935,true],"large":["https:\/\/oponixo.shop\/tire\/wp-content\/uploads\/2026\/01\/allegro-image-17698-841x1024.jpg",841,1024,true],"1536x1536":["https:\/\/oponixo.shop\/tire\/wp-content\/uploads\/2026\/01\/allegro-image-17698.jpg",920,1120,false],"2048x2048":["https:\/\/oponixo.shop\/tire\/wp-content\/uploads\/2026\/01\/allegro-image-17698.jpg",920,1120,false],"woocommerce_thumbnail":["https:\/\/oponixo.shop\/tire\/wp-content\/uploads\/2026\/01\/allegro-image-17698-300x300.jpg",300,300,true],"woocommerce_single":["https:\/\/oponixo.shop\/tire\/wp-content\/uploads\/2026\/01\/allegro-image-17698-600x730.jpg",600,730,true],"woocommerce_gallery_thumbnail":["https:\/\/oponixo.shop\/tire\/wp-content\/uploads\/2026\/01\/allegro-image-17698-100x100.jpg",100,100,true]},"uagb_author_info":{"display_name":"admin","author_link":"https:\/\/oponixo.shop\/tire\/author\/"},"uagb_comment_info":0,"uagb_excerpt":"2x HANKOOK WINTER ICEPT RS 165\/65R13 77 T Zimowe opony HANKOOK WINTER ICEPT RS W442 165\/65 R13 77 T Opony HANKOOK WINTER ICEPT RS W442 to znacz\u0105cy model w portfolio producenta.&nbsp; Opony klasy \u015bredniej cechuj\u0105 si\u0119 najbardziej optymalnymi parametrami jezdnymi przy zachowaniu dobrej ceny. Stan:&nbsp;Nowy EAN:&nbsp;8808563297118 Producent: HANKOOK Model: WINTER ICEPT RS W442","_links":{"self":[{"href":"https:\/\/oponixo.shop\/tire\/wp-json\/wp\/v2\/product\/17698","targetHints":{"allow":["GET"]}}],"collection":[{"href":"https:\/\/oponixo.shop\/tire\/wp-json\/wp\/v2\/product"}],"about":[{"href":"https:\/\/oponixo.shop\/tire\/wp-json\/wp\/v2\/types\/product"}],"wp:featuredmedia":[{"embeddable":true,"href":"https:\/\/oponixo.shop\/tire\/wp-json\/wp\/v2\/media\/17699"}],"wp:attachment":[{"href":"https:\/\/oponixo.shop\/tire\/wp-json\/wp\/v2\/media?parent=17698"}],"wp:term":[{"taxonomy":"product_brand","embeddable":true,"href":"https:\/\/oponixo.shop\/tire\/wp-json\/wp\/v2\/product_brand?post=17698"},{"taxonomy":"product_cat","embeddable":true,"href":"https:\/\/oponixo.shop\/tire\/wp-json\/wp\/v2\/product_cat?post=17698"},{"taxonomy":"product_tag","embeddable":true,"href":"https:\/\/oponixo.shop\/tire\/wp-json\/wp\/v2\/product_tag?post=17698"}],"curies":[{"name":"wp","href":"https:\/\/api.w.org\/{rel}","templated":true}]}}