{"id":17700,"date":"2026-01-23T21:47:35","date_gmt":"2026-01-23T20:47:35","guid":{"rendered":"https:\/\/oponypoint.shop\/xef5\/produkt\/2x-165-65r13-barum-brillantis-2-77t-nowe-lato-rok-2025\/"},"modified":"2026-01-23T21:47:36","modified_gmt":"2026-01-23T20:47:36","slug":"2x-165-65r13-barum-brillantis-2-77t-nowe-lato-rok-2025","status":"publish","type":"product","link":"https:\/\/oponixo.shop\/tire\/produkt\/2x-165-65r13-barum-brillantis-2-77t-nowe-lato-rok-2025\/","title":{"rendered":"2x 165\/65R13 Barum Brillantis 2 77T NOWE LATO ROK 2025"},"content":{"rendered":"<div style=\"font-family: Arial, sans-serif; line-height: 1.6; color: #333; padding: 20px; clear: both; display: block; width: 100%; float: none; position: static; overflow: hidden;\">\n<div style=\"clear: both; display: block; margin: 10px 0;\">\n<div style=\"clear: both; display: block; margin: 10px 0;\">\n<div style=\"clear: both; display: block; margin: 10px 0;\">\n<div  style=\"max-width:620px;max-height:199px\">\n<div style=\"clear: both; display: block; margin: 10px 0;\">\n<div style=\"clear: both; width: 100%; display: block; margin: 20px 0; padding: 0; float: none; position: static; text-align: center;\"><img decoding=\"async\"  src=\"https:\/\/a.allegroimg.com\/original\/11297e\/7ecf02d2475eba354da946012ef7\/2x-165-65R13-Barum-Brillantis-2-77T-NOWE-LATO-ROK-2025-Liczba-opon-w-ofercie-2-szt\" srcset=\"https:\/\/a.allegroimg.com\/original\/11297e\/7ecf02d2475eba354da946012ef7\/2x-165-65R13-Barum-Brillantis-2-77T-NOWE-LATO-ROK-2025-Liczba-opon-w-ofercie-2-szt 360w,https:\/\/a.allegroimg.com\/original\/11297e\/7ecf02d2475eba354da946012ef7\/2x-165-65R13-Barum-Brillantis-2-77T-NOWE-LATO-ROK-2025-Liczba-opon-w-ofercie-2-szt 620w,https:\/\/a.allegroimg.com\/original\/11297e\/7ecf02d2475eba354da946012ef7\/2x-165-65R13-Barum-Brillantis-2-77T-NOWE-LATO-ROK-2025-Liczba-opon-w-ofercie-2-szt 620w\" sizes=\"100vw\" width=\"620px\" alt=\"2x 165\/65R13 Barum Brillantis 2 77T NOWE LATO ROK 2025 Liczba opon w ofercie 2 szt.\" style=\"max-width: 100%; height: auto; display: block; margin: 0 auto;\"><\/div>\n<\/div>\n<\/div>\n<\/div>\n<\/div>\n<\/div>\n<div style=\"clear: both; display: block; margin: 10px 0;\">\n<div style=\"clear: both; display: block; margin: 10px 0;\">\n<div style=\"clear: both; display: block; margin: 10px 0;\">\n<div  style=\"max-width:700px;max-height:538px\">\n<div style=\"clear: both; display: block; margin: 10px 0;\">\n<div style=\"clear: both; width: 100%; display: block; margin: 20px 0; padding: 0; float: none; position: static; text-align: center;\"><img decoding=\"async\"  src=\"https:\/\/a.allegroimg.com\/original\/112790\/bee6b68f4b79bb0b00be169ce77b\/2x-165-65R13-Barum-Brillantis-2-77T-NOWE-LATO-ROK-2025\" srcset=\"https:\/\/a.allegroimg.com\/original\/112790\/bee6b68f4b79bb0b00be169ce77b\/2x-165-65R13-Barum-Brillantis-2-77T-NOWE-LATO-ROK-2025 359w,https:\/\/a.allegroimg.com\/original\/112790\/bee6b68f4b79bb0b00be169ce77b\/2x-165-65R13-Barum-Brillantis-2-77T-NOWE-LATO-ROK-2025 700w,https:\/\/a.allegroimg.com\/original\/112790\/bee6b68f4b79bb0b00be169ce77b\/2x-165-65R13-Barum-Brillantis-2-77T-NOWE-LATO-ROK-2025 700w\" sizes=\"(min-width: 1200px) 560px, (min-width: 992px) 50vw, 100vw\" width=\"700px\" alt=\"2x 165\/65R13 Barum Brillantis 2 77T NOWE LATO ROK 2025\" style=\"max-width: 100%; height: auto; display: block; margin: 0 auto;\"><\/div>\n<\/div>\n<\/div>\n<\/div>\n<\/div>\n<div style=\"clear: both; display: block; margin: 10px 0;\">\n<div style=\"clear: both; display: block; margin: 10px 0;\">\n<h3 style=\"color: #2c5aa0; font-size: 18px; margin: 30px 0 15px 0; font-weight: bold; clear: both; display: block; width: 100%; float: none; position: static;\">PARAMETRY OPON:<\/h3>\n<p style=\"margin: 15px 0; line-height: 1.8; clear: both; display: block; width: 100%; float: none; position: static;\">Producent: Barum<\/p>\n<p style=\"margin: 15px 0; line-height: 1.8; clear: both; display: block; width: 100%; float: none; position: static;\">Kod producenta: 15403860000<\/p>\n<p style=\"margin: 15px 0; line-height: 1.8; clear: both; display: block; width: 100%; float: none; position: static;\">EAN: 4024063465725<\/p>\n<p style=\"margin: 15px 0; line-height: 1.8; clear: both; display: block; width: 100%; float: none; position: static;\">Model: Brillantis 2<\/p>\n<p style=\"margin: 15px 0; line-height: 1.8; clear: both; display: block; width: 100%; float: none; position: static;\">Rozmiar: 165\/65R13<\/p>\n<p style=\"margin: 15px 0; line-height: 1.8; clear: both; display: block; width: 100%; float: none; position: static;\">Indeks no\u015bno\u015bci: 77<\/p>\n<p style=\"margin: 15px 0; line-height: 1.8; clear: both; display: block; width: 100%; float: none; position: static;\">Indeks pr\u0119dko\u015bci: T do 190 km\/h<\/p>\n<p style=\"margin: 15px 0; line-height: 1.8; clear: both; display: block; width: 100%; float: none; position: static;\">Op\u00f3r toczenia: E<\/p>\n<p style=\"margin: 15px 0; line-height: 1.8; clear: both; display: block; width: 100%; float: none; position: static;\">Przyczepno\u015b\u0107 na mokrej nawierzchni: C<\/p>\n<p style=\"margin: 15px 0; line-height: 1.8; clear: both; display: block; width: 100%; float: none; position: static;\">Ha\u0142as zewn\u0119trzny: 70dB<\/p>\n<p style=\"margin: 15px 0; line-height: 1.8; clear: both; display: block; width: 100%; float: none; position: static;\">Informacje dodatkowe: ROK OPON 2025<\/p>\n<\/div>\n<\/div>\n<\/div>\n<div style=\"clear: both; display: block; margin: 10px 0;\">\n<div style=\"clear: both; display: block; margin: 10px 0;\">\n<div style=\"clear: both; display: block; margin: 10px 0;\">\n<div  style=\"max-width:279px;max-height:193px\">\n<div style=\"clear: both; display: block; margin: 10px 0;\">\n<div style=\"clear: both; width: 100%; display: block; margin: 20px 0; padding: 0; float: none; position: static; text-align: center;\"><img decoding=\"async\"  src=\"https:\/\/a.allegroimg.com\/original\/113d56\/4391cd80480e9597ec782fc9f81e\/2x-165-65R13-Barum-Brillantis-2-77T-NOWE-LATO-ROK-2025-Marka-Barum\" srcset=\"https:\/\/a.allegroimg.com\/original\/113d56\/4391cd80480e9597ec782fc9f81e\/2x-165-65R13-Barum-Brillantis-2-77T-NOWE-LATO-ROK-2025-Marka-Barum 279w,https:\/\/a.allegroimg.com\/original\/113d56\/4391cd80480e9597ec782fc9f81e\/2x-165-65R13-Barum-Brillantis-2-77T-NOWE-LATO-ROK-2025-Marka-Barum 279w\" sizes=\"(min-width: 1200px) 560px, (min-width: 992px) 50vw, 100vw\" width=\"279px\" alt=\"2x 165\/65R13 Barum Brillantis 2 77T NOWE LATO ROK 2025 Marka Barum\" style=\"max-width: 100%; height: auto; display: block; margin: 0 auto;\"><\/div>\n<\/div>\n<\/div>\n<\/div>\n<\/div>\n<div style=\"clear: both; display: block; margin: 10px 0;\">\n<div style=\"clear: both; display: block; margin: 10px 0;\">\n<p style=\"margin: 15px 0; line-height: 1.8; clear: both; display: block; width: 100%; float: none; position: static;\">D\u0142uga \u017cywotno\u015b\u0107 opony Brillantis 2 minimalizuje koszty i wyd\u0142u\u017ca przebiegi.<\/p>\n<\/div>\n<\/div>\n<\/div>\n<div style=\"clear: both; display: block; margin: 10px 0;\">\n<div style=\"clear: both; display: block; margin: 10px 0;\">\n<div style=\"clear: both; display: block; margin: 10px 0;\">\n<p style=\"margin: 15px 0; line-height: 1.8; clear: both; display: block; width: 100%; float: none; position: static;\">Wi\u0119ksze bezpiecze\u0144stwo podczas gwa\u0142townych ruch\u00f3w kierownic\u0105.<\/p>\n<\/div>\n<\/div>\n<div style=\"clear: both; display: block; margin: 10px 0;\">\n<div style=\"clear: both; display: block; margin: 10px 0;\">\n<div  style=\"max-width:283px;max-height:184px\">\n<div style=\"clear: both; display: block; margin: 10px 0;\">\n<div style=\"clear: both; width: 100%; display: block; margin: 20px 0; padding: 0; float: none; position: static; text-align: center;\"><img decoding=\"async\"  src=\"https:\/\/a.allegroimg.com\/original\/115392\/6962d0c04ec7a3ac0119b4319352\/2x-165-65R13-Barum-Brillantis-2-77T-NOWE-LATO-ROK-2025-Szerokosc-opony-165-mm\" srcset=\"https:\/\/a.allegroimg.com\/original\/115392\/6962d0c04ec7a3ac0119b4319352\/2x-165-65R13-Barum-Brillantis-2-77T-NOWE-LATO-ROK-2025-Szerokosc-opony-165-mm 283w,https:\/\/a.allegroimg.com\/original\/115392\/6962d0c04ec7a3ac0119b4319352\/2x-165-65R13-Barum-Brillantis-2-77T-NOWE-LATO-ROK-2025-Szerokosc-opony-165-mm 283w\" sizes=\"(min-width: 1200px) 560px, (min-width: 992px) 50vw, 100vw\" width=\"283px\" alt=\"2x 165\/65R13 Barum Brillantis 2 77T NOWE LATO ROK 2025 Szeroko\u015b\u0107 opony 165 mm\" style=\"max-width: 100%; height: auto; display: block; margin: 0 auto;\"><\/div>\n<\/div>\n<\/div>\n<\/div>\n<\/div>\n<\/div>\n<div style=\"clear: both; display: block; margin: 10px 0;\">\n<div style=\"clear: both; display: block; margin: 10px 0;\">\n<div style=\"clear: both; display: block; margin: 10px 0;\">\n<div  style=\"max-width:287px;max-height:184px\">\n<div style=\"clear: both; display: block; margin: 10px 0;\">\n<div style=\"clear: both; width: 100%; display: block; margin: 20px 0; padding: 0; float: none; position: static; text-align: center;\"><img decoding=\"async\"  src=\"https:\/\/a.allegroimg.com\/original\/1171cf\/3265da5b4e00b519916d279f6ef7\/2x-165-65R13-Barum-Brillantis-2-77T-NOWE-LATO-ROK-2025-Profil-opony-65\" srcset=\"https:\/\/a.allegroimg.com\/original\/1171cf\/3265da5b4e00b519916d279f6ef7\/2x-165-65R13-Barum-Brillantis-2-77T-NOWE-LATO-ROK-2025-Profil-opony-65 287w,https:\/\/a.allegroimg.com\/original\/1171cf\/3265da5b4e00b519916d279f6ef7\/2x-165-65R13-Barum-Brillantis-2-77T-NOWE-LATO-ROK-2025-Profil-opony-65 287w\" sizes=\"(min-width: 1200px) 560px, (min-width: 992px) 50vw, 100vw\" width=\"287px\" alt=\"2x 165\/65R13 Barum Brillantis 2 77T NOWE LATO ROK 2025 Profil opony 65\" style=\"max-width: 100%; height: auto; display: block; margin: 0 auto;\"><\/div>\n<\/div>\n<\/div>\n<\/div>\n<\/div>\n<div style=\"clear: both; display: block; margin: 10px 0;\">\n<div style=\"clear: both; display: block; margin: 10px 0;\">\n<p style=\"margin: 15px 0; line-height: 1.8; clear: both; display: block; width: 100%; float: none; position: static;\">Wy\u017csza ochrona przed aquaplaningiem i kr\u00f3tsza droga hamowania na mokrej nawierzchni.<\/p>\n<\/div>\n<\/div>\n<\/div>\n<div style=\"clear: both; display: block; margin: 10px 0;\">\n<div style=\"clear: both; display: block; margin: 10px 0;\">\n<div style=\"clear: both; display: block; margin: 10px 0;\">\n<div  style=\"max-width:1800px;max-height:945px\">\n<div style=\"clear: both; display: block; margin: 10px 0;\">\n<div style=\"clear: both; width: 100%; display: block; margin: 20px 0; padding: 0; float: none; position: static; text-align: center;\"><img decoding=\"async\"  src=\"https:\/\/a.allegroimg.com\/original\/1117fa\/8529e89942d4a84bf92ecc329d1d\/2x-165-65R13-Barum-Brillantis-2-77T-NOWE-LATO-ROK-2025-Srednica-13\" srcset=\"https:\/\/a.allegroimg.com\/original\/1117fa\/8529e89942d4a84bf92ecc329d1d\/2x-165-65R13-Barum-Brillantis-2-77T-NOWE-LATO-ROK-2025-Srednica-13 360w,https:\/\/a.allegroimg.com\/original\/1117fa\/8529e89942d4a84bf92ecc329d1d\/2x-165-65R13-Barum-Brillantis-2-77T-NOWE-LATO-ROK-2025-Srednica-13 720w,https:\/\/a.allegroimg.com\/original\/1117fa\/8529e89942d4a84bf92ecc329d1d\/2x-165-65R13-Barum-Brillantis-2-77T-NOWE-LATO-ROK-2025-Srednica-13 1024w,https:\/\/a.allegroimg.com\/original\/1117fa\/8529e89942d4a84bf92ecc329d1d\/2x-165-65R13-Barum-Brillantis-2-77T-NOWE-LATO-ROK-2025-Srednica-13 1440w,https:\/\/a.allegroimg.com\/original\/1117fa\/8529e89942d4a84bf92ecc329d1d\/2x-165-65R13-Barum-Brillantis-2-77T-NOWE-LATO-ROK-2025-Srednica-13 1800w\" sizes=\"100vw\" width=\"1800px\" alt=\"2x 165\/65R13 Barum Brillantis 2 77T NOWE LATO ROK 2025 \u015arednica 13&quot;\" style=\"max-width: 100%; height: auto; display: block; margin: 0 auto;\"><\/div>\n<\/div>\n<\/div>\n<\/div>\n<\/div>\n<\/div>\n<\/div>\n<\/div>\n<\/div>\n<div style=\"clear: both; display: block; margin: 10px 0;\">\n","protected":false},"excerpt":{"rendered":"<p>PARAMETRY OPON:<\/p>\n<p>Producent: Barum<\/p>\n<p>Kod producenta: 15403860000<\/p>\n<p>EAN: 4024063465725<\/p>\n<p>Model: Brillantis 2<\/p>\n<p>Rozmiar: 165\/65R13<\/p>\n<p>Indeks no\u015bno\u015bci: 77<\/p>\n<p>Indeks pr\u0119dko\u015bci: T do 190 km\/h<\/p>\n","protected":false},"featured_media":17701,"template":"","meta":{"_uag_custom_page_level_css":""},"product_brand":[386],"product_cat":[414,418,413,412],"product_tag":[],"class_list":{"0":"post-17700","1":"product","2":"type-product","3":"status-publish","4":"has-post-thumbnail","6":"product_brand-barum","7":"product_cat-do-samochodow-osobowych-i-suv","8":"product_cat-letnie","9":"product_cat-opony","10":"product_cat-opony-i-felgi","12":"first","13":"instock","14":"shipping-taxable","15":"purchasable","16":"product-type-simple"},"uagb_featured_image_src":{"full":["https:\/\/oponixo.shop\/tire\/wp-content\/uploads\/2026\/01\/allegro-image-17700.jpg",700,538,false],"thumbnail":["https:\/\/oponixo.shop\/tire\/wp-content\/uploads\/2026\/01\/allegro-image-17700-150x150.jpg",150,150,true],"medium":["https:\/\/oponixo.shop\/tire\/wp-content\/uploads\/2026\/01\/allegro-image-17700-300x231.jpg",300,231,true],"medium_large":["https:\/\/oponixo.shop\/tire\/wp-content\/uploads\/2026\/01\/allegro-image-17700.jpg",700,538,false],"large":["https:\/\/oponixo.shop\/tire\/wp-content\/uploads\/2026\/01\/allegro-image-17700.jpg",700,538,false],"1536x1536":["https:\/\/oponixo.shop\/tire\/wp-content\/uploads\/2026\/01\/allegro-image-17700.jpg",700,538,false],"2048x2048":["https:\/\/oponixo.shop\/tire\/wp-content\/uploads\/2026\/01\/allegro-image-17700.jpg",700,538,false],"woocommerce_thumbnail":["https:\/\/oponixo.shop\/tire\/wp-content\/uploads\/2026\/01\/allegro-image-17700-300x300.jpg",300,300,true],"woocommerce_single":["https:\/\/oponixo.shop\/tire\/wp-content\/uploads\/2026\/01\/allegro-image-17700-600x461.jpg",600,461,true],"woocommerce_gallery_thumbnail":["https:\/\/oponixo.shop\/tire\/wp-content\/uploads\/2026\/01\/allegro-image-17700-100x100.jpg",100,100,true]},"uagb_author_info":{"display_name":"admin","author_link":"https:\/\/oponixo.shop\/tire\/author\/"},"uagb_comment_info":0,"uagb_excerpt":"PARAMETRY OPON: Producent: Barum Kod producenta: 15403860000 EAN: 4024063465725 Model: Brillantis 2 Rozmiar: 165\/65R13 Indeks no\u015bno\u015bci: 77 Indeks pr\u0119dko\u015bci: T do 190 km\/h","_links":{"self":[{"href":"https:\/\/oponixo.shop\/tire\/wp-json\/wp\/v2\/product\/17700","targetHints":{"allow":["GET"]}}],"collection":[{"href":"https:\/\/oponixo.shop\/tire\/wp-json\/wp\/v2\/product"}],"about":[{"href":"https:\/\/oponixo.shop\/tire\/wp-json\/wp\/v2\/types\/product"}],"wp:featuredmedia":[{"embeddable":true,"href":"https:\/\/oponixo.shop\/tire\/wp-json\/wp\/v2\/media\/17701"}],"wp:attachment":[{"href":"https:\/\/oponixo.shop\/tire\/wp-json\/wp\/v2\/media?parent=17700"}],"wp:term":[{"taxonomy":"product_brand","embeddable":true,"href":"https:\/\/oponixo.shop\/tire\/wp-json\/wp\/v2\/product_brand?post=17700"},{"taxonomy":"product_cat","embeddable":true,"href":"https:\/\/oponixo.shop\/tire\/wp-json\/wp\/v2\/product_cat?post=17700"},{"taxonomy":"product_tag","embeddable":true,"href":"https:\/\/oponixo.shop\/tire\/wp-json\/wp\/v2\/product_tag?post=17700"}],"curies":[{"name":"wp","href":"https:\/\/api.w.org\/{rel}","templated":true}]}}