{"id":8881,"date":"2025-12-24T01:49:45","date_gmt":"2025-12-24T01:49:45","guid":{"rendered":"https:\/\/oponyexpert.shop\/xef5\/produkt\/1x-matador-195-65r15-mp93-nordicca-91t\/"},"modified":"2025-12-24T01:49:45","modified_gmt":"2025-12-24T01:49:45","slug":"1x-matador-195-65r15-mp93-nordicca-91t","status":"publish","type":"product","link":"https:\/\/oponixo.shop\/tire\/produkt\/1x-matador-195-65r15-mp93-nordicca-91t\/","title":{"rendered":"1x Matador 195\/65R15 MP93 NORDICCA 91T"},"content":{"rendered":"<div style=\"font-family: Arial, sans-serif; line-height: 1.6; color: #333; padding: 20px; clear: both; display: block; width: 100%; float: none; position: static; overflow: hidden;\">\n<div style=\"clear: both; display: block; margin: 10px 0;\">\n<div style=\"clear: both; display: block; margin: 10px 0;\">\n<div style=\"clear: both; display: block; margin: 10px 0;\">\n<h2>Opona zimowa Matador MP93 NORDICCA 195\/65R15 91T XL<\/h2>\n<h2>Grupa koncernu Continental<\/h2>\n<h1>MP93 Nordicca<\/h1>\n<p style=\"margin: 15px 0; line-height: 1.8; clear: both; display: block; width: 100%; float: none; position: static;\">Nowa flagowa opona zimowa firmy Matador ma zupe\u0142nie nowy wz\u00f3r bie\u017cnika i zapewnia doskona\u0142e osi\u0105gi w zimowych warunkach. Nowa opona <b>MP 93 Nordicca<\/b> dowiezie Ci\u0119 tam, gdzie chcesz, po cichu, bezpiecznie i wydajnie,\u00a0 aby\u015b Ty m\u00f3g\u0142 wy\u0142\u0105cznie cieszy\u0107 si\u0119 podr\u00f3\u017c\u0105.<\/p>\n<p style=\"margin: 15px 0; line-height: 1.8; clear: both; display: block; width: 100%; float: none; position: static;\">\u00a0<\/p>\n<\/div>\n<\/div>\n<\/div>\n<div style=\"clear: both; display: block; margin: 10px 0;\">\n<div style=\"clear: both; display: block; margin: 10px 0;\">\n<div style=\"clear: both; display: block; margin: 10px 0;\">\n<div  style=\"max-width:296px;max-height:395px\">\n<div style=\"clear: both; display: block; margin: 10px 0;\">\n<div style=\"clear: both; width: 100%; display: block; margin: 20px 0; padding: 0; float: none; position: static; text-align: center;\"><img decoding=\"async\"  src=\"https:\/\/a.allegroimg.com\/original\/11ef90\/e7c900444b80a45f1e56f52b695a\/1x-Matador-195-65R15-MP93-NORDICCA-91T\" srcset=\"https:\/\/a.allegroimg.com\/original\/11ef90\/e7c900444b80a45f1e56f52b695a\/1x-Matador-195-65R15-MP93-NORDICCA-91T 269w,https:\/\/a.allegroimg.com\/original\/11ef90\/e7c900444b80a45f1e56f52b695a\/1x-Matador-195-65R15-MP93-NORDICCA-91T 296w,https:\/\/a.allegroimg.com\/original\/11ef90\/e7c900444b80a45f1e56f52b695a\/1x-Matador-195-65R15-MP93-NORDICCA-91T 296w\" sizes=\"(min-width: 1200px) 560px, (min-width: 992px) 50vw, 100vw\" width=\"296px\" alt=\"1x Matador 195\/65R15 MP93 NORDICCA 91T\"\/ style=\"max-width: 100%; height: auto; display: block; margin: 0 auto;\"><\/div>\n<\/div>\n<\/div>\n<\/div>\n<\/div>\n<div style=\"clear: both; display: block; margin: 10px 0;\">\n<div style=\"clear: both; display: block; margin: 10px 0;\">\n<ul style=\"margin: 15px 0; padding-left: 20px; clear: both; display: block; width: 100%; float: none; position: static;\">\n<li style=\"margin: 5px 0; padding: 2px 0; clear: both; display: list-item; float: none; position: static;\"><b>Marka:<\/b> Matador<\/li>\n<li style=\"margin: 5px 0; padding: 2px 0; clear: both; display: list-item; float: none; position: static;\"><b>Grupa koncernu:<\/b> Continental<\/li>\n<li style=\"margin: 5px 0; padding: 2px 0; clear: both; display: list-item; float: none; position: static;\"><b>Liczba opon w ofercie:<\/b> 1 szt.<\/li>\n<li style=\"margin: 5px 0; padding: 2px 0; clear: both; display: list-item; float: none; position: static;\"><b>Run flat:<\/b> Nie<\/li>\n<li style=\"margin: 5px 0; padding: 2px 0; clear: both; display: list-item; float: none; position: static;\"><b>Sezon:<\/b> Zimowe<\/li>\n<li style=\"margin: 5px 0; padding: 2px 0; clear: both; display: list-item; float: none; position: static;\"><b>Model:<\/b> MP93 Nordicca<\/li>\n<li style=\"margin: 5px 0; padding: 2px 0; clear: both; display: list-item; float: none; position: static;\"><b>Szeroko\u015b\u0107 opony:<\/b> 195 mm<\/li>\n<li style=\"margin: 5px 0; padding: 2px 0; clear: both; display: list-item; float: none; position: static;\"><b>Profil opony:<\/b> 65<\/li>\n<li style=\"margin: 5px 0; padding: 2px 0; clear: both; display: list-item; float: none; position: static;\"><b>\u015arednica:<\/b> 15&#8243;<\/li>\n<li style=\"margin: 5px 0; padding: 2px 0; clear: both; display: list-item; float: none; position: static;\"><b>Indeks no\u015bno\u015bci:<\/b> 91 &#8211; 615 kg<\/li>\n<li style=\"margin: 5px 0; padding: 2px 0; clear: both; display: list-item; float: none; position: static;\"><b>Indeks pr\u0119dko\u015bci:<\/b> T do 190 km\/h<\/li>\n<li style=\"margin: 5px 0; padding: 2px 0; clear: both; display: list-item; float: none; position: static;\"><b>Przyczepno\u015b\u0107 na mokrej nawierzchni:<\/b> Klasa C<\/li>\n<li style=\"margin: 5px 0; padding: 2px 0; clear: both; display: list-item; float: none; position: static;\"><b>Op\u00f3r toczenia:<\/b> Klasa C<\/li>\n<li style=\"margin: 5px 0; padding: 2px 0; clear: both; display: list-item; float: none; position: static;\"><b>Ha\u0142as zewn\u0119trzny:<\/b> 72 dB<\/li>\n<li style=\"margin: 5px 0; padding: 2px 0; clear: both; display: list-item; float: none; position: static;\"><b>Informacje dodatkowe:<\/b> wzmocnienie (XL)<\/li>\n<li style=\"margin: 5px 0; padding: 2px 0; clear: both; display: list-item; float: none; position: static;\"><b>Rok produkcji (DOT):<\/b> <b>Kupuj\u0105c z tej oferty otrzymasz opony fabrycznie nowe, a ich rok produkcji jest nie starszy ni\u017c ubieg\u0142y rok kalendarzowy &#8211; 2025\/2024<\/b><\/li>\n<\/ul>\n<\/div>\n<\/div>\n<\/div>\n<div style=\"clear: both; display: block; margin: 10px 0;\">\n<div style=\"clear: both; display: block; margin: 10px 0;\">\n<div style=\"clear: both; display: block; margin: 10px 0;\">\n<ul style=\"margin: 15px 0; padding-left: 20px; clear: both; display: block; width: 100%; float: none; position: static;\">\n<li style=\"margin: 5px 0; padding: 2px 0; clear: both; display: list-item; float: none; position: static;\"><b>Przyczepno\u015b\u0107 i kontrola nad pojazdem<\/b> w zimowych warunkach drogowych<\/li>\n<li style=\"margin: 5px 0; padding: 2px 0; clear: both; display: list-item; float: none; position: static;\">\n<b>Niezawodna ochrona<\/b> na mokrych i pokrytych b\u0142otem po\u015bniegowym drogach\n<\/li>\n<li style=\"margin: 5px 0; padding: 2px 0; clear: both; display: list-item; float: none; position: static;\">\n<b>R\u00f3wnomierne zu\u017cycie bie\u017cnika i niskie opory toczenia<\/b>\n<\/li>\n<\/ul>\n<p style=\"margin: 15px 0; line-height: 1.8; clear: both; display: block; width: 100%; float: none; position: static;\">\u00a0<\/p>\n<\/div>\n<\/div>\n<div style=\"clear: both; display: block; margin: 10px 0;\">\n<div style=\"clear: both; display: block; margin: 10px 0;\">\n<div  style=\"max-width:153px;max-height:395px\">\n<div style=\"clear: both; display: block; margin: 10px 0;\">\n<div style=\"clear: both; width: 100%; display: block; margin: 20px 0; padding: 0; float: none; position: static; text-align: center;\"><img decoding=\"async\"  src=\"https:\/\/a.allegroimg.com\/original\/11ffa2\/b26cec5d45538595c12d0c6276d8\/1x-Matador-195-65R15-MP93-NORDICCA-91T-Liczba-opon-w-ofercie-1-szt\" srcset=\"https:\/\/a.allegroimg.com\/original\/11ffa2\/b26cec5d45538595c12d0c6276d8\/1x-Matador-195-65R15-MP93-NORDICCA-91T-Liczba-opon-w-ofercie-1-szt 139w,https:\/\/a.allegroimg.com\/original\/11ffa2\/b26cec5d45538595c12d0c6276d8\/1x-Matador-195-65R15-MP93-NORDICCA-91T-Liczba-opon-w-ofercie-1-szt 153w,https:\/\/a.allegroimg.com\/original\/11ffa2\/b26cec5d45538595c12d0c6276d8\/1x-Matador-195-65R15-MP93-NORDICCA-91T-Liczba-opon-w-ofercie-1-szt 153w\" sizes=\"(min-width: 1200px) 560px, (min-width: 992px) 50vw, 100vw\" width=\"153px\" alt=\"1x Matador 195\/65R15 MP93 NORDICCA 91T Liczba opon w ofercie 1 szt.\"\/ style=\"max-width: 100%; height: auto; display: block; margin: 0 auto;\"><\/div>\n<\/div>\n<\/div>\n<\/div>\n<\/div>\n<\/div>\n<div style=\"clear: both; display: block; margin: 10px 0;\">\n<div style=\"clear: both; display: block; margin: 10px 0;\">\n<div style=\"clear: both; display: block; margin: 10px 0;\">\n<div  style=\"max-width:249px;max-height:170px\">\n<div style=\"clear: both; display: block; margin: 10px 0;\">\n<div style=\"clear: both; width: 100%; display: block; margin: 20px 0; padding: 0; float: none; position: static; text-align: center;\"><img decoding=\"async\"  src=\"https:\/\/a.allegroimg.com\/original\/119f1a\/7abfbb334918a22104ebb017a61b\/1x-Matador-195-65R15-MP93-NORDICCA-91T-Marka-Matador\" srcset=\"https:\/\/a.allegroimg.com\/original\/119f1a\/7abfbb334918a22104ebb017a61b\/1x-Matador-195-65R15-MP93-NORDICCA-91T-Marka-Matador 249w,https:\/\/a.allegroimg.com\/original\/119f1a\/7abfbb334918a22104ebb017a61b\/1x-Matador-195-65R15-MP93-NORDICCA-91T-Marka-Matador 249w\" sizes=\"(min-width: 1200px) 560px, (min-width: 992px) 50vw, 100vw\" width=\"249px\" alt=\"1x Matador 195\/65R15 MP93 NORDICCA 91T Marka Matador\"\/ style=\"max-width: 100%; height: auto; display: block; margin: 0 auto;\"><\/div>\n<\/div>\n<\/div>\n<\/div>\n<\/div>\n<div style=\"clear: both; display: block; margin: 10px 0;\">\n<div style=\"clear: both; display: block; margin: 10px 0;\">\n<h3 style=\"color: #2c5aa0; font-size: 18px; margin: 30px 0 15px 0; font-weight: bold; clear: both; display: block; width: 100%; float: none; position: static;\">Imponuj\u0105caprzyczepno\u015b\u0107 i kontrola w zimowych warunkach.<\/h3>\n<ul style=\"margin: 15px 0; padding-left: 20px; clear: both; display: block; width: 100%; float: none; position: static;\">\n<li style=\"margin: 5px 0; padding: 2px 0; clear: both; display: list-item; float: none; position: static;\">Nowy wz\u00f3r bie\u017cnika zosta\u0142 wyposa\u017cony w wi\u0119ksz\u0105 liczb\u0119 kraw\u0119dzi w celu zwi\u0119kszenia trakcji Twojego samochodu na za\u015bnie\u017conych drogach. Bloki opony oraz lamele zosta\u0142y zaprojektowane tak, aby<b> poprawi\u0107 skuteczno\u015b\u0107 hamowania i wp\u0142yn\u0105\u0107 na niezawodne pokonywanie zakr\u0119t\u00f3w. Wszystko to sk\u0142ada si\u0119 na bezpieczniejsz\u0105 i bardziej komfortow\u0105 jazd\u0119.<\/b><\/li>\n<\/ul>\n<p style=\"margin: 15px 0; line-height: 1.8; clear: both; display: block; width: 100%; float: none; position: static;\">\u00a0<\/p>\n<\/div>\n<\/div>\n<\/div>\n<div style=\"clear: both; display: block; margin: 10px 0;\">\n<div style=\"clear: both; display: block; margin: 10px 0;\">\n<div style=\"clear: both; display: block; margin: 10px 0;\">\n<h3 style=\"color: #2c5aa0; font-size: 18px; margin: 30px 0 15px 0; font-weight: bold; clear: both; display: block; width: 100%; float: none; position: static;\">Niezawodna ochrona na drogach mokrych i pokrytych b\u0142otem po\u015bniegowym.<\/h3>\n<ul style=\"margin: 15px 0; padding-left: 20px; clear: both; display: block; width: 100%; float: none; position: static;\">\n<li style=\"margin: 5px 0; padding: 2px 0; clear: both; display: list-item; float: none; position: static;\">Struktura bie\u017cnika w kszta\u0142cie litery V z otwartymi rowkami tworzy kanaliki wodne i poprawia skuteczno\u015b\u0107&amp;nbsp; w zapobieganiu aquaplaningowi i slushplaningowi. <b>Pomaga to utrzyma\u0107 sta\u0142y kontakt z nawierzchni\u0105 na mokrych i pokrytych b\u0142otem po\u015bniegowym nawierzchniach.<\/b><\/li>\n<\/ul>\n<p style=\"margin: 15px 0; line-height: 1.8; clear: both; display: block; width: 100%; float: none; position: static;\">\u00a0<\/p>\n<\/div>\n<\/div>\n<div style=\"clear: both; display: block; margin: 10px 0;\">\n<div style=\"clear: both; display: block; margin: 10px 0;\">\n<div  style=\"max-width:249px;max-height:170px\">\n<div style=\"clear: both; display: block; margin: 10px 0;\">\n<div style=\"clear: both; width: 100%; display: block; margin: 20px 0; padding: 0; float: none; position: static; text-align: center;\"><img decoding=\"async\"  src=\"https:\/\/a.allegroimg.com\/original\/110fd3\/438347bf4d62a7d4be37106daa07\/1x-Matador-195-65R15-MP93-NORDICCA-91T-Szerokosc-opony-195-mm\" srcset=\"https:\/\/a.allegroimg.com\/original\/110fd3\/438347bf4d62a7d4be37106daa07\/1x-Matador-195-65R15-MP93-NORDICCA-91T-Szerokosc-opony-195-mm 249w,https:\/\/a.allegroimg.com\/original\/110fd3\/438347bf4d62a7d4be37106daa07\/1x-Matador-195-65R15-MP93-NORDICCA-91T-Szerokosc-opony-195-mm 249w\" sizes=\"(min-width: 1200px) 560px, (min-width: 992px) 50vw, 100vw\" width=\"249px\" alt=\"1x Matador 195\/65R15 MP93 NORDICCA 91T Szeroko\u015b\u0107 opony 195 mm\"\/ style=\"max-width: 100%; height: auto; display: block; margin: 0 auto;\"><\/div>\n<\/div>\n<\/div>\n<\/div>\n<\/div>\n<\/div>\n<div style=\"clear: both; display: block; margin: 10px 0;\">\n<div style=\"clear: both; display: block; margin: 10px 0;\">\n<div style=\"clear: both; display: block; margin: 10px 0;\">\n<div  style=\"max-width:250px;max-height:137px\">\n<div style=\"clear: both; display: block; margin: 10px 0;\">\n<div style=\"clear: both; width: 100%; display: block; margin: 20px 0; padding: 0; float: none; position: static; text-align: center;\"><img decoding=\"async\"  src=\"https:\/\/a.allegroimg.com\/original\/11496b\/4ecc968f481d83cbbaf21844dfab\/1x-Matador-195-65R15-MP93-NORDICCA-91T-Profil-opony-65\" srcset=\"https:\/\/a.allegroimg.com\/original\/11496b\/4ecc968f481d83cbbaf21844dfab\/1x-Matador-195-65R15-MP93-NORDICCA-91T-Profil-opony-65 250w,https:\/\/a.allegroimg.com\/original\/11496b\/4ecc968f481d83cbbaf21844dfab\/1x-Matador-195-65R15-MP93-NORDICCA-91T-Profil-opony-65 250w\" sizes=\"(min-width: 1200px) 560px, (min-width: 992px) 50vw, 100vw\" width=\"250px\" alt=\"1x Matador 195\/65R15 MP93 NORDICCA 91T Profil opony 65\"\/ style=\"max-width: 100%; height: auto; display: block; margin: 0 auto;\"><\/div>\n<\/div>\n<\/div>\n<\/div>\n<\/div>\n<div style=\"clear: both; display: block; margin: 10px 0;\">\n<div style=\"clear: both; display: block; margin: 10px 0;\">\n<h3 style=\"color: #2c5aa0; font-size: 18px; margin: 30px 0 15px 0; font-weight: bold; clear: both; display: block; width: 100%; float: none; position: static;\">R\u00f3wnomierne zu\u017cycie bie\u017cnika i niskie opory toczenia.<\/h3>\n<ul style=\"margin: 15px 0; padding-left: 20px; clear: both; display: block; width: 100%; float: none; position: static;\">\n<li style=\"margin: 5px 0; padding: 2px 0; clear: both; display: list-item; float: none; position: static;\">R\u00f3wnomierne roz\u0142o\u017cenie powierzchni styku powoduje r\u00f3wnomierne zu\u017cycie opony. Dla Ciebie oznacza to bardziej komfortow\u0105 i cichsz\u0105 jazd\u0119. Je\u015bli dodamy do tego fakt, \u017ce r\u00f3wnomierne zu\u017cycie bie\u017cnika wp\u0142ywa na wi\u0119ksze przebiegi i mniejsze opory toczenia, to staje si\u0119 jasne, \u017ce <b>jazda jest bardziej efektywna.<\/b><\/li>\n<\/ul>\n<p style=\"margin: 15px 0; line-height: 1.8; clear: both; display: block; width: 100%; float: none; position: static;\">\u00a0<\/p>\n<\/div>\n<\/div>\n<\/div>\n<\/div>\n<\/div>\n<\/div>\n<div style=\"clear: both; display: block; margin: 10px 0;\">\n","protected":false},"excerpt":{"rendered":"<p>Opona zimowa Matador MP93 NORDICCA 195\/65R15 91T XL<\/p>\n<p>Grupa koncernu Continental<\/p>\n<p>MP93 Nordicca<\/p>\n<p>Nowa flagowa opona zimowa firmy Matador ma zupe\u0142nie nowy wz\u00f3r bie\u017cnika i zapewnia doskona\u0142e osi\u0105gi w zimowych warunkach. Nowa opona MP 93 Nordicca dowiezie Ci\u0119 tam, gdzie chcesz, po cichu, bezpiecznie i wydajnie,\u00a0 aby\u015b Ty m\u00f3g\u0142 wy\u0142\u0105cznie cieszy\u0107 si\u0119 podr\u00f3\u017c\u0105.<\/p>\n<p>\u00a0<\/p>\n<p>Marka: Matador<\/p>\n<p>Grupa koncernu: Continental<\/p>\n<p>Liczba opon w ofercie: 1 szt.<\/p>\n","protected":false},"featured_media":8882,"template":"","meta":{"_uag_custom_page_level_css":""},"product_brand":[373],"product_cat":[414,413,412,415],"product_tag":[],"class_list":{"0":"post-8881","1":"product","2":"type-product","3":"status-publish","4":"has-post-thumbnail","6":"product_brand-matador","7":"product_cat-do-samochodow-osobowych-i-suv","8":"product_cat-opony","9":"product_cat-opony-i-felgi","10":"product_cat-zimowe","12":"first","13":"instock","14":"sale","15":"shipping-taxable","16":"purchasable","17":"product-type-simple"},"uagb_featured_image_src":{"full":["https:\/\/oponixo.shop\/tire\/wp-content\/uploads\/2025\/12\/allegro-image-8881.jpg",296,395,false],"thumbnail":["https:\/\/oponixo.shop\/tire\/wp-content\/uploads\/2025\/12\/allegro-image-8881-150x150.jpg",150,150,true],"medium":["https:\/\/oponixo.shop\/tire\/wp-content\/uploads\/2025\/12\/allegro-image-8881-225x300.jpg",225,300,true],"medium_large":["https:\/\/oponixo.shop\/tire\/wp-content\/uploads\/2025\/12\/allegro-image-8881.jpg",296,395,false],"large":["https:\/\/oponixo.shop\/tire\/wp-content\/uploads\/2025\/12\/allegro-image-8881.jpg",296,395,false],"1536x1536":["https:\/\/oponixo.shop\/tire\/wp-content\/uploads\/2025\/12\/allegro-image-8881.jpg",296,395,false],"2048x2048":["https:\/\/oponixo.shop\/tire\/wp-content\/uploads\/2025\/12\/allegro-image-8881.jpg",296,395,false],"woocommerce_thumbnail":["https:\/\/oponixo.shop\/tire\/wp-content\/uploads\/2025\/12\/allegro-image-8881-296x300.jpg",296,300,true],"woocommerce_single":["https:\/\/oponixo.shop\/tire\/wp-content\/uploads\/2025\/12\/allegro-image-8881.jpg",296,395,false],"woocommerce_gallery_thumbnail":["https:\/\/oponixo.shop\/tire\/wp-content\/uploads\/2025\/12\/allegro-image-8881-100x100.jpg",100,100,true]},"uagb_author_info":{"display_name":"admin","author_link":"https:\/\/oponixo.shop\/tire\/author\/"},"uagb_comment_info":0,"uagb_excerpt":"Opona zimowa Matador MP93 NORDICCA 195\/65R15 91T XL Grupa koncernu Continental MP93 Nordicca Nowa flagowa opona zimowa firmy Matador ma zupe\u0142nie nowy wz\u00f3r bie\u017cnika i zapewnia doskona\u0142e osi\u0105gi w zimowych warunkach. Nowa opona MP 93 Nordicca dowiezie Ci\u0119 tam, gdzie chcesz, po cichu, bezpiecznie i wydajnie,\u00a0 aby\u015b Ty m\u00f3g\u0142 wy\u0142\u0105cznie cieszy\u0107 si\u0119 podr\u00f3\u017c\u0105. \u00a0 Marka:&hellip;","_links":{"self":[{"href":"https:\/\/oponixo.shop\/tire\/wp-json\/wp\/v2\/product\/8881","targetHints":{"allow":["GET"]}}],"collection":[{"href":"https:\/\/oponixo.shop\/tire\/wp-json\/wp\/v2\/product"}],"about":[{"href":"https:\/\/oponixo.shop\/tire\/wp-json\/wp\/v2\/types\/product"}],"wp:featuredmedia":[{"embeddable":true,"href":"https:\/\/oponixo.shop\/tire\/wp-json\/wp\/v2\/media\/8882"}],"wp:attachment":[{"href":"https:\/\/oponixo.shop\/tire\/wp-json\/wp\/v2\/media?parent=8881"}],"wp:term":[{"taxonomy":"product_brand","embeddable":true,"href":"https:\/\/oponixo.shop\/tire\/wp-json\/wp\/v2\/product_brand?post=8881"},{"taxonomy":"product_cat","embeddable":true,"href":"https:\/\/oponixo.shop\/tire\/wp-json\/wp\/v2\/product_cat?post=8881"},{"taxonomy":"product_tag","embeddable":true,"href":"https:\/\/oponixo.shop\/tire\/wp-json\/wp\/v2\/product_tag?post=8881"}],"curies":[{"name":"wp","href":"https:\/\/api.w.org\/{rel}","templated":true}]}}