{"id":8899,"date":"2025-12-24T01:49:50","date_gmt":"2025-12-24T01:49:50","guid":{"rendered":"https:\/\/oponyexpert.shop\/xef5\/produkt\/4-x-opona-lanvigator-wintergrip-hp-205-55r16-zimowe\/"},"modified":"2025-12-24T01:49:51","modified_gmt":"2025-12-24T01:49:51","slug":"4-x-opona-lanvigator-wintergrip-hp-205-55r16-zimowe","status":"publish","type":"product","link":"https:\/\/oponixo.shop\/tire\/produkt\/4-x-opona-lanvigator-wintergrip-hp-205-55r16-zimowe\/","title":{"rendered":"4 x OPONA LANVIGATOR WINTERGRIP HP 205\/55R16 Zimowe"},"content":{"rendered":"<div style=\"font-family: Arial, sans-serif; line-height: 1.6; color: #333; padding: 20px; clear: both; display: block; width: 100%; float: none; position: static; overflow: hidden;\">\n<div style=\"clear: both; display: block; margin: 10px 0;\">\n<div style=\"clear: both; display: block; margin: 10px 0;\">\n<div style=\"clear: both; display: block; margin: 10px 0;\">\n<div  style=\"max-width:719px;max-height:719px\">\n<div style=\"clear: both; display: block; margin: 10px 0;\">\n<div style=\"clear: both; width: 100%; display: block; margin: 20px 0; padding: 0; float: none; position: static; text-align: center;\"><img decoding=\"async\"  src=\"https:\/\/a.allegroimg.com\/original\/1159bb\/b0a727dc405d9f3f89b10bfcbcf6\/4-x-OPONA-LANVIGATOR-WINTERGRIP-HP-205-55R16-Zimowe\" srcset=\"https:\/\/a.allegroimg.com\/original\/1159bb\/b0a727dc405d9f3f89b10bfcbcf6\/4-x-OPONA-LANVIGATOR-WINTERGRIP-HP-205-55R16-Zimowe 360w,https:\/\/a.allegroimg.com\/original\/1159bb\/b0a727dc405d9f3f89b10bfcbcf6\/4-x-OPONA-LANVIGATOR-WINTERGRIP-HP-205-55R16-Zimowe 719w,https:\/\/a.allegroimg.com\/original\/1159bb\/b0a727dc405d9f3f89b10bfcbcf6\/4-x-OPONA-LANVIGATOR-WINTERGRIP-HP-205-55R16-Zimowe 719w\" sizes=\"100vw\" width=\"719px\" alt=\"4 x OPONA LANVIGATOR WINTERGRIP HP 205\/55R16 Zimowe\"\/ style=\"max-width: 100%; height: auto; display: block; margin: 0 auto;\"><\/div>\n<\/div>\n<\/div>\n<\/div>\n<\/div>\n<\/div>\n<div style=\"clear: both; display: block; margin: 10px 0;\">\n<div style=\"clear: both; display: block; margin: 10px 0;\">\n<div style=\"clear: both; display: block; margin: 10px 0;\">\n<p style=\"margin: 15px 0; line-height: 1.8; clear: both; display: block; width: 100%; float: none; position: static;\">OPONA LANVIGATOR WINTERGRIP HP 205\/55R16 Zimowe komplet 4 sztuki<\/p>\n<p style=\"margin: 15px 0; line-height: 1.8; clear: both; display: block; width: 100%; float: none; position: static;\">KATEGORIA: Opony\/Osobowe<\/p>\n<p style=\"margin: 15px 0; line-height: 1.8; clear: both; display: block; width: 100%; float: none; position: static;\">Typ: TL &#8211; bezd\u0119tkowa<\/p>\n<p style=\"margin: 15px 0; line-height: 1.8; clear: both; display: block; width: 100%; float: none; position: static;\">Indeks pr\u0119dko\u015bci: H &#8211; 210 km\/h<\/p>\n<p style=\"margin: 15px 0; line-height: 1.8; clear: both; display: block; width: 100%; float: none; position: static;\">Indeks no\u015bno\u015bci: 91 &#8211; 615 kg<\/p>\n<p style=\"margin: 15px 0; line-height: 1.8; clear: both; display: block; width: 100%; float: none; position: static;\">Opory toczenia: Klasa D<\/p>\n<p style=\"margin: 15px 0; line-height: 1.8; clear: both; display: block; width: 100%; float: none; position: static;\">Przyczepno\u015b\u0107 na mokrej nawierzchni: Klasa C<\/p>\n<p style=\"margin: 15px 0; line-height: 1.8; clear: both; display: block; width: 100%; float: none; position: static;\">Ha\u0142as zewn\u0119trzny: 72 dB<\/p>\n<p style=\"margin: 15px 0; line-height: 1.8; clear: both; display: block; width: 100%; float: none; position: static;\">Rok produkcji: 2024<\/p>\n<ul style=\"margin: 15px 0; padding-left: 20px; clear: both; display: block; width: 100%; float: none; position: static;\">\n<li style=\"margin: 5px 0; padding: 2px 0; clear: both; display: list-item; float: none; position: static;\"><b>Numer referencyjny:<\/b> 6924064126732<\/li>\n<li style=\"margin: 5px 0; padding: 2px 0; clear: both; display: list-item; float: none; position: static;\"><b>szeroko\u015b\u0107 opakowania:<\/b> 0.205<\/li>\n<li style=\"margin: 5px 0; padding: 2px 0; clear: both; display: list-item; float: none; position: static;\"><b>wysoko\u015b\u0107 opakowania:<\/b> 0.632<\/li>\n<li style=\"margin: 5px 0; padding: 2px 0; clear: both; display: list-item; float: none; position: static;\"><b>g\u0142\u0119boko\u015b\u0107 opakowania:<\/b> 0.632<\/li>\n<li style=\"margin: 5px 0; padding: 2px 0; clear: both; display: list-item; float: none; position: static;\"><b>waga opakowania:<\/b> 8.7<\/li>\n<li style=\"margin: 5px 0; padding: 2px 0; clear: both; display: list-item; float: none; position: static;\"><b># referencyjny:<\/b> 6924064126732<\/li>\n<\/ul>\n<p style=\"margin: 15px 0; line-height: 1.8; clear: both; display: block; width: 100%; float: none; position: static;\">KOD EAN: 6924064126732<\/p>\n<p style=\"margin: 15px 0; line-height: 1.8; clear: both; display: block; width: 100%; float: none; position: static;\">INDEX: K2055516LN\/Z48<\/p>\n<\/div>\n<\/div>\n<\/div>\n<div style=\"clear: both; display: block; margin: 10px 0;\">\n<div style=\"clear: both; display: block; margin: 10px 0;\">\n<div style=\"clear: both; display: block; margin: 10px 0;\">\n<div  style=\"max-width:1970px;max-height:1970px\">\n<div style=\"clear: both; display: block; margin: 10px 0;\">\n<div style=\"clear: both; width: 100%; display: block; margin: 20px 0; padding: 0; float: none; position: static; text-align: center;\"><img decoding=\"async\"  src=\"https:\/\/a.allegroimg.com\/original\/118392\/a09ddd37450f8f711dddef6c2c3e\/4-x-OPONA-LANVIGATOR-WINTERGRIP-HP-205-55R16-Zimowe-EAN-GTIN-6924064126732\" srcset=\"https:\/\/a.allegroimg.com\/original\/118392\/a09ddd37450f8f711dddef6c2c3e\/4-x-OPONA-LANVIGATOR-WINTERGRIP-HP-205-55R16-Zimowe-EAN-GTIN-6924064126732 360w,https:\/\/a.allegroimg.com\/original\/118392\/a09ddd37450f8f711dddef6c2c3e\/4-x-OPONA-LANVIGATOR-WINTERGRIP-HP-205-55R16-Zimowe-EAN-GTIN-6924064126732 720w,https:\/\/a.allegroimg.com\/original\/118392\/a09ddd37450f8f711dddef6c2c3e\/4-x-OPONA-LANVIGATOR-WINTERGRIP-HP-205-55R16-Zimowe-EAN-GTIN-6924064126732 1024w,https:\/\/a.allegroimg.com\/original\/118392\/a09ddd37450f8f711dddef6c2c3e\/4-x-OPONA-LANVIGATOR-WINTERGRIP-HP-205-55R16-Zimowe-EAN-GTIN-6924064126732 1440w,https:\/\/a.allegroimg.com\/original\/118392\/a09ddd37450f8f711dddef6c2c3e\/4-x-OPONA-LANVIGATOR-WINTERGRIP-HP-205-55R16-Zimowe-EAN-GTIN-6924064126732 1970w\" sizes=\"(min-width: 1200px) 560px, (min-width: 992px) 50vw, 100vw\" width=\"1970px\" alt=\"4 x OPONA LANVIGATOR WINTERGRIP HP 205\/55R16 Zimowe EAN (GTIN) 6924064126732\"\/ style=\"max-width: 100%; height: auto; display: block; margin: 0 auto;\"><\/div>\n<\/div>\n<\/div>\n<\/div>\n<\/div>\n<div style=\"clear: both; display: block; margin: 10px 0;\">\n<div style=\"clear: both; display: block; margin: 10px 0;\">\n<div  style=\"max-width:2016px;max-height:2016px\">\n<div style=\"clear: both; display: block; margin: 10px 0;\">\n<div style=\"clear: both; width: 100%; display: block; margin: 20px 0; padding: 0; float: none; position: static; text-align: center;\"><img decoding=\"async\"  src=\"https:\/\/a.allegroimg.com\/original\/1121ee\/361e755a4bd5973a24f2de03c2cc\/4-x-OPONA-LANVIGATOR-WINTERGRIP-HP-205-55R16-Zimowe-Kod-producenta-2HH2160H1\" srcset=\"https:\/\/a.allegroimg.com\/original\/1121ee\/361e755a4bd5973a24f2de03c2cc\/4-x-OPONA-LANVIGATOR-WINTERGRIP-HP-205-55R16-Zimowe-Kod-producenta-2HH2160H1 360w,https:\/\/a.allegroimg.com\/original\/1121ee\/361e755a4bd5973a24f2de03c2cc\/4-x-OPONA-LANVIGATOR-WINTERGRIP-HP-205-55R16-Zimowe-Kod-producenta-2HH2160H1 720w,https:\/\/a.allegroimg.com\/original\/1121ee\/361e755a4bd5973a24f2de03c2cc\/4-x-OPONA-LANVIGATOR-WINTERGRIP-HP-205-55R16-Zimowe-Kod-producenta-2HH2160H1 1024w,https:\/\/a.allegroimg.com\/original\/1121ee\/361e755a4bd5973a24f2de03c2cc\/4-x-OPONA-LANVIGATOR-WINTERGRIP-HP-205-55R16-Zimowe-Kod-producenta-2HH2160H1 1440w,https:\/\/a.allegroimg.com\/original\/1121ee\/361e755a4bd5973a24f2de03c2cc\/4-x-OPONA-LANVIGATOR-WINTERGRIP-HP-205-55R16-Zimowe-Kod-producenta-2HH2160H1 2016w\" sizes=\"(min-width: 1200px) 560px, (min-width: 992px) 50vw, 100vw\" width=\"2016px\" alt=\"4 x OPONA LANVIGATOR WINTERGRIP HP 205\/55R16 Zimowe Kod producenta 2HH2160H1\"\/ style=\"max-width: 100%; height: auto; display: block; margin: 0 auto;\"><\/div>\n<\/div>\n<\/div>\n<\/div>\n<\/div>\n<\/div>\n<div style=\"clear: both; display: block; margin: 10px 0;\">\n<div style=\"clear: both; display: block; margin: 10px 0;\">\n<div style=\"clear: both; display: block; margin: 10px 0;\">\n<div  style=\"max-width:886px;max-height:1299px\">\n<div style=\"clear: both; display: block; margin: 10px 0;\">\n<div style=\"clear: both; width: 100%; display: block; margin: 20px 0; padding: 0; float: none; position: static; text-align: center;\"><img decoding=\"async\"  src=\"https:\/\/a.allegroimg.com\/original\/110711\/a3d7895f4ae686880958a42068e1\/4-x-OPONA-LANVIGATOR-WINTERGRIP-HP-205-55R16-Zimowe-Model-inny\" srcset=\"https:\/\/a.allegroimg.com\/original\/110711\/a3d7895f4ae686880958a42068e1\/4-x-OPONA-LANVIGATOR-WINTERGRIP-HP-205-55R16-Zimowe-Model-inny 245w,https:\/\/a.allegroimg.com\/original\/110711\/a3d7895f4ae686880958a42068e1\/4-x-OPONA-LANVIGATOR-WINTERGRIP-HP-205-55R16-Zimowe-Model-inny 491w,https:\/\/a.allegroimg.com\/original\/110711\/a3d7895f4ae686880958a42068e1\/4-x-OPONA-LANVIGATOR-WINTERGRIP-HP-205-55R16-Zimowe-Model-inny 698w,https:\/\/a.allegroimg.com\/original\/110711\/a3d7895f4ae686880958a42068e1\/4-x-OPONA-LANVIGATOR-WINTERGRIP-HP-205-55R16-Zimowe-Model-inny 886w,https:\/\/a.allegroimg.com\/original\/110711\/a3d7895f4ae686880958a42068e1\/4-x-OPONA-LANVIGATOR-WINTERGRIP-HP-205-55R16-Zimowe-Model-inny 886w\" sizes=\"100vw\" width=\"886px\" alt=\"4 x OPONA LANVIGATOR WINTERGRIP HP 205\/55R16 Zimowe Model inny\"\/ style=\"max-width: 100%; height: auto; display: block; margin: 0 auto;\"><\/div>\n<\/div>\n<\/div>\n<\/div>\n<\/div>\n<\/div>\n<div style=\"clear: both; display: block; margin: 10px 0;\">\n<div style=\"clear: both; display: block; margin: 10px 0;\">\n<div style=\"clear: both; display: block; margin: 10px 0;\">\n<div  style=\"max-width:1974px;max-height:1971px\">\n<div style=\"clear: both; display: block; margin: 10px 0;\">\n<div style=\"clear: both; width: 100%; display: block; margin: 20px 0; padding: 0; float: none; position: static; text-align: center;\"><img decoding=\"async\"  src=\"https:\/\/a.allegroimg.com\/original\/115379\/9299b28e4039bfe96d42e5fbb684\/4-x-OPONA-LANVIGATOR-WINTERGRIP-HP-205-55R16-Zimowe-Marka-Lanvigator\" srcset=\"https:\/\/a.allegroimg.com\/original\/115379\/9299b28e4039bfe96d42e5fbb684\/4-x-OPONA-LANVIGATOR-WINTERGRIP-HP-205-55R16-Zimowe-Marka-Lanvigator 360w,https:\/\/a.allegroimg.com\/original\/115379\/9299b28e4039bfe96d42e5fbb684\/4-x-OPONA-LANVIGATOR-WINTERGRIP-HP-205-55R16-Zimowe-Marka-Lanvigator 720w,https:\/\/a.allegroimg.com\/original\/115379\/9299b28e4039bfe96d42e5fbb684\/4-x-OPONA-LANVIGATOR-WINTERGRIP-HP-205-55R16-Zimowe-Marka-Lanvigator 1024w,https:\/\/a.allegroimg.com\/original\/115379\/9299b28e4039bfe96d42e5fbb684\/4-x-OPONA-LANVIGATOR-WINTERGRIP-HP-205-55R16-Zimowe-Marka-Lanvigator 1440w,https:\/\/a.allegroimg.com\/original\/115379\/9299b28e4039bfe96d42e5fbb684\/4-x-OPONA-LANVIGATOR-WINTERGRIP-HP-205-55R16-Zimowe-Marka-Lanvigator 1974w\" sizes=\"100vw\" width=\"1974px\" alt=\"4 x OPONA LANVIGATOR WINTERGRIP HP 205\/55R16 Zimowe Marka Lanvigator\"\/ style=\"max-width: 100%; height: auto; display: block; margin: 0 auto;\"><\/div>\n<\/div>\n<\/div>\n<\/div>\n<\/div>\n<\/div>\n<div style=\"clear: both; display: block; margin: 10px 0;\">\n<div style=\"clear: both; display: block; margin: 10px 0;\">\n<div style=\"clear: both; display: block; margin: 10px 0;\">\n<p style=\"margin: 15px 0; line-height: 1.8; clear: both; display: block; width: 100%; float: none; position: static;\">Zdj\u0119cia produkt\u00f3w maj\u0105 charakter pogl\u0105dowy, st\u0105d rzeczywisty wygl\u0105d produkt\u00f3w mo\u017ce r\u00f3\u017cni\u0107 si\u0119 od prezentowanego na zdj\u0119ciach. Nie gwarantujemy, \u017ce publikowane dane techniczne nie zawieraj\u0105 b\u0142\u0119d\u00f3w.<\/p>\n<\/div>\n<\/div>\n<\/div>\n<\/div>\n<\/div>\n<\/div>\n<div style=\"clear: both; display: block; margin: 10px 0;\">\n","protected":false},"excerpt":{"rendered":"<p>OPONA LANVIGATOR WINTERGRIP HP 205\/55R16 Zimowe komplet 4 sztuki<\/p>\n<p>KATEGORIA: Opony\/Osobowe<\/p>\n<p>Typ: TL &#8211; bezd\u0119tkowa<\/p>\n<p>Indeks pr\u0119dko\u015bci: H &#8211; 210 km\/h<\/p>\n<p>Indeks no\u015bno\u015bci: 91 &#8211; 615 kg<\/p>\n<p>Opory toczenia: Klasa D<\/p>\n<p>Przyczepno\u015b\u0107 na mokrej nawierzchni: Klasa C<\/p>\n<p>Ha\u0142as zewn\u0119trzny: 72 dB<\/p>\n","protected":false},"featured_media":8900,"template":"","meta":{"_uag_custom_page_level_css":""},"product_brand":[380],"product_cat":[414,413,412,415],"product_tag":[],"class_list":{"0":"post-8899","1":"product","2":"type-product","3":"status-publish","4":"has-post-thumbnail","6":"product_brand-lanvigator","7":"product_cat-do-samochodow-osobowych-i-suv","8":"product_cat-opony","9":"product_cat-opony-i-felgi","10":"product_cat-zimowe","12":"first","13":"instock","14":"sale","15":"shipping-taxable","16":"purchasable","17":"product-type-simple"},"uagb_featured_image_src":{"full":["https:\/\/oponixo.shop\/tire\/wp-content\/uploads\/2025\/12\/allegro-image-8899.jpg",719,719,false],"thumbnail":["https:\/\/oponixo.shop\/tire\/wp-content\/uploads\/2025\/12\/allegro-image-8899-150x150.jpg",150,150,true],"medium":["https:\/\/oponixo.shop\/tire\/wp-content\/uploads\/2025\/12\/allegro-image-8899-300x300.jpg",300,300,true],"medium_large":["https:\/\/oponixo.shop\/tire\/wp-content\/uploads\/2025\/12\/allegro-image-8899.jpg",719,719,false],"large":["https:\/\/oponixo.shop\/tire\/wp-content\/uploads\/2025\/12\/allegro-image-8899.jpg",719,719,false],"1536x1536":["https:\/\/oponixo.shop\/tire\/wp-content\/uploads\/2025\/12\/allegro-image-8899.jpg",719,719,false],"2048x2048":["https:\/\/oponixo.shop\/tire\/wp-content\/uploads\/2025\/12\/allegro-image-8899.jpg",719,719,false],"woocommerce_thumbnail":["https:\/\/oponixo.shop\/tire\/wp-content\/uploads\/2025\/12\/allegro-image-8899-300x300.jpg",300,300,true],"woocommerce_single":["https:\/\/oponixo.shop\/tire\/wp-content\/uploads\/2025\/12\/allegro-image-8899-600x600.jpg",600,600,true],"woocommerce_gallery_thumbnail":["https:\/\/oponixo.shop\/tire\/wp-content\/uploads\/2025\/12\/allegro-image-8899-100x100.jpg",100,100,true]},"uagb_author_info":{"display_name":"admin","author_link":"https:\/\/oponixo.shop\/tire\/author\/"},"uagb_comment_info":0,"uagb_excerpt":"OPONA LANVIGATOR WINTERGRIP HP 205\/55R16 Zimowe komplet 4 sztuki KATEGORIA: Opony\/Osobowe Typ: TL - bezd\u0119tkowa Indeks pr\u0119dko\u015bci: H - 210 km\/h Indeks no\u015bno\u015bci: 91 - 615 kg Opory toczenia: Klasa D Przyczepno\u015b\u0107 na mokrej nawierzchni: Klasa C Ha\u0142as zewn\u0119trzny: 72 dB","_links":{"self":[{"href":"https:\/\/oponixo.shop\/tire\/wp-json\/wp\/v2\/product\/8899","targetHints":{"allow":["GET"]}}],"collection":[{"href":"https:\/\/oponixo.shop\/tire\/wp-json\/wp\/v2\/product"}],"about":[{"href":"https:\/\/oponixo.shop\/tire\/wp-json\/wp\/v2\/types\/product"}],"wp:featuredmedia":[{"embeddable":true,"href":"https:\/\/oponixo.shop\/tire\/wp-json\/wp\/v2\/media\/8900"}],"wp:attachment":[{"href":"https:\/\/oponixo.shop\/tire\/wp-json\/wp\/v2\/media?parent=8899"}],"wp:term":[{"taxonomy":"product_brand","embeddable":true,"href":"https:\/\/oponixo.shop\/tire\/wp-json\/wp\/v2\/product_brand?post=8899"},{"taxonomy":"product_cat","embeddable":true,"href":"https:\/\/oponixo.shop\/tire\/wp-json\/wp\/v2\/product_cat?post=8899"},{"taxonomy":"product_tag","embeddable":true,"href":"https:\/\/oponixo.shop\/tire\/wp-json\/wp\/v2\/product_tag?post=8899"}],"curies":[{"name":"wp","href":"https:\/\/api.w.org\/{rel}","templated":true}]}}