{"id":8915,"date":"2025-12-24T01:49:56","date_gmt":"2025-12-24T01:49:56","guid":{"rendered":"https:\/\/oponyexpert.shop\/xef5\/produkt\/1x-kormoran-snow-205-55r16-94hxl-2025r\/"},"modified":"2025-12-24T01:49:57","modified_gmt":"2025-12-24T01:49:57","slug":"1x-kormoran-snow-205-55r16-94hxl-2025r","status":"publish","type":"product","link":"https:\/\/oponixo.shop\/tire\/produkt\/1x-kormoran-snow-205-55r16-94hxl-2025r\/","title":{"rendered":"1X Kormoran Snow 205\/55R16 94hxl 2025R"},"content":{"rendered":"<div style=\"font-family: Arial, sans-serif; line-height: 1.6; color: #333; padding: 20px; clear: both; display: block; width: 100%; float: none; position: static; overflow: hidden;\">\n<div style=\"clear: both; display: block; margin: 10px 0;\">\n<div style=\"clear: both; display: block; margin: 10px 0;\">\n<div style=\"clear: both; display: block; margin: 10px 0;\">\n<p style=\"margin: 15px 0; line-height: 1.8; clear: both; display: block; width: 100%; float: none; position: static;\">Opona zimowa Kormoran Snow 205\/55R16 94 H wzmocnienie (XL)<\/p>\n<p style=\"margin: 15px 0; line-height: 1.8; clear: both; display: block; width: 100%; float: none; position: static;\">Cechy produktu:<\/p>\n<ul style=\"margin: 15px 0; padding-left: 20px; clear: both; display: block; width: 100%; float: none; position: static;\">\n<li style=\"margin: 5px 0; padding: 2px 0; clear: both; display: list-item; float: none; position: static;\">sezon: zimowe<\/li>\n<li style=\"margin: 5px 0; padding: 2px 0; clear: both; display: list-item; float: none; position: static;\">szeroko\u015b\u0107\/profil\/\u015brednica: 205\/55R16<\/li>\n<li style=\"margin: 5px 0; padding: 2px 0; clear: both; display: list-item; float: none; position: static;\">indeks no\u015bno\u015bci: 94 &#8211; 670 kg<\/li>\n<li style=\"margin: 5px 0; padding: 2px 0; clear: both; display: list-item; float: none; position: static;\">indeks pr\u0119dko\u015bci: H do 210 km\/h<\/li>\n<li style=\"margin: 5px 0; padding: 2px 0; clear: both; display: list-item; float: none; position: static;\">wzmocnienie (XL)<\/li>\n<\/ul>\n<\/div>\n<\/div>\n<div style=\"clear: both; display: block; margin: 10px 0;\">\n<div style=\"clear: both; display: block; margin: 10px 0;\">\n<div  style=\"max-width:1800px;max-height:1800px\">\n<div style=\"clear: both; display: block; margin: 10px 0;\">\n<div style=\"clear: both; width: 100%; display: block; margin: 20px 0; padding: 0; float: none; position: static; text-align: center;\"><img decoding=\"async\"  src=\"https:\/\/e.allegroimg.com\/original\/003176\/21d9006a4045a423e2e3c3f82fee\/1X-Kormoran-Snow-205-55R16-94hxl-2025R\" srcset=\"https:\/\/e.allegroimg.com\/original\/003176\/21d9006a4045a423e2e3c3f82fee\/1X-Kormoran-Snow-205-55R16-94hxl-2025R 360w,https:\/\/e.allegroimg.com\/original\/003176\/21d9006a4045a423e2e3c3f82fee\/1X-Kormoran-Snow-205-55R16-94hxl-2025R 720w,https:\/\/e.allegroimg.com\/original\/003176\/21d9006a4045a423e2e3c3f82fee\/1X-Kormoran-Snow-205-55R16-94hxl-2025R 1024w,https:\/\/e.allegroimg.com\/original\/003176\/21d9006a4045a423e2e3c3f82fee\/1X-Kormoran-Snow-205-55R16-94hxl-2025R 1440w,https:\/\/e.allegroimg.com\/original\/003176\/21d9006a4045a423e2e3c3f82fee\/1X-Kormoran-Snow-205-55R16-94hxl-2025R 1800w\" sizes=\"(min-width: 1200px) 560px, (min-width: 992px) 50vw, 100vw\" width=\"1800px\" alt=\"1X Kormoran Snow 205\/55R16 94hxl 2025R\"\/ style=\"max-width: 100%; height: auto; display: block; margin: 0 auto;\"><\/div>\n<\/div>\n<\/div>\n<\/div>\n<\/div>\n<\/div>\n<div style=\"clear: both; display: block; margin: 10px 0;\">\n<div style=\"clear: both; display: block; margin: 10px 0;\">\n<div style=\"clear: both; display: block; margin: 10px 0;\">\n<p style=\"margin: 15px 0; line-height: 1.8; clear: both; display: block; width: 100%; float: none; position: static;\"><b>Kormoran Snow<\/b> to nowo\u015b\u0107 jednego z najbardziej znanych polskich producent\u00f3w opon. Jest to opona klasy ekonomicznej przeznaczona do samochod\u00f3w osobowych. Dzi\u0119ki zastosowaniu nowoczesnych rozwi\u0105za\u0144 w procesie projektowania i produkcji w por\u00f3wnaniu to poprzedniego modelu Snowpro b2 poprawione zosta\u0142o ich zachowanie na za\u015bnie\u017conej oraz mokrej nawierzchni<\/p>\n<p style=\"margin: 15px 0; line-height: 1.8; clear: both; display: block; width: 100%; float: none; position: static;\">Opony wyposa\u017cono w kierunkowy bie\u017cnik co jest szczeg\u00f3lnie widoczne w centralnej cz\u0119\u015bci. Szerokie rowki pod\u0142u\u017cne po\u0142\u0105czono z bocznymi co zapewnia sprawne odprowadzanie wody i b\u0142ota po\u015bniegowego z pod czo\u0142a opony, minimalizuj\u0105 ryzyko powstania zjawiska aquaplaningu. Pofalowanie i liczne naci\u0119cia lamelkowe zwi\u0119kszaj\u0105c przyczepno\u015b\u0107 odpowiadaj\u0105 za poruszanie si\u0119 po oblodzonych i za\u015bnie\u017conych drogach. Zadaniem sztywnych szerokich zewn\u0119trznych bark\u00f3w jest zapewnienie odpowiedniej trakcji przy przejazdach z wi\u0119kszymi pr\u0119dko\u015bciami.<\/p>\n<p style=\"margin: 15px 0; line-height: 1.8; clear: both; display: block; width: 100%; float: none; position: static;\">Nowoczesna mieszanka gumowa w sk\u0142ad kt\u00f3rej opr\u00f3cz naturalnego kauczuk wchodzi krzemionka i sadz\u0105 odpowiada za utrzymanie parametr\u00f3w opony w szerokim zakres temperatur jaki wyst\u0119puje w zim\u0105 w Europie \u015arodkowej. Obni\u017ca te\u017c ona opory tocznia co przek\u0142ada si\u0119 na zmniejszone zu\u017cycie paliwa.<\/p>\n<\/div>\n<\/div>\n<\/div>\n<div style=\"clear: both; display: block; margin: 10px 0;\">\n<div style=\"clear: both; display: block; margin: 10px 0;\">\n<div style=\"clear: both; display: block; margin: 10px 0;\">\n<div  style=\"max-width:1800px;max-height:1800px\">\n<div style=\"clear: both; display: block; margin: 10px 0;\">\n<div style=\"clear: both; width: 100%; display: block; margin: 20px 0; padding: 0; float: none; position: static; text-align: center;\"><img decoding=\"async\"  src=\"https:\/\/e.allegroimg.com\/original\/003176\/21d9006a4045a423e2e3c3f82fee\/1X-Kormoran-Snow-205-55R16-94hxl-2025R\" srcset=\"https:\/\/e.allegroimg.com\/original\/003176\/21d9006a4045a423e2e3c3f82fee\/1X-Kormoran-Snow-205-55R16-94hxl-2025R 360w,https:\/\/e.allegroimg.com\/original\/003176\/21d9006a4045a423e2e3c3f82fee\/1X-Kormoran-Snow-205-55R16-94hxl-2025R 720w,https:\/\/e.allegroimg.com\/original\/003176\/21d9006a4045a423e2e3c3f82fee\/1X-Kormoran-Snow-205-55R16-94hxl-2025R 1024w,https:\/\/e.allegroimg.com\/original\/003176\/21d9006a4045a423e2e3c3f82fee\/1X-Kormoran-Snow-205-55R16-94hxl-2025R 1440w,https:\/\/e.allegroimg.com\/original\/003176\/21d9006a4045a423e2e3c3f82fee\/1X-Kormoran-Snow-205-55R16-94hxl-2025R 1800w\" sizes=\"100vw\" width=\"1800px\" alt=\"1X Kormoran Snow 205\/55R16 94hxl 2025R\"\/ style=\"max-width: 100%; height: auto; display: block; margin: 0 auto;\"><\/div>\n<\/div>\n<\/div>\n<\/div>\n<\/div>\n<\/div>\n<\/div>\n<\/div>\n<\/div>\n<div style=\"clear: both; display: block; margin: 10px 0;\">\n","protected":false},"excerpt":{"rendered":"<p>Opona zimowa Kormoran Snow 205\/55R16 94 H wzmocnienie (XL)<\/p>\n<p>Cechy produktu:<\/p>\n<p>sezon: zimowe<\/p>\n<p>szeroko\u015b\u0107\/profil\/\u015brednica: 205\/55R16<\/p>\n<p>indeks no\u015bno\u015bci: 94 &#8211; 670 kg<\/p>\n<p>indeks pr\u0119dko\u015bci: H do 210 km\/h<\/p>\n<p>wzmocnienie (XL)<\/p>\n<p>Kormoran Snow to nowo\u015b\u0107 jednego z najbardziej znanych polskich producent\u00f3w opon. Jest to opona klasy ekonomicznej przeznaczona do samochod\u00f3w osobowych. Dzi\u0119ki zastosowaniu nowoczesnych rozwi\u0105za\u0144 w procesie projektowania i produkcji w por\u00f3wnaniu to poprzedniego modelu Snowpro b2 poprawione zosta\u0142o ich zachowanie na za\u015bnie\u017conej oraz mokrej nawierzchni<\/p>\n","protected":false},"featured_media":8916,"template":"","meta":{"_uag_custom_page_level_css":""},"product_brand":[382],"product_cat":[414,413,412,415],"product_tag":[],"class_list":{"0":"post-8915","1":"product","2":"type-product","3":"status-publish","4":"has-post-thumbnail","6":"product_brand-kormoran","7":"product_cat-do-samochodow-osobowych-i-suv","8":"product_cat-opony","9":"product_cat-opony-i-felgi","10":"product_cat-zimowe","12":"first","13":"instock","14":"sale","15":"shipping-taxable","16":"purchasable","17":"product-type-simple"},"uagb_featured_image_src":{"full":["https:\/\/oponixo.shop\/tire\/wp-content\/uploads\/2025\/12\/allegro-image-8915.jpg",1800,1800,false],"thumbnail":["https:\/\/oponixo.shop\/tire\/wp-content\/uploads\/2025\/12\/allegro-image-8915-150x150.jpg",150,150,true],"medium":["https:\/\/oponixo.shop\/tire\/wp-content\/uploads\/2025\/12\/allegro-image-8915-300x300.jpg",300,300,true],"medium_large":["https:\/\/oponixo.shop\/tire\/wp-content\/uploads\/2025\/12\/allegro-image-8915-768x768.jpg",768,768,true],"large":["https:\/\/oponixo.shop\/tire\/wp-content\/uploads\/2025\/12\/allegro-image-8915-1024x1024.jpg",1024,1024,true],"1536x1536":["https:\/\/oponixo.shop\/tire\/wp-content\/uploads\/2025\/12\/allegro-image-8915-1536x1536.jpg",1536,1536,true],"2048x2048":["https:\/\/oponixo.shop\/tire\/wp-content\/uploads\/2025\/12\/allegro-image-8915.jpg",1800,1800,false],"woocommerce_thumbnail":["https:\/\/oponixo.shop\/tire\/wp-content\/uploads\/2025\/12\/allegro-image-8915-300x300.jpg",300,300,true],"woocommerce_single":["https:\/\/oponixo.shop\/tire\/wp-content\/uploads\/2025\/12\/allegro-image-8915-600x600.jpg",600,600,true],"woocommerce_gallery_thumbnail":["https:\/\/oponixo.shop\/tire\/wp-content\/uploads\/2025\/12\/allegro-image-8915-100x100.jpg",100,100,true]},"uagb_author_info":{"display_name":"admin","author_link":"https:\/\/oponixo.shop\/tire\/author\/"},"uagb_comment_info":0,"uagb_excerpt":"Opona zimowa Kormoran Snow 205\/55R16 94 H wzmocnienie (XL) Cechy produktu: sezon: zimowe szeroko\u015b\u0107\/profil\/\u015brednica: 205\/55R16 indeks no\u015bno\u015bci: 94 - 670 kg indeks pr\u0119dko\u015bci: H do 210 km\/h wzmocnienie (XL) Kormoran Snow to nowo\u015b\u0107 jednego z najbardziej znanych polskich producent\u00f3w opon. Jest to opona klasy ekonomicznej przeznaczona do samochod\u00f3w osobowych. Dzi\u0119ki zastosowaniu nowoczesnych rozwi\u0105za\u0144 w procesie&hellip;","_links":{"self":[{"href":"https:\/\/oponixo.shop\/tire\/wp-json\/wp\/v2\/product\/8915","targetHints":{"allow":["GET"]}}],"collection":[{"href":"https:\/\/oponixo.shop\/tire\/wp-json\/wp\/v2\/product"}],"about":[{"href":"https:\/\/oponixo.shop\/tire\/wp-json\/wp\/v2\/types\/product"}],"wp:featuredmedia":[{"embeddable":true,"href":"https:\/\/oponixo.shop\/tire\/wp-json\/wp\/v2\/media\/8916"}],"wp:attachment":[{"href":"https:\/\/oponixo.shop\/tire\/wp-json\/wp\/v2\/media?parent=8915"}],"wp:term":[{"taxonomy":"product_brand","embeddable":true,"href":"https:\/\/oponixo.shop\/tire\/wp-json\/wp\/v2\/product_brand?post=8915"},{"taxonomy":"product_cat","embeddable":true,"href":"https:\/\/oponixo.shop\/tire\/wp-json\/wp\/v2\/product_cat?post=8915"},{"taxonomy":"product_tag","embeddable":true,"href":"https:\/\/oponixo.shop\/tire\/wp-json\/wp\/v2\/product_tag?post=8915"}],"curies":[{"name":"wp","href":"https:\/\/api.w.org\/{rel}","templated":true}]}}