{"id":8919,"date":"2025-12-24T01:49:57","date_gmt":"2025-12-24T01:49:57","guid":{"rendered":"https:\/\/oponyexpert.shop\/xef5\/produkt\/4-x-opona-lanvigator-snowpower-195-65r15-zimowe\/"},"modified":"2025-12-24T01:49:58","modified_gmt":"2025-12-24T01:49:58","slug":"4-x-opona-lanvigator-snowpower-195-65r15-zimowe","status":"publish","type":"product","link":"https:\/\/oponixo.shop\/tire\/produkt\/4-x-opona-lanvigator-snowpower-195-65r15-zimowe\/","title":{"rendered":"4 x OPONA LANVIGATOR Snowpower 195\/65R15 Zimowe"},"content":{"rendered":"<div style=\"font-family: Arial, sans-serif; line-height: 1.6; color: #333; padding: 20px; clear: both; display: block; width: 100%; float: none; position: static; overflow: hidden;\">\n<div style=\"clear: both; display: block; margin: 10px 0;\">\n<div style=\"clear: both; display: block; margin: 10px 0;\">\n<div style=\"clear: both; display: block; margin: 10px 0;\">\n<div  style=\"max-width:907px;max-height:937px\">\n<div style=\"clear: both; display: block; margin: 10px 0;\">\n<div style=\"clear: both; width: 100%; display: block; margin: 20px 0; padding: 0; float: none; position: static; text-align: center;\"><img decoding=\"async\"  src=\"https:\/\/a.allegroimg.com\/original\/110184\/65a136e64e8cb897a963394dfbd9\/4-x-OPONA-LANVIGATOR-Snowpower-195-65R15-Zimowe\" srcset=\"https:\/\/a.allegroimg.com\/original\/110184\/65a136e64e8cb897a963394dfbd9\/4-x-OPONA-LANVIGATOR-Snowpower-195-65R15-Zimowe 348w,https:\/\/a.allegroimg.com\/original\/110184\/65a136e64e8cb897a963394dfbd9\/4-x-OPONA-LANVIGATOR-Snowpower-195-65R15-Zimowe 696w,https:\/\/a.allegroimg.com\/original\/110184\/65a136e64e8cb897a963394dfbd9\/4-x-OPONA-LANVIGATOR-Snowpower-195-65R15-Zimowe 907w,https:\/\/a.allegroimg.com\/original\/110184\/65a136e64e8cb897a963394dfbd9\/4-x-OPONA-LANVIGATOR-Snowpower-195-65R15-Zimowe 907w\" sizes=\"100vw\" width=\"907px\" alt=\"4 x OPONA LANVIGATOR Snowpower 195\/65R15 Zimowe\"\/ style=\"max-width: 100%; height: auto; display: block; margin: 0 auto;\"><\/div>\n<\/div>\n<\/div>\n<\/div>\n<\/div>\n<\/div>\n<div style=\"clear: both; display: block; margin: 10px 0;\">\n<div style=\"clear: both; display: block; margin: 10px 0;\">\n<div style=\"clear: both; display: block; margin: 10px 0;\">\n<p style=\"margin: 15px 0; line-height: 1.8; clear: both; display: block; width: 100%; float: none; position: static;\">OPONA LANVIGATOR Snowpower 195\/65R15 Zimowe komplet 4 sztuki<\/p>\n<p style=\"margin: 15px 0; line-height: 1.8; clear: both; display: block; width: 100%; float: none; position: static;\">KATEGORIA: Opony\/Osobowe<\/p>\n<p style=\"margin: 15px 0; line-height: 1.8; clear: both; display: block; width: 100%; float: none; position: static;\">Typ: TL &#8211; bezd\u0119tkowa<\/p>\n<p style=\"margin: 15px 0; line-height: 1.8; clear: both; display: block; width: 100%; float: none; position: static;\">Indeks pr\u0119dko\u015bci: T &#8211; 190 km\/h<\/p>\n<p style=\"margin: 15px 0; line-height: 1.8; clear: both; display: block; width: 100%; float: none; position: static;\">Indeks no\u015bno\u015bci: 91 &#8211; 615 kg<\/p>\n<p style=\"margin: 15px 0; line-height: 1.8; clear: both; display: block; width: 100%; float: none; position: static;\">Opory toczenia: Klasa D<\/p>\n<p style=\"margin: 15px 0; line-height: 1.8; clear: both; display: block; width: 100%; float: none; position: static;\">Przyczepno\u015b\u0107 na mokrej nawierzchni: Klasa D<\/p>\n<p style=\"margin: 15px 0; line-height: 1.8; clear: both; display: block; width: 100%; float: none; position: static;\">Ha\u0142as zewn\u0119trzny: 72 dB<\/p>\n<p style=\"margin: 15px 0; line-height: 1.8; clear: both; display: block; width: 100%; float: none; position: static;\">Rok produkcji: 2024<\/p>\n<ul style=\"margin: 15px 0; padding-left: 20px; clear: both; display: block; width: 100%; float: none; position: static;\">\n<li style=\"margin: 5px 0; padding: 2px 0; clear: both; display: list-item; float: none; position: static;\"><b>Numer referencyjny:<\/b> 6924064101463<\/li>\n<li style=\"margin: 5px 0; padding: 2px 0; clear: both; display: list-item; float: none; position: static;\"><b>szeroko\u015b\u0107 opakowania:<\/b> 0.195<\/li>\n<li style=\"margin: 5px 0; padding: 2px 0; clear: both; display: list-item; float: none; position: static;\"><b>wysoko\u015b\u0107 opakowania:<\/b> 0.635<\/li>\n<li style=\"margin: 5px 0; padding: 2px 0; clear: both; display: list-item; float: none; position: static;\"><b>g\u0142\u0119boko\u015b\u0107 opakowania:<\/b> 0.635<\/li>\n<li style=\"margin: 5px 0; padding: 2px 0; clear: both; display: list-item; float: none; position: static;\"><b>waga opakowania:<\/b> 8.75<\/li>\n<li style=\"margin: 5px 0; padding: 2px 0; clear: both; display: list-item; float: none; position: static;\"><b># referencyjny:<\/b> 6924064101463<\/li>\n<\/ul>\n<p style=\"margin: 15px 0; line-height: 1.8; clear: both; display: block; width: 100%; float: none; position: static;\">KOD EAN: 6924064101463<\/p>\n<p style=\"margin: 15px 0; line-height: 1.8; clear: both; display: block; width: 100%; float: none; position: static;\">INDEX: K1956515LN\/Z99<\/p>\n<\/div>\n<\/div>\n<\/div>\n<div style=\"clear: both; display: block; margin: 10px 0;\">\n<div style=\"clear: both; display: block; margin: 10px 0;\">\n<div style=\"clear: both; display: block; margin: 10px 0;\">\n<div  style=\"max-width:1444px;max-height:2230px\">\n<div style=\"clear: both; display: block; margin: 10px 0;\">\n<div style=\"clear: both; width: 100%; display: block; margin: 20px 0; padding: 0; float: none; position: static; text-align: center;\"><img decoding=\"async\"  src=\"https:\/\/a.allegroimg.com\/original\/118e58\/b6a6ab6145fdaceb5ae1a4e396df\/4-x-OPONA-LANVIGATOR-Snowpower-195-65R15-Zimowe-EAN-GTIN-6924064101463\" srcset=\"https:\/\/a.allegroimg.com\/original\/118e58\/b6a6ab6145fdaceb5ae1a4e396df\/4-x-OPONA-LANVIGATOR-Snowpower-195-65R15-Zimowe-EAN-GTIN-6924064101463 233w,https:\/\/a.allegroimg.com\/original\/118e58\/b6a6ab6145fdaceb5ae1a4e396df\/4-x-OPONA-LANVIGATOR-Snowpower-195-65R15-Zimowe-EAN-GTIN-6924064101463 466w,https:\/\/a.allegroimg.com\/original\/118e58\/b6a6ab6145fdaceb5ae1a4e396df\/4-x-OPONA-LANVIGATOR-Snowpower-195-65R15-Zimowe-EAN-GTIN-6924064101463 663w,https:\/\/a.allegroimg.com\/original\/118e58\/b6a6ab6145fdaceb5ae1a4e396df\/4-x-OPONA-LANVIGATOR-Snowpower-195-65R15-Zimowe-EAN-GTIN-6924064101463 932w,https:\/\/a.allegroimg.com\/original\/118e58\/b6a6ab6145fdaceb5ae1a4e396df\/4-x-OPONA-LANVIGATOR-Snowpower-195-65R15-Zimowe-EAN-GTIN-6924064101463 1444w\" sizes=\"(min-width: 1200px) 560px, (min-width: 992px) 50vw, 100vw\" width=\"1444px\" alt=\"4 x OPONA LANVIGATOR Snowpower 195\/65R15 Zimowe EAN (GTIN) 6924064101463\"\/ style=\"max-width: 100%; height: auto; display: block; margin: 0 auto;\"><\/div>\n<\/div>\n<\/div>\n<\/div>\n<\/div>\n<div style=\"clear: both; display: block; margin: 10px 0;\">\n<div style=\"clear: both; display: block; margin: 10px 0;\">\n<div  style=\"max-width:923px;max-height:2214px\">\n<div style=\"clear: both; display: block; margin: 10px 0;\">\n<div style=\"clear: both; width: 100%; display: block; margin: 20px 0; padding: 0; float: none; position: static; text-align: center;\"><img decoding=\"async\"  src=\"https:\/\/a.allegroimg.com\/original\/11b9b1\/64811bfb47388cd434318d967110\/4-x-OPONA-LANVIGATOR-Snowpower-195-65R15-Zimowe-Kod-producenta-HH164H1\" srcset=\"https:\/\/a.allegroimg.com\/original\/11b9b1\/64811bfb47388cd434318d967110\/4-x-OPONA-LANVIGATOR-Snowpower-195-65R15-Zimowe-Kod-producenta-HH164H1 150w,https:\/\/a.allegroimg.com\/original\/11b9b1\/64811bfb47388cd434318d967110\/4-x-OPONA-LANVIGATOR-Snowpower-195-65R15-Zimowe-Kod-producenta-HH164H1 300w,https:\/\/a.allegroimg.com\/original\/11b9b1\/64811bfb47388cd434318d967110\/4-x-OPONA-LANVIGATOR-Snowpower-195-65R15-Zimowe-Kod-producenta-HH164H1 426w,https:\/\/a.allegroimg.com\/original\/11b9b1\/64811bfb47388cd434318d967110\/4-x-OPONA-LANVIGATOR-Snowpower-195-65R15-Zimowe-Kod-producenta-HH164H1 600w,https:\/\/a.allegroimg.com\/original\/11b9b1\/64811bfb47388cd434318d967110\/4-x-OPONA-LANVIGATOR-Snowpower-195-65R15-Zimowe-Kod-producenta-HH164H1 923w\" sizes=\"(min-width: 1200px) 560px, (min-width: 992px) 50vw, 100vw\" width=\"923px\" alt=\"4 x OPONA LANVIGATOR Snowpower 195\/65R15 Zimowe Kod producenta HH164H1\"\/ style=\"max-width: 100%; height: auto; display: block; margin: 0 auto;\"><\/div>\n<\/div>\n<\/div>\n<\/div>\n<\/div>\n<\/div>\n<div style=\"clear: both; display: block; margin: 10px 0;\">\n<div style=\"clear: both; display: block; margin: 10px 0;\">\n<div style=\"clear: both; display: block; margin: 10px 0;\">\n<div  style=\"max-width:2195px;max-height:2165px\">\n<div style=\"clear: both; display: block; margin: 10px 0;\">\n<div style=\"clear: both; width: 100%; display: block; margin: 20px 0; padding: 0; float: none; position: static; text-align: center;\"><img decoding=\"async\"  src=\"https:\/\/a.allegroimg.com\/original\/112e6b\/a6bd5a344e50bf60ac319984d106\/4-x-OPONA-LANVIGATOR-Snowpower-195-65R15-Zimowe-Model-Snowpower\" srcset=\"https:\/\/a.allegroimg.com\/original\/112e6b\/a6bd5a344e50bf60ac319984d106\/4-x-OPONA-LANVIGATOR-Snowpower-195-65R15-Zimowe-Model-Snowpower 360w,https:\/\/a.allegroimg.com\/original\/112e6b\/a6bd5a344e50bf60ac319984d106\/4-x-OPONA-LANVIGATOR-Snowpower-195-65R15-Zimowe-Model-Snowpower 720w,https:\/\/a.allegroimg.com\/original\/112e6b\/a6bd5a344e50bf60ac319984d106\/4-x-OPONA-LANVIGATOR-Snowpower-195-65R15-Zimowe-Model-Snowpower 1024w,https:\/\/a.allegroimg.com\/original\/112e6b\/a6bd5a344e50bf60ac319984d106\/4-x-OPONA-LANVIGATOR-Snowpower-195-65R15-Zimowe-Model-Snowpower 1440w,https:\/\/a.allegroimg.com\/original\/112e6b\/a6bd5a344e50bf60ac319984d106\/4-x-OPONA-LANVIGATOR-Snowpower-195-65R15-Zimowe-Model-Snowpower 2195w\" sizes=\"(min-width: 1200px) 560px, (min-width: 992px) 50vw, 100vw\" width=\"2195px\" alt=\"4 x OPONA LANVIGATOR Snowpower 195\/65R15 Zimowe Model Snowpower\"\/ style=\"max-width: 100%; height: auto; display: block; margin: 0 auto;\"><\/div>\n<\/div>\n<\/div>\n<\/div>\n<\/div>\n<div style=\"clear: both; display: block; margin: 10px 0;\">\n<div style=\"clear: both; display: block; margin: 10px 0;\">\n<div  style=\"max-width:2516px;max-height:1718px\">\n<div style=\"clear: both; display: block; margin: 10px 0;\">\n<div style=\"clear: both; width: 100%; display: block; margin: 20px 0; padding: 0; float: none; position: static; text-align: center;\"><img decoding=\"async\"  src=\"https:\/\/a.allegroimg.com\/original\/11f260\/762b472c4b3f94239bbe78b22e42\/4-x-OPONA-LANVIGATOR-Snowpower-195-65R15-Zimowe-Klasa-pozostale-marki\" srcset=\"https:\/\/a.allegroimg.com\/original\/11f260\/762b472c4b3f94239bbe78b22e42\/4-x-OPONA-LANVIGATOR-Snowpower-195-65R15-Zimowe-Klasa-pozostale-marki 360w,https:\/\/a.allegroimg.com\/original\/11f260\/762b472c4b3f94239bbe78b22e42\/4-x-OPONA-LANVIGATOR-Snowpower-195-65R15-Zimowe-Klasa-pozostale-marki 720w,https:\/\/a.allegroimg.com\/original\/11f260\/762b472c4b3f94239bbe78b22e42\/4-x-OPONA-LANVIGATOR-Snowpower-195-65R15-Zimowe-Klasa-pozostale-marki 1024w,https:\/\/a.allegroimg.com\/original\/11f260\/762b472c4b3f94239bbe78b22e42\/4-x-OPONA-LANVIGATOR-Snowpower-195-65R15-Zimowe-Klasa-pozostale-marki 1440w,https:\/\/a.allegroimg.com\/original\/11f260\/762b472c4b3f94239bbe78b22e42\/4-x-OPONA-LANVIGATOR-Snowpower-195-65R15-Zimowe-Klasa-pozostale-marki 2516w\" sizes=\"(min-width: 1200px) 560px, (min-width: 992px) 50vw, 100vw\" width=\"2516px\" alt=\"4 x OPONA LANVIGATOR Snowpower 195\/65R15 Zimowe Klasa pozosta\u0142e marki\"\/ style=\"max-width: 100%; height: auto; display: block; margin: 0 auto;\"><\/div>\n<\/div>\n<\/div>\n<\/div>\n<\/div>\n<\/div>\n<div style=\"clear: both; display: block; margin: 10px 0;\">\n<div style=\"clear: both; display: block; margin: 10px 0;\">\n<div style=\"clear: both; display: block; margin: 10px 0;\">\n<div  style=\"max-width:1427px;max-height:2214px\">\n<div style=\"clear: both; display: block; margin: 10px 0;\">\n<div style=\"clear: both; width: 100%; display: block; margin: 20px 0; padding: 0; float: none; position: static; text-align: center;\"><img decoding=\"async\"  src=\"https:\/\/a.allegroimg.com\/original\/11e2c6\/579fcde24f01bc6bbb1c6f1050e0\/4-x-OPONA-LANVIGATOR-Snowpower-195-65R15-Zimowe-Marka-Lanvigator\" srcset=\"https:\/\/a.allegroimg.com\/original\/11e2c6\/579fcde24f01bc6bbb1c6f1050e0\/4-x-OPONA-LANVIGATOR-Snowpower-195-65R15-Zimowe-Marka-Lanvigator 232w,https:\/\/a.allegroimg.com\/original\/11e2c6\/579fcde24f01bc6bbb1c6f1050e0\/4-x-OPONA-LANVIGATOR-Snowpower-195-65R15-Zimowe-Marka-Lanvigator 464w,https:\/\/a.allegroimg.com\/original\/11e2c6\/579fcde24f01bc6bbb1c6f1050e0\/4-x-OPONA-LANVIGATOR-Snowpower-195-65R15-Zimowe-Marka-Lanvigator 660w,https:\/\/a.allegroimg.com\/original\/11e2c6\/579fcde24f01bc6bbb1c6f1050e0\/4-x-OPONA-LANVIGATOR-Snowpower-195-65R15-Zimowe-Marka-Lanvigator 928w,https:\/\/a.allegroimg.com\/original\/11e2c6\/579fcde24f01bc6bbb1c6f1050e0\/4-x-OPONA-LANVIGATOR-Snowpower-195-65R15-Zimowe-Marka-Lanvigator 1427w\" sizes=\"100vw\" width=\"1427px\" alt=\"4 x OPONA LANVIGATOR Snowpower 195\/65R15 Zimowe Marka Lanvigator\"\/ style=\"max-width: 100%; height: auto; display: block; margin: 0 auto;\"><\/div>\n<\/div>\n<\/div>\n<\/div>\n<\/div>\n<\/div>\n<div style=\"clear: both; display: block; margin: 10px 0;\">\n<div style=\"clear: both; display: block; margin: 10px 0;\">\n<div style=\"clear: both; display: block; margin: 10px 0;\">\n<p style=\"margin: 15px 0; line-height: 1.8; clear: both; display: block; width: 100%; float: none; position: static;\">Zdj\u0119cia produkt\u00f3w maj\u0105 charakter pogl\u0105dowy, st\u0105d rzeczywisty wygl\u0105d produkt\u00f3w mo\u017ce r\u00f3\u017cni\u0107 si\u0119 od prezentowanego na zdj\u0119ciach. Nie gwarantujemy, \u017ce publikowane dane techniczne nie zawieraj\u0105 b\u0142\u0119d\u00f3w.<\/p>\n<\/div>\n<\/div>\n<\/div>\n<\/div>\n<\/div>\n<\/div>\n<div style=\"clear: both; display: block; margin: 10px 0;\">\n","protected":false},"excerpt":{"rendered":"<p>OPONA LANVIGATOR Snowpower 195\/65R15 Zimowe komplet 4 sztuki<\/p>\n<p>KATEGORIA: Opony\/Osobowe<\/p>\n<p>Typ: TL &#8211; bezd\u0119tkowa<\/p>\n<p>Indeks pr\u0119dko\u015bci: T &#8211; 190 km\/h<\/p>\n<p>Indeks no\u015bno\u015bci: 91 &#8211; 615 kg<\/p>\n<p>Opory toczenia: Klasa D<\/p>\n<p>Przyczepno\u015b\u0107 na mokrej nawierzchni: Klasa D<\/p>\n<p>Ha\u0142as zewn\u0119trzny: 72 dB<\/p>\n","protected":false},"featured_media":8920,"template":"","meta":{"_uag_custom_page_level_css":""},"product_brand":[380],"product_cat":[414,413,412,415],"product_tag":[],"class_list":{"0":"post-8919","1":"product","2":"type-product","3":"status-publish","4":"has-post-thumbnail","6":"product_brand-lanvigator","7":"product_cat-do-samochodow-osobowych-i-suv","8":"product_cat-opony","9":"product_cat-opony-i-felgi","10":"product_cat-zimowe","12":"first","13":"instock","14":"sale","15":"shipping-taxable","16":"purchasable","17":"product-type-simple"},"uagb_featured_image_src":{"full":["https:\/\/oponixo.shop\/tire\/wp-content\/uploads\/2025\/12\/allegro-image-8919.jpg",907,937,false],"thumbnail":["https:\/\/oponixo.shop\/tire\/wp-content\/uploads\/2025\/12\/allegro-image-8919-150x150.jpg",150,150,true],"medium":["https:\/\/oponixo.shop\/tire\/wp-content\/uploads\/2025\/12\/allegro-image-8919-290x300.jpg",290,300,true],"medium_large":["https:\/\/oponixo.shop\/tire\/wp-content\/uploads\/2025\/12\/allegro-image-8919-768x793.jpg",768,793,true],"large":["https:\/\/oponixo.shop\/tire\/wp-content\/uploads\/2025\/12\/allegro-image-8919.jpg",907,937,false],"1536x1536":["https:\/\/oponixo.shop\/tire\/wp-content\/uploads\/2025\/12\/allegro-image-8919.jpg",907,937,false],"2048x2048":["https:\/\/oponixo.shop\/tire\/wp-content\/uploads\/2025\/12\/allegro-image-8919.jpg",907,937,false],"woocommerce_thumbnail":["https:\/\/oponixo.shop\/tire\/wp-content\/uploads\/2025\/12\/allegro-image-8919-300x300.jpg",300,300,true],"woocommerce_single":["https:\/\/oponixo.shop\/tire\/wp-content\/uploads\/2025\/12\/allegro-image-8919-600x620.jpg",600,620,true],"woocommerce_gallery_thumbnail":["https:\/\/oponixo.shop\/tire\/wp-content\/uploads\/2025\/12\/allegro-image-8919-100x100.jpg",100,100,true]},"uagb_author_info":{"display_name":"admin","author_link":"https:\/\/oponixo.shop\/tire\/author\/"},"uagb_comment_info":0,"uagb_excerpt":"OPONA LANVIGATOR Snowpower 195\/65R15 Zimowe komplet 4 sztuki KATEGORIA: Opony\/Osobowe Typ: TL - bezd\u0119tkowa Indeks pr\u0119dko\u015bci: T - 190 km\/h Indeks no\u015bno\u015bci: 91 - 615 kg Opory toczenia: Klasa D Przyczepno\u015b\u0107 na mokrej nawierzchni: Klasa D Ha\u0142as zewn\u0119trzny: 72 dB","_links":{"self":[{"href":"https:\/\/oponixo.shop\/tire\/wp-json\/wp\/v2\/product\/8919","targetHints":{"allow":["GET"]}}],"collection":[{"href":"https:\/\/oponixo.shop\/tire\/wp-json\/wp\/v2\/product"}],"about":[{"href":"https:\/\/oponixo.shop\/tire\/wp-json\/wp\/v2\/types\/product"}],"wp:featuredmedia":[{"embeddable":true,"href":"https:\/\/oponixo.shop\/tire\/wp-json\/wp\/v2\/media\/8920"}],"wp:attachment":[{"href":"https:\/\/oponixo.shop\/tire\/wp-json\/wp\/v2\/media?parent=8919"}],"wp:term":[{"taxonomy":"product_brand","embeddable":true,"href":"https:\/\/oponixo.shop\/tire\/wp-json\/wp\/v2\/product_brand?post=8919"},{"taxonomy":"product_cat","embeddable":true,"href":"https:\/\/oponixo.shop\/tire\/wp-json\/wp\/v2\/product_cat?post=8919"},{"taxonomy":"product_tag","embeddable":true,"href":"https:\/\/oponixo.shop\/tire\/wp-json\/wp\/v2\/product_tag?post=8919"}],"curies":[{"name":"wp","href":"https:\/\/api.w.org\/{rel}","templated":true}]}}