{"id":9063,"date":"2025-12-24T01:50:39","date_gmt":"2025-12-24T01:50:39","guid":{"rendered":"https:\/\/oponyexpert.shop\/xef5\/produkt\/2x-nexen-nblue-4season-205-55r16-91h\/"},"modified":"2025-12-24T01:50:39","modified_gmt":"2025-12-24T01:50:39","slug":"2x-nexen-nblue-4season-205-55r16-91h","status":"publish","type":"product","link":"https:\/\/oponixo.shop\/tire\/produkt\/2x-nexen-nblue-4season-205-55r16-91h\/","title":{"rendered":"2x Nexen NBlue 4Season 205\/55R16 91H"},"content":{"rendered":"<div style=\"font-family: Arial, sans-serif; line-height: 1.6; color: #333; padding: 20px; clear: both; display: block; width: 100%; float: none; position: static; overflow: hidden;\">\n<div style=\"clear: both; display: block; margin: 10px 0;\">\n<div style=\"clear: both; display: block; margin: 10px 0;\">\n<div style=\"clear: both; display: block; margin: 10px 0;\">\n<h1>Nexen N&#8217;Blue 4Season <\/h1>\n<h1>205\/55 R16 91H do 210 km\/h<\/h1>\n<h2>Kod produktu: 8807622100475<\/h2>\n<p style=\"margin: 15px 0; line-height: 1.8; clear: both; display: block; width: 100%; float: none; position: static;\">Opony Nexen N&#8217;Blue 4Season s\u0105 przeznaczone do u\u017cytku przez ca\u0142y rok, co oznacza, \u017ce \u200b\u200bs\u0105 one zaprojektowane do zapewnienia wydajno\u015bci i bezpiecze\u0144stwa w r\u00f3\u017cnorodnych warunkach pogodowych, od suchych, przez deszczowe do zimowych. Oto kilka cech i zalet tych opon: Uniwersalno\u015b\u0107: Opony Nexen N&#8217;Blue 4Season s\u0105 przeznaczone do u\u017cytku przez ca\u0142y rok, co oznacza, \u017ce \u200b\u200bnie trzeba ich wymienia\u0107 w zale\u017cno\u015bci od sezonu. Dzi\u0119ki temu kierowcy mog\u0105 cieszy\u0107 si\u0119 komfortem i oszcz\u0119dno\u015bci\u0105 zwi\u0105zanych z posiadaniem tylko jednego kompletu opon przez ca\u0142y rok. Wydajno\u015b\u0107 w r\u00f3\u017cnych warunkach: Dzi\u0119ki specjalnie zaprojektowanemu bie\u017cnikowi i mieszance gumy, opony te oferuj\u0105 dobr\u0105 przyczepno\u015b\u0107 i kontrol\u0119 zar\u00f3wno na suchych, jak i mokrych nawierzchniach. Dodatkowo, ich zdolno\u015b\u0107 do radzenia sobie z niewielk\u0105 ilo\u015bci\u0105 \u015bniegu oraz \u015bliskimi drogami zimowymi sprawia, \u017ce s\u0105 one odpowiednie dla obszar\u00f3w o \u0142agodniejszym klimacie z umiarkowanymi warunkami zimowymi. Komfort jazdy: Konstrukcja opon Nexen N&#8217;Blue 4Season jest zaprojektowana z my\u015bl\u0105 o komforcie jazdy. Dzi\u0119ki odpowiedniej absorpcji drga\u0144 i ha\u0142asu, zapewniaj\u0105 one p\u0142ynne i ciche prowadzenie, co przek\u0142ada si\u0119 na przyjemno\u015b\u0107 z podr\u00f3\u017cowania. Oszcz\u0119dno\u015b\u0107: Posiadanie tylko jednego kompletu opon przez ca\u0142y rok oznacza, \u017ce \u200b\u200bkierowcy oszcz\u0119dzaj\u0105 czas i pieni\u0105dze, kt\u00f3re musieliby po\u015bwi\u0119ci\u0107 na wymian\u0119 opon wraz ze zmian\u0105 p\u00f3r roku. Ponadto, opony te s\u0105 zaprojektowane z my\u015bl\u0105 o niskim oporze toczenia, co mo\u017ce przyczyni\u0107 si\u0119 do oszcz\u0119dno\u015bci paliwa. <\/p>\n","protected":false},"excerpt":{"rendered":"<p>Nexen N&#039;Blue 4Season<\/p>\n<p>205\/55 R16 91H do 210 km\/h<\/p>\n<p>Kod produktu: 8807622100475<\/p>\n","protected":false},"featured_media":9064,"template":"","meta":{"_uag_custom_page_level_css":""},"product_brand":[392],"product_cat":[416,414,413,412],"product_tag":[],"class_list":{"0":"post-9063","1":"product","2":"type-product","3":"status-publish","4":"has-post-thumbnail","6":"product_brand-nexen","7":"product_cat-caloroczne","8":"product_cat-do-samochodow-osobowych-i-suv","9":"product_cat-opony","10":"product_cat-opony-i-felgi","12":"first","13":"instock","14":"sale","15":"shipping-taxable","16":"purchasable","17":"product-type-simple"},"uagb_featured_image_src":{"full":["https:\/\/oponixo.shop\/tire\/wp-content\/uploads\/2025\/12\/allegro-image-9063.jpg",750,1024,false],"thumbnail":["https:\/\/oponixo.shop\/tire\/wp-content\/uploads\/2025\/12\/allegro-image-9063-150x150.jpg",150,150,true],"medium":["https:\/\/oponixo.shop\/tire\/wp-content\/uploads\/2025\/12\/allegro-image-9063-220x300.jpg",220,300,true],"medium_large":["https:\/\/oponixo.shop\/tire\/wp-content\/uploads\/2025\/12\/allegro-image-9063.jpg",750,1024,false],"large":["https:\/\/oponixo.shop\/tire\/wp-content\/uploads\/2025\/12\/allegro-image-9063.jpg",750,1024,false],"1536x1536":["https:\/\/oponixo.shop\/tire\/wp-content\/uploads\/2025\/12\/allegro-image-9063.jpg",750,1024,false],"2048x2048":["https:\/\/oponixo.shop\/tire\/wp-content\/uploads\/2025\/12\/allegro-image-9063.jpg",750,1024,false],"woocommerce_thumbnail":["https:\/\/oponixo.shop\/tire\/wp-content\/uploads\/2025\/12\/allegro-image-9063-300x300.jpg",300,300,true],"woocommerce_single":["https:\/\/oponixo.shop\/tire\/wp-content\/uploads\/2025\/12\/allegro-image-9063-600x819.jpg",600,819,true],"woocommerce_gallery_thumbnail":["https:\/\/oponixo.shop\/tire\/wp-content\/uploads\/2025\/12\/allegro-image-9063-100x100.jpg",100,100,true]},"uagb_author_info":{"display_name":"admin","author_link":"https:\/\/oponixo.shop\/tire\/author\/"},"uagb_comment_info":0,"uagb_excerpt":"Nexen N&#039;Blue 4Season 205\/55 R16 91H do 210 km\/h Kod produktu: 8807622100475","_links":{"self":[{"href":"https:\/\/oponixo.shop\/tire\/wp-json\/wp\/v2\/product\/9063","targetHints":{"allow":["GET"]}}],"collection":[{"href":"https:\/\/oponixo.shop\/tire\/wp-json\/wp\/v2\/product"}],"about":[{"href":"https:\/\/oponixo.shop\/tire\/wp-json\/wp\/v2\/types\/product"}],"wp:featuredmedia":[{"embeddable":true,"href":"https:\/\/oponixo.shop\/tire\/wp-json\/wp\/v2\/media\/9064"}],"wp:attachment":[{"href":"https:\/\/oponixo.shop\/tire\/wp-json\/wp\/v2\/media?parent=9063"}],"wp:term":[{"taxonomy":"product_brand","embeddable":true,"href":"https:\/\/oponixo.shop\/tire\/wp-json\/wp\/v2\/product_brand?post=9063"},{"taxonomy":"product_cat","embeddable":true,"href":"https:\/\/oponixo.shop\/tire\/wp-json\/wp\/v2\/product_cat?post=9063"},{"taxonomy":"product_tag","embeddable":true,"href":"https:\/\/oponixo.shop\/tire\/wp-json\/wp\/v2\/product_tag?post=9063"}],"curies":[{"name":"wp","href":"https:\/\/api.w.org\/{rel}","templated":true}]}}