{"id":9067,"date":"2025-12-24T01:50:40","date_gmt":"2025-12-24T01:50:40","guid":{"rendered":"https:\/\/oponyexpert.shop\/xef5\/produkt\/1x-opona-215-65r16-98v-goodride-z-401-caloroczna-nowa-rok-2025\/"},"modified":"2025-12-24T01:50:41","modified_gmt":"2025-12-24T01:50:41","slug":"1x-opona-215-65r16-98v-goodride-z-401-caloroczna-nowa-rok-2025","status":"publish","type":"product","link":"https:\/\/oponixo.shop\/tire\/produkt\/1x-opona-215-65r16-98v-goodride-z-401-caloroczna-nowa-rok-2025\/","title":{"rendered":"1x OPONA 215\/65R16 98V GOODRIDE Z-401 CA\u0141OROCZNA NOWA ROK 2025"},"content":{"rendered":"<div style=\"font-family: Arial, sans-serif; line-height: 1.6; color: #333; padding: 20px; clear: both; display: block; width: 100%; float: none; position: static; overflow: hidden;\">\n<div style=\"clear: both; display: block; margin: 10px 0;\">\n<div style=\"clear: both; display: block; margin: 10px 0;\">\n<div style=\"clear: both; display: block; margin: 10px 0;\">\n<div  style=\"max-width:1440px;max-height:262px\">\n<div style=\"clear: both; display: block; margin: 10px 0;\">\n<div style=\"clear: both; width: 100%; display: block; margin: 20px 0; padding: 0; float: none; position: static; text-align: center;\"><img decoding=\"async\"  src=\"https:\/\/a.allegroimg.com\/original\/119072\/ea44740748fab6044929f85ba69a\/1x-OPONA-215-65R16-98V-GOODRIDE-Z-401-CALOROCZNA-NOWA-ROK-2025-Szerokosc-opony-215-mm\" srcset=\"https:\/\/a.allegroimg.com\/original\/119072\/ea44740748fab6044929f85ba69a\/1x-OPONA-215-65R16-98V-GOODRIDE-Z-401-CALOROCZNA-NOWA-ROK-2025-Szerokosc-opony-215-mm 360w,https:\/\/a.allegroimg.com\/original\/119072\/ea44740748fab6044929f85ba69a\/1x-OPONA-215-65R16-98V-GOODRIDE-Z-401-CALOROCZNA-NOWA-ROK-2025-Szerokosc-opony-215-mm 720w,https:\/\/a.allegroimg.com\/original\/119072\/ea44740748fab6044929f85ba69a\/1x-OPONA-215-65R16-98V-GOODRIDE-Z-401-CALOROCZNA-NOWA-ROK-2025-Szerokosc-opony-215-mm 1024w,https:\/\/a.allegroimg.com\/original\/119072\/ea44740748fab6044929f85ba69a\/1x-OPONA-215-65R16-98V-GOODRIDE-Z-401-CALOROCZNA-NOWA-ROK-2025-Szerokosc-opony-215-mm 1440w,https:\/\/a.allegroimg.com\/original\/119072\/ea44740748fab6044929f85ba69a\/1x-OPONA-215-65R16-98V-GOODRIDE-Z-401-CALOROCZNA-NOWA-ROK-2025-Szerokosc-opony-215-mm 1440w\" sizes=\"100vw\" width=\"1440px\" alt=\"1x OPONA 215\/65R16 98V GOODRIDE Z-401 CA\u0141OROCZNA NOWA ROK 2025 Szeroko\u015b\u0107 opony 215 mm\"\/ style=\"max-width: 100%; height: auto; display: block; margin: 0 auto;\"><\/div>\n<\/div>\n<\/div>\n<\/div>\n<\/div>\n<\/div>\n<div style=\"clear: both; display: block; margin: 10px 0;\">\n<div style=\"clear: both; display: block; margin: 10px 0;\">\n<div style=\"clear: both; display: block; margin: 10px 0;\">\n<h1>1x OPONA CA\u0141OROCZNA<\/h1>\n<h1>ROZMIAR \u27a1\ufe0f&nbsp;215\/65R16<\/h1>\n<p style=\"margin: 15px 0; line-height: 1.8; clear: both; display: block; width: 100%; float: none; position: static;\">Indeks pr\u0119dko\u015bci: <b>V (do 240km\/h)<\/b><\/p>\n<p style=\"margin: 15px 0; line-height: 1.8; clear: both; display: block; width: 100%; float: none; position: static;\">Indeks no\u015bno\u015bci: <b>98 (obci\u0105\u017cenie do 750kg na 1 opon\u0119)<\/b><\/p>\n<p style=\"margin: 15px 0; line-height: 1.8; clear: both; display: block; width: 100%; float: none; position: static;\">Marka:&nbsp;<b>Goodride<\/b><\/p>\n<p style=\"margin: 15px 0; line-height: 1.8; clear: both; display: block; width: 100%; float: none; position: static;\">Nazwa modelu: <b>Goodride All Season Elite Z-401<\/b><\/p>\n<p style=\"margin: 15px 0; line-height: 1.8; clear: both; display: block; width: 100%; float: none; position: static;\">Rodzaj pojazd\u00f3w:<b> Osobowy<\/b><\/p>\n<p style=\"margin: 15px 0; line-height: 1.8; clear: both; display: block; width: 100%; float: none; position: static;\">Sezon:&nbsp;<b>Opony ca\u0142oroczne<\/b><\/p>\n<p style=\"margin: 15px 0; line-height: 1.8; clear: both; display: block; width: 100%; float: none; position: static;\">Segment:&nbsp;<b>Klasa ekonomiczna<\/b><\/p>\n<h1>ROK PRODUKCJI \u27a1\ufe0f 2025<\/h1>\n<p style=\"margin: 15px 0; line-height: 1.8; clear: both; display: block; width: 100%; float: none; position: static;\">Nowoczesna, kierunkowa, atrakcyjna wizualnie rze\u017aba bie\u017cnika.<\/p>\n<h1>ZALETY\u2935\ufe0f<\/h1>\n<p style=\"margin: 15px 0; line-height: 1.8; clear: both; display: block; width: 100%; float: none; position: static;\">\u2705 <b>Bardzo dobre odprowadzanie wody i b\u0142ota po\u015bniegowego<\/b> z czo\u0142a opony<\/p>\n<p style=\"margin: 15px 0; line-height: 1.8; clear: both; display: block; width: 100%; float: none; position: static;\">\u2705 <b>Niski op\u00f3r toczenia <\/b>to oszcz\u0119dno\u015b\u0107 paliwa<\/p>\n<p style=\"margin: 15px 0; line-height: 1.8; clear: both; display: block; width: 100%; float: none; position: static;\">\u2705 <b>\u015awietna kierowalno\u015b\u0107<\/b> w trakcie zimy jak i latem<\/p>\n<p style=\"margin: 15px 0; line-height: 1.8; clear: both; display: block; width: 100%; float: none; position: static;\"><b>\u2705 Certyfikat 3PMSF<\/b> &#8211; Oznaczenie 3PMSF (Three-Peak Mountain Snow Flake) przyjmuje form\u0119 p\u0142atka \u015bniegu na tle trzech szczyt\u00f3w g\u00f3rskich. Jest to jedyny wyznacznik opony wielosezonowej oraz zimowej, kt\u00f3ry faktycznie potwierdza ich w\u0142a\u015bciwo\u015bci na \u015bniegu. S\u0105 one weryfikowane w wymagaj\u0105cych testach.<\/p>\n<p style=\"margin: 15px 0; line-height: 1.8; clear: both; display: block; width: 100%; float: none; position: static;\"><b>\u2705 Wygoda oraz oszcz\u0119dno\u015b\u0107<\/b> \u2013 odchodzi konieczno\u015b\u0107 obowi\u0105zkowej wizyty w serwisie dwa razy w roku, a tak\u017ce magazynowania drugiego kompletu.<\/p>\n<p style=\"margin: 15px 0; line-height: 1.8; clear: both; display: block; width: 100%; float: none; position: static;\">\u2705 <b>Atrakcyjna cena<\/b><\/p>\n<\/div>\n<\/div>\n<div style=\"clear: both; display: block; margin: 10px 0;\">\n<div style=\"clear: both; display: block; margin: 10px 0;\">\n<div  style=\"max-width:1613px;max-height:2560px\">\n<div style=\"clear: both; display: block; margin: 10px 0;\">\n<div style=\"clear: both; width: 100%; display: block; margin: 20px 0; padding: 0; float: none; position: static; text-align: center;\"><img decoding=\"async\"  src=\"https:\/\/a.allegroimg.com\/original\/11b105\/f1316de644d2a4675368d35e1f98\/1x-OPONA-215-65R16-98V-GOODRIDE-Z-401-CALOROCZNA-NOWA-ROK-2025-Kod-producenta-03010442601G1H590201\" srcset=\"https:\/\/a.allegroimg.com\/original\/11b105\/f1316de644d2a4675368d35e1f98\/1x-OPONA-215-65R16-98V-GOODRIDE-Z-401-CALOROCZNA-NOWA-ROK-2025-Kod-producenta-03010442601G1H590201 226w,https:\/\/a.allegroimg.com\/original\/11b105\/f1316de644d2a4675368d35e1f98\/1x-OPONA-215-65R16-98V-GOODRIDE-Z-401-CALOROCZNA-NOWA-ROK-2025-Kod-producenta-03010442601G1H590201 453w,https:\/\/a.allegroimg.com\/original\/11b105\/f1316de644d2a4675368d35e1f98\/1x-OPONA-215-65R16-98V-GOODRIDE-Z-401-CALOROCZNA-NOWA-ROK-2025-Kod-producenta-03010442601G1H590201 645w,https:\/\/a.allegroimg.com\/original\/11b105\/f1316de644d2a4675368d35e1f98\/1x-OPONA-215-65R16-98V-GOODRIDE-Z-401-CALOROCZNA-NOWA-ROK-2025-Kod-producenta-03010442601G1H590201 907w,https:\/\/a.allegroimg.com\/original\/11b105\/f1316de644d2a4675368d35e1f98\/1x-OPONA-215-65R16-98V-GOODRIDE-Z-401-CALOROCZNA-NOWA-ROK-2025-Kod-producenta-03010442601G1H590201 1613w\" sizes=\"(min-width: 1200px) 560px, (min-width: 992px) 50vw, 100vw\" width=\"1613px\" alt=\"1x OPONA 215\/65R16 98V GOODRIDE Z-401 CA\u0141OROCZNA NOWA ROK 2025 Kod producenta 03010442601G1H590201\"\/ style=\"max-width: 100%; height: auto; display: block; margin: 0 auto;\"><\/div>\n<\/div>\n<\/div>\n<\/div>\n<\/div>\n<\/div>\n<div style=\"clear: both; display: block; margin: 10px 0;\">\n<div style=\"clear: both; display: block; margin: 10px 0;\">\n<div style=\"clear: both; display: block; margin: 10px 0;\">\n<div  style=\"max-width:2232px;max-height:602px\">\n<div style=\"clear: both; display: block; margin: 10px 0;\">\n<div style=\"clear: both; width: 100%; display: block; margin: 20px 0; padding: 0; float: none; position: static; text-align: center;\"><img decoding=\"async\"  src=\"https:\/\/a.allegroimg.com\/original\/11175e\/4e82de314b0da043778fb9005268\/1x-OPONA-215-65R16-98V-GOODRIDE-Z-401-CALOROCZNA-NOWA-ROK-2025-Klasa-ekonomiczna\" srcset=\"https:\/\/a.allegroimg.com\/original\/11175e\/4e82de314b0da043778fb9005268\/1x-OPONA-215-65R16-98V-GOODRIDE-Z-401-CALOROCZNA-NOWA-ROK-2025-Klasa-ekonomiczna 360w,https:\/\/a.allegroimg.com\/original\/11175e\/4e82de314b0da043778fb9005268\/1x-OPONA-215-65R16-98V-GOODRIDE-Z-401-CALOROCZNA-NOWA-ROK-2025-Klasa-ekonomiczna 720w,https:\/\/a.allegroimg.com\/original\/11175e\/4e82de314b0da043778fb9005268\/1x-OPONA-215-65R16-98V-GOODRIDE-Z-401-CALOROCZNA-NOWA-ROK-2025-Klasa-ekonomiczna 1024w,https:\/\/a.allegroimg.com\/original\/11175e\/4e82de314b0da043778fb9005268\/1x-OPONA-215-65R16-98V-GOODRIDE-Z-401-CALOROCZNA-NOWA-ROK-2025-Klasa-ekonomiczna 1440w,https:\/\/a.allegroimg.com\/original\/11175e\/4e82de314b0da043778fb9005268\/1x-OPONA-215-65R16-98V-GOODRIDE-Z-401-CALOROCZNA-NOWA-ROK-2025-Klasa-ekonomiczna 2232w\" sizes=\"100vw\" width=\"2232px\" alt=\"1x OPONA 215\/65R16 98V GOODRIDE Z-401 CA\u0141OROCZNA NOWA ROK 2025 Klasa ekonomiczna\"\/ style=\"max-width: 100%; height: auto; display: block; margin: 0 auto;\"><\/div>\n<\/div>\n<\/div>\n<\/div>\n<\/div>\n<\/div>\n<div style=\"clear: both; display: block; margin: 10px 0;\">\n<div style=\"clear: both; display: block; margin: 10px 0;\">\n<div style=\"clear: both; display: block; margin: 10px 0;\">\n<div  style=\"max-width:1084px;max-height:2560px\">\n<div style=\"clear: both; display: block; margin: 10px 0;\">\n<div style=\"clear: both; width: 100%; display: block; margin: 20px 0; padding: 0; float: none; position: static; text-align: center;\"><img decoding=\"async\"  src=\"https:\/\/a.allegroimg.com\/original\/117b93\/7c93dc264397a7a1cd186d7a92e6\/1x-OPONA-215-65R16-98V-GOODRIDE-Z-401-CALOROCZNA-NOWA-ROK-2025-Model-All-Season-Elite-Z-401\" srcset=\"https:\/\/a.allegroimg.com\/original\/117b93\/7c93dc264397a7a1cd186d7a92e6\/1x-OPONA-215-65R16-98V-GOODRIDE-Z-401-CALOROCZNA-NOWA-ROK-2025-Model-All-Season-Elite-Z-401 152w,https:\/\/a.allegroimg.com\/original\/117b93\/7c93dc264397a7a1cd186d7a92e6\/1x-OPONA-215-65R16-98V-GOODRIDE-Z-401-CALOROCZNA-NOWA-ROK-2025-Model-All-Season-Elite-Z-401 304w,https:\/\/a.allegroimg.com\/original\/117b93\/7c93dc264397a7a1cd186d7a92e6\/1x-OPONA-215-65R16-98V-GOODRIDE-Z-401-CALOROCZNA-NOWA-ROK-2025-Model-All-Season-Elite-Z-401 433w,https:\/\/a.allegroimg.com\/original\/117b93\/7c93dc264397a7a1cd186d7a92e6\/1x-OPONA-215-65R16-98V-GOODRIDE-Z-401-CALOROCZNA-NOWA-ROK-2025-Model-All-Season-Elite-Z-401 609w,https:\/\/a.allegroimg.com\/original\/117b93\/7c93dc264397a7a1cd186d7a92e6\/1x-OPONA-215-65R16-98V-GOODRIDE-Z-401-CALOROCZNA-NOWA-ROK-2025-Model-All-Season-Elite-Z-401 1084w\" sizes=\"100vw\" width=\"1084px\" alt=\"1x OPONA 215\/65R16 98V GOODRIDE Z-401 CA\u0141OROCZNA NOWA ROK 2025 Model All Season Elite Z-401\"\/ style=\"max-width: 100%; height: auto; display: block; margin: 0 auto;\"><\/div>\n<\/div>\n<\/div>\n<\/div>\n<\/div>\n<\/div>\n<div style=\"clear: both; display: block; margin: 10px 0;\">\n<div style=\"clear: both; display: block; margin: 10px 0;\">\n<div style=\"clear: both; display: block; margin: 10px 0;\">\n<div  style=\"max-width:2232px;max-height:602px\">\n<div style=\"clear: both; display: block; margin: 10px 0;\">\n<div style=\"clear: both; width: 100%; display: block; margin: 20px 0; padding: 0; float: none; position: static; text-align: center;\"><img decoding=\"async\"  src=\"https:\/\/a.allegroimg.com\/original\/11175e\/4e82de314b0da043778fb9005268\/1x-OPONA-215-65R16-98V-GOODRIDE-Z-401-CALOROCZNA-NOWA-ROK-2025-Klasa-ekonomiczna\" srcset=\"https:\/\/a.allegroimg.com\/original\/11175e\/4e82de314b0da043778fb9005268\/1x-OPONA-215-65R16-98V-GOODRIDE-Z-401-CALOROCZNA-NOWA-ROK-2025-Klasa-ekonomiczna 360w,https:\/\/a.allegroimg.com\/original\/11175e\/4e82de314b0da043778fb9005268\/1x-OPONA-215-65R16-98V-GOODRIDE-Z-401-CALOROCZNA-NOWA-ROK-2025-Klasa-ekonomiczna 720w,https:\/\/a.allegroimg.com\/original\/11175e\/4e82de314b0da043778fb9005268\/1x-OPONA-215-65R16-98V-GOODRIDE-Z-401-CALOROCZNA-NOWA-ROK-2025-Klasa-ekonomiczna 1024w,https:\/\/a.allegroimg.com\/original\/11175e\/4e82de314b0da043778fb9005268\/1x-OPONA-215-65R16-98V-GOODRIDE-Z-401-CALOROCZNA-NOWA-ROK-2025-Klasa-ekonomiczna 1440w,https:\/\/a.allegroimg.com\/original\/11175e\/4e82de314b0da043778fb9005268\/1x-OPONA-215-65R16-98V-GOODRIDE-Z-401-CALOROCZNA-NOWA-ROK-2025-Klasa-ekonomiczna 2232w\" sizes=\"100vw\" width=\"2232px\" alt=\"1x OPONA 215\/65R16 98V GOODRIDE Z-401 CA\u0141OROCZNA NOWA ROK 2025 Klasa ekonomiczna\"\/ style=\"max-width: 100%; height: auto; display: block; margin: 0 auto;\"><\/div>\n<\/div>\n<\/div>\n<\/div>\n<\/div>\n<\/div>\n<div style=\"clear: both; display: block; margin: 10px 0;\">\n<div style=\"clear: both; display: block; margin: 10px 0;\">\n<div style=\"clear: both; display: block; margin: 10px 0;\">\n<div  style=\"max-width:1637px;max-height:2560px\">\n<div style=\"clear: both; display: block; margin: 10px 0;\">\n<div style=\"clear: both; width: 100%; display: block; margin: 20px 0; padding: 0; float: none; position: static; text-align: center;\"><img decoding=\"async\"  src=\"https:\/\/a.allegroimg.com\/original\/110162\/5f6191724b1ab536c977f2b8061c\/1x-OPONA-215-65R16-98V-GOODRIDE-Z-401-CALOROCZNA-NOWA-ROK-2025-Marka-Goodride\" srcset=\"https:\/\/a.allegroimg.com\/original\/110162\/5f6191724b1ab536c977f2b8061c\/1x-OPONA-215-65R16-98V-GOODRIDE-Z-401-CALOROCZNA-NOWA-ROK-2025-Marka-Goodride 230w,https:\/\/a.allegroimg.com\/original\/110162\/5f6191724b1ab536c977f2b8061c\/1x-OPONA-215-65R16-98V-GOODRIDE-Z-401-CALOROCZNA-NOWA-ROK-2025-Marka-Goodride 460w,https:\/\/a.allegroimg.com\/original\/110162\/5f6191724b1ab536c977f2b8061c\/1x-OPONA-215-65R16-98V-GOODRIDE-Z-401-CALOROCZNA-NOWA-ROK-2025-Marka-Goodride 654w,https:\/\/a.allegroimg.com\/original\/110162\/5f6191724b1ab536c977f2b8061c\/1x-OPONA-215-65R16-98V-GOODRIDE-Z-401-CALOROCZNA-NOWA-ROK-2025-Marka-Goodride 920w,https:\/\/a.allegroimg.com\/original\/110162\/5f6191724b1ab536c977f2b8061c\/1x-OPONA-215-65R16-98V-GOODRIDE-Z-401-CALOROCZNA-NOWA-ROK-2025-Marka-Goodride 1637w\" sizes=\"100vw\" width=\"1637px\" alt=\"1x OPONA 215\/65R16 98V GOODRIDE Z-401 CA\u0141OROCZNA NOWA ROK 2025 Marka Goodride\"\/ style=\"max-width: 100%; height: auto; display: block; margin: 0 auto;\"><\/div>\n<\/div>\n<\/div>\n<\/div>\n<\/div>\n<\/div>\n<div style=\"clear: both; display: block; margin: 10px 0;\">\n<div style=\"clear: both; display: block; margin: 10px 0;\">\n<div style=\"clear: both; display: block; margin: 10px 0;\">\n<p style=\"margin: 15px 0; line-height: 1.8; clear: both; display: block; width: 100%; float: none; position: static;\">[215\/65R16VZ401]<\/p>\n<\/div>\n<\/div>\n<\/div>\n<\/div>\n<\/div>\n<\/div>\n<div style=\"clear: both; display: block; margin: 10px 0;\">\n","protected":false},"excerpt":{"rendered":"<p>1x OPONA CA\u0141OROCZNA<\/p>\n<p>ROZMIAR \u27a1\ufe0f&nbsp;215\/65R16<\/p>\n<p>Indeks pr\u0119dko\u015bci: V (do 240km\/h)<\/p>\n<p>Indeks no\u015bno\u015bci: 98 (obci\u0105\u017cenie do 750kg na 1 opon\u0119)<\/p>\n<p>Marka:&nbsp;Goodride<\/p>\n<p>Nazwa modelu: Goodride All Season Elite Z-401<\/p>\n<p>Rodzaj pojazd\u00f3w: Osobowy<\/p>\n<p>Sezon:&nbsp;Opony ca\u0142oroczne<\/p>\n","protected":false},"featured_media":9068,"template":"","meta":{"_uag_custom_page_level_css":""},"product_brand":[379],"product_cat":[416,414,413,412],"product_tag":[],"class_list":{"0":"post-9067","1":"product","2":"type-product","3":"status-publish","4":"has-post-thumbnail","6":"product_brand-goodride","7":"product_cat-caloroczne","8":"product_cat-do-samochodow-osobowych-i-suv","9":"product_cat-opony","10":"product_cat-opony-i-felgi","12":"first","13":"instock","14":"sale","15":"shipping-taxable","16":"purchasable","17":"product-type-simple"},"uagb_featured_image_src":{"full":["https:\/\/oponixo.shop\/tire\/wp-content\/uploads\/2025\/12\/allegro-image-9067.jpg",2000,2000,false],"thumbnail":["https:\/\/oponixo.shop\/tire\/wp-content\/uploads\/2025\/12\/allegro-image-9067-150x150.jpg",150,150,true],"medium":["https:\/\/oponixo.shop\/tire\/wp-content\/uploads\/2025\/12\/allegro-image-9067-300x300.jpg",300,300,true],"medium_large":["https:\/\/oponixo.shop\/tire\/wp-content\/uploads\/2025\/12\/allegro-image-9067-768x768.jpg",768,768,true],"large":["https:\/\/oponixo.shop\/tire\/wp-content\/uploads\/2025\/12\/allegro-image-9067-1024x1024.jpg",1024,1024,true],"1536x1536":["https:\/\/oponixo.shop\/tire\/wp-content\/uploads\/2025\/12\/allegro-image-9067-1536x1536.jpg",1536,1536,true],"2048x2048":["https:\/\/oponixo.shop\/tire\/wp-content\/uploads\/2025\/12\/allegro-image-9067.jpg",2000,2000,false],"woocommerce_thumbnail":["https:\/\/oponixo.shop\/tire\/wp-content\/uploads\/2025\/12\/allegro-image-9067-300x300.jpg",300,300,true],"woocommerce_single":["https:\/\/oponixo.shop\/tire\/wp-content\/uploads\/2025\/12\/allegro-image-9067-600x600.jpg",600,600,true],"woocommerce_gallery_thumbnail":["https:\/\/oponixo.shop\/tire\/wp-content\/uploads\/2025\/12\/allegro-image-9067-100x100.jpg",100,100,true]},"uagb_author_info":{"display_name":"admin","author_link":"https:\/\/oponixo.shop\/tire\/author\/"},"uagb_comment_info":0,"uagb_excerpt":"1x OPONA CA\u0141OROCZNA ROZMIAR \u27a1\ufe0f&nbsp;215\/65R16 Indeks pr\u0119dko\u015bci: V (do 240km\/h) Indeks no\u015bno\u015bci: 98 (obci\u0105\u017cenie do 750kg na 1 opon\u0119) Marka:&nbsp;Goodride Nazwa modelu: Goodride All Season Elite Z-401 Rodzaj pojazd\u00f3w: Osobowy Sezon:&nbsp;Opony ca\u0142oroczne","_links":{"self":[{"href":"https:\/\/oponixo.shop\/tire\/wp-json\/wp\/v2\/product\/9067","targetHints":{"allow":["GET"]}}],"collection":[{"href":"https:\/\/oponixo.shop\/tire\/wp-json\/wp\/v2\/product"}],"about":[{"href":"https:\/\/oponixo.shop\/tire\/wp-json\/wp\/v2\/types\/product"}],"wp:featuredmedia":[{"embeddable":true,"href":"https:\/\/oponixo.shop\/tire\/wp-json\/wp\/v2\/media\/9068"}],"wp:attachment":[{"href":"https:\/\/oponixo.shop\/tire\/wp-json\/wp\/v2\/media?parent=9067"}],"wp:term":[{"taxonomy":"product_brand","embeddable":true,"href":"https:\/\/oponixo.shop\/tire\/wp-json\/wp\/v2\/product_brand?post=9067"},{"taxonomy":"product_cat","embeddable":true,"href":"https:\/\/oponixo.shop\/tire\/wp-json\/wp\/v2\/product_cat?post=9067"},{"taxonomy":"product_tag","embeddable":true,"href":"https:\/\/oponixo.shop\/tire\/wp-json\/wp\/v2\/product_tag?post=9067"}],"curies":[{"name":"wp","href":"https:\/\/api.w.org\/{rel}","templated":true}]}}