{"id":9127,"date":"2025-12-24T01:54:39","date_gmt":"2025-12-24T01:54:39","guid":{"rendered":"https:\/\/oponyexpert.shop\/xef5\/produkt\/4x-195-55r16-z-401-91v-goodride-caloroczne-nowe-xl-rok-2025\/"},"modified":"2025-12-24T01:54:40","modified_gmt":"2025-12-24T01:54:40","slug":"4x-195-55r16-z-401-91v-goodride-caloroczne-nowe-xl-rok-2025","status":"publish","type":"product","link":"https:\/\/oponixo.shop\/tire\/produkt\/4x-195-55r16-z-401-91v-goodride-caloroczne-nowe-xl-rok-2025\/","title":{"rendered":"4x 195\/55R16 Z-401 91V GOODRIDE ca\u0142oroczne nowe XL ROK 2025"},"content":{"rendered":"<div style=\"font-family: Arial, sans-serif; line-height: 1.6; color: #333; padding: 20px; clear: both; display: block; width: 100%; float: none; position: static; overflow: hidden;\">\n<div style=\"clear: both; display: block; margin: 10px 0;\">\n<div style=\"clear: both; display: block; margin: 10px 0;\">\n<div style=\"clear: both; display: block; margin: 10px 0;\">\n<div  style=\"max-width:1440px;max-height:262px\">\n<div style=\"clear: both; display: block; margin: 10px 0;\">\n<div style=\"clear: both; width: 100%; display: block; margin: 20px 0; padding: 0; float: none; position: static; text-align: center;\"><img decoding=\"async\"  src=\"https:\/\/a.allegroimg.com\/original\/119407\/25c54f2e47f28ee18c40de246ed3\/4x-195-55R16-Z-401-91V-GOODRIDE-caloroczne-nowe-XL-ROK-2025-Profil-opony-55\" srcset=\"https:\/\/a.allegroimg.com\/original\/119407\/25c54f2e47f28ee18c40de246ed3\/4x-195-55R16-Z-401-91V-GOODRIDE-caloroczne-nowe-XL-ROK-2025-Profil-opony-55 360w,https:\/\/a.allegroimg.com\/original\/119407\/25c54f2e47f28ee18c40de246ed3\/4x-195-55R16-Z-401-91V-GOODRIDE-caloroczne-nowe-XL-ROK-2025-Profil-opony-55 720w,https:\/\/a.allegroimg.com\/original\/119407\/25c54f2e47f28ee18c40de246ed3\/4x-195-55R16-Z-401-91V-GOODRIDE-caloroczne-nowe-XL-ROK-2025-Profil-opony-55 1024w,https:\/\/a.allegroimg.com\/original\/119407\/25c54f2e47f28ee18c40de246ed3\/4x-195-55R16-Z-401-91V-GOODRIDE-caloroczne-nowe-XL-ROK-2025-Profil-opony-55 1440w,https:\/\/a.allegroimg.com\/original\/119407\/25c54f2e47f28ee18c40de246ed3\/4x-195-55R16-Z-401-91V-GOODRIDE-caloroczne-nowe-XL-ROK-2025-Profil-opony-55 1440w\" sizes=\"100vw\" width=\"1440px\" alt=\"4x 195\/55R16 Z-401 91V GOODRIDE ca\u0142oroczne nowe XL ROK 2025 Profil opony 55\"\/ style=\"max-width: 100%; height: auto; display: block; margin: 0 auto;\"><\/div>\n<\/div>\n<\/div>\n<\/div>\n<\/div>\n<\/div>\n<div style=\"clear: both; display: block; margin: 10px 0;\">\n<div style=\"clear: both; display: block; margin: 10px 0;\">\n<div style=\"clear: both; display: block; margin: 10px 0;\">\n<h2>Przedmiot aukcji: komplet 4 sztuk fabrycznie nowych opon<\/h2>\n<p style=\"margin: 15px 0; line-height: 1.8; clear: both; display: block; width: 100%; float: none; position: static;\">Rozmiar: <b>195\/55R16<\/b><\/p>\n<p style=\"margin: 15px 0; line-height: 1.8; clear: both; display: block; width: 100%; float: none; position: static;\">Indeksy pr\u0119dko\u015bci i no\u015bno\u015bci: <b>91V (do 240km\/h)<\/b><\/p>\n<p style=\"margin: 15px 0; line-height: 1.8; clear: both; display: block; width: 100%; float: none; position: static;\">Marka:&nbsp;<b>Goodride<\/b><\/p>\n<p style=\"margin: 15px 0; line-height: 1.8; clear: both; display: block; width: 100%; float: none; position: static;\">Rok produkcji:&nbsp;<b>2025<\/b><\/p>\n<p style=\"margin: 15px 0; line-height: 1.8; clear: both; display: block; width: 100%; float: none; position: static;\">Sezon:&nbsp;<b>opony ca\u0142oroczne z homologacj\u0105 zimow\u0105 <\/b><b>3PMSF<\/b><\/p>\n<p style=\"margin: 15px 0; line-height: 1.8; clear: both; display: block; width: 100%; float: none; position: static;\">Segment:&nbsp;<b>klasa ekonomiczna<\/b><\/p>\n<h1>Nowoczesna, kierunkowa, atrakcyjna wizualnie rze\u017aba bie\u017cnika.<\/h1>\n<p style=\"margin: 15px 0; line-height: 1.8; clear: both; display: block; width: 100%; float: none; position: static;\">zalety:<\/p>\n<p style=\"margin: 15px 0; line-height: 1.8; clear: both; display: block; width: 100%; float: none; position: static;\">Bardzo dobre odprowadzanie wody i b\u0142ota po\u015bniegowego z czo\u0142a opony<\/p>\n<p style=\"margin: 15px 0; line-height: 1.8; clear: both; display: block; width: 100%; float: none; position: static;\">R\u00f3wnomierny rozk\u0142ad obci\u0105\u017ce\u0144<\/p>\n<p style=\"margin: 15px 0; line-height: 1.8; clear: both; display: block; width: 100%; float: none; position: static;\">Niski op\u00f3r toczenia<\/p>\n<p style=\"margin: 15px 0; line-height: 1.8; clear: both; display: block; width: 100%; float: none; position: static;\">Bardzo dobra kierowalno\u015b\u0107<\/p>\n<\/div>\n<\/div>\n<div style=\"clear: both; display: block; margin: 10px 0;\">\n<div style=\"clear: both; display: block; margin: 10px 0;\">\n<div  style=\"max-width:1613px;max-height:2560px\">\n<div style=\"clear: both; display: block; margin: 10px 0;\">\n<div style=\"clear: both; width: 100%; display: block; margin: 20px 0; padding: 0; float: none; position: static; text-align: center;\"><img decoding=\"async\"  src=\"https:\/\/a.allegroimg.com\/original\/11b105\/f1316de644d2a4675368d35e1f98\/4x-195-55R16-Z-401-91V-GOODRIDE-caloroczne-nowe-XL-ROK-2025-Klasa-ekonomiczna\" srcset=\"https:\/\/a.allegroimg.com\/original\/11b105\/f1316de644d2a4675368d35e1f98\/4x-195-55R16-Z-401-91V-GOODRIDE-caloroczne-nowe-XL-ROK-2025-Klasa-ekonomiczna 226w,https:\/\/a.allegroimg.com\/original\/11b105\/f1316de644d2a4675368d35e1f98\/4x-195-55R16-Z-401-91V-GOODRIDE-caloroczne-nowe-XL-ROK-2025-Klasa-ekonomiczna 453w,https:\/\/a.allegroimg.com\/original\/11b105\/f1316de644d2a4675368d35e1f98\/4x-195-55R16-Z-401-91V-GOODRIDE-caloroczne-nowe-XL-ROK-2025-Klasa-ekonomiczna 645w,https:\/\/a.allegroimg.com\/original\/11b105\/f1316de644d2a4675368d35e1f98\/4x-195-55R16-Z-401-91V-GOODRIDE-caloroczne-nowe-XL-ROK-2025-Klasa-ekonomiczna 907w,https:\/\/a.allegroimg.com\/original\/11b105\/f1316de644d2a4675368d35e1f98\/4x-195-55R16-Z-401-91V-GOODRIDE-caloroczne-nowe-XL-ROK-2025-Klasa-ekonomiczna 1613w\" sizes=\"(min-width: 1200px) 560px, (min-width: 992px) 50vw, 100vw\" width=\"1613px\" alt=\"4x 195\/55R16 Z-401 91V GOODRIDE ca\u0142oroczne nowe XL ROK 2025 Klasa ekonomiczna\"\/ style=\"max-width: 100%; height: auto; display: block; margin: 0 auto;\"><\/div>\n<\/div>\n<\/div>\n<\/div>\n<\/div>\n<\/div>\n<div style=\"clear: both; display: block; margin: 10px 0;\">\n<div style=\"clear: both; display: block; margin: 10px 0;\">\n<div style=\"clear: both; display: block; margin: 10px 0;\">\n<div  style=\"max-width:2232px;max-height:602px\">\n<div style=\"clear: both; display: block; margin: 10px 0;\">\n<div style=\"clear: both; width: 100%; display: block; margin: 20px 0; padding: 0; float: none; position: static; text-align: center;\"><img decoding=\"async\"  src=\"https:\/\/a.allegroimg.com\/original\/11175e\/4e82de314b0da043778fb9005268\/4x-195-55R16-Z-401-91V-GOODRIDE-caloroczne-nowe-XL-ROK-2025-Marka-Goodride\" srcset=\"https:\/\/a.allegroimg.com\/original\/11175e\/4e82de314b0da043778fb9005268\/4x-195-55R16-Z-401-91V-GOODRIDE-caloroczne-nowe-XL-ROK-2025-Marka-Goodride 360w,https:\/\/a.allegroimg.com\/original\/11175e\/4e82de314b0da043778fb9005268\/4x-195-55R16-Z-401-91V-GOODRIDE-caloroczne-nowe-XL-ROK-2025-Marka-Goodride 720w,https:\/\/a.allegroimg.com\/original\/11175e\/4e82de314b0da043778fb9005268\/4x-195-55R16-Z-401-91V-GOODRIDE-caloroczne-nowe-XL-ROK-2025-Marka-Goodride 1024w,https:\/\/a.allegroimg.com\/original\/11175e\/4e82de314b0da043778fb9005268\/4x-195-55R16-Z-401-91V-GOODRIDE-caloroczne-nowe-XL-ROK-2025-Marka-Goodride 1440w,https:\/\/a.allegroimg.com\/original\/11175e\/4e82de314b0da043778fb9005268\/4x-195-55R16-Z-401-91V-GOODRIDE-caloroczne-nowe-XL-ROK-2025-Marka-Goodride 2232w\" sizes=\"100vw\" width=\"2232px\" alt=\"4x 195\/55R16 Z-401 91V GOODRIDE ca\u0142oroczne nowe XL ROK 2025 Marka Goodride\"\/ style=\"max-width: 100%; height: auto; display: block; margin: 0 auto;\"><\/div>\n<\/div>\n<\/div>\n<\/div>\n<\/div>\n<\/div>\n<div style=\"clear: both; display: block; margin: 10px 0;\">\n<div style=\"clear: both; display: block; margin: 10px 0;\">\n<div style=\"clear: both; display: block; margin: 10px 0;\">\n<div  style=\"max-width:1084px;max-height:2560px\">\n<div style=\"clear: both; display: block; margin: 10px 0;\">\n<div style=\"clear: both; width: 100%; display: block; margin: 20px 0; padding: 0; float: none; position: static; text-align: center;\"><img decoding=\"async\"  src=\"https:\/\/a.allegroimg.com\/original\/117b93\/7c93dc264397a7a1cd186d7a92e6\/4x-195-55R16-Z-401-91V-GOODRIDE-caloroczne-nowe-XL-ROK-2025-Model-All-Season-Elite-Z-401\" srcset=\"https:\/\/a.allegroimg.com\/original\/117b93\/7c93dc264397a7a1cd186d7a92e6\/4x-195-55R16-Z-401-91V-GOODRIDE-caloroczne-nowe-XL-ROK-2025-Model-All-Season-Elite-Z-401 152w,https:\/\/a.allegroimg.com\/original\/117b93\/7c93dc264397a7a1cd186d7a92e6\/4x-195-55R16-Z-401-91V-GOODRIDE-caloroczne-nowe-XL-ROK-2025-Model-All-Season-Elite-Z-401 304w,https:\/\/a.allegroimg.com\/original\/117b93\/7c93dc264397a7a1cd186d7a92e6\/4x-195-55R16-Z-401-91V-GOODRIDE-caloroczne-nowe-XL-ROK-2025-Model-All-Season-Elite-Z-401 433w,https:\/\/a.allegroimg.com\/original\/117b93\/7c93dc264397a7a1cd186d7a92e6\/4x-195-55R16-Z-401-91V-GOODRIDE-caloroczne-nowe-XL-ROK-2025-Model-All-Season-Elite-Z-401 609w,https:\/\/a.allegroimg.com\/original\/117b93\/7c93dc264397a7a1cd186d7a92e6\/4x-195-55R16-Z-401-91V-GOODRIDE-caloroczne-nowe-XL-ROK-2025-Model-All-Season-Elite-Z-401 1084w\" sizes=\"100vw\" width=\"1084px\" alt=\"4x 195\/55R16 Z-401 91V GOODRIDE ca\u0142oroczne nowe XL ROK 2025 Model All Season Elite Z-401\"\/ style=\"max-width: 100%; height: auto; display: block; margin: 0 auto;\"><\/div>\n<\/div>\n<\/div>\n<\/div>\n<\/div>\n<\/div>\n<div style=\"clear: both; display: block; margin: 10px 0;\">\n<div style=\"clear: both; display: block; margin: 10px 0;\">\n<div style=\"clear: both; display: block; margin: 10px 0;\">\n<div  style=\"max-width:2232px;max-height:602px\">\n<div style=\"clear: both; display: block; margin: 10px 0;\">\n<div style=\"clear: both; width: 100%; display: block; margin: 20px 0; padding: 0; float: none; position: static; text-align: center;\"><img decoding=\"async\"  src=\"https:\/\/a.allegroimg.com\/original\/11175e\/4e82de314b0da043778fb9005268\/4x-195-55R16-Z-401-91V-GOODRIDE-caloroczne-nowe-XL-ROK-2025-Marka-Goodride\" srcset=\"https:\/\/a.allegroimg.com\/original\/11175e\/4e82de314b0da043778fb9005268\/4x-195-55R16-Z-401-91V-GOODRIDE-caloroczne-nowe-XL-ROK-2025-Marka-Goodride 360w,https:\/\/a.allegroimg.com\/original\/11175e\/4e82de314b0da043778fb9005268\/4x-195-55R16-Z-401-91V-GOODRIDE-caloroczne-nowe-XL-ROK-2025-Marka-Goodride 720w,https:\/\/a.allegroimg.com\/original\/11175e\/4e82de314b0da043778fb9005268\/4x-195-55R16-Z-401-91V-GOODRIDE-caloroczne-nowe-XL-ROK-2025-Marka-Goodride 1024w,https:\/\/a.allegroimg.com\/original\/11175e\/4e82de314b0da043778fb9005268\/4x-195-55R16-Z-401-91V-GOODRIDE-caloroczne-nowe-XL-ROK-2025-Marka-Goodride 1440w,https:\/\/a.allegroimg.com\/original\/11175e\/4e82de314b0da043778fb9005268\/4x-195-55R16-Z-401-91V-GOODRIDE-caloroczne-nowe-XL-ROK-2025-Marka-Goodride 2232w\" sizes=\"100vw\" width=\"2232px\" alt=\"4x 195\/55R16 Z-401 91V GOODRIDE ca\u0142oroczne nowe XL ROK 2025 Marka Goodride\"\/ style=\"max-width: 100%; height: auto; display: block; margin: 0 auto;\"><\/div>\n<\/div>\n<\/div>\n<\/div>\n<\/div>\n<\/div>\n<div style=\"clear: both; display: block; margin: 10px 0;\">\n<div style=\"clear: both; display: block; margin: 10px 0;\">\n<div style=\"clear: both; display: block; margin: 10px 0;\">\n<div  style=\"max-width:1637px;max-height:2560px\">\n<div style=\"clear: both; display: block; margin: 10px 0;\">\n<div style=\"clear: both; width: 100%; display: block; margin: 20px 0; padding: 0; float: none; position: static; text-align: center;\"><img decoding=\"async\"  src=\"https:\/\/a.allegroimg.com\/original\/110162\/5f6191724b1ab536c977f2b8061c\/4x-195-55R16-Z-401-91V-GOODRIDE-caloroczne-nowe-XL-ROK-2025-Szerokosc-opony-195-mm\" srcset=\"https:\/\/a.allegroimg.com\/original\/110162\/5f6191724b1ab536c977f2b8061c\/4x-195-55R16-Z-401-91V-GOODRIDE-caloroczne-nowe-XL-ROK-2025-Szerokosc-opony-195-mm 230w,https:\/\/a.allegroimg.com\/original\/110162\/5f6191724b1ab536c977f2b8061c\/4x-195-55R16-Z-401-91V-GOODRIDE-caloroczne-nowe-XL-ROK-2025-Szerokosc-opony-195-mm 460w,https:\/\/a.allegroimg.com\/original\/110162\/5f6191724b1ab536c977f2b8061c\/4x-195-55R16-Z-401-91V-GOODRIDE-caloroczne-nowe-XL-ROK-2025-Szerokosc-opony-195-mm 654w,https:\/\/a.allegroimg.com\/original\/110162\/5f6191724b1ab536c977f2b8061c\/4x-195-55R16-Z-401-91V-GOODRIDE-caloroczne-nowe-XL-ROK-2025-Szerokosc-opony-195-mm 920w,https:\/\/a.allegroimg.com\/original\/110162\/5f6191724b1ab536c977f2b8061c\/4x-195-55R16-Z-401-91V-GOODRIDE-caloroczne-nowe-XL-ROK-2025-Szerokosc-opony-195-mm 1637w\" sizes=\"100vw\" width=\"1637px\" alt=\"4x 195\/55R16 Z-401 91V GOODRIDE ca\u0142oroczne nowe XL ROK 2025 Szeroko\u015b\u0107 opony 195 mm\"\/ style=\"max-width: 100%; height: auto; display: block; margin: 0 auto;\"><\/div>\n<\/div>\n<\/div>\n<\/div>\n<\/div>\n<\/div>\n<div style=\"clear: both; display: block; margin: 10px 0;\">\n<div style=\"clear: both; display: block; margin: 10px 0;\">\n<div style=\"clear: both; display: block; margin: 10px 0;\">\n<p style=\"margin: 15px 0; line-height: 1.8; clear: both; display: block; width: 100%; float: none; position: static;\">[195\/55R16VZ401XL][195\/55R16VZ401XL][195\/55R16VZ401XL][195\/55R16VZ401XL]<\/p>\n<\/div>\n<\/div>\n<\/div>\n<\/div>\n<\/div>\n<\/div>\n<div style=\"clear: both; display: block; margin: 10px 0;\">\n","protected":false},"excerpt":{"rendered":"<p>Przedmiot aukcji: komplet 4 sztuk fabrycznie nowych opon<\/p>\n<p>Rozmiar: 195\/55R16<\/p>\n<p>Indeksy pr\u0119dko\u015bci i no\u015bno\u015bci: 91V (do 240km\/h)<\/p>\n<p>Marka:&nbsp;Goodride<\/p>\n<p>Rok produkcji:&nbsp;2025<\/p>\n<p>Sezon:&nbsp;opony ca\u0142oroczne z homologacj\u0105 zimow\u0105 3PMSF<\/p>\n<p>Segment:&nbsp;klasa ekonomiczna<\/p>\n<p>Nowoczesna, kierunkowa, atrakcyjna wizualnie rze\u017aba bie\u017cnika.<\/p>\n","protected":false},"featured_media":9128,"template":"","meta":{"_uag_custom_page_level_css":""},"product_brand":[379],"product_cat":[416,414,413,412],"product_tag":[],"class_list":{"0":"post-9127","1":"product","2":"type-product","3":"status-publish","4":"has-post-thumbnail","6":"product_brand-goodride","7":"product_cat-caloroczne","8":"product_cat-do-samochodow-osobowych-i-suv","9":"product_cat-opony","10":"product_cat-opony-i-felgi","12":"first","13":"instock","14":"sale","15":"shipping-taxable","16":"purchasable","17":"product-type-simple"},"uagb_featured_image_src":{"full":["https:\/\/oponixo.shop\/tire\/wp-content\/uploads\/2025\/12\/allegro-image-9127.jpg",2000,2000,false],"thumbnail":["https:\/\/oponixo.shop\/tire\/wp-content\/uploads\/2025\/12\/allegro-image-9127-150x150.jpg",150,150,true],"medium":["https:\/\/oponixo.shop\/tire\/wp-content\/uploads\/2025\/12\/allegro-image-9127-300x300.jpg",300,300,true],"medium_large":["https:\/\/oponixo.shop\/tire\/wp-content\/uploads\/2025\/12\/allegro-image-9127-768x768.jpg",768,768,true],"large":["https:\/\/oponixo.shop\/tire\/wp-content\/uploads\/2025\/12\/allegro-image-9127-1024x1024.jpg",1024,1024,true],"1536x1536":["https:\/\/oponixo.shop\/tire\/wp-content\/uploads\/2025\/12\/allegro-image-9127-1536x1536.jpg",1536,1536,true],"2048x2048":["https:\/\/oponixo.shop\/tire\/wp-content\/uploads\/2025\/12\/allegro-image-9127.jpg",2000,2000,false],"woocommerce_thumbnail":["https:\/\/oponixo.shop\/tire\/wp-content\/uploads\/2025\/12\/allegro-image-9127-300x300.jpg",300,300,true],"woocommerce_single":["https:\/\/oponixo.shop\/tire\/wp-content\/uploads\/2025\/12\/allegro-image-9127-600x600.jpg",600,600,true],"woocommerce_gallery_thumbnail":["https:\/\/oponixo.shop\/tire\/wp-content\/uploads\/2025\/12\/allegro-image-9127-100x100.jpg",100,100,true]},"uagb_author_info":{"display_name":"admin","author_link":"https:\/\/oponixo.shop\/tire\/author\/"},"uagb_comment_info":0,"uagb_excerpt":"Przedmiot aukcji: komplet 4 sztuk fabrycznie nowych opon Rozmiar: 195\/55R16 Indeksy pr\u0119dko\u015bci i no\u015bno\u015bci: 91V (do 240km\/h) Marka:&nbsp;Goodride Rok produkcji:&nbsp;2025 Sezon:&nbsp;opony ca\u0142oroczne z homologacj\u0105 zimow\u0105 3PMSF Segment:&nbsp;klasa ekonomiczna Nowoczesna, kierunkowa, atrakcyjna wizualnie rze\u017aba bie\u017cnika.","_links":{"self":[{"href":"https:\/\/oponixo.shop\/tire\/wp-json\/wp\/v2\/product\/9127","targetHints":{"allow":["GET"]}}],"collection":[{"href":"https:\/\/oponixo.shop\/tire\/wp-json\/wp\/v2\/product"}],"about":[{"href":"https:\/\/oponixo.shop\/tire\/wp-json\/wp\/v2\/types\/product"}],"wp:featuredmedia":[{"embeddable":true,"href":"https:\/\/oponixo.shop\/tire\/wp-json\/wp\/v2\/media\/9128"}],"wp:attachment":[{"href":"https:\/\/oponixo.shop\/tire\/wp-json\/wp\/v2\/media?parent=9127"}],"wp:term":[{"taxonomy":"product_brand","embeddable":true,"href":"https:\/\/oponixo.shop\/tire\/wp-json\/wp\/v2\/product_brand?post=9127"},{"taxonomy":"product_cat","embeddable":true,"href":"https:\/\/oponixo.shop\/tire\/wp-json\/wp\/v2\/product_cat?post=9127"},{"taxonomy":"product_tag","embeddable":true,"href":"https:\/\/oponixo.shop\/tire\/wp-json\/wp\/v2\/product_tag?post=9127"}],"curies":[{"name":"wp","href":"https:\/\/api.w.org\/{rel}","templated":true}]}}