{"id":9153,"date":"2025-12-24T01:54:49","date_gmt":"2025-12-24T01:54:49","guid":{"rendered":"https:\/\/oponyexpert.shop\/xef5\/produkt\/4x-opony-215-60r16-triangle-winterx-tw401-99-h-xl\/"},"modified":"2025-12-24T01:54:49","modified_gmt":"2025-12-24T01:54:49","slug":"4x-opony-215-60r16-triangle-winterx-tw401-99-h-xl","status":"publish","type":"product","link":"https:\/\/oponixo.shop\/tire\/produkt\/4x-opony-215-60r16-triangle-winterx-tw401-99-h-xl\/","title":{"rendered":"4x opony 215\/60R16 TRIANGLE WINTERX TW401 99 H XL"},"content":{"rendered":"<div style=\"font-family: Arial, sans-serif; line-height: 1.6; color: #333; padding: 20px; clear: both; display: block; width: 100%; float: none; position: static; overflow: hidden;\">\n<div style=\"clear: both; display: block; margin: 10px 0;\">\n<div style=\"clear: both; display: block; margin: 10px 0;\">\n<div style=\"clear: both; display: block; margin: 10px 0;\">\n<h2>Opona zimowa Triangle Winterx TW401 215\/60R16 99 H przyczepno\u015b\u0107 na \u015bniegu (3PMSF), wzmocnienie (XL)<\/h2>\n<p style=\"margin: 15px 0; line-height: 1.8; clear: both; display: block; width: 100%; float: none; position: static;\">Opona Triangle WinterX TW401 215\/60R16 99 H<\/p>\n<p style=\"margin: 15px 0; line-height: 1.8; clear: both; display: block; width: 100%; float: none; position: static;\">Cechy produktu:<\/p>\n<ul style=\"margin: 15px 0; padding-left: 20px; clear: both; display: block; width: 100%; float: none; position: static;\">\n<li style=\"margin: 5px 0; padding: 2px 0; clear: both; display: list-item; float: none; position: static;\">sezon: zimowa<\/li>\n<li style=\"margin: 5px 0; padding: 2px 0; clear: both; display: list-item; float: none; position: static;\">szeroko\u015b\u0107\/profil\/\u015brednica: 215\/60R16<\/li>\n<li style=\"margin: 5px 0; padding: 2px 0; clear: both; display: list-item; float: none; position: static;\">indeks no\u015bno\u015bci: 99 &#8211; 775 kg<\/li>\n<li style=\"margin: 5px 0; padding: 2px 0; clear: both; display: list-item; float: none; position: static;\">indeks pr\u0119dko\u015bci: H do 210 km\/h<\/li>\n<li style=\"margin: 5px 0; padding: 2px 0; clear: both; display: list-item; float: none; position: static;\">przyczepno\u015b\u0107 na \u015bniegu (3PMSF)<\/li>\n<\/ul>\n<\/div>\n<\/div>\n<div style=\"clear: both; display: block; margin: 10px 0;\">\n<div style=\"clear: both; display: block; margin: 10px 0;\">\n<div  style=\"max-width:571px;max-height:800px\">\n<div style=\"clear: both; display: block; margin: 10px 0;\">\n<div style=\"clear: both; width: 100%; display: block; margin: 20px 0; padding: 0; float: none; position: static; text-align: center;\"><img decoding=\"async\"  src=\"https:\/\/a.allegroimg.com\/original\/29dc01\/3a7c802746e3af45bb018910da0f\/4x-opony-215-60R16-TRIANGLE-WINTERX-TW401-99-H-XL\" srcset=\"https:\/\/a.allegroimg.com\/original\/29dc01\/3a7c802746e3af45bb018910da0f\/4x-opony-215-60R16-TRIANGLE-WINTERX-TW401-99-H-XL 256w,https:\/\/a.allegroimg.com\/original\/29dc01\/3a7c802746e3af45bb018910da0f\/4x-opony-215-60R16-TRIANGLE-WINTERX-TW401-99-H-XL 513w,https:\/\/a.allegroimg.com\/original\/29dc01\/3a7c802746e3af45bb018910da0f\/4x-opony-215-60R16-TRIANGLE-WINTERX-TW401-99-H-XL 571w,https:\/\/a.allegroimg.com\/original\/29dc01\/3a7c802746e3af45bb018910da0f\/4x-opony-215-60R16-TRIANGLE-WINTERX-TW401-99-H-XL 571w\" sizes=\"(min-width: 1200px) 560px, (min-width: 992px) 50vw, 100vw\" width=\"571px\" alt=\"4x opony 215\/60R16 TRIANGLE WINTERX TW401 99 H XL\"\/ style=\"max-width: 100%; height: auto; display: block; margin: 0 auto;\"><\/div>\n<\/div>\n<\/div>\n<\/div>\n<\/div>\n<\/div>\n<div style=\"clear: both; display: block; margin: 10px 0;\">\n<div style=\"clear: both; display: block; margin: 10px 0;\">\n<div style=\"clear: both; display: block; margin: 10px 0;\">\n<h3 style=\"color: #2c5aa0; font-size: 18px; margin: 30px 0 15px 0; font-weight: bold; clear: both; display: block; width: 100%; float: none; position: static;\">Informacje dodatkowe:<\/h3>\n<ul style=\"margin: 15px 0; padding-left: 20px; clear: both; display: block; width: 100%; float: none; position: static;\">\n<li style=\"margin: 5px 0; padding: 2px 0; clear: both; display: list-item; float: none; position: static;\">rok produkcji: 2024\/2025 (kupuj\u0105c z tej oferty otrzymasz opony fabrycznie nowe, pe\u0142nowarto\u015bciowe) <\/li>\n<li style=\"margin: 5px 0; padding: 2px 0; clear: both; display: list-item; float: none; position: static;\">stan: fabrycznie nowe <\/li>\n<\/ul>\n<\/div>\n<\/div>\n<\/div>\n<div style=\"clear: both; display: block; margin: 10px 0;\">\n<div style=\"clear: both; display: block; margin: 10px 0;\">\n<div style=\"clear: both; display: block; margin: 10px 0;\">\n<div  style=\"max-width:571px;max-height:800px\">\n<div style=\"clear: both; display: block; margin: 10px 0;\">\n<div style=\"clear: both; width: 100%; display: block; margin: 20px 0; padding: 0; float: none; position: static; text-align: center;\"><img decoding=\"async\"  src=\"https:\/\/a.allegroimg.com\/original\/29dc01\/3a7c802746e3af45bb018910da0f\/4x-opony-215-60R16-TRIANGLE-WINTERX-TW401-99-H-XL\" srcset=\"https:\/\/a.allegroimg.com\/original\/29dc01\/3a7c802746e3af45bb018910da0f\/4x-opony-215-60R16-TRIANGLE-WINTERX-TW401-99-H-XL 256w,https:\/\/a.allegroimg.com\/original\/29dc01\/3a7c802746e3af45bb018910da0f\/4x-opony-215-60R16-TRIANGLE-WINTERX-TW401-99-H-XL 513w,https:\/\/a.allegroimg.com\/original\/29dc01\/3a7c802746e3af45bb018910da0f\/4x-opony-215-60R16-TRIANGLE-WINTERX-TW401-99-H-XL 571w,https:\/\/a.allegroimg.com\/original\/29dc01\/3a7c802746e3af45bb018910da0f\/4x-opony-215-60R16-TRIANGLE-WINTERX-TW401-99-H-XL 571w\" sizes=\"100vw\" width=\"571px\" alt=\"4x opony 215\/60R16 TRIANGLE WINTERX TW401 99 H XL\"\/ style=\"max-width: 100%; height: auto; display: block; margin: 0 auto;\"><\/div>\n<\/div>\n<\/div>\n<\/div>\n<\/div>\n<\/div>\n<\/div>\n<\/div>\n<\/div>\n<div style=\"clear: both; display: block; margin: 10px 0;\">\n","protected":false},"excerpt":{"rendered":"<p>Opona zimowa Triangle Winterx TW401 215\/60R16 99 H przyczepno\u015b\u0107 na \u015bniegu (3PMSF), wzmocnienie (XL)<\/p>\n<p>Opona Triangle WinterX TW401 215\/60R16 99 H<\/p>\n<p>Cechy produktu:<\/p>\n<p>sezon: zimowa<\/p>\n<p>szeroko\u015b\u0107\/profil\/\u015brednica: 215\/60R16<\/p>\n<p>indeks no\u015bno\u015bci: 99 &#8211; 775 kg<\/p>\n<p>indeks pr\u0119dko\u015bci: H do 210 km\/h<\/p>\n<p>przyczepno\u015b\u0107 na \u015bniegu (3PMSF)<\/p>\n","protected":false},"featured_media":9154,"template":"","meta":{"_uag_custom_page_level_css":""},"product_brand":[388],"product_cat":[414,413,412,415],"product_tag":[],"class_list":{"0":"post-9153","1":"product","2":"type-product","3":"status-publish","4":"has-post-thumbnail","6":"product_brand-triangle","7":"product_cat-do-samochodow-osobowych-i-suv","8":"product_cat-opony","9":"product_cat-opony-i-felgi","10":"product_cat-zimowe","12":"first","13":"instock","14":"sale","15":"shipping-taxable","16":"purchasable","17":"product-type-simple"},"uagb_featured_image_src":{"full":["https:\/\/oponixo.shop\/tire\/wp-content\/uploads\/2025\/12\/allegro-image-9153.jpg",571,800,false],"thumbnail":["https:\/\/oponixo.shop\/tire\/wp-content\/uploads\/2025\/12\/allegro-image-9153-150x150.jpg",150,150,true],"medium":["https:\/\/oponixo.shop\/tire\/wp-content\/uploads\/2025\/12\/allegro-image-9153-214x300.jpg",214,300,true],"medium_large":["https:\/\/oponixo.shop\/tire\/wp-content\/uploads\/2025\/12\/allegro-image-9153.jpg",571,800,false],"large":["https:\/\/oponixo.shop\/tire\/wp-content\/uploads\/2025\/12\/allegro-image-9153.jpg",571,800,false],"1536x1536":["https:\/\/oponixo.shop\/tire\/wp-content\/uploads\/2025\/12\/allegro-image-9153.jpg",571,800,false],"2048x2048":["https:\/\/oponixo.shop\/tire\/wp-content\/uploads\/2025\/12\/allegro-image-9153.jpg",571,800,false],"woocommerce_thumbnail":["https:\/\/oponixo.shop\/tire\/wp-content\/uploads\/2025\/12\/allegro-image-9153-300x300.jpg",300,300,true],"woocommerce_single":["https:\/\/oponixo.shop\/tire\/wp-content\/uploads\/2025\/12\/allegro-image-9153.jpg",571,800,false],"woocommerce_gallery_thumbnail":["https:\/\/oponixo.shop\/tire\/wp-content\/uploads\/2025\/12\/allegro-image-9153-100x100.jpg",100,100,true]},"uagb_author_info":{"display_name":"admin","author_link":"https:\/\/oponixo.shop\/tire\/author\/"},"uagb_comment_info":0,"uagb_excerpt":"Opona zimowa Triangle Winterx TW401 215\/60R16 99 H przyczepno\u015b\u0107 na \u015bniegu (3PMSF), wzmocnienie (XL) Opona Triangle WinterX TW401 215\/60R16 99 H Cechy produktu: sezon: zimowa szeroko\u015b\u0107\/profil\/\u015brednica: 215\/60R16 indeks no\u015bno\u015bci: 99 - 775 kg indeks pr\u0119dko\u015bci: H do 210 km\/h przyczepno\u015b\u0107 na \u015bniegu (3PMSF)","_links":{"self":[{"href":"https:\/\/oponixo.shop\/tire\/wp-json\/wp\/v2\/product\/9153","targetHints":{"allow":["GET"]}}],"collection":[{"href":"https:\/\/oponixo.shop\/tire\/wp-json\/wp\/v2\/product"}],"about":[{"href":"https:\/\/oponixo.shop\/tire\/wp-json\/wp\/v2\/types\/product"}],"wp:featuredmedia":[{"embeddable":true,"href":"https:\/\/oponixo.shop\/tire\/wp-json\/wp\/v2\/media\/9154"}],"wp:attachment":[{"href":"https:\/\/oponixo.shop\/tire\/wp-json\/wp\/v2\/media?parent=9153"}],"wp:term":[{"taxonomy":"product_brand","embeddable":true,"href":"https:\/\/oponixo.shop\/tire\/wp-json\/wp\/v2\/product_brand?post=9153"},{"taxonomy":"product_cat","embeddable":true,"href":"https:\/\/oponixo.shop\/tire\/wp-json\/wp\/v2\/product_cat?post=9153"},{"taxonomy":"product_tag","embeddable":true,"href":"https:\/\/oponixo.shop\/tire\/wp-json\/wp\/v2\/product_tag?post=9153"}],"curies":[{"name":"wp","href":"https:\/\/api.w.org\/{rel}","templated":true}]}}