{"id":9191,"date":"2025-12-24T01:55:02","date_gmt":"2025-12-24T01:55:02","guid":{"rendered":"https:\/\/oponyexpert.shop\/xef5\/produkt\/1x-215-65r16c-goodride-sw612-109-107r-nowa-zimowa-rok-2025\/"},"modified":"2025-12-24T01:55:03","modified_gmt":"2025-12-24T01:55:03","slug":"1x-215-65r16c-goodride-sw612-109-107r-nowa-zimowa-rok-2025","status":"publish","type":"product","link":"https:\/\/oponixo.shop\/tire\/produkt\/1x-215-65r16c-goodride-sw612-109-107r-nowa-zimowa-rok-2025\/","title":{"rendered":"1x 215\/65R16C GOODRIDE SW612 109\/107R nowa zimowa ROK 2025"},"content":{"rendered":"<div style=\"font-family: Arial, sans-serif; line-height: 1.6; color: #333; padding: 20px; clear: both; display: block; width: 100%; float: none; position: static; overflow: hidden;\">\n<div style=\"clear: both; display: block; margin: 10px 0;\">\n<div style=\"clear: both; display: block; margin: 10px 0;\">\n<div style=\"clear: both; display: block; margin: 10px 0;\">\n<div  style=\"max-width:1440px;max-height:262px\">\n<div style=\"clear: both; display: block; margin: 10px 0;\">\n<div style=\"clear: both; width: 100%; display: block; margin: 20px 0; padding: 0; float: none; position: static; text-align: center;\"><img decoding=\"async\"  src=\"https:\/\/a.allegroimg.com\/original\/1146fb\/d452914f4562b6cb6872dd50d5a4\/1x-215-65R16C-GOODRIDE-SW612-109-107R-nowa-zimowa-ROK-2025-Marka-Goodride\" srcset=\"https:\/\/a.allegroimg.com\/original\/1146fb\/d452914f4562b6cb6872dd50d5a4\/1x-215-65R16C-GOODRIDE-SW612-109-107R-nowa-zimowa-ROK-2025-Marka-Goodride 360w,https:\/\/a.allegroimg.com\/original\/1146fb\/d452914f4562b6cb6872dd50d5a4\/1x-215-65R16C-GOODRIDE-SW612-109-107R-nowa-zimowa-ROK-2025-Marka-Goodride 720w,https:\/\/a.allegroimg.com\/original\/1146fb\/d452914f4562b6cb6872dd50d5a4\/1x-215-65R16C-GOODRIDE-SW612-109-107R-nowa-zimowa-ROK-2025-Marka-Goodride 1024w,https:\/\/a.allegroimg.com\/original\/1146fb\/d452914f4562b6cb6872dd50d5a4\/1x-215-65R16C-GOODRIDE-SW612-109-107R-nowa-zimowa-ROK-2025-Marka-Goodride 1440w,https:\/\/a.allegroimg.com\/original\/1146fb\/d452914f4562b6cb6872dd50d5a4\/1x-215-65R16C-GOODRIDE-SW612-109-107R-nowa-zimowa-ROK-2025-Marka-Goodride 1440w\" sizes=\"100vw\" width=\"1440px\" alt=\"1x 215\/65R16C GOODRIDE SW612 109\/107R nowa zimowa ROK 2025 Marka Goodride\"\/ style=\"max-width: 100%; height: auto; display: block; margin: 0 auto;\"><\/div>\n<\/div>\n<\/div>\n<\/div>\n<\/div>\n<\/div>\n<div style=\"clear: both; display: block; margin: 10px 0;\">\n<div style=\"clear: both; display: block; margin: 10px 0;\">\n<div style=\"clear: both; display: block; margin: 10px 0;\">\n<div  style=\"max-width:1000px;max-height:1000px\">\n<div style=\"clear: both; display: block; margin: 10px 0;\">\n<div style=\"clear: both; width: 100%; display: block; margin: 20px 0; padding: 0; float: none; position: static; text-align: center;\"><img decoding=\"async\"  src=\"https:\/\/a.allegroimg.com\/original\/110be8\/bc032db342ccb347112f463b7f07\/1x-215-65R16C-GOODRIDE-SW612-109-107R-nowa-zimowa-ROK-2025\" srcset=\"https:\/\/a.allegroimg.com\/original\/110be8\/bc032db342ccb347112f463b7f07\/1x-215-65R16C-GOODRIDE-SW612-109-107R-nowa-zimowa-ROK-2025 360w,https:\/\/a.allegroimg.com\/original\/110be8\/bc032db342ccb347112f463b7f07\/1x-215-65R16C-GOODRIDE-SW612-109-107R-nowa-zimowa-ROK-2025 720w,https:\/\/a.allegroimg.com\/original\/110be8\/bc032db342ccb347112f463b7f07\/1x-215-65R16C-GOODRIDE-SW612-109-107R-nowa-zimowa-ROK-2025 1000w,https:\/\/a.allegroimg.com\/original\/110be8\/bc032db342ccb347112f463b7f07\/1x-215-65R16C-GOODRIDE-SW612-109-107R-nowa-zimowa-ROK-2025 1000w\" sizes=\"(min-width: 1200px) 560px, (min-width: 992px) 50vw, 100vw\" width=\"1000px\" alt=\"1x 215\/65R16C GOODRIDE SW612 109\/107R nowa zimowa ROK 2025\"\/ style=\"max-width: 100%; height: auto; display: block; margin: 0 auto;\"><\/div>\n<\/div>\n<\/div>\n<\/div>\n<\/div>\n<div style=\"clear: both; display: block; margin: 10px 0;\">\n<div style=\"clear: both; display: block; margin: 10px 0;\">\n<h2>Przedmiot aukcji: 1 fabrycznie nowa opona zimowa<\/h2>\n<p style=\"margin: 15px 0; line-height: 1.8; clear: both; display: block; width: 100%; float: none; position: static;\">Rozmiar: <b>215\/65R16C<\/b><\/p>\n<p style=\"margin: 15px 0; line-height: 1.8; clear: both; display: block; width: 100%; float: none; position: static;\">Indeksy pr\u0119dko\u015bci i no\u015bno\u015bci: <b>109\/107R (do 170km\/h)<\/b><\/p>\n<p style=\"margin: 15px 0; line-height: 1.8; clear: both; display: block; width: 100%; float: none; position: static;\">Model:<b> SW612<\/b><\/p>\n<p style=\"margin: 15px 0; line-height: 1.8; clear: both; display: block; width: 100%; float: none; position: static;\">Przyczepno\u015b\u0107 na \u015bniegu 3PMSF<b>: TAK<\/b><\/p>\n<p style=\"margin: 15px 0; line-height: 1.8; clear: both; display: block; width: 100%; float: none; position: static;\">Marka: <b>Goodride<\/b><\/p>\n<p style=\"margin: 15px 0; line-height: 1.8; clear: both; display: block; width: 100%; float: none; position: static;\">Rok produkcji: <b>2025<\/b><\/p>\n<p style=\"margin: 15px 0; line-height: 1.8; clear: both; display: block; width: 100%; float: none; position: static;\">Sezon:&nbsp;<b>opony zimowe<\/b><\/p>\n<p style=\"margin: 15px 0; line-height: 1.8; clear: both; display: block; width: 100%; float: none; position: static;\">Stan: <b>nowe<\/b><\/p>\n<p style=\"margin: 15px 0; line-height: 1.8; clear: both; display: block; width: 100%; float: none; position: static;\">Segment:&nbsp;<b>klasa ekonomiczna<\/b><\/p>\n<p style=\"margin: 15px 0; line-height: 1.8; clear: both; display: block; width: 100%; float: none; position: static;\">Rodzaj: <b>opona do samochod\u00f3w dostawczych<\/b><\/p>\n<p style=\"margin: 15px 0; line-height: 1.8; clear: both; display: block; width: 100%; float: none; position: static;\"><b>Oznaczenie 3PMSF<\/b>&nbsp;(Three Peak Mountain Snow Flake) to \u0142atwo rozpoznawalny symbol \u015bnie\u017cynki na tle trzech szczyt\u00f3w. Kontrolowany przez organy Unii Europejskiej, znak 3PMSF jest gwarancj\u0105, \u017ce opona ca\u0142oroczna spe\u0142nia warunki rygorystycznych test\u00f3w i nadaje si\u0119 do u\u017cytku w sezonie zimowym. Symbol 3PMSF oznacza, \u017ce opony ca\u0142oroczne gwarantuj\u0105 bezpiecze\u0144stwo na \u015bniegu.<\/p>\n<\/div>\n<\/div>\n<\/div>\n<div style=\"clear: both; display: block; margin: 10px 0;\">\n<div style=\"clear: both; display: block; margin: 10px 0;\">\n<div style=\"clear: both; display: block; margin: 10px 0;\">\n<h2>Opona wzmocniona zimowa&nbsp;Goodride SW612&nbsp;to opona klasy ekonomicznej dla samochod\u00f3w dostawczych.<\/h2>\n<p style=\"margin: 15px 0; line-height: 1.8; clear: both; display: block; width: 100%; float: none; position: static;\"><b>Opona zimowa do aut dostawczych Goodride SW612<\/b> to najlepiej sprzedaj\u0105cy si\u0119 model tanich opon do samochod\u00f3w dostawczych.<\/p>\n<ul style=\"margin: 15px 0; padding-left: 20px; clear: both; display: block; width: 100%; float: none; position: static;\">\n<li style=\"margin: 5px 0; padding: 2px 0; clear: both; display: list-item; float: none; position: static;\">Symetryczny bie\u017cnik o klasycznym wygl\u0105dzie, bardzo dobrze radzi sobie na kopnym \u015bniegu.<\/li>\n<li style=\"margin: 5px 0; padding: 2px 0; clear: both; display: list-item; float: none; position: static;\">Opona jest czu\u0142a na ruch kierownicy, zachowuje odpowiedni\u0105 trakcj\u0119 przy ci\u0119\u017ckim za\u0142adunku.<\/li>\n<li style=\"margin: 5px 0; padding: 2px 0; clear: both; display: list-item; float: none; position: static;\">SW612 cechuje si\u0119 zadowalaj\u0105c\u0105 odporno\u015bci\u0105 na aquaplaning, dobr\u0105 przyczepno\u015bci\u0105 na \u015bniegu, niskim zu\u017cyciem paliwa i du\u017cym komfortem jazdy.<\/li>\n<li style=\"margin: 5px 0; padding: 2px 0; clear: both; display: list-item; float: none; position: static;\">Zastosowana specjalna kompozycja mieszanki gumy wyd\u0142u\u017ca \u017cywotno\u015b\u0107 opony, kt\u00f3ra jest odporniejsza na \u015bcieranie, dzi\u0119ki temu osi\u0105gniemy wi\u0119ksze przebiegi.<\/li>\n<li style=\"margin: 5px 0; padding: 2px 0; clear: both; display: list-item; float: none; position: static;\">Opony zimowe SW612 cechuj\u0105 si\u0119 doskona\u0142\u0105 przyczepno\u015b\u0107 na drodze, jak r\u00f3wnie\u017c dobrymi wynikami podczas hamowania na o\u015bnie\u017conych i \u015bliskich drogach.<\/li>\n<li style=\"margin: 5px 0; padding: 2px 0; clear: both; display: list-item; float: none; position: static;\">Szerokie rowki obwodowe zapewniaj\u0105 stabilno\u015b\u0107 jazdy na mokrej nawierzchni oraz szybkim i sprawnym odprowadzaniem wody spod opony.<\/li>\n<\/ul>\n<p style=\"margin: 15px 0; line-height: 1.8; clear: both; display: block; width: 100%; float: none; position: static;\"><b>Goodride SW612<\/b> to bardzo ciekawa propozycja producenta opon zimowych dla samochod\u00f3w dostawczych. Goodride proponuje relatywnie nisk\u0105 cen\u0119 do wysokiej jako\u015bci, kt\u00f3r\u0105 potwierdza zadowolenie wielu kierowc\u00f3w na ca\u0142ym \u015bwiecie.<\/p>\n<\/div>\n<\/div>\n<div style=\"clear: both; display: block; margin: 10px 0;\">\n<div style=\"clear: both; display: block; margin: 10px 0;\">\n<div  style=\"max-width:1000px;max-height:1000px\">\n<div style=\"clear: both; display: block; margin: 10px 0;\">\n<div style=\"clear: both; width: 100%; display: block; margin: 20px 0; padding: 0; float: none; position: static; text-align: center;\"><img decoding=\"async\"  src=\"https:\/\/a.allegroimg.com\/original\/1161da\/d23f34a34aec88bd1c4cec984ea7\/1x-215-65R16C-GOODRIDE-SW612-109-107R-nowa-zimowa-ROK-2025-Kod-producenta-03010645817Q76430202\" srcset=\"https:\/\/a.allegroimg.com\/original\/1161da\/d23f34a34aec88bd1c4cec984ea7\/1x-215-65R16C-GOODRIDE-SW612-109-107R-nowa-zimowa-ROK-2025-Kod-producenta-03010645817Q76430202 360w,https:\/\/a.allegroimg.com\/original\/1161da\/d23f34a34aec88bd1c4cec984ea7\/1x-215-65R16C-GOODRIDE-SW612-109-107R-nowa-zimowa-ROK-2025-Kod-producenta-03010645817Q76430202 720w,https:\/\/a.allegroimg.com\/original\/1161da\/d23f34a34aec88bd1c4cec984ea7\/1x-215-65R16C-GOODRIDE-SW612-109-107R-nowa-zimowa-ROK-2025-Kod-producenta-03010645817Q76430202 1000w,https:\/\/a.allegroimg.com\/original\/1161da\/d23f34a34aec88bd1c4cec984ea7\/1x-215-65R16C-GOODRIDE-SW612-109-107R-nowa-zimowa-ROK-2025-Kod-producenta-03010645817Q76430202 1000w\" sizes=\"(min-width: 1200px) 560px, (min-width: 992px) 50vw, 100vw\" width=\"1000px\" alt=\"1x 215\/65R16C GOODRIDE SW612 109\/107R nowa zimowa ROK 2025 Kod producenta 03010645817Q76430202\"\/ style=\"max-width: 100%; height: auto; display: block; margin: 0 auto;\"><\/div>\n<\/div>\n<\/div>\n<\/div>\n<\/div>\n<\/div>\n<div style=\"clear: both; display: block; margin: 10px 0;\">\n<div style=\"clear: both; display: block; margin: 10px 0;\">\n<div style=\"clear: both; display: block; margin: 10px 0;\">\n<div  style=\"max-width:1200px;max-height:285px\">\n<div style=\"clear: both; display: block; margin: 10px 0;\">\n<div style=\"clear: both; width: 100%; display: block; margin: 20px 0; padding: 0; float: none; position: static; text-align: center;\"><img decoding=\"async\"  src=\"https:\/\/a.allegroimg.com\/original\/11de2e\/baf25f624300b82e3760be27522a\/1x-215-65R16C-GOODRIDE-SW612-109-107R-nowa-zimowa-ROK-2025-Model-SW612\" srcset=\"https:\/\/a.allegroimg.com\/original\/11de2e\/baf25f624300b82e3760be27522a\/1x-215-65R16C-GOODRIDE-SW612-109-107R-nowa-zimowa-ROK-2025-Model-SW612 360w,https:\/\/a.allegroimg.com\/original\/11de2e\/baf25f624300b82e3760be27522a\/1x-215-65R16C-GOODRIDE-SW612-109-107R-nowa-zimowa-ROK-2025-Model-SW612 720w,https:\/\/a.allegroimg.com\/original\/11de2e\/baf25f624300b82e3760be27522a\/1x-215-65R16C-GOODRIDE-SW612-109-107R-nowa-zimowa-ROK-2025-Model-SW612 1024w,https:\/\/a.allegroimg.com\/original\/11de2e\/baf25f624300b82e3760be27522a\/1x-215-65R16C-GOODRIDE-SW612-109-107R-nowa-zimowa-ROK-2025-Model-SW612 1200w,https:\/\/a.allegroimg.com\/original\/11de2e\/baf25f624300b82e3760be27522a\/1x-215-65R16C-GOODRIDE-SW612-109-107R-nowa-zimowa-ROK-2025-Model-SW612 1200w\" sizes=\"100vw\" width=\"1200px\" alt=\"1x 215\/65R16C GOODRIDE SW612 109\/107R nowa zimowa ROK 2025 Model SW612\"\/ style=\"max-width: 100%; height: auto; display: block; margin: 0 auto;\"><\/div>\n<\/div>\n<\/div>\n<\/div>\n<\/div>\n<\/div>\n<div style=\"clear: both; display: block; margin: 10px 0;\">\n<div style=\"clear: both; display: block; margin: 10px 0;\">\n<div style=\"clear: both; display: block; margin: 10px 0;\">\n<h2>Przedmiot aukcji:<\/h2>\n<p style=\"margin: 15px 0; line-height: 1.8; clear: both; display: block; width: 100%; float: none; position: static;\">1 sztuka fabrycznie nowej opony zimowej z gwarancj\u0105 producenta.<\/p>\n<\/div>\n<\/div>\n<\/div>\n<div style=\"clear: both; display: block; margin: 10px 0;\">\n<div style=\"clear: both; display: block; margin: 10px 0;\">\n<div style=\"clear: both; display: block; margin: 10px 0;\">\n<div  style=\"max-width:1000px;max-height:1000px\">\n<div style=\"clear: both; display: block; margin: 10px 0;\">\n<div style=\"clear: both; width: 100%; display: block; margin: 20px 0; padding: 0; float: none; position: static; text-align: center;\"><img decoding=\"async\"  src=\"https:\/\/a.allegroimg.com\/original\/110be8\/bc032db342ccb347112f463b7f07\/1x-215-65R16C-GOODRIDE-SW612-109-107R-nowa-zimowa-ROK-2025\" srcset=\"https:\/\/a.allegroimg.com\/original\/110be8\/bc032db342ccb347112f463b7f07\/1x-215-65R16C-GOODRIDE-SW612-109-107R-nowa-zimowa-ROK-2025 360w,https:\/\/a.allegroimg.com\/original\/110be8\/bc032db342ccb347112f463b7f07\/1x-215-65R16C-GOODRIDE-SW612-109-107R-nowa-zimowa-ROK-2025 720w,https:\/\/a.allegroimg.com\/original\/110be8\/bc032db342ccb347112f463b7f07\/1x-215-65R16C-GOODRIDE-SW612-109-107R-nowa-zimowa-ROK-2025 1000w,https:\/\/a.allegroimg.com\/original\/110be8\/bc032db342ccb347112f463b7f07\/1x-215-65R16C-GOODRIDE-SW612-109-107R-nowa-zimowa-ROK-2025 1000w\" sizes=\"100vw\" width=\"1000px\" alt=\"1x 215\/65R16C GOODRIDE SW612 109\/107R nowa zimowa ROK 2025\"\/ style=\"max-width: 100%; height: auto; display: block; margin: 0 auto;\"><\/div>\n<\/div>\n<\/div>\n<\/div>\n<\/div>\n<\/div>\n<div style=\"clear: both; display: block; margin: 10px 0;\">\n<div style=\"clear: both; display: block; margin: 10px 0;\">\n<div style=\"clear: both; display: block; margin: 10px 0;\">\n<p style=\"margin: 15px 0; line-height: 1.8; clear: both; display: block; width: 100%; float: none; position: static;\">[6927116140533GD]<\/p>\n<\/div>\n<\/div>\n<\/div>\n<\/div>\n<\/div>\n<\/div>\n<div style=\"clear: both; display: block; margin: 10px 0;\">\n","protected":false},"excerpt":{"rendered":"<p>Przedmiot aukcji: 1 fabrycznie nowa opona zimowa<\/p>\n<p>Rozmiar: 215\/65R16C<\/p>\n<p>Indeksy pr\u0119dko\u015bci i no\u015bno\u015bci: 109\/107R (do 170km\/h)<\/p>\n<p>Model: SW612<\/p>\n<p>Przyczepno\u015b\u0107 na \u015bniegu 3PMSF: TAK<\/p>\n<p>Marka: Goodride<\/p>\n<p>Rok produkcji: 2025<\/p>\n<p>Sezon:&nbsp;opony zimowe<\/p>\n","protected":false},"featured_media":9192,"template":"","meta":{"_uag_custom_page_level_css":""},"product_brand":[379],"product_cat":[417,413,412,415],"product_tag":[],"class_list":{"0":"post-9191","1":"product","2":"type-product","3":"status-publish","4":"has-post-thumbnail","6":"product_brand-goodride","7":"product_cat-do-samochodow-dostawczych","8":"product_cat-opony","9":"product_cat-opony-i-felgi","10":"product_cat-zimowe","12":"first","13":"instock","14":"sale","15":"shipping-taxable","16":"purchasable","17":"product-type-simple"},"uagb_featured_image_src":{"full":["https:\/\/oponixo.shop\/tire\/wp-content\/uploads\/2025\/12\/allegro-image-9191.jpg",1000,1000,false],"thumbnail":["https:\/\/oponixo.shop\/tire\/wp-content\/uploads\/2025\/12\/allegro-image-9191-150x150.jpg",150,150,true],"medium":["https:\/\/oponixo.shop\/tire\/wp-content\/uploads\/2025\/12\/allegro-image-9191-300x300.jpg",300,300,true],"medium_large":["https:\/\/oponixo.shop\/tire\/wp-content\/uploads\/2025\/12\/allegro-image-9191-768x768.jpg",768,768,true],"large":["https:\/\/oponixo.shop\/tire\/wp-content\/uploads\/2025\/12\/allegro-image-9191.jpg",1000,1000,false],"1536x1536":["https:\/\/oponixo.shop\/tire\/wp-content\/uploads\/2025\/12\/allegro-image-9191.jpg",1000,1000,false],"2048x2048":["https:\/\/oponixo.shop\/tire\/wp-content\/uploads\/2025\/12\/allegro-image-9191.jpg",1000,1000,false],"woocommerce_thumbnail":["https:\/\/oponixo.shop\/tire\/wp-content\/uploads\/2025\/12\/allegro-image-9191-300x300.jpg",300,300,true],"woocommerce_single":["https:\/\/oponixo.shop\/tire\/wp-content\/uploads\/2025\/12\/allegro-image-9191-600x600.jpg",600,600,true],"woocommerce_gallery_thumbnail":["https:\/\/oponixo.shop\/tire\/wp-content\/uploads\/2025\/12\/allegro-image-9191-100x100.jpg",100,100,true]},"uagb_author_info":{"display_name":"admin","author_link":"https:\/\/oponixo.shop\/tire\/author\/"},"uagb_comment_info":0,"uagb_excerpt":"Przedmiot aukcji: 1 fabrycznie nowa opona zimowa Rozmiar: 215\/65R16C Indeksy pr\u0119dko\u015bci i no\u015bno\u015bci: 109\/107R (do 170km\/h) Model: SW612 Przyczepno\u015b\u0107 na \u015bniegu 3PMSF: TAK Marka: Goodride Rok produkcji: 2025 Sezon:&nbsp;opony zimowe","_links":{"self":[{"href":"https:\/\/oponixo.shop\/tire\/wp-json\/wp\/v2\/product\/9191","targetHints":{"allow":["GET"]}}],"collection":[{"href":"https:\/\/oponixo.shop\/tire\/wp-json\/wp\/v2\/product"}],"about":[{"href":"https:\/\/oponixo.shop\/tire\/wp-json\/wp\/v2\/types\/product"}],"wp:featuredmedia":[{"embeddable":true,"href":"https:\/\/oponixo.shop\/tire\/wp-json\/wp\/v2\/media\/9192"}],"wp:attachment":[{"href":"https:\/\/oponixo.shop\/tire\/wp-json\/wp\/v2\/media?parent=9191"}],"wp:term":[{"taxonomy":"product_brand","embeddable":true,"href":"https:\/\/oponixo.shop\/tire\/wp-json\/wp\/v2\/product_brand?post=9191"},{"taxonomy":"product_cat","embeddable":true,"href":"https:\/\/oponixo.shop\/tire\/wp-json\/wp\/v2\/product_cat?post=9191"},{"taxonomy":"product_tag","embeddable":true,"href":"https:\/\/oponixo.shop\/tire\/wp-json\/wp\/v2\/product_tag?post=9191"}],"curies":[{"name":"wp","href":"https:\/\/api.w.org\/{rel}","templated":true}]}}