{"id":9294,"date":"2025-12-24T01:56:36","date_gmt":"2025-12-24T01:56:36","guid":{"rendered":"https:\/\/oponyexpert.shop\/xef5\/produkt\/4x-hankook-225-45r17-kinergy-4s-2-94w-fr\/"},"modified":"2025-12-24T01:56:36","modified_gmt":"2025-12-24T01:56:36","slug":"4x-hankook-225-45r17-kinergy-4s-2-94w-fr","status":"publish","type":"product","link":"https:\/\/oponixo.shop\/tire\/produkt\/4x-hankook-225-45r17-kinergy-4s-2-94w-fr\/","title":{"rendered":"4x Hankook 225\/45R17 KINERGY 4S 2 94W FR"},"content":{"rendered":"<div style=\"font-family: Arial, sans-serif; line-height: 1.6; color: #333; padding: 20px; clear: both; display: block; width: 100%; float: none; position: static; overflow: hidden;\">\n<div style=\"clear: both; display: block; margin: 10px 0;\">\n<div style=\"clear: both; display: block; margin: 10px 0;\">\n<div style=\"clear: both; display: block; margin: 10px 0;\">\n<h2>Opona ca\u0142oroczna Hankook KINERGY 4S 2 225\/45R17 94W XL FR<\/h2>\n<p style=\"margin: 15px 0; line-height: 1.8; clear: both; display: block; width: 100%; float: none; position: static;\"><b>Hankook na pierwszy monta\u017c dostarcza opony takim koncernom jak:<\/b>\u00a0Audi, Hyundai, Porsche, BMW, Mercedes, Lincoln, Volkswagen, Chevrolet, Honda, Toyota, Nissan, Ford, Kia, Mini, Tesla, Saturn, Buick.\u00a0<\/p>\n<p style=\"margin: 15px 0; line-height: 1.8; clear: both; display: block; width: 100%; float: none; position: static;\">Hankook to korporacja globalna, kt\u00f3ra nieustannie stawia czo\u0142a wyzwaniom przysz\u0142o\u015bci i zawsze znajduje si\u0119 o krok do przodu przed zmianami zachodz\u0105cymi w gospodarce \u015bwiatowej. Przewidzieli\u015bmy przysz\u0142o\u015b\u0107 i przygotowali\u015bmy si\u0119 na ni\u0105 oraz zaj\u0119li\u015bmy pozycj\u0119 lidera we wspieraniu nowego rozwoju, gdy tylko pojawiaj\u0105 si\u0119 mo\u017cliwo\u015bci.<\/p>\n<p style=\"margin: 15px 0; line-height: 1.8; clear: both; display: block; width: 100%; float: none; position: static;\">Hankook za cel przyj\u0105\u0142 sobie stworzenie uniwersalnej rozwi\u0105za\u0144, w kt\u00f3rej samoch\u00f3d i kierowca stanowi\u0105 jedno\u015b\u0107. Dobre opony zapewniaj\u0105 bezpiecze\u0144stwo i komfort jazdy, a nawet s\u0105 w stanie dostosowa\u0107 si\u0119 do nawyk\u00f3w i osobowo\u015bci kierowcy. Ta rado\u015b\u0107 z jazdy wynika z zaawansowanej technologii i skupienia si\u0119 na satysfakcji, jak\u0105 zapewniamy wszystkim kierowcom.<\/p>\n<p style=\"margin: 15px 0; line-height: 1.8; clear: both; display: block; width: 100%; float: none; position: static;\">Grupa Hankook posiada osiem pot\u0119\u017cnych zak\u0142ad\u00f3w produkcyjnych, pi\u0119\u0107 centr\u00f3w badawczo rozwojowych, w kt\u00f3rych opony s\u0105 stale testowane pod k\u0105tem poprawy parametr\u00f3w jezdnych i wyszukania nowych rozwi\u0105za\u0144. Hankook k\u0142adzie olbrzymi nacisk na bezpiecze\u0144stwo oraz ekologi\u0119 dzi\u0119ki temu sk\u0142ad mieszanki u\u017cywanej do produkcji opon stale ewoluuje aby przyczepno\u015b\u0107 opon wzrasta\u0142a emituj\u0105c jednocze\u015bnie mniejsze odpady do atmosfery zatruwaj\u0105c minimalnie \u015brodowisko naturalne.<\/p>\n<p style=\"margin: 15px 0; line-height: 1.8; clear: both; display: block; width: 100%; float: none; position: static;\">Za wywo\u0142ywaniem emocji stoi si\u0142a solidnej technologii. Przed rozpocz\u0119ciem ka\u017cdego projektu rozwojowego firma Hankook szczeg\u00f3\u0142owo analizuje potrzeby klient\u00f3w i wyci\u0105ga u\u017cyteczne wnioski w celu opracowania opon, kt\u00f3re spe\u0142ni\u0105 zr\u00f3\u017cnicowane potrzeby kierowc\u00f3w oraz dopasuj\u0105 si\u0119 do szerokiej gamy styl\u00f3w jazdy. Kierowca jest dla nas zawsze najwa\u017cniejszy, a takie podej\u015bcie pozwala nam znajdowa\u0107 si\u0119 zawsze o krok do przodu na drodze post\u0119pu technologicznego, umo\u017cliwiaj\u0105cego wywo\u0142ywanie prawdziwych emocji.<\/p>\n<p style=\"margin: 15px 0; line-height: 1.8; clear: both; display: block; width: 100%; float: none; position: static;\">Bezpieczne i przyjemne prowadzenie pojazdu to potrzeba ka\u017cdego kierowcy oraz najwa\u017cniejsze wyzwanie stoj\u0105ce przed firm\u0105 Hankook. Od in\u017cynier\u00f3w zajmuj\u0105cych si\u0119 projektowaniem po specjalist\u00f3w od marketingu \u2013 wszyscy w firmie Hankook skupiamy si\u0119 na pog\u0142\u0119bianiu zwi\u0105zku mi\u0119dzy oponami a wra\u017ceniami z prowadzenia samochodu, tak by kierowcy z ca\u0142ego \u015bwiata mogli w pe\u0142ni podziela\u0107 wywo\u0142ywane przez nas emocje.<\/p>\n<p style=\"margin: 15px 0; line-height: 1.8; clear: both; display: block; width: 100%; float: none; position: static;\"><b>Producenci wchodz\u0105cy w sk\u0142ad Grupy Hankook:<\/b> Laufen.\u00a0<\/p>\n<\/div>\n<\/div>\n<\/div>\n<div style=\"clear: both; display: block; margin: 10px 0;\">\n<div style=\"clear: both; display: block; margin: 10px 0;\">\n<div style=\"clear: both; display: block; margin: 10px 0;\">\n<div  style=\"max-width:500px;max-height:500px\">\n<div style=\"clear: both; display: block; margin: 10px 0;\">\n<div style=\"clear: both; width: 100%; display: block; margin: 20px 0; padding: 0; float: none; position: static; text-align: center;\"><img decoding=\"async\"  src=\"https:\/\/a.allegroimg.com\/original\/11d324\/a479d5f449fc94a8b367262eab47\/4x-Hankook-225-45R17-KINERGY-4S-2-94W-FR\" srcset=\"https:\/\/a.allegroimg.com\/original\/11d324\/a479d5f449fc94a8b367262eab47\/4x-Hankook-225-45R17-KINERGY-4S-2-94W-FR 360w,https:\/\/a.allegroimg.com\/original\/11d324\/a479d5f449fc94a8b367262eab47\/4x-Hankook-225-45R17-KINERGY-4S-2-94W-FR 500w,https:\/\/a.allegroimg.com\/original\/11d324\/a479d5f449fc94a8b367262eab47\/4x-Hankook-225-45R17-KINERGY-4S-2-94W-FR 500w\" sizes=\"(min-width: 1200px) 560px, (min-width: 992px) 50vw, 100vw\" width=\"500px\" alt=\"4x Hankook 225\/45R17 KINERGY 4S 2 94W FR\"\/ style=\"max-width: 100%; height: auto; display: block; margin: 0 auto;\"><\/div>\n<\/div>\n<\/div>\n<\/div>\n<\/div>\n<div style=\"clear: both; display: block; margin: 10px 0;\">\n<div style=\"clear: both; display: block; margin: 10px 0;\">\n<ul style=\"margin: 15px 0; padding-left: 20px; clear: both; display: block; width: 100%; float: none; position: static;\">\n<li style=\"margin: 5px 0; padding: 2px 0; clear: both; display: list-item; float: none; position: static;\"><b>Marka:<\/b> Hankook<\/li>\n<li style=\"margin: 5px 0; padding: 2px 0; clear: both; display: list-item; float: none; position: static;\"><b>Liczba opon w ofercie:<\/b> Komplet 4 szt.<\/li>\n<li style=\"margin: 5px 0; padding: 2px 0; clear: both; display: list-item; float: none; position: static;\"><b>Run flat:<\/b> Nie<\/li>\n<li style=\"margin: 5px 0; padding: 2px 0; clear: both; display: list-item; float: none; position: static;\"><b>Sezon:<\/b> Wielosezonowe<\/li>\n<li style=\"margin: 5px 0; padding: 2px 0; clear: both; display: list-item; float: none; position: static;\"><b>Model:<\/b> Kinergy 4S 2<\/li>\n<li style=\"margin: 5px 0; padding: 2px 0; clear: both; display: list-item; float: none; position: static;\"><b>Szeroko\u015b\u0107 opony:<\/b> 225 mm<\/li>\n<li style=\"margin: 5px 0; padding: 2px 0; clear: both; display: list-item; float: none; position: static;\"><b>Profil opony:<\/b> 45<\/li>\n<li style=\"margin: 5px 0; padding: 2px 0; clear: both; display: list-item; float: none; position: static;\"><b>\u015arednica:<\/b> 17&#8243;<\/li>\n<li style=\"margin: 5px 0; padding: 2px 0; clear: both; display: list-item; float: none; position: static;\"><b>Indeks no\u015bno\u015bci:<\/b> 94 &#8211; 670 kg<\/li>\n<li style=\"margin: 5px 0; padding: 2px 0; clear: both; display: list-item; float: none; position: static;\"><b>Indeks pr\u0119dko\u015bci:<\/b> W do 270 km\/h<\/li>\n<li style=\"margin: 5px 0; padding: 2px 0; clear: both; display: list-item; float: none; position: static;\"><b>Przyczepno\u015b\u0107 na mokrej nawierzchni:<\/b> Klasa B<\/li>\n<li style=\"margin: 5px 0; padding: 2px 0; clear: both; display: list-item; float: none; position: static;\"><b>Op\u00f3r toczenia:<\/b> Klasa C<\/li>\n<li style=\"margin: 5px 0; padding: 2px 0; clear: both; display: list-item; float: none; position: static;\"><b>Ha\u0142as zewn\u0119trzny:<\/b> 72 dB<\/li>\n<li style=\"margin: 5px 0; padding: 2px 0; clear: both; display: list-item; float: none; position: static;\"><b>Informacje dodatkowe:<\/b> rant ochronny, wzmocnienie (XL)<\/li>\n<li style=\"margin: 5px 0; padding: 2px 0; clear: both; display: list-item; float: none; position: static;\"><b>Rok produkcji (DOT):<\/b> <b>2023<\/b><b> &#8211; opony z roku 2023 lub nowsze<\/b><\/li>\n<\/ul>\n<\/div>\n<\/div>\n<\/div>\n<\/div>\n<\/div>\n<\/div>\n<div style=\"clear: both; display: block; margin: 10px 0;\">\n","protected":false},"excerpt":{"rendered":"<p>Opona ca\u0142oroczna Hankook KINERGY 4S 2 225\/45R17 94W XL FR<\/p>\n<p>Hankook na pierwszy monta\u017c dostarcza opony takim koncernom jak:\u00a0Audi, Hyundai, Porsche, BMW, Mercedes, Lincoln, Volkswagen, Chevrolet, Honda, Toyota, Nissan, Ford, Kia, Mini, Tesla, Saturn, Buick.\u00a0<\/p>\n","protected":false},"featured_media":9295,"template":"","meta":{"_uag_custom_page_level_css":""},"product_brand":[411],"product_cat":[416,414,413,412],"product_tag":[],"class_list":{"0":"post-9294","1":"product","2":"type-product","3":"status-publish","4":"has-post-thumbnail","6":"product_brand-hankook","7":"product_cat-caloroczne","8":"product_cat-do-samochodow-osobowych-i-suv","9":"product_cat-opony","10":"product_cat-opony-i-felgi","12":"first","13":"instock","14":"sale","15":"shipping-taxable","16":"purchasable","17":"product-type-simple"},"uagb_featured_image_src":{"full":["https:\/\/oponixo.shop\/tire\/wp-content\/uploads\/2025\/12\/allegro-image-9294.jpg",500,500,false],"thumbnail":["https:\/\/oponixo.shop\/tire\/wp-content\/uploads\/2025\/12\/allegro-image-9294-150x150.jpg",150,150,true],"medium":["https:\/\/oponixo.shop\/tire\/wp-content\/uploads\/2025\/12\/allegro-image-9294-300x300.jpg",300,300,true],"medium_large":["https:\/\/oponixo.shop\/tire\/wp-content\/uploads\/2025\/12\/allegro-image-9294.jpg",500,500,false],"large":["https:\/\/oponixo.shop\/tire\/wp-content\/uploads\/2025\/12\/allegro-image-9294.jpg",500,500,false],"1536x1536":["https:\/\/oponixo.shop\/tire\/wp-content\/uploads\/2025\/12\/allegro-image-9294.jpg",500,500,false],"2048x2048":["https:\/\/oponixo.shop\/tire\/wp-content\/uploads\/2025\/12\/allegro-image-9294.jpg",500,500,false],"woocommerce_thumbnail":["https:\/\/oponixo.shop\/tire\/wp-content\/uploads\/2025\/12\/allegro-image-9294-300x300.jpg",300,300,true],"woocommerce_single":["https:\/\/oponixo.shop\/tire\/wp-content\/uploads\/2025\/12\/allegro-image-9294.jpg",500,500,false],"woocommerce_gallery_thumbnail":["https:\/\/oponixo.shop\/tire\/wp-content\/uploads\/2025\/12\/allegro-image-9294-100x100.jpg",100,100,true]},"uagb_author_info":{"display_name":"admin","author_link":"https:\/\/oponixo.shop\/tire\/author\/"},"uagb_comment_info":0,"uagb_excerpt":"Opona ca\u0142oroczna Hankook KINERGY 4S 2 225\/45R17 94W XL FR Hankook na pierwszy monta\u017c dostarcza opony takim koncernom jak:\u00a0Audi, Hyundai, Porsche, BMW, Mercedes, Lincoln, Volkswagen, Chevrolet, Honda, Toyota, Nissan, Ford, Kia, Mini, Tesla, Saturn, Buick.\u00a0","_links":{"self":[{"href":"https:\/\/oponixo.shop\/tire\/wp-json\/wp\/v2\/product\/9294","targetHints":{"allow":["GET"]}}],"collection":[{"href":"https:\/\/oponixo.shop\/tire\/wp-json\/wp\/v2\/product"}],"about":[{"href":"https:\/\/oponixo.shop\/tire\/wp-json\/wp\/v2\/types\/product"}],"wp:featuredmedia":[{"embeddable":true,"href":"https:\/\/oponixo.shop\/tire\/wp-json\/wp\/v2\/media\/9295"}],"wp:attachment":[{"href":"https:\/\/oponixo.shop\/tire\/wp-json\/wp\/v2\/media?parent=9294"}],"wp:term":[{"taxonomy":"product_brand","embeddable":true,"href":"https:\/\/oponixo.shop\/tire\/wp-json\/wp\/v2\/product_brand?post=9294"},{"taxonomy":"product_cat","embeddable":true,"href":"https:\/\/oponixo.shop\/tire\/wp-json\/wp\/v2\/product_cat?post=9294"},{"taxonomy":"product_tag","embeddable":true,"href":"https:\/\/oponixo.shop\/tire\/wp-json\/wp\/v2\/product_tag?post=9294"}],"curies":[{"name":"wp","href":"https:\/\/api.w.org\/{rel}","templated":true}]}}