{"id":9453,"date":"2025-12-25T07:12:56","date_gmt":"2025-12-25T07:12:56","guid":{"rendered":"https:\/\/oponyexpert.shop\/xef5\/produkt\/4x-opony-caloroczne-uniroyal-allseasonmax-195-65r16-104t-2025\/"},"modified":"2025-12-25T07:12:57","modified_gmt":"2025-12-25T07:12:57","slug":"4x-opony-caloroczne-uniroyal-allseasonmax-195-65r16-104t-2025","status":"publish","type":"product","link":"https:\/\/oponixo.shop\/tire\/produkt\/4x-opony-caloroczne-uniroyal-allseasonmax-195-65r16-104t-2025\/","title":{"rendered":"4x opony ca\u0142oroczne Uniroyal AllSeasonMax 195\/65R16 104T 2025"},"content":{"rendered":"<div style=\"font-family: Arial, sans-serif; line-height: 1.6; color: #333; padding: 20px; clear: both; display: block; width: 100%; float: none; position: static; overflow: hidden;\">\n<div style=\"clear: both; display: block; margin: 10px 0;\">\n<div style=\"clear: both; display: block; margin: 10px 0;\">\n<div style=\"clear: both; display: block; margin: 10px 0;\">\n<div  style=\"max-width:500px;max-height:69px\">\n<div style=\"clear: both; display: block; margin: 10px 0;\">\n<div style=\"clear: both; width: 100%; display: block; margin: 20px 0; padding: 0; float: none; position: static; text-align: center;\"><img decoding=\"async\"  src=\"https:\/\/a.allegroimg.com\/original\/113e0c\/e749d5c94cf880b9c76748bf09d5\/4x-opony-caloroczne-Uniroyal-AllSeasonMax-195-65R16-104T-2025-Rok-produkcji-2025\" srcset=\"https:\/\/a.allegroimg.com\/original\/113e0c\/e749d5c94cf880b9c76748bf09d5\/4x-opony-caloroczne-Uniroyal-AllSeasonMax-195-65R16-104T-2025-Rok-produkcji-2025 360w,https:\/\/a.allegroimg.com\/original\/113e0c\/e749d5c94cf880b9c76748bf09d5\/4x-opony-caloroczne-Uniroyal-AllSeasonMax-195-65R16-104T-2025-Rok-produkcji-2025 500w,https:\/\/a.allegroimg.com\/original\/113e0c\/e749d5c94cf880b9c76748bf09d5\/4x-opony-caloroczne-Uniroyal-AllSeasonMax-195-65R16-104T-2025-Rok-produkcji-2025 500w\" sizes=\"100vw\" width=\"500px\" alt=\"4x opony ca\u0142oroczne Uniroyal AllSeasonMax 195\/65R16 104T 2025 Rok produkcji 2025\"\/ style=\"max-width: 100%; height: auto; display: block; margin: 0 auto;\"><\/div>\n<\/div>\n<\/div>\n<\/div>\n<\/div>\n<\/div>\n<div style=\"clear: both; display: block; margin: 10px 0;\">\n<div style=\"clear: both; display: block; margin: 10px 0;\">\n<div style=\"clear: both; display: block; margin: 10px 0;\">\n<h1>zestaw 4 sztuk nowych opon ca\u0142orocznych<\/h1>\n<h1>Uniroyal AllSeasonMax 195\/65R16 104T<\/h1>\n<p style=\"margin: 15px 0; line-height: 1.8; clear: both; display: block; width: 100%; float: none; position: static;\">\n<\/div>\n<\/div>\n<\/div>\n<div style=\"clear: both; display: block; margin: 10px 0;\">\n<div style=\"clear: both; display: block; margin: 10px 0;\">\n<div style=\"clear: both; display: block; margin: 10px 0;\">\n<div  style=\"max-width:433px;max-height:600px\">\n<div style=\"clear: both; display: block; margin: 10px 0;\">\n<div style=\"clear: both; width: 100%; display: block; margin: 20px 0; padding: 0; float: none; position: static; text-align: center;\"><img decoding=\"async\"  src=\"https:\/\/a.allegroimg.com\/original\/11def0\/5884d074459ca47c45934fd0de98\/4x-opony-caloroczne-Uniroyal-AllSeasonMax-195-65R16-104T-2025\" srcset=\"https:\/\/a.allegroimg.com\/original\/11def0\/5884d074459ca47c45934fd0de98\/4x-opony-caloroczne-Uniroyal-AllSeasonMax-195-65R16-104T-2025 259w,https:\/\/a.allegroimg.com\/original\/11def0\/5884d074459ca47c45934fd0de98\/4x-opony-caloroczne-Uniroyal-AllSeasonMax-195-65R16-104T-2025 433w,https:\/\/a.allegroimg.com\/original\/11def0\/5884d074459ca47c45934fd0de98\/4x-opony-caloroczne-Uniroyal-AllSeasonMax-195-65R16-104T-2025 433w\" sizes=\"(min-width: 1200px) 560px, (min-width: 992px) 50vw, 100vw\" width=\"433px\" alt=\"4x opony ca\u0142oroczne Uniroyal AllSeasonMax 195\/65R16 104T 2025\"\/ style=\"max-width: 100%; height: auto; display: block; margin: 0 auto;\"><\/div>\n<\/div>\n<\/div>\n<\/div>\n<\/div>\n<div style=\"clear: both; display: block; margin: 10px 0;\">\n<div style=\"clear: both; display: block; margin: 10px 0;\">\n<p style=\"margin: 15px 0; line-height: 1.8; clear: both; display: block; width: 100%; float: none; position: static;\"><b>Uniroyal AllSeasonMax<\/b> to opony <b>ca\u0142oroczne<\/b> przeznaczone do samochod\u00f3w <b>dostawczych<\/b>. Oryginalny produkt klasy <b>standard<\/b> uznanej marki <b>Uniroyal<\/b>. Doskona\u0142a jako\u015b\u0107 w akceptowalnej cenie. <\/p>\n<ul style=\"margin: 15px 0; padding-left: 20px; clear: both; display: block; width: 100%; float: none; position: static;\">\n<li style=\"margin: 5px 0; padding: 2px 0; clear: both; display: list-item; float: none; position: static;\">rok produkcji: <b>2025<\/b><\/li>\n<li style=\"margin: 5px 0; padding: 2px 0; clear: both; display: list-item; float: none; position: static;\">opony <b>nowe<\/b>, oryginalne, z gwarancj\u0105<\/li>\n<li style=\"margin: 5px 0; padding: 2px 0; clear: both; display: list-item; float: none; position: static;\">produkowane w <b>Europie<\/b><\/li>\n<li style=\"margin: 5px 0; padding: 2px 0; clear: both; display: list-item; float: none; position: static;\">opony marki <b>Uniroyal<\/b> produkowane s\u0105 przez firm\u0119 <b>Continental<\/b><\/li>\n<li style=\"margin: 5px 0; padding: 2px 0; clear: both; display: list-item; float: none; position: static;\">d\u0142ugie przebiegi<\/li>\n<li style=\"margin: 5px 0; padding: 2px 0; clear: both; display: list-item; float: none; position: static;\">wysoka trwa\u0142o\u015b\u0107<\/li>\n<li style=\"margin: 5px 0; padding: 2px 0; clear: both; display: list-item; float: none; position: static;\">bie\u017cnik zu\u017cywa si\u0119 r\u00f3wnomiernie<\/li>\n<li style=\"margin: 5px 0; padding: 2px 0; clear: both; display: list-item; float: none; position: static;\">kr\u00f3tka droga hamowania i skuteczne sterowanie w ka\u017cdych warunkach pogodowych, przez ca\u0142y rok<\/li>\n<li style=\"margin: 5px 0; padding: 2px 0; clear: both; display: list-item; float: none; position: static;\">homologacja zimowa 3PMSF &#8211; opona w pe\u0142ni ca\u0142oroczna, doskonale sprawdzi si\u0119 zar\u00f3wno zim\u0105 jak i w lecie<\/li>\n<li style=\"margin: 5px 0; padding: 2px 0; clear: both; display: list-item; float: none; position: static;\">bardzo dobre odprowadzanie wody<\/li>\n<li style=\"margin: 5px 0; padding: 2px 0; clear: both; display: list-item; float: none; position: static;\">zabezpiecznie przed po\u015blizgiem na wodzie (aquaplaning)<\/li>\n<\/ul>\n<\/div>\n<\/div>\n<\/div>\n<div style=\"clear: both; display: block; margin: 10px 0;\">\n<div style=\"clear: both; display: block; margin: 10px 0;\">\n<div style=\"clear: both; display: block; margin: 10px 0;\">\n<div  style=\"max-width:480px;max-height:733px\">\n<div style=\"clear: both; display: block; margin: 10px 0;\">\n<div style=\"clear: both; width: 100%; display: block; margin: 20px 0; padding: 0; float: none; position: static; text-align: center;\"><img decoding=\"async\"  src=\"https:\/\/a.allegroimg.com\/original\/112eae\/92f804fc4382872f6072b74a6d60\/4x-opony-caloroczne-Uniroyal-AllSeasonMax-195-65R16-104T-2025-Liczba-opon-w-ofercie-Komplet-4-szt\" srcset=\"https:\/\/a.allegroimg.com\/original\/112eae\/92f804fc4382872f6072b74a6d60\/4x-opony-caloroczne-Uniroyal-AllSeasonMax-195-65R16-104T-2025-Liczba-opon-w-ofercie-Komplet-4-szt 235w,https:\/\/a.allegroimg.com\/original\/112eae\/92f804fc4382872f6072b74a6d60\/4x-opony-caloroczne-Uniroyal-AllSeasonMax-195-65R16-104T-2025-Liczba-opon-w-ofercie-Komplet-4-szt 471w,https:\/\/a.allegroimg.com\/original\/112eae\/92f804fc4382872f6072b74a6d60\/4x-opony-caloroczne-Uniroyal-AllSeasonMax-195-65R16-104T-2025-Liczba-opon-w-ofercie-Komplet-4-szt 480w,https:\/\/a.allegroimg.com\/original\/112eae\/92f804fc4382872f6072b74a6d60\/4x-opony-caloroczne-Uniroyal-AllSeasonMax-195-65R16-104T-2025-Liczba-opon-w-ofercie-Komplet-4-szt 480w\" sizes=\"100vw\" width=\"480px\" alt=\"4x opony ca\u0142oroczne Uniroyal AllSeasonMax 195\/65R16 104T 2025 Liczba opon w ofercie Komplet 4 szt.\"\/ style=\"max-width: 100%; height: auto; display: block; margin: 0 auto;\"><\/div>\n<\/div>\n<\/div>\n<\/div>\n<\/div>\n<\/div>\n<\/div>\n<\/div>\n<\/div>\n<div style=\"clear: both; display: block; margin: 10px 0;\">\n","protected":false},"excerpt":{"rendered":"<p>zestaw 4 sztuk nowych opon ca\u0142orocznych<\/p>\n<p>Uniroyal AllSeasonMax 195\/65R16 104T<\/p>\n<p>Uniroyal AllSeasonMax to opony ca\u0142oroczne przeznaczone do samochod\u00f3w dostawczych. Oryginalny produkt klasy standard uznanej marki Uniroyal. Doskona\u0142a jako\u015b\u0107 w akceptowalnej cenie.<\/p>\n<p>rok produkcji: 2025<\/p>\n<p>opony nowe, oryginalne, z gwarancj\u0105<\/p>\n<p>produkowane w Europie<\/p>\n<p>opony marki Uniroyal produkowane s\u0105 przez firm\u0119 Continental<\/p>\n<p>d\u0142ugie przebiegi<\/p>\n","protected":false},"featured_media":9454,"template":"","meta":{"_uag_custom_page_level_css":""},"product_brand":[394],"product_cat":[416,417,413,412],"product_tag":[],"class_list":{"0":"post-9453","1":"product","2":"type-product","3":"status-publish","4":"has-post-thumbnail","6":"product_brand-uniroyal","7":"product_cat-caloroczne","8":"product_cat-do-samochodow-dostawczych","9":"product_cat-opony","10":"product_cat-opony-i-felgi","12":"first","13":"instock","14":"sale","15":"shipping-taxable","16":"purchasable","17":"product-type-simple"},"uagb_featured_image_src":{"full":["https:\/\/oponixo.shop\/tire\/wp-content\/uploads\/2025\/12\/allegro-image-9453.jpg",433,600,false],"thumbnail":["https:\/\/oponixo.shop\/tire\/wp-content\/uploads\/2025\/12\/allegro-image-9453-150x150.jpg",150,150,true],"medium":["https:\/\/oponixo.shop\/tire\/wp-content\/uploads\/2025\/12\/allegro-image-9453-217x300.jpg",217,300,true],"medium_large":["https:\/\/oponixo.shop\/tire\/wp-content\/uploads\/2025\/12\/allegro-image-9453.jpg",433,600,false],"large":["https:\/\/oponixo.shop\/tire\/wp-content\/uploads\/2025\/12\/allegro-image-9453.jpg",433,600,false],"1536x1536":["https:\/\/oponixo.shop\/tire\/wp-content\/uploads\/2025\/12\/allegro-image-9453.jpg",433,600,false],"2048x2048":["https:\/\/oponixo.shop\/tire\/wp-content\/uploads\/2025\/12\/allegro-image-9453.jpg",433,600,false],"woocommerce_thumbnail":["https:\/\/oponixo.shop\/tire\/wp-content\/uploads\/2025\/12\/allegro-image-9453-300x300.jpg",300,300,true],"woocommerce_single":["https:\/\/oponixo.shop\/tire\/wp-content\/uploads\/2025\/12\/allegro-image-9453.jpg",433,600,false],"woocommerce_gallery_thumbnail":["https:\/\/oponixo.shop\/tire\/wp-content\/uploads\/2025\/12\/allegro-image-9453-100x100.jpg",100,100,true]},"uagb_author_info":{"display_name":"admin","author_link":"https:\/\/oponixo.shop\/tire\/author\/"},"uagb_comment_info":0,"uagb_excerpt":"zestaw 4 sztuk nowych opon ca\u0142orocznych Uniroyal AllSeasonMax 195\/65R16 104T Uniroyal AllSeasonMax to opony ca\u0142oroczne przeznaczone do samochod\u00f3w dostawczych. Oryginalny produkt klasy standard uznanej marki Uniroyal. Doskona\u0142a jako\u015b\u0107 w akceptowalnej cenie. rok produkcji: 2025 opony nowe, oryginalne, z gwarancj\u0105 produkowane w Europie opony marki Uniroyal produkowane s\u0105 przez firm\u0119 Continental d\u0142ugie przebiegi","_links":{"self":[{"href":"https:\/\/oponixo.shop\/tire\/wp-json\/wp\/v2\/product\/9453","targetHints":{"allow":["GET"]}}],"collection":[{"href":"https:\/\/oponixo.shop\/tire\/wp-json\/wp\/v2\/product"}],"about":[{"href":"https:\/\/oponixo.shop\/tire\/wp-json\/wp\/v2\/types\/product"}],"wp:featuredmedia":[{"embeddable":true,"href":"https:\/\/oponixo.shop\/tire\/wp-json\/wp\/v2\/media\/9454"}],"wp:attachment":[{"href":"https:\/\/oponixo.shop\/tire\/wp-json\/wp\/v2\/media?parent=9453"}],"wp:term":[{"taxonomy":"product_brand","embeddable":true,"href":"https:\/\/oponixo.shop\/tire\/wp-json\/wp\/v2\/product_brand?post=9453"},{"taxonomy":"product_cat","embeddable":true,"href":"https:\/\/oponixo.shop\/tire\/wp-json\/wp\/v2\/product_cat?post=9453"},{"taxonomy":"product_tag","embeddable":true,"href":"https:\/\/oponixo.shop\/tire\/wp-json\/wp\/v2\/product_tag?post=9453"}],"curies":[{"name":"wp","href":"https:\/\/api.w.org\/{rel}","templated":true}]}}