{"id":9475,"date":"2025-12-25T07:29:05","date_gmt":"2025-12-25T07:29:05","guid":{"rendered":"https:\/\/oponyexpert.shop\/xef5\/produkt\/1x-195-65r15-91t-mp93-nordicca-matador-zima\/"},"modified":"2025-12-25T07:29:06","modified_gmt":"2025-12-25T07:29:06","slug":"1x-195-65r15-91t-mp93-nordicca-matador-zima","status":"publish","type":"product","link":"https:\/\/oponixo.shop\/tire\/produkt\/1x-195-65r15-91t-mp93-nordicca-matador-zima\/","title":{"rendered":"1x 195\/65R15 91T MP93 NORDICCA Matador Zima"},"content":{"rendered":"<div style=\"font-family: Arial, sans-serif; line-height: 1.6; color: #333; padding: 20px; clear: both; display: block; width: 100%; float: none; position: static; overflow: hidden;\">\n<div style=\"clear: both; display: block; margin: 10px 0;\">\n<div style=\"clear: both; display: block; margin: 10px 0;\">\n<div style=\"clear: both; display: block; margin: 10px 0;\">\n<div  style=\"max-width:850px;max-height:276px\">\n<div style=\"clear: both; display: block; margin: 10px 0;\">\n<div style=\"clear: both; width: 100%; display: block; margin: 20px 0; padding: 0; float: none; position: static; text-align: center;\"><img decoding=\"async\"  src=\"https:\/\/a.allegroimg.com\/original\/11fee9\/ddce21e743e7bb5c2ac75b34a1ac\/1x-195-65R15-91T-MP93-NORDICCA-Matador-Zima-Profil-opony-65\" srcset=\"https:\/\/a.allegroimg.com\/original\/11fee9\/ddce21e743e7bb5c2ac75b34a1ac\/1x-195-65R15-91T-MP93-NORDICCA-Matador-Zima-Profil-opony-65 360w,https:\/\/a.allegroimg.com\/original\/11fee9\/ddce21e743e7bb5c2ac75b34a1ac\/1x-195-65R15-91T-MP93-NORDICCA-Matador-Zima-Profil-opony-65 720w,https:\/\/a.allegroimg.com\/original\/11fee9\/ddce21e743e7bb5c2ac75b34a1ac\/1x-195-65R15-91T-MP93-NORDICCA-Matador-Zima-Profil-opony-65 850w,https:\/\/a.allegroimg.com\/original\/11fee9\/ddce21e743e7bb5c2ac75b34a1ac\/1x-195-65R15-91T-MP93-NORDICCA-Matador-Zima-Profil-opony-65 850w\" sizes=\"100vw\" width=\"850px\" alt=\"1x 195\/65R15 91T MP93 NORDICCA Matador Zima Profil opony 65\"\/ style=\"max-width: 100%; height: auto; display: block; margin: 0 auto;\"><\/div>\n<\/div>\n<\/div>\n<\/div>\n<\/div>\n<\/div>\n<div style=\"clear: both; display: block; margin: 10px 0;\">\n<div style=\"clear: both; display: block; margin: 10px 0;\">\n<div style=\"clear: both; display: block; margin: 10px 0;\">\n<ul style=\"margin: 15px 0; padding-left: 20px; clear: both; display: block; width: 100%; float: none; position: static;\">\n<li style=\"margin: 5px 0; padding: 2px 0; clear: both; display: list-item; float: none; position: static;\">1905 \u2013 Fabryka gumy i balaty firmy Matador<\/li>\n<li style=\"margin: 5px 0; padding: 2px 0; clear: both; display: list-item; float: none; position: static;\">1925 \u2013 Pierwsza opona marki Matador wyprodukowana w Bratys\u0142awie<\/li>\n<li style=\"margin: 5px 0; padding: 2px 0; clear: both; display: list-item; float: none; position: static;\">1930 \u2013 Wynalezienie metody \u0142\u0105czenia ze sob\u0105 \u017celaza i gumy, Matador uzyskuje prawa patentowe<\/li>\n<li style=\"margin: 5px 0; padding: 2px 0; clear: both; display: list-item; float: none; position: static;\">1933 \u2013 Matador produkuje pierwsz\u0105 czechos\u0142owack\u0105 opon\u0119 terenow\u0105 Goliath<\/li>\n<li style=\"margin: 5px 0; padding: 2px 0; clear: both; display: list-item; float: none; position: static;\">1934 \u2013 Matador rozpoczyna sprzeda\u017c opony superbalonowej Mamut<\/li>\n<li style=\"margin: 5px 0; padding: 2px 0; clear: both; display: list-item; float: none; position: static;\">1947 \u2013 Wmurowanie kamienia w\u0119gielnego pod fabryk\u0119 gumy w miejscowo\u015bci P\u00fachov<\/li>\n<li style=\"margin: 5px 0; padding: 2px 0; clear: both; display: list-item; float: none; position: static;\">1950 \u2013 Otwarcie Fabryki Opon \u201e1 Maja&#8221;<\/li>\n<li style=\"margin: 5px 0; padding: 2px 0; clear: both; display: list-item; float: none; position: static;\">1955 \u2013 Rozpocz\u0119cie produkcji ta\u015bmowej<\/li>\n<li style=\"margin: 5px 0; padding: 2px 0; clear: both; display: list-item; float: none; position: static;\">1968 \u2013 Rozpocz\u0119cie produkcji opon ci\u0119\u017carowych STEEL<\/li>\n<li style=\"margin: 5px 0; padding: 2px 0; clear: both; display: list-item; float: none; position: static;\">1976 \u2013 Rozpocz\u0119cie produkcji opon ci\u0119\u017carowych ALL STEEL<\/li>\n<li style=\"margin: 5px 0; padding: 2px 0; clear: both; display: list-item; float: none; position: static;\">1990 \u2013 Powstanie pa\u0144stwowej sp\u00f3\u0142ki akcyjnej Gumarne Barum Puchov\u00a0<\/li>\n<li style=\"margin: 5px 0; padding: 2px 0; clear: both; display: list-item; float: none; position: static;\">1993 \u2013 Prywatyzacja sp\u00f3\u0142ki Gumarne Barum Puchov<\/li>\n<li style=\"margin: 5px 0; padding: 2px 0; clear: both; display: list-item; float: none; position: static;\">1999 \u2013 Za\u0142o\u017cenie sp\u00f3\u0142ki joint-venture przez Continental i Matador (produkcja opon)<\/li>\n<li style=\"margin: 5px 0; padding: 2px 0; clear: both; display: list-item; float: none; position: static;\">2000 \u2013 Matador opracowuje now\u0105 generacj\u0119 opon<\/li>\n<li style=\"margin: 5px 0; padding: 2px 0; clear: both; display: list-item; float: none; position: static;\">2005 \u2013 Nowa identyfikacja wizualna Matador<\/li>\n<li style=\"margin: 5px 0; padding: 2px 0; clear: both; display: list-item; float: none; position: static;\">2007 \u2013 Continental AG nabywa wi\u0119kszo\u015bciowe udzia\u0142y w sp\u00f3\u0142ce MATADOR Rubber<\/li>\n<li style=\"margin: 5px 0; padding: 2px 0; clear: both; display: list-item; float: none; position: static;\">2010 \u2013 100% udzia\u0142\u00f3w w r\u0119kach Continental AG<\/li>\n<li style=\"margin: 5px 0; padding: 2px 0; clear: both; display: list-item; float: none; position: static;\">2015 &#8211; 110 lat marki Matador<\/li>\n<\/ul>\n<\/div>\n<\/div>\n<div style=\"clear: both; display: block; margin: 10px 0;\">\n<div style=\"clear: both; display: block; margin: 10px 0;\">\n<div  style=\"max-width:356px;max-height:802px\">\n<div style=\"clear: both; display: block; margin: 10px 0;\">\n<div style=\"clear: both; width: 100%; display: block; margin: 20px 0; padding: 0; float: none; position: static; text-align: center;\"><img decoding=\"async\"  src=\"https:\/\/a.allegroimg.com\/original\/116190\/0e7f7c8842949b1e015e13c977b5\/1x-195-65R15-91T-MP93-NORDICCA-Matador-Zima-Srednica-15\" srcset=\"https:\/\/a.allegroimg.com\/original\/116190\/0e7f7c8842949b1e015e13c977b5\/1x-195-65R15-91T-MP93-NORDICCA-Matador-Zima-Srednica-15 159w,https:\/\/a.allegroimg.com\/original\/116190\/0e7f7c8842949b1e015e13c977b5\/1x-195-65R15-91T-MP93-NORDICCA-Matador-Zima-Srednica-15 319w,https:\/\/a.allegroimg.com\/original\/116190\/0e7f7c8842949b1e015e13c977b5\/1x-195-65R15-91T-MP93-NORDICCA-Matador-Zima-Srednica-15 356w,https:\/\/a.allegroimg.com\/original\/116190\/0e7f7c8842949b1e015e13c977b5\/1x-195-65R15-91T-MP93-NORDICCA-Matador-Zima-Srednica-15 356w\" sizes=\"(min-width: 1200px) 560px, (min-width: 992px) 50vw, 100vw\" width=\"356px\" alt=\"1x 195\/65R15 91T MP93 NORDICCA Matador Zima \u015arednica 15&quot;\"\/ style=\"max-width: 100%; height: auto; display: block; margin: 0 auto;\"><\/div>\n<\/div>\n<\/div>\n<\/div>\n<\/div>\n<\/div>\n<div style=\"clear: both; display: block; margin: 10px 0;\">\n<div style=\"clear: both; display: block; margin: 10px 0;\">\n<div style=\"clear: both; display: block; margin: 10px 0;\">\n<p style=\"margin: 15px 0; line-height: 1.8; clear: both; display: block; width: 100%; float: none; position: static;\"><b>MP93 Nordicca<\/b>\u00a0to flagowa opona zimowa marki Matador\u00a0o dobrych parametrach jezdnych w przyst\u0119pnej cenie.\u00a0Zoptymalizowany bie\u017cnik z du\u017c\u0105 ilo\u015bci\u0105 lameli oraz rowk\u00f3w poprzecznych dobrze \u201ewgryza si\u0119\u201d w \u015bnieg przez co poprawia trakcj\u0119 na \u015bniegu i oblodzonej nawierzchni. Kierunkowy bie\u017cnik\u00a0 zapewnia odpowiednie parametry jezdne zar\u00f3wno na \u015bniegu jak i b\u0142ocie po\u015bniegowym. Po\u0142\u0105czenie rze\u017aby bie\u017cnika wraz z nowoczesn\u0105 mieszank\u0105 gumow\u0105 sprawiaj\u0105, \u017ce droga hamowania zosta\u0142a zancz\u0105co skr\u00f3cona na trudnej zimowej nawierzchni.<\/p>\n<\/div>\n<\/div>\n<div style=\"clear: both; display: block; margin: 10px 0;\">\n<div style=\"clear: both; display: block; margin: 10px 0;\">\n<div  style=\"max-width:2560px;max-height:2560px\">\n<div style=\"clear: both; display: block; margin: 10px 0;\">\n<div style=\"clear: both; width: 100%; display: block; margin: 20px 0; padding: 0; float: none; position: static; text-align: center;\"><img decoding=\"async\"  src=\"https:\/\/a.allegroimg.com\/original\/11703b\/b8a49224416583c39d32eb9a960c\/1x-195-65R15-91T-MP93-NORDICCA-Matador-Zima-Informacje-dodatkowe-przyczepnosc-na-sniegu-3PMSF\" srcset=\"https:\/\/a.allegroimg.com\/original\/11703b\/b8a49224416583c39d32eb9a960c\/1x-195-65R15-91T-MP93-NORDICCA-Matador-Zima-Informacje-dodatkowe-przyczepnosc-na-sniegu-3PMSF 360w,https:\/\/a.allegroimg.com\/original\/11703b\/b8a49224416583c39d32eb9a960c\/1x-195-65R15-91T-MP93-NORDICCA-Matador-Zima-Informacje-dodatkowe-przyczepnosc-na-sniegu-3PMSF 720w,https:\/\/a.allegroimg.com\/original\/11703b\/b8a49224416583c39d32eb9a960c\/1x-195-65R15-91T-MP93-NORDICCA-Matador-Zima-Informacje-dodatkowe-przyczepnosc-na-sniegu-3PMSF 1024w,https:\/\/a.allegroimg.com\/original\/11703b\/b8a49224416583c39d32eb9a960c\/1x-195-65R15-91T-MP93-NORDICCA-Matador-Zima-Informacje-dodatkowe-przyczepnosc-na-sniegu-3PMSF 1440w,https:\/\/a.allegroimg.com\/original\/11703b\/b8a49224416583c39d32eb9a960c\/1x-195-65R15-91T-MP93-NORDICCA-Matador-Zima-Informacje-dodatkowe-przyczepnosc-na-sniegu-3PMSF 2560w\" sizes=\"(min-width: 1200px) 560px, (min-width: 992px) 50vw, 100vw\" width=\"2560px\" alt=\"1x 195\/65R15 91T MP93 NORDICCA Matador Zima Informacje dodatkowe przyczepno\u015b\u0107 na \u015bniegu (3PMSF)\"\/ style=\"max-width: 100%; height: auto; display: block; margin: 0 auto;\"><\/div>\n<\/div>\n<\/div>\n<\/div>\n<\/div>\n<\/div>\n<div style=\"clear: both; display: block; margin: 10px 0;\">\n<div style=\"clear: both; display: block; margin: 10px 0;\">\n<div style=\"clear: both; display: block; margin: 10px 0;\">\n<div  style=\"max-width:2401px;max-height:2560px\">\n<div style=\"clear: both; display: block; margin: 10px 0;\">\n<div style=\"clear: both; width: 100%; display: block; margin: 20px 0; padding: 0; float: none; position: static; text-align: center;\"><img decoding=\"async\"  src=\"https:\/\/a.allegroimg.com\/original\/115d5e\/d182e1d148348ca2e8621474f042\/1x-195-65R15-91T-MP93-NORDICCA-Matador-Zima-Marka-Matador\" srcset=\"https:\/\/a.allegroimg.com\/original\/115d5e\/d182e1d148348ca2e8621474f042\/1x-195-65R15-91T-MP93-NORDICCA-Matador-Zima-Marka-Matador 337w,https:\/\/a.allegroimg.com\/original\/115d5e\/d182e1d148348ca2e8621474f042\/1x-195-65R15-91T-MP93-NORDICCA-Matador-Zima-Marka-Matador 675w,https:\/\/a.allegroimg.com\/original\/115d5e\/d182e1d148348ca2e8621474f042\/1x-195-65R15-91T-MP93-NORDICCA-Matador-Zima-Marka-Matador 960w,https:\/\/a.allegroimg.com\/original\/115d5e\/d182e1d148348ca2e8621474f042\/1x-195-65R15-91T-MP93-NORDICCA-Matador-Zima-Marka-Matador 1350w,https:\/\/a.allegroimg.com\/original\/115d5e\/d182e1d148348ca2e8621474f042\/1x-195-65R15-91T-MP93-NORDICCA-Matador-Zima-Marka-Matador 2401w\" sizes=\"(min-width: 1200px) 560px, (min-width: 992px) 50vw, 100vw\" width=\"2401px\" alt=\"1x 195\/65R15 91T MP93 NORDICCA Matador Zima Marka Matador\"\/ style=\"max-width: 100%; height: auto; display: block; margin: 0 auto;\"><\/div>\n<\/div>\n<\/div>\n<\/div>\n<\/div>\n<div style=\"clear: both; display: block; margin: 10px 0;\">\n<div style=\"clear: both; display: block; margin: 10px 0;\">\n<div  style=\"max-width:886px;max-height:1299px\">\n<div style=\"clear: both; display: block; margin: 10px 0;\">\n<div style=\"clear: both; width: 100%; display: block; margin: 20px 0; padding: 0; float: none; position: static; text-align: center;\"><img decoding=\"async\"  src=\"https:\/\/a.allegroimg.com\/original\/116218\/2ec212194e75a4f2aa2417d77d32\/1x-195-65R15-91T-MP93-NORDICCA-Matador-Zima-Szerokosc-opony-195-mm\" srcset=\"https:\/\/a.allegroimg.com\/original\/116218\/2ec212194e75a4f2aa2417d77d32\/1x-195-65R15-91T-MP93-NORDICCA-Matador-Zima-Szerokosc-opony-195-mm 245w,https:\/\/a.allegroimg.com\/original\/116218\/2ec212194e75a4f2aa2417d77d32\/1x-195-65R15-91T-MP93-NORDICCA-Matador-Zima-Szerokosc-opony-195-mm 491w,https:\/\/a.allegroimg.com\/original\/116218\/2ec212194e75a4f2aa2417d77d32\/1x-195-65R15-91T-MP93-NORDICCA-Matador-Zima-Szerokosc-opony-195-mm 698w,https:\/\/a.allegroimg.com\/original\/116218\/2ec212194e75a4f2aa2417d77d32\/1x-195-65R15-91T-MP93-NORDICCA-Matador-Zima-Szerokosc-opony-195-mm 886w,https:\/\/a.allegroimg.com\/original\/116218\/2ec212194e75a4f2aa2417d77d32\/1x-195-65R15-91T-MP93-NORDICCA-Matador-Zima-Szerokosc-opony-195-mm 886w\" sizes=\"(min-width: 1200px) 560px, (min-width: 992px) 50vw, 100vw\" width=\"886px\" alt=\"1x 195\/65R15 91T MP93 NORDICCA Matador Zima Szeroko\u015b\u0107 opony 195 mm\"\/ style=\"max-width: 100%; height: auto; display: block; margin: 0 auto;\"><\/div>\n<\/div>\n<\/div>\n<\/div>\n<\/div>\n<\/div>\n<div style=\"clear: both; display: block; margin: 10px 0;\">\n<div style=\"clear: both; display: block; margin: 10px 0;\">\n<div style=\"clear: both; display: block; margin: 10px 0;\">\n<div  style=\"max-width:2000px;max-height:1381px\">\n<div style=\"clear: both; display: block; margin: 10px 0;\">\n<div style=\"clear: both; width: 100%; display: block; margin: 20px 0; padding: 0; float: none; position: static; text-align: center;\"><img decoding=\"async\"  src=\"https:\/\/a.allegroimg.com\/original\/118bcf\/617b0b2540768719d39c7b1c0e01\/1x-195-65R15-91T-MP93-NORDICCA-Matador-Zima-Model-MP93-Nordicca\" srcset=\"https:\/\/a.allegroimg.com\/original\/118bcf\/617b0b2540768719d39c7b1c0e01\/1x-195-65R15-91T-MP93-NORDICCA-Matador-Zima-Model-MP93-Nordicca 360w,https:\/\/a.allegroimg.com\/original\/118bcf\/617b0b2540768719d39c7b1c0e01\/1x-195-65R15-91T-MP93-NORDICCA-Matador-Zima-Model-MP93-Nordicca 720w,https:\/\/a.allegroimg.com\/original\/118bcf\/617b0b2540768719d39c7b1c0e01\/1x-195-65R15-91T-MP93-NORDICCA-Matador-Zima-Model-MP93-Nordicca 1024w,https:\/\/a.allegroimg.com\/original\/118bcf\/617b0b2540768719d39c7b1c0e01\/1x-195-65R15-91T-MP93-NORDICCA-Matador-Zima-Model-MP93-Nordicca 1440w,https:\/\/a.allegroimg.com\/original\/118bcf\/617b0b2540768719d39c7b1c0e01\/1x-195-65R15-91T-MP93-NORDICCA-Matador-Zima-Model-MP93-Nordicca 2000w\" sizes=\"(min-width: 1200px) 560px, (min-width: 992px) 50vw, 100vw\" width=\"2000px\" alt=\"1x 195\/65R15 91T MP93 NORDICCA Matador Zima Model MP93 Nordicca\"\/ style=\"max-width: 100%; height: auto; display: block; margin: 0 auto;\"><\/div>\n<\/div>\n<\/div>\n<\/div>\n<\/div>\n<div style=\"clear: both; display: block; margin: 10px 0;\">\n<div style=\"clear: both; display: block; margin: 10px 0;\">\n<h1>Imponuj\u0105ca przyczepno\u015b\u0107 i kontrola w zimowych warunkach jazdy.<\/h1>\n<p style=\"margin: 15px 0; line-height: 1.8; clear: both; display: block; width: 100%; float: none; position: static;\">Nowy wz\u00f3r bie\u017cnika zosta\u0142 opracowany z wi\u0119ksz\u0105 liczb\u0105 kraw\u0119dzi w celu znacznego zwi\u0119kszenia przyczepno\u015bci samochodu na za\u015bnie\u017conych drogach. Ka\u017cdy klocek i lamela zosta\u0142y zaprojektowane tak, aby poprawi\u0107 skuteczno\u015b\u0107 hamowania i niezawodne pokonywanie zakr\u0119t\u00f3w. W po\u0142\u0105czeniu zapewnia to bezpieczniejsz\u0105 i przyjemniejsz\u0105 jazd\u0119.<\/p>\n<\/div>\n<\/div>\n<\/div>\n<div style=\"clear: both; display: block; margin: 10px 0;\">\n<div style=\"clear: both; display: block; margin: 10px 0;\">\n<div style=\"clear: both; display: block; margin: 10px 0;\">\n<div  style=\"max-width:2000px;max-height:1381px\">\n<div style=\"clear: both; display: block; margin: 10px 0;\">\n<div style=\"clear: both; width: 100%; display: block; margin: 20px 0; padding: 0; float: none; position: static; text-align: center;\"><img decoding=\"async\"  src=\"https:\/\/a.allegroimg.com\/original\/11bfe9\/2fff407a412e8903da787de48039\/1x-195-65R15-91T-MP93-NORDICCA-Matador-Zima-Indeks-nosnosci-91-615-kg\" srcset=\"https:\/\/a.allegroimg.com\/original\/11bfe9\/2fff407a412e8903da787de48039\/1x-195-65R15-91T-MP93-NORDICCA-Matador-Zima-Indeks-nosnosci-91-615-kg 360w,https:\/\/a.allegroimg.com\/original\/11bfe9\/2fff407a412e8903da787de48039\/1x-195-65R15-91T-MP93-NORDICCA-Matador-Zima-Indeks-nosnosci-91-615-kg 720w,https:\/\/a.allegroimg.com\/original\/11bfe9\/2fff407a412e8903da787de48039\/1x-195-65R15-91T-MP93-NORDICCA-Matador-Zima-Indeks-nosnosci-91-615-kg 1024w,https:\/\/a.allegroimg.com\/original\/11bfe9\/2fff407a412e8903da787de48039\/1x-195-65R15-91T-MP93-NORDICCA-Matador-Zima-Indeks-nosnosci-91-615-kg 1440w,https:\/\/a.allegroimg.com\/original\/11bfe9\/2fff407a412e8903da787de48039\/1x-195-65R15-91T-MP93-NORDICCA-Matador-Zima-Indeks-nosnosci-91-615-kg 2000w\" sizes=\"(min-width: 1200px) 560px, (min-width: 992px) 50vw, 100vw\" width=\"2000px\" alt=\"1x 195\/65R15 91T MP93 NORDICCA Matador Zima Indeks no\u015bno\u015bci 91 - 615 kg\"\/ style=\"max-width: 100%; height: auto; display: block; margin: 0 auto;\"><\/div>\n<\/div>\n<\/div>\n<\/div>\n<\/div>\n<div style=\"clear: both; display: block; margin: 10px 0;\">\n<div style=\"clear: both; display: block; margin: 10px 0;\">\n<h1>Niezawodna ochrona na mokrych i b\u0142otnistych drogach<\/h1>\n<p style=\"margin: 15px 0; line-height: 1.8; clear: both; display: block; width: 100%; float: none; position: static;\">Struktura rowk\u00f3w w kszta\u0142cie litery V z ci\u0105g\u0142ymi otwartymi rowkami tworzy kana\u0142y wodne i poprawia skuteczno\u015b\u0107 zapobiegania aquaplaningowi i slushplaningowi. Pomaga to w utrzymaniu sta\u0142ego kontaktu z drog\u0105 na mokrych i b\u0142otnistych nawierzchniach.<\/p>\n<\/div>\n<\/div>\n<\/div>\n<div style=\"clear: both; display: block; margin: 10px 0;\">\n<div style=\"clear: both; display: block; margin: 10px 0;\">\n<div style=\"clear: both; display: block; margin: 10px 0;\">\n<div  style=\"max-width:1483px;max-height:2048px\">\n<div style=\"clear: both; display: block; margin: 10px 0;\">\n<div style=\"clear: both; width: 100%; display: block; margin: 20px 0; padding: 0; float: none; position: static; text-align: center;\"><img decoding=\"async\"  src=\"https:\/\/a.allegroimg.com\/original\/114ea5\/ed9711e7433d9253896b1e83269b\/1x-195-65R15-91T-MP93-NORDICCA-Matador-Zima-Indeks-predkosci-T-do-190-km-h\" srcset=\"https:\/\/a.allegroimg.com\/original\/114ea5\/ed9711e7433d9253896b1e83269b\/1x-195-65R15-91T-MP93-NORDICCA-Matador-Zima-Indeks-predkosci-T-do-190-km-h 260w,https:\/\/a.allegroimg.com\/original\/114ea5\/ed9711e7433d9253896b1e83269b\/1x-195-65R15-91T-MP93-NORDICCA-Matador-Zima-Indeks-predkosci-T-do-190-km-h 521w,https:\/\/a.allegroimg.com\/original\/114ea5\/ed9711e7433d9253896b1e83269b\/1x-195-65R15-91T-MP93-NORDICCA-Matador-Zima-Indeks-predkosci-T-do-190-km-h 741w,https:\/\/a.allegroimg.com\/original\/114ea5\/ed9711e7433d9253896b1e83269b\/1x-195-65R15-91T-MP93-NORDICCA-Matador-Zima-Indeks-predkosci-T-do-190-km-h 1042w,https:\/\/a.allegroimg.com\/original\/114ea5\/ed9711e7433d9253896b1e83269b\/1x-195-65R15-91T-MP93-NORDICCA-Matador-Zima-Indeks-predkosci-T-do-190-km-h 1483w\" sizes=\"(min-width: 1200px) 560px, (min-width: 992px) 50vw, 100vw\" width=\"1483px\" alt=\"1x 195\/65R15 91T MP93 NORDICCA Matador Zima Indeks pr\u0119dko\u015bci T do 190 km\/h\"\/ style=\"max-width: 100%; height: auto; display: block; margin: 0 auto;\"><\/div>\n<\/div>\n<\/div>\n<\/div>\n<\/div>\n<div style=\"clear: both; display: block; margin: 10px 0;\">\n<div style=\"clear: both; display: block; margin: 10px 0;\">\n<h1>Bardzo r\u00f3wnomierne zu\u017cycie bie\u017cnika i lekkie toczenie<\/h1>\n<p style=\"margin: 15px 0; line-height: 1.8; clear: both; display: block; width: 100%; float: none; position: static;\">R\u00f3wnomierny rozk\u0142ad powierzchni powoduje r\u00f3wnomierne zu\u017cycie. Oznacza to wygodniejsz\u0105 i cichsz\u0105 jazd\u0119. Ponadto r\u00f3wnomierne zu\u017cycie bie\u017cnika oznacza wi\u0119ksze przebiegi i l\u017cejsze toczenie, a dzi\u0119ki temu jazda staje si\u0119 jeszcze bardziej efektywna.<\/p>\n<\/div>\n<\/div>\n<\/div>\n<\/div>\n<\/div>\n<\/div>\n<div style=\"clear: both; display: block; margin: 10px 0;\">\n","protected":false},"excerpt":{"rendered":"<p>1905 \u2013 Fabryka gumy i balaty firmy Matador<\/p>\n<p>1925 \u2013 Pierwsza opona marki Matador wyprodukowana w Bratys\u0142awie<\/p>\n<p>1930 \u2013 Wynalezienie metody \u0142\u0105czenia ze sob\u0105 \u017celaza i gumy, Matador uzyskuje prawa patentowe<\/p>\n<p>1933 \u2013 Matador produkuje pierwsz\u0105 czechos\u0142owack\u0105 opon\u0119 terenow\u0105 Goliath<\/p>\n<p>1934 \u2013 Matador rozpoczyna sprzeda\u017c opony superbalonowej Mamut<\/p>\n<p>1947 \u2013 Wmurowanie kamienia w\u0119gielnego pod fabryk\u0119 gumy w miejscowo\u015bci P\u00fachov<\/p>\n<p>1950 \u2013 Otwarcie Fabryki Opon \u201e1 Maja&quot;<\/p>\n<p>1955 \u2013 Rozpocz\u0119cie produkcji ta\u015bmowej<\/p>\n","protected":false},"featured_media":9476,"template":"","meta":{"_uag_custom_page_level_css":""},"product_brand":[373],"product_cat":[414,413,412,415],"product_tag":[],"class_list":{"0":"post-9475","1":"product","2":"type-product","3":"status-publish","4":"has-post-thumbnail","6":"product_brand-matador","7":"product_cat-do-samochodow-osobowych-i-suv","8":"product_cat-opony","9":"product_cat-opony-i-felgi","10":"product_cat-zimowe","12":"first","13":"instock","14":"sale","15":"shipping-taxable","16":"purchasable","17":"product-type-simple"},"uagb_featured_image_src":{"full":["https:\/\/oponixo.shop\/tire\/wp-content\/uploads\/2025\/12\/allegro-image-9475.jpg",2560,1691,false],"thumbnail":["https:\/\/oponixo.shop\/tire\/wp-content\/uploads\/2025\/12\/allegro-image-9475-150x150.jpg",150,150,true],"medium":["https:\/\/oponixo.shop\/tire\/wp-content\/uploads\/2025\/12\/allegro-image-9475-300x198.jpg",300,198,true],"medium_large":["https:\/\/oponixo.shop\/tire\/wp-content\/uploads\/2025\/12\/allegro-image-9475-768x507.jpg",768,507,true],"large":["https:\/\/oponixo.shop\/tire\/wp-content\/uploads\/2025\/12\/allegro-image-9475-1024x676.jpg",1024,676,true],"1536x1536":["https:\/\/oponixo.shop\/tire\/wp-content\/uploads\/2025\/12\/allegro-image-9475-1536x1015.jpg",1536,1015,true],"2048x2048":["https:\/\/oponixo.shop\/tire\/wp-content\/uploads\/2025\/12\/allegro-image-9475-2048x1353.jpg",2048,1353,true],"woocommerce_thumbnail":["https:\/\/oponixo.shop\/tire\/wp-content\/uploads\/2025\/12\/allegro-image-9475-300x300.jpg",300,300,true],"woocommerce_single":["https:\/\/oponixo.shop\/tire\/wp-content\/uploads\/2025\/12\/allegro-image-9475-600x396.jpg",600,396,true],"woocommerce_gallery_thumbnail":["https:\/\/oponixo.shop\/tire\/wp-content\/uploads\/2025\/12\/allegro-image-9475-100x100.jpg",100,100,true]},"uagb_author_info":{"display_name":"admin","author_link":"https:\/\/oponixo.shop\/tire\/author\/"},"uagb_comment_info":0,"uagb_excerpt":"1905 \u2013 Fabryka gumy i balaty firmy Matador 1925 \u2013 Pierwsza opona marki Matador wyprodukowana w Bratys\u0142awie 1930 \u2013 Wynalezienie metody \u0142\u0105czenia ze sob\u0105 \u017celaza i gumy, Matador uzyskuje prawa patentowe 1933 \u2013 Matador produkuje pierwsz\u0105 czechos\u0142owack\u0105 opon\u0119 terenow\u0105 Goliath 1934 \u2013 Matador rozpoczyna sprzeda\u017c opony superbalonowej Mamut 1947 \u2013 Wmurowanie kamienia w\u0119gielnego pod fabryk\u0119&hellip;","_links":{"self":[{"href":"https:\/\/oponixo.shop\/tire\/wp-json\/wp\/v2\/product\/9475","targetHints":{"allow":["GET"]}}],"collection":[{"href":"https:\/\/oponixo.shop\/tire\/wp-json\/wp\/v2\/product"}],"about":[{"href":"https:\/\/oponixo.shop\/tire\/wp-json\/wp\/v2\/types\/product"}],"wp:featuredmedia":[{"embeddable":true,"href":"https:\/\/oponixo.shop\/tire\/wp-json\/wp\/v2\/media\/9476"}],"wp:attachment":[{"href":"https:\/\/oponixo.shop\/tire\/wp-json\/wp\/v2\/media?parent=9475"}],"wp:term":[{"taxonomy":"product_brand","embeddable":true,"href":"https:\/\/oponixo.shop\/tire\/wp-json\/wp\/v2\/product_brand?post=9475"},{"taxonomy":"product_cat","embeddable":true,"href":"https:\/\/oponixo.shop\/tire\/wp-json\/wp\/v2\/product_cat?post=9475"},{"taxonomy":"product_tag","embeddable":true,"href":"https:\/\/oponixo.shop\/tire\/wp-json\/wp\/v2\/product_tag?post=9475"}],"curies":[{"name":"wp","href":"https:\/\/api.w.org\/{rel}","templated":true}]}}