{"id":9483,"date":"2025-12-25T07:29:08","date_gmt":"2025-12-25T07:29:08","guid":{"rendered":"https:\/\/oponyexpert.shop\/xef5\/produkt\/opona-zimowa-barum-polaris-6-195-65r15-91-t-przyczepnosc-na-sniegu-3pmsf\/"},"modified":"2025-12-25T07:29:09","modified_gmt":"2025-12-25T07:29:09","slug":"opona-zimowa-barum-polaris-6-195-65r15-91-t-przyczepnosc-na-sniegu-3pmsf","status":"publish","type":"product","link":"https:\/\/oponixo.shop\/tire\/produkt\/opona-zimowa-barum-polaris-6-195-65r15-91-t-przyczepnosc-na-sniegu-3pmsf\/","title":{"rendered":"Opona zimowa Barum Polaris 6 195\/65R15 91 T przyczepno\u015b\u0107 na \u015bniegu (3PMSF)"},"content":{"rendered":"<div style=\"font-family: Arial, sans-serif; line-height: 1.6; color: #333; padding: 20px; clear: both; display: block; width: 100%; float: none; position: static; overflow: hidden;\">\n<div style=\"clear: both; display: block; margin: 10px 0;\">\n<div style=\"clear: both; display: block; margin: 10px 0;\">\n<div style=\"clear: both; display: block; margin: 10px 0;\">\n<p style=\"margin: 15px 0; line-height: 1.8; clear: both; display: block; width: 100%; float: none; position: static;\">Opona zimowa Barum Polaris 6 195\/65R15 91 T<\/p>\n<p style=\"margin: 15px 0; line-height: 1.8; clear: both; display: block; width: 100%; float: none; position: static;\">Cechy produktu:<\/p>\n<ul style=\"margin: 15px 0; padding-left: 20px; clear: both; display: block; width: 100%; float: none; position: static;\">\n<li style=\"margin: 5px 0; padding: 2px 0; clear: both; display: list-item; float: none; position: static;\">sezon: zimowe<\/li>\n<li style=\"margin: 5px 0; padding: 2px 0; clear: both; display: list-item; float: none; position: static;\">szeroko\u015b\u0107\/profil\/\u015brednica: 195\/65R15<\/li>\n<li style=\"margin: 5px 0; padding: 2px 0; clear: both; display: list-item; float: none; position: static;\">indeks no\u015bno\u015bci: 91 &#8211; 615 kg<\/li>\n<li style=\"margin: 5px 0; padding: 2px 0; clear: both; display: list-item; float: none; position: static;\">indeks pr\u0119dko\u015bci: T do 190 km\/h<\/li>\n<li style=\"margin: 5px 0; padding: 2px 0; clear: both; display: list-item; float: none; position: static;\">oznaczenie M+S (mud and snow)<\/li>\n<li style=\"margin: 5px 0; padding: 2px 0; clear: both; display: list-item; float: none; position: static;\">przyczepno\u015b\u0107 na \u015bniegu (3PMSF)<\/li>\n<\/ul>\n<\/div>\n<\/div>\n<\/div>\n<div style=\"clear: both; display: block; margin: 10px 0;\">\n<div style=\"clear: both; display: block; margin: 10px 0;\">\n<div style=\"clear: both; display: block; margin: 10px 0;\">\n<div  style=\"max-width:920px;max-height:1120px\">\n<div style=\"clear: both; display: block; margin: 10px 0;\">\n<div style=\"clear: both; width: 100%; display: block; margin: 20px 0; padding: 0; float: none; position: static; text-align: center;\"><img decoding=\"async\"  src=\"https:\/\/a.allegroimg.com\/original\/110509\/1a55b5c24231a41f0dee29784c2d\/Opona-zimowa-Barum-Polaris-6-195-65R15-91-T-przyczepnosc-na-sniegu-3PMSF\" srcset=\"https:\/\/a.allegroimg.com\/original\/110509\/1a55b5c24231a41f0dee29784c2d\/Opona-zimowa-Barum-Polaris-6-195-65R15-91-T-przyczepnosc-na-sniegu-3PMSF 295w,https:\/\/a.allegroimg.com\/original\/110509\/1a55b5c24231a41f0dee29784c2d\/Opona-zimowa-Barum-Polaris-6-195-65R15-91-T-przyczepnosc-na-sniegu-3PMSF 591w,https:\/\/a.allegroimg.com\/original\/110509\/1a55b5c24231a41f0dee29784c2d\/Opona-zimowa-Barum-Polaris-6-195-65R15-91-T-przyczepnosc-na-sniegu-3PMSF 841w,https:\/\/a.allegroimg.com\/original\/110509\/1a55b5c24231a41f0dee29784c2d\/Opona-zimowa-Barum-Polaris-6-195-65R15-91-T-przyczepnosc-na-sniegu-3PMSF 920w,https:\/\/a.allegroimg.com\/original\/110509\/1a55b5c24231a41f0dee29784c2d\/Opona-zimowa-Barum-Polaris-6-195-65R15-91-T-przyczepnosc-na-sniegu-3PMSF 920w\" sizes=\"100vw\" width=\"920px\" alt=\"Opona zimowa Barum Polaris 6 195\/65R15 91 T przyczepno\u015b\u0107 na \u015bniegu (3PMSF)\"\/ style=\"max-width: 100%; height: auto; display: block; margin: 0 auto;\"><\/div>\n<\/div>\n<\/div>\n<\/div>\n<\/div>\n<\/div>\n<div style=\"clear: both; display: block; margin: 10px 0;\">\n<div style=\"clear: both; display: block; margin: 10px 0;\">\n<div style=\"clear: both; display: block; margin: 10px 0;\">\n<h1>UWAGA !!!!!<\/h1>\n<ul style=\"margin: 15px 0; padding-left: 20px; clear: both; display: block; width: 100%; float: none; position: static;\">\n<li style=\"margin: 5px 0; padding: 2px 0; clear: both; display: list-item; float: none; position: static;\"><b>KA\u017bDA OPONA W MOJEJ OFERCIE JEST TOWAREM PE\u0141NOWARTO\u015aCIOWYM NOWYM BEZ WAD<\/b><\/li>\n<li style=\"margin: 5px 0; padding: 2px 0; clear: both; display: list-item; float: none; position: static;\"><b>PRZY WYBORZE OPON ZAWSZE PROSZ\u0118 &nbsp; KIEROWA\u0106 SI\u0118 ROZMIAREM Z K\u00d3\u0141 ZAMONTOWANYCH LUB Z TABLICZKI NA S\u0141UPKU DRZWI LUB KLAPCE WLEWU PALIWA<\/b><\/li>\n<li style=\"margin: 5px 0; padding: 2px 0; clear: both; display: list-item; float: none; position: static;\"><b>KONKURENCYJNE CENY<\/b><\/li>\n<li style=\"margin: 5px 0; padding: 2px 0; clear: both; display: list-item; float: none; position: static;\"><b>SZYBKA DOSTAWA BEZPO\u015aREDNIO DO KLIENTA<\/b><\/li>\n<li style=\"margin: 5px 0; padding: 2px 0; clear: both; display: list-item; float: none; position: static;\"><b>ZDI\u0118CIA POGL\u0104DOWE NAJBARDZIEJ ZBLI\u017bONE DO OFEROWANEJ OPONY W OFERCIE<\/b><\/li>\n<\/ul>\n<\/div>\n<\/div>\n<\/div>\n<\/div>\n<\/div>\n<\/div>\n<div style=\"clear: both; display: block; margin: 10px 0;\">\n","protected":false},"excerpt":{"rendered":"<p>Opona zimowa Barum Polaris 6 195\/65R15 91 T<\/p>\n<p>Cechy produktu:<\/p>\n<p>sezon: zimowe<\/p>\n<p>szeroko\u015b\u0107\/profil\/\u015brednica: 195\/65R15<\/p>\n<p>indeks no\u015bno\u015bci: 91 &#8211; 615 kg<\/p>\n<p>indeks pr\u0119dko\u015bci: T do 190 km\/h<\/p>\n<p>oznaczenie M+S (mud and snow)<\/p>\n<p>przyczepno\u015b\u0107 na \u015bniegu (3PMSF)<\/p>\n","protected":false},"featured_media":9484,"template":"","meta":{"_uag_custom_page_level_css":""},"product_brand":[386],"product_cat":[414,413,412,415],"product_tag":[],"class_list":{"0":"post-9483","1":"product","2":"type-product","3":"status-publish","4":"has-post-thumbnail","6":"product_brand-barum","7":"product_cat-do-samochodow-osobowych-i-suv","8":"product_cat-opony","9":"product_cat-opony-i-felgi","10":"product_cat-zimowe","12":"first","13":"instock","14":"sale","15":"shipping-taxable","16":"purchasable","17":"product-type-simple"},"uagb_featured_image_src":{"full":["https:\/\/oponixo.shop\/tire\/wp-content\/uploads\/2025\/12\/allegro-image-9483.jpg",920,1120,false],"thumbnail":["https:\/\/oponixo.shop\/tire\/wp-content\/uploads\/2025\/12\/allegro-image-9483-150x150.jpg",150,150,true],"medium":["https:\/\/oponixo.shop\/tire\/wp-content\/uploads\/2025\/12\/allegro-image-9483-246x300.jpg",246,300,true],"medium_large":["https:\/\/oponixo.shop\/tire\/wp-content\/uploads\/2025\/12\/allegro-image-9483-768x935.jpg",768,935,true],"large":["https:\/\/oponixo.shop\/tire\/wp-content\/uploads\/2025\/12\/allegro-image-9483-841x1024.jpg",841,1024,true],"1536x1536":["https:\/\/oponixo.shop\/tire\/wp-content\/uploads\/2025\/12\/allegro-image-9483.jpg",920,1120,false],"2048x2048":["https:\/\/oponixo.shop\/tire\/wp-content\/uploads\/2025\/12\/allegro-image-9483.jpg",920,1120,false],"woocommerce_thumbnail":["https:\/\/oponixo.shop\/tire\/wp-content\/uploads\/2025\/12\/allegro-image-9483-300x300.jpg",300,300,true],"woocommerce_single":["https:\/\/oponixo.shop\/tire\/wp-content\/uploads\/2025\/12\/allegro-image-9483-600x730.jpg",600,730,true],"woocommerce_gallery_thumbnail":["https:\/\/oponixo.shop\/tire\/wp-content\/uploads\/2025\/12\/allegro-image-9483-100x100.jpg",100,100,true]},"uagb_author_info":{"display_name":"admin","author_link":"https:\/\/oponixo.shop\/tire\/author\/"},"uagb_comment_info":0,"uagb_excerpt":"Opona zimowa Barum Polaris 6 195\/65R15 91 T Cechy produktu: sezon: zimowe szeroko\u015b\u0107\/profil\/\u015brednica: 195\/65R15 indeks no\u015bno\u015bci: 91 - 615 kg indeks pr\u0119dko\u015bci: T do 190 km\/h oznaczenie M+S (mud and snow) przyczepno\u015b\u0107 na \u015bniegu (3PMSF)","_links":{"self":[{"href":"https:\/\/oponixo.shop\/tire\/wp-json\/wp\/v2\/product\/9483","targetHints":{"allow":["GET"]}}],"collection":[{"href":"https:\/\/oponixo.shop\/tire\/wp-json\/wp\/v2\/product"}],"about":[{"href":"https:\/\/oponixo.shop\/tire\/wp-json\/wp\/v2\/types\/product"}],"wp:featuredmedia":[{"embeddable":true,"href":"https:\/\/oponixo.shop\/tire\/wp-json\/wp\/v2\/media\/9484"}],"wp:attachment":[{"href":"https:\/\/oponixo.shop\/tire\/wp-json\/wp\/v2\/media?parent=9483"}],"wp:term":[{"taxonomy":"product_brand","embeddable":true,"href":"https:\/\/oponixo.shop\/tire\/wp-json\/wp\/v2\/product_brand?post=9483"},{"taxonomy":"product_cat","embeddable":true,"href":"https:\/\/oponixo.shop\/tire\/wp-json\/wp\/v2\/product_cat?post=9483"},{"taxonomy":"product_tag","embeddable":true,"href":"https:\/\/oponixo.shop\/tire\/wp-json\/wp\/v2\/product_tag?post=9483"}],"curies":[{"name":"wp","href":"https:\/\/api.w.org\/{rel}","templated":true}]}}