{"id":9521,"date":"2025-12-25T07:29:19","date_gmt":"2025-12-25T07:29:19","guid":{"rendered":"https:\/\/oponyexpert.shop\/xef5\/produkt\/opona-caloroczna-matador-mp62-all-weather-evo-195-65r15-91-h\/"},"modified":"2025-12-25T07:29:19","modified_gmt":"2025-12-25T07:29:19","slug":"opona-caloroczna-matador-mp62-all-weather-evo-195-65r15-91-h","status":"publish","type":"product","link":"https:\/\/oponixo.shop\/tire\/produkt\/opona-caloroczna-matador-mp62-all-weather-evo-195-65r15-91-h\/","title":{"rendered":"Opona ca\u0142oroczna Matador MP62 All Weather Evo 195\/65R15 91 H"},"content":{"rendered":"<div style=\"font-family: Arial, sans-serif; line-height: 1.6; color: #333; padding: 20px; clear: both; display: block; width: 100%; float: none; position: static; overflow: hidden;\">\n<div style=\"clear: both; display: block; margin: 10px 0;\">\n<div style=\"clear: both; display: block; margin: 10px 0;\">\n<div style=\"clear: both; display: block; margin: 10px 0;\">\n<p style=\"margin: 15px 0; line-height: 1.8; clear: both; display: block; width: 100%; float: none; position: static;\">Opona ca\u0142oroczna Matador MP62 All Weather Evo 195\/65R15 91 H<\/p>\n<p style=\"margin: 15px 0; line-height: 1.8; clear: both; display: block; width: 100%; float: none; position: static;\">Cechy produktu:<\/p>\n<ul style=\"margin: 15px 0; padding-left: 20px; clear: both; display: block; width: 100%; float: none; position: static;\">\n<li style=\"margin: 5px 0; padding: 2px 0; clear: both; display: list-item; float: none; position: static;\">sezon: ca\u0142oroczne<\/li>\n<li style=\"margin: 5px 0; padding: 2px 0; clear: both; display: list-item; float: none; position: static;\">szeroko\u015b\u0107\/profil\/\u015brednica: 195\/65R15<\/li>\n<li style=\"margin: 5px 0; padding: 2px 0; clear: both; display: list-item; float: none; position: static;\">indeks no\u015bno\u015bci: 91 &#8211; 615 kg<\/li>\n<li style=\"margin: 5px 0; padding: 2px 0; clear: both; display: list-item; float: none; position: static;\">indeks pr\u0119dko\u015bci: H do 210 km\/h<\/li>\n<\/ul>\n<\/div>\n<\/div>\n<div style=\"clear: both; display: block; margin: 10px 0;\">\n<div style=\"clear: both; display: block; margin: 10px 0;\">\n<div  style=\"max-width:500px;max-height:500px\">\n<div style=\"clear: both; display: block; margin: 10px 0;\">\n<div style=\"clear: both; width: 100%; display: block; margin: 20px 0; padding: 0; float: none; position: static; text-align: center;\"><img decoding=\"async\"  src=\"https:\/\/a.allegroimg.com\/original\/11f7fa\/d72ffdaf434bb721c19008edb31e\/Opona-caloroczna-Matador-MP62-All-Weather-Evo-195-65R15-91-H\" srcset=\"https:\/\/a.allegroimg.com\/original\/11f7fa\/d72ffdaf434bb721c19008edb31e\/Opona-caloroczna-Matador-MP62-All-Weather-Evo-195-65R15-91-H 360w,https:\/\/a.allegroimg.com\/original\/11f7fa\/d72ffdaf434bb721c19008edb31e\/Opona-caloroczna-Matador-MP62-All-Weather-Evo-195-65R15-91-H 500w,https:\/\/a.allegroimg.com\/original\/11f7fa\/d72ffdaf434bb721c19008edb31e\/Opona-caloroczna-Matador-MP62-All-Weather-Evo-195-65R15-91-H 500w\" sizes=\"(min-width: 1200px) 560px, (min-width: 992px) 50vw, 100vw\" width=\"500px\" alt=\"Opona ca\u0142oroczna Matador MP62 All Weather Evo 195\/65R15 91 H\"\/ style=\"max-width: 100%; height: auto; display: block; margin: 0 auto;\"><\/div>\n<\/div>\n<\/div>\n<\/div>\n<\/div>\n<\/div>\n<\/div>\n<\/div>\n<\/div>\n<div style=\"clear: both; display: block; margin: 10px 0;\">\n","protected":false},"excerpt":{"rendered":"<p>Opona ca\u0142oroczna Matador MP62 All Weather Evo 195\/65R15 91 H<\/p>\n<p>Cechy produktu:<\/p>\n<p>sezon: ca\u0142oroczne<\/p>\n<p>szeroko\u015b\u0107\/profil\/\u015brednica: 195\/65R15<\/p>\n<p>indeks no\u015bno\u015bci: 91 &#8211; 615 kg<\/p>\n<p>indeks pr\u0119dko\u015bci: H do 210 km\/h<\/p>\n","protected":false},"featured_media":9522,"template":"","meta":{"_uag_custom_page_level_css":""},"product_brand":[373],"product_cat":[416,414,413,412],"product_tag":[],"class_list":{"0":"post-9521","1":"product","2":"type-product","3":"status-publish","4":"has-post-thumbnail","6":"product_brand-matador","7":"product_cat-caloroczne","8":"product_cat-do-samochodow-osobowych-i-suv","9":"product_cat-opony","10":"product_cat-opony-i-felgi","12":"first","13":"instock","14":"sale","15":"shipping-taxable","16":"purchasable","17":"product-type-simple"},"uagb_featured_image_src":{"full":["https:\/\/oponixo.shop\/tire\/wp-content\/uploads\/2025\/12\/allegro-image-9521.jpg",500,500,false],"thumbnail":["https:\/\/oponixo.shop\/tire\/wp-content\/uploads\/2025\/12\/allegro-image-9521-150x150.jpg",150,150,true],"medium":["https:\/\/oponixo.shop\/tire\/wp-content\/uploads\/2025\/12\/allegro-image-9521-300x300.jpg",300,300,true],"medium_large":["https:\/\/oponixo.shop\/tire\/wp-content\/uploads\/2025\/12\/allegro-image-9521.jpg",500,500,false],"large":["https:\/\/oponixo.shop\/tire\/wp-content\/uploads\/2025\/12\/allegro-image-9521.jpg",500,500,false],"1536x1536":["https:\/\/oponixo.shop\/tire\/wp-content\/uploads\/2025\/12\/allegro-image-9521.jpg",500,500,false],"2048x2048":["https:\/\/oponixo.shop\/tire\/wp-content\/uploads\/2025\/12\/allegro-image-9521.jpg",500,500,false],"woocommerce_thumbnail":["https:\/\/oponixo.shop\/tire\/wp-content\/uploads\/2025\/12\/allegro-image-9521-300x300.jpg",300,300,true],"woocommerce_single":["https:\/\/oponixo.shop\/tire\/wp-content\/uploads\/2025\/12\/allegro-image-9521.jpg",500,500,false],"woocommerce_gallery_thumbnail":["https:\/\/oponixo.shop\/tire\/wp-content\/uploads\/2025\/12\/allegro-image-9521-100x100.jpg",100,100,true]},"uagb_author_info":{"display_name":"admin","author_link":"https:\/\/oponixo.shop\/tire\/author\/"},"uagb_comment_info":0,"uagb_excerpt":"Opona ca\u0142oroczna Matador MP62 All Weather Evo 195\/65R15 91 H Cechy produktu: sezon: ca\u0142oroczne szeroko\u015b\u0107\/profil\/\u015brednica: 195\/65R15 indeks no\u015bno\u015bci: 91 - 615 kg indeks pr\u0119dko\u015bci: H do 210 km\/h","_links":{"self":[{"href":"https:\/\/oponixo.shop\/tire\/wp-json\/wp\/v2\/product\/9521","targetHints":{"allow":["GET"]}}],"collection":[{"href":"https:\/\/oponixo.shop\/tire\/wp-json\/wp\/v2\/product"}],"about":[{"href":"https:\/\/oponixo.shop\/tire\/wp-json\/wp\/v2\/types\/product"}],"wp:featuredmedia":[{"embeddable":true,"href":"https:\/\/oponixo.shop\/tire\/wp-json\/wp\/v2\/media\/9522"}],"wp:attachment":[{"href":"https:\/\/oponixo.shop\/tire\/wp-json\/wp\/v2\/media?parent=9521"}],"wp:term":[{"taxonomy":"product_brand","embeddable":true,"href":"https:\/\/oponixo.shop\/tire\/wp-json\/wp\/v2\/product_brand?post=9521"},{"taxonomy":"product_cat","embeddable":true,"href":"https:\/\/oponixo.shop\/tire\/wp-json\/wp\/v2\/product_cat?post=9521"},{"taxonomy":"product_tag","embeddable":true,"href":"https:\/\/oponixo.shop\/tire\/wp-json\/wp\/v2\/product_tag?post=9521"}],"curies":[{"name":"wp","href":"https:\/\/api.w.org\/{rel}","templated":true}]}}