{"id":9573,"date":"2025-12-25T07:29:33","date_gmt":"2025-12-25T07:29:33","guid":{"rendered":"https:\/\/oponyexpert.shop\/xef5\/produkt\/1x-barum-polaris-6-205-55r16-91t-2025-r\/"},"modified":"2025-12-25T07:29:33","modified_gmt":"2025-12-25T07:29:33","slug":"1x-barum-polaris-6-205-55r16-91t-2025-r","status":"publish","type":"product","link":"https:\/\/oponixo.shop\/tire\/produkt\/1x-barum-polaris-6-205-55r16-91t-2025-r\/","title":{"rendered":"1x BARUM Polaris 6 205\/55R16 91T 2025 r"},"content":{"rendered":"<div style=\"font-family: Arial, sans-serif; line-height: 1.6; color: #333; padding: 20px; clear: both; display: block; width: 100%; float: none; position: static; overflow: hidden;\">\n<div style=\"clear: both; display: block; margin: 10px 0;\">\n<div style=\"clear: both; display: block; margin: 10px 0;\">\n<div style=\"clear: both; display: block; margin: 10px 0;\">\n<h1>Rok produkcji: 2025<\/h1>\n<\/div>\n<\/div>\n<\/div>\n<div style=\"clear: both; display: block; margin: 10px 0;\">\n<div style=\"clear: both; display: block; margin: 10px 0;\">\n<div style=\"clear: both; display: block; margin: 10px 0;\">\n<div  style=\"max-width:1200px;max-height:1126px\">\n<div style=\"clear: both; display: block; margin: 10px 0;\">\n<div style=\"clear: both; width: 100%; display: block; margin: 20px 0; padding: 0; float: none; position: static; text-align: center;\"><img decoding=\"async\"  src=\"https:\/\/a.allegroimg.com\/original\/112764\/12dd4dab4d79870b0de1d2ba6031\/1x-BARUM-Polaris-6-205-55R16-91T-2025-r\" srcset=\"https:\/\/a.allegroimg.com\/original\/112764\/12dd4dab4d79870b0de1d2ba6031\/1x-BARUM-Polaris-6-205-55R16-91T-2025-r 360w,https:\/\/a.allegroimg.com\/original\/112764\/12dd4dab4d79870b0de1d2ba6031\/1x-BARUM-Polaris-6-205-55R16-91T-2025-r 720w,https:\/\/a.allegroimg.com\/original\/112764\/12dd4dab4d79870b0de1d2ba6031\/1x-BARUM-Polaris-6-205-55R16-91T-2025-r 1024w,https:\/\/a.allegroimg.com\/original\/112764\/12dd4dab4d79870b0de1d2ba6031\/1x-BARUM-Polaris-6-205-55R16-91T-2025-r 1200w,https:\/\/a.allegroimg.com\/original\/112764\/12dd4dab4d79870b0de1d2ba6031\/1x-BARUM-Polaris-6-205-55R16-91T-2025-r 1200w\" sizes=\"(min-width: 1200px) 560px, (min-width: 992px) 50vw, 100vw\" width=\"1200px\" alt=\"1x BARUM Polaris 6 205\/55R16 91T 2025 r\"\/ style=\"max-width: 100%; height: auto; display: block; margin: 0 auto;\"><\/div>\n<\/div>\n<\/div>\n<\/div>\n<\/div>\n<div style=\"clear: both; display: block; margin: 10px 0;\">\n<div style=\"clear: both; display: block; margin: 10px 0;\">\n<h1>BARUM Polaris 6 205\/55R16 91T EV<\/h1>\n<h2>H06CX5<\/h2>\n<ul style=\"margin: 15px 0; padding-left: 20px; clear: both; display: block; width: 100%; float: none; position: static;\">\n<li style=\"margin: 5px 0; padding: 2px 0; clear: both; display: list-item; float: none; position: static;\"><b>Data produkcji :<\/b> 2025<\/li>\n<li style=\"margin: 5px 0; padding: 2px 0; clear: both; display: list-item; float: none; position: static;\"><b>Hamowanie na mokrej nawierzchni :<\/b> C<\/li>\n<li style=\"margin: 5px 0; padding: 2px 0; clear: both; display: list-item; float: none; position: static;\"><b>Indeks :<\/b> 205\/55R16 ZOBA 91T POL6<\/li>\n<li style=\"margin: 5px 0; padding: 2px 0; clear: both; display: list-item; float: none; position: static;\"><b>Indeks no\u015bno\u015bci :<\/b> 91<\/li>\n<li style=\"margin: 5px 0; padding: 2px 0; clear: both; display: list-item; float: none; position: static;\"><b>Indeks pr\u0119dko\u015bci :<\/b> T &#8211; 190 km\/h<\/li>\n<li style=\"margin: 5px 0; padding: 2px 0; clear: both; display: list-item; float: none; position: static;\"><b>Karta informacyjna produktu :<\/b> https:\/\/eprel.ec.europa.eu\/qr\/1558922<\/li>\n<li style=\"margin: 5px 0; padding: 2px 0; clear: both; display: list-item; float: none; position: static;\"><b>Klasa opony :<\/b> bud\u017cet<\/li>\n<li style=\"margin: 5px 0; padding: 2px 0; clear: both; display: list-item; float: none; position: static;\"><b>Kod EAN :<\/b> 4024063006706<\/li>\n<li style=\"margin: 5px 0; padding: 2px 0; clear: both; display: list-item; float: none; position: static;\"><b>Kod producenta :<\/b> 15414850000<\/li>\n<li style=\"margin: 5px 0; padding: 2px 0; clear: both; display: list-item; float: none; position: static;\"><b>Liczba decybeli :<\/b> 72 dB<\/li>\n<li style=\"margin: 5px 0; padding: 2px 0; clear: both; display: list-item; float: none; position: static;\"><b>Model bie\u017cnika :<\/b> Polaris 6<\/li>\n<li style=\"margin: 5px 0; padding: 2px 0; clear: both; display: list-item; float: none; position: static;\"><b>Nazwa produktu :<\/b> BARUM Polaris 6 205\/55R16 91T<\/li>\n<li style=\"margin: 5px 0; padding: 2px 0; clear: both; display: list-item; float: none; position: static;\"><b>opona na dedykowan\u0105 o\u015b :<\/b> Prz\u00f3d\/Ty\u0142<\/li>\n<li style=\"margin: 5px 0; padding: 2px 0; clear: both; display: list-item; float: none; position: static;\"><b>Op\u00f3r toczenia :<\/b> B<\/li>\n<li style=\"margin: 5px 0; padding: 2px 0; clear: both; display: list-item; float: none; position: static;\"><b>Poziom emisji ha\u0142asu :<\/b> B<\/li>\n<li style=\"margin: 5px 0; padding: 2px 0; clear: both; display: list-item; float: none; position: static;\"><b>Producent :<\/b> BARUM<\/li>\n<li style=\"margin: 5px 0; padding: 2px 0; clear: both; display: list-item; float: none; position: static;\"><b>Profil :<\/b> 55<\/li>\n<li style=\"margin: 5px 0; padding: 2px 0; clear: both; display: list-item; float: none; position: static;\"><b>Przeznaczenie :<\/b> samochody osobowe, SUV\/4&#215;4<\/li>\n<li style=\"margin: 5px 0; padding: 2px 0; clear: both; display: list-item; float: none; position: static;\"><b>Przyczepno\u015b\u0107 na lodzie :<\/b> Nie<\/li>\n<li style=\"margin: 5px 0; padding: 2px 0; clear: both; display: list-item; float: none; position: static;\"><b>Przyczepno\u015b\u0107 na \u015bniegu :<\/b> Tak<\/li>\n<li style=\"margin: 5px 0; padding: 2px 0; clear: both; display: list-item; float: none; position: static;\"><b>QR kod :<\/b> https:\/\/eprel.ec.europa.eu\/qr\/1558922<\/li>\n<li style=\"margin: 5px 0; padding: 2px 0; clear: both; display: list-item; float: none; position: static;\"><b>Sezon :<\/b> zimowa<\/li>\n<li style=\"margin: 5px 0; padding: 2px 0; clear: both; display: list-item; float: none; position: static;\"><b>\u015arednica :<\/b> 16&#8243;<\/li>\n<li style=\"margin: 5px 0; padding: 2px 0; clear: both; display: list-item; float: none; position: static;\"><b>Szeroko\u015b\u0107 :<\/b> 205<\/li>\n<\/ul>\n<\/div>\n<\/div>\n<\/div>\n<div style=\"clear: both; display: block; margin: 10px 0;\">\n<div style=\"clear: both; display: block; margin: 10px 0;\">\n<div style=\"clear: both; display: block; margin: 10px 0;\">\n<p style=\"margin: 15px 0; line-height: 1.8; clear: both; display: block; width: 100%; float: none; position: static;\">15414850000, Polaris 6, BARUM, Zimowa, Opona osobowa, 3PMSF; M+S, EV, opory toczenia &#8211; B; przyczepno\u015b\u0107 na mokrej nawierzchni &#8211; C; ha\u0142as zewn\u0119trzny &#8211; 72 dB (B) przyczepno\u015b\u0107 na \u015bniegu &#8211; Tak; przyczepno\u015b<\/p>\n<\/div>\n<\/div>\n<div style=\"clear: both; display: block; margin: 10px 0;\">\n<div style=\"clear: both; display: block; margin: 10px 0;\">\n<div  style=\"max-width:886px;max-height:1299px\">\n<div style=\"clear: both; display: block; margin: 10px 0;\">\n<div style=\"clear: both; width: 100%; display: block; margin: 20px 0; padding: 0; float: none; position: static; text-align: center;\"><img decoding=\"async\"  src=\"https:\/\/a.allegroimg.com\/original\/11dd8f\/28fc6a6245538cb496198d396b27\/1x-BARUM-Polaris-6-205-55R16-91T-2025-r-Srednica-16\" srcset=\"https:\/\/a.allegroimg.com\/original\/11dd8f\/28fc6a6245538cb496198d396b27\/1x-BARUM-Polaris-6-205-55R16-91T-2025-r-Srednica-16 245w,https:\/\/a.allegroimg.com\/original\/11dd8f\/28fc6a6245538cb496198d396b27\/1x-BARUM-Polaris-6-205-55R16-91T-2025-r-Srednica-16 491w,https:\/\/a.allegroimg.com\/original\/11dd8f\/28fc6a6245538cb496198d396b27\/1x-BARUM-Polaris-6-205-55R16-91T-2025-r-Srednica-16 698w,https:\/\/a.allegroimg.com\/original\/11dd8f\/28fc6a6245538cb496198d396b27\/1x-BARUM-Polaris-6-205-55R16-91T-2025-r-Srednica-16 886w,https:\/\/a.allegroimg.com\/original\/11dd8f\/28fc6a6245538cb496198d396b27\/1x-BARUM-Polaris-6-205-55R16-91T-2025-r-Srednica-16 886w\" sizes=\"(min-width: 1200px) 560px, (min-width: 992px) 50vw, 100vw\" width=\"886px\" alt=\"1x BARUM Polaris 6 205\/55R16 91T 2025 r \u015arednica 16&quot;\"\/ style=\"max-width: 100%; height: auto; display: block; margin: 0 auto;\"><\/div>\n<\/div>\n<\/div>\n<\/div>\n<\/div>\n<\/div>\n<div style=\"clear: both; display: block; margin: 10px 0;\">\n<div style=\"clear: both; display: block; margin: 10px 0;\">\n<div style=\"clear: both; display: block; margin: 10px 0;\">\n<p style=\"margin: 15px 0; line-height: 1.8; clear: both; display: block; width: 100%; float: none; position: static;\">Wychodz\u0105c naprzeciw oczekiwaniom Klient\u00f3w i chc\u0105c spe\u0142nia\u0107 jak najwy\u017csze standardy obs\u0142ugi dok\u0142adamy wszelkich stara\u0144, aby podawa\u0107 precyzyjn\u0105 dat\u0119 produkcji opony (DOT). Niestety, w wyj\u0105tkowych przypadkach, mo\u017ce zdarzy\u0107 si\u0119, \u017ce opony, kt\u00f3re wy\u015blemy b\u0119d\u0105 mia\u0142y inn\u0105 dat\u0119 produkcji ni\u017c podana. Sytuacja mo\u017ce dotyczy\u0107 zar\u00f3wno opon z DOT-em wcze\u015bniejszym jak i p\u00f3\u017aniejszym. Chcieliby\u015bmy podkre\u015bli\u0107, \u017ce warunki przechowywania opon w naszych magazynach spe\u0142niaj\u0105 Polsk\u0105 Norm\u0119 PN-C-94300-7 dzi\u0119ki czemu nawet opona przechowywana 24 miesi\u0105ce ma parametry takie same jak opona z bie\u017c\u0105cego roku. Warto pami\u0119ta\u0107 tak\u017ce o fakcie, \u017ce w przypadku wielu rozmiar\u00f3w i producent\u00f3w plany produkcyjne fabryk uniemo\u017cliwiaj\u0105 zakup opony z bie\u017c\u0105cego roku.<\/p>\n<p style=\"margin: 15px 0; line-height: 1.8; clear: both; display: block; width: 100%; float: none; position: static;\">Przy zakupie opon pami\u0119taj o sprawdzeniu w instrukcji samochodu lub na w\u0142a\u015bciwej stronie internetowej, jakie ogumienie zaleca producent Twojego auta. \u0179le dobrane opony mog\u0105 negatywnie wp\u0142yn\u0105\u0107 na poziom Twojego bezpiecze\u0144stwa. Kupuj\u0105c opony zwr\u00f3\u0107 uwag\u0119 na rozmiar oraz indeksy no\u015bno\u015bci i pr\u0119dko\u015bci jakie homologowane s\u0105 do Twojego pojazdu.<\/p>\n<p style=\"margin: 15px 0; line-height: 1.8; clear: both; display: block; width: 100%; float: none; position: static;\">Zamieszczone zdj\u0119cia pe\u0142ni\u0105 funkcj\u0119 pogl\u0105dow\u0105. W zale\u017cno\u015bci od szeroko\u015bci opon, mog\u0105 wyst\u0119powa\u0107 niewielkie r\u00f3\u017cnice w wygl\u0105dzie bie\u017cnika (w obr\u0119bie jednego modelu) na przyk\u0142ad w ilo\u015bci rowk\u00f3w obwodowych lub rozmieszczeniu blok\u00f3w bie\u017cnika, co nie stanowi wady produktu.<\/p>\n<p style=\"margin: 15px 0; line-height: 1.8; clear: both; display: block; width: 100%; float: none; position: static;\">Je\u017celi otrzymane przez Ciebie opony nie spe\u0142niaj\u0105 Twoich oczekiwa\u0144 masz mo\u017cliwo\u015b\u0107 zwrotu lub wymiany nieu\u017cywanego (niemontowanego) ogumienia.<\/p>\n<\/div>\n<\/div>\n<\/div>\n<div style=\"clear: both; display: block; margin: 10px 0;\">\n<div style=\"clear: both; display: block; margin: 10px 0;\">\n<div style=\"clear: both; display: block; margin: 10px 0;\">\n<div  style=\"max-width:1024px;max-height:224px\">\n<div style=\"clear: both; display: block; margin: 10px 0;\">\n<div style=\"clear: both; width: 100%; display: block; margin: 20px 0; padding: 0; float: none; position: static; text-align: center;\"><img decoding=\"async\"  src=\"https:\/\/a.allegroimg.com\/original\/1168b9\/71e10474445a874704ab4588b922\/1x-BARUM-Polaris-6-205-55R16-91T-2025-r-Halas-zewnetrzny-72-dB\" srcset=\"https:\/\/a.allegroimg.com\/original\/1168b9\/71e10474445a874704ab4588b922\/1x-BARUM-Polaris-6-205-55R16-91T-2025-r-Halas-zewnetrzny-72-dB 360w,https:\/\/a.allegroimg.com\/original\/1168b9\/71e10474445a874704ab4588b922\/1x-BARUM-Polaris-6-205-55R16-91T-2025-r-Halas-zewnetrzny-72-dB 720w,https:\/\/a.allegroimg.com\/original\/1168b9\/71e10474445a874704ab4588b922\/1x-BARUM-Polaris-6-205-55R16-91T-2025-r-Halas-zewnetrzny-72-dB 1024w,https:\/\/a.allegroimg.com\/original\/1168b9\/71e10474445a874704ab4588b922\/1x-BARUM-Polaris-6-205-55R16-91T-2025-r-Halas-zewnetrzny-72-dB 1024w\" sizes=\"(min-width: 1200px) 560px, (min-width: 992px) 50vw, 100vw\" width=\"1024px\" alt=\"1x BARUM Polaris 6 205\/55R16 91T 2025 r Ha\u0142as zewn\u0119trzny 72 dB\"\/ style=\"max-width: 100%; height: auto; display: block; margin: 0 auto;\"><\/div>\n<\/div>\n<\/div>\n<\/div>\n<\/div>\n<div style=\"clear: both; display: block; margin: 10px 0;\">\n<div style=\"clear: both; display: block; margin: 10px 0;\">\n<h1>Barum<\/h1>\n<p style=\"margin: 15px 0; line-height: 1.8; clear: both; display: block; width: 100%; float: none; position: static;\">Historia marki Barum jest doskona\u0142ym przyk\u0142adem przemiany niewielkiego przedsi\u0119biorstwa z bran\u017cy tekstylnej w \u015bwiatowej s\u0142awy producenta opon zimowych i letnich.<br \/>\nW 1945 roku tr\u00f3jka najwi\u0119kszych czechos\u0142owackich producent\u00f3w wyrob\u00f3w gumowych \u2013 Bata, Rubena oraz Mitas \u2013 zjednoczy\u0142a si\u0119 pod mark\u0105 Barum. Do\u015bwiadczenie specjalist\u00f3w firmy Bata w po\u0142\u0105czeniu z nowoczesnymi technologiami wdra\u017canymi i udoskonalanymi w zbudowanej w 1966 roku fabryce w Otrokovicach pozwoli\u0142o na wypracowanie wielu generacji opon cechuj\u0105cych si\u0119 trwa\u0142o\u015bci\u0105, niezawodno\u015bci\u0105 i nisk\u0105 cen\u0105.<br \/>\nW 1992 roku podpisana zosta\u0142a umowa joint venture z korporacj\u0105 Continental AG, kt\u00f3ra jest obecnym w\u0142a\u015bcicielem marki Barum.<br \/>\nBarum dla samochod\u00f3w osobowych i sportowo-u\u017cytkowych, dzi\u0119ki nowatorskiej konstrukcji bie\u017cnika zapewniaj\u0105 doskonalsz\u0105 przyczepno\u015b\u0107 na o\u015bnie\u017conych nawierzchniach, nie zwi\u0119kszaj\u0105c przy tym opor\u00f3w toczenia w innych warunkach pogodowych. Zawarto\u015b\u0107 krzemionki w materiale, z kt\u00f3rego zosta\u0142y wykonane, przed\u0142u\u017ca \u017cywotno\u015b\u0107 opon, co sprawia, \u017ce s\u0105 one idealnym wyborem dla oszcz\u0119dnych klient\u00f3w. . Opony zimowe i letnie firmy Barum to najwy\u017csza jako\u015b\u0107 w przyst\u0119pnej cenie.<\/p>\n<\/div>\n<\/div>\n<\/div>\n<\/div>\n<\/div>\n<\/div>\n<div style=\"clear: both; display: block; margin: 10px 0;\">\n","protected":false},"excerpt":{"rendered":"<p>Rok produkcji: 2025<\/p>\n<p>BARUM Polaris 6 205\/55R16 91T EV<\/p>\n<p>H06CX5<\/p>\n<p>Data produkcji : 2025<\/p>\n<p>Hamowanie na mokrej nawierzchni : C<\/p>\n<p>Indeks : 205\/55R16 ZOBA 91T POL6<\/p>\n<p>Indeks no\u015bno\u015bci : 91<\/p>\n<p>Indeks pr\u0119dko\u015bci : T &#8211; 190 km\/h<\/p>\n","protected":false},"featured_media":9574,"template":"","meta":{"_uag_custom_page_level_css":""},"product_brand":[386],"product_cat":[414,413,412,415],"product_tag":[],"class_list":{"0":"post-9573","1":"product","2":"type-product","3":"status-publish","4":"has-post-thumbnail","6":"product_brand-barum","7":"product_cat-do-samochodow-osobowych-i-suv","8":"product_cat-opony","9":"product_cat-opony-i-felgi","10":"product_cat-zimowe","12":"first","13":"instock","14":"sale","15":"shipping-taxable","16":"purchasable","17":"product-type-simple"},"uagb_featured_image_src":{"full":["https:\/\/oponixo.shop\/tire\/wp-content\/uploads\/2025\/12\/allegro-image-9573.jpg",1200,1126,false],"thumbnail":["https:\/\/oponixo.shop\/tire\/wp-content\/uploads\/2025\/12\/allegro-image-9573-150x150.jpg",150,150,true],"medium":["https:\/\/oponixo.shop\/tire\/wp-content\/uploads\/2025\/12\/allegro-image-9573-300x282.jpg",300,282,true],"medium_large":["https:\/\/oponixo.shop\/tire\/wp-content\/uploads\/2025\/12\/allegro-image-9573-768x721.jpg",768,721,true],"large":["https:\/\/oponixo.shop\/tire\/wp-content\/uploads\/2025\/12\/allegro-image-9573-1024x961.jpg",1024,961,true],"1536x1536":["https:\/\/oponixo.shop\/tire\/wp-content\/uploads\/2025\/12\/allegro-image-9573.jpg",1200,1126,false],"2048x2048":["https:\/\/oponixo.shop\/tire\/wp-content\/uploads\/2025\/12\/allegro-image-9573.jpg",1200,1126,false],"woocommerce_thumbnail":["https:\/\/oponixo.shop\/tire\/wp-content\/uploads\/2025\/12\/allegro-image-9573-300x300.jpg",300,300,true],"woocommerce_single":["https:\/\/oponixo.shop\/tire\/wp-content\/uploads\/2025\/12\/allegro-image-9573-600x563.jpg",600,563,true],"woocommerce_gallery_thumbnail":["https:\/\/oponixo.shop\/tire\/wp-content\/uploads\/2025\/12\/allegro-image-9573-100x100.jpg",100,100,true]},"uagb_author_info":{"display_name":"admin","author_link":"https:\/\/oponixo.shop\/tire\/author\/"},"uagb_comment_info":0,"uagb_excerpt":"Rok produkcji: 2025 BARUM Polaris 6 205\/55R16 91T EV H06CX5 Data produkcji : 2025 Hamowanie na mokrej nawierzchni : C Indeks : 205\/55R16 ZOBA 91T POL6 Indeks no\u015bno\u015bci : 91 Indeks pr\u0119dko\u015bci : T - 190 km\/h","_links":{"self":[{"href":"https:\/\/oponixo.shop\/tire\/wp-json\/wp\/v2\/product\/9573","targetHints":{"allow":["GET"]}}],"collection":[{"href":"https:\/\/oponixo.shop\/tire\/wp-json\/wp\/v2\/product"}],"about":[{"href":"https:\/\/oponixo.shop\/tire\/wp-json\/wp\/v2\/types\/product"}],"wp:featuredmedia":[{"embeddable":true,"href":"https:\/\/oponixo.shop\/tire\/wp-json\/wp\/v2\/media\/9574"}],"wp:attachment":[{"href":"https:\/\/oponixo.shop\/tire\/wp-json\/wp\/v2\/media?parent=9573"}],"wp:term":[{"taxonomy":"product_brand","embeddable":true,"href":"https:\/\/oponixo.shop\/tire\/wp-json\/wp\/v2\/product_brand?post=9573"},{"taxonomy":"product_cat","embeddable":true,"href":"https:\/\/oponixo.shop\/tire\/wp-json\/wp\/v2\/product_cat?post=9573"},{"taxonomy":"product_tag","embeddable":true,"href":"https:\/\/oponixo.shop\/tire\/wp-json\/wp\/v2\/product_tag?post=9573"}],"curies":[{"name":"wp","href":"https:\/\/api.w.org\/{rel}","templated":true}]}}