{"id":9593,"date":"2025-12-25T07:29:39","date_gmt":"2025-12-25T07:29:39","guid":{"rendered":"https:\/\/oponyexpert.shop\/xef5\/produkt\/2-x-nokian-snowproof-2-205-55r16-91-h-3pmsf-opona-zimowa\/"},"modified":"2025-12-25T07:29:39","modified_gmt":"2025-12-25T07:29:39","slug":"2-x-nokian-snowproof-2-205-55r16-91-h-3pmsf-opona-zimowa","status":"publish","type":"product","link":"https:\/\/oponixo.shop\/tire\/produkt\/2-x-nokian-snowproof-2-205-55r16-91-h-3pmsf-opona-zimowa\/","title":{"rendered":"2 x Nokian Snowproof 2 205\/55R16 91 H 3PMSF opona zimowa"},"content":{"rendered":"<div style=\"font-family: Arial, sans-serif; line-height: 1.6; color: #333; padding: 20px; clear: both; display: block; width: 100%; float: none; position: static; overflow: hidden;\">\n<div style=\"clear: both; display: block; margin: 10px 0;\">\n<div style=\"clear: both; display: block; margin: 10px 0;\">\n<div style=\"clear: both; display: block; margin: 10px 0;\">\n<div  style=\"max-width:356px;max-height:500px\">\n<div style=\"clear: both; display: block; margin: 10px 0;\">\n<div style=\"clear: both; width: 100%; display: block; margin: 20px 0; padding: 0; float: none; position: static; text-align: center;\"><img decoding=\"async\"  src=\"https:\/\/a.allegroimg.com\/original\/1189c1\/15c806e445d39058407a741f1ce8\/2-x-Nokian-Snowproof-2-205-55R16-91-H-3PMSF-opona-zimowa\" srcset=\"https:\/\/a.allegroimg.com\/original\/1189c1\/15c806e445d39058407a741f1ce8\/2-x-Nokian-Snowproof-2-205-55R16-91-H-3PMSF-opona-zimowa 256w,https:\/\/a.allegroimg.com\/original\/1189c1\/15c806e445d39058407a741f1ce8\/2-x-Nokian-Snowproof-2-205-55R16-91-H-3PMSF-opona-zimowa 356w,https:\/\/a.allegroimg.com\/original\/1189c1\/15c806e445d39058407a741f1ce8\/2-x-Nokian-Snowproof-2-205-55R16-91-H-3PMSF-opona-zimowa 356w\" sizes=\"(min-width: 1200px) 560px, (min-width: 992px) 50vw, 100vw\" width=\"356px\" alt=\"2 x Nokian Snowproof 2 205\/55R16 91 H 3PMSF opona zimowa\"\/ style=\"max-width: 100%; height: auto; display: block; margin: 0 auto;\"><\/div>\n<\/div>\n<\/div>\n<\/div>\n<\/div>\n<div style=\"clear: both; display: block; margin: 10px 0;\">\n<div style=\"clear: both; display: block; margin: 10px 0;\">\n<h2>Nokian Snowproof 2 205\/55R16 91 H 3PMSF<\/h2>\n<p style=\"margin: 15px 0; line-height: 1.8; clear: both; display: block; width: 100%; float: none; position: static;\">Producent: Nokian<\/p>\n<p style=\"margin: 15px 0; line-height: 1.8; clear: both; display: block; width: 100%; float: none; position: static;\">Model: Snowproof 2<\/p>\n<p style=\"margin: 15px 0; line-height: 1.8; clear: both; display: block; width: 100%; float: none; position: static;\">Sezon: zimowe<\/p>\n<p style=\"margin: 15px 0; line-height: 1.8; clear: both; display: block; width: 100%; float: none; position: static;\">Rozmiar: 205\/55R16<\/p>\n<p style=\"margin: 15px 0; line-height: 1.8; clear: both; display: block; width: 100%; float: none; position: static;\">Data produkcji: 2025<\/p>\n<p style=\"margin: 15px 0; line-height: 1.8; clear: both; display: block; width: 100%; float: none; position: static;\">Zu\u017cycie paliwa: klasa C<\/p>\n<p style=\"margin: 15px 0; line-height: 1.8; clear: both; display: block; width: 100%; float: none; position: static;\">Przyczepno\u015b\u0107 na mokrym: klasa B<\/p>\n<p style=\"margin: 15px 0; line-height: 1.8; clear: both; display: block; width: 100%; float: none; position: static;\">Poziom ha\u0142asu: 69 dB<\/p>\n<\/div>\n<\/div>\n<\/div>\n<div style=\"clear: both; display: block; margin: 10px 0;\">\n<div style=\"clear: both; display: block; margin: 10px 0;\">\n<div style=\"clear: both; display: block; margin: 10px 0;\">\n<div  style=\"max-width:760px;max-height:580px\">\n<div style=\"clear: both; display: block; margin: 10px 0;\">\n<div style=\"clear: both; width: 100%; display: block; margin: 20px 0; padding: 0; float: none; position: static; text-align: center;\"><img decoding=\"async\"  src=\"https:\/\/a.allegroimg.com\/original\/1123d8\/54c10b0e46d58896e953961f56fb\/2-x-Nokian-Snowproof-2-205-55R16-91-H-3PMSF-opona-zimowa-Liczba-opon-w-ofercie-2-szt\" srcset=\"https:\/\/a.allegroimg.com\/original\/1123d8\/54c10b0e46d58896e953961f56fb\/2-x-Nokian-Snowproof-2-205-55R16-91-H-3PMSF-opona-zimowa-Liczba-opon-w-ofercie-2-szt 360w,https:\/\/a.allegroimg.com\/original\/1123d8\/54c10b0e46d58896e953961f56fb\/2-x-Nokian-Snowproof-2-205-55R16-91-H-3PMSF-opona-zimowa-Liczba-opon-w-ofercie-2-szt 720w,https:\/\/a.allegroimg.com\/original\/1123d8\/54c10b0e46d58896e953961f56fb\/2-x-Nokian-Snowproof-2-205-55R16-91-H-3PMSF-opona-zimowa-Liczba-opon-w-ofercie-2-szt 760w,https:\/\/a.allegroimg.com\/original\/1123d8\/54c10b0e46d58896e953961f56fb\/2-x-Nokian-Snowproof-2-205-55R16-91-H-3PMSF-opona-zimowa-Liczba-opon-w-ofercie-2-szt 760w\" sizes=\"(min-width: 1200px) 560px, (min-width: 992px) 50vw, 100vw\" width=\"760px\" alt=\"2 x Nokian Snowproof 2 205\/55R16 91 H 3PMSF opona zimowa Liczba opon w ofercie 2 szt.\"\/ style=\"max-width: 100%; height: auto; display: block; margin: 0 auto;\"><\/div>\n<\/div>\n<\/div>\n<\/div>\n<\/div>\n<div style=\"clear: both; display: block; margin: 10px 0;\">\n<div style=\"clear: both; display: block; margin: 10px 0;\">\n<h1>Nokian Snowproof 2 \u2013 gotowa na najtrudniejsze zimowe warunki<\/h1>\n<p style=\"margin: 15px 0; line-height: 1.8; clear: both; display: block; width: 100%; float: none; position: static;\">Nokian Tyres Snowproof 2 to zimowa opona klasy premium, zaprojektowana z my\u015bl\u0105 o wymagaj\u0105cych kierowcach Europy \u015arodkowej. Model powsta\u0142 jako nast\u0119pca cenionej serii WR Snowproof i przynosi szereg usprawnie\u0144 w zakresie bezpiecze\u0144stwa i komfortu jazdy. Fi\u0144ski producent stworzy\u0142 opon\u0119, kt\u00f3ra doskonale radzi sobie nie tylko na za\u015bnie\u017conych nawierzchniach, ale r\u00f3wnie\u017c w deszczu oraz na b\u0142ocie po\u015bniegowym. Potwierdzeniem jej kompetencji jest m.in. test ADAC 2024 (rozmiar 205\/55 R16), gdzie uzyska\u0142a not\u0119 \u201ezadowalaj\u0105c\u0105\u201d, co w klasie \u015bredniej stanowi solidny wynik.<\/p>\n<\/div>\n<\/div>\n<\/div>\n<div style=\"clear: both; display: block; margin: 10px 0;\">\n<div style=\"clear: both; display: block; margin: 10px 0;\">\n<div style=\"clear: both; display: block; margin: 10px 0;\">\n<div  style=\"max-width:760px;max-height:582px\">\n<div style=\"clear: both; display: block; margin: 10px 0;\">\n<div style=\"clear: both; width: 100%; display: block; margin: 20px 0; padding: 0; float: none; position: static; text-align: center;\"><img decoding=\"async\"  src=\"https:\/\/a.allegroimg.com\/original\/111c58\/cef9aeb04bd29cea343f6d6913bb\/2-x-Nokian-Snowproof-2-205-55R16-91-H-3PMSF-opona-zimowa-Rok-produkcji-2025\" srcset=\"https:\/\/a.allegroimg.com\/original\/111c58\/cef9aeb04bd29cea343f6d6913bb\/2-x-Nokian-Snowproof-2-205-55R16-91-H-3PMSF-opona-zimowa-Rok-produkcji-2025 360w,https:\/\/a.allegroimg.com\/original\/111c58\/cef9aeb04bd29cea343f6d6913bb\/2-x-Nokian-Snowproof-2-205-55R16-91-H-3PMSF-opona-zimowa-Rok-produkcji-2025 720w,https:\/\/a.allegroimg.com\/original\/111c58\/cef9aeb04bd29cea343f6d6913bb\/2-x-Nokian-Snowproof-2-205-55R16-91-H-3PMSF-opona-zimowa-Rok-produkcji-2025 760w,https:\/\/a.allegroimg.com\/original\/111c58\/cef9aeb04bd29cea343f6d6913bb\/2-x-Nokian-Snowproof-2-205-55R16-91-H-3PMSF-opona-zimowa-Rok-produkcji-2025 760w\" sizes=\"(min-width: 1200px) 560px, (min-width: 992px) 50vw, 100vw\" width=\"760px\" alt=\"2 x Nokian Snowproof 2 205\/55R16 91 H 3PMSF opona zimowa Rok produkcji 2025\"\/ style=\"max-width: 100%; height: auto; display: block; margin: 0 auto;\"><\/div>\n<\/div>\n<\/div>\n<\/div>\n<\/div>\n<div style=\"clear: both; display: block; margin: 10px 0;\">\n<div style=\"clear: both; display: block; margin: 10px 0;\">\n<h1>Technologia Alpine Sense Grip \u2013 przyczepno\u015b\u0107 w ka\u017cdej sytuacji<\/h1>\n<p style=\"margin: 15px 0; line-height: 1.8; clear: both; display: block; width: 100%; float: none; position: static;\">Sercem konstrukcji Snowproof 2 jest zaawansowana technologia Alpine Sense Grip, kt\u00f3ra \u0142\u0105czy trzy kluczowe elementy: zoptymalizowany wz\u00f3r bie\u017cnika, nowoczesn\u0105 mieszank\u0119 gumow\u0105 oraz specjalnie zaprojektowane lamele. Strefa przyczepno\u015bci (Grip Zone) bazuje na ma\u0142ych blokach z ostrymi lamelami, kt\u00f3re poprawiaj\u0105 trakcj\u0119 i skuteczno\u015b\u0107 hamowania na \u015bniegu. Z kolei Strefa sterowno\u015bci (Control Zone) dba o stabilno\u015b\u0107 i przewidywalne zachowanie pojazdu na mokrych i suchych nawierzchniach \u2013 tak\u017ce przy wy\u017cszych pr\u0119dko\u015bciach. Ten podzia\u0142 funkcjonalny bie\u017cnika okre\u015blany jest jako Dual Zone Safety i jest jedn\u0105 z najwi\u0119kszych innowacji Nokian Tyres ostatnich lat.<\/p>\n<\/div>\n<\/div>\n<\/div>\n<div style=\"clear: both; display: block; margin: 10px 0;\">\n<div style=\"clear: both; display: block; margin: 10px 0;\">\n<div style=\"clear: both; display: block; margin: 10px 0;\">\n<div  style=\"max-width:760px;max-height:624px\">\n<div style=\"clear: both; display: block; margin: 10px 0;\">\n<div style=\"clear: both; width: 100%; display: block; margin: 20px 0; padding: 0; float: none; position: static; text-align: center;\"><img decoding=\"async\"  src=\"https:\/\/a.allegroimg.com\/original\/11972c\/c6d7e34646cf93a356495867ace0\/2-x-Nokian-Snowproof-2-205-55R16-91-H-3PMSF-opona-zimowa-Marka-Nokian-Tyres\" srcset=\"https:\/\/a.allegroimg.com\/original\/11972c\/c6d7e34646cf93a356495867ace0\/2-x-Nokian-Snowproof-2-205-55R16-91-H-3PMSF-opona-zimowa-Marka-Nokian-Tyres 360w,https:\/\/a.allegroimg.com\/original\/11972c\/c6d7e34646cf93a356495867ace0\/2-x-Nokian-Snowproof-2-205-55R16-91-H-3PMSF-opona-zimowa-Marka-Nokian-Tyres 720w,https:\/\/a.allegroimg.com\/original\/11972c\/c6d7e34646cf93a356495867ace0\/2-x-Nokian-Snowproof-2-205-55R16-91-H-3PMSF-opona-zimowa-Marka-Nokian-Tyres 760w,https:\/\/a.allegroimg.com\/original\/11972c\/c6d7e34646cf93a356495867ace0\/2-x-Nokian-Snowproof-2-205-55R16-91-H-3PMSF-opona-zimowa-Marka-Nokian-Tyres 760w\" sizes=\"(min-width: 1200px) 560px, (min-width: 992px) 50vw, 100vw\" width=\"760px\" alt=\"2 x Nokian Snowproof 2 205\/55R16 91 H 3PMSF opona zimowa Marka Nokian Tyres\"\/ style=\"max-width: 100%; height: auto; display: block; margin: 0 auto;\"><\/div>\n<\/div>\n<\/div>\n<\/div>\n<\/div>\n<div style=\"clear: both; display: block; margin: 10px 0;\">\n<div style=\"clear: both; display: block; margin: 10px 0;\">\n<h1>\n","protected":false},"excerpt":{"rendered":"<p>Nokian Snowproof 2 205\/55R16 91 H 3PMSF<\/p>\n<p>Producent: Nokian<\/p>\n<p>Model: Snowproof 2<\/p>\n<p>Sezon: zimowe<\/p>\n<p>Rozmiar: 205\/55R16<\/p>\n<p>Data produkcji: 2025<\/p>\n<p>Zu\u017cycie paliwa: klasa C<\/p>\n<p>Przyczepno\u015b\u0107 na mokrym: klasa B<\/p>\n","protected":false},"featured_media":9594,"template":"","meta":{"_uag_custom_page_level_css":""},"product_brand":[387],"product_cat":[414,413,412,415],"product_tag":[],"class_list":{"0":"post-9593","1":"product","2":"type-product","3":"status-publish","4":"has-post-thumbnail","6":"product_brand-nokian-tyres","7":"product_cat-do-samochodow-osobowych-i-suv","8":"product_cat-opony","9":"product_cat-opony-i-felgi","10":"product_cat-zimowe","12":"first","13":"instock","14":"sale","15":"shipping-taxable","16":"purchasable","17":"product-type-simple"},"uagb_featured_image_src":{"full":["https:\/\/oponixo.shop\/tire\/wp-content\/uploads\/2025\/12\/allegro-image-9593.jpg",356,500,false],"thumbnail":["https:\/\/oponixo.shop\/tire\/wp-content\/uploads\/2025\/12\/allegro-image-9593-150x150.jpg",150,150,true],"medium":["https:\/\/oponixo.shop\/tire\/wp-content\/uploads\/2025\/12\/allegro-image-9593-214x300.jpg",214,300,true],"medium_large":["https:\/\/oponixo.shop\/tire\/wp-content\/uploads\/2025\/12\/allegro-image-9593.jpg",356,500,false],"large":["https:\/\/oponixo.shop\/tire\/wp-content\/uploads\/2025\/12\/allegro-image-9593.jpg",356,500,false],"1536x1536":["https:\/\/oponixo.shop\/tire\/wp-content\/uploads\/2025\/12\/allegro-image-9593.jpg",356,500,false],"2048x2048":["https:\/\/oponixo.shop\/tire\/wp-content\/uploads\/2025\/12\/allegro-image-9593.jpg",356,500,false],"woocommerce_thumbnail":["https:\/\/oponixo.shop\/tire\/wp-content\/uploads\/2025\/12\/allegro-image-9593-300x300.jpg",300,300,true],"woocommerce_single":["https:\/\/oponixo.shop\/tire\/wp-content\/uploads\/2025\/12\/allegro-image-9593.jpg",356,500,false],"woocommerce_gallery_thumbnail":["https:\/\/oponixo.shop\/tire\/wp-content\/uploads\/2025\/12\/allegro-image-9593-100x100.jpg",100,100,true]},"uagb_author_info":{"display_name":"admin","author_link":"https:\/\/oponixo.shop\/tire\/author\/"},"uagb_comment_info":0,"uagb_excerpt":"Nokian Snowproof 2 205\/55R16 91 H 3PMSF Producent: Nokian Model: Snowproof 2 Sezon: zimowe Rozmiar: 205\/55R16 Data produkcji: 2025 Zu\u017cycie paliwa: klasa C Przyczepno\u015b\u0107 na mokrym: klasa B","_links":{"self":[{"href":"https:\/\/oponixo.shop\/tire\/wp-json\/wp\/v2\/product\/9593","targetHints":{"allow":["GET"]}}],"collection":[{"href":"https:\/\/oponixo.shop\/tire\/wp-json\/wp\/v2\/product"}],"about":[{"href":"https:\/\/oponixo.shop\/tire\/wp-json\/wp\/v2\/types\/product"}],"wp:featuredmedia":[{"embeddable":true,"href":"https:\/\/oponixo.shop\/tire\/wp-json\/wp\/v2\/media\/9594"}],"wp:attachment":[{"href":"https:\/\/oponixo.shop\/tire\/wp-json\/wp\/v2\/media?parent=9593"}],"wp:term":[{"taxonomy":"product_brand","embeddable":true,"href":"https:\/\/oponixo.shop\/tire\/wp-json\/wp\/v2\/product_brand?post=9593"},{"taxonomy":"product_cat","embeddable":true,"href":"https:\/\/oponixo.shop\/tire\/wp-json\/wp\/v2\/product_cat?post=9593"},{"taxonomy":"product_tag","embeddable":true,"href":"https:\/\/oponixo.shop\/tire\/wp-json\/wp\/v2\/product_tag?post=9593"}],"curies":[{"name":"wp","href":"https:\/\/api.w.org\/{rel}","templated":true}]}}