{"id":9625,"date":"2025-12-25T07:29:48","date_gmt":"2025-12-25T07:29:48","guid":{"rendered":"https:\/\/oponyexpert.shop\/xef5\/produkt\/roadx-205-55-r16-rx-frost-wh01-91h-opona-zimowa\/"},"modified":"2025-12-25T07:29:48","modified_gmt":"2025-12-25T07:29:48","slug":"roadx-205-55-r16-rx-frost-wh01-91h-opona-zimowa","status":"publish","type":"product","link":"https:\/\/oponixo.shop\/tire\/produkt\/roadx-205-55-r16-rx-frost-wh01-91h-opona-zimowa\/","title":{"rendered":"ROADX 205\/55 R16 RX FROST WH01 91H opona ZIMOWA"},"content":{"rendered":"<div style=\"font-family: Arial, sans-serif; line-height: 1.6; color: #333; padding: 20px; clear: both; display: block; width: 100%; float: none; position: static; overflow: hidden;\">\n<div style=\"clear: both; display: block; margin: 10px 0;\">\n<div style=\"clear: both; display: block; margin: 10px 0;\">\n<div style=\"clear: both; display: block; margin: 10px 0;\">\n<div  style=\"max-width:579px;max-height:87px\">\n<div style=\"clear: both; display: block; margin: 10px 0;\">\n<div style=\"clear: both; width: 100%; display: block; margin: 20px 0; padding: 0; float: none; position: static; text-align: center;\"><img decoding=\"async\"  src=\"https:\/\/a.allegroimg.com\/original\/11ce7f\/e463eb6941649f367bf2b2675b40\/ROADX-205-55-R16-RX-FROST-WH01-91H-opona-ZIMOWA-Liczba-opon-w-ofercie-1-szt\" srcset=\"https:\/\/a.allegroimg.com\/original\/11ce7f\/e463eb6941649f367bf2b2675b40\/ROADX-205-55-R16-RX-FROST-WH01-91H-opona-ZIMOWA-Liczba-opon-w-ofercie-1-szt 360w,https:\/\/a.allegroimg.com\/original\/11ce7f\/e463eb6941649f367bf2b2675b40\/ROADX-205-55-R16-RX-FROST-WH01-91H-opona-ZIMOWA-Liczba-opon-w-ofercie-1-szt 579w,https:\/\/a.allegroimg.com\/original\/11ce7f\/e463eb6941649f367bf2b2675b40\/ROADX-205-55-R16-RX-FROST-WH01-91H-opona-ZIMOWA-Liczba-opon-w-ofercie-1-szt 579w\" sizes=\"(min-width: 1200px) 560px, (min-width: 992px) 50vw, 100vw\" width=\"579px\" alt=\"ROADX 205\/55 R16 RX FROST WH01 91H opona ZIMOWA Liczba opon w ofercie 1 szt.\"\/ style=\"max-width: 100%; height: auto; display: block; margin: 0 auto;\"><\/div>\n<\/div>\n<\/div>\n<\/div>\n<\/div>\n<div style=\"clear: both; display: block; margin: 10px 0;\">\n<div style=\"clear: both; display: block; margin: 10px 0;\">\n<h1>PRZEDMIOTEM OFERTY JEST:<\/h1>\n<h1>ROADX 205\/55 R16 RX FROST WH01 91H opona ZIMOWA<\/h1>\n<\/div>\n<\/div>\n<\/div>\n<div style=\"clear: both; display: block; margin: 10px 0;\">\n<div style=\"clear: both; display: block; margin: 10px 0;\">\n<div style=\"clear: both; display: block; margin: 10px 0;\">\n<div  style=\"max-width:746px;max-height:1000px\">\n<div style=\"clear: both; display: block; margin: 10px 0;\">\n<div style=\"clear: both; width: 100%; display: block; margin: 20px 0; padding: 0; float: none; position: static; text-align: center;\"><img decoding=\"async\"  src=\"https:\/\/a.allegroimg.com\/original\/112ff6\/11dd569a437b82f28be5b40a6c32\/ROADX-205-55-R16-RX-FROST-WH01-91H-opona-ZIMOWA\" srcset=\"https:\/\/a.allegroimg.com\/original\/112ff6\/11dd569a437b82f28be5b40a6c32\/ROADX-205-55-R16-RX-FROST-WH01-91H-opona-ZIMOWA 268w,https:\/\/a.allegroimg.com\/original\/112ff6\/11dd569a437b82f28be5b40a6c32\/ROADX-205-55-R16-RX-FROST-WH01-91H-opona-ZIMOWA 537w,https:\/\/a.allegroimg.com\/original\/112ff6\/11dd569a437b82f28be5b40a6c32\/ROADX-205-55-R16-RX-FROST-WH01-91H-opona-ZIMOWA 746w,https:\/\/a.allegroimg.com\/original\/112ff6\/11dd569a437b82f28be5b40a6c32\/ROADX-205-55-R16-RX-FROST-WH01-91H-opona-ZIMOWA 746w\" sizes=\"(min-width: 1200px) 560px, (min-width: 992px) 50vw, 100vw\" width=\"746px\" alt=\"ROADX 205\/55 R16 RX FROST WH01 91H opona ZIMOWA\"\/ style=\"max-width: 100%; height: auto; display: block; margin: 0 auto;\"><\/div>\n<\/div>\n<\/div>\n<\/div>\n<\/div>\n<div style=\"clear: both; display: block; margin: 10px 0;\">\n<div style=\"clear: both; display: block; margin: 10px 0;\">\n<h1>SPECYFIKACJA:<\/h1>\n<ol>\n<li style=\"margin: 5px 0; padding: 2px 0; clear: both; display: list-item; float: none; position: static;\">PRODUCENT: ROADX<\/li>\n<li style=\"margin: 5px 0; padding: 2px 0; clear: both; display: list-item; float: none; position: static;\">MODEL: RXFROST WH01<\/li>\n<li style=\"margin: 5px 0; padding: 2px 0; clear: both; display: list-item; float: none; position: static;\">CENA DOTYCZY: 1 sztuki<\/li>\n<li style=\"margin: 5px 0; padding: 2px 0; clear: both; display: list-item; float: none; position: static;\">ROK PRODUKCJI: 2025\/2024<\/li>\n<li style=\"margin: 5px 0; padding: 2px 0; clear: both; display: list-item; float: none; position: static;\">SEZON: ZIMOWA<\/li>\n<li style=\"margin: 5px 0; padding: 2px 0; clear: both; display: list-item; float: none; position: static;\">TYP OPONY: OSOBOWA<\/li>\n<li style=\"margin: 5px 0; padding: 2px 0; clear: both; display: list-item; float: none; position: static;\">SZEROKO\u015a\u0106: 205<\/li>\n<li style=\"margin: 5px 0; padding: 2px 0; clear: both; display: list-item; float: none; position: static;\">PROFIL: 55<\/li>\n<li style=\"margin: 5px 0; padding: 2px 0; clear: both; display: list-item; float: none; position: static;\">\u015aREDNICA: 16<\/li>\n<li style=\"margin: 5px 0; padding: 2px 0; clear: both; display: list-item; float: none; position: static;\">INDEKS NO\u015aNO\u015aCI: 91<\/li>\n<li style=\"margin: 5px 0; padding: 2px 0; clear: both; display: list-item; float: none; position: static;\">INDEKS PR\u0118DKO\u015aCI: H<\/li>\n<li style=\"margin: 5px 0; padding: 2px 0; clear: both; display: list-item; float: none; position: static;\">OPORY TOCZENIA: E<\/li>\n<li style=\"margin: 5px 0; padding: 2px 0; clear: both; display: list-item; float: none; position: static;\">PRZYCZEPNO\u015a\u0106 NA MOKRYM: C<\/li>\n<li style=\"margin: 5px 0; padding: 2px 0; clear: both; display: list-item; float: none; position: static;\">HA\u0141AS ZEWN\u0118TRZNY: 72<\/li>\n<li style=\"margin: 5px 0; padding: 2px 0; clear: both; display: list-item; float: none; position: static;\">OPONA WZMACNIANA: NIE<\/li>\n<li style=\"margin: 5px 0; padding: 2px 0; clear: both; display: list-item; float: none; position: static;\">RANT OCHRONNY: NIE<\/li>\n<li style=\"margin: 5px 0; padding: 2px 0; clear: both; display: list-item; float: none; position: static;\">RUN FLAT: NIE<\/li>\n<li style=\"margin: 5px 0; padding: 2px 0; clear: both; display: list-item; float: none; position: static;\">HOMOLOGACJA PRODUCENTA: <\/li>\n<\/ol>\n<\/div>\n<\/div>\n<\/div>\n<div style=\"clear: both; display: block; margin: 10px 0;\">\n<div style=\"clear: both; display: block; margin: 10px 0;\">\n<div style=\"clear: both; display: block; margin: 10px 0;\">\n<h1>OPIS PRODUKTU:<\/h1>\n<p style=\"margin: 15px 0; line-height: 1.8; clear: both; display: block; width: 100%; float: none; position: static;\">ROADX zapewnia zr\u00f3wnowa\u017cone osi\u0105gi na mokrej i suchej nawierzchni. Opon\u0119 wyposa\u017cono w bie\u017cnik, dzi\u0119ki kt\u00f3remu prowadzenie jest zawsze precyzyjne i bezpieczne. Dbaj\u0105 o to szerokie rowki i liczne naci\u0119cia, kt\u00f3rych zadaniem jest efektywne odprowadzanie wody. W efekcie powierzchnia modelu szybko si\u0119 osusza, a Ty mo\u017cesz cieszy\u0107 si\u0119 pe\u0142nowarto\u015bciow\u0105 jazd\u0105.<\/p>\n<p style=\"margin: 15px 0; line-height: 1.8; clear: both; display: block; width: 100%; float: none; position: static;\">Za dobre osi\u0105gi opony odpowiada r\u00f3wnie\u017c mieszanka gumowa gwarantuj\u0105ca odpowiedni\u0105 elastyczno\u015b\u0107 w szerokim zakresie temperatur. W efekcie jej zastosowania bie\u017cnik \u015bciera si\u0119 powoli i r\u00f3wnomiernie, a przebiegi ulegaj\u0105 wyd\u0142u\u017ceniu. Wszystko to wp\u0142ywa pozytywnie na bezpiecze\u0144stwo jazdy i komfort podr\u00f3\u017cowania.<\/p>\n<\/div>\n<\/div>\n<\/div>\n<\/div>\n<\/div>\n<\/div>\n<div style=\"clear: both; display: block; margin: 10px 0;\">\n","protected":false},"excerpt":{"rendered":"<p>PRZEDMIOTEM OFERTY JEST:<\/p>\n<p>ROADX 205\/55 R16 RX FROST WH01 91H opona ZIMOWA<\/p>\n<p>SPECYFIKACJA:<\/p>\n<p>PRODUCENT: ROADX<\/p>\n<p>MODEL: RXFROST WH01<\/p>\n<p>CENA DOTYCZY: 1 sztuki<\/p>\n<p>ROK PRODUKCJI: 2025\/2024<\/p>\n<p>SEZON: ZIMOWA<\/p>\n","protected":false},"featured_media":9626,"template":"","meta":{"_uag_custom_page_level_css":""},"product_brand":[427],"product_cat":[414,413,412,415],"product_tag":[],"class_list":{"0":"post-9625","1":"product","2":"type-product","3":"status-publish","4":"has-post-thumbnail","6":"product_brand-roadx","7":"product_cat-do-samochodow-osobowych-i-suv","8":"product_cat-opony","9":"product_cat-opony-i-felgi","10":"product_cat-zimowe","12":"first","13":"instock","14":"sale","15":"shipping-taxable","16":"purchasable","17":"product-type-simple"},"uagb_featured_image_src":{"full":["https:\/\/oponixo.shop\/tire\/wp-content\/uploads\/2025\/12\/allegro-image-9625.jpg",746,1000,false],"thumbnail":["https:\/\/oponixo.shop\/tire\/wp-content\/uploads\/2025\/12\/allegro-image-9625-150x150.jpg",150,150,true],"medium":["https:\/\/oponixo.shop\/tire\/wp-content\/uploads\/2025\/12\/allegro-image-9625-224x300.jpg",224,300,true],"medium_large":["https:\/\/oponixo.shop\/tire\/wp-content\/uploads\/2025\/12\/allegro-image-9625.jpg",746,1000,false],"large":["https:\/\/oponixo.shop\/tire\/wp-content\/uploads\/2025\/12\/allegro-image-9625.jpg",746,1000,false],"1536x1536":["https:\/\/oponixo.shop\/tire\/wp-content\/uploads\/2025\/12\/allegro-image-9625.jpg",746,1000,false],"2048x2048":["https:\/\/oponixo.shop\/tire\/wp-content\/uploads\/2025\/12\/allegro-image-9625.jpg",746,1000,false],"woocommerce_thumbnail":["https:\/\/oponixo.shop\/tire\/wp-content\/uploads\/2025\/12\/allegro-image-9625-300x300.jpg",300,300,true],"woocommerce_single":["https:\/\/oponixo.shop\/tire\/wp-content\/uploads\/2025\/12\/allegro-image-9625-600x804.jpg",600,804,true],"woocommerce_gallery_thumbnail":["https:\/\/oponixo.shop\/tire\/wp-content\/uploads\/2025\/12\/allegro-image-9625-100x100.jpg",100,100,true]},"uagb_author_info":{"display_name":"admin","author_link":"https:\/\/oponixo.shop\/tire\/author\/"},"uagb_comment_info":0,"uagb_excerpt":"PRZEDMIOTEM OFERTY JEST: ROADX 205\/55 R16 RX FROST WH01 91H opona ZIMOWA SPECYFIKACJA: PRODUCENT: ROADX MODEL: RXFROST WH01 CENA DOTYCZY: 1 sztuki ROK PRODUKCJI: 2025\/2024 SEZON: ZIMOWA","_links":{"self":[{"href":"https:\/\/oponixo.shop\/tire\/wp-json\/wp\/v2\/product\/9625","targetHints":{"allow":["GET"]}}],"collection":[{"href":"https:\/\/oponixo.shop\/tire\/wp-json\/wp\/v2\/product"}],"about":[{"href":"https:\/\/oponixo.shop\/tire\/wp-json\/wp\/v2\/types\/product"}],"wp:featuredmedia":[{"embeddable":true,"href":"https:\/\/oponixo.shop\/tire\/wp-json\/wp\/v2\/media\/9626"}],"wp:attachment":[{"href":"https:\/\/oponixo.shop\/tire\/wp-json\/wp\/v2\/media?parent=9625"}],"wp:term":[{"taxonomy":"product_brand","embeddable":true,"href":"https:\/\/oponixo.shop\/tire\/wp-json\/wp\/v2\/product_brand?post=9625"},{"taxonomy":"product_cat","embeddable":true,"href":"https:\/\/oponixo.shop\/tire\/wp-json\/wp\/v2\/product_cat?post=9625"},{"taxonomy":"product_tag","embeddable":true,"href":"https:\/\/oponixo.shop\/tire\/wp-json\/wp\/v2\/product_tag?post=9625"}],"curies":[{"name":"wp","href":"https:\/\/api.w.org\/{rel}","templated":true}]}}