{"id":9731,"date":"2025-12-25T07:51:34","date_gmt":"2025-12-25T07:51:34","guid":{"rendered":"https:\/\/oponyexpert.shop\/xef5\/produkt\/2x-trazano-205-50r17-93h-sw608-xl-zimowa-2024-r\/"},"modified":"2025-12-25T07:51:34","modified_gmt":"2025-12-25T07:51:34","slug":"2x-trazano-205-50r17-93h-sw608-xl-zimowa-2024-r","status":"publish","type":"product","link":"https:\/\/oponixo.shop\/tire\/produkt\/2x-trazano-205-50r17-93h-sw608-xl-zimowa-2024-r\/","title":{"rendered":"2x TRAZANO 205\/50R17 93H SW608 XL Zimowa 2024 r"},"content":{"rendered":"<div style=\"font-family: Arial, sans-serif; line-height: 1.6; color: #333; padding: 20px; clear: both; display: block; width: 100%; float: none; position: static; overflow: hidden;\">\n<div style=\"clear: both; display: block; margin: 10px 0;\">\n<div style=\"clear: both; display: block; margin: 10px 0;\">\n<div style=\"clear: both; display: block; margin: 10px 0;\">\n<h1>Rok produkcji: 2024<\/h1>\n<\/div>\n<\/div>\n<\/div>\n<div style=\"clear: both; display: block; margin: 10px 0;\">\n<div style=\"clear: both; display: block; margin: 10px 0;\">\n<div style=\"clear: both; display: block; margin: 10px 0;\">\n<div  style=\"max-width:1200px;max-height:1126px\">\n<div style=\"clear: both; display: block; margin: 10px 0;\">\n<div style=\"clear: both; width: 100%; display: block; margin: 20px 0; padding: 0; float: none; position: static; text-align: center;\"><img decoding=\"async\"  src=\"https:\/\/a.allegroimg.com\/original\/11c75c\/4bf05cd043ab89c398796e808e94\/2x-TRAZANO-205-50R17-93H-SW608-XL-Zimowa-2024-r\" srcset=\"https:\/\/a.allegroimg.com\/original\/11c75c\/4bf05cd043ab89c398796e808e94\/2x-TRAZANO-205-50R17-93H-SW608-XL-Zimowa-2024-r 360w,https:\/\/a.allegroimg.com\/original\/11c75c\/4bf05cd043ab89c398796e808e94\/2x-TRAZANO-205-50R17-93H-SW608-XL-Zimowa-2024-r 720w,https:\/\/a.allegroimg.com\/original\/11c75c\/4bf05cd043ab89c398796e808e94\/2x-TRAZANO-205-50R17-93H-SW608-XL-Zimowa-2024-r 1024w,https:\/\/a.allegroimg.com\/original\/11c75c\/4bf05cd043ab89c398796e808e94\/2x-TRAZANO-205-50R17-93H-SW608-XL-Zimowa-2024-r 1200w,https:\/\/a.allegroimg.com\/original\/11c75c\/4bf05cd043ab89c398796e808e94\/2x-TRAZANO-205-50R17-93H-SW608-XL-Zimowa-2024-r 1200w\" sizes=\"(min-width: 1200px) 560px, (min-width: 992px) 50vw, 100vw\" width=\"1200px\" alt=\"2x TRAZANO 205\/50R17 93H SW608 XL Zimowa 2024 r\"\/ style=\"max-width: 100%; height: auto; display: block; margin: 0 auto;\"><\/div>\n<\/div>\n<\/div>\n<\/div>\n<\/div>\n<div style=\"clear: both; display: block; margin: 10px 0;\">\n<div style=\"clear: both; display: block; margin: 10px 0;\">\n<h1>TRAZANO SW608 205\/50R17 93H XL<\/h1>\n<h2>G15YX0<\/h2>\n<ul style=\"margin: 15px 0; padding-left: 20px; clear: both; display: block; width: 100%; float: none; position: static;\">\n<li style=\"margin: 5px 0; padding: 2px 0; clear: both; display: list-item; float: none; position: static;\"><b>Data produkcji :<\/b> 2024<\/li>\n<li style=\"margin: 5px 0; padding: 2px 0; clear: both; display: list-item; float: none; position: static;\"><b>Indeks :<\/b> 205\/50R17 ZOTZ 93H SW608<\/li>\n<li style=\"margin: 5px 0; padding: 2px 0; clear: both; display: list-item; float: none; position: static;\"><b>Indeks no\u015bno\u015bci :<\/b> 93<\/li>\n<li style=\"margin: 5px 0; padding: 2px 0; clear: both; display: list-item; float: none; position: static;\"><b>Indeks pr\u0119dko\u015bci :<\/b> H &#8211; 210 km\/h<\/li>\n<li style=\"margin: 5px 0; padding: 2px 0; clear: both; display: list-item; float: none; position: static;\"><b>Karta informacyjna produktu :<\/b> https:\/\/eprel.ec.europa.eu\/qr\/453767<\/li>\n<li style=\"margin: 5px 0; padding: 2px 0; clear: both; display: list-item; float: none; position: static;\"><b>Kl. efekt. paliwowej :<\/b> C<\/li>\n<li style=\"margin: 5px 0; padding: 2px 0; clear: both; display: list-item; float: none; position: static;\"><b>Kl. przycz. na mokrej naw. :<\/b> C<\/li>\n<li style=\"margin: 5px 0; padding: 2px 0; clear: both; display: list-item; float: none; position: static;\"><b>Kl. zew. ha\u0142asu tocz. :<\/b> B<\/li>\n<li style=\"margin: 5px 0; padding: 2px 0; clear: both; display: list-item; float: none; position: static;\"><b>Klasa opony :<\/b> bud\u017cet<\/li>\n<li style=\"margin: 5px 0; padding: 2px 0; clear: both; display: list-item; float: none; position: static;\"><b>Kod EAN :<\/b> 6,92712E+12<\/li>\n<li style=\"margin: 5px 0; padding: 2px 0; clear: both; display: list-item; float: none; position: static;\"><b>Kod producenta :<\/b> 6,92712E+12<\/li>\n<li style=\"margin: 5px 0; padding: 2px 0; clear: both; display: list-item; float: none; position: static;\"><b>Model bie\u017cnika :<\/b> SW608<\/li>\n<li style=\"margin: 5px 0; padding: 2px 0; clear: both; display: list-item; float: none; position: static;\"><b>Nazwa produktu :<\/b> TRAZANO 205\/50R17 93H SW608 XL Zimowa<\/li>\n<li style=\"margin: 5px 0; padding: 2px 0; clear: both; display: list-item; float: none; position: static;\"><b>No\u015bno\u015b\u0107 opony :<\/b> XL<\/li>\n<li style=\"margin: 5px 0; padding: 2px 0; clear: both; display: list-item; float: none; position: static;\"><b>opona na dedykowan\u0105 o\u015b :<\/b> Prz\u00f3d\/Ty\u0142<\/li>\n<li style=\"margin: 5px 0; padding: 2px 0; clear: both; display: list-item; float: none; position: static;\"><b>Producent :<\/b> TRAZANO<\/li>\n<li style=\"margin: 5px 0; padding: 2px 0; clear: both; display: list-item; float: none; position: static;\"><b>Profil :<\/b> 50<\/li>\n<li style=\"margin: 5px 0; padding: 2px 0; clear: both; display: list-item; float: none; position: static;\"><b>Przeznaczenie :<\/b> samochody osobowe\/SUV\/crossover<\/li>\n<li style=\"margin: 5px 0; padding: 2px 0; clear: both; display: list-item; float: none; position: static;\"><b>Przyczepno\u015b\u0107 na lodzie :<\/b> Nie<\/li>\n<li style=\"margin: 5px 0; padding: 2px 0; clear: both; display: list-item; float: none; position: static;\"><b>Przyczepno\u015b\u0107 na \u015bniegu :<\/b> Tak<\/li>\n<li style=\"margin: 5px 0; padding: 2px 0; clear: both; display: list-item; float: none; position: static;\"><b>QR kod :<\/b> https:\/\/eprel.ec.europa.eu\/qr\/453767<\/li>\n<li style=\"margin: 5px 0; padding: 2px 0; clear: both; display: list-item; float: none; position: static;\"><b>Sezon :<\/b> zimowa<\/li>\n<li style=\"margin: 5px 0; padding: 2px 0; clear: both; display: list-item; float: none; position: static;\"><b>\u015arednica :<\/b> 17&#8243;<\/li>\n<li style=\"margin: 5px 0; padding: 2px 0; clear: both; display: list-item; float: none; position: static;\"><b>Szeroko\u015b\u0107 :<\/b> 205<\/li>\n<li style=\"margin: 5px 0; padding: 2px 0; clear: both; display: list-item; float: none; position: static;\"><b>Wart. pom. i kl. zew. ha\u0142asu tocz. [dB] :<\/b> 72<\/li>\n<\/ul>\n<\/div>\n<\/div>\n<\/div>\n<div style=\"clear: both; display: block; margin: 10px 0;\">\n<div style=\"clear: both; display: block; margin: 10px 0;\">\n<div style=\"clear: both; display: block; margin: 10px 0;\">\n<p style=\"margin: 15px 0; line-height: 1.8; clear: both; display: block; width: 100%; float: none; position: static;\"> Zimowa Opona Trazano SW608 klasy ekonomicznej bezpiecznie obejdzie si\u0119 z Twoj\u0105 kieszeni\u0105, a na drodze pozwoli bezpiecznie dotrze\u0107 do celu. In\u017cynierowie marki Trazano do\u0142o\u017cyli stara\u0144, by ich opona oferowa\u0142a jak najlepsze osi\u0105gi, bezpiecze\u0144stwo i pewno\u015b\u0107 prowadzenia, za rozs\u0105dn\u0105 cen\u0119. W efekcie tego Trazano SW608 jak na zimow\u0105 opon\u0119 przysta\u0142o, bardzo dobrze trzyma si\u0119 na mokrej, za\u015bnie\u017conej i zab\u0142oconej nawierzchni. Du\u017ca w tym zas\u0142uga starannie zaprojektowanej rze\u017aby bie\u017cnika w kszta\u0142cie litery V. Dzi\u0119ki takiemu u\u0142o\u017ceniu odprowadzanie czy to \u015bniegu czy wody spod k\u00f3\u0142 odbywa si\u0119 efektywnie. Tak\u017ce zapychanie si\u0119 rowk\u00f3w \u015bniegiem czy b\u0142otem zosta\u0142o w tym przypadku ograniczone do minimum. Dzi\u0119ki ca\u0142emu zast\u0119powi lameli Trazano SW608 nie\u017ale radzi sobie tak\u017ce z ruszaniem i hamowaniem na obficie za\u015bnie\u017conych nawierzchniach. W zimowych oponach kluczowe jest rzecz jasna hamowanie, przyczepno\u015b\u0107 i trakcja w mro\u017anych oraz \u015bnie\u017cnych warunkach. Ale zima w naszym kraju nie zawsze tak wygl\u0105da, nierzadko przecie\u017c jest sucho i do\u015b\u0107 \u0142agodnie. Trazano SW608 nie ma nic przeciwko takim warunkom, oferuj\u0105c przy tym pewno\u015b\u0107 prowadzenia i komfort jazdy. Mi\u0119kka mieszanka dzi\u0119ki du\u017cej zawarto\u015bci krzemionki bardzo sprawnie dopasowuje si\u0119 do nawierzchni nawet w mro\u017anych warunkach, a jednocze\u015bnie jest wi\u0119cej ni\u017c zadowalaj\u0105co odporna na zu\u017cycie. Po\u0142\u0105czenie tych cech z atrakcyjn\u0105 cen\u0105 sprawia, \u017ce opony zimowe Trazano SW608 to warta rozwa\u017cenia propozycja na zim\u0119, dla os\u00f3b, kt\u00f3re szukaj\u0105 bezpiecznej i taniej opony.<\/p>\n<\/div>\n<\/div>\n<div style=\"clear: both; display: block; margin: 10px 0;\">\n<div style=\"clear: both; display: block; margin: 10px 0;\">\n<div  style=\"max-width:886px;max-height:1299px\">\n<div style=\"clear: both; display: block; margin: 10px 0;\">\n<div style=\"clear: both; width: 100%; display: block; margin: 20px 0; padding: 0; float: none; position: static; text-align: center;\"><img decoding=\"async\"  src=\"https:\/\/a.allegroimg.com\/original\/11980d\/e7f842b5462e83c9d1d7a573943e\/2x-TRAZANO-205-50R17-93H-SW608-XL-Zimowa-2024-r-Srednica-17\" srcset=\"https:\/\/a.allegroimg.com\/original\/11980d\/e7f842b5462e83c9d1d7a573943e\/2x-TRAZANO-205-50R17-93H-SW608-XL-Zimowa-2024-r-Srednica-17 245w,https:\/\/a.allegroimg.com\/original\/11980d\/e7f842b5462e83c9d1d7a573943e\/2x-TRAZANO-205-50R17-93H-SW608-XL-Zimowa-2024-r-Srednica-17 491w,https:\/\/a.allegroimg.com\/original\/11980d\/e7f842b5462e83c9d1d7a573943e\/2x-TRAZANO-205-50R17-93H-SW608-XL-Zimowa-2024-r-Srednica-17 698w,https:\/\/a.allegroimg.com\/original\/11980d\/e7f842b5462e83c9d1d7a573943e\/2x-TRAZANO-205-50R17-93H-SW608-XL-Zimowa-2024-r-Srednica-17 886w,https:\/\/a.allegroimg.com\/original\/11980d\/e7f842b5462e83c9d1d7a573943e\/2x-TRAZANO-205-50R17-93H-SW608-XL-Zimowa-2024-r-Srednica-17 886w\" sizes=\"(min-width: 1200px) 560px, (min-width: 992px) 50vw, 100vw\" width=\"886px\" alt=\"2x TRAZANO 205\/50R17 93H SW608 XL Zimowa 2024 r \u015arednica 17&quot;\"\/ style=\"max-width: 100%; height: auto; display: block; margin: 0 auto;\"><\/div>\n<\/div>\n<\/div>\n<\/div>\n<\/div>\n<\/div>\n<div style=\"clear: both; display: block; margin: 10px 0;\">\n<div style=\"clear: both; display: block; margin: 10px 0;\">\n<div style=\"clear: both; display: block; margin: 10px 0;\">\n<p style=\"margin: 15px 0; line-height: 1.8; clear: both; display: block; width: 100%; float: none; position: static;\">Wychodz\u0105c naprzeciw oczekiwaniom Klient\u00f3w i chc\u0105c spe\u0142nia\u0107 jak najwy\u017csze standardy obs\u0142ugi dok\u0142adamy wszelkich stara\u0144, aby podawa\u0107 precyzyjn\u0105 dat\u0119 produkcji opony (DOT). Niestety, w wyj\u0105tkowych przypadkach, mo\u017ce zdarzy\u0107 si\u0119, \u017ce opony, kt\u00f3re wy\u015blemy b\u0119d\u0105 mia\u0142y inn\u0105 dat\u0119 produkcji ni\u017c podana. Sytuacja mo\u017ce dotyczy\u0107 zar\u00f3wno opon z DOT-em wcze\u015bniejszym jak i p\u00f3\u017aniejszym. Chcieliby\u015bmy podkre\u015bli\u0107, \u017ce warunki przechowywania opon w naszych magazynach spe\u0142niaj\u0105 Polsk\u0105 Norm\u0119 PN-C-94300-7 dzi\u0119ki czemu nawet opona przechowywana 24 miesi\u0105ce ma parametry takie same jak opona z bie\u017c\u0105cego roku. Warto pami\u0119ta\u0107 tak\u017ce o fakcie, \u017ce w przypadku wielu rozmiar\u00f3w i producent\u00f3w plany produkcyjne fabryk uniemo\u017cliwiaj\u0105 zakup opony z bie\u017c\u0105cego roku.<\/p>\n<p style=\"margin: 15px 0; line-height: 1.8; clear: both; display: block; width: 100%; float: none; position: static;\">Przy zakupie opon pami\u0119taj o sprawdzeniu w instrukcji samochodu lub na w\u0142a\u015bciwej stronie internetowej, jakie ogumienie zaleca producent Twojego auta. \u0179le dobrane opony mog\u0105 negatywnie wp\u0142yn\u0105\u0107 na poziom Twojego bezpiecze\u0144stwa. Kupuj\u0105c opony zwr\u00f3\u0107 uwag\u0119 na rozmiar oraz indeksy no\u015bno\u015bci i pr\u0119dko\u015bci jakie homologowane s\u0105 do Twojego pojazdu.<\/p>\n<p style=\"margin: 15px 0; line-height: 1.8; clear: both; display: block; width: 100%; float: none; position: static;\">Zamieszczone zdj\u0119cia pe\u0142ni\u0105 funkcj\u0119 pogl\u0105dow\u0105. W zale\u017cno\u015bci od szeroko\u015bci opon, mog\u0105 wyst\u0119powa\u0107 niewielkie r\u00f3\u017cnice w wygl\u0105dzie bie\u017cnika (w obr\u0119bie jednego modelu) na przyk\u0142ad w ilo\u015bci rowk\u00f3w obwodowych lub rozmieszczeniu blok\u00f3w bie\u017cnika, co nie stanowi wady produktu.<\/p>\n<p style=\"margin: 15px 0; line-height: 1.8; clear: both; display: block; width: 100%; float: none; position: static;\">Je\u017celi otrzymane przez Ciebie opony nie spe\u0142niaj\u0105 Twoich oczekiwa\u0144 masz mo\u017cliwo\u015b\u0107 zwrotu lub wymiany nieu\u017cywanego (niemontowanego) ogumienia.<\/p>\n<\/div>\n<\/div>\n<\/div>\n<div style=\"clear: both; display: block; margin: 10px 0;\">\n<div style=\"clear: both; display: block; margin: 10px 0;\">\n<div style=\"clear: both; display: block; margin: 10px 0;\">\n<div  style=\"max-width:598px;max-height:80px\">\n<div style=\"clear: both; display: block; margin: 10px 0;\">\n<div style=\"clear: both; width: 100%; display: block; margin: 20px 0; padding: 0; float: none; position: static; text-align: center;\"><img decoding=\"async\"  src=\"https:\/\/a.allegroimg.com\/original\/11f489\/89bce9a447e78dff09b69c61e352\/2x-TRAZANO-205-50R17-93H-SW608-XL-Zimowa-2024-r-Halas-zewnetrzny-72-dB\" srcset=\"https:\/\/a.allegroimg.com\/original\/11f489\/89bce9a447e78dff09b69c61e352\/2x-TRAZANO-205-50R17-93H-SW608-XL-Zimowa-2024-r-Halas-zewnetrzny-72-dB 360w,https:\/\/a.allegroimg.com\/original\/11f489\/89bce9a447e78dff09b69c61e352\/2x-TRAZANO-205-50R17-93H-SW608-XL-Zimowa-2024-r-Halas-zewnetrzny-72-dB 598w,https:\/\/a.allegroimg.com\/original\/11f489\/89bce9a447e78dff09b69c61e352\/2x-TRAZANO-205-50R17-93H-SW608-XL-Zimowa-2024-r-Halas-zewnetrzny-72-dB 598w\" sizes=\"(min-width: 1200px) 560px, (min-width: 992px) 50vw, 100vw\" width=\"598px\" alt=\"2x TRAZANO 205\/50R17 93H SW608 XL Zimowa 2024 r Ha\u0142as zewn\u0119trzny 72 dB\"\/ style=\"max-width: 100%; height: auto; display: block; margin: 0 auto;\"><\/div>\n<\/div>\n<\/div>\n<\/div>\n<\/div>\n<div style=\"clear: both; display: block; margin: 10px 0;\">\n<div style=\"clear: both; display: block; margin: 10px 0;\">\n<h1>Trazano<\/h1>\n<p style=\"margin: 15px 0; line-height: 1.8; clear: both; display: block; width: 100%; float: none; position: static;\">Opony marki TRAZANO produkowane s\u0105 przez Chi\u0144skiego producenta opon ZC Rubber.<br \/>\nOpony TRAZANO, charakteryzuj\u0105 si\u0119 dobr\u0105 wytrzyma\u0142o\u015bci\u0105 i parametrami, a do tego mo\u017cna je kupi\u0107 w bardzo przyst\u0119pnej cenie.<\/p>\n<\/div>\n<\/div>\n<\/div>\n<\/div>\n<\/div>\n<\/div>\n<div style=\"clear: both; display: block; margin: 10px 0;\">\n","protected":false},"excerpt":{"rendered":"<p>Rok produkcji: 2024<\/p>\n<p>TRAZANO SW608 205\/50R17 93H XL<\/p>\n<p>G15YX0<\/p>\n<p>Data produkcji : 2024<\/p>\n<p>Indeks : 205\/50R17 ZOTZ 93H SW608<\/p>\n<p>Indeks no\u015bno\u015bci : 93<\/p>\n<p>Indeks pr\u0119dko\u015bci : H &#8211; 210 km\/h<\/p>\n<p>Karta informacyjna produktu : https:\/\/eprel.ec.europa.eu\/qr\/453767<\/p>\n","protected":false},"featured_media":9732,"template":"","meta":{"_uag_custom_page_level_css":""},"product_brand":[432],"product_cat":[414,413,412,415],"product_tag":[],"class_list":{"0":"post-9731","1":"product","2":"type-product","3":"status-publish","4":"has-post-thumbnail","6":"product_brand-trazano","7":"product_cat-do-samochodow-osobowych-i-suv","8":"product_cat-opony","9":"product_cat-opony-i-felgi","10":"product_cat-zimowe","12":"first","13":"instock","14":"sale","15":"shipping-taxable","16":"purchasable","17":"product-type-simple"},"uagb_featured_image_src":{"full":["https:\/\/oponixo.shop\/tire\/wp-content\/uploads\/2025\/12\/allegro-image-9731.jpg",1200,1126,false],"thumbnail":["https:\/\/oponixo.shop\/tire\/wp-content\/uploads\/2025\/12\/allegro-image-9731-150x150.jpg",150,150,true],"medium":["https:\/\/oponixo.shop\/tire\/wp-content\/uploads\/2025\/12\/allegro-image-9731-300x282.jpg",300,282,true],"medium_large":["https:\/\/oponixo.shop\/tire\/wp-content\/uploads\/2025\/12\/allegro-image-9731-768x721.jpg",768,721,true],"large":["https:\/\/oponixo.shop\/tire\/wp-content\/uploads\/2025\/12\/allegro-image-9731-1024x961.jpg",1024,961,true],"1536x1536":["https:\/\/oponixo.shop\/tire\/wp-content\/uploads\/2025\/12\/allegro-image-9731.jpg",1200,1126,false],"2048x2048":["https:\/\/oponixo.shop\/tire\/wp-content\/uploads\/2025\/12\/allegro-image-9731.jpg",1200,1126,false],"woocommerce_thumbnail":["https:\/\/oponixo.shop\/tire\/wp-content\/uploads\/2025\/12\/allegro-image-9731-300x300.jpg",300,300,true],"woocommerce_single":["https:\/\/oponixo.shop\/tire\/wp-content\/uploads\/2025\/12\/allegro-image-9731-600x563.jpg",600,563,true],"woocommerce_gallery_thumbnail":["https:\/\/oponixo.shop\/tire\/wp-content\/uploads\/2025\/12\/allegro-image-9731-100x100.jpg",100,100,true]},"uagb_author_info":{"display_name":"admin","author_link":"https:\/\/oponixo.shop\/tire\/author\/"},"uagb_comment_info":0,"uagb_excerpt":"Rok produkcji: 2024 TRAZANO SW608 205\/50R17 93H XL G15YX0 Data produkcji : 2024 Indeks : 205\/50R17 ZOTZ 93H SW608 Indeks no\u015bno\u015bci : 93 Indeks pr\u0119dko\u015bci : H - 210 km\/h Karta informacyjna produktu : https:\/\/eprel.ec.europa.eu\/qr\/453767","_links":{"self":[{"href":"https:\/\/oponixo.shop\/tire\/wp-json\/wp\/v2\/product\/9731","targetHints":{"allow":["GET"]}}],"collection":[{"href":"https:\/\/oponixo.shop\/tire\/wp-json\/wp\/v2\/product"}],"about":[{"href":"https:\/\/oponixo.shop\/tire\/wp-json\/wp\/v2\/types\/product"}],"wp:featuredmedia":[{"embeddable":true,"href":"https:\/\/oponixo.shop\/tire\/wp-json\/wp\/v2\/media\/9732"}],"wp:attachment":[{"href":"https:\/\/oponixo.shop\/tire\/wp-json\/wp\/v2\/media?parent=9731"}],"wp:term":[{"taxonomy":"product_brand","embeddable":true,"href":"https:\/\/oponixo.shop\/tire\/wp-json\/wp\/v2\/product_brand?post=9731"},{"taxonomy":"product_cat","embeddable":true,"href":"https:\/\/oponixo.shop\/tire\/wp-json\/wp\/v2\/product_cat?post=9731"},{"taxonomy":"product_tag","embeddable":true,"href":"https:\/\/oponixo.shop\/tire\/wp-json\/wp\/v2\/product_tag?post=9731"}],"curies":[{"name":"wp","href":"https:\/\/api.w.org\/{rel}","templated":true}]}}