{"id":9741,"date":"2025-12-25T07:51:37","date_gmt":"2025-12-25T07:51:37","guid":{"rendered":"https:\/\/oponyexpert.shop\/xef5\/produkt\/4x-opony-225-45r17-matador-mp93-nordicca-94-v\/"},"modified":"2025-12-25T07:51:37","modified_gmt":"2025-12-25T07:51:37","slug":"4x-opony-225-45r17-matador-mp93-nordicca-94-v","status":"publish","type":"product","link":"https:\/\/oponixo.shop\/tire\/produkt\/4x-opony-225-45r17-matador-mp93-nordicca-94-v\/","title":{"rendered":"4x opony 225\/45R17 MATADOR MP93 NORDICCA 94 V"},"content":{"rendered":"<div style=\"font-family: Arial, sans-serif; line-height: 1.6; color: #333; padding: 20px; clear: both; display: block; width: 100%; float: none; position: static; overflow: hidden;\">\n<div style=\"clear: both; display: block; margin: 10px 0;\">\n<div style=\"clear: both; display: block; margin: 10px 0;\">\n<div style=\"clear: both; display: block; margin: 10px 0;\">\n<h2>Opona zimowa Matador MP93 Nordicca 225\/45R17 94 V przyczepno\u015b\u0107 na \u015bniegu (3PMSF), rant ochronny, wzmocnienie (XL)<\/h2>\n<p style=\"margin: 15px 0; line-height: 1.8; clear: both; display: block; width: 100%; float: none; position: static;\">Opona zimowa Matador MP93 Nordicca 225\/45R17 94 V<\/p>\n<p style=\"margin: 15px 0; line-height: 1.8; clear: both; display: block; width: 100%; float: none; position: static;\">Cechy produktu:<\/p>\n<ul style=\"margin: 15px 0; padding-left: 20px; clear: both; display: block; width: 100%; float: none; position: static;\">\n<li style=\"margin: 5px 0; padding: 2px 0; clear: both; display: list-item; float: none; position: static;\">sezon: zimowe<\/li>\n<li style=\"margin: 5px 0; padding: 2px 0; clear: both; display: list-item; float: none; position: static;\">szeroko\u015b\u0107\/profil\/\u015brednica: 225\/45R17<\/li>\n<li style=\"margin: 5px 0; padding: 2px 0; clear: both; display: list-item; float: none; position: static;\">indeks no\u015bno\u015bci: 94 &#8211; 670 kg<\/li>\n<li style=\"margin: 5px 0; padding: 2px 0; clear: both; display: list-item; float: none; position: static;\">indeks pr\u0119dko\u015bci: V do 240 km\/h<\/li>\n<li style=\"margin: 5px 0; padding: 2px 0; clear: both; display: list-item; float: none; position: static;\">rant ochronny<\/li>\n<li style=\"margin: 5px 0; padding: 2px 0; clear: both; display: list-item; float: none; position: static;\">wzmocnienie (XL)<\/li>\n<li style=\"margin: 5px 0; padding: 2px 0; clear: both; display: list-item; float: none; position: static;\">przyczepno\u015b\u0107 na \u015bniegu (3PMSF)<\/li>\n<\/ul>\n<\/div>\n<\/div>\n<div style=\"clear: both; display: block; margin: 10px 0;\">\n<div style=\"clear: both; display: block; margin: 10px 0;\">\n<div  style=\"max-width:450px;max-height:599px\">\n<div style=\"clear: both; display: block; margin: 10px 0;\">\n<div style=\"clear: both; width: 100%; display: block; margin: 20px 0; padding: 0; float: none; position: static; text-align: center;\"><img decoding=\"async\"  src=\"https:\/\/a.allegroimg.com\/original\/11a59c\/af9cc53c43338002e017cc7246dd\/4x-opony-225-45R17-MATADOR-MP93-NORDICCA-94-V\" srcset=\"https:\/\/a.allegroimg.com\/original\/11a59c\/af9cc53c43338002e017cc7246dd\/4x-opony-225-45R17-MATADOR-MP93-NORDICCA-94-V 270w,https:\/\/a.allegroimg.com\/original\/11a59c\/af9cc53c43338002e017cc7246dd\/4x-opony-225-45R17-MATADOR-MP93-NORDICCA-94-V 450w,https:\/\/a.allegroimg.com\/original\/11a59c\/af9cc53c43338002e017cc7246dd\/4x-opony-225-45R17-MATADOR-MP93-NORDICCA-94-V 450w\" sizes=\"(min-width: 1200px) 560px, (min-width: 992px) 50vw, 100vw\" width=\"450px\" alt=\"4x opony 225\/45R17 MATADOR MP93 NORDICCA 94 V\"\/ style=\"max-width: 100%; height: auto; display: block; margin: 0 auto;\"><\/div>\n<\/div>\n<\/div>\n<\/div>\n<\/div>\n<\/div>\n<div style=\"clear: both; display: block; margin: 10px 0;\">\n<div style=\"clear: both; display: block; margin: 10px 0;\">\n<div style=\"clear: both; display: block; margin: 10px 0;\">\n<h3 style=\"color: #2c5aa0; font-size: 18px; margin: 30px 0 15px 0; font-weight: bold; clear: both; display: block; width: 100%; float: none; position: static;\">Informacje dodatkowe:<\/h3>\n<ul style=\"margin: 15px 0; padding-left: 20px; clear: both; display: block; width: 100%; float: none; position: static;\">\n<li style=\"margin: 5px 0; padding: 2px 0; clear: both; display: list-item; float: none; position: static;\">rok produkcji: 2025 <\/li>\n<li style=\"margin: 5px 0; padding: 2px 0; clear: both; display: list-item; float: none; position: static;\">stan: fabrycznie nowe <\/li>\n<\/ul>\n<\/div>\n<\/div>\n<\/div>\n<div style=\"clear: both; display: block; margin: 10px 0;\">\n<div style=\"clear: both; display: block; margin: 10px 0;\">\n<div style=\"clear: both; display: block; margin: 10px 0;\">\n<div  style=\"max-width:450px;max-height:599px\">\n<div style=\"clear: both; display: block; margin: 10px 0;\">\n<div style=\"clear: both; width: 100%; display: block; margin: 20px 0; padding: 0; float: none; position: static; text-align: center;\"><img decoding=\"async\"  src=\"https:\/\/a.allegroimg.com\/original\/11a59c\/af9cc53c43338002e017cc7246dd\/4x-opony-225-45R17-MATADOR-MP93-NORDICCA-94-V\" srcset=\"https:\/\/a.allegroimg.com\/original\/11a59c\/af9cc53c43338002e017cc7246dd\/4x-opony-225-45R17-MATADOR-MP93-NORDICCA-94-V 270w,https:\/\/a.allegroimg.com\/original\/11a59c\/af9cc53c43338002e017cc7246dd\/4x-opony-225-45R17-MATADOR-MP93-NORDICCA-94-V 450w,https:\/\/a.allegroimg.com\/original\/11a59c\/af9cc53c43338002e017cc7246dd\/4x-opony-225-45R17-MATADOR-MP93-NORDICCA-94-V 450w\" sizes=\"100vw\" width=\"450px\" alt=\"4x opony 225\/45R17 MATADOR MP93 NORDICCA 94 V\"\/ style=\"max-width: 100%; height: auto; display: block; margin: 0 auto;\"><\/div>\n<\/div>\n<\/div>\n<\/div>\n<\/div>\n<\/div>\n<\/div>\n<\/div>\n<\/div>\n<div style=\"clear: both; display: block; margin: 10px 0;\">\n","protected":false},"excerpt":{"rendered":"<p>Opona zimowa Matador MP93 Nordicca 225\/45R17 94 V przyczepno\u015b\u0107 na \u015bniegu (3PMSF), rant ochronny, wzmocnienie (XL)<\/p>\n<p>Opona zimowa Matador MP93 Nordicca 225\/45R17 94 V<\/p>\n<p>Cechy produktu:<\/p>\n<p>sezon: zimowe<\/p>\n<p>szeroko\u015b\u0107\/profil\/\u015brednica: 225\/45R17<\/p>\n<p>indeks no\u015bno\u015bci: 94 &#8211; 670 kg<\/p>\n<p>indeks pr\u0119dko\u015bci: V do 240 km\/h<\/p>\n<p>rant ochronny<\/p>\n","protected":false},"featured_media":9742,"template":"","meta":{"_uag_custom_page_level_css":""},"product_brand":[373],"product_cat":[414,413,412,415],"product_tag":[],"class_list":{"0":"post-9741","1":"product","2":"type-product","3":"status-publish","4":"has-post-thumbnail","6":"product_brand-matador","7":"product_cat-do-samochodow-osobowych-i-suv","8":"product_cat-opony","9":"product_cat-opony-i-felgi","10":"product_cat-zimowe","12":"first","13":"instock","14":"sale","15":"shipping-taxable","16":"purchasable","17":"product-type-simple"},"uagb_featured_image_src":{"full":["https:\/\/oponixo.shop\/tire\/wp-content\/uploads\/2025\/12\/allegro-image-9741.jpg",450,599,false],"thumbnail":["https:\/\/oponixo.shop\/tire\/wp-content\/uploads\/2025\/12\/allegro-image-9741-150x150.jpg",150,150,true],"medium":["https:\/\/oponixo.shop\/tire\/wp-content\/uploads\/2025\/12\/allegro-image-9741-225x300.jpg",225,300,true],"medium_large":["https:\/\/oponixo.shop\/tire\/wp-content\/uploads\/2025\/12\/allegro-image-9741.jpg",450,599,false],"large":["https:\/\/oponixo.shop\/tire\/wp-content\/uploads\/2025\/12\/allegro-image-9741.jpg",450,599,false],"1536x1536":["https:\/\/oponixo.shop\/tire\/wp-content\/uploads\/2025\/12\/allegro-image-9741.jpg",450,599,false],"2048x2048":["https:\/\/oponixo.shop\/tire\/wp-content\/uploads\/2025\/12\/allegro-image-9741.jpg",450,599,false],"woocommerce_thumbnail":["https:\/\/oponixo.shop\/tire\/wp-content\/uploads\/2025\/12\/allegro-image-9741-300x300.jpg",300,300,true],"woocommerce_single":["https:\/\/oponixo.shop\/tire\/wp-content\/uploads\/2025\/12\/allegro-image-9741.jpg",450,599,false],"woocommerce_gallery_thumbnail":["https:\/\/oponixo.shop\/tire\/wp-content\/uploads\/2025\/12\/allegro-image-9741-100x100.jpg",100,100,true]},"uagb_author_info":{"display_name":"admin","author_link":"https:\/\/oponixo.shop\/tire\/author\/"},"uagb_comment_info":0,"uagb_excerpt":"Opona zimowa Matador MP93 Nordicca 225\/45R17 94 V przyczepno\u015b\u0107 na \u015bniegu (3PMSF), rant ochronny, wzmocnienie (XL) Opona zimowa Matador MP93 Nordicca 225\/45R17 94 V Cechy produktu: sezon: zimowe szeroko\u015b\u0107\/profil\/\u015brednica: 225\/45R17 indeks no\u015bno\u015bci: 94 - 670 kg indeks pr\u0119dko\u015bci: V do 240 km\/h rant ochronny","_links":{"self":[{"href":"https:\/\/oponixo.shop\/tire\/wp-json\/wp\/v2\/product\/9741","targetHints":{"allow":["GET"]}}],"collection":[{"href":"https:\/\/oponixo.shop\/tire\/wp-json\/wp\/v2\/product"}],"about":[{"href":"https:\/\/oponixo.shop\/tire\/wp-json\/wp\/v2\/types\/product"}],"wp:featuredmedia":[{"embeddable":true,"href":"https:\/\/oponixo.shop\/tire\/wp-json\/wp\/v2\/media\/9742"}],"wp:attachment":[{"href":"https:\/\/oponixo.shop\/tire\/wp-json\/wp\/v2\/media?parent=9741"}],"wp:term":[{"taxonomy":"product_brand","embeddable":true,"href":"https:\/\/oponixo.shop\/tire\/wp-json\/wp\/v2\/product_brand?post=9741"},{"taxonomy":"product_cat","embeddable":true,"href":"https:\/\/oponixo.shop\/tire\/wp-json\/wp\/v2\/product_cat?post=9741"},{"taxonomy":"product_tag","embeddable":true,"href":"https:\/\/oponixo.shop\/tire\/wp-json\/wp\/v2\/product_tag?post=9741"}],"curies":[{"name":"wp","href":"https:\/\/api.w.org\/{rel}","templated":true}]}}