{"id":9749,"date":"2025-12-25T07:51:39","date_gmt":"2025-12-25T07:51:39","guid":{"rendered":"https:\/\/oponyexpert.shop\/xef5\/produkt\/2x-opona-zimowa-windforce-snowblazer-uhp-225-50r17-98v-xl\/"},"modified":"2025-12-25T07:51:39","modified_gmt":"2025-12-25T07:51:39","slug":"2x-opona-zimowa-windforce-snowblazer-uhp-225-50r17-98v-xl","status":"publish","type":"product","link":"https:\/\/oponixo.shop\/tire\/produkt\/2x-opona-zimowa-windforce-snowblazer-uhp-225-50r17-98v-xl\/","title":{"rendered":"2x Opona zimowa Windforce SNOWBLAZER UHP 225\/50R17 98V XL"},"content":{"rendered":"<div style=\"font-family: Arial, sans-serif; line-height: 1.6; color: #333; padding: 20px; clear: both; display: block; width: 100%; float: none; position: static; overflow: hidden;\">\n<div style=\"clear: both; display: block; margin: 10px 0;\">\n<div style=\"clear: both; display: block; margin: 10px 0;\">\n<div style=\"clear: both; display: block; margin: 10px 0;\">\n<h3 style=\"color: #2c5aa0; font-size: 18px; margin: 30px 0 15px 0; font-weight: bold; clear: both; display: block; width: 100%; float: none; position: static;\">2x Opona zimowa Windforce SNOWBLAZER UHP 225\/50R17 98V XL<\/h3>\n<\/div>\n<\/div>\n<\/div>\n<div style=\"clear: both; display: block; margin: 10px 0;\">\n<div style=\"clear: both; display: block; margin: 10px 0;\">\n<div style=\"clear: both; display: block; margin: 10px 0;\">\n<div  style=\"max-width:500px;max-height:500px\">\n<div style=\"clear: both; display: block; margin: 10px 0;\">\n<div style=\"clear: both; width: 100%; display: block; margin: 20px 0; padding: 0; float: none; position: static; text-align: center;\"><img decoding=\"async\"  src=\"https:\/\/a.allegroimg.com\/original\/11e901\/38c543dd40749644dc19d9bc18df\/2x-Opona-zimowa-Windforce-SNOWBLAZER-UHP-225-50R17-98V-XL\" srcset=\"https:\/\/a.allegroimg.com\/original\/11e901\/38c543dd40749644dc19d9bc18df\/2x-Opona-zimowa-Windforce-SNOWBLAZER-UHP-225-50R17-98V-XL 360w,https:\/\/a.allegroimg.com\/original\/11e901\/38c543dd40749644dc19d9bc18df\/2x-Opona-zimowa-Windforce-SNOWBLAZER-UHP-225-50R17-98V-XL 500w,https:\/\/a.allegroimg.com\/original\/11e901\/38c543dd40749644dc19d9bc18df\/2x-Opona-zimowa-Windforce-SNOWBLAZER-UHP-225-50R17-98V-XL 500w\" sizes=\"(min-width: 1200px) 560px, (min-width: 992px) 50vw, 100vw\" width=\"500px\" alt=\"2x Opona zimowa Windforce SNOWBLAZER UHP 225\/50R17 98V XL\"\/ style=\"max-width: 100%; height: auto; display: block; margin: 0 auto;\"><\/div>\n<\/div>\n<\/div>\n<\/div>\n<\/div>\n<div style=\"clear: both; display: block; margin: 10px 0;\">\n<div style=\"clear: both; display: block; margin: 10px 0;\">\n<ul style=\"margin: 15px 0; padding-left: 20px; clear: both; display: block; width: 100%; float: none; position: static;\">\n<li style=\"margin: 5px 0; padding: 2px 0; clear: both; display: list-item; float: none; position: static;\">Marka: <b>Windforce<\/b><\/li>\n<li style=\"margin: 5px 0; padding: 2px 0; clear: both; display: list-item; float: none; position: static;\">Liczba opon w ofercie: <b>2 szt.<\/b><\/li>\n<li style=\"margin: 5px 0; padding: 2px 0; clear: both; display: list-item; float: none; position: static;\">Sezon: <b>Zimowe<\/b><\/li>\n<li style=\"margin: 5px 0; padding: 2px 0; clear: both; display: list-item; float: none; position: static;\">Model: <b>SNOWBLAZER UHP<\/b><\/li>\n<li style=\"margin: 5px 0; padding: 2px 0; clear: both; display: list-item; float: none; position: static;\">Szeroko\u015b\u0107: <b>225<\/b><\/li>\n<li style=\"margin: 5px 0; padding: 2px 0; clear: both; display: list-item; float: none; position: static;\">Profil: <b>50<\/b><\/li>\n<li style=\"margin: 5px 0; padding: 2px 0; clear: both; display: list-item; float: none; position: static;\">\u015arednica: <b>17<\/b><\/li>\n<li style=\"margin: 5px 0; padding: 2px 0; clear: both; display: list-item; float: none; position: static;\">Index no\u015bno\u015bci: <b>98<\/b><\/li>\n<li style=\"margin: 5px 0; padding: 2px 0; clear: both; display: list-item; float: none; position: static;\">Index pr\u0119dko\u015bci: <b>V<\/b><\/li>\n<li style=\"margin: 5px 0; padding: 2px 0; clear: both; display: list-item; float: none; position: static;\">Hamowanie na mokrym: <b>C<\/b><\/li>\n<li style=\"margin: 5px 0; padding: 2px 0; clear: both; display: list-item; float: none; position: static;\">Op\u00f3r toczenia: <b>D<\/b><\/li>\n<li style=\"margin: 5px 0; padding: 2px 0; clear: both; display: list-item; float: none; position: static;\">Ha\u0142as zewn\u0119trzny: <b>72dB<\/b><\/li>\n<li style=\"margin: 5px 0; padding: 2px 0; clear: both; display: list-item; float: none; position: static;\">SAP: <b>4WI1838H1<\/b><\/li>\n<li style=\"margin: 5px 0; padding: 2px 0; clear: both; display: list-item; float: none; position: static;\">EAN: <b>6970004909613<\/b><\/li>\n<\/ul>\n<\/div>\n<\/div>\n<\/div>\n<div style=\"clear: both; display: block; margin: 10px 0;\">\n<div style=\"clear: both; display: block; margin: 10px 0;\">\n<div style=\"clear: both; display: block; margin: 10px 0;\">\n<h3 style=\"color: #2c5aa0; font-size: 18px; margin: 30px 0 15px 0; font-weight: bold; clear: both; display: block; width: 100%; float: none; position: static;\">Rok produkcji (DOT): 2025\/2024 &#8211; kupuj\u0105c z tej oferty otrzymasz opony fabrycznie nowe.<\/h3>\n<p style=\"margin: 15px 0; line-height: 1.8; clear: both; display: block; width: 100%; float: none; position: static;\">Specjali\u015bci z Polskiego Zwi\u0105zku Przemys\u0142u Oponiarskiego (PZPO) podkre\u015blaj\u0105, \u017ce nowe opony, przechowywane w odpowiednich warunkach, zachowuj\u0105 pe\u0142n\u0105 warto\u015b\u0107 i nie r\u00f3\u017cni\u0105 si\u0119 jako\u015bciowo od tych pochodz\u0105cych z bie\u017c\u0105cej produkcji. Wynika to z faktu, \u017ce proces starzenia si\u0119 opon nast\u0119puje wy\u0142\u0105cznie podczas ich eksploatacji, a nie w trakcie przechowywania.<\/p>\n<\/div>\n<\/div>\n<\/div>\n<div style=\"clear: both; display: block; margin: 10px 0;\">\n<div style=\"clear: both; display: block; margin: 10px 0;\">\n<div style=\"clear: both; display: block; margin: 10px 0;\">\n<h3 style=\"color: #2c5aa0; font-size: 18px; margin: 30px 0 15px 0; font-weight: bold; clear: both; display: block; width: 100%; float: none; position: static;\">Rok produkcji opony znajdziesz na jej boku, przy oznaczeniu DOT. Cztery ostatnie cyfry m\u00f3wi\u0105, kiedy opona zosta\u0142a wyprodukowana:<\/h3>\n<ul style=\"margin: 15px 0; padding-left: 20px; clear: both; display: block; width: 100%; float: none; position: static;\">\n<li style=\"margin: 5px 0; padding: 2px 0; clear: both; display: list-item; float: none; position: static;\">Pierwsze dwie \u2013 tydzie\u0144 produkcji,<\/li>\n<li style=\"margin: 5px 0; padding: 2px 0; clear: both; display: list-item; float: none; position: static;\">Ostatnie dwie \u2013 rok produkcji.\u00a0<\/li>\n<\/ul>\n<p style=\"margin: 15px 0; line-height: 1.8; clear: both; display: block; width: 100%; float: none; position: static;\">Przyk\u0142ad: 1924 oznacza, \u017ce opona zosta\u0142a wyprodukowana w 19 tygodniu 2024 roku.<\/p>\n<\/div>\n<\/div>\n<\/div>\n<div style=\"clear: both; display: block; margin: 10px 0;\">\n<div style=\"clear: both; display: block; margin: 10px 0;\">\n<div style=\"clear: both; display: block; margin: 10px 0;\">\n<h3 style=\"color: #2c5aa0; font-size: 18px; margin: 30px 0 15px 0; font-weight: bold; clear: both; display: block; width: 100%; float: none; position: static;\">Pewno\u015b\u0107 w zimowych warunkach.<\/h3>\n<ul style=\"margin: 15px 0; padding-left: 20px; clear: both; display: block; width: 100%; float: none; position: static;\">\n<li style=\"margin: 5px 0; padding: 2px 0; clear: both; display: list-item; float: none; position: static;\">WINFROCE SNOWBLAZER UHP to przyst\u0119pna cenowo opona zimowa, kt\u00f3ra sprawdzi si\u0119 na \u015bniegu, mokrych nawierzchniach oraz suchych zimowych drogach. jest to doskona\u0142y wyb\u00f3r dla kierowc\u00f3w ceni\u0105cych bezpiecze\u0144stwo, komfort i korzystn\u0105 cen\u0119.<\/li>\n<li style=\"margin: 5px 0; padding: 2px 0; clear: both; display: list-item; float: none; position: static;\">Dzi\u0119ki szerokim, otwartym rowkom barkowym opona skutecznie zapobiega aquaplaningowi, odprowadzaj\u0105c wod\u0119 spod k\u00f3\u0142 i zwi\u0119kszaj\u0105c kontrol\u0119 na mokrej nawierzchni.<\/li>\n<li style=\"margin: 5px 0; padding: 2px 0; clear: both; display: list-item; float: none; position: static;\">Dwa g\u0142\u00f3wne rowki wzd\u0142u\u017cne jeszcze szybciej usuwaj\u0105 wod\u0119, \u015bnieg oraz b\u0142oto po\u015bniegowe, co przek\u0142ada si\u0119 na lepsze bezpiecze\u0144stwo jazdy i stabilno\u015b\u0107 w ka\u017cdych warunkach zimowych.<\/li>\n<\/ul>\n<p style=\"margin: 15px 0; line-height: 1.8; clear: both; display: block; width: 100%; float: none; position: static;\"><b>Elastyczno\u015b\u0107 i przyczepno\u015b\u0107 w niskich temperaturach.<\/b>Specjalna mieszanka gumowa WINFROCE SNOWBLAZER UHP gwarantuje, \u017ce opona pozostaje elastyczna nawet przy bardzo niskich temperaturach, co jest kluczowe dla zachowania optymalnej przyczepno\u015bci. Dzi\u0119ki tej w\u0142a\u015bciwo\u015bci, opona skutecznie przylega do drogi, nie trac\u0105c swoich parametr\u00f3w jezdnych. Dodatkowo, odporno\u015b\u0107 na zu\u017cycie zapewnia d\u0142ugotrwa\u0142e zachowanie osi\u0105g\u00f3w, co oznacza, \u017ce kierowcy mog\u0105 liczy\u0107 na niezawodno\u015b\u0107 opony przez wiele sezon\u00f3w, redukuj\u0105c cz\u0119stotliwo\u015b\u0107 wymian i obni\u017caj\u0105c koszty eksploatacyjne.<b>Precyzyjnie zaprojektowany bie\u017cnik.<\/b>Opona WINFROCE SNOWBLAZER UHP charakteryzuje si\u0119 bie\u017cnikiem, kt\u00f3ry zosta\u0142 zoptymalizowany z u\u017cyciem technologii tak, aby maksymalizowa\u0107 wydajno\u015b\u0107 na r\u00f3\u017cnych zimowych nawierzchniach. Specjalnie zaprojektowane bloki, rowki i lamele zapewniaj\u0105 znakomit\u0105 przyczepno\u015b\u0107 na \u015bliskich, mokrych i suchych drogach.<\/p>\n<\/div>\n<\/div>\n<\/div>\n<div style=\"clear: both; display: block; margin: 10px 0;\">\n<div style=\"clear: both; display: block; margin: 10px 0;\">\n<div style=\"clear: both; display: block; margin: 10px 0;\">\n<p style=\"margin: 15px 0; line-height: 1.8; clear: both; display: block; width: 100%; float: none; position: static;\"><b>WINDFORCE<\/b> to marka, kt\u00f3ra nie uznaje kompromis\u00f3w. Jej produkty to rezultat zaawansowanej in\u017cynierii, najnowszych technologii i rygorystycznych test\u00f3w jako\u015bci. Od lat zyskuje uznanie kierowc\u00f3w na ca\u0142ym \u015bwiecie, oferuj\u0105c opony, kt\u00f3re wyr\u00f3\u017cniaj\u0105 si\u0119 wyj\u0105tkow\u0105 trwa\u0142o\u015bci\u0105, znakomit\u0105 przyczepno\u015bci\u0105 i komfortem jazdy w ka\u017cdych warunkach.<\/p>\n<\/div>\n<\/div>\n<div style=\"clear: both; display: block; margin: 10px 0;\">\n<div style=\"clear: both; display: block; margin: 10px 0;\">\n<div  style=\"max-width:1024px;max-height:460px\">\n<div style=\"clear: both; display: block; margin: 10px 0;\">\n<div style=\"clear: both; width: 100%; display: block; margin: 20px 0; padding: 0; float: none; position: static; text-align: center;\"><img decoding=\"async\"  src=\"https:\/\/a.allegroimg.com\/original\/11668f\/b0c1d63c4e5c9affc37e66af5ab5\/2x-Opona-zimowa-Windforce-SNOWBLAZER-UHP-225-50R17-98V-XL-Liczba-opon-w-ofercie-2-szt\" srcset=\"https:\/\/a.allegroimg.com\/original\/11668f\/b0c1d63c4e5c9affc37e66af5ab5\/2x-Opona-zimowa-Windforce-SNOWBLAZER-UHP-225-50R17-98V-XL-Liczba-opon-w-ofercie-2-szt 360w,https:\/\/a.allegroimg.com\/original\/11668f\/b0c1d63c4e5c9affc37e66af5ab5\/2x-Opona-zimowa-Windforce-SNOWBLAZER-UHP-225-50R17-98V-XL-Liczba-opon-w-ofercie-2-szt 720w,https:\/\/a.allegroimg.com\/original\/11668f\/b0c1d63c4e5c9affc37e66af5ab5\/2x-Opona-zimowa-Windforce-SNOWBLAZER-UHP-225-50R17-98V-XL-Liczba-opon-w-ofercie-2-szt 1024w,https:\/\/a.allegroimg.com\/original\/11668f\/b0c1d63c4e5c9affc37e66af5ab5\/2x-Opona-zimowa-Windforce-SNOWBLAZER-UHP-225-50R17-98V-XL-Liczba-opon-w-ofercie-2-szt 1024w\" sizes=\"(min-width: 1200px) 560px, (min-width: 992px) 50vw, 100vw\" width=\"1024px\" alt=\"2x Opona zimowa Windforce SNOWBLAZER UHP 225\/50R17 98V XL Liczba opon w ofercie 2 szt.\"\/ style=\"max-width: 100%; height: auto; display: block; margin: 0 auto;\"><\/div>\n<\/div>\n<\/div>\n<\/div>\n<\/div>\n<\/div>\n<\/div>\n<\/div>\n<\/div>\n<div style=\"clear: both; display: block; margin: 10px 0;\">\n","protected":false},"excerpt":{"rendered":"<p>2x Opona zimowa Windforce SNOWBLAZER UHP 225\/50R17 98V XL<\/p>\n<p>Marka: Windforce<\/p>\n<p>Liczba opon w ofercie: 2 szt.<\/p>\n<p>Sezon: Zimowe<\/p>\n<p>Model: SNOWBLAZER UHP<\/p>\n<p>Szeroko\u015b\u0107: 225<\/p>\n<p>Profil: 50<\/p>\n<p>\u015arednica: 17<\/p>\n","protected":false},"featured_media":9750,"template":"","meta":{"_uag_custom_page_level_css":""},"product_brand":[434],"product_cat":[414,413,412,415],"product_tag":[],"class_list":{"0":"post-9749","1":"product","2":"type-product","3":"status-publish","4":"has-post-thumbnail","6":"product_brand-windforce","7":"product_cat-do-samochodow-osobowych-i-suv","8":"product_cat-opony","9":"product_cat-opony-i-felgi","10":"product_cat-zimowe","12":"first","13":"instock","14":"sale","15":"shipping-taxable","16":"purchasable","17":"product-type-simple"},"uagb_featured_image_src":{"full":["https:\/\/oponixo.shop\/tire\/wp-content\/uploads\/2025\/12\/allegro-image-9749.jpg",500,500,false],"thumbnail":["https:\/\/oponixo.shop\/tire\/wp-content\/uploads\/2025\/12\/allegro-image-9749-150x150.jpg",150,150,true],"medium":["https:\/\/oponixo.shop\/tire\/wp-content\/uploads\/2025\/12\/allegro-image-9749-300x300.jpg",300,300,true],"medium_large":["https:\/\/oponixo.shop\/tire\/wp-content\/uploads\/2025\/12\/allegro-image-9749.jpg",500,500,false],"large":["https:\/\/oponixo.shop\/tire\/wp-content\/uploads\/2025\/12\/allegro-image-9749.jpg",500,500,false],"1536x1536":["https:\/\/oponixo.shop\/tire\/wp-content\/uploads\/2025\/12\/allegro-image-9749.jpg",500,500,false],"2048x2048":["https:\/\/oponixo.shop\/tire\/wp-content\/uploads\/2025\/12\/allegro-image-9749.jpg",500,500,false],"woocommerce_thumbnail":["https:\/\/oponixo.shop\/tire\/wp-content\/uploads\/2025\/12\/allegro-image-9749-300x300.jpg",300,300,true],"woocommerce_single":["https:\/\/oponixo.shop\/tire\/wp-content\/uploads\/2025\/12\/allegro-image-9749.jpg",500,500,false],"woocommerce_gallery_thumbnail":["https:\/\/oponixo.shop\/tire\/wp-content\/uploads\/2025\/12\/allegro-image-9749-100x100.jpg",100,100,true]},"uagb_author_info":{"display_name":"admin","author_link":"https:\/\/oponixo.shop\/tire\/author\/"},"uagb_comment_info":0,"uagb_excerpt":"2x Opona zimowa Windforce SNOWBLAZER UHP 225\/50R17 98V XL Marka: Windforce Liczba opon w ofercie: 2 szt. Sezon: Zimowe Model: SNOWBLAZER UHP Szeroko\u015b\u0107: 225 Profil: 50 \u015arednica: 17","_links":{"self":[{"href":"https:\/\/oponixo.shop\/tire\/wp-json\/wp\/v2\/product\/9749","targetHints":{"allow":["GET"]}}],"collection":[{"href":"https:\/\/oponixo.shop\/tire\/wp-json\/wp\/v2\/product"}],"about":[{"href":"https:\/\/oponixo.shop\/tire\/wp-json\/wp\/v2\/types\/product"}],"wp:featuredmedia":[{"embeddable":true,"href":"https:\/\/oponixo.shop\/tire\/wp-json\/wp\/v2\/media\/9750"}],"wp:attachment":[{"href":"https:\/\/oponixo.shop\/tire\/wp-json\/wp\/v2\/media?parent=9749"}],"wp:term":[{"taxonomy":"product_brand","embeddable":true,"href":"https:\/\/oponixo.shop\/tire\/wp-json\/wp\/v2\/product_brand?post=9749"},{"taxonomy":"product_cat","embeddable":true,"href":"https:\/\/oponixo.shop\/tire\/wp-json\/wp\/v2\/product_cat?post=9749"},{"taxonomy":"product_tag","embeddable":true,"href":"https:\/\/oponixo.shop\/tire\/wp-json\/wp\/v2\/product_tag?post=9749"}],"curies":[{"name":"wp","href":"https:\/\/api.w.org\/{rel}","templated":true}]}}