{"id":9775,"date":"2025-12-25T07:51:45","date_gmt":"2025-12-25T07:51:45","guid":{"rendered":"https:\/\/oponyexpert.shop\/xef5\/produkt\/2x-hankook-winter-icept-evo3-w330-215-60r17-96h\/"},"modified":"2025-12-25T07:51:46","modified_gmt":"2025-12-25T07:51:46","slug":"2x-hankook-winter-icept-evo3-w330-215-60r17-96h","status":"publish","type":"product","link":"https:\/\/oponixo.shop\/tire\/produkt\/2x-hankook-winter-icept-evo3-w330-215-60r17-96h\/","title":{"rendered":"2x Hankook Winter i*cept evo3 W330 215\/60R17 96H"},"content":{"rendered":"<div style=\"font-family: Arial, sans-serif; line-height: 1.6; color: #333; padding: 20px; clear: both; display: block; width: 100%; float: none; position: static; overflow: hidden;\">\n<div style=\"clear: both; display: block; margin: 10px 0;\">\n<div style=\"clear: both; display: block; margin: 10px 0;\">\n<div style=\"clear: both; display: block; margin: 10px 0;\">\n<h1>2x nowe opony zimowe HANKOOK WINTER I*CEPT EVO3 W330 215\/60R17 96H<\/h1>\n<p style=\"margin: 15px 0; line-height: 1.8; clear: both; display: block; width: 100%; float: none; position: static;\">Cechy produktu<\/p>\n<ul style=\"margin: 15px 0; padding-left: 20px; clear: both; display: block; width: 100%; float: none; position: static;\">\n<li style=\"margin: 5px 0; padding: 2px 0; clear: both; display: list-item; float: none; position: static;\">Marka: Hankook<\/li>\n<li style=\"margin: 5px 0; padding: 2px 0; clear: both; display: list-item; float: none; position: static;\">Model: Winter i*cept evo3 W330<\/li>\n<li style=\"margin: 5px 0; padding: 2px 0; clear: both; display: list-item; float: none; position: static;\">Szeroko\u015b\u0107\/profil\/\u015brednica: 215\/60R17<\/li>\n<li style=\"margin: 5px 0; padding: 2px 0; clear: both; display: list-item; float: none; position: static;\">Indeks no\u015bno\u015bci: do 96 (710 kg na opon\u0119)<\/li>\n<li style=\"margin: 5px 0; padding: 2px 0; clear: both; display: list-item; float: none; position: static;\">Indeks pr\u0119dko\u015bci: H (do 210 km\/h)<\/li>\n<li style=\"margin: 5px 0; padding: 2px 0; clear: both; display: list-item; float: none; position: static;\">Sezon: zimowe<\/li>\n<li style=\"margin: 5px 0; padding: 2px 0; clear: both; display: list-item; float: none; position: static;\">Typ pojazdu: osobowy<\/li>\n<li style=\"margin: 5px 0; padding: 2px 0; clear: both; display: list-item; float: none; position: static;\">Klasa energetyczna: C<\/li>\n<li style=\"margin: 5px 0; padding: 2px 0; clear: both; display: list-item; float: none; position: static;\">Klasa przyczepno\u015bci: B<\/li>\n<li style=\"margin: 5px 0; padding: 2px 0; clear: both; display: list-item; float: none; position: static;\">Poziom ha\u0142asu: 72<\/li>\n<li style=\"margin: 5px 0; padding: 2px 0; clear: both; display: list-item; float: none; position: static;\">Klasa ha\u0142asu: B<\/li>\n<li style=\"margin: 5px 0; padding: 2px 0; clear: both; display: list-item; float: none; position: static;\">Rok produkcji: 2025<\/li>\n<\/ul>\n<\/div>\n<\/div>\n<div style=\"clear: both; display: block; margin: 10px 0;\">\n<div style=\"clear: both; display: block; margin: 10px 0;\">\n<div  style=\"max-width:800px;max-height:800px\">\n<div style=\"clear: both; display: block; margin: 10px 0;\">\n<div style=\"clear: both; width: 100%; display: block; margin: 20px 0; padding: 0; float: none; position: static; text-align: center;\"><img decoding=\"async\"  src=\"https:\/\/a.allegroimg.com\/original\/1128b1\/362f924d4016a20e14e7026e2ea9\/2x-Hankook-Winter-i-cept-evo3-W330-215-60R17-96H\" srcset=\"https:\/\/a.allegroimg.com\/original\/1128b1\/362f924d4016a20e14e7026e2ea9\/2x-Hankook-Winter-i-cept-evo3-W330-215-60R17-96H 360w,https:\/\/a.allegroimg.com\/original\/1128b1\/362f924d4016a20e14e7026e2ea9\/2x-Hankook-Winter-i-cept-evo3-W330-215-60R17-96H 720w,https:\/\/a.allegroimg.com\/original\/1128b1\/362f924d4016a20e14e7026e2ea9\/2x-Hankook-Winter-i-cept-evo3-W330-215-60R17-96H 800w,https:\/\/a.allegroimg.com\/original\/1128b1\/362f924d4016a20e14e7026e2ea9\/2x-Hankook-Winter-i-cept-evo3-W330-215-60R17-96H 800w\" sizes=\"(min-width: 1200px) 560px, (min-width: 992px) 50vw, 100vw\" width=\"800px\" alt=\"2x Hankook Winter i*cept evo3 W330 215\/60R17 96H\"\/ style=\"max-width: 100%; height: auto; display: block; margin: 0 auto;\"><\/div>\n<\/div>\n<\/div>\n<\/div>\n<\/div>\n<\/div>\n<div style=\"clear: both; display: block; margin: 10px 0;\">\n<div style=\"clear: both; display: block; margin: 10px 0;\">\n<div style=\"clear: both; display: block; margin: 10px 0;\">\n<div  style=\"max-width:212px;max-height:305px\">\n<div style=\"clear: both; display: block; margin: 10px 0;\">\n<div style=\"clear: both; width: 100%; display: block; margin: 20px 0; padding: 0; float: none; position: static; text-align: center;\"><img decoding=\"async\"  src=\"https:\/\/a.allegroimg.com\/original\/11ceb0\/88a108334c5fb8c81609d69630ae\/2x-Hankook-Winter-i-cept-evo3-W330-215-60R17-96H-Liczba-opon-w-ofercie-2-szt\" srcset=\"https:\/\/a.allegroimg.com\/original\/11ceb0\/88a108334c5fb8c81609d69630ae\/2x-Hankook-Winter-i-cept-evo3-W330-215-60R17-96H-Liczba-opon-w-ofercie-2-szt 212w,https:\/\/a.allegroimg.com\/original\/11ceb0\/88a108334c5fb8c81609d69630ae\/2x-Hankook-Winter-i-cept-evo3-W330-215-60R17-96H-Liczba-opon-w-ofercie-2-szt 212w\" sizes=\"(min-width: 1200px) 560px, (min-width: 992px) 50vw, 100vw\" width=\"212px\" alt=\"2x Hankook Winter i*cept evo3 W330 215\/60R17 96H Liczba opon w ofercie 2 szt.\"\/ style=\"max-width: 100%; height: auto; display: block; margin: 0 auto;\"><\/div>\n<\/div>\n<\/div>\n<\/div>\n<\/div>\n<div style=\"clear: both; display: block; margin: 10px 0;\">\n<div style=\"clear: both; display: block; margin: 10px 0;\">\n<div  style=\"max-width:2250px;max-height:422px\">\n<div style=\"clear: both; display: block; margin: 10px 0;\">\n<div style=\"clear: both; width: 100%; display: block; margin: 20px 0; padding: 0; float: none; position: static; text-align: center;\"><img decoding=\"async\"  src=\"https:\/\/a.allegroimg.com\/original\/11e1b3\/c0461cc24343a82b5b90694df5bd\/2x-Hankook-Winter-i-cept-evo3-W330-215-60R17-96H-Rok-produkcji-2025\" srcset=\"https:\/\/a.allegroimg.com\/original\/11e1b3\/c0461cc24343a82b5b90694df5bd\/2x-Hankook-Winter-i-cept-evo3-W330-215-60R17-96H-Rok-produkcji-2025 360w,https:\/\/a.allegroimg.com\/original\/11e1b3\/c0461cc24343a82b5b90694df5bd\/2x-Hankook-Winter-i-cept-evo3-W330-215-60R17-96H-Rok-produkcji-2025 720w,https:\/\/a.allegroimg.com\/original\/11e1b3\/c0461cc24343a82b5b90694df5bd\/2x-Hankook-Winter-i-cept-evo3-W330-215-60R17-96H-Rok-produkcji-2025 1024w,https:\/\/a.allegroimg.com\/original\/11e1b3\/c0461cc24343a82b5b90694df5bd\/2x-Hankook-Winter-i-cept-evo3-W330-215-60R17-96H-Rok-produkcji-2025 1440w,https:\/\/a.allegroimg.com\/original\/11e1b3\/c0461cc24343a82b5b90694df5bd\/2x-Hankook-Winter-i-cept-evo3-W330-215-60R17-96H-Rok-produkcji-2025 2250w\" sizes=\"(min-width: 1200px) 560px, (min-width: 992px) 50vw, 100vw\" width=\"2250px\" alt=\"2x Hankook Winter i*cept evo3 W330 215\/60R17 96H Rok produkcji 2025\"\/ style=\"max-width: 100%; height: auto; display: block; margin: 0 auto;\"><\/div>\n<\/div>\n<\/div>\n<\/div>\n<\/div>\n<\/div>\n<div style=\"clear: both; display: block; margin: 10px 0;\">\n<div style=\"clear: both; display: block; margin: 10px 0;\">\n<div style=\"clear: both; display: block; margin: 10px 0;\">\n<p style=\"margin: 15px 0; line-height: 1.8; clear: both; display: block; width: 100%; float: none; position: static;\">Firma Hankook wywodzi si\u0119 z Korei Po\u0142udniowej, jej pocz\u0105tki przypadaj\u0105 na 1941 rok, a obecnie plasuje si\u0119 na 7 miejscu w\u015br\u00f3d \u015bwiatowych producent\u00f3w opon. Opony Hankook ciesz\u0105 si\u0119 rosn\u0105cym zainteresowaniem w\u015br\u00f3d kierowc\u00f3w na ca\u0142ym \u015bwiecie ze wzgl\u0119du na wysok\u0105 jako\u015b\u0107 i bardzo atrakcyjn\u0105 cen\u0119. Opony s\u0105 produkowane w 8 fabrykach na ca\u0142ym \u015bwiecie: w Korei (2), w Chinach (3), na W\u0119grzech i w Indonezji, a ich zdolno\u015bci produkcyjne to niespe\u0142na 100 milion\u00f3w opon rocznie. Hankook zatrudnia ponad 22000 pracownik\u00f3w, a opony sprzedawane s\u0105 w 180 krajach na ca\u0142ym \u015bwiecie<\/p>\n<p style=\"margin: 15px 0; line-height: 1.8; clear: both; display: block; width: 100%; float: none; position: static;\">Firma Hankook jest oficjalnym sponsorem Realu Madryt oraz Ligi Europy UEFA<\/p>\n<\/div>\n<\/div>\n<\/div>\n<\/div>\n<\/div>\n<\/div>\n<div style=\"clear: both; display: block; margin: 10px 0;\">\n","protected":false},"excerpt":{"rendered":"<p>2x nowe opony zimowe HANKOOK WINTER I*CEPT EVO3 W330 215\/60R17 96H<\/p>\n<p>Cechy produktu<\/p>\n<p>Marka: Hankook<\/p>\n<p>Model: Winter i*cept evo3 W330<\/p>\n<p>Szeroko\u015b\u0107\/profil\/\u015brednica: 215\/60R17<\/p>\n<p>Indeks no\u015bno\u015bci: do 96 (710 kg na opon\u0119)<\/p>\n<p>Indeks pr\u0119dko\u015bci: H (do 210 km\/h)<\/p>\n<p>Sezon: zimowe<\/p>\n","protected":false},"featured_media":9776,"template":"","meta":{"_uag_custom_page_level_css":""},"product_brand":[411],"product_cat":[428,413,412,415],"product_tag":[],"class_list":{"0":"post-9775","1":"product","2":"type-product","3":"status-publish","4":"has-post-thumbnail","6":"product_brand-hankook","7":"product_cat-do-samochodow-terenowych-i-4x4","8":"product_cat-opony","9":"product_cat-opony-i-felgi","10":"product_cat-zimowe","12":"first","13":"instock","14":"sale","15":"shipping-taxable","16":"purchasable","17":"product-type-simple"},"uagb_featured_image_src":{"full":["https:\/\/oponixo.shop\/tire\/wp-content\/uploads\/2025\/12\/allegro-image-9775.jpg",800,800,false],"thumbnail":["https:\/\/oponixo.shop\/tire\/wp-content\/uploads\/2025\/12\/allegro-image-9775-150x150.jpg",150,150,true],"medium":["https:\/\/oponixo.shop\/tire\/wp-content\/uploads\/2025\/12\/allegro-image-9775-300x300.jpg",300,300,true],"medium_large":["https:\/\/oponixo.shop\/tire\/wp-content\/uploads\/2025\/12\/allegro-image-9775-768x768.jpg",768,768,true],"large":["https:\/\/oponixo.shop\/tire\/wp-content\/uploads\/2025\/12\/allegro-image-9775.jpg",800,800,false],"1536x1536":["https:\/\/oponixo.shop\/tire\/wp-content\/uploads\/2025\/12\/allegro-image-9775.jpg",800,800,false],"2048x2048":["https:\/\/oponixo.shop\/tire\/wp-content\/uploads\/2025\/12\/allegro-image-9775.jpg",800,800,false],"woocommerce_thumbnail":["https:\/\/oponixo.shop\/tire\/wp-content\/uploads\/2025\/12\/allegro-image-9775-300x300.jpg",300,300,true],"woocommerce_single":["https:\/\/oponixo.shop\/tire\/wp-content\/uploads\/2025\/12\/allegro-image-9775-600x600.jpg",600,600,true],"woocommerce_gallery_thumbnail":["https:\/\/oponixo.shop\/tire\/wp-content\/uploads\/2025\/12\/allegro-image-9775-100x100.jpg",100,100,true]},"uagb_author_info":{"display_name":"admin","author_link":"https:\/\/oponixo.shop\/tire\/author\/"},"uagb_comment_info":0,"uagb_excerpt":"2x nowe opony zimowe HANKOOK WINTER I*CEPT EVO3 W330 215\/60R17 96H Cechy produktu Marka: Hankook Model: Winter i*cept evo3 W330 Szeroko\u015b\u0107\/profil\/\u015brednica: 215\/60R17 Indeks no\u015bno\u015bci: do 96 (710 kg na opon\u0119) Indeks pr\u0119dko\u015bci: H (do 210 km\/h) Sezon: zimowe","_links":{"self":[{"href":"https:\/\/oponixo.shop\/tire\/wp-json\/wp\/v2\/product\/9775","targetHints":{"allow":["GET"]}}],"collection":[{"href":"https:\/\/oponixo.shop\/tire\/wp-json\/wp\/v2\/product"}],"about":[{"href":"https:\/\/oponixo.shop\/tire\/wp-json\/wp\/v2\/types\/product"}],"wp:featuredmedia":[{"embeddable":true,"href":"https:\/\/oponixo.shop\/tire\/wp-json\/wp\/v2\/media\/9776"}],"wp:attachment":[{"href":"https:\/\/oponixo.shop\/tire\/wp-json\/wp\/v2\/media?parent=9775"}],"wp:term":[{"taxonomy":"product_brand","embeddable":true,"href":"https:\/\/oponixo.shop\/tire\/wp-json\/wp\/v2\/product_brand?post=9775"},{"taxonomy":"product_cat","embeddable":true,"href":"https:\/\/oponixo.shop\/tire\/wp-json\/wp\/v2\/product_cat?post=9775"},{"taxonomy":"product_tag","embeddable":true,"href":"https:\/\/oponixo.shop\/tire\/wp-json\/wp\/v2\/product_tag?post=9775"}],"curies":[{"name":"wp","href":"https:\/\/api.w.org\/{rel}","templated":true}]}}