{"id":9815,"date":"2025-12-25T07:58:14","date_gmt":"2025-12-25T07:58:14","guid":{"rendered":"https:\/\/oponyexpert.shop\/xef5\/produkt\/2x-235-45r18-sw608-goodride-98v-xl-zimowe-nowe\/"},"modified":"2025-12-25T07:58:15","modified_gmt":"2025-12-25T07:58:15","slug":"2x-235-45r18-sw608-goodride-98v-xl-zimowe-nowe","status":"publish","type":"product","link":"https:\/\/oponixo.shop\/tire\/produkt\/2x-235-45r18-sw608-goodride-98v-xl-zimowe-nowe\/","title":{"rendered":"2x 235\/45R18 SW608 Goodride 98V XL zimowe nowe"},"content":{"rendered":"<div style=\"font-family: Arial, sans-serif; line-height: 1.6; color: #333; padding: 20px; clear: both; display: block; width: 100%; float: none; position: static; overflow: hidden;\">\n<div style=\"clear: both; display: block; margin: 10px 0;\">\n<div style=\"clear: both; display: block; margin: 10px 0;\">\n<div style=\"clear: both; display: block; margin: 10px 0;\">\n<div  style=\"max-width:1440px;max-height:262px\">\n<div style=\"clear: both; display: block; margin: 10px 0;\">\n<div style=\"clear: both; width: 100%; display: block; margin: 20px 0; padding: 0; float: none; position: static; text-align: center;\"><img decoding=\"async\"  src=\"https:\/\/a.allegroimg.com\/original\/116acb\/4f0eb40c4d7c99b4d56d814b2b99\/2x-235-45R18-SW608-Goodride-98V-XL-zimowe-nowe-Model-SW608-Snowmaster\" srcset=\"https:\/\/a.allegroimg.com\/original\/116acb\/4f0eb40c4d7c99b4d56d814b2b99\/2x-235-45R18-SW608-Goodride-98V-XL-zimowe-nowe-Model-SW608-Snowmaster 360w,https:\/\/a.allegroimg.com\/original\/116acb\/4f0eb40c4d7c99b4d56d814b2b99\/2x-235-45R18-SW608-Goodride-98V-XL-zimowe-nowe-Model-SW608-Snowmaster 720w,https:\/\/a.allegroimg.com\/original\/116acb\/4f0eb40c4d7c99b4d56d814b2b99\/2x-235-45R18-SW608-Goodride-98V-XL-zimowe-nowe-Model-SW608-Snowmaster 1024w,https:\/\/a.allegroimg.com\/original\/116acb\/4f0eb40c4d7c99b4d56d814b2b99\/2x-235-45R18-SW608-Goodride-98V-XL-zimowe-nowe-Model-SW608-Snowmaster 1440w,https:\/\/a.allegroimg.com\/original\/116acb\/4f0eb40c4d7c99b4d56d814b2b99\/2x-235-45R18-SW608-Goodride-98V-XL-zimowe-nowe-Model-SW608-Snowmaster 1440w\" sizes=\"100vw\" width=\"1440px\" alt=\"2x 235\/45R18 SW608 Goodride 98V XL zimowe nowe Model SW608 Snowmaster\"\/ style=\"max-width: 100%; height: auto; display: block; margin: 0 auto;\"><\/div>\n<\/div>\n<\/div>\n<\/div>\n<\/div>\n<\/div>\n<div style=\"clear: both; display: block; margin: 10px 0;\">\n<div style=\"clear: both; display: block; margin: 10px 0;\">\n<div style=\"clear: both; display: block; margin: 10px 0;\">\n<h2>Przedmiot aukcji: 2 opony zimowe Goodride<\/h2>\n<p style=\"margin: 15px 0; line-height: 1.8; clear: both; display: block; width: 100%; float: none; position: static;\">Rozmiar: <b>235\/45R18<\/b><\/p>\n<p style=\"margin: 15px 0; line-height: 1.8; clear: both; display: block; width: 100%; float: none; position: static;\">Indeksy pr\u0119dko\u015bci i no\u015bno\u015bci:&nbsp;<b>98V (do 240 km\/h)<\/b><\/p>\n<p style=\"margin: 15px 0; line-height: 1.8; clear: both; display: block; width: 100%; float: none; position: static;\">Marka: <b>Goodride<\/b><\/p>\n<p style=\"margin: 15px 0; line-height: 1.8; clear: both; display: block; width: 100%; float: none; position: static;\">Rok produkcji:&nbsp;<b>2025<\/b><\/p>\n<p style=\"margin: 15px 0; line-height: 1.8; clear: both; display: block; width: 100%; float: none; position: static;\">Sezon:&nbsp;<b>opony zimowe<\/b><\/p>\n<p style=\"margin: 15px 0; line-height: 1.8; clear: both; display: block; width: 100%; float: none; position: static;\">Segment:&nbsp;<b>klasa ekonomiczna<\/b><\/p>\n<h1>Nowoczesna, kierunkowa, atrakcyjna wizualnie rze\u017aba bie\u017cnika.<\/h1>\n<h3 style=\"color: #2c5aa0; font-size: 18px; margin: 30px 0 15px 0; font-weight: bold; clear: both; display: block; width: 100%; float: none; position: static;\">Zalety:<\/h3>\n<p style=\"margin: 15px 0; line-height: 1.8; clear: both; display: block; width: 100%; float: none; position: static;\">\u2705 Dobre odprowadzanie wody z czo\u0142a opony.<\/p>\n<p style=\"margin: 15px 0; line-height: 1.8; clear: both; display: block; width: 100%; float: none; position: static;\">\u2705 R\u00f3wnomierny rozk\u0142ad obci\u0105\u017ce\u0144.<\/p>\n<p style=\"margin: 15px 0; line-height: 1.8; clear: both; display: block; width: 100%; float: none; position: static;\">\u2705 Bardzo dobra kierowalno\u015b\u0107.<\/p>\n<p style=\"margin: 15px 0; line-height: 1.8; clear: both; display: block; width: 100%; float: none; position: static;\">\u2705 Atrakcyjna wizualnie, kierunkowa rze\u017aba bie\u017cnika.<\/p>\n<\/div>\n<\/div>\n<div style=\"clear: both; display: block; margin: 10px 0;\">\n<div style=\"clear: both; display: block; margin: 10px 0;\">\n<div  style=\"max-width:1743px;max-height:2500px\">\n<div style=\"clear: both; display: block; margin: 10px 0;\">\n<div style=\"clear: both; width: 100%; display: block; margin: 20px 0; padding: 0; float: none; position: static; text-align: center;\"><img decoding=\"async\"  src=\"https:\/\/a.allegroimg.com\/original\/114c3f\/19b84880450fa44f1606ef329cad\/2x-235-45R18-SW608-Goodride-98V-XL-zimowe-nowe-Kod-producenta-03010483301G15570201\" srcset=\"https:\/\/a.allegroimg.com\/original\/114c3f\/19b84880450fa44f1606ef329cad\/2x-235-45R18-SW608-Goodride-98V-XL-zimowe-nowe-Kod-producenta-03010483301G15570201 250w,https:\/\/a.allegroimg.com\/original\/114c3f\/19b84880450fa44f1606ef329cad\/2x-235-45R18-SW608-Goodride-98V-XL-zimowe-nowe-Kod-producenta-03010483301G15570201 501w,https:\/\/a.allegroimg.com\/original\/114c3f\/19b84880450fa44f1606ef329cad\/2x-235-45R18-SW608-Goodride-98V-XL-zimowe-nowe-Kod-producenta-03010483301G15570201 713w,https:\/\/a.allegroimg.com\/original\/114c3f\/19b84880450fa44f1606ef329cad\/2x-235-45R18-SW608-Goodride-98V-XL-zimowe-nowe-Kod-producenta-03010483301G15570201 1003w,https:\/\/a.allegroimg.com\/original\/114c3f\/19b84880450fa44f1606ef329cad\/2x-235-45R18-SW608-Goodride-98V-XL-zimowe-nowe-Kod-producenta-03010483301G15570201 1743w\" sizes=\"(min-width: 1200px) 560px, (min-width: 992px) 50vw, 100vw\" width=\"1743px\" alt=\"2x 235\/45R18 SW608 Goodride 98V XL zimowe nowe Kod producenta 03010483301G15570201\"\/ style=\"max-width: 100%; height: auto; display: block; margin: 0 auto;\"><\/div>\n<\/div>\n<\/div>\n<\/div>\n<\/div>\n<\/div>\n<div style=\"clear: both; display: block; margin: 10px 0;\">\n<div style=\"clear: both; display: block; margin: 10px 0;\">\n<div style=\"clear: both; display: block; margin: 10px 0;\">\n<div  style=\"max-width:1198px;max-height:2500px\">\n<div style=\"clear: both; display: block; margin: 10px 0;\">\n<div style=\"clear: both; width: 100%; display: block; margin: 20px 0; padding: 0; float: none; position: static; text-align: center;\"><img decoding=\"async\"  src=\"https:\/\/a.allegroimg.com\/original\/11cdf8\/54e69a11479892c61548e54f9ffe\/2x-235-45R18-SW608-Goodride-98V-XL-zimowe-nowe-Marka-Goodride\" srcset=\"https:\/\/a.allegroimg.com\/original\/11cdf8\/54e69a11479892c61548e54f9ffe\/2x-235-45R18-SW608-Goodride-98V-XL-zimowe-nowe-Marka-Goodride 172w,https:\/\/a.allegroimg.com\/original\/11cdf8\/54e69a11479892c61548e54f9ffe\/2x-235-45R18-SW608-Goodride-98V-XL-zimowe-nowe-Marka-Goodride 345w,https:\/\/a.allegroimg.com\/original\/11cdf8\/54e69a11479892c61548e54f9ffe\/2x-235-45R18-SW608-Goodride-98V-XL-zimowe-nowe-Marka-Goodride 490w,https:\/\/a.allegroimg.com\/original\/11cdf8\/54e69a11479892c61548e54f9ffe\/2x-235-45R18-SW608-Goodride-98V-XL-zimowe-nowe-Marka-Goodride 690w,https:\/\/a.allegroimg.com\/original\/11cdf8\/54e69a11479892c61548e54f9ffe\/2x-235-45R18-SW608-Goodride-98V-XL-zimowe-nowe-Marka-Goodride 1198w\" sizes=\"100vw\" width=\"1198px\" alt=\"2x 235\/45R18 SW608 Goodride 98V XL zimowe nowe Marka Goodride\"\/ style=\"max-width: 100%; height: auto; display: block; margin: 0 auto;\"><\/div>\n<\/div>\n<\/div>\n<\/div>\n<\/div>\n<\/div>\n<div style=\"clear: both; display: block; margin: 10px 0;\">\n<div style=\"clear: both; display: block; margin: 10px 0;\">\n<div style=\"clear: both; display: block; margin: 10px 0;\">\n<div  style=\"max-width:1200px;max-height:285px\">\n<div style=\"clear: both; display: block; margin: 10px 0;\">\n<div style=\"clear: both; width: 100%; display: block; margin: 20px 0; padding: 0; float: none; position: static; text-align: center;\"><img decoding=\"async\"  src=\"https:\/\/a.allegroimg.com\/original\/11de2e\/baf25f624300b82e3760be27522a\/2x-235-45R18-SW608-Goodride-98V-XL-zimowe-nowe-Klasa-ekonomiczna\" srcset=\"https:\/\/a.allegroimg.com\/original\/11de2e\/baf25f624300b82e3760be27522a\/2x-235-45R18-SW608-Goodride-98V-XL-zimowe-nowe-Klasa-ekonomiczna 360w,https:\/\/a.allegroimg.com\/original\/11de2e\/baf25f624300b82e3760be27522a\/2x-235-45R18-SW608-Goodride-98V-XL-zimowe-nowe-Klasa-ekonomiczna 720w,https:\/\/a.allegroimg.com\/original\/11de2e\/baf25f624300b82e3760be27522a\/2x-235-45R18-SW608-Goodride-98V-XL-zimowe-nowe-Klasa-ekonomiczna 1024w,https:\/\/a.allegroimg.com\/original\/11de2e\/baf25f624300b82e3760be27522a\/2x-235-45R18-SW608-Goodride-98V-XL-zimowe-nowe-Klasa-ekonomiczna 1200w,https:\/\/a.allegroimg.com\/original\/11de2e\/baf25f624300b82e3760be27522a\/2x-235-45R18-SW608-Goodride-98V-XL-zimowe-nowe-Klasa-ekonomiczna 1200w\" sizes=\"100vw\" width=\"1200px\" alt=\"2x 235\/45R18 SW608 Goodride 98V XL zimowe nowe Klasa ekonomiczna\"\/ style=\"max-width: 100%; height: auto; display: block; margin: 0 auto;\"><\/div>\n<\/div>\n<\/div>\n<\/div>\n<\/div>\n<\/div>\n<div style=\"clear: both; display: block; margin: 10px 0;\">\n<div style=\"clear: both; display: block; margin: 10px 0;\">\n<div style=\"clear: both; display: block; margin: 10px 0;\">\n<p style=\"margin: 15px 0; line-height: 1.8; clear: both; display: block; width: 100%; float: none; position: static;\">[6938112607883GD][6938112607883GD]<\/p>\n<\/div>\n<\/div>\n<\/div>\n<\/div>\n<\/div>\n<\/div>\n<div style=\"clear: both; display: block; margin: 10px 0;\">\n","protected":false},"excerpt":{"rendered":"<p>Przedmiot aukcji: 2 opony zimowe Goodride<\/p>\n<p>Rozmiar: 235\/45R18<\/p>\n<p>Indeksy pr\u0119dko\u015bci i no\u015bno\u015bci:&nbsp;98V (do 240 km\/h)<\/p>\n<p>Marka: Goodride<\/p>\n<p>Rok produkcji:&nbsp;2025<\/p>\n<p>Sezon:&nbsp;opony zimowe<\/p>\n<p>Segment:&nbsp;klasa ekonomiczna<\/p>\n<p>Nowoczesna, kierunkowa, atrakcyjna wizualnie rze\u017aba bie\u017cnika.<\/p>\n","protected":false},"featured_media":9816,"template":"","meta":{"_uag_custom_page_level_css":""},"product_brand":[379],"product_cat":[414,413,412,415],"product_tag":[],"class_list":{"0":"post-9815","1":"product","2":"type-product","3":"status-publish","4":"has-post-thumbnail","6":"product_brand-goodride","7":"product_cat-do-samochodow-osobowych-i-suv","8":"product_cat-opony","9":"product_cat-opony-i-felgi","10":"product_cat-zimowe","12":"first","13":"instock","14":"sale","15":"shipping-taxable","16":"purchasable","17":"product-type-simple"},"uagb_featured_image_src":{"full":["https:\/\/oponixo.shop\/tire\/wp-content\/uploads\/2025\/12\/allegro-image-9815.jpg",2000,2000,false],"thumbnail":["https:\/\/oponixo.shop\/tire\/wp-content\/uploads\/2025\/12\/allegro-image-9815-150x150.jpg",150,150,true],"medium":["https:\/\/oponixo.shop\/tire\/wp-content\/uploads\/2025\/12\/allegro-image-9815-300x300.jpg",300,300,true],"medium_large":["https:\/\/oponixo.shop\/tire\/wp-content\/uploads\/2025\/12\/allegro-image-9815-768x768.jpg",768,768,true],"large":["https:\/\/oponixo.shop\/tire\/wp-content\/uploads\/2025\/12\/allegro-image-9815-1024x1024.jpg",1024,1024,true],"1536x1536":["https:\/\/oponixo.shop\/tire\/wp-content\/uploads\/2025\/12\/allegro-image-9815-1536x1536.jpg",1536,1536,true],"2048x2048":["https:\/\/oponixo.shop\/tire\/wp-content\/uploads\/2025\/12\/allegro-image-9815.jpg",2000,2000,false],"woocommerce_thumbnail":["https:\/\/oponixo.shop\/tire\/wp-content\/uploads\/2025\/12\/allegro-image-9815-300x300.jpg",300,300,true],"woocommerce_single":["https:\/\/oponixo.shop\/tire\/wp-content\/uploads\/2025\/12\/allegro-image-9815-600x600.jpg",600,600,true],"woocommerce_gallery_thumbnail":["https:\/\/oponixo.shop\/tire\/wp-content\/uploads\/2025\/12\/allegro-image-9815-100x100.jpg",100,100,true]},"uagb_author_info":{"display_name":"admin","author_link":"https:\/\/oponixo.shop\/tire\/author\/"},"uagb_comment_info":0,"uagb_excerpt":"Przedmiot aukcji: 2 opony zimowe Goodride Rozmiar: 235\/45R18 Indeksy pr\u0119dko\u015bci i no\u015bno\u015bci:&nbsp;98V (do 240 km\/h) Marka: Goodride Rok produkcji:&nbsp;2025 Sezon:&nbsp;opony zimowe Segment:&nbsp;klasa ekonomiczna Nowoczesna, kierunkowa, atrakcyjna wizualnie rze\u017aba bie\u017cnika.","_links":{"self":[{"href":"https:\/\/oponixo.shop\/tire\/wp-json\/wp\/v2\/product\/9815","targetHints":{"allow":["GET"]}}],"collection":[{"href":"https:\/\/oponixo.shop\/tire\/wp-json\/wp\/v2\/product"}],"about":[{"href":"https:\/\/oponixo.shop\/tire\/wp-json\/wp\/v2\/types\/product"}],"wp:featuredmedia":[{"embeddable":true,"href":"https:\/\/oponixo.shop\/tire\/wp-json\/wp\/v2\/media\/9816"}],"wp:attachment":[{"href":"https:\/\/oponixo.shop\/tire\/wp-json\/wp\/v2\/media?parent=9815"}],"wp:term":[{"taxonomy":"product_brand","embeddable":true,"href":"https:\/\/oponixo.shop\/tire\/wp-json\/wp\/v2\/product_brand?post=9815"},{"taxonomy":"product_cat","embeddable":true,"href":"https:\/\/oponixo.shop\/tire\/wp-json\/wp\/v2\/product_cat?post=9815"},{"taxonomy":"product_tag","embeddable":true,"href":"https:\/\/oponixo.shop\/tire\/wp-json\/wp\/v2\/product_tag?post=9815"}],"curies":[{"name":"wp","href":"https:\/\/api.w.org\/{rel}","templated":true}]}}