{"id":9843,"date":"2025-12-25T07:58:22","date_gmt":"2025-12-25T07:58:22","guid":{"rendered":"https:\/\/oponyexpert.shop\/xef5\/produkt\/2x-opony-zimowe-245-45r18-100v-xl-frigo-hp2-debica-2023\/"},"modified":"2025-12-25T07:58:23","modified_gmt":"2025-12-25T07:58:23","slug":"2x-opony-zimowe-245-45r18-100v-xl-frigo-hp2-debica-2023","status":"publish","type":"product","link":"https:\/\/oponixo.shop\/tire\/produkt\/2x-opony-zimowe-245-45r18-100v-xl-frigo-hp2-debica-2023\/","title":{"rendered":"2x Opony zimowe 245\/45R18 100V XL Frigo HP2 D\u0118BICA 2023"},"content":{"rendered":"<div style=\"font-family: Arial, sans-serif; line-height: 1.6; color: #333; padding: 20px; clear: both; display: block; width: 100%; float: none; position: static; overflow: hidden;\">\n<div style=\"clear: both; display: block; margin: 10px 0;\">\n<div style=\"clear: both; display: block; margin: 10px 0;\">\n<div style=\"clear: both; display: block; margin: 10px 0;\">\n<h1>2x Opony zimowe 245\/45R18 100V XL Frigo HP2 D\u0118BICA 2023<\/h1>\n<\/div>\n<\/div>\n<\/div>\n<div style=\"clear: both; display: block; margin: 10px 0;\">\n<div style=\"clear: both; display: block; margin: 10px 0;\">\n<div style=\"clear: both; display: block; margin: 10px 0;\">\n<div  style=\"max-width:1440px;max-height:100px\">\n<div style=\"clear: both; display: block; margin: 10px 0;\">\n<div style=\"clear: both; width: 100%; display: block; margin: 20px 0; padding: 0; float: none; position: static; text-align: center;\"><img decoding=\"async\"  src=\"https:\/\/a.allegroimg.com\/original\/1102b7\/0fb0f6624cc2a47723801a108c17\/2x-Opony-zimowe-245-45R18-100V-XL-Frigo-HP2-DEBICA-2023-Profil-opony-45\" srcset=\"https:\/\/a.allegroimg.com\/original\/1102b7\/0fb0f6624cc2a47723801a108c17\/2x-Opony-zimowe-245-45R18-100V-XL-Frigo-HP2-DEBICA-2023-Profil-opony-45 360w,https:\/\/a.allegroimg.com\/original\/1102b7\/0fb0f6624cc2a47723801a108c17\/2x-Opony-zimowe-245-45R18-100V-XL-Frigo-HP2-DEBICA-2023-Profil-opony-45 720w,https:\/\/a.allegroimg.com\/original\/1102b7\/0fb0f6624cc2a47723801a108c17\/2x-Opony-zimowe-245-45R18-100V-XL-Frigo-HP2-DEBICA-2023-Profil-opony-45 1024w,https:\/\/a.allegroimg.com\/original\/1102b7\/0fb0f6624cc2a47723801a108c17\/2x-Opony-zimowe-245-45R18-100V-XL-Frigo-HP2-DEBICA-2023-Profil-opony-45 1440w,https:\/\/a.allegroimg.com\/original\/1102b7\/0fb0f6624cc2a47723801a108c17\/2x-Opony-zimowe-245-45R18-100V-XL-Frigo-HP2-DEBICA-2023-Profil-opony-45 1440w\" sizes=\"100vw\" width=\"1440px\" alt=\"2x Opony zimowe 245\/45R18 100V XL Frigo HP2 D\u0118BICA 2023 Profil opony 45\"\/ style=\"max-width: 100%; height: auto; display: block; margin: 0 auto;\"><\/div>\n<\/div>\n<\/div>\n<\/div>\n<\/div>\n<\/div>\n<div style=\"clear: both; display: block; margin: 10px 0;\">\n<div style=\"clear: both; display: block; margin: 10px 0;\">\n<div style=\"clear: both; display: block; margin: 10px 0;\">\n<div  style=\"max-width:1555px;max-height:2560px\">\n<div style=\"clear: both; display: block; margin: 10px 0;\">\n<div style=\"clear: both; width: 100%; display: block; margin: 20px 0; padding: 0; float: none; position: static; text-align: center;\"><img decoding=\"async\"  src=\"https:\/\/a.allegroimg.com\/original\/11bca3\/1b86198a49d7994cf351ff494a64\/2x-Opony-zimowe-245-45R18-100V-XL-Frigo-HP2-DEBICA-2023-Liczba-opon-w-ofercie-2-szt\" srcset=\"https:\/\/a.allegroimg.com\/original\/11bca3\/1b86198a49d7994cf351ff494a64\/2x-Opony-zimowe-245-45R18-100V-XL-Frigo-HP2-DEBICA-2023-Liczba-opon-w-ofercie-2-szt 218w,https:\/\/a.allegroimg.com\/original\/11bca3\/1b86198a49d7994cf351ff494a64\/2x-Opony-zimowe-245-45R18-100V-XL-Frigo-HP2-DEBICA-2023-Liczba-opon-w-ofercie-2-szt 437w,https:\/\/a.allegroimg.com\/original\/11bca3\/1b86198a49d7994cf351ff494a64\/2x-Opony-zimowe-245-45R18-100V-XL-Frigo-HP2-DEBICA-2023-Liczba-opon-w-ofercie-2-szt 622w,https:\/\/a.allegroimg.com\/original\/11bca3\/1b86198a49d7994cf351ff494a64\/2x-Opony-zimowe-245-45R18-100V-XL-Frigo-HP2-DEBICA-2023-Liczba-opon-w-ofercie-2-szt 874w,https:\/\/a.allegroimg.com\/original\/11bca3\/1b86198a49d7994cf351ff494a64\/2x-Opony-zimowe-245-45R18-100V-XL-Frigo-HP2-DEBICA-2023-Liczba-opon-w-ofercie-2-szt 1555w\" sizes=\"(min-width: 1200px) 560px, (min-width: 992px) 50vw, 100vw\" width=\"1555px\" alt=\"2x Opony zimowe 245\/45R18 100V XL Frigo HP2 D\u0118BICA 2023 Liczba opon w ofercie 2 szt.\"\/ style=\"max-width: 100%; height: auto; display: block; margin: 0 auto;\"><\/div>\n<\/div>\n<\/div>\n<\/div>\n<\/div>\n<div style=\"clear: both; display: block; margin: 10px 0;\">\n<div style=\"clear: both; display: block; margin: 10px 0;\">\n<h1>D\u0118BICA Frigo HP2 245\/45R18<\/h1>\n<h3 style=\"color: #2c5aa0; font-size: 18px; margin: 30px 0 15px 0; font-weight: bold; clear: both; display: block; width: 100%; float: none; position: static;\">Dane podstawowe<\/h3>\n<p style=\"margin: 15px 0; line-height: 1.8; clear: both; display: block; width: 100%; float: none; position: static;\"><b>Stan:<\/b> Opony fabrycznie nowe<\/p>\n<p style=\"margin: 15px 0; line-height: 1.8; clear: both; display: block; width: 100%; float: none; position: static;\"><b>Producent:<\/b> D\u0118BICA<\/p>\n<p style=\"margin: 15px 0; line-height: 1.8; clear: both; display: block; width: 100%; float: none; position: static;\"><b>Model:<\/b> Frigo HP2<\/p>\n<p style=\"margin: 15px 0; line-height: 1.8; clear: both; display: block; width: 100%; float: none; position: static;\"><b>Klasa opon:<\/b> Ekonomiczna<\/p>\n<p style=\"margin: 15px 0; line-height: 1.8; clear: both; display: block; width: 100%; float: none; position: static;\"><b>Sezon:<\/b> Opony zimowe<\/p>\n<p style=\"margin: 15px 0; line-height: 1.8; clear: both; display: block; width: 100%; float: none; position: static;\"><b>Szeroko\u015b\u0107:<\/b> 245<\/p>\n<p style=\"margin: 15px 0; line-height: 1.8; clear: both; display: block; width: 100%; float: none; position: static;\"><b>Profil:<\/b> 45<\/p>\n<p style=\"margin: 15px 0; line-height: 1.8; clear: both; display: block; width: 100%; float: none; position: static;\"><b>\u015arednica:<\/b> 18<\/p>\n<p style=\"margin: 15px 0; line-height: 1.8; clear: both; display: block; width: 100%; float: none; position: static;\"><b>Indeks pr\u0119dko\u015bci:<\/b> V &#8211; do 240 km\/h<\/p>\n<p style=\"margin: 15px 0; line-height: 1.8; clear: both; display: block; width: 100%; float: none; position: static;\"><b>Indeks no\u015bno\u015bci:<\/b> 100 &#8211; 800 kg na opon\u0119<\/p>\n<p style=\"margin: 15px 0; line-height: 1.8; clear: both; display: block; width: 100%; float: none; position: static;\"><b>Rok produkcji:<\/b> 2023<\/p>\n<\/div>\n<\/div>\n<\/div>\n<div style=\"clear: both; display: block; margin: 10px 0;\">\n<div style=\"clear: both; display: block; margin: 10px 0;\">\n<div style=\"clear: both; display: block; margin: 10px 0;\">\n<div  style=\"max-width:2560px;max-height:2560px\">\n<div style=\"clear: both; display: block; margin: 10px 0;\">\n<div style=\"clear: both; width: 100%; display: block; margin: 20px 0; padding: 0; float: none; position: static; text-align: center;\"><img decoding=\"async\"  src=\"https:\/\/a.allegroimg.com\/original\/1176c4\/51b043c04a2596d3c03294b17c91\/2x-Opony-zimowe-245-45R18-100V-XL-Frigo-HP2-DEBICA-2023-Rok-produkcji-2023\" srcset=\"https:\/\/a.allegroimg.com\/original\/1176c4\/51b043c04a2596d3c03294b17c91\/2x-Opony-zimowe-245-45R18-100V-XL-Frigo-HP2-DEBICA-2023-Rok-produkcji-2023 360w,https:\/\/a.allegroimg.com\/original\/1176c4\/51b043c04a2596d3c03294b17c91\/2x-Opony-zimowe-245-45R18-100V-XL-Frigo-HP2-DEBICA-2023-Rok-produkcji-2023 720w,https:\/\/a.allegroimg.com\/original\/1176c4\/51b043c04a2596d3c03294b17c91\/2x-Opony-zimowe-245-45R18-100V-XL-Frigo-HP2-DEBICA-2023-Rok-produkcji-2023 1024w,https:\/\/a.allegroimg.com\/original\/1176c4\/51b043c04a2596d3c03294b17c91\/2x-Opony-zimowe-245-45R18-100V-XL-Frigo-HP2-DEBICA-2023-Rok-produkcji-2023 1440w,https:\/\/a.allegroimg.com\/original\/1176c4\/51b043c04a2596d3c03294b17c91\/2x-Opony-zimowe-245-45R18-100V-XL-Frigo-HP2-DEBICA-2023-Rok-produkcji-2023 2560w\" sizes=\"(min-width: 1200px) 560px, (min-width: 992px) 50vw, 100vw\" width=\"2560px\" alt=\"2x Opony zimowe 245\/45R18 100V XL Frigo HP2 D\u0118BICA 2023 Rok produkcji 2023\"\/ style=\"max-width: 100%; height: auto; display: block; margin: 0 auto;\"><\/div>\n<\/div>\n<\/div>\n<\/div>\n<\/div>\n<div style=\"clear: both; display: block; margin: 10px 0;\">\n<div style=\"clear: both; display: block; margin: 10px 0;\">\n<h3 style=\"color: #2c5aa0; font-size: 18px; margin: 30px 0 15px 0; font-weight: bold; clear: both; display: block; width: 100%; float: none; position: static;\">Informacje szczeg\u00f3\u0142owe<\/h3>\n<p style=\"margin: 15px 0; line-height: 1.8; clear: both; display: block; width: 100%; float: none; position: static;\"><b>Op\u00f3r toczenia: <\/b>Klasa C<\/p>\n<p style=\"margin: 15px 0; line-height: 1.8; clear: both; display: block; width: 100%; float: none; position: static;\"><b>Przyczepno\u015b\u0107 na mokrej nawierzchni: <\/b>Klasa C<\/p>\n<p style=\"margin: 15px 0; line-height: 1.8; clear: both; display: block; width: 100%; float: none; position: static;\"><b>Poziom ha\u0142asu zewn\u0119trznego: <\/b>Klasa B<\/p>\n<p style=\"margin: 15px 0; line-height: 1.8; clear: both; display: block; width: 100%; float: none; position: static;\"><b>Ha\u0142as zewn\u0119trzny: <\/b>72 dB<\/p>\n<p style=\"margin: 15px 0; line-height: 1.8; clear: both; display: block; width: 100%; float: none; position: static;\"><b>Opona posiada rant ochronny: <\/b>Tak<\/p>\n<p style=\"margin: 15px 0; line-height: 1.8; clear: both; display: block; width: 100%; float: none; position: static;\"><b>Opona o podwy\u017cszonym wska\u017aniku no\u015bno\u015bci: <\/b>XL<\/p>\n<p style=\"margin: 15px 0; line-height: 1.8; clear: both; display: block; width: 100%; float: none; position: static;\"><b>Przeznaczenie: <\/b>Opona do samochod\u00f3w osobowych, SUV oraz z nap\u0119dem 4&#215;4<\/p>\n<p style=\"margin: 15px 0; line-height: 1.8; clear: both; display: block; width: 100%; float: none; position: static;\"><b>Kod producenta: <\/b>583626<\/p>\n<p style=\"margin: 15px 0; line-height: 1.8; clear: both; display: block; width: 100%; float: none; position: static;\"><b>Kod QR: <\/b>eprel.ec.europa.eu\/qr\/1643915<\/p>\n<p style=\"margin: 15px 0; line-height: 1.8; clear: both; display: block; width: 100%; float: none; position: static;\"><b>Waga opony: <\/b>11.88 kg<\/p>\n<\/div>\n<\/div>\n<\/div>\n<div style=\"clear: both; display: block; margin: 10px 0;\">\n<div style=\"clear: both; display: block; margin: 10px 0;\">\n<div style=\"clear: both; display: block; margin: 10px 0;\">\n<p style=\"margin: 15px 0; line-height: 1.8; clear: both; display: block; width: 100%; float: none; position: static;\">*Zdj\u0119cia przedstawione w ofercie maj\u0105 <b>charakter pogl\u0105dowy<\/b>. Rzeczywisty wygl\u0105d mo\u017ce r\u00f3\u017cni\u0107 si\u0119 od prezentowanego w zale\u017cno\u015bci od rozmiaru produktu.<\/p>\n<\/div>\n<\/div>\n<\/div>\n<div style=\"clear: both; display: block; margin: 10px 0;\">\n<div style=\"clear: both; display: block; margin: 10px 0;\">\n<div style=\"clear: both; display: block; margin: 10px 0;\">\n<h1>Frigo HP2<\/h1>\n<h2>Frigo HP2 to nast\u0119pca modelu Frigo HP, pierwszej w historii D\u0119bicy zimowej opony przeznaczonej do samochod\u00f3w o wysokich osi\u0105gach. D\u0119bica Frigo HP2 zosta\u0142a zaprojektowana z my\u015bl\u0105 o kierowcach ceni\u0105cych dynamiczn\u0105 jazd\u0119 oraz poszukuj\u0105cych zaawansowanego technicznie i trwa\u0142ego produktu.<\/h2>\n<ul style=\"margin: 15px 0; padding-left: 20px; clear: both; display: block; width: 100%; float: none; position: static;\">\n<li style=\"margin: 5px 0; padding: 2px 0; clear: both; display: list-item; float: none; position: static;\">Nowy wz\u00f3r bie\u017cnika sprawia, \u017ce opona posiada wi\u0119cej kraw\u0119dzi tn\u0105cych, wgryzaj\u0105cych si\u0119 w za\u015bnie\u017con\u0105 nawierzchni\u0119 i zapewniaj\u0105cych lepsz\u0105 kontrol\u0119 w zimowych warunkach.<\/li>\n<li style=\"margin: 5px 0; padding: 2px 0; clear: both; display: list-item; float: none; position: static;\">Samoblokuj\u0105ce si\u0119 lamele wgryzaj\u0105 si\u0119 w \u015bnieg, poprawiaj\u0105c kontrol\u0119 nad pojazdem oraz zapewniaj\u0105c znakomite zachowanie i w\u0142a\u015bciwo\u015bci trakcyjne na \u015bniegu.<\/li>\n<li style=\"margin: 5px 0; padding: 2px 0; clear: both; display: list-item; float: none; position: static;\">Zoptymalizowana konstrukcja opony i zwi\u0119kszona g\u0142\u0119boko\u015b\u0107 bie\u017cnika zapewnia d\u0142ugie przebiegi oraz oszcz\u0119dno\u015bci finansowe.<\/li>\n<\/ul>\n<\/div>\n<\/div>\n<\/div>\n<div style=\"clear: both; display: block; margin: 10px 0;\">\n<div style=\"clear: both; display: block; margin: 10px 0;\">\n<div style=\"clear: both; display: block; margin: 10px 0;\">\n<div  style=\"max-width:999px;max-height:152px\">\n<div style=\"clear: both; display: block; margin: 10px 0;\">\n<div style=\"clear: both; width: 100%; display: block; margin: 20px 0; padding: 0; float: none; position: static; text-align: center;\"><img decoding=\"async\"  src=\"https:\/\/a.allegroimg.com\/original\/11dc9b\/72620e9e4d3ba8cc78f04f43d66e\/2x-Opony-zimowe-245-45R18-100V-XL-Frigo-HP2-DEBICA-2023-Kod-producenta-583626\" srcset=\"https:\/\/a.allegroimg.com\/original\/11dc9b\/72620e9e4d3ba8cc78f04f43d66e\/2x-Opony-zimowe-245-45R18-100V-XL-Frigo-HP2-DEBICA-2023-Kod-producenta-583626 360w,https:\/\/a.allegroimg.com\/original\/11dc9b\/72620e9e4d3ba8cc78f04f43d66e\/2x-Opony-zimowe-245-45R18-100V-XL-Frigo-HP2-DEBICA-2023-Kod-producenta-583626 720w,https:\/\/a.allegroimg.com\/original\/11dc9b\/72620e9e4d3ba8cc78f04f43d66e\/2x-Opony-zimowe-245-45R18-100V-XL-Frigo-HP2-DEBICA-2023-Kod-producenta-583626 999w,https:\/\/a.allegroimg.com\/original\/11dc9b\/72620e9e4d3ba8cc78f04f43d66e\/2x-Opony-zimowe-245-45R18-100V-XL-Frigo-HP2-DEBICA-2023-Kod-producenta-583626 999w\" sizes=\"100vw\" width=\"999px\" alt=\"2x Opony zimowe 245\/45R18 100V XL Frigo HP2 D\u0118BICA 2023 Kod producenta 583626\"\/ style=\"max-width: 100%; height: auto; display: block; margin: 0 auto;\"><\/div>\n<\/div>\n<\/div>\n<\/div>\n<\/div>\n<\/div>\n<div style=\"clear: both; display: block; margin: 10px 0;\">\n<div style=\"clear: both; display: block; margin: 10px 0;\">\n<div style=\"clear: both; display: block; margin: 10px 0;\">\n<h1>O producencie opon D\u0119bica<\/h1>\n<p style=\"margin: 15px 0; line-height: 1.8; clear: both; display: block; width: 100%; float: none; position: static;\">Firma Oponiarska D\u0119bica to polski producent ogumienia, kt\u00f3ry rozpocz\u0105\u0142 swoj\u0105 dzia\u0142alno\u015b\u0107 w 1937 roku w ramach Centralnego Okr\u0119gu Przemys\u0142owego. Po wojnie firma zosta\u0142a upa\u0144stwowiona. W 1991 roku firm\u0119 sprywatyzowano, a w 1995 roku D\u0119bica sta\u0142a si\u0119 cz\u0119\u015bci\u0105 koncernu oponiarskiego The Goodyear Tire and Rubber Company.<\/p>\n<\/div>\n<\/div>\n<\/div>\n<div style=\"clear: both; display: block; margin: 10px 0;\">\n<div style=\"clear: both; display: block; margin: 10px 0;\">\n<div style=\"clear: both; display: block; margin: 10px 0;\">\n<div  style=\"max-width:852px;max-height:1248px\">\n<div style=\"clear: both; display: block; margin: 10px 0;\">\n<div style=\"clear: both; width: 100%; display: block; margin: 20px 0; padding: 0; float: none; position: static; text-align: center;\"><img decoding=\"async\"  src=\"https:\/\/a.allegroimg.com\/original\/118801\/bbd6b5764d56b67f8bd935b8ddca\/2x-Opony-zimowe-245-45R18-100V-XL-Frigo-HP2-DEBICA-2023-Szerokosc-opony-245-mm\" srcset=\"https:\/\/a.allegroimg.com\/original\/118801\/bbd6b5764d56b67f8bd935b8ddca\/2x-Opony-zimowe-245-45R18-100V-XL-Frigo-HP2-DEBICA-2023-Szerokosc-opony-245-mm 245w,https:\/\/a.allegroimg.com\/original\/118801\/bbd6b5764d56b67f8bd935b8ddca\/2x-Opony-zimowe-245-45R18-100V-XL-Frigo-HP2-DEBICA-2023-Szerokosc-opony-245-mm 491w,https:\/\/a.allegroimg.com\/original\/118801\/bbd6b5764d56b67f8bd935b8ddca\/2x-Opony-zimowe-245-45R18-100V-XL-Frigo-HP2-DEBICA-2023-Szerokosc-opony-245-mm 699w,https:\/\/a.allegroimg.com\/original\/118801\/bbd6b5764d56b67f8bd935b8ddca\/2x-Opony-zimowe-245-45R18-100V-XL-Frigo-HP2-DEBICA-2023-Szerokosc-opony-245-mm 852w,https:\/\/a.allegroimg.com\/original\/118801\/bbd6b5764d56b67f8bd935b8ddca\/2x-Opony-zimowe-245-45R18-100V-XL-Frigo-HP2-DEBICA-2023-Szerokosc-opony-245-mm 852w\" sizes=\"(min-width: 1200px) 560px, (min-width: 992px) 50vw, 100vw\" width=\"852px\" alt=\"2x Opony zimowe 245\/45R18 100V XL Frigo HP2 D\u0118BICA 2023 Szeroko\u015b\u0107 opony 245 mm\"\/ style=\"max-width: 100%; height: auto; display: block; margin: 0 auto;\"><\/div>\n<\/div>\n<\/div>\n<\/div>\n<\/div>\n<div style=\"clear: both; display: block; margin: 10px 0;\">\n<div style=\"clear: both; display: block; margin: 10px 0;\">\n<p style=\"margin: 15px 0; line-height: 1.8; clear: both; display: block; width: 100%; float: none; position: static;\"><b>Etykiety Unijne na oponach<\/b> pomagaj\u0105 konsumentom w podj\u0119ciu \u015bwiadomej decyzji o zakupie.<\/p>\n<p style=\"margin: 15px 0; line-height: 1.8; clear: both; display: block; width: 100%; float: none; position: static;\"><b>Op\u00f3r toczenia<\/b> w oponie jest wska\u017anikiem jej efektywno\u015bci energetycznej, co ma wp\u0142yw na zu\u017cycie paliwa oraz emisj\u0119 spalin. Klasa oporu toczenia waha si\u0119 od A (najwydajniejsza) do E (najni\u017csza).<\/p>\n<p style=\"margin: 15px 0; line-height: 1.8; clear: both; display: block; width: 100%; float: none; position: static;\"><b>Droga hamowania na mokrej nawierzchni<\/b> zale\u017cy od zdolno\u015bci opony do trzymania si\u0119 drogi na mokrej nawierzchni. Klasa A okre\u015bla najkr\u00f3tsz\u0105 drog\u0119, za\u015b E najd\u0142u\u017csz\u0105. Opona z etykiet\u0105 E hamuje 18 metr\u00f3w dalej w por\u00f3wnaniu z opon\u0105 z etykiet\u0105 A (procedura testowa, w kt\u00f3rej mierzy si\u0119 drog\u0119 hamowania od 80 km\/h do 5 km\/h na drodze pokrytej wod\u0105).<\/p>\n<p style=\"margin: 15px 0; line-height: 1.8; clear: both; display: block; width: 100%; float: none; position: static;\"><b>Ha\u0142as zewn\u0119trzny<\/b> odnosi si\u0119 do ha\u0142asu wytwarzanego przez opon\u0119 podczas przejazdu samochodu i jest mierzony w dB (decybelach). Ha\u0142as opon mierzony jest na zewn\u0105trz pojazdu co ma za zadanie ograniczy\u0107 negatywny wp\u0142yw na otoczenie.<\/p>\n<\/div>\n<\/div>\n<\/div>\n<\/div>\n<\/div>\n<\/div>\n<div style=\"clear: both; display: block; margin: 10px 0;\">\n","protected":false},"excerpt":{"rendered":"<p>2x Opony zimowe 245\/45R18 100V XL Frigo HP2 D\u0118BICA 2023<\/p>\n<p>D\u0118BICA Frigo HP2 245\/45R18<\/p>\n<p>Dane podstawowe<\/p>\n<p>Stan: Opony fabrycznie nowe<\/p>\n<p>Producent: D\u0118BICA<\/p>\n<p>Model: Frigo HP2<\/p>\n<p>Klasa opon: Ekonomiczna<\/p>\n<p>Sezon: Opony zimowe<\/p>\n","protected":false},"featured_media":9844,"template":"","meta":{"_uag_custom_page_level_css":""},"product_brand":[378],"product_cat":[414,413,412,415],"product_tag":[],"class_list":{"0":"post-9843","1":"product","2":"type-product","3":"status-publish","4":"has-post-thumbnail","6":"product_brand-debica","7":"product_cat-do-samochodow-osobowych-i-suv","8":"product_cat-opony","9":"product_cat-opony-i-felgi","10":"product_cat-zimowe","12":"first","13":"instock","14":"sale","15":"shipping-taxable","16":"purchasable","17":"product-type-simple"},"uagb_featured_image_src":{"full":["https:\/\/oponixo.shop\/tire\/wp-content\/uploads\/2025\/12\/allegro-image-9843.jpg",2560,2560,false],"thumbnail":["https:\/\/oponixo.shop\/tire\/wp-content\/uploads\/2025\/12\/allegro-image-9843-150x150.jpg",150,150,true],"medium":["https:\/\/oponixo.shop\/tire\/wp-content\/uploads\/2025\/12\/allegro-image-9843-300x300.jpg",300,300,true],"medium_large":["https:\/\/oponixo.shop\/tire\/wp-content\/uploads\/2025\/12\/allegro-image-9843-768x768.jpg",768,768,true],"large":["https:\/\/oponixo.shop\/tire\/wp-content\/uploads\/2025\/12\/allegro-image-9843-1024x1024.jpg",1024,1024,true],"1536x1536":["https:\/\/oponixo.shop\/tire\/wp-content\/uploads\/2025\/12\/allegro-image-9843-1536x1536.jpg",1536,1536,true],"2048x2048":["https:\/\/oponixo.shop\/tire\/wp-content\/uploads\/2025\/12\/allegro-image-9843-2048x2048.jpg",2048,2048,true],"woocommerce_thumbnail":["https:\/\/oponixo.shop\/tire\/wp-content\/uploads\/2025\/12\/allegro-image-9843-300x300.jpg",300,300,true],"woocommerce_single":["https:\/\/oponixo.shop\/tire\/wp-content\/uploads\/2025\/12\/allegro-image-9843-600x600.jpg",600,600,true],"woocommerce_gallery_thumbnail":["https:\/\/oponixo.shop\/tire\/wp-content\/uploads\/2025\/12\/allegro-image-9843-100x100.jpg",100,100,true]},"uagb_author_info":{"display_name":"admin","author_link":"https:\/\/oponixo.shop\/tire\/author\/"},"uagb_comment_info":0,"uagb_excerpt":"2x Opony zimowe 245\/45R18 100V XL Frigo HP2 D\u0118BICA 2023 D\u0118BICA Frigo HP2 245\/45R18 Dane podstawowe Stan: Opony fabrycznie nowe Producent: D\u0118BICA Model: Frigo HP2 Klasa opon: Ekonomiczna Sezon: Opony zimowe","_links":{"self":[{"href":"https:\/\/oponixo.shop\/tire\/wp-json\/wp\/v2\/product\/9843","targetHints":{"allow":["GET"]}}],"collection":[{"href":"https:\/\/oponixo.shop\/tire\/wp-json\/wp\/v2\/product"}],"about":[{"href":"https:\/\/oponixo.shop\/tire\/wp-json\/wp\/v2\/types\/product"}],"wp:featuredmedia":[{"embeddable":true,"href":"https:\/\/oponixo.shop\/tire\/wp-json\/wp\/v2\/media\/9844"}],"wp:attachment":[{"href":"https:\/\/oponixo.shop\/tire\/wp-json\/wp\/v2\/media?parent=9843"}],"wp:term":[{"taxonomy":"product_brand","embeddable":true,"href":"https:\/\/oponixo.shop\/tire\/wp-json\/wp\/v2\/product_brand?post=9843"},{"taxonomy":"product_cat","embeddable":true,"href":"https:\/\/oponixo.shop\/tire\/wp-json\/wp\/v2\/product_cat?post=9843"},{"taxonomy":"product_tag","embeddable":true,"href":"https:\/\/oponixo.shop\/tire\/wp-json\/wp\/v2\/product_tag?post=9843"}],"curies":[{"name":"wp","href":"https:\/\/api.w.org\/{rel}","templated":true}]}}