{"id":9879,"date":"2025-12-25T08:05:03","date_gmt":"2025-12-25T08:05:03","guid":{"rendered":"https:\/\/oponyexpert.shop\/xef5\/produkt\/2x-toyo-snowprox-s954-suv-235-55r19-105v\/"},"modified":"2025-12-25T08:05:03","modified_gmt":"2025-12-25T08:05:03","slug":"2x-toyo-snowprox-s954-suv-235-55r19-105v","status":"publish","type":"product","link":"https:\/\/oponixo.shop\/tire\/produkt\/2x-toyo-snowprox-s954-suv-235-55r19-105v\/","title":{"rendered":"2x Toyo Snowprox S954 SUV 235\/55R19 105V"},"content":{"rendered":"<div style=\"font-family: Arial, sans-serif; line-height: 1.6; color: #333; padding: 20px; clear: both; display: block; width: 100%; float: none; position: static; overflow: hidden;\">\n<div style=\"clear: both; display: block; margin: 10px 0;\">\n<div style=\"clear: both; display: block; margin: 10px 0;\">\n<div style=\"clear: both; display: block; margin: 10px 0;\">\n<h1>2x nowe opony zimowe TOYO SNOWPROX S954 SUV 235\/55R19 105V<\/h1>\n<p style=\"margin: 15px 0; line-height: 1.8; clear: both; display: block; width: 100%; float: none; position: static;\">Cechy produktu<\/p>\n<ul style=\"margin: 15px 0; padding-left: 20px; clear: both; display: block; width: 100%; float: none; position: static;\">\n<li style=\"margin: 5px 0; padding: 2px 0; clear: both; display: list-item; float: none; position: static;\">Marka: Toyo<\/li>\n<li style=\"margin: 5px 0; padding: 2px 0; clear: both; display: list-item; float: none; position: static;\">Model: Snowprox S954 SUV<\/li>\n<li style=\"margin: 5px 0; padding: 2px 0; clear: both; display: list-item; float: none; position: static;\">Szeroko\u015b\u0107\/profil\/\u015brednica: 235\/55R19<\/li>\n<li style=\"margin: 5px 0; padding: 2px 0; clear: both; display: list-item; float: none; position: static;\">Indeks no\u015bno\u015bci: do 105 (925 kg na opon\u0119)<\/li>\n<li style=\"margin: 5px 0; padding: 2px 0; clear: both; display: list-item; float: none; position: static;\">Indeks pr\u0119dko\u015bci: V (do 240 km\/h)<\/li>\n<li style=\"margin: 5px 0; padding: 2px 0; clear: both; display: list-item; float: none; position: static;\">Sezon: zimowe<\/li>\n<li style=\"margin: 5px 0; padding: 2px 0; clear: both; display: list-item; float: none; position: static;\">Typ pojazdu: 4&#215;4<\/li>\n<li style=\"margin: 5px 0; padding: 2px 0; clear: both; display: list-item; float: none; position: static;\">Klasa energetyczna: D<\/li>\n<li style=\"margin: 5px 0; padding: 2px 0; clear: both; display: list-item; float: none; position: static;\">Klasa przyczepno\u015bci: C<\/li>\n<li style=\"margin: 5px 0; padding: 2px 0; clear: both; display: list-item; float: none; position: static;\">Poziom ha\u0142asu: 72<\/li>\n<li style=\"margin: 5px 0; padding: 2px 0; clear: both; display: list-item; float: none; position: static;\">Klasa ha\u0142asu: B<\/li>\n<li style=\"margin: 5px 0; padding: 2px 0; clear: both; display: list-item; float: none; position: static;\">Rok produkcji: 2024\/2025<\/li>\n<\/ul>\n<\/div>\n<\/div>\n<div style=\"clear: both; display: block; margin: 10px 0;\">\n<div style=\"clear: both; display: block; margin: 10px 0;\">\n<div  style=\"max-width:604px;max-height:800px\">\n<div style=\"clear: both; display: block; margin: 10px 0;\">\n<div style=\"clear: both; width: 100%; display: block; margin: 20px 0; padding: 0; float: none; position: static; text-align: center;\"><img decoding=\"async\"  src=\"https:\/\/a.allegroimg.com\/original\/11f83f\/b4e3b2ab4862aab1954dec561bcc\/2x-Toyo-Snowprox-S954-SUV-235-55R19-105V\" srcset=\"https:\/\/a.allegroimg.com\/original\/11f83f\/b4e3b2ab4862aab1954dec561bcc\/2x-Toyo-Snowprox-S954-SUV-235-55R19-105V 271w,https:\/\/a.allegroimg.com\/original\/11f83f\/b4e3b2ab4862aab1954dec561bcc\/2x-Toyo-Snowprox-S954-SUV-235-55R19-105V 543w,https:\/\/a.allegroimg.com\/original\/11f83f\/b4e3b2ab4862aab1954dec561bcc\/2x-Toyo-Snowprox-S954-SUV-235-55R19-105V 604w,https:\/\/a.allegroimg.com\/original\/11f83f\/b4e3b2ab4862aab1954dec561bcc\/2x-Toyo-Snowprox-S954-SUV-235-55R19-105V 604w\" sizes=\"(min-width: 1200px) 560px, (min-width: 992px) 50vw, 100vw\" width=\"604px\" alt=\"2x Toyo Snowprox S954 SUV 235\/55R19 105V\"\/ style=\"max-width: 100%; height: auto; display: block; margin: 0 auto;\"><\/div>\n<\/div>\n<\/div>\n<\/div>\n<\/div>\n<\/div>\n<div style=\"clear: both; display: block; margin: 10px 0;\">\n<div style=\"clear: both; display: block; margin: 10px 0;\">\n<div style=\"clear: both; display: block; margin: 10px 0;\">\n<div  style=\"max-width:212px;max-height:305px\">\n<div style=\"clear: both; display: block; margin: 10px 0;\">\n<div style=\"clear: both; width: 100%; display: block; margin: 20px 0; padding: 0; float: none; position: static; text-align: center;\"><img decoding=\"async\"  src=\"https:\/\/a.allegroimg.com\/original\/11ceba\/0f73db0b40ee904167df2e9b3bde\/2x-Toyo-Snowprox-S954-SUV-235-55R19-105V-Liczba-opon-w-ofercie-2-szt\" srcset=\"https:\/\/a.allegroimg.com\/original\/11ceba\/0f73db0b40ee904167df2e9b3bde\/2x-Toyo-Snowprox-S954-SUV-235-55R19-105V-Liczba-opon-w-ofercie-2-szt 212w,https:\/\/a.allegroimg.com\/original\/11ceba\/0f73db0b40ee904167df2e9b3bde\/2x-Toyo-Snowprox-S954-SUV-235-55R19-105V-Liczba-opon-w-ofercie-2-szt 212w\" sizes=\"(min-width: 1200px) 560px, (min-width: 992px) 50vw, 100vw\" width=\"212px\" alt=\"2x Toyo Snowprox S954 SUV 235\/55R19 105V Liczba opon w ofercie 2 szt.\"\/ style=\"max-width: 100%; height: auto; display: block; margin: 0 auto;\"><\/div>\n<\/div>\n<\/div>\n<\/div>\n<\/div>\n<div style=\"clear: both; display: block; margin: 10px 0;\">\n<div style=\"clear: both; display: block; margin: 10px 0;\">\n<div  style=\"max-width:2231px;max-height:292px\">\n<div style=\"clear: both; display: block; margin: 10px 0;\">\n<div style=\"clear: both; width: 100%; display: block; margin: 20px 0; padding: 0; float: none; position: static; text-align: center;\"><img decoding=\"async\"  src=\"https:\/\/a.allegroimg.com\/original\/1107db\/f7e4b406446cbb83be922118f860\/2x-Toyo-Snowprox-S954-SUV-235-55R19-105V-Marka-Toyo\" srcset=\"https:\/\/a.allegroimg.com\/original\/1107db\/f7e4b406446cbb83be922118f860\/2x-Toyo-Snowprox-S954-SUV-235-55R19-105V-Marka-Toyo 360w,https:\/\/a.allegroimg.com\/original\/1107db\/f7e4b406446cbb83be922118f860\/2x-Toyo-Snowprox-S954-SUV-235-55R19-105V-Marka-Toyo 720w,https:\/\/a.allegroimg.com\/original\/1107db\/f7e4b406446cbb83be922118f860\/2x-Toyo-Snowprox-S954-SUV-235-55R19-105V-Marka-Toyo 1024w,https:\/\/a.allegroimg.com\/original\/1107db\/f7e4b406446cbb83be922118f860\/2x-Toyo-Snowprox-S954-SUV-235-55R19-105V-Marka-Toyo 1440w,https:\/\/a.allegroimg.com\/original\/1107db\/f7e4b406446cbb83be922118f860\/2x-Toyo-Snowprox-S954-SUV-235-55R19-105V-Marka-Toyo 2231w\" sizes=\"(min-width: 1200px) 560px, (min-width: 992px) 50vw, 100vw\" width=\"2231px\" alt=\"2x Toyo Snowprox S954 SUV 235\/55R19 105V Marka Toyo\"\/ style=\"max-width: 100%; height: auto; display: block; margin: 0 auto;\"><\/div>\n<\/div>\n<\/div>\n<\/div>\n<\/div>\n<\/div>\n<div style=\"clear: both; display: block; margin: 10px 0;\">\n<div style=\"clear: both; display: block; margin: 10px 0;\">\n<div style=\"clear: both; display: block; margin: 10px 0;\">\n<p style=\"margin: 15px 0; line-height: 1.8; clear: both; display: block; width: 100%; float: none; position: static;\">Toyo Tires to japo\u0144ski producent opon, kt\u00f3rego pocz\u0105tki si\u0119gaj\u0105 1945 roku. W 1966 Toyo Tires sta\u0142o si\u0119 pierwszym japo\u0144skim producentem opon z w\u0142asn\u0105 fili\u0105 w Stanach Zjednoczonych<\/p>\n<p style=\"margin: 15px 0; line-height: 1.8; clear: both; display: block; width: 100%; float: none; position: static;\">Obecnie w sk\u0142ad Toyo Tires Europe GmbH wchodz\u0105 trzy mniejsze firmy   sprzeda\u017cowe i dystrybutorzy na wszystkich wi\u0119kszych rynkach   europejskich<\/p>\n<p style=\"margin: 15px 0; line-height: 1.8; clear: both; display: block; width: 100%; float: none; position: static;\">Opony japo\u0144skiego producenta pokrywaj\u0105 ca\u0142y wachlarz rynkowych wymaga\u0144: od super   wydajnej inspirowanych wy\u015bcigami linii Proxes, przez lini\u0119 Open Country   dla samochod\u00f3w 4&#215;4 i SUV-\u00f3w, Enviromental Proxes Ne a\u017c do szerokiej gamy   opon do ci\u0119\u017car\u00f3wek. Nie wa\u017cne czym je\u017adzisz 4&#215;4, SUV-em czy samochodem   dostawczym, Toyo Tires maj\u0105 opony w\u0142a\u015bnie dla Ciebie<\/p>\n<\/div>\n<\/div>\n<\/div>\n<\/div>\n<\/div>\n<\/div>\n<div style=\"clear: both; display: block; margin: 10px 0;\">\n","protected":false},"excerpt":{"rendered":"<p>2x nowe opony zimowe TOYO SNOWPROX S954 SUV 235\/55R19 105V<\/p>\n<p>Cechy produktu<\/p>\n<p>Marka: Toyo<\/p>\n<p>Model: Snowprox S954 SUV<\/p>\n<p>Szeroko\u015b\u0107\/profil\/\u015brednica: 235\/55R19<\/p>\n<p>Indeks no\u015bno\u015bci: do 105 (925 kg na opon\u0119)<\/p>\n<p>Indeks pr\u0119dko\u015bci: V (do 240 km\/h)<\/p>\n<p>Sezon: zimowe<\/p>\n","protected":false},"featured_media":9880,"template":"","meta":{"_uag_custom_page_level_css":""},"product_brand":[435],"product_cat":[428,413,412,415],"product_tag":[],"class_list":{"0":"post-9879","1":"product","2":"type-product","3":"status-publish","4":"has-post-thumbnail","6":"product_brand-toyo","7":"product_cat-do-samochodow-terenowych-i-4x4","8":"product_cat-opony","9":"product_cat-opony-i-felgi","10":"product_cat-zimowe","12":"first","13":"instock","14":"sale","15":"shipping-taxable","16":"purchasable","17":"product-type-simple"},"uagb_featured_image_src":{"full":["https:\/\/oponixo.shop\/tire\/wp-content\/uploads\/2025\/12\/allegro-image-9879.jpg",604,800,false],"thumbnail":["https:\/\/oponixo.shop\/tire\/wp-content\/uploads\/2025\/12\/allegro-image-9879-150x150.jpg",150,150,true],"medium":["https:\/\/oponixo.shop\/tire\/wp-content\/uploads\/2025\/12\/allegro-image-9879-227x300.jpg",227,300,true],"medium_large":["https:\/\/oponixo.shop\/tire\/wp-content\/uploads\/2025\/12\/allegro-image-9879.jpg",604,800,false],"large":["https:\/\/oponixo.shop\/tire\/wp-content\/uploads\/2025\/12\/allegro-image-9879.jpg",604,800,false],"1536x1536":["https:\/\/oponixo.shop\/tire\/wp-content\/uploads\/2025\/12\/allegro-image-9879.jpg",604,800,false],"2048x2048":["https:\/\/oponixo.shop\/tire\/wp-content\/uploads\/2025\/12\/allegro-image-9879.jpg",604,800,false],"woocommerce_thumbnail":["https:\/\/oponixo.shop\/tire\/wp-content\/uploads\/2025\/12\/allegro-image-9879-300x300.jpg",300,300,true],"woocommerce_single":["https:\/\/oponixo.shop\/tire\/wp-content\/uploads\/2025\/12\/allegro-image-9879-600x795.jpg",600,795,true],"woocommerce_gallery_thumbnail":["https:\/\/oponixo.shop\/tire\/wp-content\/uploads\/2025\/12\/allegro-image-9879-100x100.jpg",100,100,true]},"uagb_author_info":{"display_name":"admin","author_link":"https:\/\/oponixo.shop\/tire\/author\/"},"uagb_comment_info":0,"uagb_excerpt":"2x nowe opony zimowe TOYO SNOWPROX S954 SUV 235\/55R19 105V Cechy produktu Marka: Toyo Model: Snowprox S954 SUV Szeroko\u015b\u0107\/profil\/\u015brednica: 235\/55R19 Indeks no\u015bno\u015bci: do 105 (925 kg na opon\u0119) Indeks pr\u0119dko\u015bci: V (do 240 km\/h) Sezon: zimowe","_links":{"self":[{"href":"https:\/\/oponixo.shop\/tire\/wp-json\/wp\/v2\/product\/9879","targetHints":{"allow":["GET"]}}],"collection":[{"href":"https:\/\/oponixo.shop\/tire\/wp-json\/wp\/v2\/product"}],"about":[{"href":"https:\/\/oponixo.shop\/tire\/wp-json\/wp\/v2\/types\/product"}],"wp:featuredmedia":[{"embeddable":true,"href":"https:\/\/oponixo.shop\/tire\/wp-json\/wp\/v2\/media\/9880"}],"wp:attachment":[{"href":"https:\/\/oponixo.shop\/tire\/wp-json\/wp\/v2\/media?parent=9879"}],"wp:term":[{"taxonomy":"product_brand","embeddable":true,"href":"https:\/\/oponixo.shop\/tire\/wp-json\/wp\/v2\/product_brand?post=9879"},{"taxonomy":"product_cat","embeddable":true,"href":"https:\/\/oponixo.shop\/tire\/wp-json\/wp\/v2\/product_cat?post=9879"},{"taxonomy":"product_tag","embeddable":true,"href":"https:\/\/oponixo.shop\/tire\/wp-json\/wp\/v2\/product_tag?post=9879"}],"curies":[{"name":"wp","href":"https:\/\/api.w.org\/{rel}","templated":true}]}}