{"id":9895,"date":"2025-12-25T08:05:07","date_gmt":"2025-12-25T08:05:07","guid":{"rendered":"https:\/\/oponyexpert.shop\/xef5\/produkt\/4x-opony-zimowe-michelin-pilot-alpin-5-suv-255-45r20-105v-xl-mo-rant-2025\/"},"modified":"2025-12-25T08:05:07","modified_gmt":"2025-12-25T08:05:07","slug":"4x-opony-zimowe-michelin-pilot-alpin-5-suv-255-45r20-105v-xl-mo-rant-2025","status":"publish","type":"product","link":"https:\/\/oponixo.shop\/tire\/produkt\/4x-opony-zimowe-michelin-pilot-alpin-5-suv-255-45r20-105v-xl-mo-rant-2025\/","title":{"rendered":"4x opony zimowe Michelin Pilot Alpin 5 SUV 255\/45R20 105V XL MO rant 2025"},"content":{"rendered":"<div style=\"font-family: Arial, sans-serif; line-height: 1.6; color: #333; padding: 20px; clear: both; display: block; width: 100%; float: none; position: static; overflow: hidden;\">\n<div style=\"clear: both; display: block; margin: 10px 0;\">\n<div style=\"clear: both; display: block; margin: 10px 0;\">\n<div style=\"clear: both; display: block; margin: 10px 0;\">\n<div  style=\"max-width:500px;max-height:155px\">\n<div style=\"clear: both; display: block; margin: 10px 0;\">\n<div style=\"clear: both; width: 100%; display: block; margin: 20px 0; padding: 0; float: none; position: static; text-align: center;\"><img decoding=\"async\"  src=\"https:\/\/a.allegroimg.com\/original\/11074a\/06bb127d42f3b8480bda12481326\/4x-opony-zimowe-Michelin-Pilot-Alpin-5-SUV-255-45R20-105V-XL-MO-rant-2025-Rok-produkcji-2025\" srcset=\"https:\/\/a.allegroimg.com\/original\/11074a\/06bb127d42f3b8480bda12481326\/4x-opony-zimowe-Michelin-Pilot-Alpin-5-SUV-255-45R20-105V-XL-MO-rant-2025-Rok-produkcji-2025 360w,https:\/\/a.allegroimg.com\/original\/11074a\/06bb127d42f3b8480bda12481326\/4x-opony-zimowe-Michelin-Pilot-Alpin-5-SUV-255-45R20-105V-XL-MO-rant-2025-Rok-produkcji-2025 500w,https:\/\/a.allegroimg.com\/original\/11074a\/06bb127d42f3b8480bda12481326\/4x-opony-zimowe-Michelin-Pilot-Alpin-5-SUV-255-45R20-105V-XL-MO-rant-2025-Rok-produkcji-2025 500w\" sizes=\"100vw\" width=\"500px\" alt=\"4x opony zimowe Michelin Pilot Alpin 5 SUV 255\/45R20 105V XL MO rant 2025 Rok produkcji 2025\"\/ style=\"max-width: 100%; height: auto; display: block; margin: 0 auto;\"><\/div>\n<\/div>\n<\/div>\n<\/div>\n<\/div>\n<\/div>\n<div style=\"clear: both; display: block; margin: 10px 0;\">\n<div style=\"clear: both; display: block; margin: 10px 0;\">\n<div style=\"clear: both; display: block; margin: 10px 0;\">\n<h1>zestaw 4 sztuk nowych opon zimowych<\/h1>\n<h1>Michelin Pilot Alpin 5 SUV 255\/45R20 105V XL FR MO<\/h1>\n<p style=\"margin: 15px 0; line-height: 1.8; clear: both; display: block; width: 100%; float: none; position: static;\">\n<\/div>\n<\/div>\n<\/div>\n<div style=\"clear: both; display: block; margin: 10px 0;\">\n<div style=\"clear: both; display: block; margin: 10px 0;\">\n<div style=\"clear: both; display: block; margin: 10px 0;\">\n<div  style=\"max-width:501px;max-height:596px\">\n<div style=\"clear: both; display: block; margin: 10px 0;\">\n<div style=\"clear: both; width: 100%; display: block; margin: 20px 0; padding: 0; float: none; position: static; text-align: center;\"><img decoding=\"async\"  src=\"https:\/\/a.allegroimg.com\/original\/11de36\/3f2147504c0dbf2626f1f3e7ed27\/4x-opony-zimowe-Michelin-Pilot-Alpin-5-SUV-255-45R20-105V-XL-MO-rant-2025\" srcset=\"https:\/\/a.allegroimg.com\/original\/11de36\/3f2147504c0dbf2626f1f3e7ed27\/4x-opony-zimowe-Michelin-Pilot-Alpin-5-SUV-255-45R20-105V-XL-MO-rant-2025 302w,https:\/\/a.allegroimg.com\/original\/11de36\/3f2147504c0dbf2626f1f3e7ed27\/4x-opony-zimowe-Michelin-Pilot-Alpin-5-SUV-255-45R20-105V-XL-MO-rant-2025 501w,https:\/\/a.allegroimg.com\/original\/11de36\/3f2147504c0dbf2626f1f3e7ed27\/4x-opony-zimowe-Michelin-Pilot-Alpin-5-SUV-255-45R20-105V-XL-MO-rant-2025 501w\" sizes=\"(min-width: 1200px) 560px, (min-width: 992px) 50vw, 100vw\" width=\"501px\" alt=\"4x opony zimowe Michelin Pilot Alpin 5 SUV 255\/45R20 105V XL MO rant 2025\"\/ style=\"max-width: 100%; height: auto; display: block; margin: 0 auto;\"><\/div>\n<\/div>\n<\/div>\n<\/div>\n<\/div>\n<div style=\"clear: both; display: block; margin: 10px 0;\">\n<div style=\"clear: both; display: block; margin: 10px 0;\">\n<p style=\"margin: 15px 0; line-height: 1.8; clear: both; display: block; width: 100%; float: none; position: static;\"><b>Michelin Pilot Alpin 5 SUV<\/b> to opony <b>zimowe<\/b> przeznaczone do samochod\u00f3w typu <b>SUV<\/b>. Oryginalny produkt klasy <b>premium<\/b> renomowanej marki <b>Michelin<\/b>. Bezkompromisowa jako\u015b\u0107. Produkt klasy UHP (Ultra High Performace) do suv-\u00f3w o wysokich osi\u0105gach, przeznaczone dla kierowc\u00f3w preferuj\u0105cych dynamiczny styl jazdy.<\/p>\n<ul style=\"margin: 15px 0; padding-left: 20px; clear: both; display: block; width: 100%; float: none; position: static;\">\n<li style=\"margin: 5px 0; padding: 2px 0; clear: both; display: list-item; float: none; position: static;\">rok produkcji: <b>2025<\/b><\/li>\n<li style=\"margin: 5px 0; padding: 2px 0; clear: both; display: list-item; float: none; position: static;\">opony <b>nowe<\/b>, oryginalne, z gwarancj\u0105<\/li>\n<li style=\"margin: 5px 0; padding: 2px 0; clear: both; display: list-item; float: none; position: static;\"><b>FR<\/b> &#8211; opony posiadaj\u0105 rant chroni\u0105cy felg\u0119<\/li>\n<li style=\"margin: 5px 0; padding: 2px 0; clear: both; display: list-item; float: none; position: static;\">opony wzmocnione <b>XL<\/b><\/li>\n<li style=\"margin: 5px 0; padding: 2px 0; clear: both; display: list-item; float: none; position: static;\">homologacja <b>MO &#8211; Mecedes-Benz<\/b><\/li>\n<li style=\"margin: 5px 0; padding: 2px 0; clear: both; display: list-item; float: none; position: static;\">komfortowa, cicha praca<\/li>\n<li style=\"margin: 5px 0; padding: 2px 0; clear: both; display: list-item; float: none; position: static;\">doskona\u0142a trakcja, precyzyjne sterowanie &#8211; r\u00f3wnie\u017c przy du\u017cych pr\u0119dko\u015bciach<\/li>\n<li style=\"margin: 5px 0; padding: 2px 0; clear: both; display: list-item; float: none; position: static;\">d\u0142ugie przebiegi<\/li>\n<li style=\"margin: 5px 0; padding: 2px 0; clear: both; display: list-item; float: none; position: static;\">bie\u017cnik zu\u017cywa si\u0119 r\u00f3wnomiernie<\/li>\n<li style=\"margin: 5px 0; padding: 2px 0; clear: both; display: list-item; float: none; position: static;\">znakomita przyczepno\u015b\u0107 i trakcja w trudnych, zimowych warunkach<\/li>\n<li style=\"margin: 5px 0; padding: 2px 0; clear: both; display: list-item; float: none; position: static;\">pe\u0142na homologacja zimowa 3PMSF (opony z tym oznaczeniem musz\u0105 spe\u0142nia\u0107 rygorystyczne normy dot. przyczepno\u015bci i hamowania na \u015bniegu i lodzie)<\/li>\n<li style=\"margin: 5px 0; padding: 2px 0; clear: both; display: list-item; float: none; position: static;\">skuteczne odprowadzanie wody i b\u0142ota, system antypo\u015blizgowy<\/li>\n<\/ul>\n<\/div>\n<\/div>\n<\/div>\n<div style=\"clear: both; display: block; margin: 10px 0;\">\n<div style=\"clear: both; display: block; margin: 10px 0;\">\n<div style=\"clear: both; display: block; margin: 10px 0;\">\n<div  style=\"max-width:480px;max-height:733px\">\n<div style=\"clear: both; display: block; margin: 10px 0;\">\n<div style=\"clear: both; width: 100%; display: block; margin: 20px 0; padding: 0; float: none; position: static; text-align: center;\"><img decoding=\"async\"  src=\"https:\/\/a.allegroimg.com\/original\/11aab4\/3d00c8344ef4a70a9cb0ff0993ee\/4x-opony-zimowe-Michelin-Pilot-Alpin-5-SUV-255-45R20-105V-XL-MO-rant-2025-Liczba-opon-w-ofercie-Komplet-4-szt\" srcset=\"https:\/\/a.allegroimg.com\/original\/11aab4\/3d00c8344ef4a70a9cb0ff0993ee\/4x-opony-zimowe-Michelin-Pilot-Alpin-5-SUV-255-45R20-105V-XL-MO-rant-2025-Liczba-opon-w-ofercie-Komplet-4-szt 235w,https:\/\/a.allegroimg.com\/original\/11aab4\/3d00c8344ef4a70a9cb0ff0993ee\/4x-opony-zimowe-Michelin-Pilot-Alpin-5-SUV-255-45R20-105V-XL-MO-rant-2025-Liczba-opon-w-ofercie-Komplet-4-szt 471w,https:\/\/a.allegroimg.com\/original\/11aab4\/3d00c8344ef4a70a9cb0ff0993ee\/4x-opony-zimowe-Michelin-Pilot-Alpin-5-SUV-255-45R20-105V-XL-MO-rant-2025-Liczba-opon-w-ofercie-Komplet-4-szt 480w,https:\/\/a.allegroimg.com\/original\/11aab4\/3d00c8344ef4a70a9cb0ff0993ee\/4x-opony-zimowe-Michelin-Pilot-Alpin-5-SUV-255-45R20-105V-XL-MO-rant-2025-Liczba-opon-w-ofercie-Komplet-4-szt 480w\" sizes=\"100vw\" width=\"480px\" alt=\"4x opony zimowe Michelin Pilot Alpin 5 SUV 255\/45R20 105V XL MO rant 2025 Liczba opon w ofercie Komplet 4 szt.\"\/ style=\"max-width: 100%; height: auto; display: block; margin: 0 auto;\"><\/div>\n<\/div>\n<\/div>\n<\/div>\n<\/div>\n<\/div>\n<\/div>\n<\/div>\n<\/div>\n<div style=\"clear: both; display: block; margin: 10px 0;\">\n","protected":false},"excerpt":{"rendered":"<p>zestaw 4 sztuk nowych opon zimowych<\/p>\n<p>Michelin Pilot Alpin 5 SUV 255\/45R20 105V XL FR MO<\/p>\n<p>Michelin Pilot Alpin 5 SUV to opony zimowe przeznaczone do samochod\u00f3w typu SUV. Oryginalny produkt klasy premium renomowanej marki Michelin. Bezkompromisowa jako\u015b\u0107. Produkt klasy UHP (Ultra High Performace) do suv-\u00f3w o wysokich osi\u0105gach, przeznaczone dla kierowc\u00f3w preferuj\u0105cych dynamiczny styl jazdy.<\/p>\n<p>rok produkcji: 2025<\/p>\n<p>opony nowe, oryginalne, z gwarancj\u0105<\/p>\n<p>FR &#8211; opony posiadaj\u0105 rant chroni\u0105cy felg\u0119<\/p>\n<p>opony wzmocnione XL<\/p>\n<p>homologacja MO &#8211; Mecedes-Benz<\/p>\n","protected":false},"featured_media":9896,"template":"","meta":{"_uag_custom_page_level_css":""},"product_brand":[429],"product_cat":[428,413,412,415],"product_tag":[],"class_list":{"0":"post-9895","1":"product","2":"type-product","3":"status-publish","4":"has-post-thumbnail","6":"product_brand-michelin","7":"product_cat-do-samochodow-terenowych-i-4x4","8":"product_cat-opony","9":"product_cat-opony-i-felgi","10":"product_cat-zimowe","12":"first","13":"instock","14":"sale","15":"shipping-taxable","16":"purchasable","17":"product-type-simple"},"uagb_featured_image_src":{"full":["https:\/\/oponixo.shop\/tire\/wp-content\/uploads\/2025\/12\/allegro-image-9895.jpg",501,596,false],"thumbnail":["https:\/\/oponixo.shop\/tire\/wp-content\/uploads\/2025\/12\/allegro-image-9895-150x150.jpg",150,150,true],"medium":["https:\/\/oponixo.shop\/tire\/wp-content\/uploads\/2025\/12\/allegro-image-9895-252x300.jpg",252,300,true],"medium_large":["https:\/\/oponixo.shop\/tire\/wp-content\/uploads\/2025\/12\/allegro-image-9895.jpg",501,596,false],"large":["https:\/\/oponixo.shop\/tire\/wp-content\/uploads\/2025\/12\/allegro-image-9895.jpg",501,596,false],"1536x1536":["https:\/\/oponixo.shop\/tire\/wp-content\/uploads\/2025\/12\/allegro-image-9895.jpg",501,596,false],"2048x2048":["https:\/\/oponixo.shop\/tire\/wp-content\/uploads\/2025\/12\/allegro-image-9895.jpg",501,596,false],"woocommerce_thumbnail":["https:\/\/oponixo.shop\/tire\/wp-content\/uploads\/2025\/12\/allegro-image-9895-300x300.jpg",300,300,true],"woocommerce_single":["https:\/\/oponixo.shop\/tire\/wp-content\/uploads\/2025\/12\/allegro-image-9895.jpg",501,596,false],"woocommerce_gallery_thumbnail":["https:\/\/oponixo.shop\/tire\/wp-content\/uploads\/2025\/12\/allegro-image-9895-100x100.jpg",100,100,true]},"uagb_author_info":{"display_name":"admin","author_link":"https:\/\/oponixo.shop\/tire\/author\/"},"uagb_comment_info":0,"uagb_excerpt":"zestaw 4 sztuk nowych opon zimowych Michelin Pilot Alpin 5 SUV 255\/45R20 105V XL FR MO Michelin Pilot Alpin 5 SUV to opony zimowe przeznaczone do samochod\u00f3w typu SUV. Oryginalny produkt klasy premium renomowanej marki Michelin. Bezkompromisowa jako\u015b\u0107. Produkt klasy UHP (Ultra High Performace) do suv-\u00f3w o wysokich osi\u0105gach, przeznaczone dla kierowc\u00f3w preferuj\u0105cych dynamiczny styl&hellip;","_links":{"self":[{"href":"https:\/\/oponixo.shop\/tire\/wp-json\/wp\/v2\/product\/9895","targetHints":{"allow":["GET"]}}],"collection":[{"href":"https:\/\/oponixo.shop\/tire\/wp-json\/wp\/v2\/product"}],"about":[{"href":"https:\/\/oponixo.shop\/tire\/wp-json\/wp\/v2\/types\/product"}],"wp:featuredmedia":[{"embeddable":true,"href":"https:\/\/oponixo.shop\/tire\/wp-json\/wp\/v2\/media\/9896"}],"wp:attachment":[{"href":"https:\/\/oponixo.shop\/tire\/wp-json\/wp\/v2\/media?parent=9895"}],"wp:term":[{"taxonomy":"product_brand","embeddable":true,"href":"https:\/\/oponixo.shop\/tire\/wp-json\/wp\/v2\/product_brand?post=9895"},{"taxonomy":"product_cat","embeddable":true,"href":"https:\/\/oponixo.shop\/tire\/wp-json\/wp\/v2\/product_cat?post=9895"},{"taxonomy":"product_tag","embeddable":true,"href":"https:\/\/oponixo.shop\/tire\/wp-json\/wp\/v2\/product_tag?post=9895"}],"curies":[{"name":"wp","href":"https:\/\/api.w.org\/{rel}","templated":true}]}}