{"id":9899,"date":"2025-12-25T08:05:08","date_gmt":"2025-12-25T08:05:08","guid":{"rendered":"https:\/\/oponyexpert.shop\/xef5\/produkt\/4x-opony-275-45r20-michelin-pilot-alpin-5-suv-110v\/"},"modified":"2026-01-16T10:41:47","modified_gmt":"2026-01-16T09:41:47","slug":"4x-opony-275-45r20-michelin-pilot-alpin-5-suv-110v","status":"publish","type":"product","link":"https:\/\/oponixo.shop\/tire\/produkt\/4x-opony-275-45r20-michelin-pilot-alpin-5-suv-110v\/","title":{"rendered":"4x opony 275\/45R20 MICHELIN PILOT ALPIN 5 SUV 110V"},"content":{"rendered":"<div style=\"font-family: Arial, sans-serif; line-height: 1.6; color: #333; padding: 20px; clear: both; display: block; width: 100%; float: none; position: static; overflow: hidden;\">\n<div style=\"clear: both; display: block; margin: 10px 0;\">\n<div style=\"clear: both; display: block; margin: 10px 0;\">\n<div style=\"clear: both; display: block; margin: 10px 0;\">\n<h2>Opona zimowa Michelin Pilot Alpin 5 SUV 275\/45R20 110 V wzmocnienie (XL) * &#8211; BMW<\/h2>\n<p style=\"margin: 15px 0; line-height: 1.8; clear: both; display: block; width: 100%; float: none; position: static;\">Opona zimowa Michelin Pilot Alpin 5 SUV 275\/45R20 110 V<\/p>\n<p style=\"margin: 15px 0; line-height: 1.8; clear: both; display: block; width: 100%; float: none; position: static;\">Cechy produktu:<\/p>\n<ul style=\"margin: 15px 0; padding-left: 20px; clear: both; display: block; width: 100%; float: none; position: static;\">\n<li style=\"margin: 5px 0; padding: 2px 0; clear: both; display: list-item; float: none; position: static;\">sezon: zimowe<\/li>\n<li style=\"margin: 5px 0; padding: 2px 0; clear: both; display: list-item; float: none; position: static;\">szeroko\u015b\u0107\/profil\/\u015brednica: 275\/45R20<\/li>\n<li style=\"margin: 5px 0; padding: 2px 0; clear: both; display: list-item; float: none; position: static;\">indeks pr\u0119dko\u015bci: V do 240 km\/h<\/li>\n<li style=\"margin: 5px 0; padding: 2px 0; clear: both; display: list-item; float: none; position: static;\">indeks no\u015bno\u015bci: 110 &#8211; 1060 kg<\/li>\n<li style=\"margin: 5px 0; padding: 2px 0; clear: both; display: list-item; float: none; position: static;\">wzmocnienie (XL)<\/li>\n<li style=\"margin: 5px 0; padding: 2px 0; clear: both; display: list-item; float: none; position: static;\">run flat<\/li>\n<li style=\"margin: 5px 0; padding: 2px 0; clear: both; display: list-item; float: none; position: static;\">homologacja: *<\/li>\n<\/ul>\n<\/div>\n<\/div>\n<div style=\"clear: both; display: block; margin: 10px 0;\">\n<div style=\"clear: both; display: block; margin: 10px 0;\">\n<div  style=\"max-width:2500px;max-height:2500px\">\n<div style=\"clear: both; display: block; margin: 10px 0;\">\n<div style=\"clear: both; width: 100%; display: block; margin: 20px 0; padding: 0; float: none; position: static; text-align: center;\"><img decoding=\"async\"  src=\"https:\/\/6.allegroimg.com\/original\/001a60\/2097406a4e6591a9cae9f912ea16\/4x-opony-275-45R20-MICHELIN-PILOT-ALPIN-5-SUV-110V\" srcset=\"https:\/\/6.allegroimg.com\/original\/001a60\/2097406a4e6591a9cae9f912ea16\/4x-opony-275-45R20-MICHELIN-PILOT-ALPIN-5-SUV-110V 360w,https:\/\/6.allegroimg.com\/original\/001a60\/2097406a4e6591a9cae9f912ea16\/4x-opony-275-45R20-MICHELIN-PILOT-ALPIN-5-SUV-110V 720w,https:\/\/6.allegroimg.com\/original\/001a60\/2097406a4e6591a9cae9f912ea16\/4x-opony-275-45R20-MICHELIN-PILOT-ALPIN-5-SUV-110V 1024w,https:\/\/6.allegroimg.com\/original\/001a60\/2097406a4e6591a9cae9f912ea16\/4x-opony-275-45R20-MICHELIN-PILOT-ALPIN-5-SUV-110V 1440w,https:\/\/6.allegroimg.com\/original\/001a60\/2097406a4e6591a9cae9f912ea16\/4x-opony-275-45R20-MICHELIN-PILOT-ALPIN-5-SUV-110V 2500w\" sizes=\"(min-width: 1200px) 560px, (min-width: 992px) 50vw, 100vw\" width=\"2500px\" alt=\"4x opony 275\/45R20 MICHELIN PILOT ALPIN 5 SUV 110V\"\/ style=\"max-width: 100%; height: auto; display: block; margin: 0 auto;\"><\/div>\n<\/div>\n<\/div>\n<\/div>\n<\/div>\n<\/div>\n<div style=\"clear: both; display: block; margin: 10px 0;\">\n<div style=\"clear: both; display: block; margin: 10px 0;\">\n<div style=\"clear: both; display: block; margin: 10px 0;\">\n<h3 style=\"color: #2c5aa0; font-size: 18px; margin: 30px 0 15px 0; font-weight: bold; clear: both; display: block; width: 100%; float: none; position: static;\">Informacje dodatkowe:<\/h3>\n<ul style=\"margin: 15px 0; padding-left: 20px; clear: both; display: block; width: 100%; float: none; position: static;\">\n<li style=\"margin: 5px 0; padding: 2px 0; clear: both; display: list-item; float: none; position: static;\">rok produkcji: 2024\/2025 (kupuj\u0105c z tej oferty otrzymasz opony fabrycznie nowe, pe\u0142nowarto\u015bciowe) <\/li>\n<li style=\"margin: 5px 0; padding: 2px 0; clear: both; display: list-item; float: none; position: static;\">stan: fabrycznie nowe <\/li>\n<\/ul>\n<\/div>\n<\/div>\n<\/div>\n<div style=\"clear: both; display: block; margin: 10px 0;\">\n<div style=\"clear: both; display: block; margin: 10px 0;\">\n<div style=\"clear: both; display: block; margin: 10px 0;\">\n<h3 style=\"color: #2c5aa0; font-size: 18px; margin: 30px 0 15px 0; font-weight: bold; clear: both; display: block; width: 100%; float: none; position: static;\">Przeznaczenie<\/h3>\n<p style=\"margin: 15px 0; line-height: 1.8; clear: both; display: block; width: 100%; float: none; position: static;\">Opony Michelin Pilot Alpin 5 SUV to ogumienie zimowe przeznaczone do montowania na ko\u0142ach samochod\u00f3w typu SUV. Producent opon Alpin 5 SUV po\u0142o\u017cy\u0142 nacisk na zapewnienie wysokich osi\u0105g\u00f3w, bezpiecze\u0144stwa i kontroli toru jazdy w trakcie jazdy po zimowych drogach.<\/p>\n<h3 style=\"color: #2c5aa0; font-size: 18px; margin: 30px 0 15px 0; font-weight: bold; clear: both; display: block; width: 100%; float: none; position: static;\">Technologia<\/h3>\n<p style=\"margin: 15px 0; line-height: 1.8; clear: both; display: block; width: 100%; float: none; position: static;\">Zimowe opony samochodowe Michelin Pilot Alpin 5 SUV zaprojektowano specjalnie dla du\u017cych i ci\u0119\u017ckich aut sportowo-u\u017cytkowych. Tak\u017ce tych z silnikami o du\u017cej mocy. Producent zastosowa\u0142 specjalny karkas, aby stworzy\u0107 mocn\u0105 opon\u0119 z bardzo mocnymi bokami. Ca\u0142a konstrukcja opony zosta\u0142a dostosowana do eksploatacji na ko\u0142ach pojazd\u00f3w sportowo-u\u017cytkowych. Opony wyprodukowano z nowoczesnej mieszanki gumowej, z szeregiem wype\u0142niaczy oraz specjalnych dodatk\u00f3w. Dzi\u0119ki nim uda\u0142o si\u0119 stworzy\u0107 mieszank\u0119 zachowuj\u0105c\u0105 elastyczno\u015b\u0107 nawet w bardzo niskich temperaturach zewn\u0119trznych. Dzi\u0119ki temu opony mog\u0105 zachowywa\u0107 w\u0142a\u015bciw\u0105 przyczepno\u015b\u0107 oraz kr\u00f3tk\u0105 drog\u0119 hamowania. Ca\u0142o\u015b\u0107 uzupe\u0142nia nowoczesny bie\u017cnik kierunkowy, kt\u00f3ry zaprojektowano tak, aby zwi\u0119kszy\u0107 osi\u0105gi na nawierzchniach suchych, mokrych i pokrytych \u015bniegiem, w trakcie niskich, zimowych temperatur.<\/p>\n<h3 style=\"color: #2c5aa0; font-size: 18px; margin: 30px 0 15px 0; font-weight: bold; clear: both; display: block; width: 100%; float: none; position: static;\">Bie\u017cnik<\/h3>\n<p style=\"margin: 15px 0; line-height: 1.8; clear: both; display: block; width: 100%; float: none; position: static;\">Zimowe opony samochodowe Michelin Pilot Alpin 5 SUV maj\u0105 kierunkowy bie\u017cnik symetryczny. Na czole opony znajduje si\u0119 rowek wzd\u0142u\u017cny. Na bokach znajduj\u0105 si\u0119 rozmieszczone symetrycznie promieniste rowki. Wyznaczaj\u0105 one kszta\u0142t klock\u00f3w na czole opony i s\u0142u\u017c\u0105 do sprawnego usuwania wody, \u015bniegu i b\u0142ota sprzed czo\u0142a opony.<\/p>\n<h3 style=\"color: #2c5aa0; font-size: 18px; margin: 30px 0 15px 0; font-weight: bold; clear: both; display: block; width: 100%; float: none; position: static;\">Producent<\/h3>\n<p style=\"margin: 15px 0; line-height: 1.8; clear: both; display: block; width: 100%; float: none; position: static;\">Michelin to jeden z najwi\u0119kszych i najbardziej znanych producent\u00f3w ogumienia samochodowego na \u015bwiecie. Marka Michelin znana jest r\u00f3wnie\u017c z map i przewodnik\u00f3w. Firma rozpocz\u0119\u0142a dzia\u0142alno\u015b\u0107 w 1889 roku, zosta\u0142a za\u0142o\u017cona przez dw\u00f3ch braci. Na pocz\u0105tku swojej dzia\u0142alno\u015bci produkowa\u0142a opony do powoz\u00f3w konnych. W 1891 roku bracia Michelin opracowali pierwsz\u0105 na \u015bwiecie wymienn\u0105 opon\u0119 rowerow\u0105, z d\u0119tk\u0105. Nast\u0119pnie opracowano opon\u0119 pneumatyczn\u0105 do powoz\u00f3w, a kilkana\u015bcie lat p\u00f3\u017aniej \u2013 do pierwszych samochod\u00f3w. W 1913 roku bracia Michelin stworzyli wymienne ko\u0142o samochodowe. W 1949 roku in\u017cynierowie Michelin opracowali pierwsz\u0105 na \u015bwiecie opon\u0119 radialn\u0105. W 1990 roku z kolei Michelin zadziwi\u0142 \u015bwiat, opracowuj\u0105c pierwsz\u0105 opon\u0119 o niskich oporach toczenia. Aktualnie firma posiada kilkadziesi\u0105t zak\u0142ad\u00f3w produkuj\u0105cych opony na ca\u0142ym \u015bwiecie. Poza oponami samochodowymi Michelin produkuje opony do samochod\u00f3w ci\u0119\u017carowych, pojazd\u00f3w rolniczych, motocykli, motorower\u00f3w oraz rower\u00f3w.<\/p>\n<\/div>\n<\/div>\n<\/div>\n<div style=\"clear: both; display: block; margin: 10px 0;\">\n<div style=\"clear: both; display: block; margin: 10px 0;\">\n<div style=\"clear: both; display: block; margin: 10px 0;\">\n<div  style=\"max-width:2500px;max-height:2500px\">\n<div style=\"clear: both; display: block; margin: 10px 0;\">\n<div style=\"clear: both; width: 100%; display: block; margin: 20px 0; padding: 0; float: none; position: static; text-align: center;\"><img decoding=\"async\"  src=\"https:\/\/6.allegroimg.com\/original\/001a60\/2097406a4e6591a9cae9f912ea16\/4x-opony-275-45R20-MICHELIN-PILOT-ALPIN-5-SUV-110V\" srcset=\"https:\/\/6.allegroimg.com\/original\/001a60\/2097406a4e6591a9cae9f912ea16\/4x-opony-275-45R20-MICHELIN-PILOT-ALPIN-5-SUV-110V 360w,https:\/\/6.allegroimg.com\/original\/001a60\/2097406a4e6591a9cae9f912ea16\/4x-opony-275-45R20-MICHELIN-PILOT-ALPIN-5-SUV-110V 720w,https:\/\/6.allegroimg.com\/original\/001a60\/2097406a4e6591a9cae9f912ea16\/4x-opony-275-45R20-MICHELIN-PILOT-ALPIN-5-SUV-110V 1024w,https:\/\/6.allegroimg.com\/original\/001a60\/2097406a4e6591a9cae9f912ea16\/4x-opony-275-45R20-MICHELIN-PILOT-ALPIN-5-SUV-110V 1440w,https:\/\/6.allegroimg.com\/original\/001a60\/2097406a4e6591a9cae9f912ea16\/4x-opony-275-45R20-MICHELIN-PILOT-ALPIN-5-SUV-110V 2500w\" sizes=\"100vw\" width=\"2500px\" alt=\"4x opony 275\/45R20 MICHELIN PILOT ALPIN 5 SUV 110V\"\/ style=\"max-width: 100%; height: auto; display: block; margin: 0 auto;\"><\/div>\n<\/div>\n<\/div>\n<\/div>\n<\/div>\n<\/div>\n<\/div>\n<\/div>\n<\/div>\n<div style=\"clear: both; display: block; margin: 10px 0;\">\n","protected":false},"excerpt":{"rendered":"<p>Opona zimowa Michelin Pilot Alpin 5 SUV 275\/45R20 110 V wzmocnienie (XL) * &#8211; BMW<\/p>\n<p>Opona zimowa Michelin Pilot Alpin 5 SUV 275\/45R20 110 V<\/p>\n<p>Cechy produktu:<\/p>\n<p>sezon: zimowe<\/p>\n<p>szeroko\u015b\u0107\/profil\/\u015brednica: 275\/45R20<\/p>\n<p>indeks pr\u0119dko\u015bci: V do 240 km\/h<\/p>\n<p>indeks no\u015bno\u015bci: 110 &#8211; 1060 kg<\/p>\n<p>wzmocnienie (XL)<\/p>\n","protected":false},"featured_media":9900,"template":"","meta":{"_uag_custom_page_level_css":""},"product_brand":[429],"product_cat":[414,413,412,415],"product_tag":[],"class_list":{"0":"post-9899","1":"product","2":"type-product","3":"status-publish","4":"has-post-thumbnail","6":"product_brand-michelin","7":"product_cat-do-samochodow-osobowych-i-suv","8":"product_cat-opony","9":"product_cat-opony-i-felgi","10":"product_cat-zimowe","12":"first","13":"instock","14":"sale","15":"shipping-taxable","16":"purchasable","17":"product-type-simple"},"uagb_featured_image_src":{"full":["https:\/\/oponixo.shop\/tire\/wp-content\/uploads\/2025\/12\/allegro-image-9899.jpg",2500,2500,false],"thumbnail":["https:\/\/oponixo.shop\/tire\/wp-content\/uploads\/2025\/12\/allegro-image-9899-150x150.jpg",150,150,true],"medium":["https:\/\/oponixo.shop\/tire\/wp-content\/uploads\/2025\/12\/allegro-image-9899-300x300.jpg",300,300,true],"medium_large":["https:\/\/oponixo.shop\/tire\/wp-content\/uploads\/2025\/12\/allegro-image-9899-768x768.jpg",768,768,true],"large":["https:\/\/oponixo.shop\/tire\/wp-content\/uploads\/2025\/12\/allegro-image-9899-1024x1024.jpg",1024,1024,true],"1536x1536":["https:\/\/oponixo.shop\/tire\/wp-content\/uploads\/2025\/12\/allegro-image-9899-1536x1536.jpg",1536,1536,true],"2048x2048":["https:\/\/oponixo.shop\/tire\/wp-content\/uploads\/2025\/12\/allegro-image-9899-2048x2048.jpg",2048,2048,true],"woocommerce_thumbnail":["https:\/\/oponixo.shop\/tire\/wp-content\/uploads\/2025\/12\/allegro-image-9899-300x300.jpg",300,300,true],"woocommerce_single":["https:\/\/oponixo.shop\/tire\/wp-content\/uploads\/2025\/12\/allegro-image-9899-600x600.jpg",600,600,true],"woocommerce_gallery_thumbnail":["https:\/\/oponixo.shop\/tire\/wp-content\/uploads\/2025\/12\/allegro-image-9899-100x100.jpg",100,100,true]},"uagb_author_info":{"display_name":"admin","author_link":"https:\/\/oponixo.shop\/tire\/author\/"},"uagb_comment_info":0,"uagb_excerpt":"Opona zimowa Michelin Pilot Alpin 5 SUV 275\/45R20 110 V wzmocnienie (XL) * - BMW Opona zimowa Michelin Pilot Alpin 5 SUV 275\/45R20 110 V Cechy produktu: sezon: zimowe szeroko\u015b\u0107\/profil\/\u015brednica: 275\/45R20 indeks pr\u0119dko\u015bci: V do 240 km\/h indeks no\u015bno\u015bci: 110 - 1060 kg wzmocnienie (XL)","_links":{"self":[{"href":"https:\/\/oponixo.shop\/tire\/wp-json\/wp\/v2\/product\/9899","targetHints":{"allow":["GET"]}}],"collection":[{"href":"https:\/\/oponixo.shop\/tire\/wp-json\/wp\/v2\/product"}],"about":[{"href":"https:\/\/oponixo.shop\/tire\/wp-json\/wp\/v2\/types\/product"}],"wp:featuredmedia":[{"embeddable":true,"href":"https:\/\/oponixo.shop\/tire\/wp-json\/wp\/v2\/media\/9900"}],"wp:attachment":[{"href":"https:\/\/oponixo.shop\/tire\/wp-json\/wp\/v2\/media?parent=9899"}],"wp:term":[{"taxonomy":"product_brand","embeddable":true,"href":"https:\/\/oponixo.shop\/tire\/wp-json\/wp\/v2\/product_brand?post=9899"},{"taxonomy":"product_cat","embeddable":true,"href":"https:\/\/oponixo.shop\/tire\/wp-json\/wp\/v2\/product_cat?post=9899"},{"taxonomy":"product_tag","embeddable":true,"href":"https:\/\/oponixo.shop\/tire\/wp-json\/wp\/v2\/product_tag?post=9899"}],"curies":[{"name":"wp","href":"https:\/\/api.w.org\/{rel}","templated":true}]}}