{"id":9901,"date":"2025-12-25T08:05:09","date_gmt":"2025-12-25T08:05:09","guid":{"rendered":"https:\/\/oponyexpert.shop\/xef5\/produkt\/4x-opona-235-50r20-pirelli-scorpion-winter-2-104-v\/"},"modified":"2025-12-25T08:05:09","modified_gmt":"2025-12-25T08:05:09","slug":"4x-opona-235-50r20-pirelli-scorpion-winter-2-104-v","status":"publish","type":"product","link":"https:\/\/oponixo.shop\/tire\/produkt\/4x-opona-235-50r20-pirelli-scorpion-winter-2-104-v\/","title":{"rendered":"4x opona 235\/50R20 PIRELLI SCORPION WINTER 2 104 V"},"content":{"rendered":"<div style=\"font-family: Arial, sans-serif; line-height: 1.6; color: #333; padding: 20px; clear: both; display: block; width: 100%; float: none; position: static; overflow: hidden;\">\n<div style=\"clear: both; display: block; margin: 10px 0;\">\n<div style=\"clear: both; display: block; margin: 10px 0;\">\n<div style=\"clear: both; display: block; margin: 10px 0;\">\n<h2>Opona zimowa Pirelli Scorpion Winter 2 235\/50R20 104 V oznaczenie M+S (mud and snow), przyczepno\u015b\u0107 na \u015bniegu (3PMSF), rant ochronny, wzmocnienie (XL)<\/h2>\n<p style=\"margin: 15px 0; line-height: 1.8; clear: both; display: block; width: 100%; float: none; position: static;\">Opona zimowa Pirelli Scorpion Winter 2 235\/50R20 104 V<\/p>\n<p style=\"margin: 15px 0; line-height: 1.8; clear: both; display: block; width: 100%; float: none; position: static;\">Cechy produktu:<\/p>\n<ul style=\"margin: 15px 0; padding-left: 20px; clear: both; display: block; width: 100%; float: none; position: static;\">\n<li style=\"margin: 5px 0; padding: 2px 0; clear: both; display: list-item; float: none; position: static;\">sezon: zimowe<\/li>\n<li style=\"margin: 5px 0; padding: 2px 0; clear: both; display: list-item; float: none; position: static;\">szeroko\u015b\u0107\/profil\/\u015brednica: 235\/50R20<\/li>\n<li style=\"margin: 5px 0; padding: 2px 0; clear: both; display: list-item; float: none; position: static;\">indeks no\u015bno\u015bci: 104 &#8211; 900 kg<\/li>\n<li style=\"margin: 5px 0; padding: 2px 0; clear: both; display: list-item; float: none; position: static;\">indeks pr\u0119dko\u015bci: V do 240 km\/h<\/li>\n<li style=\"margin: 5px 0; padding: 2px 0; clear: both; display: list-item; float: none; position: static;\">wzmocnienie (XL)<\/li>\n<li style=\"margin: 5px 0; padding: 2px 0; clear: both; display: list-item; float: none; position: static;\">przyczepno\u015b\u0107 na \u015bniegu (3PMSF)<\/li>\n<\/ul>\n<\/div>\n<\/div>\n<div style=\"clear: both; display: block; margin: 10px 0;\">\n<div style=\"clear: both; display: block; margin: 10px 0;\">\n<div  style=\"max-width:600px;max-height:600px\">\n<div style=\"clear: both; display: block; margin: 10px 0;\">\n<div style=\"clear: both; width: 100%; display: block; margin: 20px 0; padding: 0; float: none; position: static; text-align: center;\"><img decoding=\"async\"  src=\"https:\/\/a.allegroimg.com\/original\/11685e\/950d00fc4993b3d05ac76e66387c\/4x-opona-235-50R20-PIRELLI-SCORPION-WINTER-2-104-V\" srcset=\"https:\/\/a.allegroimg.com\/original\/11685e\/950d00fc4993b3d05ac76e66387c\/4x-opona-235-50R20-PIRELLI-SCORPION-WINTER-2-104-V 360w,https:\/\/a.allegroimg.com\/original\/11685e\/950d00fc4993b3d05ac76e66387c\/4x-opona-235-50R20-PIRELLI-SCORPION-WINTER-2-104-V 600w,https:\/\/a.allegroimg.com\/original\/11685e\/950d00fc4993b3d05ac76e66387c\/4x-opona-235-50R20-PIRELLI-SCORPION-WINTER-2-104-V 600w\" sizes=\"(min-width: 1200px) 560px, (min-width: 992px) 50vw, 100vw\" width=\"600px\" alt=\"4x opona 235\/50R20 PIRELLI SCORPION WINTER 2 104 V\"\/ style=\"max-width: 100%; height: auto; display: block; margin: 0 auto;\"><\/div>\n<\/div>\n<\/div>\n<\/div>\n<\/div>\n<\/div>\n<div style=\"clear: both; display: block; margin: 10px 0;\">\n<div style=\"clear: both; display: block; margin: 10px 0;\">\n<div style=\"clear: both; display: block; margin: 10px 0;\">\n<h3 style=\"color: #2c5aa0; font-size: 18px; margin: 30px 0 15px 0; font-weight: bold; clear: both; display: block; width: 100%; float: none; position: static;\">Informacje dodatkowe:<\/h3>\n<ul style=\"margin: 15px 0; padding-left: 20px; clear: both; display: block; width: 100%; float: none; position: static;\">\n<li style=\"margin: 5px 0; padding: 2px 0; clear: both; display: list-item; float: none; position: static;\">rok produkcji: 2024\/2025 (kupuj\u0105c z tej oferty otrzymasz opony fabrycznie nowe, pe\u0142nowarto\u015bciowe) <\/li>\n<li style=\"margin: 5px 0; padding: 2px 0; clear: both; display: list-item; float: none; position: static;\">stan: fabrycznie nowe <\/li>\n<\/ul>\n<\/div>\n<\/div>\n<\/div>\n<div style=\"clear: both; display: block; margin: 10px 0;\">\n<div style=\"clear: both; display: block; margin: 10px 0;\">\n<div style=\"clear: both; display: block; margin: 10px 0;\">\n<div  style=\"max-width:600px;max-height:600px\">\n<div style=\"clear: both; display: block; margin: 10px 0;\">\n<div style=\"clear: both; width: 100%; display: block; margin: 20px 0; padding: 0; float: none; position: static; text-align: center;\"><img decoding=\"async\"  src=\"https:\/\/a.allegroimg.com\/original\/11685e\/950d00fc4993b3d05ac76e66387c\/4x-opona-235-50R20-PIRELLI-SCORPION-WINTER-2-104-V\" srcset=\"https:\/\/a.allegroimg.com\/original\/11685e\/950d00fc4993b3d05ac76e66387c\/4x-opona-235-50R20-PIRELLI-SCORPION-WINTER-2-104-V 360w,https:\/\/a.allegroimg.com\/original\/11685e\/950d00fc4993b3d05ac76e66387c\/4x-opona-235-50R20-PIRELLI-SCORPION-WINTER-2-104-V 600w,https:\/\/a.allegroimg.com\/original\/11685e\/950d00fc4993b3d05ac76e66387c\/4x-opona-235-50R20-PIRELLI-SCORPION-WINTER-2-104-V 600w\" sizes=\"100vw\" width=\"600px\" alt=\"4x opona 235\/50R20 PIRELLI SCORPION WINTER 2 104 V\"\/ style=\"max-width: 100%; height: auto; display: block; margin: 0 auto;\"><\/div>\n<\/div>\n<\/div>\n<\/div>\n<\/div>\n<\/div>\n<\/div>\n<\/div>\n<\/div>\n<div style=\"clear: both; display: block; margin: 10px 0;\">\n","protected":false},"excerpt":{"rendered":"<p>Opona zimowa Pirelli Scorpion Winter 2 235\/50R20 104 V oznaczenie M+S (mud and snow), przyczepno\u015b\u0107 na \u015bniegu (3PMSF), rant ochronny, wzmocnienie (XL)<\/p>\n<p>Opona zimowa Pirelli Scorpion Winter 2 235\/50R20 104 V<\/p>\n<p>Cechy produktu:<\/p>\n<p>sezon: zimowe<\/p>\n<p>szeroko\u015b\u0107\/profil\/\u015brednica: 235\/50R20<\/p>\n<p>indeks no\u015bno\u015bci: 104 &#8211; 900 kg<\/p>\n<p>indeks pr\u0119dko\u015bci: V do 240 km\/h<\/p>\n<p>wzmocnienie (XL)<\/p>\n","protected":false},"featured_media":9902,"template":"","meta":{"_uag_custom_page_level_css":""},"product_brand":[433],"product_cat":[414,413,412,415],"product_tag":[],"class_list":{"0":"post-9901","1":"product","2":"type-product","3":"status-publish","4":"has-post-thumbnail","6":"product_brand-pirelli","7":"product_cat-do-samochodow-osobowych-i-suv","8":"product_cat-opony","9":"product_cat-opony-i-felgi","10":"product_cat-zimowe","12":"first","13":"instock","14":"sale","15":"shipping-taxable","16":"purchasable","17":"product-type-simple"},"uagb_featured_image_src":{"full":["https:\/\/oponixo.shop\/tire\/wp-content\/uploads\/2025\/12\/allegro-image-9901.jpg",600,600,false],"thumbnail":["https:\/\/oponixo.shop\/tire\/wp-content\/uploads\/2025\/12\/allegro-image-9901-150x150.jpg",150,150,true],"medium":["https:\/\/oponixo.shop\/tire\/wp-content\/uploads\/2025\/12\/allegro-image-9901-300x300.jpg",300,300,true],"medium_large":["https:\/\/oponixo.shop\/tire\/wp-content\/uploads\/2025\/12\/allegro-image-9901.jpg",600,600,false],"large":["https:\/\/oponixo.shop\/tire\/wp-content\/uploads\/2025\/12\/allegro-image-9901.jpg",600,600,false],"1536x1536":["https:\/\/oponixo.shop\/tire\/wp-content\/uploads\/2025\/12\/allegro-image-9901.jpg",600,600,false],"2048x2048":["https:\/\/oponixo.shop\/tire\/wp-content\/uploads\/2025\/12\/allegro-image-9901.jpg",600,600,false],"woocommerce_thumbnail":["https:\/\/oponixo.shop\/tire\/wp-content\/uploads\/2025\/12\/allegro-image-9901-300x300.jpg",300,300,true],"woocommerce_single":["https:\/\/oponixo.shop\/tire\/wp-content\/uploads\/2025\/12\/allegro-image-9901.jpg",600,600,false],"woocommerce_gallery_thumbnail":["https:\/\/oponixo.shop\/tire\/wp-content\/uploads\/2025\/12\/allegro-image-9901-100x100.jpg",100,100,true]},"uagb_author_info":{"display_name":"admin","author_link":"https:\/\/oponixo.shop\/tire\/author\/"},"uagb_comment_info":0,"uagb_excerpt":"Opona zimowa Pirelli Scorpion Winter 2 235\/50R20 104 V oznaczenie M+S (mud and snow), przyczepno\u015b\u0107 na \u015bniegu (3PMSF), rant ochronny, wzmocnienie (XL) Opona zimowa Pirelli Scorpion Winter 2 235\/50R20 104 V Cechy produktu: sezon: zimowe szeroko\u015b\u0107\/profil\/\u015brednica: 235\/50R20 indeks no\u015bno\u015bci: 104 - 900 kg indeks pr\u0119dko\u015bci: V do 240 km\/h wzmocnienie (XL)","_links":{"self":[{"href":"https:\/\/oponixo.shop\/tire\/wp-json\/wp\/v2\/product\/9901","targetHints":{"allow":["GET"]}}],"collection":[{"href":"https:\/\/oponixo.shop\/tire\/wp-json\/wp\/v2\/product"}],"about":[{"href":"https:\/\/oponixo.shop\/tire\/wp-json\/wp\/v2\/types\/product"}],"wp:featuredmedia":[{"embeddable":true,"href":"https:\/\/oponixo.shop\/tire\/wp-json\/wp\/v2\/media\/9902"}],"wp:attachment":[{"href":"https:\/\/oponixo.shop\/tire\/wp-json\/wp\/v2\/media?parent=9901"}],"wp:term":[{"taxonomy":"product_brand","embeddable":true,"href":"https:\/\/oponixo.shop\/tire\/wp-json\/wp\/v2\/product_brand?post=9901"},{"taxonomy":"product_cat","embeddable":true,"href":"https:\/\/oponixo.shop\/tire\/wp-json\/wp\/v2\/product_cat?post=9901"},{"taxonomy":"product_tag","embeddable":true,"href":"https:\/\/oponixo.shop\/tire\/wp-json\/wp\/v2\/product_tag?post=9901"}],"curies":[{"name":"wp","href":"https:\/\/api.w.org\/{rel}","templated":true}]}}