{"id":9905,"date":"2025-12-25T08:05:10","date_gmt":"2025-12-25T08:05:10","guid":{"rendered":"https:\/\/oponyexpert.shop\/xef5\/produkt\/4x-275-55r20-opony-zimowe-nowe-przyczepnosc-na-sniegu-3pmsf-c-na-mokrym-xl\/"},"modified":"2025-12-25T08:05:11","modified_gmt":"2025-12-25T08:05:11","slug":"4x-275-55r20-opony-zimowe-nowe-przyczepnosc-na-sniegu-3pmsf-c-na-mokrym-xl","status":"publish","type":"product","link":"https:\/\/oponixo.shop\/tire\/produkt\/4x-275-55r20-opony-zimowe-nowe-przyczepnosc-na-sniegu-3pmsf-c-na-mokrym-xl\/","title":{"rendered":"4x 275\/55R20 OPONY ZIMOWE NOWE PRZYCZEPNO\u015a\u0106 NA \u015aNIEGU 3PMSF C na MOKRYM XL"},"content":{"rendered":"<div style=\"font-family: Arial, sans-serif; line-height: 1.6; color: #333; padding: 20px; clear: both; display: block; width: 100%; float: none; position: static; overflow: hidden;\">\n<div style=\"clear: both; display: block; margin: 10px 0;\">\n<div style=\"clear: both; display: block; margin: 10px 0;\">\n<div style=\"clear: both; display: block; margin: 10px 0;\">\n<h1>4x 275\/55R20 OPONY ZIMOWE NOWE PRZYCZEPNO\u015a\u0106 NA \u015aNIEGU 3PMSF C na MOKRYM XL<\/h1>\n<\/div>\n<\/div>\n<\/div>\n<div style=\"clear: both; display: block; margin: 10px 0;\">\n<div style=\"clear: both; display: block; margin: 10px 0;\">\n<div style=\"clear: both; display: block; margin: 10px 0;\">\n<div  style=\"max-width:900px;max-height:900px\">\n<div style=\"clear: both; display: block; margin: 10px 0;\">\n<div style=\"clear: both; width: 100%; display: block; margin: 20px 0; padding: 0; float: none; position: static; text-align: center;\"><img decoding=\"async\"  src=\"https:\/\/a.allegroimg.com\/original\/11dd95\/dc4d634e4fd8864381880524f510\/4x-275-55R20-OPONY-ZIMOWE-NOWE-PRZYCZEPNOSC-NA-SNIEGU-3PMSF-C-na-MOKRYM-XL-EAN-GTIN-6972528170227\" srcset=\"https:\/\/a.allegroimg.com\/original\/11dd95\/dc4d634e4fd8864381880524f510\/4x-275-55R20-OPONY-ZIMOWE-NOWE-PRZYCZEPNOSC-NA-SNIEGU-3PMSF-C-na-MOKRYM-XL-EAN-GTIN-6972528170227 360w,https:\/\/a.allegroimg.com\/original\/11dd95\/dc4d634e4fd8864381880524f510\/4x-275-55R20-OPONY-ZIMOWE-NOWE-PRZYCZEPNOSC-NA-SNIEGU-3PMSF-C-na-MOKRYM-XL-EAN-GTIN-6972528170227 720w,https:\/\/a.allegroimg.com\/original\/11dd95\/dc4d634e4fd8864381880524f510\/4x-275-55R20-OPONY-ZIMOWE-NOWE-PRZYCZEPNOSC-NA-SNIEGU-3PMSF-C-na-MOKRYM-XL-EAN-GTIN-6972528170227 900w,https:\/\/a.allegroimg.com\/original\/11dd95\/dc4d634e4fd8864381880524f510\/4x-275-55R20-OPONY-ZIMOWE-NOWE-PRZYCZEPNOSC-NA-SNIEGU-3PMSF-C-na-MOKRYM-XL-EAN-GTIN-6972528170227 900w\" sizes=\"(min-width: 1200px) 560px, (min-width: 992px) 50vw, 100vw\" width=\"900px\" alt=\"4x 275\/55R20 OPONY ZIMOWE NOWE PRZYCZEPNO\u015a\u0106 NA \u015aNIEGU 3PMSF C na MOKRYM XL EAN (GTIN) 6972528170227\"\/ style=\"max-width: 100%; height: auto; display: block; margin: 0 auto;\"><\/div>\n<\/div>\n<\/div>\n<\/div>\n<\/div>\n<div style=\"clear: both; display: block; margin: 10px 0;\">\n<div style=\"clear: both; display: block; margin: 10px 0;\">\n<h2>4x 275\/55R20 OPONY ZIMOWE NOWE PRZYCZEPNO\u015a\u0106 NA \u015aNIEGU 3PMSF C na MOKRYM XL<\/h2>\n<p style=\"margin: 15px 0; line-height: 1.8; clear: both; display: block; width: 100%; float: none; position: static;\">Rozmiar: <b>275\/55R20<\/b><\/p>\n<p style=\"margin: 15px 0; line-height: 1.8; clear: both; display: block; width: 100%; float: none; position: static;\">Indeks pr\u0119dko\u015bci: <b>V = max 240km\/h<\/b><\/p>\n<p style=\"margin: 15px 0; line-height: 1.8; clear: both; display: block; width: 100%; float: none; position: static;\">Indeks no\u015bno\u015bci:&nbsp;<b>117<\/b><\/p>\n<p style=\"margin: 15px 0; line-height: 1.8; clear: both; display: block; width: 100%; float: none; position: static;\">Sezon: <b>zimowe<\/b><\/p>\n<p style=\"margin: 15px 0; line-height: 1.8; clear: both; display: block; width: 100%; float: none; position: static;\">Typ: <b>samochody osobowe, SUV<\/b><\/p>\n<p style=\"margin: 15px 0; line-height: 1.8; clear: both; display: block; width: 100%; float: none; position: static;\">Trudne warunki o\u015bnie\u017cania: <b>Tak<\/b><\/p>\n<\/div>\n<\/div>\n<\/div>\n<div style=\"clear: both; display: block; margin: 10px 0;\">\n<div style=\"clear: both; display: block; margin: 10px 0;\">\n<div style=\"clear: both; display: block; margin: 10px 0;\">\n<div  style=\"max-width:662px;max-height:900px\">\n<div style=\"clear: both; display: block; margin: 10px 0;\">\n<div style=\"clear: both; width: 100%; display: block; margin: 20px 0; padding: 0; float: none; position: static; text-align: center;\"><img decoding=\"async\"  src=\"https:\/\/a.allegroimg.com\/original\/11a2da\/8f14b778461d95b32047ef940df7\/4x-275-55R20-OPONY-ZIMOWE-NOWE-PRZYCZEPNOSC-NA-SNIEGU-3PMSF-C-na-MOKRYM-XL-Kod-producenta-4WI2278H1\" srcset=\"https:\/\/a.allegroimg.com\/original\/11a2da\/8f14b778461d95b32047ef940df7\/4x-275-55R20-OPONY-ZIMOWE-NOWE-PRZYCZEPNOSC-NA-SNIEGU-3PMSF-C-na-MOKRYM-XL-Kod-producenta-4WI2278H1 264w,https:\/\/a.allegroimg.com\/original\/11a2da\/8f14b778461d95b32047ef940df7\/4x-275-55R20-OPONY-ZIMOWE-NOWE-PRZYCZEPNOSC-NA-SNIEGU-3PMSF-C-na-MOKRYM-XL-Kod-producenta-4WI2278H1 529w,https:\/\/a.allegroimg.com\/original\/11a2da\/8f14b778461d95b32047ef940df7\/4x-275-55R20-OPONY-ZIMOWE-NOWE-PRZYCZEPNOSC-NA-SNIEGU-3PMSF-C-na-MOKRYM-XL-Kod-producenta-4WI2278H1 662w,https:\/\/a.allegroimg.com\/original\/11a2da\/8f14b778461d95b32047ef940df7\/4x-275-55R20-OPONY-ZIMOWE-NOWE-PRZYCZEPNOSC-NA-SNIEGU-3PMSF-C-na-MOKRYM-XL-Kod-producenta-4WI2278H1 662w\" sizes=\"(min-width: 1200px) 560px, (min-width: 992px) 50vw, 100vw\" width=\"662px\" alt=\"4x 275\/55R20 OPONY ZIMOWE NOWE PRZYCZEPNO\u015a\u0106 NA \u015aNIEGU 3PMSF C na MOKRYM XL Kod producenta 4WI2278H1\"\/ style=\"max-width: 100%; height: auto; display: block; margin: 0 auto;\"><\/div>\n<\/div>\n<\/div>\n<\/div>\n<\/div>\n<div style=\"clear: both; display: block; margin: 10px 0;\">\n<div style=\"clear: both; display: block; margin: 10px 0;\">\n<h2>OPIS OG\u00d3LNY<\/h2>\n<p style=\"margin: 15px 0; line-height: 1.8; clear: both; display: block; width: 100%; float: none; position: static;\">Opona zimowa <b>WINDFORCE SNOWBLAZER UHP<\/b>&nbsp;zosta\u0142a zaprojektowana z my\u015bl\u0105 o pewnej i bezpiecznej je\u017adzie w trudnych warunkach zimowych. <b>Nowoczesny bie\u017cnik asymetryczny w&nbsp;<\/b>z licznymi lamelami zapewnia doskona\u0142\u0105 przyczepno\u015b\u0107 na \u015bniegu, b\u0142ocie po\u015bniegowym i mokrej nawierzchni. Szerokie rowki odprowadzaj\u0105 wod\u0119 i roztapiaj\u0105cy si\u0119 \u015bnieg, minimalizuj\u0105c ryzyko aquaplaningu.<\/p>\n<h2>ZASTOSOWANIE<\/h2>\n<p style=\"margin: 15px 0; line-height: 1.8; clear: both; display: block; width: 100%; float: none; position: static;\">Idealna dla kierowc\u00f3w poszukuj\u0105cych opon zimowych do samochod\u00f3w osobowych i SUV-\u00f3w, kt\u00f3rzy oczekuj\u0105 dobrego prowadzenia na \u015bniegu oraz wysokiego komfortu jazdy w niskich temperaturach. Sprawdza si\u0119 zar\u00f3wno w codziennej eksploatacji miejskiej, jak i na d\u0142u\u017cszych trasach.<\/p>\n<\/div>\n<\/div>\n<\/div>\n<div style=\"clear: both; display: block; margin: 10px 0;\">\n<div style=\"clear: both; display: block; margin: 10px 0;\">\n<div style=\"clear: both; display: block; margin: 10px 0;\">\n<div  style=\"max-width:900px;max-height:675px\">\n<div style=\"clear: both; display: block; margin: 10px 0;\">\n<div style=\"clear: both; width: 100%; display: block; margin: 20px 0; padding: 0; float: none; position: static; text-align: center;\"><img decoding=\"async\"  src=\"https:\/\/a.allegroimg.com\/original\/117fa8\/17e708f5443c9e8140a85c4f4958\/4x-275-55R20-OPONY-ZIMOWE-NOWE-PRZYCZEPNOSC-NA-SNIEGU-3PMSF-C-na-MOKRYM-XL-Marka-Windforce\" srcset=\"https:\/\/a.allegroimg.com\/original\/117fa8\/17e708f5443c9e8140a85c4f4958\/4x-275-55R20-OPONY-ZIMOWE-NOWE-PRZYCZEPNOSC-NA-SNIEGU-3PMSF-C-na-MOKRYM-XL-Marka-Windforce 360w,https:\/\/a.allegroimg.com\/original\/117fa8\/17e708f5443c9e8140a85c4f4958\/4x-275-55R20-OPONY-ZIMOWE-NOWE-PRZYCZEPNOSC-NA-SNIEGU-3PMSF-C-na-MOKRYM-XL-Marka-Windforce 720w,https:\/\/a.allegroimg.com\/original\/117fa8\/17e708f5443c9e8140a85c4f4958\/4x-275-55R20-OPONY-ZIMOWE-NOWE-PRZYCZEPNOSC-NA-SNIEGU-3PMSF-C-na-MOKRYM-XL-Marka-Windforce 900w,https:\/\/a.allegroimg.com\/original\/117fa8\/17e708f5443c9e8140a85c4f4958\/4x-275-55R20-OPONY-ZIMOWE-NOWE-PRZYCZEPNOSC-NA-SNIEGU-3PMSF-C-na-MOKRYM-XL-Marka-Windforce 900w\" sizes=\"(min-width: 1200px) 560px, (min-width: 992px) 50vw, 100vw\" width=\"900px\" alt=\"4x 275\/55R20 OPONY ZIMOWE NOWE PRZYCZEPNO\u015a\u0106 NA \u015aNIEGU 3PMSF C na MOKRYM XL Marka Windforce\"\/ style=\"max-width: 100%; height: auto; display: block; margin: 0 auto;\"><\/div>\n<\/div>\n<\/div>\n<\/div>\n<\/div>\n<div style=\"clear: both; display: block; margin: 10px 0;\">\n<div style=\"clear: both; display: block; margin: 10px 0;\">\n<h2>BUDOWA BIE\u017bNIKA<\/h2>\n<ul style=\"margin: 15px 0; padding-left: 20px; clear: both; display: block; width: 100%; float: none; position: static;\">\n<li style=\"margin: 5px 0; padding: 2px 0; clear: both; display: list-item; float: none; position: static;\">Asymetryczny wz\u00f3r \u2013 zwi\u0119ksza przyczepno\u015b\u0107 na \u015bniegu i lodzie.<\/li>\n<li style=\"margin: 5px 0; padding: 2px 0; clear: both; display: list-item; float: none; position: static;\">G\u0119sta sie\u0107 lameli \u2013 poprawia trakcj\u0119 oraz skraca drog\u0119 hamowania.<\/li>\n<li style=\"margin: 5px 0; padding: 2px 0; clear: both; display: list-item; float: none; position: static;\">Szerokie rowki obwodowe i poprzeczne \u2013 skutecznie odprowadzaj\u0105 b\u0142oto po\u015bniegowe i wod\u0119.<\/li>\n<li style=\"margin: 5px 0; padding: 2px 0; clear: both; display: list-item; float: none; position: static;\">Zoptymalizowana mieszanka gumowa \u2013 zachowuje elastyczno\u015b\u0107 nawet przy bardzo niskich temperaturach.<\/li>\n<\/ul>\n<h2>KORZY\u015aCI DLA KIEROWCY<\/h2>\n<ul style=\"margin: 15px 0; padding-left: 20px; clear: both; display: block; width: 100%; float: none; position: static;\">\n<li style=\"margin: 5px 0; padding: 2px 0; clear: both; display: list-item; float: none; position: static;\">pewne ruszanie i hamowanie na \u015bniegu,<\/li>\n<li style=\"margin: 5px 0; padding: 2px 0; clear: both; display: list-item; float: none; position: static;\">stabilne prowadzenie na mokrej nawierzchni,<\/li>\n<li style=\"margin: 5px 0; padding: 2px 0; clear: both; display: list-item; float: none; position: static;\">mniejsze ryzyko po\u015blizgu dzi\u0119ki efektywnemu odprowadzaniu wody,<\/li>\n<li style=\"margin: 5px 0; padding: 2px 0; clear: both; display: list-item; float: none; position: static;\">komfortowa jazda na suchych drogach zim\u0105.<\/li>\n<\/ul>\n<\/div>\n<\/div>\n<\/div>\n<div style=\"clear: both; display: block; margin: 10px 0;\">\n<div style=\"clear: both; display: block; margin: 10px 0;\">\n<div style=\"clear: both; display: block; margin: 10px 0;\">\n<div  style=\"max-width:1536px;max-height:1024px\">\n<div style=\"clear: both; display: block; margin: 10px 0;\">\n<div style=\"clear: both; width: 100%; display: block; margin: 20px 0; padding: 0; float: none; position: static; text-align: center;\"><img decoding=\"async\"  src=\"https:\/\/a.allegroimg.com\/original\/114b9b\/8075625c4cef9fde9932a2cd752a\/4x-275-55R20-OPONY-ZIMOWE-NOWE-PRZYCZEPNOSC-NA-SNIEGU-3PMSF-C-na-MOKRYM-XL-Klasa-pozostale-marki\" srcset=\"https:\/\/a.allegroimg.com\/original\/114b9b\/8075625c4cef9fde9932a2cd752a\/4x-275-55R20-OPONY-ZIMOWE-NOWE-PRZYCZEPNOSC-NA-SNIEGU-3PMSF-C-na-MOKRYM-XL-Klasa-pozostale-marki 360w,https:\/\/a.allegroimg.com\/original\/114b9b\/8075625c4cef9fde9932a2cd752a\/4x-275-55R20-OPONY-ZIMOWE-NOWE-PRZYCZEPNOSC-NA-SNIEGU-3PMSF-C-na-MOKRYM-XL-Klasa-pozostale-marki 720w,https:\/\/a.allegroimg.com\/original\/114b9b\/8075625c4cef9fde9932a2cd752a\/4x-275-55R20-OPONY-ZIMOWE-NOWE-PRZYCZEPNOSC-NA-SNIEGU-3PMSF-C-na-MOKRYM-XL-Klasa-pozostale-marki 1024w,https:\/\/a.allegroimg.com\/original\/114b9b\/8075625c4cef9fde9932a2cd752a\/4x-275-55R20-OPONY-ZIMOWE-NOWE-PRZYCZEPNOSC-NA-SNIEGU-3PMSF-C-na-MOKRYM-XL-Klasa-pozostale-marki 1440w,https:\/\/a.allegroimg.com\/original\/114b9b\/8075625c4cef9fde9932a2cd752a\/4x-275-55R20-OPONY-ZIMOWE-NOWE-PRZYCZEPNOSC-NA-SNIEGU-3PMSF-C-na-MOKRYM-XL-Klasa-pozostale-marki 1536w\" sizes=\"(min-width: 1200px) 560px, (min-width: 992px) 50vw, 100vw\" width=\"1536px\" alt=\"4x 275\/55R20 OPONY ZIMOWE NOWE PRZYCZEPNO\u015a\u0106 NA \u015aNIEGU 3PMSF C na MOKRYM XL Klasa pozosta\u0142e marki\"\/ style=\"max-width: 100%; height: auto; display: block; margin: 0 auto;\"><\/div>\n<\/div>\n<\/div>\n<\/div>\n<\/div>\n<div style=\"clear: both; display: block; margin: 10px 0;\">\n<div style=\"clear: both; display: block; margin: 10px 0;\">\n<h3 style=\"color: #2c5aa0; font-size: 18px; margin: 30px 0 15px 0; font-weight: bold; clear: both; display: block; width: 100%; float: none; position: static;\">O MARCE WINDFORCE<\/h3>\n<p style=\"margin: 15px 0; line-height: 1.8; clear: both; display: block; width: 100%; float: none; position: static;\">WINDFORCE to dynamicznie rozwijaj\u0105ca si\u0119 marka opon, nale\u017c\u0105ca do koncernu Shandong HAOHUA Tire Co., Ltd. \u2013 jednego z najwi\u0119kszych producent\u00f3w opon w Azji. Firma specjalizuje si\u0119 w projektowaniu i produkcji nowoczesnych opon do samochod\u00f3w osobowych, SUV-\u00f3w, aut dostawczych oraz pojazd\u00f3w ci\u0119\u017carowych.<\/p>\n<p style=\"margin: 15px 0; line-height: 1.8; clear: both; display: block; width: 100%; float: none; position: static;\">Dzi\u0119ki wykorzystaniu zaawansowanych technologii produkcji, nowoczesnych linii wytw\u00f3rczych oraz rygorystycznej kontroli jako\u015bci, opony WINDFORCE charakteryzuj\u0105 si\u0119 stabilnymi osi\u0105gami, wysokim poziomem bezpiecze\u0144stwa i atrakcyjn\u0105 cen\u0105.<\/p>\n<p style=\"margin: 15px 0; line-height: 1.8; clear: both; display: block; width: 100%; float: none; position: static;\">Marka zdoby\u0142a popularno\u015b\u0107 w Europie, Ameryce P\u00f3\u0142nocnej, Azji i na Bliskim Wschodzie, a jej produkty s\u0105 sprzedawane w ponad 100 krajach na ca\u0142ym \u015bwiecie. Opony WINDFORCE spe\u0142niaj\u0105 mi\u0119dzynarodowe normy jako\u015bci, posiadaj\u0105 certyfikaty ISO\/TS16949, ECE, DOT, GCC, INMETRO, a tak\u017ce europejskie oznaczenia jako\u015bci i bezpiecze\u0144stwa.<\/p>\n<h3 style=\"color: #2c5aa0; font-size: 18px; margin: 30px 0 15px 0; font-weight: bold; clear: both; display: block; width: 100%; float: none; position: static;\">DLACZEGO WARTO WYBRA\u0106 WINDFORCE?<\/h3>\n<ul style=\"margin: 15px 0; padding-left: 20px; clear: both; display: block; width: 100%; float: none; position: static;\">\n<li style=\"margin: 5px 0; padding: 2px 0; clear: both; display: list-item; float: none; position: static;\">Nowoczesne technologie \u2013 projektowanie bie\u017cnik\u00f3w z wykorzystaniem symulacji komputerowych.<\/li>\n<li style=\"margin: 5px 0; padding: 2px 0; clear: both; display: list-item; float: none; position: static;\">Kontrola jako\u015bci na ka\u017cdym etapie produkcji \u2013 zapewnia niezawodne parametry.<\/li>\n<li style=\"margin: 5px 0; padding: 2px 0; clear: both; display: list-item; float: none; position: static;\">Szeroka oferta \u2013 opony letnie, zimowe i ca\u0142oroczne w wielu rozmiarach.<\/li>\n<li style=\"margin: 5px 0; padding: 2px 0; clear: both; display: list-item; float: none; position: static;\">\u015awietny stosunek ceny do jako\u015bci \u2013 idealne rozwi\u0105zanie dla kierowc\u00f3w szukaj\u0105cych bezpiecznych i ekonomicznych opon.<\/li>\n<\/ul>\n<\/div>\n<\/div>\n<\/div>\n<\/div>\n<\/div>\n<\/div>\n<div style=\"clear: both; display: block; margin: 10px 0;\">\n","protected":false},"excerpt":{"rendered":"<p>4x 275\/55R20 OPONY ZIMOWE NOWE PRZYCZEPNO\u015a\u0106 NA \u015aNIEGU 3PMSF C na MOKRYM XL<\/p>\n<p>4x 275\/55R20 OPONY ZIMOWE NOWE PRZYCZEPNO\u015a\u0106 NA \u015aNIEGU 3PMSF C na MOKRYM XL<\/p>\n<p>Rozmiar: 275\/55R20<\/p>\n<p>Indeks pr\u0119dko\u015bci: V = max 240km\/h<\/p>\n<p>Indeks no\u015bno\u015bci:&nbsp;117<\/p>\n<p>Sezon: zimowe<\/p>\n<p>Typ: samochody osobowe, SUV<\/p>\n<p>Trudne warunki o\u015bnie\u017cania: Tak<\/p>\n","protected":false},"featured_media":9906,"template":"","meta":{"_uag_custom_page_level_css":""},"product_brand":[434],"product_cat":[414,413,412,415],"product_tag":[],"class_list":{"0":"post-9905","1":"product","2":"type-product","3":"status-publish","4":"has-post-thumbnail","6":"product_brand-windforce","7":"product_cat-do-samochodow-osobowych-i-suv","8":"product_cat-opony","9":"product_cat-opony-i-felgi","10":"product_cat-zimowe","12":"first","13":"instock","14":"sale","15":"shipping-taxable","16":"purchasable","17":"product-type-simple"},"uagb_featured_image_src":{"full":["https:\/\/oponixo.shop\/tire\/wp-content\/uploads\/2025\/12\/allegro-image-9905.jpg",900,900,false],"thumbnail":["https:\/\/oponixo.shop\/tire\/wp-content\/uploads\/2025\/12\/allegro-image-9905-150x150.jpg",150,150,true],"medium":["https:\/\/oponixo.shop\/tire\/wp-content\/uploads\/2025\/12\/allegro-image-9905-300x300.jpg",300,300,true],"medium_large":["https:\/\/oponixo.shop\/tire\/wp-content\/uploads\/2025\/12\/allegro-image-9905-768x768.jpg",768,768,true],"large":["https:\/\/oponixo.shop\/tire\/wp-content\/uploads\/2025\/12\/allegro-image-9905.jpg",900,900,false],"1536x1536":["https:\/\/oponixo.shop\/tire\/wp-content\/uploads\/2025\/12\/allegro-image-9905.jpg",900,900,false],"2048x2048":["https:\/\/oponixo.shop\/tire\/wp-content\/uploads\/2025\/12\/allegro-image-9905.jpg",900,900,false],"woocommerce_thumbnail":["https:\/\/oponixo.shop\/tire\/wp-content\/uploads\/2025\/12\/allegro-image-9905-300x300.jpg",300,300,true],"woocommerce_single":["https:\/\/oponixo.shop\/tire\/wp-content\/uploads\/2025\/12\/allegro-image-9905-600x600.jpg",600,600,true],"woocommerce_gallery_thumbnail":["https:\/\/oponixo.shop\/tire\/wp-content\/uploads\/2025\/12\/allegro-image-9905-100x100.jpg",100,100,true]},"uagb_author_info":{"display_name":"admin","author_link":"https:\/\/oponixo.shop\/tire\/author\/"},"uagb_comment_info":0,"uagb_excerpt":"4x 275\/55R20 OPONY ZIMOWE NOWE PRZYCZEPNO\u015a\u0106 NA \u015aNIEGU 3PMSF C na MOKRYM XL 4x 275\/55R20 OPONY ZIMOWE NOWE PRZYCZEPNO\u015a\u0106 NA \u015aNIEGU 3PMSF C na MOKRYM XL Rozmiar: 275\/55R20 Indeks pr\u0119dko\u015bci: V = max 240km\/h Indeks no\u015bno\u015bci:&nbsp;117 Sezon: zimowe Typ: samochody osobowe, SUV Trudne warunki o\u015bnie\u017cania: Tak","_links":{"self":[{"href":"https:\/\/oponixo.shop\/tire\/wp-json\/wp\/v2\/product\/9905","targetHints":{"allow":["GET"]}}],"collection":[{"href":"https:\/\/oponixo.shop\/tire\/wp-json\/wp\/v2\/product"}],"about":[{"href":"https:\/\/oponixo.shop\/tire\/wp-json\/wp\/v2\/types\/product"}],"wp:featuredmedia":[{"embeddable":true,"href":"https:\/\/oponixo.shop\/tire\/wp-json\/wp\/v2\/media\/9906"}],"wp:attachment":[{"href":"https:\/\/oponixo.shop\/tire\/wp-json\/wp\/v2\/media?parent=9905"}],"wp:term":[{"taxonomy":"product_brand","embeddable":true,"href":"https:\/\/oponixo.shop\/tire\/wp-json\/wp\/v2\/product_brand?post=9905"},{"taxonomy":"product_cat","embeddable":true,"href":"https:\/\/oponixo.shop\/tire\/wp-json\/wp\/v2\/product_cat?post=9905"},{"taxonomy":"product_tag","embeddable":true,"href":"https:\/\/oponixo.shop\/tire\/wp-json\/wp\/v2\/product_tag?post=9905"}],"curies":[{"name":"wp","href":"https:\/\/api.w.org\/{rel}","templated":true}]}}