{"id":9915,"date":"2025-12-25T08:05:13","date_gmt":"2025-12-25T08:05:13","guid":{"rendered":"https:\/\/oponyexpert.shop\/xef5\/produkt\/opona-zimowa-bridgestone-blizzak-lm005-235-55r20-105-v-3pmsf-xl\/"},"modified":"2025-12-25T08:05:13","modified_gmt":"2025-12-25T08:05:13","slug":"opona-zimowa-bridgestone-blizzak-lm005-235-55r20-105-v-3pmsf-xl","status":"publish","type":"product","link":"https:\/\/oponixo.shop\/tire\/produkt\/opona-zimowa-bridgestone-blizzak-lm005-235-55r20-105-v-3pmsf-xl\/","title":{"rendered":"Opona zimowa Bridgestone Blizzak LM005 235\/55R20 105 V 3PMSF (XL)"},"content":{"rendered":"<div style=\"font-family: Arial, sans-serif; line-height: 1.6; color: #333; padding: 20px; clear: both; display: block; width: 100%; float: none; position: static; overflow: hidden;\">\n<div style=\"clear: both; display: block; margin: 10px 0;\">\n<div style=\"clear: both; display: block; margin: 10px 0;\">\n<div style=\"clear: both; display: block; margin: 10px 0;\">\n<p style=\"margin: 15px 0; line-height: 1.8; clear: both; display: block; width: 100%; float: none; position: static;\">4x Opona zimowa Bridgestone Blizzak LM005 235\/55R20 105 V<\/p>\n<p style=\"margin: 15px 0; line-height: 1.8; clear: both; display: block; width: 100%; float: none; position: static;\">Cechy produktu:<\/p>\n<ul style=\"margin: 15px 0; padding-left: 20px; clear: both; display: block; width: 100%; float: none; position: static;\">\n<li style=\"margin: 5px 0; padding: 2px 0; clear: both; display: list-item; float: none; position: static;\">sezon: zimowe<\/li>\n<li style=\"margin: 5px 0; padding: 2px 0; clear: both; display: list-item; float: none; position: static;\">szeroko\u015b\u0107\/profil\/\u015brednica: 235\/55R20<\/li>\n<li style=\"margin: 5px 0; padding: 2px 0; clear: both; display: list-item; float: none; position: static;\">indeks no\u015bno\u015bci: 105 &#8211; 925 kg<\/li>\n<li style=\"margin: 5px 0; padding: 2px 0; clear: both; display: list-item; float: none; position: static;\">indeks pr\u0119dko\u015bci: V do 240 km\/h<\/li>\n<li style=\"margin: 5px 0; padding: 2px 0; clear: both; display: list-item; float: none; position: static;\">wzmocnienie (XL)<\/li>\n<li style=\"margin: 5px 0; padding: 2px 0; clear: both; display: list-item; float: none; position: static;\">Rok produkcji: 2022, nowa. Pe\u0142nowartosciowa!<\/li>\n<\/ul>\n<\/div>\n<\/div>\n<div style=\"clear: both; display: block; margin: 10px 0;\">\n<div style=\"clear: both; display: block; margin: 10px 0;\">\n<div  style=\"max-width:614px;max-height:690px\">\n<div style=\"clear: both; display: block; margin: 10px 0;\">\n<div style=\"clear: both; width: 100%; display: block; margin: 20px 0; padding: 0; float: none; position: static; text-align: center;\"><img decoding=\"async\"  src=\"https:\/\/a.allegroimg.com\/original\/00550a\/79d7b7bf49188ad0ead3889bf97b\/Opona-zimowa-Bridgestone-Blizzak-LM005-235-55R20-105-V-3PMSF-XL\" srcset=\"https:\/\/a.allegroimg.com\/original\/00550a\/79d7b7bf49188ad0ead3889bf97b\/Opona-zimowa-Bridgestone-Blizzak-LM005-235-55R20-105-V-3PMSF-XL 320w,https:\/\/a.allegroimg.com\/original\/00550a\/79d7b7bf49188ad0ead3889bf97b\/Opona-zimowa-Bridgestone-Blizzak-LM005-235-55R20-105-V-3PMSF-XL 614w,https:\/\/a.allegroimg.com\/original\/00550a\/79d7b7bf49188ad0ead3889bf97b\/Opona-zimowa-Bridgestone-Blizzak-LM005-235-55R20-105-V-3PMSF-XL 614w\" sizes=\"(min-width: 1200px) 560px, (min-width: 992px) 50vw, 100vw\" width=\"614px\" alt=\"Opona zimowa Bridgestone Blizzak LM005 235\/55R20 105 V 3PMSF (XL)\"\/ style=\"max-width: 100%; height: auto; display: block; margin: 0 auto;\"><\/div>\n<\/div>\n<\/div>\n<\/div>\n<\/div>\n<\/div>\n<div style=\"clear: both; display: block; margin: 10px 0;\">\n<div style=\"clear: both; display: block; margin: 10px 0;\">\n<div style=\"clear: both; display: block; margin: 10px 0;\">\n<div  style=\"max-width:614px;max-height:690px\">\n<div style=\"clear: both; display: block; margin: 10px 0;\">\n<div style=\"clear: both; width: 100%; display: block; margin: 20px 0; padding: 0; float: none; position: static; text-align: center;\"><img decoding=\"async\"  src=\"https:\/\/a.allegroimg.com\/original\/00550a\/79d7b7bf49188ad0ead3889bf97b\/Opona-zimowa-Bridgestone-Blizzak-LM005-235-55R20-105-V-3PMSF-XL\" srcset=\"https:\/\/a.allegroimg.com\/original\/00550a\/79d7b7bf49188ad0ead3889bf97b\/Opona-zimowa-Bridgestone-Blizzak-LM005-235-55R20-105-V-3PMSF-XL 320w,https:\/\/a.allegroimg.com\/original\/00550a\/79d7b7bf49188ad0ead3889bf97b\/Opona-zimowa-Bridgestone-Blizzak-LM005-235-55R20-105-V-3PMSF-XL 614w,https:\/\/a.allegroimg.com\/original\/00550a\/79d7b7bf49188ad0ead3889bf97b\/Opona-zimowa-Bridgestone-Blizzak-LM005-235-55R20-105-V-3PMSF-XL 614w\" sizes=\"100vw\" width=\"614px\" alt=\"Opona zimowa Bridgestone Blizzak LM005 235\/55R20 105 V 3PMSF (XL)\"\/ style=\"max-width: 100%; height: auto; display: block; margin: 0 auto;\"><\/div>\n<\/div>\n<\/div>\n<\/div>\n<\/div>\n<\/div>\n<\/div>\n<\/div>\n<\/div>\n<div style=\"clear: both; display: block; margin: 10px 0;\">\n","protected":false},"excerpt":{"rendered":"<p>4x Opona zimowa Bridgestone Blizzak LM005 235\/55R20 105 V<\/p>\n<p>Cechy produktu:<\/p>\n<p>sezon: zimowe<\/p>\n<p>szeroko\u015b\u0107\/profil\/\u015brednica: 235\/55R20<\/p>\n<p>indeks no\u015bno\u015bci: 105 &#8211; 925 kg<\/p>\n<p>indeks pr\u0119dko\u015bci: V do 240 km\/h<\/p>\n<p>wzmocnienie (XL)<\/p>\n<p>Rok produkcji: 2022, nowa. Pe\u0142nowartosciowa!<\/p>\n","protected":false},"featured_media":9916,"template":"","meta":{"_uag_custom_page_level_css":""},"product_brand":[397],"product_cat":[414,413,412,415],"product_tag":[],"class_list":{"0":"post-9915","1":"product","2":"type-product","3":"status-publish","4":"has-post-thumbnail","6":"product_brand-bridgestone","7":"product_cat-do-samochodow-osobowych-i-suv","8":"product_cat-opony","9":"product_cat-opony-i-felgi","10":"product_cat-zimowe","12":"first","13":"instock","14":"sale","15":"shipping-taxable","16":"purchasable","17":"product-type-simple"},"uagb_featured_image_src":{"full":["https:\/\/oponixo.shop\/tire\/wp-content\/uploads\/2025\/12\/allegro-image-9915.jpg",614,690,false],"thumbnail":["https:\/\/oponixo.shop\/tire\/wp-content\/uploads\/2025\/12\/allegro-image-9915-150x150.jpg",150,150,true],"medium":["https:\/\/oponixo.shop\/tire\/wp-content\/uploads\/2025\/12\/allegro-image-9915-267x300.jpg",267,300,true],"medium_large":["https:\/\/oponixo.shop\/tire\/wp-content\/uploads\/2025\/12\/allegro-image-9915.jpg",614,690,false],"large":["https:\/\/oponixo.shop\/tire\/wp-content\/uploads\/2025\/12\/allegro-image-9915.jpg",614,690,false],"1536x1536":["https:\/\/oponixo.shop\/tire\/wp-content\/uploads\/2025\/12\/allegro-image-9915.jpg",614,690,false],"2048x2048":["https:\/\/oponixo.shop\/tire\/wp-content\/uploads\/2025\/12\/allegro-image-9915.jpg",614,690,false],"woocommerce_thumbnail":["https:\/\/oponixo.shop\/tire\/wp-content\/uploads\/2025\/12\/allegro-image-9915-300x300.jpg",300,300,true],"woocommerce_single":["https:\/\/oponixo.shop\/tire\/wp-content\/uploads\/2025\/12\/allegro-image-9915-600x674.jpg",600,674,true],"woocommerce_gallery_thumbnail":["https:\/\/oponixo.shop\/tire\/wp-content\/uploads\/2025\/12\/allegro-image-9915-100x100.jpg",100,100,true]},"uagb_author_info":{"display_name":"admin","author_link":"https:\/\/oponixo.shop\/tire\/author\/"},"uagb_comment_info":0,"uagb_excerpt":"4x Opona zimowa Bridgestone Blizzak LM005 235\/55R20 105 V Cechy produktu: sezon: zimowe szeroko\u015b\u0107\/profil\/\u015brednica: 235\/55R20 indeks no\u015bno\u015bci: 105 - 925 kg indeks pr\u0119dko\u015bci: V do 240 km\/h wzmocnienie (XL) Rok produkcji: 2022, nowa. Pe\u0142nowartosciowa!","_links":{"self":[{"href":"https:\/\/oponixo.shop\/tire\/wp-json\/wp\/v2\/product\/9915","targetHints":{"allow":["GET"]}}],"collection":[{"href":"https:\/\/oponixo.shop\/tire\/wp-json\/wp\/v2\/product"}],"about":[{"href":"https:\/\/oponixo.shop\/tire\/wp-json\/wp\/v2\/types\/product"}],"wp:featuredmedia":[{"embeddable":true,"href":"https:\/\/oponixo.shop\/tire\/wp-json\/wp\/v2\/media\/9916"}],"wp:attachment":[{"href":"https:\/\/oponixo.shop\/tire\/wp-json\/wp\/v2\/media?parent=9915"}],"wp:term":[{"taxonomy":"product_brand","embeddable":true,"href":"https:\/\/oponixo.shop\/tire\/wp-json\/wp\/v2\/product_brand?post=9915"},{"taxonomy":"product_cat","embeddable":true,"href":"https:\/\/oponixo.shop\/tire\/wp-json\/wp\/v2\/product_cat?post=9915"},{"taxonomy":"product_tag","embeddable":true,"href":"https:\/\/oponixo.shop\/tire\/wp-json\/wp\/v2\/product_tag?post=9915"}],"curies":[{"name":"wp","href":"https:\/\/api.w.org\/{rel}","templated":true}]}}