{"id":9931,"date":"2025-12-25T17:28:40","date_gmt":"2025-12-25T17:28:40","guid":{"rendered":"https:\/\/oponyexpert.shop\/xef5\/produkt\/opona-zimowa-255-55r18-109v-xl-blizzak-6-bridgestone-2025\/"},"modified":"2025-12-25T17:28:41","modified_gmt":"2025-12-25T17:28:41","slug":"opona-zimowa-255-55r18-109v-xl-blizzak-6-bridgestone-2025","status":"publish","type":"product","link":"https:\/\/oponixo.shop\/tire\/produkt\/opona-zimowa-255-55r18-109v-xl-blizzak-6-bridgestone-2025\/","title":{"rendered":"Opona zimowa 255\/55R18 109V XL Blizzak 6 BRIDGESTONE 2025"},"content":{"rendered":"<div style=\"font-family: Arial, sans-serif; line-height: 1.6; color: #333; padding: 20px; clear: both; display: block; width: 100%; float: none; position: static; overflow: hidden;\">\n<div style=\"clear: both; display: block; margin: 10px 0;\">\n<div style=\"clear: both; display: block; margin: 10px 0;\">\n<div style=\"clear: both; display: block; margin: 10px 0;\">\n<h1>Opona zimowa 255\/55R18 109V XL Blizzak 6 BRIDGESTONE 2025<\/h1>\n<\/div>\n<\/div>\n<\/div>\n<div style=\"clear: both; display: block; margin: 10px 0;\">\n<div style=\"clear: both; display: block; margin: 10px 0;\">\n<div style=\"clear: both; display: block; margin: 10px 0;\">\n<div  style=\"max-width:1440px;max-height:100px\">\n<div style=\"clear: both; display: block; margin: 10px 0;\">\n<div style=\"clear: both; width: 100%; display: block; margin: 20px 0; padding: 0; float: none; position: static; text-align: center;\"><img decoding=\"async\"  src=\"https:\/\/a.allegroimg.com\/original\/11e31e\/51304fd847d08e8bd19b69bfb349\/Opona-zimowa-255-55R18-109V-XL-Blizzak-6-BRIDGESTONE-2025-Profil-opony-55\" srcset=\"https:\/\/a.allegroimg.com\/original\/11e31e\/51304fd847d08e8bd19b69bfb349\/Opona-zimowa-255-55R18-109V-XL-Blizzak-6-BRIDGESTONE-2025-Profil-opony-55 360w,https:\/\/a.allegroimg.com\/original\/11e31e\/51304fd847d08e8bd19b69bfb349\/Opona-zimowa-255-55R18-109V-XL-Blizzak-6-BRIDGESTONE-2025-Profil-opony-55 720w,https:\/\/a.allegroimg.com\/original\/11e31e\/51304fd847d08e8bd19b69bfb349\/Opona-zimowa-255-55R18-109V-XL-Blizzak-6-BRIDGESTONE-2025-Profil-opony-55 1024w,https:\/\/a.allegroimg.com\/original\/11e31e\/51304fd847d08e8bd19b69bfb349\/Opona-zimowa-255-55R18-109V-XL-Blizzak-6-BRIDGESTONE-2025-Profil-opony-55 1440w,https:\/\/a.allegroimg.com\/original\/11e31e\/51304fd847d08e8bd19b69bfb349\/Opona-zimowa-255-55R18-109V-XL-Blizzak-6-BRIDGESTONE-2025-Profil-opony-55 1440w\" sizes=\"100vw\" width=\"1440px\" alt=\"Opona zimowa 255\/55R18 109V XL Blizzak 6 BRIDGESTONE 2025 Profil opony 55\"\/ style=\"max-width: 100%; height: auto; display: block; margin: 0 auto;\"><\/div>\n<\/div>\n<\/div>\n<\/div>\n<\/div>\n<\/div>\n<div style=\"clear: both; display: block; margin: 10px 0;\">\n<div style=\"clear: both; display: block; margin: 10px 0;\">\n<div style=\"clear: both; display: block; margin: 10px 0;\">\n<div  style=\"max-width:1535px;max-height:2560px\">\n<div style=\"clear: both; display: block; margin: 10px 0;\">\n<div style=\"clear: both; width: 100%; display: block; margin: 20px 0; padding: 0; float: none; position: static; text-align: center;\"><img decoding=\"async\"  src=\"https:\/\/a.allegroimg.com\/original\/11cfee\/90ef92ee4de1b4ab3671b2938535\/Opona-zimowa-255-55R18-109V-XL-Blizzak-6-BRIDGESTONE-2025-Liczba-opon-w-ofercie-1-szt\" srcset=\"https:\/\/a.allegroimg.com\/original\/11cfee\/90ef92ee4de1b4ab3671b2938535\/Opona-zimowa-255-55R18-109V-XL-Blizzak-6-BRIDGESTONE-2025-Liczba-opon-w-ofercie-1-szt 215w,https:\/\/a.allegroimg.com\/original\/11cfee\/90ef92ee4de1b4ab3671b2938535\/Opona-zimowa-255-55R18-109V-XL-Blizzak-6-BRIDGESTONE-2025-Liczba-opon-w-ofercie-1-szt 431w,https:\/\/a.allegroimg.com\/original\/11cfee\/90ef92ee4de1b4ab3671b2938535\/Opona-zimowa-255-55R18-109V-XL-Blizzak-6-BRIDGESTONE-2025-Liczba-opon-w-ofercie-1-szt 614w,https:\/\/a.allegroimg.com\/original\/11cfee\/90ef92ee4de1b4ab3671b2938535\/Opona-zimowa-255-55R18-109V-XL-Blizzak-6-BRIDGESTONE-2025-Liczba-opon-w-ofercie-1-szt 863w,https:\/\/a.allegroimg.com\/original\/11cfee\/90ef92ee4de1b4ab3671b2938535\/Opona-zimowa-255-55R18-109V-XL-Blizzak-6-BRIDGESTONE-2025-Liczba-opon-w-ofercie-1-szt 1535w\" sizes=\"(min-width: 1200px) 560px, (min-width: 992px) 50vw, 100vw\" width=\"1535px\" alt=\"Opona zimowa 255\/55R18 109V XL Blizzak 6 BRIDGESTONE 2025 Liczba opon w ofercie 1 szt.\"\/ style=\"max-width: 100%; height: auto; display: block; margin: 0 auto;\"><\/div>\n<\/div>\n<\/div>\n<\/div>\n<\/div>\n<div style=\"clear: both; display: block; margin: 10px 0;\">\n<div style=\"clear: both; display: block; margin: 10px 0;\">\n<h1>BRIDGESTONE Blizzak 6 255\/55R18<\/h1>\n<h3 style=\"color: #2c5aa0; font-size: 18px; margin: 30px 0 15px 0; font-weight: bold; clear: both; display: block; width: 100%; float: none; position: static;\">Dane podstawowe<\/h3>\n<p style=\"margin: 15px 0; line-height: 1.8; clear: both; display: block; width: 100%; float: none; position: static;\"><b>Stan:<\/b> Opony fabrycznie nowe<\/p>\n<p style=\"margin: 15px 0; line-height: 1.8; clear: both; display: block; width: 100%; float: none; position: static;\"><b>Producent:<\/b> BRIDGESTONE<\/p>\n<p style=\"margin: 15px 0; line-height: 1.8; clear: both; display: block; width: 100%; float: none; position: static;\"><b>Model:<\/b> Blizzak 6<\/p>\n<p style=\"margin: 15px 0; line-height: 1.8; clear: both; display: block; width: 100%; float: none; position: static;\"><b>Klasa opon:<\/b> Premium<\/p>\n<p style=\"margin: 15px 0; line-height: 1.8; clear: both; display: block; width: 100%; float: none; position: static;\"><b>Sezon:<\/b> Opony zimowe<\/p>\n<p style=\"margin: 15px 0; line-height: 1.8; clear: both; display: block; width: 100%; float: none; position: static;\"><b>Szeroko\u015b\u0107:<\/b> 255<\/p>\n<p style=\"margin: 15px 0; line-height: 1.8; clear: both; display: block; width: 100%; float: none; position: static;\"><b>Profil:<\/b> 55<\/p>\n<p style=\"margin: 15px 0; line-height: 1.8; clear: both; display: block; width: 100%; float: none; position: static;\"><b>\u015arednica:<\/b> 18<\/p>\n<p style=\"margin: 15px 0; line-height: 1.8; clear: both; display: block; width: 100%; float: none; position: static;\"><b>Indeks pr\u0119dko\u015bci:<\/b> V &#8211; do 240 km\/h<\/p>\n<p style=\"margin: 15px 0; line-height: 1.8; clear: both; display: block; width: 100%; float: none; position: static;\"><b>Indeks no\u015bno\u015bci:<\/b> 109 &#8211; 1030 kg na opon\u0119<\/p>\n<p style=\"margin: 15px 0; line-height: 1.8; clear: both; display: block; width: 100%; float: none; position: static;\"><b>Rok produkcji:<\/b> 2025<\/p>\n<\/div>\n<\/div>\n<\/div>\n<div style=\"clear: both; display: block; margin: 10px 0;\">\n<div style=\"clear: both; display: block; margin: 10px 0;\">\n<div style=\"clear: both; display: block; margin: 10px 0;\">\n<div  style=\"max-width:2560px;max-height:2560px\">\n<div style=\"clear: both; display: block; margin: 10px 0;\">\n<div style=\"clear: both; width: 100%; display: block; margin: 20px 0; padding: 0; float: none; position: static; text-align: center;\"><img decoding=\"async\"  src=\"https:\/\/a.allegroimg.com\/original\/11203c\/5684bb0246bfb7b8bd092189019c\/Opona-zimowa-255-55R18-109V-XL-Blizzak-6-BRIDGESTONE-2025-Rok-produkcji-2025\" srcset=\"https:\/\/a.allegroimg.com\/original\/11203c\/5684bb0246bfb7b8bd092189019c\/Opona-zimowa-255-55R18-109V-XL-Blizzak-6-BRIDGESTONE-2025-Rok-produkcji-2025 360w,https:\/\/a.allegroimg.com\/original\/11203c\/5684bb0246bfb7b8bd092189019c\/Opona-zimowa-255-55R18-109V-XL-Blizzak-6-BRIDGESTONE-2025-Rok-produkcji-2025 720w,https:\/\/a.allegroimg.com\/original\/11203c\/5684bb0246bfb7b8bd092189019c\/Opona-zimowa-255-55R18-109V-XL-Blizzak-6-BRIDGESTONE-2025-Rok-produkcji-2025 1024w,https:\/\/a.allegroimg.com\/original\/11203c\/5684bb0246bfb7b8bd092189019c\/Opona-zimowa-255-55R18-109V-XL-Blizzak-6-BRIDGESTONE-2025-Rok-produkcji-2025 1440w,https:\/\/a.allegroimg.com\/original\/11203c\/5684bb0246bfb7b8bd092189019c\/Opona-zimowa-255-55R18-109V-XL-Blizzak-6-BRIDGESTONE-2025-Rok-produkcji-2025 2560w\" sizes=\"(min-width: 1200px) 560px, (min-width: 992px) 50vw, 100vw\" width=\"2560px\" alt=\"Opona zimowa 255\/55R18 109V XL Blizzak 6 BRIDGESTONE 2025 Rok produkcji 2025\"\/ style=\"max-width: 100%; height: auto; display: block; margin: 0 auto;\"><\/div>\n<\/div>\n<\/div>\n<\/div>\n<\/div>\n<div style=\"clear: both; display: block; margin: 10px 0;\">\n<div style=\"clear: both; display: block; margin: 10px 0;\">\n<h3 style=\"color: #2c5aa0; font-size: 18px; margin: 30px 0 15px 0; font-weight: bold; clear: both; display: block; width: 100%; float: none; position: static;\">Informacje szczeg\u00f3\u0142owe<\/h3>\n<p style=\"margin: 15px 0; line-height: 1.8; clear: both; display: block; width: 100%; float: none; position: static;\"><b>Op\u00f3r toczenia: <\/b>Klasa B<\/p>\n<p style=\"margin: 15px 0; line-height: 1.8; clear: both; display: block; width: 100%; float: none; position: static;\"><b>Przyczepno\u015b\u0107 na mokrej nawierzchni: <\/b>Klasa B<\/p>\n<p style=\"margin: 15px 0; line-height: 1.8; clear: both; display: block; width: 100%; float: none; position: static;\"><b>Poziom ha\u0142asu zewn\u0119trznego: <\/b>Klasa B<\/p>\n<p style=\"margin: 15px 0; line-height: 1.8; clear: both; display: block; width: 100%; float: none; position: static;\"><b>Ha\u0142as zewn\u0119trzny: <\/b>72 dB<\/p>\n<p style=\"margin: 15px 0; line-height: 1.8; clear: both; display: block; width: 100%; float: none; position: static;\"><b>Opona o podwy\u017cszonym wska\u017aniku no\u015bno\u015bci: <\/b>XL<\/p>\n<p style=\"margin: 15px 0; line-height: 1.8; clear: both; display: block; width: 100%; float: none; position: static;\"><b>Przeznaczenie: <\/b>Opona do samochod\u00f3w osobowych, SUV oraz z nap\u0119dem 4&#215;4<\/p>\n<p style=\"margin: 15px 0; line-height: 1.8; clear: both; display: block; width: 100%; float: none; position: static;\"><b>Kod producenta: <\/b>20468<\/p>\n<p style=\"margin: 15px 0; line-height: 1.8; clear: both; display: block; width: 100%; float: none; position: static;\"><b>Kod QR: <\/b>eprel.ec.europa.eu\/qr\/502493<\/p>\n<p style=\"margin: 15px 0; line-height: 1.8; clear: both; display: block; width: 100%; float: none; position: static;\"><b>Waga opony: <\/b>12.61 kg<\/p>\n<\/div>\n<\/div>\n<\/div>\n<div style=\"clear: both; display: block; margin: 10px 0;\">\n<div style=\"clear: both; display: block; margin: 10px 0;\">\n<div style=\"clear: both; display: block; margin: 10px 0;\">\n<p style=\"margin: 15px 0; line-height: 1.8; clear: both; display: block; width: 100%; float: none; position: static;\">*Zdj\u0119cia przedstawione w ofercie maj\u0105 <b>charakter pogl\u0105dowy<\/b>. Rzeczywisty wygl\u0105d mo\u017ce r\u00f3\u017cni\u0107 si\u0119 od prezentowanego w zale\u017cno\u015bci od rozmiaru produktu.<\/p>\n<\/div>\n<\/div>\n<\/div>\n<div style=\"clear: both; display: block; margin: 10px 0;\">\n<div style=\"clear: both; display: block; margin: 10px 0;\">\n<div style=\"clear: both; display: block; margin: 10px 0;\">\n<h1>Blizzak 6<\/h1>\n<h2>OPONA DO SAMOCHOD\u00d3W OSOBOWYCH \/ SUV \/ 4X4<\/h2>\n<p style=\"margin: 15px 0; line-height: 1.8; clear: both; display: block; width: 100%; float: none; position: static;\">Zachowaj kontrol\u0119, bez wzgl\u0119du na warunki zim\u0105. Niezale\u017cnie od tego, czy je\u017adzisz po za\u015bnie\u017conych drogach, czy w deszczu, dzi\u0119ki Bridgestone Blizzak 6 ENLITEN bez wysi\u0142ku poradzisz sobie z za\u015bnie\u017con\u0105 i mokr\u0105 nawierzchni\u0105 przez ca\u0142\u0105 zim\u0119. Dzi\u0119ki doskona\u0142emu przebiegowi mo\u017cesz wyrusza\u0107 w dalsz\u0105 drog\u0119 bez uszczerbku dla sterowno\u015bci i bezpiecze\u0144stwa.<\/p>\n<ul style=\"margin: 15px 0; padding-left: 20px; clear: both; display: block; width: 100%; float: none; position: static;\">\n<li style=\"margin: 5px 0; padding: 2px 0; clear: both; display: list-item; float: none; position: static;\">Doskona\u0142a mobilno\u015b\u0107 i sterowno\u015b\u0107 na \u015bniegu<\/li>\n<li style=\"margin: 5px 0; padding: 2px 0; clear: both; display: list-item; float: none; position: static;\">Najkr\u00f3tsza droga hamowania na mokrej nawierzchni<\/li>\n<li style=\"margin: 5px 0; padding: 2px 0; clear: both; display: list-item; float: none; position: static;\">D\u0142u\u017csze przebiegi umo\u017cliwiaj\u0105ce u\u017cytkowanie nawet przez dodatkowy sezon<\/li>\n<\/ul>\n<h3 style=\"color: #2c5aa0; font-size: 18px; margin: 30px 0 15px 0; font-weight: bold; clear: both; display: block; width: 100%; float: none; position: static;\">Opona dostosowana r\u00f3wnie\u017c do pojazd\u00f3w elektrycznych.<\/h3>\n<\/div>\n<\/div>\n<\/div>\n<div style=\"clear: both; display: block; margin: 10px 0;\">\n<div style=\"clear: both; display: block; margin: 10px 0;\">\n<div style=\"clear: both; display: block; margin: 10px 0;\">\n<div  style=\"max-width:1000px;max-height:300px\">\n<div style=\"clear: both; display: block; margin: 10px 0;\">\n<div style=\"clear: both; width: 100%; display: block; margin: 20px 0; padding: 0; float: none; position: static; text-align: center;\"><img decoding=\"async\"  src=\"https:\/\/a.allegroimg.com\/original\/1113d0\/e07ce2ad4fd5bbb4759ad70ef5dd\/Opona-zimowa-255-55R18-109V-XL-Blizzak-6-BRIDGESTONE-2025-Kod-producenta-20468\" srcset=\"https:\/\/a.allegroimg.com\/original\/1113d0\/e07ce2ad4fd5bbb4759ad70ef5dd\/Opona-zimowa-255-55R18-109V-XL-Blizzak-6-BRIDGESTONE-2025-Kod-producenta-20468 360w,https:\/\/a.allegroimg.com\/original\/1113d0\/e07ce2ad4fd5bbb4759ad70ef5dd\/Opona-zimowa-255-55R18-109V-XL-Blizzak-6-BRIDGESTONE-2025-Kod-producenta-20468 720w,https:\/\/a.allegroimg.com\/original\/1113d0\/e07ce2ad4fd5bbb4759ad70ef5dd\/Opona-zimowa-255-55R18-109V-XL-Blizzak-6-BRIDGESTONE-2025-Kod-producenta-20468 1000w,https:\/\/a.allegroimg.com\/original\/1113d0\/e07ce2ad4fd5bbb4759ad70ef5dd\/Opona-zimowa-255-55R18-109V-XL-Blizzak-6-BRIDGESTONE-2025-Kod-producenta-20468 1000w\" sizes=\"100vw\" width=\"1000px\" alt=\"Opona zimowa 255\/55R18 109V XL Blizzak 6 BRIDGESTONE 2025 Kod producenta 20468\"\/ style=\"max-width: 100%; height: auto; display: block; margin: 0 auto;\"><\/div>\n<\/div>\n<\/div>\n<\/div>\n<\/div>\n<\/div>\n<div style=\"clear: both; display: block; margin: 10px 0;\">\n<div style=\"clear: both; display: block; margin: 10px 0;\">\n<div style=\"clear: both; display: block; margin: 10px 0;\">\n<h1>O producencie opon Bridgestone<\/h1>\n<p style=\"margin: 15px 0; line-height: 1.8; clear: both; display: block; width: 100%; float: none; position: static;\">Bridgestone, za\u0142o\u017cony w 1931 roku w Japonii przez Shojiro Ishibashiego, jest nie tylko jednym z najbardziej szanowanych producent\u00f3w opon na \u015bwiecie, ale tak\u017ce liderem rynku pod wzgl\u0119dem sprzeda\u017cy. Nazwa &#8222;Bridgestone&#8221; pochodzi od przek\u0142adu angielskiego nazwiska za\u0142o\u017cyciela &#8211; Ishibashi, co dos\u0142ownie oznacza &#8222;kamie\u0144 mostu&#8221;. To symboliczne odniesienie do misji firmy, kt\u00f3ra ma na celu \u0142\u0105czenie ludzi, technologii i innowacji, by zapewni\u0107 bezpiecze\u0144stwo i komfort podr\u00f3\u017cowania.<\/p>\n<p style=\"margin: 15px 0; line-height: 1.8; clear: both; display: block; width: 100%; float: none; position: static;\">Wyb\u00f3r opon Bridgestone to decyzja zaufania do firmy, kt\u00f3ra jest uznawana za najwi\u0119kszego producenta opon na \u015bwiecie. To tak\u017ce wyb\u00f3r marki, kt\u00f3ra od dziesi\u0119cioleci wyznacza standardy w bran\u017cy, wprowadzaj\u0105c innowacyjne rozwi\u0105zania i promuj\u0105c zr\u00f3wnowa\u017cony rozw\u00f3j.<\/p>\n<\/div>\n<\/div>\n<\/div>\n<div style=\"clear: both; display: block; margin: 10px 0;\">\n<div style=\"clear: both; display: block; margin: 10px 0;\">\n<div style=\"clear: both; display: block; margin: 10px 0;\">\n<div  style=\"max-width:852px;max-height:1248px\">\n<div style=\"clear: both; display: block; margin: 10px 0;\">\n<div style=\"clear: both; width: 100%; display: block; margin: 20px 0; padding: 0; float: none; position: static; text-align: center;\"><img decoding=\"async\"  src=\"https:\/\/a.allegroimg.com\/original\/112501\/952cca41401db3b6e20a7af3ec40\/Opona-zimowa-255-55R18-109V-XL-Blizzak-6-BRIDGESTONE-2025-Szerokosc-opony-255-mm\" srcset=\"https:\/\/a.allegroimg.com\/original\/112501\/952cca41401db3b6e20a7af3ec40\/Opona-zimowa-255-55R18-109V-XL-Blizzak-6-BRIDGESTONE-2025-Szerokosc-opony-255-mm 245w,https:\/\/a.allegroimg.com\/original\/112501\/952cca41401db3b6e20a7af3ec40\/Opona-zimowa-255-55R18-109V-XL-Blizzak-6-BRIDGESTONE-2025-Szerokosc-opony-255-mm 491w,https:\/\/a.allegroimg.com\/original\/112501\/952cca41401db3b6e20a7af3ec40\/Opona-zimowa-255-55R18-109V-XL-Blizzak-6-BRIDGESTONE-2025-Szerokosc-opony-255-mm 699w,https:\/\/a.allegroimg.com\/original\/112501\/952cca41401db3b6e20a7af3ec40\/Opona-zimowa-255-55R18-109V-XL-Blizzak-6-BRIDGESTONE-2025-Szerokosc-opony-255-mm 852w,https:\/\/a.allegroimg.com\/original\/112501\/952cca41401db3b6e20a7af3ec40\/Opona-zimowa-255-55R18-109V-XL-Blizzak-6-BRIDGESTONE-2025-Szerokosc-opony-255-mm 852w\" sizes=\"(min-width: 1200px) 560px, (min-width: 992px) 50vw, 100vw\" width=\"852px\" alt=\"Opona zimowa 255\/55R18 109V XL Blizzak 6 BRIDGESTONE 2025 Szeroko\u015b\u0107 opony 255 mm\"\/ style=\"max-width: 100%; height: auto; display: block; margin: 0 auto;\"><\/div>\n<\/div>\n<\/div>\n<\/div>\n<\/div>\n<div style=\"clear: both; display: block; margin: 10px 0;\">\n<div style=\"clear: both; display: block; margin: 10px 0;\">\n<p style=\"margin: 15px 0; line-height: 1.8; clear: both; display: block; width: 100%; float: none; position: static;\"><b>Etykiety Unijne na oponach<\/b> pomagaj\u0105 konsumentom w podj\u0119ciu \u015bwiadomej decyzji o zakupie.<\/p>\n<p style=\"margin: 15px 0; line-height: 1.8; clear: both; display: block; width: 100%; float: none; position: static;\"><b>Op\u00f3r toczenia<\/b> w oponie jest wska\u017anikiem jej efektywno\u015bci energetycznej, co ma wp\u0142yw na zu\u017cycie paliwa oraz emisj\u0119 spalin. Klasa oporu toczenia waha si\u0119 od A (najwydajniejsza) do E (najni\u017csza).<\/p>\n<p style=\"margin: 15px 0; line-height: 1.8; clear: both; display: block; width: 100%; float: none; position: static;\"><b>Droga hamowania na mokrej nawierzchni<\/b> zale\u017cy od zdolno\u015bci opony do trzymania si\u0119 drogi na mokrej nawierzchni. Klasa A okre\u015bla najkr\u00f3tsz\u0105 drog\u0119, za\u015b E najd\u0142u\u017csz\u0105. Opona z etykiet\u0105 E hamuje 18 metr\u00f3w dalej w por\u00f3wnaniu z opon\u0105 z etykiet\u0105 A (procedura testowa, w kt\u00f3rej mierzy si\u0119 drog\u0119 hamowania od 80 km\/h do 5 km\/h na drodze pokrytej wod\u0105).<\/p>\n<p style=\"margin: 15px 0; line-height: 1.8; clear: both; display: block; width: 100%; float: none; position: static;\"><b>Ha\u0142as zewn\u0119trzny<\/b> odnosi si\u0119 do ha\u0142asu wytwarzanego przez opon\u0119 podczas przejazdu samochodu i jest mierzony w dB (decybelach). Ha\u0142as opon mierzony jest na zewn\u0105trz pojazdu co ma za zadanie ograniczy\u0107 negatywny wp\u0142yw na otoczenie.<\/p>\n<\/div>\n<\/div>\n<\/div>\n<\/div>\n<\/div>\n<\/div>\n<div style=\"clear: both; display: block; margin: 10px 0;\">\n","protected":false},"excerpt":{"rendered":"<p>Opona zimowa 255\/55R18 109V XL Blizzak 6 BRIDGESTONE 2025<\/p>\n<p>BRIDGESTONE Blizzak 6 255\/55R18<\/p>\n<p>Dane podstawowe<\/p>\n<p>Stan: Opony fabrycznie nowe<\/p>\n<p>Producent: BRIDGESTONE<\/p>\n<p>Model: Blizzak 6<\/p>\n<p>Klasa opon: Premium<\/p>\n<p>Sezon: Opony zimowe<\/p>\n","protected":false},"featured_media":9932,"template":"","meta":{"_uag_custom_page_level_css":""},"product_brand":[397],"product_cat":[414,413,412,415],"product_tag":[],"class_list":{"0":"post-9931","1":"product","2":"type-product","3":"status-publish","4":"has-post-thumbnail","6":"product_brand-bridgestone","7":"product_cat-do-samochodow-osobowych-i-suv","8":"product_cat-opony","9":"product_cat-opony-i-felgi","10":"product_cat-zimowe","12":"first","13":"instock","14":"sale","15":"shipping-taxable","16":"purchasable","17":"product-type-simple"},"uagb_featured_image_src":{"full":["https:\/\/oponixo.shop\/tire\/wp-content\/uploads\/2025\/12\/allegro-image-9931.jpg",2560,2560,false],"thumbnail":["https:\/\/oponixo.shop\/tire\/wp-content\/uploads\/2025\/12\/allegro-image-9931-150x150.jpg",150,150,true],"medium":["https:\/\/oponixo.shop\/tire\/wp-content\/uploads\/2025\/12\/allegro-image-9931-300x300.jpg",300,300,true],"medium_large":["https:\/\/oponixo.shop\/tire\/wp-content\/uploads\/2025\/12\/allegro-image-9931-768x768.jpg",768,768,true],"large":["https:\/\/oponixo.shop\/tire\/wp-content\/uploads\/2025\/12\/allegro-image-9931-1024x1024.jpg",1024,1024,true],"1536x1536":["https:\/\/oponixo.shop\/tire\/wp-content\/uploads\/2025\/12\/allegro-image-9931-1536x1536.jpg",1536,1536,true],"2048x2048":["https:\/\/oponixo.shop\/tire\/wp-content\/uploads\/2025\/12\/allegro-image-9931-2048x2048.jpg",2048,2048,true],"woocommerce_thumbnail":["https:\/\/oponixo.shop\/tire\/wp-content\/uploads\/2025\/12\/allegro-image-9931-300x300.jpg",300,300,true],"woocommerce_single":["https:\/\/oponixo.shop\/tire\/wp-content\/uploads\/2025\/12\/allegro-image-9931-600x600.jpg",600,600,true],"woocommerce_gallery_thumbnail":["https:\/\/oponixo.shop\/tire\/wp-content\/uploads\/2025\/12\/allegro-image-9931-100x100.jpg",100,100,true]},"uagb_author_info":{"display_name":"admin","author_link":"https:\/\/oponixo.shop\/tire\/author\/"},"uagb_comment_info":0,"uagb_excerpt":"Opona zimowa 255\/55R18 109V XL Blizzak 6 BRIDGESTONE 2025 BRIDGESTONE Blizzak 6 255\/55R18 Dane podstawowe Stan: Opony fabrycznie nowe Producent: BRIDGESTONE Model: Blizzak 6 Klasa opon: Premium Sezon: Opony zimowe","_links":{"self":[{"href":"https:\/\/oponixo.shop\/tire\/wp-json\/wp\/v2\/product\/9931","targetHints":{"allow":["GET"]}}],"collection":[{"href":"https:\/\/oponixo.shop\/tire\/wp-json\/wp\/v2\/product"}],"about":[{"href":"https:\/\/oponixo.shop\/tire\/wp-json\/wp\/v2\/types\/product"}],"wp:featuredmedia":[{"embeddable":true,"href":"https:\/\/oponixo.shop\/tire\/wp-json\/wp\/v2\/media\/9932"}],"wp:attachment":[{"href":"https:\/\/oponixo.shop\/tire\/wp-json\/wp\/v2\/media?parent=9931"}],"wp:term":[{"taxonomy":"product_brand","embeddable":true,"href":"https:\/\/oponixo.shop\/tire\/wp-json\/wp\/v2\/product_brand?post=9931"},{"taxonomy":"product_cat","embeddable":true,"href":"https:\/\/oponixo.shop\/tire\/wp-json\/wp\/v2\/product_cat?post=9931"},{"taxonomy":"product_tag","embeddable":true,"href":"https:\/\/oponixo.shop\/tire\/wp-json\/wp\/v2\/product_tag?post=9931"}],"curies":[{"name":"wp","href":"https:\/\/api.w.org\/{rel}","templated":true}]}}