{"id":9943,"date":"2025-12-25T17:28:43","date_gmt":"2025-12-25T17:28:43","guid":{"rendered":"https:\/\/oponyexpert.shop\/xef5\/produkt\/2x-opony-zimowe-255-55-r18-aplus-a702-xl-109v-55r18\/"},"modified":"2025-12-25T17:28:44","modified_gmt":"2025-12-25T17:28:44","slug":"2x-opony-zimowe-255-55-r18-aplus-a702-xl-109v-55r18","status":"publish","type":"product","link":"https:\/\/oponixo.shop\/tire\/produkt\/2x-opony-zimowe-255-55-r18-aplus-a702-xl-109v-55r18\/","title":{"rendered":"2x Opony zimowe 255 55 R18 Aplus A702 xl 109V 55R18"},"content":{"rendered":"<div style=\"font-family: Arial, sans-serif; line-height: 1.6; color: #333; padding: 20px; clear: both; display: block; width: 100%; float: none; position: static; overflow: hidden;\">\n<div style=\"clear: both; display: block; margin: 10px 0;\">\n<div style=\"clear: both; display: block; margin: 10px 0;\">\n<div style=\"clear: both; display: block; margin: 10px 0;\">\n<div  style=\"max-width:1200px;max-height:1126px\">\n<div style=\"clear: both; display: block; margin: 10px 0;\">\n<div style=\"clear: both; width: 100%; display: block; margin: 20px 0; padding: 0; float: none; position: static; text-align: center;\"><img decoding=\"async\"  src=\"https:\/\/a.allegroimg.com\/original\/11bdf9\/e7a5c57440f398ae016f91e41e62\/2x-Opony-zimowe-255-55-R18-Aplus-A702-xl-109V-55R18\" srcset=\"https:\/\/a.allegroimg.com\/original\/11bdf9\/e7a5c57440f398ae016f91e41e62\/2x-Opony-zimowe-255-55-R18-Aplus-A702-xl-109V-55R18 360w,https:\/\/a.allegroimg.com\/original\/11bdf9\/e7a5c57440f398ae016f91e41e62\/2x-Opony-zimowe-255-55-R18-Aplus-A702-xl-109V-55R18 720w,https:\/\/a.allegroimg.com\/original\/11bdf9\/e7a5c57440f398ae016f91e41e62\/2x-Opony-zimowe-255-55-R18-Aplus-A702-xl-109V-55R18 1024w,https:\/\/a.allegroimg.com\/original\/11bdf9\/e7a5c57440f398ae016f91e41e62\/2x-Opony-zimowe-255-55-R18-Aplus-A702-xl-109V-55R18 1200w,https:\/\/a.allegroimg.com\/original\/11bdf9\/e7a5c57440f398ae016f91e41e62\/2x-Opony-zimowe-255-55-R18-Aplus-A702-xl-109V-55R18 1200w\" sizes=\"(min-width: 1200px) 560px, (min-width: 992px) 50vw, 100vw\" width=\"1200px\" alt=\"2x Opony zimowe 255 55 R18 Aplus A702 xl 109V 55R18\"\/ style=\"max-width: 100%; height: auto; display: block; margin: 0 auto;\"><\/div>\n<\/div>\n<\/div>\n<\/div>\n<\/div>\n<div style=\"clear: both; display: block; margin: 10px 0;\">\n<div style=\"clear: both; display: block; margin: 10px 0;\">\n<h1>APLUS A702 255\/55R18 109V XL<\/h1>\n<h2>H145YR<\/h2>\n<\/div>\n<\/div>\n<\/div>\n<div style=\"clear: both; display: block; margin: 10px 0;\">\n<div style=\"clear: both; display: block; margin: 10px 0;\">\n<div style=\"clear: both; display: block; margin: 10px 0;\">\n<div  style=\"max-width:689px;max-height:145px\">\n<div style=\"clear: both; display: block; margin: 10px 0;\">\n<div style=\"clear: both; width: 100%; display: block; margin: 20px 0; padding: 0; float: none; position: static; text-align: center;\"><img decoding=\"async\"  src=\"https:\/\/a.allegroimg.com\/original\/1193d8\/fdd37933433a84d0d2df3c9e27c8\/2x-Opony-zimowe-255-55-R18-Aplus-A702-xl-109V-55R18-Liczba-opon-w-ofercie-2-szt\" srcset=\"https:\/\/a.allegroimg.com\/original\/1193d8\/fdd37933433a84d0d2df3c9e27c8\/2x-Opony-zimowe-255-55-R18-Aplus-A702-xl-109V-55R18-Liczba-opon-w-ofercie-2-szt 360w,https:\/\/a.allegroimg.com\/original\/1193d8\/fdd37933433a84d0d2df3c9e27c8\/2x-Opony-zimowe-255-55-R18-Aplus-A702-xl-109V-55R18-Liczba-opon-w-ofercie-2-szt 689w,https:\/\/a.allegroimg.com\/original\/1193d8\/fdd37933433a84d0d2df3c9e27c8\/2x-Opony-zimowe-255-55-R18-Aplus-A702-xl-109V-55R18-Liczba-opon-w-ofercie-2-szt 689w\" sizes=\"(min-width: 1200px) 560px, (min-width: 992px) 50vw, 100vw\" width=\"689px\" alt=\"2x Opony zimowe 255 55 R18 Aplus A702 xl 109V 55R18 Liczba opon w ofercie 2 szt.\"\/ style=\"max-width: 100%; height: auto; display: block; margin: 0 auto;\"><\/div>\n<\/div>\n<\/div>\n<\/div>\n<\/div>\n<div style=\"clear: both; display: block; margin: 10px 0;\">\n<div style=\"clear: both; display: block; margin: 10px 0;\">\n<h1>Aplus<\/h1>\n<p style=\"margin: 15px 0; line-height: 1.8; clear: both; display: block; width: 100%; float: none; position: static;\">Marka Aplus nale\u017cy do chi\u0144skiej firmy Shandong Haohua Tire Co., kt\u00f3ra powsta\u0142a w 2011 r. dysponuj\u0105c ogromnymi mo\u017cliwo\u015bciami badawczo-rozwojowymi w zakresie produkcji opon. Dzi\u0119ki wykorzystaniu innowacyjnych technologii przedsi\u0119biorstwo na pocz\u0105tku swojej dzia\u0142alno\u015bci wyprodukowa\u0142o w ci\u0105gu roku 12 milion\u00f3w opon. Firma uzyska\u0142a mi\u0119dzynarodowe certyfikaty jako\u015bciowe potwierdzaj\u0105ce przystosowanie opon do europejskich warunk\u00f3w. Oferta Aplus obejmuje nie tylko opony dla samochod\u00f3w osobowych, ale tak\u017ce dla pojazd\u00f3w dostawczych i ci\u0119\u017carowych oraz pojazd\u00f3w typu SUV. Opony Aplus wyr\u00f3\u017cniaj\u0105 si\u0119 przede wszystkim wysok\u0105 wydajno\u015bci\u0105 i nisk\u0105 emisyjno\u015bci\u0105. Dewiz\u0105 producenta jest produkcja opon przy zachowaniu jak najlepszych wska\u017anik\u00f3w ekologicznych i ekonomicznych. Opr\u00f3cz tego opony zapewniaj\u0105 bezpieczniejsz\u0105 i bardziej komfortow\u0105 jazd\u0119. Opony Aplus to doskona\u0142a alternatywa dla innych znanych marek opon z p\u00f3\u0142ki ekonomicznej.<\/p>\n<\/div>\n<\/div>\n<\/div>\n<\/div>\n<\/div>\n<\/div>\n<div style=\"clear: both; display: block; margin: 10px 0;\">\n","protected":false},"excerpt":{"rendered":"<p>APLUS A702 255\/55R18 109V XL<\/p>\n<p>H145YR<\/p>\n<p>Aplus<\/p>\n","protected":false},"featured_media":9944,"template":"","meta":{"_uag_custom_page_level_css":""},"product_brand":[395],"product_cat":[414,413,412,415],"product_tag":[],"class_list":{"0":"post-9943","1":"product","2":"type-product","3":"status-publish","4":"has-post-thumbnail","6":"product_brand-aplus","7":"product_cat-do-samochodow-osobowych-i-suv","8":"product_cat-opony","9":"product_cat-opony-i-felgi","10":"product_cat-zimowe","12":"first","13":"instock","14":"sale","15":"shipping-taxable","16":"purchasable","17":"product-type-simple"},"uagb_featured_image_src":{"full":["https:\/\/oponixo.shop\/tire\/wp-content\/uploads\/2025\/12\/allegro-image-9943.jpg",1200,1126,false],"thumbnail":["https:\/\/oponixo.shop\/tire\/wp-content\/uploads\/2025\/12\/allegro-image-9943-150x150.jpg",150,150,true],"medium":["https:\/\/oponixo.shop\/tire\/wp-content\/uploads\/2025\/12\/allegro-image-9943-300x282.jpg",300,282,true],"medium_large":["https:\/\/oponixo.shop\/tire\/wp-content\/uploads\/2025\/12\/allegro-image-9943-768x721.jpg",768,721,true],"large":["https:\/\/oponixo.shop\/tire\/wp-content\/uploads\/2025\/12\/allegro-image-9943-1024x961.jpg",1024,961,true],"1536x1536":["https:\/\/oponixo.shop\/tire\/wp-content\/uploads\/2025\/12\/allegro-image-9943.jpg",1200,1126,false],"2048x2048":["https:\/\/oponixo.shop\/tire\/wp-content\/uploads\/2025\/12\/allegro-image-9943.jpg",1200,1126,false],"woocommerce_thumbnail":["https:\/\/oponixo.shop\/tire\/wp-content\/uploads\/2025\/12\/allegro-image-9943-300x300.jpg",300,300,true],"woocommerce_single":["https:\/\/oponixo.shop\/tire\/wp-content\/uploads\/2025\/12\/allegro-image-9943-600x563.jpg",600,563,true],"woocommerce_gallery_thumbnail":["https:\/\/oponixo.shop\/tire\/wp-content\/uploads\/2025\/12\/allegro-image-9943-100x100.jpg",100,100,true]},"uagb_author_info":{"display_name":"admin","author_link":"https:\/\/oponixo.shop\/tire\/author\/"},"uagb_comment_info":0,"uagb_excerpt":"APLUS A702 255\/55R18 109V XL H145YR Aplus","_links":{"self":[{"href":"https:\/\/oponixo.shop\/tire\/wp-json\/wp\/v2\/product\/9943","targetHints":{"allow":["GET"]}}],"collection":[{"href":"https:\/\/oponixo.shop\/tire\/wp-json\/wp\/v2\/product"}],"about":[{"href":"https:\/\/oponixo.shop\/tire\/wp-json\/wp\/v2\/types\/product"}],"wp:featuredmedia":[{"embeddable":true,"href":"https:\/\/oponixo.shop\/tire\/wp-json\/wp\/v2\/media\/9944"}],"wp:attachment":[{"href":"https:\/\/oponixo.shop\/tire\/wp-json\/wp\/v2\/media?parent=9943"}],"wp:term":[{"taxonomy":"product_brand","embeddable":true,"href":"https:\/\/oponixo.shop\/tire\/wp-json\/wp\/v2\/product_brand?post=9943"},{"taxonomy":"product_cat","embeddable":true,"href":"https:\/\/oponixo.shop\/tire\/wp-json\/wp\/v2\/product_cat?post=9943"},{"taxonomy":"product_tag","embeddable":true,"href":"https:\/\/oponixo.shop\/tire\/wp-json\/wp\/v2\/product_tag?post=9943"}],"curies":[{"name":"wp","href":"https:\/\/api.w.org\/{rel}","templated":true}]}}