{"id":9961,"date":"2025-12-25T17:28:49","date_gmt":"2025-12-25T17:28:49","guid":{"rendered":"https:\/\/oponyexpert.shop\/xef5\/produkt\/2x-opony-zimowe-285-40r21-hankook-evo3-x-w330\/"},"modified":"2025-12-25T17:28:49","modified_gmt":"2025-12-25T17:28:49","slug":"2x-opony-zimowe-285-40r21-hankook-evo3-x-w330","status":"publish","type":"product","link":"https:\/\/oponixo.shop\/tire\/produkt\/2x-opony-zimowe-285-40r21-hankook-evo3-x-w330\/","title":{"rendered":"2x Opony Zimowe 285\/40R21 Hankook evo3 X W330"},"content":{"rendered":"<div style=\"font-family: Arial, sans-serif; line-height: 1.6; color: #333; padding: 20px; clear: both; display: block; width: 100%; float: none; position: static; overflow: hidden;\">\n<div style=\"clear: both; display: block; margin: 10px 0;\">\n<div style=\"clear: both; display: block; margin: 10px 0;\">\n<div style=\"clear: both; display: block; margin: 10px 0;\">\n<h1> 2x Opony zimowe Hankook Winter i*cept evo3 X W330 285\/40R21 109V XL <\/h1>\n<h2> G\u0142\u00f3wne cechy: <\/h2>\n<ul style=\"margin: 15px 0; padding-left: 20px; clear: both; display: block; width: 100%; float: none; position: static;\">\n<li style=\"margin: 5px 0; padding: 2px 0; clear: both; display: list-item; float: none; position: static;\"><b>Stan:<\/b> nowe<\/li>\n<li style=\"margin: 5px 0; padding: 2px 0; clear: both; display: list-item; float: none; position: static;\"><b>Aukcja dotyczy:<\/b> 2 sztuk (pary opon)<\/li>\n<li style=\"margin: 5px 0; padding: 2px 0; clear: both; display: list-item; float: none; position: static;\"><b>Sezon:<\/b> opony zimowe<\/li>\n<li style=\"margin: 5px 0; padding: 2px 0; clear: both; display: list-item; float: none; position: static;\"><b>Przeznaczenie:<\/b> auta osobowe, SUV, 4&#215;4<\/li>\n<li style=\"margin: 5px 0; padding: 2px 0; clear: both; display: list-item; float: none; position: static;\"><b>Rok produkcji:<\/b> nie starsze jak 2024\/2025 (szczeg\u00f3\u0142y w opisie aukcji)<\/li>\n<li style=\"margin: 5px 0; padding: 2px 0; clear: both; display: list-item; float: none; position: static;\">Wszystkie b\u0119d\u0105 pochodzi\u0142y z tego samego roku<\/li>\n<li style=\"margin: 5px 0; padding: 2px 0; clear: both; display: list-item; float: none; position: static;\"><b>Gwarancia:<\/b> do\u017cywotnia<\/li>\n<li style=\"margin: 5px 0; padding: 2px 0; clear: both; display: list-item; float: none; position: static;\"><b>Kod produktu:<\/b> A1027230<\/li>\n<li style=\"margin: 5px 0; padding: 2px 0; clear: both; display: list-item; float: none; position: static;\"><b>EAN:<\/b> 8808563515694<\/li>\n<li style=\"margin: 5px 0; padding: 2px 0; clear: both; display: list-item; float: none; position: static;\">Kr\u00f3tka droga hamowania na mokrej nawierzchni<\/li>\n<\/ul>\n<h2>Zastosowane technologie:<\/h2>\n<ul style=\"margin: 15px 0; padding-left: 20px; clear: both; display: block; width: 100%; float: none; position: static;\">\n<li style=\"margin: 5px 0; padding: 2px 0; clear: both; display: list-item; float: none; position: static;\"><b>Wzmocnienie:<\/b> TAK (XL)<\/li>\n<\/ul>\n<\/div>\n<\/div>\n<\/div>\n<div style=\"clear: both; display: block; margin: 10px 0;\">\n<div style=\"clear: both; display: block; margin: 10px 0;\">\n<div style=\"clear: both; display: block; margin: 10px 0;\">\n<h2>Parametry opony:<\/h2>\n<ul style=\"margin: 15px 0; padding-left: 20px; clear: both; display: block; width: 100%; float: none; position: static;\">\n<li style=\"margin: 5px 0; padding: 2px 0; clear: both; display: list-item; float: none; position: static;\"><b>Marka:<\/b> Hankook<\/li>\n<li style=\"margin: 5px 0; padding: 2px 0; clear: both; display: list-item; float: none; position: static;\"><b>Klasa:<\/b> premium<\/li>\n<li style=\"margin: 5px 0; padding: 2px 0; clear: both; display: list-item; float: none; position: static;\"><b>Model:<\/b> Winter i*cept evo3 X W330<\/li>\n<li style=\"margin: 5px 0; padding: 2px 0; clear: both; display: list-item; float: none; position: static;\"><b>Rozmiar:<\/b> 285\/40R21 (285\/40 R21)<\/li>\n<li style=\"margin: 5px 0; padding: 2px 0; clear: both; display: list-item; float: none; position: static;\"><b>Szeroko\u015b\u0107:<\/b> 285 mm<\/li>\n<li style=\"margin: 5px 0; padding: 2px 0; clear: both; display: list-item; float: none; position: static;\"><b>Wysoko\u015b\u0107:<\/b> 40<\/li>\n<li style=\"margin: 5px 0; padding: 2px 0; clear: both; display: list-item; float: none; position: static;\"><b>\u015arednica:<\/b> R21 (21 cali)<\/li>\n<li style=\"margin: 5px 0; padding: 2px 0; clear: both; display: list-item; float: none; position: static;\"><b>Indeks no\u015bno\u015bci:<\/b> 109<\/li>\n<li style=\"margin: 5px 0; padding: 2px 0; clear: both; display: list-item; float: none; position: static;\"><b>Maks. no\u015bno\u015b\u0107:<\/b> 1030 kg na opon\u0119<\/li>\n<li style=\"margin: 5px 0; padding: 2px 0; clear: both; display: list-item; float: none; position: static;\"><b>Indeks pr\u0119dko\u015bci:<\/b> V<\/li>\n<li style=\"margin: 5px 0; padding: 2px 0; clear: both; display: list-item; float: none; position: static;\"><b>Maks. pr\u0119dko\u015b\u0107:<\/b> 240 km\/h<\/li>\n<li style=\"margin: 5px 0; padding: 2px 0; clear: both; display: list-item; float: none; position: static;\"><b>Inne oznaczenia:<\/b> XL, 3PMSF, M+S<\/li>\n<\/ul>\n<h2>Oznaczenia dodatkowe:<\/h2>\n<ul style=\"margin: 15px 0; padding-left: 20px; clear: both; display: block; width: 100%; float: none; position: static;\">\n<li style=\"margin: 5px 0; padding: 2px 0; clear: both; display: list-item; float: none; position: static;\"><b>XL:<\/b> Opona wzmacniana co oznacza, \u017ce charakteryzuje si\u0119 zwi\u0119kszon\u0105 no\u015bno\u015bci\u0105 (pozwala na wi\u0119kszy ud\u017awig). Opony wzmacniane rekomendowane s\u0105 do aut o wi\u0119kszej mocy silnika (ponad 120KM), pojazd\u00f3w z nadwoziem kombi oraz samochod\u00f3w segmentu SUV. Opony takie na swoim boku maj\u0105 zapis XL lub extra load.<\/li>\n<li style=\"margin: 5px 0; padding: 2px 0; clear: both; display: list-item; float: none; position: static;\"><b>3PMSF:<\/b> Symbol p\u0142atka \u015bniegu na tle potr\u00f3jnego szczytu (symbol alpejski) oznaczaj\u0105cy, \u017ce opony gwarantuj\u0105 niezawodno\u015b\u0107 i bezpiecze\u0144stwo na \u015bniegu. Oznaczenie otrzymuj\u0105 wy\u0142\u0105cznie opony, kt\u00f3re otrzyma\u0142y pozytywny wynik w znormalizowanych testach osi\u0105g\u00f3w w zakresie mobilno\u015bci i bezpiecze\u0144stwa w warunkach zimowych.<\/li>\n<li style=\"margin: 5px 0; padding: 2px 0; clear: both; display: list-item; float: none; position: static;\"><b>M+S:<\/b> Opona o konstrukcji zoptymalizowanej pod k\u0105tem przyczepno\u015bci na b\u0142ocie oraz \u015bwie\u017cym lub topniej\u0105cym \u015bniegu. Stanowi deklaracj\u0119 producenta, \u017ce dana opona radzi sobie lepiej w b\u0142ocie czy \u015bniegu ni\u017c standardowa.<\/li>\n<\/ul>\n<\/div>\n<\/div>\n<div style=\"clear: both; display: block; margin: 10px 0;\">\n<div style=\"clear: both; display: block; margin: 10px 0;\">\n<div  style=\"max-width:500px;max-height:500px\">\n<div style=\"clear: both; display: block; margin: 10px 0;\">\n<div style=\"clear: both; width: 100%; display: block; margin: 20px 0; padding: 0; float: none; position: static; text-align: center;\"><img decoding=\"async\"  src=\"https:\/\/a.allegroimg.com\/original\/11fa30\/ba5d98ab44d19498eb9456902813\/2x-Opony-Zimowe-285-40R21-Hankook-evo3-X-W330\" srcset=\"https:\/\/a.allegroimg.com\/original\/11fa30\/ba5d98ab44d19498eb9456902813\/2x-Opony-Zimowe-285-40R21-Hankook-evo3-X-W330 360w,https:\/\/a.allegroimg.com\/original\/11fa30\/ba5d98ab44d19498eb9456902813\/2x-Opony-Zimowe-285-40R21-Hankook-evo3-X-W330 500w,https:\/\/a.allegroimg.com\/original\/11fa30\/ba5d98ab44d19498eb9456902813\/2x-Opony-Zimowe-285-40R21-Hankook-evo3-X-W330 500w\" sizes=\"(min-width: 1200px) 560px, (min-width: 992px) 50vw, 100vw\" width=\"500px\" alt=\"2x Opony Zimowe 285\/40R21 Hankook evo3 X W330\"\/ style=\"max-width: 100%; height: auto; display: block; margin: 0 auto;\"><\/div>\n<\/div>\n<\/div>\n<\/div>\n<\/div>\n<\/div>\n<div style=\"clear: both; display: block; margin: 10px 0;\">\n<div style=\"clear: both; display: block; margin: 10px 0;\">\n<div style=\"clear: both; display: block; margin: 10px 0;\">\n<div  style=\"max-width:886px;max-height:1299px\">\n<div style=\"clear: both; display: block; margin: 10px 0;\">\n<div style=\"clear: both; width: 100%; display: block; margin: 20px 0; padding: 0; float: none; position: static; text-align: center;\"><img decoding=\"async\"  src=\"https:\/\/a.allegroimg.com\/original\/11d425\/dabffdd5442b99d75216c32d3f99\/2x-Opony-Zimowe-285-40R21-Hankook-evo3-X-W330-Szerokosc-opony-285-mm\" srcset=\"https:\/\/a.allegroimg.com\/original\/11d425\/dabffdd5442b99d75216c32d3f99\/2x-Opony-Zimowe-285-40R21-Hankook-evo3-X-W330-Szerokosc-opony-285-mm 245w,https:\/\/a.allegroimg.com\/original\/11d425\/dabffdd5442b99d75216c32d3f99\/2x-Opony-Zimowe-285-40R21-Hankook-evo3-X-W330-Szerokosc-opony-285-mm 491w,https:\/\/a.allegroimg.com\/original\/11d425\/dabffdd5442b99d75216c32d3f99\/2x-Opony-Zimowe-285-40R21-Hankook-evo3-X-W330-Szerokosc-opony-285-mm 698w,https:\/\/a.allegroimg.com\/original\/11d425\/dabffdd5442b99d75216c32d3f99\/2x-Opony-Zimowe-285-40R21-Hankook-evo3-X-W330-Szerokosc-opony-285-mm 886w,https:\/\/a.allegroimg.com\/original\/11d425\/dabffdd5442b99d75216c32d3f99\/2x-Opony-Zimowe-285-40R21-Hankook-evo3-X-W330-Szerokosc-opony-285-mm 886w\" sizes=\"(min-width: 1200px) 560px, (min-width: 992px) 50vw, 100vw\" width=\"886px\" alt=\"2x Opony Zimowe 285\/40R21 Hankook evo3 X W330 Szeroko\u015b\u0107 opony 285 mm\"\/ style=\"max-width: 100%; height: auto; display: block; margin: 0 auto;\"><\/div>\n<\/div>\n<\/div>\n<\/div>\n<\/div>\n<div style=\"clear: both; display: block; margin: 10px 0;\">\n<div style=\"clear: both; display: block; margin: 10px 0;\">\n<h1> Najnowsza etykieta opony <\/h1>\n<h2> Op\u00f3r toczenia &#8211; klasa C <\/h2>\n<p style=\"margin: 15px 0; line-height: 1.8; clear: both; display: block; width: 100%; float: none; position: static;\"> Zu\u017cycie paliwa odgrywa wa\u017cn\u0105 rol\u0119 z ekonomicznego i ekologicznego punktu widzenia. Im ni\u017csze opory toczenia, tym mniejsza ilo\u015b\u0107 zu\u017cywanej energii oraz ni\u017csze zu\u017cycie paliwa i emisja CO2. Przyk\u0142adowo r\u00f3\u017cnica w spalaniu mi\u0119dzy klas\u0105 E oraz C wynosi 1\/10 litra na 100km. <\/p>\n<h2> Przyczepno\u015b\u0107 na mokrym &#8211; klasa B <\/h2>\n<p style=\"margin: 15px 0; line-height: 1.8; clear: both; display: block; width: 100%; float: none; position: static;\"> Klasyfikacja przyczepno\u015bci wskazuje, jak dobrze opona b\u0119dzie si\u0119 zachowywa\u0107 na mokrej nawierzchni, a jej osi\u0105gi s\u0105 oceniane w skali od klasy A do G. Ocena A oznacza kr\u00f3tk\u0105 drog\u0119 hamowania na mokrej nawierzchni. <\/p>\n<h2> Ha\u0142as zewn\u0119trzny &#8211; klasa B <\/h2>\n<p style=\"margin: 15px 0; line-height: 1.8; clear: both; display: block; width: 100%; float: none; position: static;\"> Poziom ha\u0142asu zewn\u0119trznego (w decybelach) emitowanego przez opon\u0119 auta poruszaj\u0105cego si\u0119 z pr\u0119dko\u015bci\u0105 80km\/h. Opona zimowa 285 40 21 Hankook Winter i*cept evo3 X W330 emituje ha\u0142as na poziomie 75 decybeli. <\/p>\n<\/div>\n<\/div>\n<\/div>\n<div style=\"clear: both; display: block; margin: 10px 0;\">\n<div style=\"clear: both; display: block; margin: 10px 0;\">\n<div style=\"clear: both; display: block; margin: 10px 0;\">\n<h1> Najnowsza produkcja (2024\/2025) <\/h1>\n<p style=\"margin: 15px 0; line-height: 1.8; clear: both; display: block; width: 100%; float: none; position: static;\"> Jako autoryzowany dystrybutor marki Hankook, jeste\u015bmy w gronie niewielu firm oferuj\u0105cych opony pochodz\u0105ce z najnowszej produkcji tj. <b> 2024\/2025<\/b>. Dzi\u0119ki temu, i\u017c ka\u017cda opona przed przyj\u0119ciem na magazyn by\u0142a r\u0119cznie weryfikowana, masz pewno\u015b\u0107 otrzymania nowych i pe\u0142nowarto\u015bciowych opon, kt\u00f3rych data produkcji nie b\u0119dzie starsza ni\u017c ubieg\u0142y rok. <\/p>\n<p style=\"margin: 15px 0; line-height: 1.8; clear: both; display: block; width: 100%; float: none; position: static;\"> Na magazynie trzymamy razem oko\u0142o 85 tysi\u0119cy opon wyprodukowanych w latach 2024\/2025. Pe\u0142na automatyzacja magazynu gwarantuje, i\u017c <b>wszystkie zakupione przez Ciebie opony b\u0119d\u0105 pochodzi\u0142y z tego samego rocznika<\/b>. Mo\u017cesz zatem spa\u0107 spokojnie, je\u017celi jest to dla Ciebie kluczowy parametr. <\/p>\n<p style=\"margin: 15px 0; line-height: 1.8; clear: both; display: block; width: 100%; float: none; position: static;\"> Mimo, i\u017c wed\u0142ug polskiej normy PN-C-94300-7 opony do 3 lat od daty ich produkcji zachowuj\u0105 100% w\u0142a\u015bciwo\u015bci oraz wszystkie swoje parametry w zakresie bezpiecze\u0144stwa i eksploatacji, wychodzimy z nasz\u0105 ofert\u0105 naprzeciw oczekiwaniom kierowc\u00f3w, daj\u0105c im mo\u017cliwo\u015b\u0107 zakupu \u015bwie\u017co wyprodukowanych opon. <\/p>\n<\/div>\n<\/div>\n<div style=\"clear: both; display: block; margin: 10px 0;\">\n<div style=\"clear: both; display: block; margin: 10px 0;\">\n<div  style=\"max-width:500px;max-height:500px\">\n<div style=\"clear: both; display: block; margin: 10px 0;\">\n<div style=\"clear: both; width: 100%; display: block; margin: 20px 0; padding: 0; float: none; position: static; text-align: center;\"><img decoding=\"async\"  src=\"https:\/\/a.allegroimg.com\/original\/11f97e\/fa0ac9b542a5a2581f216506763d\/2x-Opony-Zimowe-285-40R21-Hankook-evo3-X-W330-Model-Winter-i-cept-evo3-X-W330A\" srcset=\"https:\/\/a.allegroimg.com\/original\/11f97e\/fa0ac9b542a5a2581f216506763d\/2x-Opony-Zimowe-285-40R21-Hankook-evo3-X-W330-Model-Winter-i-cept-evo3-X-W330A 360w,https:\/\/a.allegroimg.com\/original\/11f97e\/fa0ac9b542a5a2581f216506763d\/2x-Opony-Zimowe-285-40R21-Hankook-evo3-X-W330-Model-Winter-i-cept-evo3-X-W330A 500w,https:\/\/a.allegroimg.com\/original\/11f97e\/fa0ac9b542a5a2581f216506763d\/2x-Opony-Zimowe-285-40R21-Hankook-evo3-X-W330-Model-Winter-i-cept-evo3-X-W330A 500w\" sizes=\"(min-width: 1200px) 560px, (min-width: 992px) 50vw, 100vw\" width=\"500px\" alt=\"2x Opony Zimowe 285\/40R21 Hankook evo3 X W330 Model Winter i*cept evo3 X W330A\"\/ style=\"max-width: 100%; height: auto; display: block; margin: 0 auto;\"><\/div>\n<\/div>\n<\/div>\n<\/div>\n<\/div>\n<\/div>\n<div style=\"clear: both; display: block; margin: 10px 0;\">\n<div style=\"clear: both; display: block; margin: 10px 0;\">\n<div style=\"clear: both; display: block; margin: 10px 0;\">\n<div  style=\"max-width:500px;max-height:500px\">\n<div style=\"clear: both; display: block; margin: 10px 0;\">\n<div style=\"clear: both; width: 100%; display: block; margin: 20px 0; padding: 0; float: none; position: static; text-align: center;\"><img decoding=\"async\"  src=\"https:\/\/a.allegroimg.com\/original\/119dde\/a7b9a67647e9938e0421a423219b\/2x-Opony-Zimowe-285-40R21-Hankook-evo3-X-W330-Srednica-21\" srcset=\"https:\/\/a.allegroimg.com\/original\/119dde\/a7b9a67647e9938e0421a423219b\/2x-Opony-Zimowe-285-40R21-Hankook-evo3-X-W330-Srednica-21 360w,https:\/\/a.allegroimg.com\/original\/119dde\/a7b9a67647e9938e0421a423219b\/2x-Opony-Zimowe-285-40R21-Hankook-evo3-X-W330-Srednica-21 500w,https:\/\/a.allegroimg.com\/original\/119dde\/a7b9a67647e9938e0421a423219b\/2x-Opony-Zimowe-285-40R21-Hankook-evo3-X-W330-Srednica-21 500w\" sizes=\"(min-width: 1200px) 560px, (min-width: 992px) 50vw, 100vw\" width=\"500px\" alt=\"2x Opony Zimowe 285\/40R21 Hankook evo3 X W330 \u015arednica 21&quot;\"\/ style=\"max-width: 100%; height: auto; display: block; margin: 0 auto;\"><\/div>\n<\/div>\n<\/div>\n<\/div>\n<\/div>\n<div style=\"clear: both; display: block; margin: 10px 0;\">\n<div style=\"clear: both; display: block; margin: 10px 0;\">\n<h1> O firmie Hankook <\/h1>\n<p style=\"margin: 15px 0; line-height: 1.8; clear: both; display: block; width: 100%; float: none; position: static;\"> Producentem modelu opony Winter i*cept evo3 X W330 w rozmiarze 285\/40R21 jest marka Hankook. <\/p>\n<p style=\"margin: 15px 0; line-height: 1.8; clear: both; display: block; width: 100%; float: none; position: static;\"> Hankook Corporation zosta\u0142a za\u0142o\u017cona w 1941 roku w Korei nosz\u0105c wcze\u015bniej nazw\u0119 Chosun Tire Company. Przez lata swojego istnienia niewielka firma produkuj\u0105ca artyku\u0142y gumowe do u\u017cytku domowego przekszta\u0142ci\u0142a si\u0119 w ogromne przedsi\u0119biorstwo produkuj\u0105ce opony samochodowe do szerokiej gamy pojazd\u00f3w. By\u0142a to pierwsza azjatycka firma, kt\u00f3ra zacz\u0119\u0142a dostarcza\u0107 swoje produkty do fabryk Forda. Pod wzgl\u0119dem wielko\u015bci produkcji firma jest jednym z dziesi\u0119ciu czo\u0142owych przedstawicieli bran\u017cy oponiarskiej.Ka\u017cda jednostka produkcyjna, kt\u00f3ra schodzi z linii monta\u017cowej, przechodzi najsurowsz\u0105 elektroniczn\u0105 kontrol\u0119 jako\u015bci, kt\u00f3ra zapewnia zgodno\u015b\u0107 ze wszystkimi mi\u0119dzynarodowymi standardami. Wprowadzanie innowacyjnych technologii oraz stosowanie rewolucyjnych metod produkcji pozwala na ci\u0105g\u0142e doskonalenie w\u0142a\u015bciwo\u015bci u\u017cytkowych oferowanych produkt\u00f3w. Dzi\u0119ki doskona\u0142ym parametrom, stylowemu wzornictwu i trwa\u0142o\u015bci opony Hankook szybko sta\u0142y si\u0119 popularne poza Kore\u0105 Po\u0142udniow\u0105. <\/p>\n<\/div>\n<\/div>\n<\/div>\n<div style=\"clear: both; display: block; margin: 10px 0;\">\n<div style=\"clear: both; display: block; margin: 10px 0;\">\n<div style=\"clear: both; display: block; margin: 10px 0;\">\n<h1> Opony zimowe Hankook <\/h1>\n<h2>\n","protected":false},"excerpt":{"rendered":"<p>2x Opony zimowe Hankook Winter i*cept evo3 X W330 285\/40R21 109V XL<\/p>\n<p>G\u0142\u00f3wne cechy:<\/p>\n<p>Stan: nowe<\/p>\n<p>Aukcja dotyczy: 2 sztuk (pary opon)<\/p>\n<p>Sezon: opony zimowe<\/p>\n<p>Przeznaczenie: auta osobowe, SUV, 4&#215;4<\/p>\n<p>Rok produkcji: nie starsze jak 2024\/2025 (szczeg\u00f3\u0142y w opisie aukcji)<\/p>\n<p>Wszystkie b\u0119d\u0105 pochodzi\u0142y z tego samego roku<\/p>\n","protected":false},"featured_media":9962,"template":"","meta":{"_uag_custom_page_level_css":""},"product_brand":[411],"product_cat":[414,413,412,415],"product_tag":[],"class_list":{"0":"post-9961","1":"product","2":"type-product","3":"status-publish","4":"has-post-thumbnail","6":"product_brand-hankook","7":"product_cat-do-samochodow-osobowych-i-suv","8":"product_cat-opony","9":"product_cat-opony-i-felgi","10":"product_cat-zimowe","12":"first","13":"instock","14":"sale","15":"shipping-taxable","16":"purchasable","17":"product-type-simple"},"uagb_featured_image_src":{"full":["https:\/\/oponixo.shop\/tire\/wp-content\/uploads\/2025\/12\/allegro-image-9961.jpg",500,500,false],"thumbnail":["https:\/\/oponixo.shop\/tire\/wp-content\/uploads\/2025\/12\/allegro-image-9961-150x150.jpg",150,150,true],"medium":["https:\/\/oponixo.shop\/tire\/wp-content\/uploads\/2025\/12\/allegro-image-9961-300x300.jpg",300,300,true],"medium_large":["https:\/\/oponixo.shop\/tire\/wp-content\/uploads\/2025\/12\/allegro-image-9961.jpg",500,500,false],"large":["https:\/\/oponixo.shop\/tire\/wp-content\/uploads\/2025\/12\/allegro-image-9961.jpg",500,500,false],"1536x1536":["https:\/\/oponixo.shop\/tire\/wp-content\/uploads\/2025\/12\/allegro-image-9961.jpg",500,500,false],"2048x2048":["https:\/\/oponixo.shop\/tire\/wp-content\/uploads\/2025\/12\/allegro-image-9961.jpg",500,500,false],"woocommerce_thumbnail":["https:\/\/oponixo.shop\/tire\/wp-content\/uploads\/2025\/12\/allegro-image-9961-300x300.jpg",300,300,true],"woocommerce_single":["https:\/\/oponixo.shop\/tire\/wp-content\/uploads\/2025\/12\/allegro-image-9961.jpg",500,500,false],"woocommerce_gallery_thumbnail":["https:\/\/oponixo.shop\/tire\/wp-content\/uploads\/2025\/12\/allegro-image-9961-100x100.jpg",100,100,true]},"uagb_author_info":{"display_name":"admin","author_link":"https:\/\/oponixo.shop\/tire\/author\/"},"uagb_comment_info":0,"uagb_excerpt":"2x Opony zimowe Hankook Winter i*cept evo3 X W330 285\/40R21 109V XL G\u0142\u00f3wne cechy: Stan: nowe Aukcja dotyczy: 2 sztuk (pary opon) Sezon: opony zimowe Przeznaczenie: auta osobowe, SUV, 4x4 Rok produkcji: nie starsze jak 2024\/2025 (szczeg\u00f3\u0142y w opisie aukcji) Wszystkie b\u0119d\u0105 pochodzi\u0142y z tego samego roku","_links":{"self":[{"href":"https:\/\/oponixo.shop\/tire\/wp-json\/wp\/v2\/product\/9961","targetHints":{"allow":["GET"]}}],"collection":[{"href":"https:\/\/oponixo.shop\/tire\/wp-json\/wp\/v2\/product"}],"about":[{"href":"https:\/\/oponixo.shop\/tire\/wp-json\/wp\/v2\/types\/product"}],"wp:featuredmedia":[{"embeddable":true,"href":"https:\/\/oponixo.shop\/tire\/wp-json\/wp\/v2\/media\/9962"}],"wp:attachment":[{"href":"https:\/\/oponixo.shop\/tire\/wp-json\/wp\/v2\/media?parent=9961"}],"wp:term":[{"taxonomy":"product_brand","embeddable":true,"href":"https:\/\/oponixo.shop\/tire\/wp-json\/wp\/v2\/product_brand?post=9961"},{"taxonomy":"product_cat","embeddable":true,"href":"https:\/\/oponixo.shop\/tire\/wp-json\/wp\/v2\/product_cat?post=9961"},{"taxonomy":"product_tag","embeddable":true,"href":"https:\/\/oponixo.shop\/tire\/wp-json\/wp\/v2\/product_tag?post=9961"}],"curies":[{"name":"wp","href":"https:\/\/api.w.org\/{rel}","templated":true}]}}