{"id":9967,"date":"2025-12-25T17:28:50","date_gmt":"2025-12-25T17:28:50","guid":{"rendered":"https:\/\/oponyexpert.shop\/xef5\/produkt\/2x-opony-zimowe-255-35r21-98w-xl-advan-winter-v907-yokohama\/"},"modified":"2025-12-25T17:28:51","modified_gmt":"2025-12-25T17:28:51","slug":"2x-opony-zimowe-255-35r21-98w-xl-advan-winter-v907-yokohama","status":"publish","type":"product","link":"https:\/\/oponixo.shop\/tire\/produkt\/2x-opony-zimowe-255-35r21-98w-xl-advan-winter-v907-yokohama\/","title":{"rendered":"2x Opony zimowe 255\/35R21 98W XL ADVAN Winter V907 YOKOHAMA"},"content":{"rendered":"<div style=\"font-family: Arial, sans-serif; line-height: 1.6; color: #333; padding: 20px; clear: both; display: block; width: 100%; float: none; position: static; overflow: hidden;\">\n<div style=\"clear: both; display: block; margin: 10px 0;\">\n<div style=\"clear: both; display: block; margin: 10px 0;\">\n<div style=\"clear: both; display: block; margin: 10px 0;\">\n<h1>2x Opony zimowe 255\/35R21 98W XL ADVAN Winter V907 YOKOHAMA<\/h1>\n<\/div>\n<\/div>\n<\/div>\n<div style=\"clear: both; display: block; margin: 10px 0;\">\n<div style=\"clear: both; display: block; margin: 10px 0;\">\n<div style=\"clear: both; display: block; margin: 10px 0;\">\n<div  style=\"max-width:1440px;max-height:100px\">\n<div style=\"clear: both; display: block; margin: 10px 0;\">\n<div style=\"clear: both; width: 100%; display: block; margin: 20px 0; padding: 0; float: none; position: static; text-align: center;\"><img decoding=\"async\"  src=\"https:\/\/a.allegroimg.com\/original\/11a969\/84330ff84761a7631e9a9efc0ae2\/2x-Opony-zimowe-255-35R21-98W-XL-ADVAN-Winter-V907-YOKOHAMA-Szerokosc-opony-255-mm\" srcset=\"https:\/\/a.allegroimg.com\/original\/11a969\/84330ff84761a7631e9a9efc0ae2\/2x-Opony-zimowe-255-35R21-98W-XL-ADVAN-Winter-V907-YOKOHAMA-Szerokosc-opony-255-mm 360w,https:\/\/a.allegroimg.com\/original\/11a969\/84330ff84761a7631e9a9efc0ae2\/2x-Opony-zimowe-255-35R21-98W-XL-ADVAN-Winter-V907-YOKOHAMA-Szerokosc-opony-255-mm 720w,https:\/\/a.allegroimg.com\/original\/11a969\/84330ff84761a7631e9a9efc0ae2\/2x-Opony-zimowe-255-35R21-98W-XL-ADVAN-Winter-V907-YOKOHAMA-Szerokosc-opony-255-mm 1024w,https:\/\/a.allegroimg.com\/original\/11a969\/84330ff84761a7631e9a9efc0ae2\/2x-Opony-zimowe-255-35R21-98W-XL-ADVAN-Winter-V907-YOKOHAMA-Szerokosc-opony-255-mm 1440w,https:\/\/a.allegroimg.com\/original\/11a969\/84330ff84761a7631e9a9efc0ae2\/2x-Opony-zimowe-255-35R21-98W-XL-ADVAN-Winter-V907-YOKOHAMA-Szerokosc-opony-255-mm 1440w\" sizes=\"100vw\" width=\"1440px\" alt=\"2x Opony zimowe 255\/35R21 98W XL ADVAN Winter V907 YOKOHAMA Szeroko\u015b\u0107 opony 255 mm\"\/ style=\"max-width: 100%; height: auto; display: block; margin: 0 auto;\"><\/div>\n<\/div>\n<\/div>\n<\/div>\n<\/div>\n<\/div>\n<div style=\"clear: both; display: block; margin: 10px 0;\">\n<div style=\"clear: both; display: block; margin: 10px 0;\">\n<div style=\"clear: both; display: block; margin: 10px 0;\">\n<div  style=\"max-width:1662px;max-height:2560px\">\n<div style=\"clear: both; display: block; margin: 10px 0;\">\n<div style=\"clear: both; width: 100%; display: block; margin: 20px 0; padding: 0; float: none; position: static; text-align: center;\"><img decoding=\"async\"  src=\"https:\/\/a.allegroimg.com\/original\/11390b\/b47690434a1abd44f31858de175d\/2x-Opony-zimowe-255-35R21-98W-XL-ADVAN-Winter-V907-YOKOHAMA-Liczba-opon-w-ofercie-2-szt\" srcset=\"https:\/\/a.allegroimg.com\/original\/11390b\/b47690434a1abd44f31858de175d\/2x-Opony-zimowe-255-35R21-98W-XL-ADVAN-Winter-V907-YOKOHAMA-Liczba-opon-w-ofercie-2-szt 233w,https:\/\/a.allegroimg.com\/original\/11390b\/b47690434a1abd44f31858de175d\/2x-Opony-zimowe-255-35R21-98W-XL-ADVAN-Winter-V907-YOKOHAMA-Liczba-opon-w-ofercie-2-szt 467w,https:\/\/a.allegroimg.com\/original\/11390b\/b47690434a1abd44f31858de175d\/2x-Opony-zimowe-255-35R21-98W-XL-ADVAN-Winter-V907-YOKOHAMA-Liczba-opon-w-ofercie-2-szt 664w,https:\/\/a.allegroimg.com\/original\/11390b\/b47690434a1abd44f31858de175d\/2x-Opony-zimowe-255-35R21-98W-XL-ADVAN-Winter-V907-YOKOHAMA-Liczba-opon-w-ofercie-2-szt 934w,https:\/\/a.allegroimg.com\/original\/11390b\/b47690434a1abd44f31858de175d\/2x-Opony-zimowe-255-35R21-98W-XL-ADVAN-Winter-V907-YOKOHAMA-Liczba-opon-w-ofercie-2-szt 1662w\" sizes=\"(min-width: 1200px) 560px, (min-width: 992px) 50vw, 100vw\" width=\"1662px\" alt=\"2x Opony zimowe 255\/35R21 98W XL ADVAN Winter V907 YOKOHAMA Liczba opon w ofercie 2 szt.\"\/ style=\"max-width: 100%; height: auto; display: block; margin: 0 auto;\"><\/div>\n<\/div>\n<\/div>\n<\/div>\n<\/div>\n<div style=\"clear: both; display: block; margin: 10px 0;\">\n<div style=\"clear: both; display: block; margin: 10px 0;\">\n<h1>YOKOHAMA ADVAN Winter V907 255\/35R21<\/h1>\n<h3 style=\"color: #2c5aa0; font-size: 18px; margin: 30px 0 15px 0; font-weight: bold; clear: both; display: block; width: 100%; float: none; position: static;\">Dane podstawowe<\/h3>\n<p style=\"margin: 15px 0; line-height: 1.8; clear: both; display: block; width: 100%; float: none; position: static;\"><b>Stan:<\/b> Opony fabrycznie nowe<\/p>\n<p style=\"margin: 15px 0; line-height: 1.8; clear: both; display: block; width: 100%; float: none; position: static;\"><b>Producent:<\/b> YOKOHAMA<\/p>\n<p style=\"margin: 15px 0; line-height: 1.8; clear: both; display: block; width: 100%; float: none; position: static;\"><b>Model:<\/b> ADVAN Winter V907<\/p>\n<p style=\"margin: 15px 0; line-height: 1.8; clear: both; display: block; width: 100%; float: none; position: static;\"><b>Klasa opon:<\/b> Premium<\/p>\n<p style=\"margin: 15px 0; line-height: 1.8; clear: both; display: block; width: 100%; float: none; position: static;\"><b>Sezon:<\/b> Opony zimowe<\/p>\n<p style=\"margin: 15px 0; line-height: 1.8; clear: both; display: block; width: 100%; float: none; position: static;\"><b>Szeroko\u015b\u0107:<\/b> 255<\/p>\n<p style=\"margin: 15px 0; line-height: 1.8; clear: both; display: block; width: 100%; float: none; position: static;\"><b>Profil:<\/b> 35<\/p>\n<p style=\"margin: 15px 0; line-height: 1.8; clear: both; display: block; width: 100%; float: none; position: static;\"><b>\u015arednica:<\/b> 21<\/p>\n<p style=\"margin: 15px 0; line-height: 1.8; clear: both; display: block; width: 100%; float: none; position: static;\"><b>Indeks pr\u0119dko\u015bci:<\/b> W &#8211; do 270 km\/h<\/p>\n<p style=\"margin: 15px 0; line-height: 1.8; clear: both; display: block; width: 100%; float: none; position: static;\"><b>Indeks no\u015bno\u015bci:<\/b> 98 &#8211; 750 kg na opon\u0119<\/p>\n<p style=\"margin: 15px 0; line-height: 1.8; clear: both; display: block; width: 100%; float: none; position: static;\"><b>Rok produkcji:<\/b> 2024<\/p>\n<\/div>\n<\/div>\n<\/div>\n<div style=\"clear: both; display: block; margin: 10px 0;\">\n<div style=\"clear: both; display: block; margin: 10px 0;\">\n<div style=\"clear: both; display: block; margin: 10px 0;\">\n<div  style=\"max-width:2560px;max-height:2560px\">\n<div style=\"clear: both; display: block; margin: 10px 0;\">\n<div style=\"clear: both; width: 100%; display: block; margin: 20px 0; padding: 0; float: none; position: static; text-align: center;\"><img decoding=\"async\"  src=\"https:\/\/a.allegroimg.com\/original\/1129d7\/a34166a54ffa981bc9119adb4b9e\/2x-Opony-zimowe-255-35R21-98W-XL-ADVAN-Winter-V907-YOKOHAMA-Rok-produkcji-2024\" srcset=\"https:\/\/a.allegroimg.com\/original\/1129d7\/a34166a54ffa981bc9119adb4b9e\/2x-Opony-zimowe-255-35R21-98W-XL-ADVAN-Winter-V907-YOKOHAMA-Rok-produkcji-2024 360w,https:\/\/a.allegroimg.com\/original\/1129d7\/a34166a54ffa981bc9119adb4b9e\/2x-Opony-zimowe-255-35R21-98W-XL-ADVAN-Winter-V907-YOKOHAMA-Rok-produkcji-2024 720w,https:\/\/a.allegroimg.com\/original\/1129d7\/a34166a54ffa981bc9119adb4b9e\/2x-Opony-zimowe-255-35R21-98W-XL-ADVAN-Winter-V907-YOKOHAMA-Rok-produkcji-2024 1024w,https:\/\/a.allegroimg.com\/original\/1129d7\/a34166a54ffa981bc9119adb4b9e\/2x-Opony-zimowe-255-35R21-98W-XL-ADVAN-Winter-V907-YOKOHAMA-Rok-produkcji-2024 1440w,https:\/\/a.allegroimg.com\/original\/1129d7\/a34166a54ffa981bc9119adb4b9e\/2x-Opony-zimowe-255-35R21-98W-XL-ADVAN-Winter-V907-YOKOHAMA-Rok-produkcji-2024 2560w\" sizes=\"(min-width: 1200px) 560px, (min-width: 992px) 50vw, 100vw\" width=\"2560px\" alt=\"2x Opony zimowe 255\/35R21 98W XL ADVAN Winter V907 YOKOHAMA Rok produkcji 2024\"\/ style=\"max-width: 100%; height: auto; display: block; margin: 0 auto;\"><\/div>\n<\/div>\n<\/div>\n<\/div>\n<\/div>\n<div style=\"clear: both; display: block; margin: 10px 0;\">\n<div style=\"clear: both; display: block; margin: 10px 0;\">\n<h3 style=\"color: #2c5aa0; font-size: 18px; margin: 30px 0 15px 0; font-weight: bold; clear: both; display: block; width: 100%; float: none; position: static;\">Informacje szczeg\u00f3\u0142owe<\/h3>\n<p style=\"margin: 15px 0; line-height: 1.8; clear: both; display: block; width: 100%; float: none; position: static;\"><b>Opona o podwy\u017cszonym wska\u017aniku no\u015bno\u015bci: <\/b>XL<\/p>\n<p style=\"margin: 15px 0; line-height: 1.8; clear: both; display: block; width: 100%; float: none; position: static;\"><b>Przeznaczenie: <\/b>Opona do samochod\u00f3w osobowych, SUV oraz z nap\u0119dem 4&#215;4<\/p>\n<p style=\"margin: 15px 0; line-height: 1.8; clear: both; display: block; width: 100%; float: none; position: static;\"><b>Kod producenta: <\/b>R9877<\/p>\n<p style=\"margin: 15px 0; line-height: 1.8; clear: both; display: block; width: 100%; float: none; position: static;\"><b>Waga opony: <\/b>15.07 kg<\/p>\n<\/div>\n<\/div>\n<\/div>\n<div style=\"clear: both; display: block; margin: 10px 0;\">\n<div style=\"clear: both; display: block; margin: 10px 0;\">\n<div style=\"clear: both; display: block; margin: 10px 0;\">\n<p style=\"margin: 15px 0; line-height: 1.8; clear: both; display: block; width: 100%; float: none; position: static;\">*Zdj\u0119cia przedstawione w ofercie maj\u0105 <b>charakter pogl\u0105dowy<\/b>. Rzeczywisty wygl\u0105d mo\u017ce r\u00f3\u017cni\u0107 si\u0119 od prezentowanego w zale\u017cno\u015bci od rozmiaru produktu.<\/p>\n<\/div>\n<\/div>\n<\/div>\n<div style=\"clear: both; display: block; margin: 10px 0;\">\n<div style=\"clear: both; display: block; margin: 10px 0;\">\n<div style=\"clear: both; display: block; margin: 10px 0;\">\n<h1>Yokohama Advan Winter V907<\/h1>\n<h2>Innowacja w ka\u017cdym detalu<\/h2>\n<p style=\"margin: 15px 0; line-height: 1.8; clear: both; display: block; width: 100%; float: none; position: static;\">Opona klasy premium do samochod\u00f3w sportowych i elektrycznych. Zapewnia doskona\u0142\u0105 przyczepno\u015b\u0107 na \u015bniegu i mokrej nawierzchni dzi\u0119ki szerokiemu bie\u017cnikowi i rowkom w kszta\u0142cie litery V. Wyj\u0105tkowa konstrukcja paska zwi\u0119ksza elastyczno\u015b\u0107 i precyzj\u0119 prowadzenia.<\/p>\n<ul style=\"margin: 15px 0; padding-left: 20px; clear: both; display: block; width: 100%; float: none; position: static;\">\n<li style=\"margin: 5px 0; padding: 2px 0; clear: both; display: list-item; float: none; position: static;\"><b>Doskona\u0142a trakcja<\/b> na \u015bniegu i mokrej nawierzchni<\/li>\n<li style=\"margin: 5px 0; padding: 2px 0; clear: both; display: list-item; float: none; position: static;\"><b>Precyzyjne prowadzenie<\/b> dzi\u0119ki sztywnemu \u017cebru centralnemu<\/li>\n<li style=\"margin: 5px 0; padding: 2px 0; clear: both; display: list-item; float: none; position: static;\"><b>Komfort i stabilno\u015b\u0107<\/b> przy wysokich pr\u0119dko\u015bciach<\/li>\n<\/ul>\n<\/div>\n<\/div>\n<\/div>\n<div style=\"clear: both; display: block; margin: 10px 0;\">\n<div style=\"clear: both; display: block; margin: 10px 0;\">\n<div style=\"clear: both; display: block; margin: 10px 0;\">\n<div  style=\"max-width:1000px;max-height:300px\">\n<div style=\"clear: both; display: block; margin: 10px 0;\">\n<div style=\"clear: both; width: 100%; display: block; margin: 20px 0; padding: 0; float: none; position: static; text-align: center;\"><img decoding=\"async\"  src=\"https:\/\/a.allegroimg.com\/original\/117fdc\/142a4c8a478d8aaaddf3e0479e63\/2x-Opony-zimowe-255-35R21-98W-XL-ADVAN-Winter-V907-YOKOHAMA-Srednica-21\" srcset=\"https:\/\/a.allegroimg.com\/original\/117fdc\/142a4c8a478d8aaaddf3e0479e63\/2x-Opony-zimowe-255-35R21-98W-XL-ADVAN-Winter-V907-YOKOHAMA-Srednica-21 360w,https:\/\/a.allegroimg.com\/original\/117fdc\/142a4c8a478d8aaaddf3e0479e63\/2x-Opony-zimowe-255-35R21-98W-XL-ADVAN-Winter-V907-YOKOHAMA-Srednica-21 720w,https:\/\/a.allegroimg.com\/original\/117fdc\/142a4c8a478d8aaaddf3e0479e63\/2x-Opony-zimowe-255-35R21-98W-XL-ADVAN-Winter-V907-YOKOHAMA-Srednica-21 1000w,https:\/\/a.allegroimg.com\/original\/117fdc\/142a4c8a478d8aaaddf3e0479e63\/2x-Opony-zimowe-255-35R21-98W-XL-ADVAN-Winter-V907-YOKOHAMA-Srednica-21 1000w\" sizes=\"100vw\" width=\"1000px\" alt=\"2x Opony zimowe 255\/35R21 98W XL ADVAN Winter V907 YOKOHAMA \u015arednica 21&quot;\"\/ style=\"max-width: 100%; height: auto; display: block; margin: 0 auto;\"><\/div>\n<\/div>\n<\/div>\n<\/div>\n<\/div>\n<\/div>\n<div style=\"clear: both; display: block; margin: 10px 0;\">\n<div style=\"clear: both; display: block; margin: 10px 0;\">\n<div style=\"clear: both; display: block; margin: 10px 0;\">\n<h1>O producencie opon Yokohama<\/h1>\n<p style=\"margin: 15px 0; line-height: 1.8; clear: both; display: block; width: 100%; float: none; position: static;\">Yokohama to japo\u0144ski producent ogumienia samochodowego. Firma jest jednym z najwi\u0119kszych producent\u00f3w opon na \u015bwiecie. Yokohama powsta\u0142a w 1917 roku. W 1921 roku in\u017cynierowie firmy stworzyli opony kordowe. Kilkana\u015bcie lat p\u00f3\u017aniej Yokohama rozpocz\u0119\u0142a produkcj\u0119 opon do aut ci\u0119\u017carowych. W 1935 roku Yokohama rozpocz\u0119\u0142a dostarczanie opon na pierwszy monta\u017c do aut Nissan i Toyota. W 1969 roku firma otworzy\u0142a swoje przedstawicielstwa w USA i Kanadzie. Obecnie Yokohama produkuje szereg opon gumowych, a tak\u017ce r\u00f3\u017cnej ma\u015bci wyrob\u00f3w z gumy.<\/p>\n<\/div>\n<\/div>\n<\/div>\n<\/div>\n<\/div>\n<\/div>\n<div style=\"clear: both; display: block; margin: 10px 0;\">\n","protected":false},"excerpt":{"rendered":"<p>2x Opony zimowe 255\/35R21 98W XL ADVAN Winter V907 YOKOHAMA<\/p>\n<p>YOKOHAMA ADVAN Winter V907 255\/35R21<\/p>\n<p>Dane podstawowe<\/p>\n<p>Stan: Opony fabrycznie nowe<\/p>\n<p>Producent: YOKOHAMA<\/p>\n<p>Model: ADVAN Winter V907<\/p>\n<p>Klasa opon: Premium<\/p>\n<p>Sezon: Opony zimowe<\/p>\n","protected":false},"featured_media":9968,"template":"","meta":{"_uag_custom_page_level_css":""},"product_brand":[410],"product_cat":[414,413,412,415],"product_tag":[],"class_list":{"0":"post-9967","1":"product","2":"type-product","3":"status-publish","4":"has-post-thumbnail","6":"product_brand-yokohama","7":"product_cat-do-samochodow-osobowych-i-suv","8":"product_cat-opony","9":"product_cat-opony-i-felgi","10":"product_cat-zimowe","12":"first","13":"instock","14":"sale","15":"shipping-taxable","16":"purchasable","17":"product-type-simple"},"uagb_featured_image_src":{"full":["https:\/\/oponixo.shop\/tire\/wp-content\/uploads\/2025\/12\/allegro-image-9967.jpg",2560,2560,false],"thumbnail":["https:\/\/oponixo.shop\/tire\/wp-content\/uploads\/2025\/12\/allegro-image-9967-150x150.jpg",150,150,true],"medium":["https:\/\/oponixo.shop\/tire\/wp-content\/uploads\/2025\/12\/allegro-image-9967-300x300.jpg",300,300,true],"medium_large":["https:\/\/oponixo.shop\/tire\/wp-content\/uploads\/2025\/12\/allegro-image-9967-768x768.jpg",768,768,true],"large":["https:\/\/oponixo.shop\/tire\/wp-content\/uploads\/2025\/12\/allegro-image-9967-1024x1024.jpg",1024,1024,true],"1536x1536":["https:\/\/oponixo.shop\/tire\/wp-content\/uploads\/2025\/12\/allegro-image-9967-1536x1536.jpg",1536,1536,true],"2048x2048":["https:\/\/oponixo.shop\/tire\/wp-content\/uploads\/2025\/12\/allegro-image-9967-2048x2048.jpg",2048,2048,true],"woocommerce_thumbnail":["https:\/\/oponixo.shop\/tire\/wp-content\/uploads\/2025\/12\/allegro-image-9967-300x300.jpg",300,300,true],"woocommerce_single":["https:\/\/oponixo.shop\/tire\/wp-content\/uploads\/2025\/12\/allegro-image-9967-600x600.jpg",600,600,true],"woocommerce_gallery_thumbnail":["https:\/\/oponixo.shop\/tire\/wp-content\/uploads\/2025\/12\/allegro-image-9967-100x100.jpg",100,100,true]},"uagb_author_info":{"display_name":"admin","author_link":"https:\/\/oponixo.shop\/tire\/author\/"},"uagb_comment_info":0,"uagb_excerpt":"2x Opony zimowe 255\/35R21 98W XL ADVAN Winter V907 YOKOHAMA YOKOHAMA ADVAN Winter V907 255\/35R21 Dane podstawowe Stan: Opony fabrycznie nowe Producent: YOKOHAMA Model: ADVAN Winter V907 Klasa opon: Premium Sezon: Opony zimowe","_links":{"self":[{"href":"https:\/\/oponixo.shop\/tire\/wp-json\/wp\/v2\/product\/9967","targetHints":{"allow":["GET"]}}],"collection":[{"href":"https:\/\/oponixo.shop\/tire\/wp-json\/wp\/v2\/product"}],"about":[{"href":"https:\/\/oponixo.shop\/tire\/wp-json\/wp\/v2\/types\/product"}],"wp:featuredmedia":[{"embeddable":true,"href":"https:\/\/oponixo.shop\/tire\/wp-json\/wp\/v2\/media\/9968"}],"wp:attachment":[{"href":"https:\/\/oponixo.shop\/tire\/wp-json\/wp\/v2\/media?parent=9967"}],"wp:term":[{"taxonomy":"product_brand","embeddable":true,"href":"https:\/\/oponixo.shop\/tire\/wp-json\/wp\/v2\/product_brand?post=9967"},{"taxonomy":"product_cat","embeddable":true,"href":"https:\/\/oponixo.shop\/tire\/wp-json\/wp\/v2\/product_cat?post=9967"},{"taxonomy":"product_tag","embeddable":true,"href":"https:\/\/oponixo.shop\/tire\/wp-json\/wp\/v2\/product_tag?post=9967"}],"curies":[{"name":"wp","href":"https:\/\/api.w.org\/{rel}","templated":true}]}}