{"id":9975,"date":"2025-12-25T17:28:53","date_gmt":"2025-12-25T17:28:53","guid":{"rendered":"https:\/\/oponyexpert.shop\/xef5\/produkt\/2x-continental-wintercontact-ts860s-mo1-295-40r22\/"},"modified":"2025-12-25T17:28:53","modified_gmt":"2025-12-25T17:28:53","slug":"2x-continental-wintercontact-ts860s-mo1-295-40r22","status":"publish","type":"product","link":"https:\/\/oponixo.shop\/tire\/produkt\/2x-continental-wintercontact-ts860s-mo1-295-40r22\/","title":{"rendered":"2x Continental WinterContact TS860S MO1 295\/40R22"},"content":{"rendered":"<div style=\"font-family: Arial, sans-serif; line-height: 1.6; color: #333; padding: 20px; clear: both; display: block; width: 100%; float: none; position: static; overflow: hidden;\">\n<div style=\"clear: both; display: block; margin: 10px 0;\">\n<div style=\"clear: both; display: block; margin: 10px 0;\">\n<div style=\"clear: both; display: block; margin: 10px 0;\">\n<h1>Continental WinterContact TS860S MO1 <\/h1>\n<h1>295\/40 R22 112V do 240 km\/h<\/h1>\n<h2>Kod produktu: 4019238295764<\/h2>\n<h2>MO1 &#8211; opony z homologacj\u0105 do aut MERCEDES<\/h2>\n<p style=\"margin: 15px 0; line-height: 1.8; clear: both; display: block; width: 100%; float: none; position: static;\">Opony zimowe Continental WinterContact TS 860S to rozszerzona wersja modelu TS 860. S\u0105 to produkty premium cechuj\u0105ce si\u0119 doskona\u0142ymi osi\u0105gam podczas jazdy w trudnych warunkach zimowych. Zaprojektowane zosta\u0142y z my\u015bl\u0105 o samochodach z du\u017c\u0105 moc\u0105 silnika. Asymetryczny kszta\u0142t  bie\u017cnika gwarantuje znakomit\u0105 przyczepno\u015b\u0107, skr\u00f3con\u0105 drog\u0119 hamowania oraz pe\u0142n\u0105 stabilno\u015b\u0107 prowadzenia, tak\u017ce przy du\u017cych pr\u0119dko\u015bciach. Szerokie rowki i kanaliki sprawnie usuwaj\u0105 wod\u0119 i \u015bnieg spod opony, dzi\u0119ki czemu zjawisko aquaplaningu i po\u015blizgu jest zminimalizowane. Dobrze dobrana mieszanka gumowa zapewnia trwa\u0142o\u015b\u0107 i odporno\u015b\u0107 na niskie temperatury oraz r\u00f3wnomierne zu\u017cycie<\/p>\n<h2>Zakupione na tej aukcji opony mo\u017cesz odebra\u0107 i wymieni\u0107 w jednym z naszych serwis\u00f3w: MOTOHURT MARKI &#8211; MOTOHURT WOLA &#8211; MOTOHURT MOKOT\u00d3W<\/h2>\n<\/div>\n<\/div>\n<div style=\"clear: both; display: block; margin: 10px 0;\">\n<div style=\"clear: both; display: block; margin: 10px 0;\">\n<div  style=\"max-width:750px;max-height:1024px\">\n<div style=\"clear: both; display: block; margin: 10px 0;\">\n<div style=\"clear: both; width: 100%; display: block; margin: 20px 0; padding: 0; float: none; position: static; text-align: center;\"><img decoding=\"async\"  src=\"https:\/\/a.allegroimg.com\/original\/112986\/95730a3740829c53e22086e53861\/2x-Continental-WinterContact-TS860S-MO1-295-40R22\" srcset=\"https:\/\/a.allegroimg.com\/original\/112986\/95730a3740829c53e22086e53861\/2x-Continental-WinterContact-TS860S-MO1-295-40R22 263w,https:\/\/a.allegroimg.com\/original\/112986\/95730a3740829c53e22086e53861\/2x-Continental-WinterContact-TS860S-MO1-295-40R22 527w,https:\/\/a.allegroimg.com\/original\/112986\/95730a3740829c53e22086e53861\/2x-Continental-WinterContact-TS860S-MO1-295-40R22 750w,https:\/\/a.allegroimg.com\/original\/112986\/95730a3740829c53e22086e53861\/2x-Continental-WinterContact-TS860S-MO1-295-40R22 750w\" sizes=\"(min-width: 1200px) 560px, (min-width: 992px) 50vw, 100vw\" width=\"750px\" alt=\"2x Continental WinterContact TS860S MO1 295\/40R22\"\/ style=\"max-width: 100%; height: auto; display: block; margin: 0 auto;\"><\/div>\n<\/div>\n<\/div>\n<\/div>\n<\/div>\n<\/div>\n<div style=\"clear: both; display: block; margin: 10px 0;\">\n<div style=\"clear: both; display: block; margin: 10px 0;\">\n<div style=\"clear: both; display: block; margin: 10px 0;\">\n<div  style=\"max-width:212px;max-height:305px\">\n<div style=\"clear: both; display: block; margin: 10px 0;\">\n<div style=\"clear: both; width: 100%; display: block; margin: 20px 0; padding: 0; float: none; position: static; text-align: center;\"><img decoding=\"async\"  src=\"https:\/\/a.allegroimg.com\/original\/11ceb9\/2d9d4c154616b523f0892bdf5e9f\/2x-Continental-WinterContact-TS860S-MO1-295-40R22-Liczba-opon-w-ofercie-2-szt\" srcset=\"https:\/\/a.allegroimg.com\/original\/11ceb9\/2d9d4c154616b523f0892bdf5e9f\/2x-Continental-WinterContact-TS860S-MO1-295-40R22-Liczba-opon-w-ofercie-2-szt 212w,https:\/\/a.allegroimg.com\/original\/11ceb9\/2d9d4c154616b523f0892bdf5e9f\/2x-Continental-WinterContact-TS860S-MO1-295-40R22-Liczba-opon-w-ofercie-2-szt 212w\" sizes=\"(min-width: 1200px) 560px, (min-width: 992px) 50vw, 100vw\" width=\"212px\" alt=\"2x Continental WinterContact TS860S MO1 295\/40R22 Liczba opon w ofercie 2 szt.\"\/ style=\"max-width: 100%; height: auto; display: block; margin: 0 auto;\"><\/div>\n<\/div>\n<\/div>\n<\/div>\n<\/div>\n<div style=\"clear: both; display: block; margin: 10px 0;\">\n<div style=\"clear: both; display: block; margin: 10px 0;\">\n<h2>Marka: Continental<\/h2>\n<h2>Liczba opon w ofercie: 2<\/h2>\n<h2>Rok produkcji: <\/h2>\n<h2>Szeroko\u015b\u0107 opony: 295 mm<\/h2>\n<h2>Profil opony: 40<\/h2>\n<h2>\u015arednica: 22<\/h2>\n<h2>Indeks no\u015bno\u015bci: 112<\/h2>\n<h2>Indeks pr\u0119dko\u015bci: V do 240 km\/h<\/h2>\n<h2>Op\u00f3r toczenia: Klasa B<\/h2>\n<h2>Przyczepno\u015b\u0107 na mokrej nawierzchni: Klasa C<\/h2>\n<h2>Ha\u0142as zewn\u0119trzny: 75 dB<\/h2>\n<h2>Kod producenta: 3151200000<\/h2>\n<h2>Sezon: Zimowe<\/h2>\n<\/div>\n<\/div>\n<\/div>\n<\/div>\n<\/div>\n<\/div>\n<div style=\"clear: both; display: block; margin: 10px 0;\">\n","protected":false},"excerpt":{"rendered":"<p>Continental WinterContact TS860S MO1<\/p>\n<p>295\/40 R22 112V do 240 km\/h<\/p>\n<p>Kod produktu: 4019238295764<\/p>\n<p>MO1 &#8211; opony z homologacj\u0105 do aut MERCEDES<\/p>\n","protected":false},"featured_media":9976,"template":"","meta":{"_uag_custom_page_level_css":""},"product_brand":[396],"product_cat":[414,413,412,415],"product_tag":[],"class_list":{"0":"post-9975","1":"product","2":"type-product","3":"status-publish","4":"has-post-thumbnail","6":"product_brand-continental","7":"product_cat-do-samochodow-osobowych-i-suv","8":"product_cat-opony","9":"product_cat-opony-i-felgi","10":"product_cat-zimowe","12":"first","13":"instock","14":"sale","15":"shipping-taxable","16":"purchasable","17":"product-type-simple"},"uagb_featured_image_src":{"full":["https:\/\/oponixo.shop\/tire\/wp-content\/uploads\/2025\/12\/allegro-image-9975.jpg",750,1024,false],"thumbnail":["https:\/\/oponixo.shop\/tire\/wp-content\/uploads\/2025\/12\/allegro-image-9975-150x150.jpg",150,150,true],"medium":["https:\/\/oponixo.shop\/tire\/wp-content\/uploads\/2025\/12\/allegro-image-9975-220x300.jpg",220,300,true],"medium_large":["https:\/\/oponixo.shop\/tire\/wp-content\/uploads\/2025\/12\/allegro-image-9975.jpg",750,1024,false],"large":["https:\/\/oponixo.shop\/tire\/wp-content\/uploads\/2025\/12\/allegro-image-9975.jpg",750,1024,false],"1536x1536":["https:\/\/oponixo.shop\/tire\/wp-content\/uploads\/2025\/12\/allegro-image-9975.jpg",750,1024,false],"2048x2048":["https:\/\/oponixo.shop\/tire\/wp-content\/uploads\/2025\/12\/allegro-image-9975.jpg",750,1024,false],"woocommerce_thumbnail":["https:\/\/oponixo.shop\/tire\/wp-content\/uploads\/2025\/12\/allegro-image-9975-300x300.jpg",300,300,true],"woocommerce_single":["https:\/\/oponixo.shop\/tire\/wp-content\/uploads\/2025\/12\/allegro-image-9975-600x819.jpg",600,819,true],"woocommerce_gallery_thumbnail":["https:\/\/oponixo.shop\/tire\/wp-content\/uploads\/2025\/12\/allegro-image-9975-100x100.jpg",100,100,true]},"uagb_author_info":{"display_name":"admin","author_link":"https:\/\/oponixo.shop\/tire\/author\/"},"uagb_comment_info":0,"uagb_excerpt":"Continental WinterContact TS860S MO1 295\/40 R22 112V do 240 km\/h Kod produktu: 4019238295764 MO1 - opony z homologacj\u0105 do aut MERCEDES","_links":{"self":[{"href":"https:\/\/oponixo.shop\/tire\/wp-json\/wp\/v2\/product\/9975","targetHints":{"allow":["GET"]}}],"collection":[{"href":"https:\/\/oponixo.shop\/tire\/wp-json\/wp\/v2\/product"}],"about":[{"href":"https:\/\/oponixo.shop\/tire\/wp-json\/wp\/v2\/types\/product"}],"wp:featuredmedia":[{"embeddable":true,"href":"https:\/\/oponixo.shop\/tire\/wp-json\/wp\/v2\/media\/9976"}],"wp:attachment":[{"href":"https:\/\/oponixo.shop\/tire\/wp-json\/wp\/v2\/media?parent=9975"}],"wp:term":[{"taxonomy":"product_brand","embeddable":true,"href":"https:\/\/oponixo.shop\/tire\/wp-json\/wp\/v2\/product_brand?post=9975"},{"taxonomy":"product_cat","embeddable":true,"href":"https:\/\/oponixo.shop\/tire\/wp-json\/wp\/v2\/product_cat?post=9975"},{"taxonomy":"product_tag","embeddable":true,"href":"https:\/\/oponixo.shop\/tire\/wp-json\/wp\/v2\/product_tag?post=9975"}],"curies":[{"name":"wp","href":"https:\/\/api.w.org\/{rel}","templated":true}]}}