{"id":9979,"date":"2025-12-25T17:28:54","date_gmt":"2025-12-25T17:28:54","guid":{"rendered":"https:\/\/oponyexpert.shop\/xef5\/produkt\/2x-continental-wintercontact-ts850p-ao-285-40r22-1\/"},"modified":"2025-12-25T17:28:54","modified_gmt":"2025-12-25T17:28:54","slug":"2x-continental-wintercontact-ts850p-ao-285-40r22-1","status":"publish","type":"product","link":"https:\/\/oponixo.shop\/tire\/produkt\/2x-continental-wintercontact-ts850p-ao-285-40r22-1\/","title":{"rendered":"2x Continental WinterContact TS850P AO 285\/40R22 1"},"content":{"rendered":"<div style=\"font-family: Arial, sans-serif; line-height: 1.6; color: #333; padding: 20px; clear: both; display: block; width: 100%; float: none; position: static; overflow: hidden;\">\n<div style=\"clear: both; display: block; margin: 10px 0;\">\n<div style=\"clear: both; display: block; margin: 10px 0;\">\n<div style=\"clear: both; display: block; margin: 10px 0;\">\n<h1>Continental WinterContact TS850P AO <\/h1>\n<h1>285\/40 R22 110V do 240 km\/h<\/h1>\n<h2>Kod produktu: 4019238049039<\/h2>\n<p style=\"margin: 15px 0; line-height: 1.8; clear: both; display: block; width: 100%; float: none; position: static;\">Opony zimowe Continental ContiWintCont TS 850 to produkty dla kierowc\u00f3w ceni\u0105cych sobie bezpiecze\u0144stwo i ekonomi\u0119 podczas podr\u00f3\u017cy.  Doskona\u0142e w\u0142a\u015bciwo\u015bci w zimowych warunkach i na ka\u017cdej nawierzchni  to zas\u0142uga kierunkowego bie\u017cnika, kt\u00f3ry pozwala na skr\u00f3cenie drogi hamowania, wi\u0119kszej stabilno\u015bci i precyzji prowadzenia oraz du\u017cego komfortu jazdy. Odpowiednia konstrukcja opony i jej nowoczesna mieszaka gumowa pozwoli\u0142y na zmniejszenie opor\u00f3w toczenia oraz powolne i r\u00f3wnomierne zu\u017cycie<\/p>\n<h2>Zakupione na tej aukcji opony mo\u017cesz odebra\u0107 i wymieni\u0107 w jednym z naszych serwis\u00f3w: MOTOHURT MARKI &#8211; MOTOHURT WOLA &#8211; MOTOHURT MOKOT\u00d3W<\/h2>\n<\/div>\n<\/div>\n<div style=\"clear: both; display: block; margin: 10px 0;\">\n<div style=\"clear: both; display: block; margin: 10px 0;\">\n<div  style=\"max-width:750px;max-height:1024px\">\n<div style=\"clear: both; display: block; margin: 10px 0;\">\n<div style=\"clear: both; width: 100%; display: block; margin: 20px 0; padding: 0; float: none; position: static; text-align: center;\"><img decoding=\"async\"  src=\"https:\/\/a.allegroimg.com\/original\/112efd\/d57c615a4a33b0e3fd1a26fa78c2\/2x-Continental-WinterContact-TS850P-AO-285-40R22-1\" srcset=\"https:\/\/a.allegroimg.com\/original\/112efd\/d57c615a4a33b0e3fd1a26fa78c2\/2x-Continental-WinterContact-TS850P-AO-285-40R22-1 263w,https:\/\/a.allegroimg.com\/original\/112efd\/d57c615a4a33b0e3fd1a26fa78c2\/2x-Continental-WinterContact-TS850P-AO-285-40R22-1 527w,https:\/\/a.allegroimg.com\/original\/112efd\/d57c615a4a33b0e3fd1a26fa78c2\/2x-Continental-WinterContact-TS850P-AO-285-40R22-1 750w,https:\/\/a.allegroimg.com\/original\/112efd\/d57c615a4a33b0e3fd1a26fa78c2\/2x-Continental-WinterContact-TS850P-AO-285-40R22-1 750w\" sizes=\"(min-width: 1200px) 560px, (min-width: 992px) 50vw, 100vw\" width=\"750px\" alt=\"2x Continental WinterContact TS850P AO 285\/40R22 1\"\/ style=\"max-width: 100%; height: auto; display: block; margin: 0 auto;\"><\/div>\n<\/div>\n<\/div>\n<\/div>\n<\/div>\n<\/div>\n<div style=\"clear: both; display: block; margin: 10px 0;\">\n<div style=\"clear: both; display: block; margin: 10px 0;\">\n<div style=\"clear: both; display: block; margin: 10px 0;\">\n<div  style=\"max-width:212px;max-height:305px\">\n<div style=\"clear: both; display: block; margin: 10px 0;\">\n<div style=\"clear: both; width: 100%; display: block; margin: 20px 0; padding: 0; float: none; position: static; text-align: center;\"><img decoding=\"async\"  src=\"https:\/\/a.allegroimg.com\/original\/1142d6\/fa38d305431c950fc01deb9c16e4\/2x-Continental-WinterContact-TS850P-AO-285-40R22-1-Liczba-opon-w-ofercie-2-szt\" srcset=\"https:\/\/a.allegroimg.com\/original\/1142d6\/fa38d305431c950fc01deb9c16e4\/2x-Continental-WinterContact-TS850P-AO-285-40R22-1-Liczba-opon-w-ofercie-2-szt 212w,https:\/\/a.allegroimg.com\/original\/1142d6\/fa38d305431c950fc01deb9c16e4\/2x-Continental-WinterContact-TS850P-AO-285-40R22-1-Liczba-opon-w-ofercie-2-szt 212w\" sizes=\"(min-width: 1200px) 560px, (min-width: 992px) 50vw, 100vw\" width=\"212px\" alt=\"2x Continental WinterContact TS850P AO 285\/40R22 1 Liczba opon w ofercie 2 szt.\"\/ style=\"max-width: 100%; height: auto; display: block; margin: 0 auto;\"><\/div>\n<\/div>\n<\/div>\n<\/div>\n<\/div>\n<div style=\"clear: both; display: block; margin: 10px 0;\">\n<div style=\"clear: both; display: block; margin: 10px 0;\">\n<h2>Marka: Continental<\/h2>\n<h2>Liczba opon w ofercie: 2<\/h2>\n<h2>Rok produkcji: <\/h2>\n<h2>Szeroko\u015b\u0107 opony: 285 mm<\/h2>\n<h2>Profil opony: 40<\/h2>\n<h2>\u015arednica: 22<\/h2>\n<h2>Indeks no\u015bno\u015bci: 110<\/h2>\n<h2>Indeks pr\u0119dko\u015bci: V do 240 km\/h<\/h2>\n<h2>Op\u00f3r toczenia: Klasa B<\/h2>\n<h2>Przyczepno\u015b\u0107 na mokrej nawierzchni: Klasa B<\/h2>\n<h2>Ha\u0142as zewn\u0119trzny: 75 dB<\/h2>\n<h2>Kod producenta: 03555940000<\/h2>\n<h2>Sezon: Zimowe<\/h2>\n<\/div>\n<\/div>\n<\/div>\n<\/div>\n<\/div>\n<\/div>\n<div style=\"clear: both; display: block; margin: 10px 0;\">\n","protected":false},"excerpt":{"rendered":"<p>Continental WinterContact TS850P AO<\/p>\n<p>285\/40 R22 110V do 240 km\/h<\/p>\n<p>Kod produktu: 4019238049039<\/p>\n<p>Opony zimowe Continental ContiWintCont TS 850 to produkty dla kierowc\u00f3w ceni\u0105cych sobie bezpiecze\u0144stwo i ekonomi\u0119 podczas podr\u00f3\u017cy. Doskona\u0142e w\u0142a\u015bciwo\u015bci w zimowych warunkach i na ka\u017cdej nawierzchni to zas\u0142uga kierunkowego bie\u017cnika, kt\u00f3ry pozwala na skr\u00f3cenie drogi hamowania, wi\u0119kszej stabilno\u015bci i precyzji prowadzenia oraz du\u017cego komfortu jazdy. Odpowiednia konstrukcja opony i jej nowoczesna mieszaka gumowa pozwoli\u0142y na zmniejszenie opor\u00f3w toczenia oraz powolne i r\u00f3wnomierne zu\u017cycie<\/p>\n","protected":false},"featured_media":9980,"template":"","meta":{"_uag_custom_page_level_css":""},"product_brand":[396],"product_cat":[414,413,412,415],"product_tag":[],"class_list":{"0":"post-9979","1":"product","2":"type-product","3":"status-publish","4":"has-post-thumbnail","6":"product_brand-continental","7":"product_cat-do-samochodow-osobowych-i-suv","8":"product_cat-opony","9":"product_cat-opony-i-felgi","10":"product_cat-zimowe","12":"first","13":"instock","14":"sale","15":"shipping-taxable","16":"purchasable","17":"product-type-simple"},"uagb_featured_image_src":{"full":["https:\/\/oponixo.shop\/tire\/wp-content\/uploads\/2025\/12\/allegro-image-9979.jpg",750,1024,false],"thumbnail":["https:\/\/oponixo.shop\/tire\/wp-content\/uploads\/2025\/12\/allegro-image-9979-150x150.jpg",150,150,true],"medium":["https:\/\/oponixo.shop\/tire\/wp-content\/uploads\/2025\/12\/allegro-image-9979-220x300.jpg",220,300,true],"medium_large":["https:\/\/oponixo.shop\/tire\/wp-content\/uploads\/2025\/12\/allegro-image-9979.jpg",750,1024,false],"large":["https:\/\/oponixo.shop\/tire\/wp-content\/uploads\/2025\/12\/allegro-image-9979.jpg",750,1024,false],"1536x1536":["https:\/\/oponixo.shop\/tire\/wp-content\/uploads\/2025\/12\/allegro-image-9979.jpg",750,1024,false],"2048x2048":["https:\/\/oponixo.shop\/tire\/wp-content\/uploads\/2025\/12\/allegro-image-9979.jpg",750,1024,false],"woocommerce_thumbnail":["https:\/\/oponixo.shop\/tire\/wp-content\/uploads\/2025\/12\/allegro-image-9979-300x300.jpg",300,300,true],"woocommerce_single":["https:\/\/oponixo.shop\/tire\/wp-content\/uploads\/2025\/12\/allegro-image-9979-600x819.jpg",600,819,true],"woocommerce_gallery_thumbnail":["https:\/\/oponixo.shop\/tire\/wp-content\/uploads\/2025\/12\/allegro-image-9979-100x100.jpg",100,100,true]},"uagb_author_info":{"display_name":"admin","author_link":"https:\/\/oponixo.shop\/tire\/author\/"},"uagb_comment_info":0,"uagb_excerpt":"Continental WinterContact TS850P AO 285\/40 R22 110V do 240 km\/h Kod produktu: 4019238049039 Opony zimowe Continental ContiWintCont TS 850 to produkty dla kierowc\u00f3w ceni\u0105cych sobie bezpiecze\u0144stwo i ekonomi\u0119 podczas podr\u00f3\u017cy. Doskona\u0142e w\u0142a\u015bciwo\u015bci w zimowych warunkach i na ka\u017cdej nawierzchni to zas\u0142uga kierunkowego bie\u017cnika, kt\u00f3ry pozwala na skr\u00f3cenie drogi hamowania, wi\u0119kszej stabilno\u015bci i precyzji prowadzenia oraz&hellip;","_links":{"self":[{"href":"https:\/\/oponixo.shop\/tire\/wp-json\/wp\/v2\/product\/9979","targetHints":{"allow":["GET"]}}],"collection":[{"href":"https:\/\/oponixo.shop\/tire\/wp-json\/wp\/v2\/product"}],"about":[{"href":"https:\/\/oponixo.shop\/tire\/wp-json\/wp\/v2\/types\/product"}],"wp:featuredmedia":[{"embeddable":true,"href":"https:\/\/oponixo.shop\/tire\/wp-json\/wp\/v2\/media\/9980"}],"wp:attachment":[{"href":"https:\/\/oponixo.shop\/tire\/wp-json\/wp\/v2\/media?parent=9979"}],"wp:term":[{"taxonomy":"product_brand","embeddable":true,"href":"https:\/\/oponixo.shop\/tire\/wp-json\/wp\/v2\/product_brand?post=9979"},{"taxonomy":"product_cat","embeddable":true,"href":"https:\/\/oponixo.shop\/tire\/wp-json\/wp\/v2\/product_cat?post=9979"},{"taxonomy":"product_tag","embeddable":true,"href":"https:\/\/oponixo.shop\/tire\/wp-json\/wp\/v2\/product_tag?post=9979"}],"curies":[{"name":"wp","href":"https:\/\/api.w.org\/{rel}","templated":true}]}}