{"id":9997,"date":"2025-12-25T17:28:59","date_gmt":"2025-12-25T17:28:59","guid":{"rendered":"https:\/\/oponyexpert.shop\/xef5\/produkt\/2x-continental-wintercontact-ts-860-s-285-35r22-10\/"},"modified":"2025-12-25T17:28:59","modified_gmt":"2025-12-25T17:28:59","slug":"2x-continental-wintercontact-ts-860-s-285-35r22-10","status":"publish","type":"product","link":"https:\/\/oponixo.shop\/tire\/produkt\/2x-continental-wintercontact-ts-860-s-285-35r22-10\/","title":{"rendered":"2x Continental WinterContact TS 860 S 285\/35R22 10"},"content":{"rendered":"<div style=\"font-family: Arial, sans-serif; line-height: 1.6; color: #333; padding: 20px; clear: both; display: block; width: 100%; float: none; position: static; overflow: hidden;\">\n<div style=\"clear: both; display: block; margin: 10px 0;\">\n<div style=\"clear: both; display: block; margin: 10px 0;\">\n<div style=\"clear: both; display: block; margin: 10px 0;\">\n<h1>2x nowe opony zimowe CONTINENTAL WINTERCONTACT TS 860 S 285\/35R22 106W<\/h1>\n<p style=\"margin: 15px 0; line-height: 1.8; clear: both; display: block; width: 100%; float: none; position: static;\">Cechy produktu<\/p>\n<ul style=\"margin: 15px 0; padding-left: 20px; clear: both; display: block; width: 100%; float: none; position: static;\">\n<li style=\"margin: 5px 0; padding: 2px 0; clear: both; display: list-item; float: none; position: static;\">Marka: Continental<\/li>\n<li style=\"margin: 5px 0; padding: 2px 0; clear: both; display: list-item; float: none; position: static;\">Model: WinterContact TS 860 S<\/li>\n<li style=\"margin: 5px 0; padding: 2px 0; clear: both; display: list-item; float: none; position: static;\">Szeroko\u015b\u0107\/profil\/\u015brednica: 285\/35R22<\/li>\n<li style=\"margin: 5px 0; padding: 2px 0; clear: both; display: list-item; float: none; position: static;\">Indeks no\u015bno\u015bci: do 106 (950 kg na opon\u0119)<\/li>\n<li style=\"margin: 5px 0; padding: 2px 0; clear: both; display: list-item; float: none; position: static;\">Indeks pr\u0119dko\u015bci: W (do 270 km\/h)<\/li>\n<li style=\"margin: 5px 0; padding: 2px 0; clear: both; display: list-item; float: none; position: static;\">Sezon: zimowe<\/li>\n<li style=\"margin: 5px 0; padding: 2px 0; clear: both; display: list-item; float: none; position: static;\">Typ pojazdu: osobowy<\/li>\n<li style=\"margin: 5px 0; padding: 2px 0; clear: both; display: list-item; float: none; position: static;\">Klasa energetyczna: C<\/li>\n<li style=\"margin: 5px 0; padding: 2px 0; clear: both; display: list-item; float: none; position: static;\">Klasa przyczepno\u015bci: B<\/li>\n<li style=\"margin: 5px 0; padding: 2px 0; clear: both; display: list-item; float: none; position: static;\">Poziom ha\u0142asu: 75<\/li>\n<li style=\"margin: 5px 0; padding: 2px 0; clear: both; display: list-item; float: none; position: static;\">Klasa ha\u0142asu: B<\/li>\n<li style=\"margin: 5px 0; padding: 2px 0; clear: both; display: list-item; float: none; position: static;\">Rok produkcji: 2024\/2025<\/li>\n<li style=\"margin: 5px 0; padding: 2px 0; clear: both; display: list-item; float: none; position: static;\">Oznaczenia_dodatkowe: XL<\/li>\n<\/ul>\n<\/div>\n<\/div>\n<div style=\"clear: both; display: block; margin: 10px 0;\">\n<div style=\"clear: both; display: block; margin: 10px 0;\">\n<div  style=\"max-width:588px;max-height:800px\">\n<div style=\"clear: both; display: block; margin: 10px 0;\">\n<div style=\"clear: both; width: 100%; display: block; margin: 20px 0; padding: 0; float: none; position: static; text-align: center;\"><img decoding=\"async\"  src=\"https:\/\/a.allegroimg.com\/original\/116186\/da88d86e40289992969ab9379cc6\/2x-Continental-WinterContact-TS-860-S-285-35R22-10\" srcset=\"https:\/\/a.allegroimg.com\/original\/116186\/da88d86e40289992969ab9379cc6\/2x-Continental-WinterContact-TS-860-S-285-35R22-10 264w,https:\/\/a.allegroimg.com\/original\/116186\/da88d86e40289992969ab9379cc6\/2x-Continental-WinterContact-TS-860-S-285-35R22-10 529w,https:\/\/a.allegroimg.com\/original\/116186\/da88d86e40289992969ab9379cc6\/2x-Continental-WinterContact-TS-860-S-285-35R22-10 588w,https:\/\/a.allegroimg.com\/original\/116186\/da88d86e40289992969ab9379cc6\/2x-Continental-WinterContact-TS-860-S-285-35R22-10 588w\" sizes=\"(min-width: 1200px) 560px, (min-width: 992px) 50vw, 100vw\" width=\"588px\" alt=\"2x Continental WinterContact TS 860 S 285\/35R22 10\"\/ style=\"max-width: 100%; height: auto; display: block; margin: 0 auto;\"><\/div>\n<\/div>\n<\/div>\n<\/div>\n<\/div>\n<\/div>\n<div style=\"clear: both; display: block; margin: 10px 0;\">\n<div style=\"clear: both; display: block; margin: 10px 0;\">\n<div style=\"clear: both; display: block; margin: 10px 0;\">\n<div  style=\"max-width:212px;max-height:305px\">\n<div style=\"clear: both; display: block; margin: 10px 0;\">\n<div style=\"clear: both; width: 100%; display: block; margin: 20px 0; padding: 0; float: none; position: static; text-align: center;\"><img decoding=\"async\"  src=\"https:\/\/a.allegroimg.com\/original\/11abfe\/40988d6d4d3ba0fdea25e28bbb53\/2x-Continental-WinterContact-TS-860-S-285-35R22-10-Liczba-opon-w-ofercie-2-szt\" srcset=\"https:\/\/a.allegroimg.com\/original\/11abfe\/40988d6d4d3ba0fdea25e28bbb53\/2x-Continental-WinterContact-TS-860-S-285-35R22-10-Liczba-opon-w-ofercie-2-szt 212w,https:\/\/a.allegroimg.com\/original\/11abfe\/40988d6d4d3ba0fdea25e28bbb53\/2x-Continental-WinterContact-TS-860-S-285-35R22-10-Liczba-opon-w-ofercie-2-szt 212w\" sizes=\"(min-width: 1200px) 560px, (min-width: 992px) 50vw, 100vw\" width=\"212px\" alt=\"2x Continental WinterContact TS 860 S 285\/35R22 10 Liczba opon w ofercie 2 szt.\"\/ style=\"max-width: 100%; height: auto; display: block; margin: 0 auto;\"><\/div>\n<\/div>\n<\/div>\n<\/div>\n<\/div>\n<div style=\"clear: both; display: block; margin: 10px 0;\">\n<div style=\"clear: both; display: block; margin: 10px 0;\">\n<div  style=\"max-width:2000px;max-height:614px\">\n<div style=\"clear: both; display: block; margin: 10px 0;\">\n<div style=\"clear: both; width: 100%; display: block; margin: 20px 0; padding: 0; float: none; position: static; text-align: center;\"><img decoding=\"async\"  src=\"https:\/\/a.allegroimg.com\/original\/114156\/7bf2b70c45c3806a612fce82f4fb\/2x-Continental-WinterContact-TS-860-S-285-35R22-10-Marka-Continental\" srcset=\"https:\/\/a.allegroimg.com\/original\/114156\/7bf2b70c45c3806a612fce82f4fb\/2x-Continental-WinterContact-TS-860-S-285-35R22-10-Marka-Continental 360w,https:\/\/a.allegroimg.com\/original\/114156\/7bf2b70c45c3806a612fce82f4fb\/2x-Continental-WinterContact-TS-860-S-285-35R22-10-Marka-Continental 720w,https:\/\/a.allegroimg.com\/original\/114156\/7bf2b70c45c3806a612fce82f4fb\/2x-Continental-WinterContact-TS-860-S-285-35R22-10-Marka-Continental 1024w,https:\/\/a.allegroimg.com\/original\/114156\/7bf2b70c45c3806a612fce82f4fb\/2x-Continental-WinterContact-TS-860-S-285-35R22-10-Marka-Continental 1440w,https:\/\/a.allegroimg.com\/original\/114156\/7bf2b70c45c3806a612fce82f4fb\/2x-Continental-WinterContact-TS-860-S-285-35R22-10-Marka-Continental 2000w\" sizes=\"(min-width: 1200px) 560px, (min-width: 992px) 50vw, 100vw\" width=\"2000px\" alt=\"2x Continental WinterContact TS 860 S 285\/35R22 10 Marka Continental\"\/ style=\"max-width: 100%; height: auto; display: block; margin: 0 auto;\"><\/div>\n<\/div>\n<\/div>\n<\/div>\n<\/div>\n<\/div>\n<div style=\"clear: both; display: block; margin: 10px 0;\">\n<div style=\"clear: both; display: block; margin: 10px 0;\">\n<div style=\"clear: both; display: block; margin: 10px 0;\">\n<p style=\"margin: 15px 0; line-height: 1.8; clear: both; display: block; width: 100%; float: none; position: static;\">Firma Continental powsta\u0142a w Hanowerze (Niemcy) w 1871 roku. Obecnie to jeden z najwi\u0119kszych na \u015bwiecie dostawc\u00f3w dla bran\u017cy motoryzacyjnej. Opony Continental to produkt najwy\u017cszej jako\u015bci zaliczany do klasy premium. Niemiecki koncern dostarcza opony na oryginalne wyposa\u017cenie do \u015bwiatowych lider\u00f3w bran\u017cy samochodowej &#8211; m. in. BMW, Ford, General Motors, czy Porsche. Continental to nie tylko marka w\u0142asna opon, ale tak\u017ce: Uniroyal, Viking, Barum, Semperit, General, czy Matador<\/p>\n<p style=\"margin: 15px 0; line-height: 1.8; clear: both; display: block; width: 100%; float: none; position: static;\">Opony Continental to bezpiecze\u0144stwo i niezawodno\u015b\u0107 w ka\u017cdych warunkach pogodowych. Komfort jazdy w po\u0142\u0105czeniu z wysokimi osi\u0105gami opon niemieckiego producenta usatysfakcjonuj\u0105 najbardziej wymagaj\u0105cych kierowc\u00f3w<\/p>\n<\/div>\n<\/div>\n<\/div>\n<\/div>\n<\/div>\n<\/div>\n<div style=\"clear: both; display: block; margin: 10px 0;\">\n","protected":false},"excerpt":{"rendered":"<p>2x nowe opony zimowe CONTINENTAL WINTERCONTACT TS 860 S 285\/35R22 106W<\/p>\n<p>Cechy produktu<\/p>\n<p>Marka: Continental<\/p>\n<p>Model: WinterContact TS 860 S<\/p>\n<p>Szeroko\u015b\u0107\/profil\/\u015brednica: 285\/35R22<\/p>\n<p>Indeks no\u015bno\u015bci: do 106 (950 kg na opon\u0119)<\/p>\n<p>Indeks pr\u0119dko\u015bci: W (do 270 km\/h)<\/p>\n<p>Sezon: zimowe<\/p>\n","protected":false},"featured_media":9998,"template":"","meta":{"_uag_custom_page_level_css":""},"product_brand":[396],"product_cat":[428,413,412,415],"product_tag":[],"class_list":{"0":"post-9997","1":"product","2":"type-product","3":"status-publish","4":"has-post-thumbnail","6":"product_brand-continental","7":"product_cat-do-samochodow-terenowych-i-4x4","8":"product_cat-opony","9":"product_cat-opony-i-felgi","10":"product_cat-zimowe","12":"first","13":"instock","14":"sale","15":"shipping-taxable","16":"purchasable","17":"product-type-simple"},"uagb_featured_image_src":{"full":["https:\/\/oponixo.shop\/tire\/wp-content\/uploads\/2025\/12\/allegro-image-9997.jpg",588,800,false],"thumbnail":["https:\/\/oponixo.shop\/tire\/wp-content\/uploads\/2025\/12\/allegro-image-9997-150x150.jpg",150,150,true],"medium":["https:\/\/oponixo.shop\/tire\/wp-content\/uploads\/2025\/12\/allegro-image-9997-221x300.jpg",221,300,true],"medium_large":["https:\/\/oponixo.shop\/tire\/wp-content\/uploads\/2025\/12\/allegro-image-9997.jpg",588,800,false],"large":["https:\/\/oponixo.shop\/tire\/wp-content\/uploads\/2025\/12\/allegro-image-9997.jpg",588,800,false],"1536x1536":["https:\/\/oponixo.shop\/tire\/wp-content\/uploads\/2025\/12\/allegro-image-9997.jpg",588,800,false],"2048x2048":["https:\/\/oponixo.shop\/tire\/wp-content\/uploads\/2025\/12\/allegro-image-9997.jpg",588,800,false],"woocommerce_thumbnail":["https:\/\/oponixo.shop\/tire\/wp-content\/uploads\/2025\/12\/allegro-image-9997-300x300.jpg",300,300,true],"woocommerce_single":["https:\/\/oponixo.shop\/tire\/wp-content\/uploads\/2025\/12\/allegro-image-9997.jpg",588,800,false],"woocommerce_gallery_thumbnail":["https:\/\/oponixo.shop\/tire\/wp-content\/uploads\/2025\/12\/allegro-image-9997-100x100.jpg",100,100,true]},"uagb_author_info":{"display_name":"admin","author_link":"https:\/\/oponixo.shop\/tire\/author\/"},"uagb_comment_info":0,"uagb_excerpt":"2x nowe opony zimowe CONTINENTAL WINTERCONTACT TS 860 S 285\/35R22 106W Cechy produktu Marka: Continental Model: WinterContact TS 860 S Szeroko\u015b\u0107\/profil\/\u015brednica: 285\/35R22 Indeks no\u015bno\u015bci: do 106 (950 kg na opon\u0119) Indeks pr\u0119dko\u015bci: W (do 270 km\/h) Sezon: zimowe","_links":{"self":[{"href":"https:\/\/oponixo.shop\/tire\/wp-json\/wp\/v2\/product\/9997","targetHints":{"allow":["GET"]}}],"collection":[{"href":"https:\/\/oponixo.shop\/tire\/wp-json\/wp\/v2\/product"}],"about":[{"href":"https:\/\/oponixo.shop\/tire\/wp-json\/wp\/v2\/types\/product"}],"wp:featuredmedia":[{"embeddable":true,"href":"https:\/\/oponixo.shop\/tire\/wp-json\/wp\/v2\/media\/9998"}],"wp:attachment":[{"href":"https:\/\/oponixo.shop\/tire\/wp-json\/wp\/v2\/media?parent=9997"}],"wp:term":[{"taxonomy":"product_brand","embeddable":true,"href":"https:\/\/oponixo.shop\/tire\/wp-json\/wp\/v2\/product_brand?post=9997"},{"taxonomy":"product_cat","embeddable":true,"href":"https:\/\/oponixo.shop\/tire\/wp-json\/wp\/v2\/product_cat?post=9997"},{"taxonomy":"product_tag","embeddable":true,"href":"https:\/\/oponixo.shop\/tire\/wp-json\/wp\/v2\/product_tag?post=9997"}],"curies":[{"name":"wp","href":"https:\/\/api.w.org\/{rel}","templated":true}]}}