{"id":9999,"date":"2025-12-25T17:28:59","date_gmt":"2025-12-25T17:28:59","guid":{"rendered":"https:\/\/oponyexpert.shop\/xef5\/produkt\/2x-opony-letnie-275-40-r22-continental-premiumcontact-6-xl-ssr-107y-40r22\/"},"modified":"2025-12-25T17:29:00","modified_gmt":"2025-12-25T17:29:00","slug":"2x-opony-letnie-275-40-r22-continental-premiumcontact-6-xl-ssr-107y-40r22","status":"publish","type":"product","link":"https:\/\/oponixo.shop\/tire\/produkt\/2x-opony-letnie-275-40-r22-continental-premiumcontact-6-xl-ssr-107y-40r22\/","title":{"rendered":"2x Opony letnie 275 40 R22 Continental Premiumcontact 6 xl ssr * 107Y 40R22"},"content":{"rendered":"<div style=\"font-family: Arial, sans-serif; line-height: 1.6; color: #333; padding: 20px; clear: both; display: block; width: 100%; float: none; position: static; overflow: hidden;\">\n<div style=\"clear: both; display: block; margin: 10px 0;\">\n<div style=\"clear: both; display: block; margin: 10px 0;\">\n<div style=\"clear: both; display: block; margin: 10px 0;\">\n<h1>2x Opony letnie 275 40 R22 Continental Premiumcontact 6 xl ssr * 107Y 40R22<\/h1>\n<h2>Specyfikacja produktu:<\/h2>\n<ul style=\"margin: 15px 0; padding-left: 20px; clear: both; display: block; width: 100%; float: none; position: static;\">\n<li style=\"margin: 5px 0; padding: 2px 0; clear: both; display: list-item; float: none; position: static;\">Rozmiar: <b>275\/40R22<\/b><\/li>\n<li style=\"margin: 5px 0; padding: 2px 0; clear: both; display: list-item; float: none; position: static;\">Sezon: <b>LATO<\/b><\/li>\n<li style=\"margin: 5px 0; padding: 2px 0; clear: both; display: list-item; float: none; position: static;\">Model: <b>PremiumContact 6 XL SSR *<\/b><\/li>\n<li style=\"margin: 5px 0; padding: 2px 0; clear: both; display: list-item; float: none; position: static;\">Homologacje: <b>* &#8211; BMW<\/b><\/li>\n<li style=\"margin: 5px 0; padding: 2px 0; clear: both; display: list-item; float: none; position: static;\">No\u015bno\u015b\u0107: <b>107<\/b><\/li>\n<li style=\"margin: 5px 0; padding: 2px 0; clear: both; display: list-item; float: none; position: static;\">Szeroko\u015b\u0107: <b>275<\/b><\/li>\n<li style=\"margin: 5px 0; padding: 2px 0; clear: both; display: list-item; float: none; position: static;\">Profil: <b>40<\/b><\/li>\n<li style=\"margin: 5px 0; padding: 2px 0; clear: both; display: list-item; float: none; position: static;\">Poziom ha\u0142asu dB: <b>73<\/b><\/li>\n<li style=\"margin: 5px 0; padding: 2px 0; clear: both; display: list-item; float: none; position: static;\">Op\u00f3r toczenia: <b>B<\/b><\/li>\n<li style=\"margin: 5px 0; padding: 2px 0; clear: both; display: list-item; float: none; position: static;\">Przyczepno\u015b\u0107 na mokrym: <b>B<\/b><\/li>\n<li style=\"margin: 5px 0; padding: 2px 0; clear: both; display: list-item; float: none; position: static;\">Poziom ha\u0142asu: <b>B<\/b><\/li>\n<li style=\"margin: 5px 0; padding: 2px 0; clear: both; display: list-item; float: none; position: static;\">Typ pojazdu: <b>OSOBOWE<\/b><\/li>\n<li style=\"margin: 5px 0; padding: 2px 0; clear: both; display: list-item; float: none; position: static;\">Dodatkowe: <b>Run Flat, Wzmocnienie XL<\/b><\/li>\n<li style=\"margin: 5px 0; padding: 2px 0; clear: both; display: list-item; float: none; position: static;\">Indeks pr\u0119dko\u015bci: <b>Y<\/b><\/li>\n<li style=\"margin: 5px 0; padding: 2px 0; clear: both; display: list-item; float: none; position: static;\">Producent: <b>CONTINENTAL<\/b><\/li>\n<\/ul>\n<h2>Sprzedajemy tylko nowe opony i zawsze pierwszego gatunku!<\/h2>\n<\/div>\n<\/div>\n<\/div>\n<div style=\"clear: both; display: block; margin: 10px 0;\">\n<div style=\"clear: both; display: block; margin: 10px 0;\">\n<div style=\"clear: both; display: block; margin: 10px 0;\">\n<h2>Dlaczego warto kupi\u0107 te opony:<\/h2>\n<ul style=\"margin: 15px 0; padding-left: 20px; clear: both; display: block; width: 100%; float: none; position: static;\">\n<li style=\"margin: 5px 0; padding: 2px 0; clear: both; display: list-item; float: none; position: static;\">Opony PremiumContact 6 XL SSR* Zapewniaj\u0105 p\u0142ynn\u0105 i wygodn\u0105 jazd\u0119, nawet gdy temperatury osi\u0105gaj\u0105 ekstremalne poziomy. Dzieje si\u0119 tak dzi\u0119ki unikalnej mieszance opon i technologii. Opatentowana mieszanka umo\u017cliwia swobodny przep\u0142yw powietrza na ca\u0142ym obwodzie opony, dzi\u0119ki czemu ma ogromn\u0105 przyczepno\u015b\u0107 na mokrej nawierzchni. To samono\u015bna opona o wysokich osi\u0105gach, z unikaln\u0105 konstrukcj\u0105 \u015bciany bocznej, kt\u00f3ra zast\u0119puje ko\u0142o zapasowe w Twoim poje\u017adzie. Continental PremiumContact 6 XL SSR* to wysokiej jako\u015bci mieszanka gumowa poprawiaj\u0105ca osi\u0105gi, kt\u00f3ra zapewnia znacznie lepsz\u0105 przyczepno\u015b\u0107 na mokrej nawierzchni, szczeg\u00f3lnie na \u015bliskich nawierzchniach. Materia\u0142 zapewnia doskona\u0142\u0105 skuteczno\u015b\u0107 hamowania w deszczowych warunkach drogowych bez utraty optymalnej wydajno\u015bci jazdy i hamowania na drodze. Wysoki poziom krzemionki krystalicznej i podstawowych sk\u0142adnik\u00f3w zapewnia optymaln\u0105 skuteczno\u015b\u0107 hamowania. Opona ta posiada podwy\u017cszony indeks no\u015bno\u015bci oraz homologacj\u0119 BMW.<\/li>\n<\/ul>\n<\/div>\n<\/div>\n<\/div>\n<\/div>\n<\/div>\n<\/div>\n<div style=\"clear: both; display: block; margin: 10px 0;\">\n","protected":false},"excerpt":{"rendered":"<p>2x Opony letnie 275 40 R22 Continental Premiumcontact 6 xl ssr * 107Y 40R22<\/p>\n<p>Specyfikacja produktu:<\/p>\n<p>Rozmiar: 275\/40R22<\/p>\n<p>Sezon: LATO<\/p>\n<p>Model: PremiumContact 6 XL SSR *<\/p>\n<p>Homologacje: * &#8211; BMW<\/p>\n<p>No\u015bno\u015b\u0107: 107<\/p>\n<p>Szeroko\u015b\u0107: 275<\/p>\n","protected":false},"featured_media":10000,"template":"","meta":{"_uag_custom_page_level_css":""},"product_brand":[396],"product_cat":[414,418,413,412],"product_tag":[],"class_list":{"0":"post-9999","1":"product","2":"type-product","3":"status-publish","4":"has-post-thumbnail","6":"product_brand-continental","7":"product_cat-do-samochodow-osobowych-i-suv","8":"product_cat-letnie","9":"product_cat-opony","10":"product_cat-opony-i-felgi","12":"first","13":"instock","14":"sale","15":"shipping-taxable","16":"purchasable","17":"product-type-simple"},"uagb_featured_image_src":{"full":["https:\/\/oponixo.shop\/tire\/wp-content\/uploads\/2025\/12\/allegro-image-9999.jpg",800,800,false],"thumbnail":["https:\/\/oponixo.shop\/tire\/wp-content\/uploads\/2025\/12\/allegro-image-9999-150x150.jpg",150,150,true],"medium":["https:\/\/oponixo.shop\/tire\/wp-content\/uploads\/2025\/12\/allegro-image-9999-300x300.jpg",300,300,true],"medium_large":["https:\/\/oponixo.shop\/tire\/wp-content\/uploads\/2025\/12\/allegro-image-9999-768x768.jpg",768,768,true],"large":["https:\/\/oponixo.shop\/tire\/wp-content\/uploads\/2025\/12\/allegro-image-9999.jpg",800,800,false],"1536x1536":["https:\/\/oponixo.shop\/tire\/wp-content\/uploads\/2025\/12\/allegro-image-9999.jpg",800,800,false],"2048x2048":["https:\/\/oponixo.shop\/tire\/wp-content\/uploads\/2025\/12\/allegro-image-9999.jpg",800,800,false],"woocommerce_thumbnail":["https:\/\/oponixo.shop\/tire\/wp-content\/uploads\/2025\/12\/allegro-image-9999-300x300.jpg",300,300,true],"woocommerce_single":["https:\/\/oponixo.shop\/tire\/wp-content\/uploads\/2025\/12\/allegro-image-9999-600x600.jpg",600,600,true],"woocommerce_gallery_thumbnail":["https:\/\/oponixo.shop\/tire\/wp-content\/uploads\/2025\/12\/allegro-image-9999-100x100.jpg",100,100,true]},"uagb_author_info":{"display_name":"admin","author_link":"https:\/\/oponixo.shop\/tire\/author\/"},"uagb_comment_info":0,"uagb_excerpt":"2x Opony letnie 275 40 R22 Continental Premiumcontact 6 xl ssr * 107Y 40R22 Specyfikacja produktu: Rozmiar: 275\/40R22 Sezon: LATO Model: PremiumContact 6 XL SSR * Homologacje: * - BMW No\u015bno\u015b\u0107: 107 Szeroko\u015b\u0107: 275","_links":{"self":[{"href":"https:\/\/oponixo.shop\/tire\/wp-json\/wp\/v2\/product\/9999","targetHints":{"allow":["GET"]}}],"collection":[{"href":"https:\/\/oponixo.shop\/tire\/wp-json\/wp\/v2\/product"}],"about":[{"href":"https:\/\/oponixo.shop\/tire\/wp-json\/wp\/v2\/types\/product"}],"wp:featuredmedia":[{"embeddable":true,"href":"https:\/\/oponixo.shop\/tire\/wp-json\/wp\/v2\/media\/10000"}],"wp:attachment":[{"href":"https:\/\/oponixo.shop\/tire\/wp-json\/wp\/v2\/media?parent=9999"}],"wp:term":[{"taxonomy":"product_brand","embeddable":true,"href":"https:\/\/oponixo.shop\/tire\/wp-json\/wp\/v2\/product_brand?post=9999"},{"taxonomy":"product_cat","embeddable":true,"href":"https:\/\/oponixo.shop\/tire\/wp-json\/wp\/v2\/product_cat?post=9999"},{"taxonomy":"product_tag","embeddable":true,"href":"https:\/\/oponixo.shop\/tire\/wp-json\/wp\/v2\/product_tag?post=9999"}],"curies":[{"name":"wp","href":"https:\/\/api.w.org\/{rel}","templated":true}]}}